{"id":1644,"date":"2017-02-23T09:28:26","date_gmt":"2017-02-23T09:28:26","guid":{"rendered":"http:\/\/moverdb.com\/?page_id=1644"},"modified":"2026-01-08T14:48:02","modified_gmt":"2026-01-08T14:48:02","slug":"conroy-removals","status":"publish","type":"page","link":"https:\/\/moverdb.com\/cs\/conroy-removals\/","title":{"rendered":"Conroy Removals - Mezin\u00e1rodn\u00ed st\u011bhov\u00e1n\u00ed Recenze"},"content":{"rendered":"<p>Spole\u010dnost Conroy Removals nab\u00edz\u00ed sv\u00fdm z\u00e1kazn\u00edk\u016fm \u0161irokou \u0161k\u00e1lu st\u011bhovac\u00edch slu\u017eeb v obou oblastech. <a href=\"https:\/\/moverdb.com\/cs\/moving-to-australia\/living-in-australia\/\" data-internallinksmanager029f6b8e52c=\"240\" title=\"21 tajemstv\u00ed o \u017eivot\u011b v Austr\u00e1lii, kter\u00e1 je t\u0159eba zn\u00e1t p\u0159ed st\u011bhov\u00e1n\u00edm\">Austr\u00e1lie<\/a> a <a href=\"https:\/\/moverdb.com\/cs\/moving-to-new-zealand\/\" data-internallinksmanager029f6b8e52c=\"324\" title=\"St\u011bhujete se na Nov\u00fd Z\u00e9land? 2026 N\u00e1klady na bydlen\u00ed a tipy na p\u0159est\u011bhov\u00e1n\u00ed\">Nov\u00fd Z\u00e9land<\/a>. Jejich seznam je uveden n\u00ed\u017ee spolu s profilem spole\u010dnosti a recenzemi.<\/p>\n<p><strong><a href=\"https:\/\/moverdb.com\/cs\/international-removals\/\" data-internallinksmanager029f6b8e52c=\"27\" title=\"36 nejlep\u0161\u00edch mezin\u00e1rodn\u00edch st\u011bhovac\u00edch spole\u010dnost\u00ed ve Velk\u00e9 Brit\u00e1nii\">Mezin\u00e1rodn\u00ed st\u011bhov\u00e1n\u00ed<\/a><\/strong><\/p>\n<ul>\n<li> Osobn\u00ed st\u011bhov\u00e1n\u00ed koordin\u00e1tor<\/li>\n<li> Od dve\u0159\u00ed ke dve\u0159\u00edm<\/li>\n<li> Kompletn\u00ed balic\u00ed slu\u017eby, \u010d\u00e1ste\u010dn\u00e9 balen\u00ed a balen\u00ed pro kutily<\/li>\n<li> Demont\u00e1\u017e a mont\u00e1\u017e n\u00e1bytku<\/li>\n<li> <a href=\"https:\/\/moverdb.com\/cs\/preprava-aut-a-lodni-doprava\/\">P\u0159eprava automobil\u016f<\/a>, motocykly, \u010dluny a p\u0159\u00edv\u011bsy<\/li>\n<li> N\u00e1mo\u0159n\u00ed p\u0159eprava - <a href=\"https:\/\/moverdb.com\/cs\/kontejnerova-preprava\/\">P\u0159eprava kontejner\u016f FCL\/LCL<\/a><\/li>\n<li> Leteck\u00e1 n\u00e1kladn\u00ed doprava<\/li>\n<li> Dlouhodob\u00e9 a kr\u00e1tkodob\u00e9 skladov\u00e1n\u00ed<\/li>\n<li> K dispozici je kompletn\u00ed vybalovac\u00ed slu\u017eba<\/li>\n<li> Odstra\u0148ov\u00e1n\u00ed trosek<\/li>\n<li> Celn\u00ed odbaven\u00ed a pomoc s pot\u0159ebnou dokumentac\u00ed<\/li>\n<li> Poji\u0161t\u011bn\u00ed organizovan\u00e9<\/li>\n<li> Sm\u011bn\u00e1rensk\u00e9 slu\u017eby<\/li>\n<\/ul>\n<p><strong>Mezist\u00e1tn\u00ed, d\u00e1lkov\u00e9 a m\u00edstn\u00ed p\u0159esuny<\/strong><\/p>\n<ul>\n<li> Specializovan\u00fd odborn\u00edk na st\u011bhov\u00e1n\u00ed<\/li>\n<li> Od dve\u0159\u00ed ke dve\u0159\u00edm<\/li>\n<li> K dispozici jsou r\u016fzn\u00e9 bal\u00ed\u010dky<\/li>\n<li> Kompletn\u00ed balic\u00ed slu\u017eby, balen\u00ed k\u0159ehk\u00fdch p\u0159edm\u011bt\u016f nebo balen\u00ed pro kutily<\/li>\n<li> Demont\u00e1\u017e a op\u011btovn\u00e1 mont\u00e1\u017e n\u00e1bytku<\/li>\n<li> Dlouhodob\u00e9 a kr\u00e1tkodob\u00e9 skladov\u00e1n\u00ed<\/li>\n<li> K dispozici je slu\u017eba vybalov\u00e1n\u00ed<\/li>\n<li> Sjednan\u00e9 poji\u0161t\u011bn\u00ed<\/li>\n<\/ul>\n<p><strong>St\u011bhov\u00e1n\u00ed firem<\/strong><\/p>\n<ul>\n<li> St\u011bhov\u00e1n\u00ed vybaven\u00ed dom\u00e1cnosti<\/li>\n<li> Vyhled\u00e1v\u00e1n\u00ed na domovsk\u00e9 str\u00e1nce<\/li>\n<li> Vyhled\u00e1v\u00e1n\u00ed ve \u0161kole<\/li>\n<li> Orientace<\/li>\n<li> Jazykov\u00e1 p\u0159\u00edprava<\/li>\n<li> Kr\u00e1tkodob\u00e9 ubytov\u00e1n\u00ed<\/li>\n<li> <a href=\"https:\/\/moverdb.com\/cs\/preprava-aut-a-lodni-doprava\/\">Doprava a p\u0159eprava motorov\u00fdch vozidel<\/a><\/li>\n<li> P\u0159eprava dom\u00e1c\u00edch zv\u00ed\u0159at<\/li>\n<li> \u00daklid domu<\/li>\n<li> Vybalov\u00e1n\u00ed s obsluhou<\/li>\n<li> Devizov\u00fd obchod<\/li>\n<\/ul>\n<h2>Conroy Removals Profil spole\u010dnosti<\/h2>\n<p>Spole\u010dnost Conroy Removals of Australia and New Zealand zah\u00e1jila \u010dinnost v roce 1972. M\u00e1 pobo\u010dky po cel\u00e9 Austr\u00e1lii i na Nov\u00e9m Z\u00e9landu a pova\u017euje se za p\u0159edn\u00ed st\u011bhovac\u00ed spole\u010dnost v regionu. Conroy m\u00e1 rozs\u00e1hlou s\u00ed\u0165 n\u00e1rodn\u00edch a mezin\u00e1rodn\u00edch partner\u016f a pobo\u010dek, d\u00edky n\u00ed\u017e m\u00e1 spole\u010dnost p\u0159\u00edstup jen k v\u00edce ne\u017e 350 mezin\u00e1rodn\u00edm partner\u016fm.<\/p>\n<p>Spole\u010dnost se sna\u017e\u00ed sni\u017eovat svou uhl\u00edkovou stopu sni\u017eov\u00e1n\u00edm, op\u011btovn\u00fdm pou\u017e\u00edv\u00e1n\u00edm a recyklac\u00ed. Je tak\u00e9 p\u0159esv\u011bd\u010dena, \u017ee jej\u00ed zam\u011bstnanci jsou dob\u0159e vy\u0161koleni a jsou p\u0159esv\u011bd\u010deni o sv\u00e9 schopnosti poskytovat vynikaj\u00edc\u00ed slu\u017eby ve v\u0161em, co d\u011blaj\u00ed.<\/p>\n<p>Spole\u010dnost Conroy Removals (Austr\u00e1lie a Nov\u00fd Z\u00e9land) m\u00e1 n\u00e1sleduj\u00edc\u00ed akreditace a p\u0159\u00edslu\u0161nost:<\/p>\n<ul>\n<li> <a href=\"https:\/\/moverdb.com\/cs\/iam\/\">Mezin\u00e1rodn\u00ed asociace st\u011bhov\u00e1k\u016f<\/a> (<a href=\"https:\/\/moverdb.com\/cs\/iam\/\" data-internallinksmanager029f6b8e52c=\"23\" title=\"Vysv\u011btlen\u00ed Mezin\u00e1rodn\u00ed asociace st\u011bhov\u00e1k\u016f (IAM)\">IAM<\/a>)<\/li>\n<li> <a href=\"https:\/\/moverdb.com\/cs\/britska-asociace-stehovaku\/\">Britsk\u00e1 asociace st\u011bhov\u00e1k\u016f<\/a> (<a href=\"https:\/\/moverdb.com\/cs\/british-association-of-removers\/\" data-internallinksmanager029f6b8e52c=\"9\" title=\"Vysv\u011btlen\u00ed Britsk\u00e9 asociace st\u011bhov\u00e1k\u016f (BAR)\">BAR<\/a>)<\/li>\n<li> <a href=\"https:\/\/moverdb.com\/cs\/afra\/\">Australsk\u00e1 asociace st\u011bhov\u00e1k\u016f n\u00e1bytku<\/a> (<a href=\"https:\/\/moverdb.com\/cs\/afra\/\" data-internallinksmanager029f6b8e52c=\"7\" title=\"Vysv\u011btlen\u00ed australsk\u00e9 asociace st\u011bhov\u00e1k\u016f n\u00e1bytku (AFRA)\">AFRA<\/a>)<\/li>\n<li> <a href=\"https:\/\/moverdb.com\/cs\/aima\/\">Australsk\u00e1 asociace mezin\u00e1rodn\u00edch st\u011bhov\u00e1k\u016f<\/a> (<a href=\"https:\/\/moverdb.com\/cs\/aima\/\" data-internallinksmanager029f6b8e52c=\"8\" title=\"Vysv\u011btlen\u00ed australsk\u00e9 asociace mezin\u00e1rodn\u00edch st\u011bhov\u00e1k\u016f (AIMA)\">AIMA<\/a>)<\/li>\n<li> Jihoafrick\u00e1 asociace mezin\u00e1rodn\u00edch st\u011bhov\u00e1k\u016f (SAIMA)<\/li>\n<li> Panamerick\u00e1 asociace mezin\u00e1rodn\u00edch st\u011bhov\u00e1k\u016f (PAIMA)<\/li>\n<li> Novoz\u00e9landsk\u00e1 asociace pro zahrani\u010dn\u00ed st\u011bhov\u00e1n\u00ed (NZOMA)<\/li>\n<li> <a href=\"https:\/\/moverdb.com\/cs\/fidi-faim\/\">Glob\u00e1ln\u00ed aliance FIDI<\/a><\/li>\n<\/ul>\n<p>Maj\u00ed australsk\u00e9 pobo\u010dky v:<\/p>\n<ul>\n<li> <a href=\"https:\/\/moverdb.com\/cs\/moving-to-brisbane\/\" data-internallinksmanager029f6b8e52c=\"255\" title=\"St\u011bhujete se do Brisbane? 2026 N\u00e1klady na bydlen\u00ed a tipy na st\u011bhov\u00e1n\u00ed\">Brisbane<\/a><\/li>\n<li> <a href=\"https:\/\/moverdb.com\/cs\/stehovani-do-sydney\/\">Sydney<\/a><\/li>\n<li> Melbourne<\/li>\n<li> Perth<\/li>\n<li> Townsville<\/li>\n<\/ul>\n<p>Kancel\u00e1\u0159e na Nov\u00e9m Z\u00e9landu:<\/p>\n<ul>\n<li> Napier<\/li>\n<li> Auckland<\/li>\n<li> Tauranga<\/li>\n<li> Wellington<\/li>\n<li> Christchurch<\/li>\n<li> Nelson<\/li>\n<\/ul>\n<h2>Conroy Removals Recenze<\/h2>\n<p><strong>Pozitivn\u00ed:<\/strong><\/p>\n<ul>\n<li> <em>\"Balen\u00ed m\u00e9ho domu bylo provedeno skv\u011ble a s velkou p\u00e9\u010d\u00ed o v\u0161echny m\u00e9 v\u011bci ve velmi efektivn\u00edm \u010dasov\u00e9m r\u00e1mci. V\u0161e bylo p\u0159ehledn\u011b katalogizov\u00e1no a vybalov\u00e1n\u00ed bylo snadn\u00e9, v\u0161echny p\u0159edm\u011bty byly snadno lokalizov\u00e1ny a krabice dob\u0159e pojmenov\u00e1ny pro ka\u017edou m\u00edstnost. Ve\u0161ker\u00e9 odpadky byly odvezeny a dokonce mi byly odvezeny i n\u011bkter\u00e9 star\u00e9 krabice, co\u017e mi velmi pomohlo p\u0159i vykl\u00edzen\u00ed pr\u00e1zdn\u00e9ho domu.\"<\/em> - Sv\u011bdectv\u00ed z\u00e1kazn\u00edka <a href=\"https:\/\/www.conroy.co.nz\/customer-reviews\/nz-to-overseas\" target=\"_blank\" rel=\"noopener\">prost\u0159ednictv\u00edm webov\u00fdch str\u00e1nek NZ<\/a><\/li>\n<li> <em>\"V\u00fdborn\u00e1 komunikace p\u0159ed doru\u010den\u00edm a dva mu\u017ei, kte\u0159\u00ed n\u00e1m zbo\u017e\u00ed doru\u010dili, byli zdvo\u0159il\u00ed, p\u0159\u00e1tel\u0161t\u00ed, rychl\u00ed a velmi efektivn\u00ed.\"<\/em> - Hodnocen\u00ed z\u00e1kazn\u00edka prost\u0159ednictv\u00edm <a href=\"https:\/\/www.conroyremovals.com.au\/customer-reviews\/overseas-to-australia\" target=\"_blank\" rel=\"noopener\">Webov\u00e9 str\u00e1nky AU<\/a><\/li>\n<li> <em>\"St\u011bhoval jsem se u\u017e 25kr\u00e1t a tohle byla zdaleka nejlep\u0161\u00ed zku\u0161enost se st\u011bhov\u00e1n\u00edm. D\u011bkuji Conroys!\"<\/em> - Jackie prost\u0159ednictv\u00edm <a href=\"http:\/\/www.productreview.com.au\/p\/conroy-removals.html?rating=5#reviews\" target=\"_blank\" rel=\"noopener\">Recenze produktu<\/a><\/li>\n<li> <em>\"St\u011bhov\u00e1n\u00ed velk\u00fdch p\u0159edm\u011bt\u016f po NZ a do Austr\u00e1lie m\u016f\u017ee b\u00fdt t\u011b\u017ek\u00e9, ale tito lid\u00e9 to opravdu usnadnili.\"<\/em> - Dave prost\u0159ednictv\u00edm <a href=\"https:\/\/yellow.co.nz\/y\/conroy-removals-airpark-drive#detailsRatingsReviews\" target=\"_blank\" rel=\"noopener\">\u017dlut\u00e1<\/a><\/li>\n<\/ul>\n<p><strong>Negativn\u00ed:<\/strong><\/p>\n<ul>\n<li> <em>\"P\u0159es n\u011bkolik telefon\u00e1t\u016f (v\u0161echny \u0161ly do hlasov\u00e9 schr\u00e1nky) a e-mail\u016f jsem dva t\u00fddny mezi proclen\u00edm zbo\u017e\u00ed a telefon\u00e1tem doru\u010dovatel\u016f nic nesly\u0161el.\"<\/em> - Hodnocen\u00ed z\u00e1kazn\u00edka prost\u0159ednictv\u00edm <a href=\"https:\/\/www.conroy.co.nz\/customer-reviews\/overseas-to-nz\" target=\"_blank\" rel=\"noopener\">Webov\u00e9 str\u00e1nky NZ<\/a><\/li>\n<li> <em>\"Zbo\u017e\u00ed bylo procleno p\u0159ed 2 t\u00fddny. Krom\u011b po\u017eadavku na zaplacen\u00ed GST + cla (co\u017e jsem druh\u00fd den ud\u011blal) jsem se nedozv\u011bd\u011bl nic o tom, kdy mi bude zbo\u017e\u00ed doru\u010deno. Nechal jsem hlasovou schr\u00e1nku, e-maily a st\u00e1le nic. Jsem v podstat\u011b sm\u00ed\u0159en\u00e1 s t\u00edm, \u017ee sv\u00e9 zbo\u017e\u00ed u\u017e neuvid\u00edm.\"<\/em> - recenze z\u00e1kazn\u00edka prost\u0159ednictv\u00edm <a href=\"https:\/\/www.conroyremovals.com.au\/customer-reviews\/australia-to-overseas\" target=\"_blank\" rel=\"noopener\">Webov\u00e9 str\u00e1nky AU<\/a><\/li>\n<li> <em>\"Bohu\u017eel jsme p\u0159i st\u011bhov\u00e1n\u00ed nem\u011bli \u0161t\u011bst\u00ed, zbo\u017e\u00ed bylo po\u0161kozeno kv\u016fli \u0161patn\u00e9mu zabalen\u00ed a spole\u010dnost Conroy za to nechce n\u00e9st \u017e\u00e1dnou odpov\u011bdnost.\"<\/em> - Karen prost\u0159ednictv\u00edm <a href=\"https:\/\/www.mymovingreviews.com\/movers\/conroy-removals-1807#58945\" target=\"_blank\" rel=\"noopener\">Moje recenze st\u011bhov\u00e1n\u00ed<\/a><\/li>\n<li> <em>\"Velmi pozd\u011b, byl zklam\u00e1n, ale oni z\u016fstali v kontaktu, tak\u017ee kredit za to. Tak\u00e9 za rozumnou cenu.\"<\/em> - Jon prost\u0159ednictv\u00edm <a href=\"https:\/\/www.nocowboys.co.nz\/businesses\/conroy-removals-\" target=\"_blank\" rel=\"noopener\">NoCowboys<\/a><\/li>\n<\/ul>\n<div itemprop=\"review\" itemscope itemtype=\"http:\/\/schema.org\/Review\">\n<span itemprop=\"author\" itemscope=\"\" itemtype=\"http:\/\/schema.org\/Organization\"><span itemprop=\"name\">MoverDB.com<\/span><\/span> Online recenze webov\u00fdch str\u00e1nek pro <span itemprop=\"itemreviewed\" itemscope=\"\" itemtype=\"http:\/\/schema.org\/Brand\"><span itemprop=\"name\">Conroy Removals<\/span><\/span>:<\/p>\n<ol>\n<li> Jasn\u00e9 kontaktn\u00ed \u00fadaje na webov\u00fdch str\u00e1nk\u00e1ch (v\u010detn\u011b telefonn\u00edho \u010d\u00edsla): <strong>Ano<\/strong><\/li>\n<li> Snadn\u00e9 z\u00edsk\u00e1n\u00ed <a href=\"https:\/\/moverdb.com\/cs\/citaty\/\">mezin\u00e1rodn\u00ed st\u011bhov\u00e1n\u00ed citace<\/a>? (Online formul\u00e1\u0159 \u017e\u00e1dosti o odhad): <strong>Ano<\/strong><\/li>\n<li> Jasn\u00e9 informace na webov\u00fdch str\u00e1nk\u00e1ch: <strong>Ano,<\/strong> na webov\u00fdch str\u00e1nk\u00e1ch je mnoho velmi podrobn\u00fdch informac\u00ed.<\/li>\n<li> \u010clenstv\u00ed v mezin\u00e1rodn\u00edch uzn\u00e1van\u00fdch organizac\u00edch pohybliv\u00fdch aktivit: <strong>Ano<\/strong>, (mnoho, viz v\u00fd\u0161e)<\/li>\n<li> Seznam klient\u016f a\/nebo reference p\u0159edchoz\u00edch z\u00e1kazn\u00edk\u016f: <strong>Ano,<\/strong> Na webov\u00fdch str\u00e1nk\u00e1ch spole\u010dnosti jsou k dispozici kladn\u00e9 i z\u00e1porn\u00e9 reference z\u00e1kazn\u00edk\u016f, kter\u00e9 m\u016f\u017eete t\u0159\u00eddit podle hv\u011bzdi\u010dek a typu pohybu.<\/li>\n<\/ol>\n<div itemprop=\"reviewRating\" itemscope itemtype=\"http:\/\/schema.org\/Rating\"><meta itemprop=\"worstRating\" content = \"0\" \/><meta itemprop=\"bestRating\" content=\"5\" \/><meta itemprop=\"ratingValue\" content=\"5\"><\/div>\n<p><strong>Celkov\u00e9 hodnocen\u00ed: 5\/5<\/strong><br \/>\n<strong>Datum recenze:<\/strong> <span itemprop=\"datePublished\" content=\"2017-02-23\">23\/02\/2017<\/span>\n<\/div>\n<p>P\u0159e\u010dt\u011bte si v\u00edce o <a href=\"https:\/\/moverdb.com\/cs\/stehovani-spolecnosti\/\">mezin\u00e1rodn\u00ed st\u011bhovac\u00ed spole\u010dnosti<\/a> a na\u0161e <a href=\"https:\/\/moverdb.com\/cs\/recenze\/\">proces p\u0159ezkoum\u00e1n\u00ed<\/a>.<\/p>\n<p><strong>Webov\u00e9 str\u00e1nky:<\/strong> AU: <a href=\"https:\/\/www.conroyremovals.com.au\/\" target=\"_blank\" rel=\"noopener\">https:\/\/www.conroyremovals.com.au\/<\/a>, NZ: <a href=\"https:\/\/www.conroy.co.nz\/\" target=\"_blank\" rel=\"noopener\">https:\/\/www.conroy.co.nz\/<\/a><\/p>","protected":false},"excerpt":{"rendered":"<p>Conroy Removals offers its customers a wide variety of removal services in both Australia and New Zealand. These are listed below, together with a company profile and reviews. International Removals Personal moving coordinator Door to door Full service packing, partial packing and DIY packing Dismantling and reassembly of furniture Shipping of cars, motorbikes, boats and [&hellip;]<\/p>\n","protected":false},"author":1,"featured_media":0,"parent":0,"menu_order":0,"comment_status":"closed","ping_status":"closed","template":"","meta":{"_genesis_hide_title":false,"_genesis_hide_breadcrumbs":false,"_genesis_hide_singular_image":false,"_genesis_hide_footer_widgets":false,"_genesis_custom_body_class":"","_genesis_custom_post_class":"","_genesis_layout":"","footnotes":""},"class_list":{"0":"post-1644","1":"page","2":"type-page","3":"status-publish","5":"entry"},"_links":{"self":[{"href":"https:\/\/moverdb.com\/cs\/wp-json\/wp\/v2\/pages\/1644","targetHints":{"allow":["GET"]}}],"collection":[{"href":"https:\/\/moverdb.com\/cs\/wp-json\/wp\/v2\/pages"}],"about":[{"href":"https:\/\/moverdb.com\/cs\/wp-json\/wp\/v2\/types\/page"}],"author":[{"embeddable":true,"href":"https:\/\/moverdb.com\/cs\/wp-json\/wp\/v2\/users\/1"}],"replies":[{"embeddable":true,"href":"https:\/\/moverdb.com\/cs\/wp-json\/wp\/v2\/comments?post=1644"}],"version-history":[{"count":10,"href":"https:\/\/moverdb.com\/cs\/wp-json\/wp\/v2\/pages\/1644\/revisions"}],"predecessor-version":[{"id":6194,"href":"https:\/\/moverdb.com\/cs\/wp-json\/wp\/v2\/pages\/1644\/revisions\/6194"}],"wp:attachment":[{"href":"https:\/\/moverdb.com\/cs\/wp-json\/wp\/v2\/media?parent=1644"}],"curies":[{"name":"wp","href":"https:\/\/api.w.org\/{rel}","templated":true}]}}