{"id":1642,"date":"2017-07-04T10:17:22","date_gmt":"2017-07-04T10:17:22","guid":{"rendered":"http:\/\/moverdb.com\/?page_id=1642"},"modified":"2026-01-08T14:48:07","modified_gmt":"2026-01-08T14:48:07","slug":"stehovani-korun","status":"publish","type":"page","link":"https:\/\/moverdb.com\/cs\/crown-moving\/","title":{"rendered":"Crown Moving Co Inc - Mezin\u00e1rodn\u00ed st\u011bhov\u00e1n\u00ed Recenze"},"content":{"rendered":"<p>Spole\u010dnost Crown Moving Co Inc s\u00eddlila ve <a href=\"https:\/\/moverdb.com\/cs\/stehovani-do-seattlu\/\">Seattle<\/a> a nab\u00eddla sv\u00fdm z\u00e1kazn\u00edk\u016fm \u0159adu slu\u017eeb. Ty jsou uvedeny n\u00ed\u017ee spolu s profilem spole\u010dnosti a recenzemi.<\/p>\n<p><strong>Mezin\u00e1rodn\u00ed p\u0159esuny<\/strong><\/p>\n<p>Slu\u017eby p\u0159ed p\u0159id\u011blen\u00edm<\/p>\n<ul>\n<li> V\u00edzov\u00e9 a imigra\u010dn\u00ed slu\u017eby<\/li>\n<li> N\u00e1hled cesty a orientace v oblasti<\/li>\n<li> Informace o zemi a kultu\u0159e<\/li>\n<\/ul>\n<p>St\u011bhovac\u00ed slu\u017eby<\/p>\n<ul>\n<li> Pl\u00e1nov\u00e1n\u00ed p\u0159ed st\u011bhov\u00e1n\u00edm<\/li>\n<li> P\u0159eprava v\u011bc\u00ed<\/li>\n<li> \u0158\u00edzen\u00ed st\u011bhov\u00e1n\u00ed<\/li>\n<li> Sledov\u00e1n\u00ed z\u00e1silek<\/li>\n<\/ul>\n<p>Mezin\u00e1rodn\u00ed destina\u010dn\u00ed slu\u017eby<\/p>\n<ul>\n<li> Kulturn\u00ed a jazykov\u00e9 vzd\u011bl\u00e1v\u00e1n\u00ed<\/li>\n<li> Pomoc \u0161kol\u00e1m<\/li>\n<li> Podpora partnera\/man\u017eela<\/li>\n<li> Za\u0159azen\u00ed do slu\u017eby<\/li>\n<li> Asistence p\u0159i odjezdu<\/li>\n<\/ul>\n<p>Ochrann\u00e9 slu\u017eby<\/p>\n<ul>\n<li> Hmotnostn\u00ed n\u00e1sobitel<\/li>\n<li> Z\u00e1soby vysok\u00e9 hodnoty<\/li>\n<li> Polo\u017ekov\u011b ocen\u011bn\u00fd invent\u00e1\u0159<\/li>\n<\/ul>\n<p>Pomoc s bydlen\u00edm<\/p>\n<ul>\n<li> Slu\u017eby vyhled\u00e1v\u00e1n\u00ed dom\u016f<\/li>\n<li> Do\u010dasn\u00e9 ubytov\u00e1n\u00ed<\/li>\n<li> Spr\u00e1va nemovitost\u00ed a n\u00e1jm\u016f<\/li>\n<\/ul>\n<p><strong>M\u00edstn\u00ed a d\u00e1lkov\u00e9 p\u0159esuny<\/strong><\/p>\n<ul>\n<li> Mana\u017eer osobn\u00edch p\u0159esun\u016f<\/li>\n<li> Slu\u017eba od dve\u0159\u00ed ke dve\u0159\u00edm<\/li>\n<li> Kompletn\u00ed balic\u00ed slu\u017eby, k\u0159ehk\u00e9 balen\u00ed nebo vlastn\u00ed balen\u00ed<\/li>\n<li> Demont\u00e1\u017e a op\u011btovn\u00e1 mont\u00e1\u017e n\u00e1bytku<\/li>\n<li> Slu\u017eba vybalov\u00e1n\u00ed<\/li>\n<li> Sjednan\u00e9 poji\u0161t\u011bn\u00ed<\/li>\n<li> Kr\u00e1tkodob\u00e9 a dlouhodob\u00e9 skladov\u00e1n\u00ed<\/li>\n<\/ul>\n<p><strong>Kancel\u00e1\u0159sk\u00e9, pr\u016fmyslov\u00e9 a obchodn\u00ed veletrhy<\/strong><\/p>\n<ul>\n<li> Osobn\u00ed poradce pro st\u011bhov\u00e1n\u00ed<\/li>\n<li> P\u0159esn\u00e9 pl\u00e1nov\u00e1n\u00ed<\/li>\n<li> Od dve\u0159\u00ed ke dve\u0159\u00edm<\/li>\n<li> Balen\u00ed<\/li>\n<li> P\u0159esuny po pracovn\u00ed dob\u011b a o v\u00edkendu<\/li>\n<li> Demont\u00e1\u017e a op\u011btovn\u00e1 mont\u00e1\u017e n\u00e1bytku<\/li>\n<li> Rozbalen\u00ed<\/li>\n<li> St\u011bhov\u00e1n\u00ed a instalace IT<\/li>\n<li> Dlouhodob\u00e9 a kr\u00e1tkodob\u00e9 skladov\u00e1n\u00ed<\/li>\n<\/ul>\n<p><strong>\u00dalo\u017ei\u0161t\u011b<\/strong><\/p>\n<ul>\n<li> Dlouhodob\u00e9 a kr\u00e1tkodob\u00e9<\/li>\n<li> Skladov\u00e1n\u00ed z\u00e1znam\u016f s \u0159\u00edzenou teplotou<\/li>\n<li> NEP\u0158ETR\u017dIT\u00dd KAMEROV\u00dd SYST\u00c9M<\/li>\n<li> Po\u017e\u00e1rn\u00ed ochrana<\/li>\n<\/ul>\n<h2>Crown Moving Co Inc Profil spole\u010dnosti<\/h2>\n<p><em><strong>Vezm\u011bte pros\u00edm na v\u011bdom\u00ed<\/strong>: Spole\u010dnost Crown Moving Co Inc je nyn\u00ed uzav\u0159ena. Sv\u00fdm z\u00e1kazn\u00edk\u016fm doporu\u010duj\u00ed vyu\u017e\u00edt: <a href=\"https:\/\/moverdb.com\/cs\/bekins-van-lines\/\">Bekins Northwest<\/a> m\u00edsto toho.<\/em><\/p>\n<p>Spole\u010dnost Crown Moving Co Inc byla zalo\u017eena v roce 1967 a s\u00eddlila ve m\u011bst\u011b <a href=\"https:\/\/moverdb.com\/cs\/moving-to-seattle\/\" data-internallinksmanager029f6b8e52c=\"65\" title=\"St\u011bhujete se do Seattlu? 2022 N\u00e1klady na bydlen\u00ed a tipy na st\u011bhov\u00e1n\u00ed\">Seattle<\/a>, Washington. V roce 1978 byla spole\u010dnost odkoupena a byly otev\u0159eny nov\u00e9 kancel\u00e1\u0159e v Moses Lake a Spokane. <\/p>\n<p>Spole\u010dnost Crown Moving se stala agentem pro <a href=\"https:\/\/moverdb.com\/cs\/mayflower-transit\/\">Mayflower<\/a> v roce 1982, a proto maj\u00ed k dispozici ve\u0161ker\u00e9 odborn\u00e9 znalosti spole\u010dnosti Mayflower i sv\u00e9 vlastn\u00ed. Spole\u010dnost byla nejv\u011bt\u0161\u00edm z\u00e1stupcem spole\u010dnosti Mayflower ve Washingtonu.<\/p>\n<p>Spole\u010dnost Crown Moving Co Inc m\u00e1 n\u00e1sleduj\u00edc\u00ed akreditace a afiliace:<\/p>\n<ul>\n<li> <a href=\"https:\/\/moverdb.com\/cs\/amsa\/\">Americk\u00e1 asociace st\u011bhov\u00e1k\u016f<\/a> (<a href=\"https:\/\/moverdb.com\/cs\/amsa\/\" data-internallinksmanager029f6b8e52c=\"5\" title=\"Vysv\u011btlen\u00ed Americk\u00e9 asociace pro st\u011bhov\u00e1n\u00ed a skladov\u00e1n\u00ed (AMSA)\">AMSA<\/a>)<\/li>\n<li> Better Business Bureau (BBB)<\/li>\n<\/ul>\n<p><strong>Crown Moving Co Inc Recenze<\/strong><\/p>\n<p><strong>Pozitivn\u00ed:<\/strong><\/p>\n<ul>\n<li> <em>\"P\u0159i\u0161el v\u010das, byl skv\u011bl\u00fd a okam\u017eit\u011b jsme se za\u010dali bavit o kritick\u00fdch v\u011bcech, kter\u00e9 jsem pot\u0159eboval p\u0159est\u011bhovat s mimo\u0159\u00e1dnou p\u00e9\u010d\u00ed.\"<\/em> Jackie R prost\u0159ednictv\u00edm <a href=\"https:\/\/www.yelp.com\/biz\/crown-moving-co-seattle-2?hrid=jSdhPA7gxsSt8Syf1zSn4w&#038;utm_campaign=www_review_share_popup&#038;utm_medium=copy_link&#038;utm_source=(direct)\" target=\"_blank\" rel=\"noopener\">Yelp<\/a><\/li>\n<li> <em>\"Koruna dokon\u010dila mou vojenskou zm\u011bnu stanice.\" <\/em> Timothy M prost\u0159ednictv\u00edm <a href=\"https:\/\/www.bbb.org\/\" target=\"_blank\" rel=\"noopener\">BBB<\/a><\/li>\n<\/ul>\n<p><strong>Negativn\u00ed:<\/strong><\/p>\n<ul>\n<li> <em>\"Moje zku\u0161enost se spole\u010dnost\u00ed Crown Moving byla jednou z t\u011bch, na kter\u00e9 douf\u00e1m brzy zapomenu.\"<\/em> - Rob D. prost\u0159ednictv\u00edm <a href=\"https:\/\/www.yelp.com\/biz\/crown-moving-co-seattle-2?hrid=i13sBXhBe0pzOXO2FJYCQQ&#038;utm_campaign=www_review_share_popup&#038;utm_medium=copy_link&#038;utm_source=(direct)\" target=\"_blank\" rel=\"noopener\">Yelp<\/a><\/li>\n<\/ul>\n<div itemprop=\"review\" itemscope itemtype=\"http:\/\/schema.org\/Review\">\n<span itemprop=\"author\" itemscope=\"\" itemtype=\"http:\/\/schema.org\/Organization\"><span itemprop=\"name\">MoverDB.com<\/span><\/span> Online recenze webov\u00fdch str\u00e1nek pro <span itemprop=\"itemreviewed\" itemscope=\"\" itemtype=\"http:\/\/schema.org\/Brand\"><span itemprop=\"name\">Crown Moving Co Inc<\/span><\/span>:<\/p>\n<ol>\n<li> Jasn\u00e9 kontaktn\u00ed \u00fadaje na webov\u00fdch str\u00e1nk\u00e1ch (v\u010detn\u011b telefonn\u00edho \u010d\u00edsla): <strong>Ano<\/strong><\/li>\n<li> Snadn\u00e9 z\u00edsk\u00e1n\u00ed <a href=\"https:\/\/moverdb.com\/cs\/citaty\/\">mezin\u00e1rodn\u00ed st\u011bhov\u00e1n\u00ed citace<\/a>? (Online formul\u00e1\u0159 \u017e\u00e1dosti o odhad): <strong>Ano<\/strong><\/li>\n<li> Jasn\u00e9 informace na webov\u00fdch str\u00e1nk\u00e1ch: <strong>Ne<\/strong><\/li>\n<li> \u010clenstv\u00ed v mezin\u00e1rodn\u00edch uzn\u00e1van\u00fdch organizac\u00edch pohybliv\u00fdch aktivit: <strong>Ano<\/strong>, (viz v\u00fd\u0161e)<\/li>\n<li> Seznam klient\u016f a\/nebo reference p\u0159edchoz\u00edch z\u00e1kazn\u00edk\u016f. <strong>Nen\u00ed relevantn\u00ed,<\/strong> proto\u017ee spole\u010dnost je mimo provoz.<\/li>\n<\/ol>\n<div itemprop=\"reviewRating\" itemscope itemtype=\"http:\/\/schema.org\/Rating\"><meta itemprop=\"worstRating\" content = \"0\" \/><meta itemprop=\"bestRating\" content=\"5\" \/><meta itemprop=\"ratingValue\" content=\"4\"><\/div>\n<p><strong>Celkov\u00e9 hodnocen\u00ed: 4\/5<\/strong><br \/>\n<strong>Datum recenze:<\/strong> <span itemprop=\"datePublished\" content=\"2017-07-04\">04\/07\/2017<\/span>\n<\/div>\n<p>P\u0159e\u010dt\u011bte si v\u00edce o <a href=\"https:\/\/moverdb.com\/cs\/stehovani-spolecnosti\/\">mezin\u00e1rodn\u00ed st\u011bhovac\u00ed spole\u010dnosti<\/a>, <a href=\"https:\/\/moverdb.com\/cs\/us-canada-movers\/\">dom\u00e1c\u00ed st\u011bhovac\u00ed spole\u010dnosti<\/a> a na\u0161e <a href=\"https:\/\/moverdb.com\/cs\/recenze\/\">vysv\u011btlen\u00ed procesu p\u0159ezkoum\u00e1n\u00ed<\/a>.<\/p>\n<p><strong>Webov\u00e9 str\u00e1nky:<\/strong> <a href=\"http:\/\/www.crownmoving.com\/\" target=\"_blank\" rel=\"noopener\">http:\/\/www.crownmoving.com\/<\/a><\/p>","protected":false},"excerpt":{"rendered":"<p>Crown Moving Co Inc was based in Seattle and offered its customers a variety of services. These are listed below together with a company profile and reviews. International Moves Pre-assignment Services Visa and immigration services Preview trip and area orientation Country and culture information Moving Services Pre-move planning Transportation of belongings Managing the move Shipment [&hellip;]<\/p>\n","protected":false},"author":1,"featured_media":0,"parent":0,"menu_order":0,"comment_status":"closed","ping_status":"closed","template":"","meta":{"_genesis_hide_title":false,"_genesis_hide_breadcrumbs":false,"_genesis_hide_singular_image":false,"_genesis_hide_footer_widgets":false,"_genesis_custom_body_class":"","_genesis_custom_post_class":"","_genesis_layout":"","footnotes":""},"class_list":{"0":"post-1642","1":"page","2":"type-page","3":"status-publish","5":"entry"},"_links":{"self":[{"href":"https:\/\/moverdb.com\/cs\/wp-json\/wp\/v2\/pages\/1642","targetHints":{"allow":["GET"]}}],"collection":[{"href":"https:\/\/moverdb.com\/cs\/wp-json\/wp\/v2\/pages"}],"about":[{"href":"https:\/\/moverdb.com\/cs\/wp-json\/wp\/v2\/types\/page"}],"author":[{"embeddable":true,"href":"https:\/\/moverdb.com\/cs\/wp-json\/wp\/v2\/users\/1"}],"replies":[{"embeddable":true,"href":"https:\/\/moverdb.com\/cs\/wp-json\/wp\/v2\/comments?post=1642"}],"version-history":[{"count":5,"href":"https:\/\/moverdb.com\/cs\/wp-json\/wp\/v2\/pages\/1642\/revisions"}],"predecessor-version":[{"id":6198,"href":"https:\/\/moverdb.com\/cs\/wp-json\/wp\/v2\/pages\/1642\/revisions\/6198"}],"wp:attachment":[{"href":"https:\/\/moverdb.com\/cs\/wp-json\/wp\/v2\/media?parent=1642"}],"curies":[{"name":"wp","href":"https:\/\/api.w.org\/{rel}","templated":true}]}}