{"id":1614,"date":"2017-04-27T14:28:26","date_gmt":"2017-04-27T14:28:26","guid":{"rendered":"http:\/\/moverdb.com\/?page_id=1614"},"modified":"2026-01-08T13:18:27","modified_gmt":"2026-01-08T13:18:27","slug":"hamburg-sud","status":"publish","type":"page","link":"https:\/\/moverdb.com\/cs\/hamburg-sud\/","title":{"rendered":"Hamburg S\u00fcd Group - Mezin\u00e1rodn\u00ed lodn\u00ed doprava a recenze"},"content":{"rendered":"<p>Hamburg S\u00fcd je n\u011bmeck\u00e9 <a href=\"https:\/\/moverdb.com\/cs\/shipping-companies\/\" data-internallinksmanager029f6b8e52c=\"4\" title=\"10 nejlep\u0161\u00edch mezin\u00e1rodn\u00edch kontejnerov\u00fdch p\u0159epravn\u00edch spole\u010dnost\u00ed\">p\u0159epravn\u00ed spole\u010dnost<\/a> kter\u00e1 sv\u00fdm z\u00e1kazn\u00edk\u016fm nab\u00edz\u00ed celou \u0159adu slu\u017eeb. Ty jsou uvedeny n\u00ed\u017ee spolu s profilem spole\u010dnosti a recenzemi. (<em><strong>Pozn\u00e1mka:<\/strong> <a href=\"https:\/\/moverdb.com\/cs\/maersk\/\" target=\"_blank\" rel=\"noopener\">Spole\u010dnost Maersk Line<\/a> je v procesu koup\u011b spole\u010dnosti<\/em>).<\/p>\n<h3>Mezin\u00e1rodn\u00ed kontejnerov\u00e1 doprava<\/h3>\n<ul>\n<li> Pl\u00e1nov\u00e1n\u00ed odborn\u00edky<\/li>\n<li> Od dve\u0159\u00ed ke dve\u0159\u00edm<\/li>\n<li> Dostupn\u00e9 intermod\u00e1ln\u00ed slu\u017eby<\/li>\n<\/ul>\n<p><strong>Such\u00e9 zbo\u017e\u00ed<\/strong><\/p>\n<p><strong>Nebezpe\u010dn\u00fd n\u00e1klad<\/strong><\/p>\n<ul>\n<li> Ka\u017edou \u017e\u00e1dost zkoumaj\u00ed odborn\u00edci<\/li>\n<li> Mus\u00ed b\u00fdt v souladu se z\u00e1konn\u00fdmi p\u0159edpisy<\/li>\n<li> Certifikovan\u00fd poradce pro bezpe\u010dnost nebezpe\u010dn\u00e9ho zbo\u017e\u00ed (DGSA) poskytuje poradenstv\u00ed pro v\u0161echny z\u00e1silky.<\/li>\n<li> Modern\u00ed lod\u011b pro p\u0159epravu nebezpe\u010dn\u00e9ho n\u00e1kladu<\/li>\n<li> P\u0159\u00edsn\u00e9 dodr\u017eov\u00e1n\u00ed p\u0159edpis\u016f p\u0159i ukl\u00e1d\u00e1n\u00ed<\/li>\n<\/ul>\n<p><strong>N\u00e1kladn\u00ed p\u0159eprava<\/strong><\/p>\n<ul>\n<li> Ovoce, zelenina, kv\u011btiny, rostliny<\/li>\n<li> Maso, ryby a mo\u0159sk\u00e9 plody<\/li>\n<li> Farmaceutick\u00e9 p\u0159\u00edpravky, fotografick\u00fd materi\u00e1l a chemik\u00e1lie<\/li>\n<li> Ml\u00e9\u010dn\u00e9 v\u00fdrobky a d\u017eusy<\/li>\n<li> <a href=\"https:\/\/moverdb.com\/cs\/kontejnerova-preprava\/\">20' a 40' kontejnery<\/a><\/li>\n<li> Nep\u0159eru\u0161en\u00fd dodavatelsk\u00fd \u0159et\u011bzec chladu<\/li>\n<li> \u0158\u00edzen\u00ed atmosf\u00e9ry pro sklizen\u00e9 ovoce a zeleninu<\/li>\n<li> Re\u017eim v\u00edce teplot<\/li>\n<li> Re\u017eim \u017e\u00e1rovky<\/li>\n<\/ul>\n<p><strong>Speci\u00e1ln\u00ed n\u00e1klad<\/strong><\/p>\n<ul>\n<li> Rozbit\u00ed velk\u00e9ho mno\u017estv\u00ed<\/li>\n<li> Mimo rozm\u011bry<\/li>\n<li> Vysok\u00e1 hustota<\/li>\n<\/ul>\n<p><strong>Ostatn\u00ed p\u0159epravn\u00ed slu\u017eby<\/strong><\/p>\n<ul>\n<li> Zpracov\u00e1n\u00ed ve\u0161ker\u00e9 p\u0159\u00edslu\u0161n\u00e9 dovozn\u00ed a v\u00fdvozn\u00ed dokumentace<\/li>\n<li> Do\u010dasn\u00e9 skladov\u00e1n\u00ed<\/li>\n<li> Rozd\u011blen\u00ed v\u011bt\u0161\u00edch z\u00e1silek na jednotliv\u00e9 z\u00e1silky<\/li>\n<li> Ozna\u010dov\u00e1n\u00ed<\/li>\n<li> Celn\u00ed odbaven\u00ed p\u0159i dovozu a v\u00fdvozu<\/li>\n<\/ul>\n<p><strong>N\u00e1doby<\/strong><\/p>\n<ul>\n<li> Modern\u00ed vozov\u00fd park<\/li>\n<li> <a href=\"https:\/\/moverdb.com\/cs\/prepravni-spolecnosti\/\">Kontejnerov\u00e9 lod\u011b<\/a><\/li>\n<li> P\u0159epravci voln\u011b lo\u017een\u00e9ho zbo\u017e\u00ed<\/li>\n<li> Cisterny na p\u0159epravu produkt\u016f<\/li>\n<\/ul>\n<p><strong>Prodej pou\u017eit\u00fdch kontejner\u016f<\/strong><\/p>\n<ul>\n<li> \u0160irok\u00e1 \u0161k\u00e1la r\u016fzn\u00fdch typ\u016f kontejner\u016f<\/li>\n<li> P\u0159\u00edstup k pou\u017eit\u00fdm kontejner\u016fm po cel\u00e9m sv\u011bt\u011b<\/li>\n<li> Vysoce kvalitn\u00ed kontejnery<\/li>\n<li> Zku\u0161en\u00ed zam\u011bstnanci<\/li>\n<li> Podpora m\u00edstn\u00edch jazyk\u016f<\/li>\n<\/ul>\n<p><strong>Elektronick\u00e9 obchodov\u00e1n\u00ed<\/strong><\/p>\n<ul>\n<li> Harmonogramy s p\u0159esnost\u00ed na minutu<\/li>\n<li> Track &amp; Trace (sledov\u00e1n\u00ed kontejner\u016f)<\/li>\n<li> P\u0159ehledy rezervac\u00ed<\/li>\n<li> Obnova rezervac\u00ed<\/li>\n<li> P\u0159ehled p\u0159epravn\u00edch pokyn\u016f<\/li>\n<li> P\u0159edlo\u017een\u00ed nov\u00fdch p\u0159epravn\u00edch pokyn\u016f<\/li>\n<li> Kontrola sm\u011bnek<\/li>\n<li> Vytv\u00e1\u0159en\u00ed standardizovan\u00fdch sestav pro z\u00e1silku<\/li>\n<li> Sledov\u00e1n\u00ed n\u00e1kladu<\/li>\n<\/ul>\n<h2>Hamburg S\u00fcd Profil spole\u010dnosti<\/h2>\n<p>Spole\u010dnost Hamburg S\u00fcd byla zalo\u017eena v roce 1871 z\u00e1stupci jeden\u00e1cti hambursk\u00fdch obchodn\u00edch dom\u016f pod n\u00e1zvem Hamburg S\u00fcdamerikanische Dampfschifffahrts-Gesellschaft. Do roku 1914 m\u011bla spole\u010dnost 50 parn\u00edch lod\u00ed, z nich\u017e v\u0161echny byly zni\u010deny b\u011bhem prvn\u00ed sv\u011btov\u00e9 v\u00e1lky. <\/p>\n<p>V roce 1920 za\u010d\u00edn\u00e1 spole\u010dnost s p\u0159estavbou a zakl\u00e1d\u00e1 v\u00fdletn\u00ed spole\u010dnost. V roce 1939 m\u00e1 spole\u010dnost Hamburg S\u00fcd nejv\u011bt\u0161\u00ed flotilu na sv\u011bt\u011b, celkem 52 lod\u00ed.<\/p>\n<p>Druh\u00e1 sv\u011btov\u00e1 v\u00e1lka op\u011bt znamenala \u00faplnou ztr\u00e1tu flotily spole\u010dnosti. Spole\u010dnost Hamburg S\u00fcd pomalu obnovila v\u00fdletn\u00ed plavby a roz\u0161\u00ed\u0159ila svou \u010dinnost o trampov\u00e9 lod\u011b. Za\u010dala provozovat tankerovou a chlad\u00edrenskou p\u0159epravu a v roce 1971 se pustila do <a href=\"https:\/\/moverdb.com\/cs\/container-shipping\/\" data-internallinksmanager029f6b8e52c=\"3\" title=\"Graf sazeb mezin\u00e1rodn\u00ed kontejnerov\u00e9 dopravy: Duben 2026\">kontejnerov\u00e1 p\u0159eprava<\/a>.<\/p>\n<p>Spole\u010dnost se nyn\u00ed \u0159ad\u00ed mezi deset nejlep\u0161\u00edch kontejnerov\u00fdch p\u0159epravn\u00edch spole\u010dnost\u00ed na sv\u011bt\u011b. M\u00e1 127 <a href=\"https:\/\/moverdb.com\/cs\/top-10-largest-container-ships-in-2022\/\" data-internallinksmanager029f6b8e52c=\"84\" title=\"10 nejv\u011bt\u0161\u00edch kontejnerov\u00fdch lod\u00ed v roce 2026\">kontejnerov\u00e9 lod\u011b<\/a> s kapacitou v\u00edce ne\u017e 600 000 TEU a 50 linkov\u00fdmi slu\u017ebami. Spole\u010dnost Hamburg S\u00fcd zam\u011bstn\u00e1v\u00e1 v\u00edce ne\u017e 6 000 lid\u00ed ve 250 pobo\u010dk\u00e1ch po cel\u00e9m sv\u011bt\u011b.<\/p>\n<p>Spole\u010dnost Hamburg S\u00fcd m\u00e1 n\u00e1sleduj\u00edc\u00ed akreditace a afilace:<\/p>\n<ul>\n<li> <a href=\"https:\/\/moverdb.com\/cs\/world-shipping-council\/\">Sv\u011btov\u00e1 rada pro n\u00e1mo\u0159n\u00ed dopravu<\/a> (<a href=\"https:\/\/moverdb.com\/cs\/world-shipping-council\/\" data-internallinksmanager029f6b8e52c=\"82\" title=\"Vysv\u011btlen\u00ed Sv\u011btov\u00e9 rady pro n\u00e1mo\u0159n\u00ed dopravu (WSC)\">MS<\/a>)<\/li>\n<li> Pracovn\u00ed skupina pro \u010dist\u00fd n\u00e1klad (CCWG)<\/li>\n<li> <a href=\"https:\/\/moverdb.com\/cs\/moving-to-the-united-states\/\" data-internallinksmanager029f6b8e52c=\"94\" title=\"St\u011bhujete se do Spojen\u00fdch st\u00e1t\u016f? 2022 \u017divotn\u00ed n\u00e1klady a tipy na st\u011bhov\u00e1n\u00ed\">US<\/a> Agentura pro ochranu \u017eivotn\u00edho prost\u0159ed\u00ed (EPA)<\/li>\n<li> Verband Deutsche Reeder (VDR)<\/li>\n<li> Mezin\u00e1rodn\u00ed osv\u011bd\u010den\u00ed o bezpe\u010dnosti p\u0159epravy (ISSC)<\/li>\n<li> Poradn\u00ed sbor pro normy EIPP<\/li>\n<\/ul>\n<p><strong>Hamburg S\u00fcd Group Recenze<\/strong><\/p>\n<p><em>V dob\u011b psan\u00ed tohoto \u010dl\u00e1nku jsme na internetu nena\u0161li \u017e\u00e1dn\u00e9 pozitivn\u00ed ani negativn\u00ed recenze na p\u0159epravn\u00ed slu\u017eby spole\u010dnosti Hamburg S\u00fcd.<\/em><\/p>\n<p><strong><\/p>\n<div itemprop=\"review\" itemscope itemtype=\"http:\/\/schema.org\/Review\">\n<span itemprop=\"author\" itemscope=\"\" itemtype=\"http:\/\/schema.org\/Organization\"><span itemprop=\"name\">MoverDB.com<\/span><\/span> Online recenze webov\u00fdch str\u00e1nek pro <span itemprop=\"itemreviewed\" itemscope=\"\" itemtype=\"http:\/\/schema.org\/Brand\"><span itemprop=\"name\">Hamburg S\u00fcd<\/span><\/span>:<\/strong><\/p>\n<ol>\n<li> Jasn\u00e9 kontaktn\u00ed \u00fadaje na webov\u00fdch str\u00e1nk\u00e1ch (v\u010detn\u011b telefonn\u00edho \u010d\u00edsla): <strong>Ano<\/strong><\/li>\n<li> Snadno z\u00edsk\u00e1te nab\u00eddky mezin\u00e1rodn\u00ed p\u0159epravy? (Online formul\u00e1\u0159 \u017e\u00e1dosti o odhad): <strong>Tak n\u011bjak<\/strong>, pro proveden\u00ed nov\u00e9 rezervace je t\u0159eba se zaregistrovat.<\/li>\n<li> Jasn\u00e9 informace na webov\u00fdch str\u00e1nk\u00e1ch: <strong>Ano,<\/strong> Na webov\u00fdch str\u00e1nk\u00e1ch jsou p\u0159ehledn\u011b uvedeny v\u0161echny slu\u017eby, kter\u00e9 spole\u010dnost nab\u00edz\u00ed.<\/li>\n<li> \u010clenstv\u00ed v mezin\u00e1rodn\u00edch uzn\u00e1van\u00fdch lodn\u00edch organizac\u00edch: <strong>Ano<\/strong>, viz v\u00fd\u0161e.<\/li>\n<li> Seznam klient\u016f a\/nebo reference p\u0159edchoz\u00edch z\u00e1kazn\u00edk\u016f. <strong>Ne,<\/strong> ale uv\u00e1d\u011bj\u00ed mnoho ocen\u011bn\u00ed, kter\u00e1 z\u00edskali.<\/li>\n<\/ol>\n<div itemprop=\"reviewRating\" itemscope itemtype=\"http:\/\/schema.org\/Rating\"><meta itemprop=\"worstRating\" content = \"0\" \/><meta itemprop=\"bestRating\" content=\"5\" \/><meta itemprop=\"ratingValue\" content=\"4\"><\/div>\n<p><strong>Celkov\u00e9 hodnocen\u00ed: 4\/5<\/strong><br \/>\n<strong>Datum recenze:<\/strong> <span itemprop=\"datePublished\" content=\"2017-04-27\">27\/04\/2017<\/span>\n<\/div>\n<p>V\u00edce o dal\u0161\u00edch <a href=\"https:\/\/moverdb.com\/cs\/prepravni-spolecnosti\/\">mezin\u00e1rodn\u00ed p\u0159epravn\u00ed spole\u010dnosti<\/a>, <a href=\"https:\/\/moverdb.com\/cs\/kontejnerova-preprava\/\">sazby za p\u0159epravu kontejner\u016f<\/a> a na\u0161e <a href=\"https:\/\/moverdb.com\/cs\/recenze\/\">proces p\u0159ezkoum\u00e1n\u00ed<\/a>.<\/p>\n<p><strong>Webov\u00e9 str\u00e1nky:<\/strong> <a href=\"http:\/\/www.hamburgsud.com\" target=\"_blank\" rel=\"noopener\">http:\/\/www.hamburgsud.com<\/a><\/p>","protected":false},"excerpt":{"rendered":"<p>Hamburg S\u00fcd is a German shipping company which offers its customers a range of services. These are listed below together with a company profile and reviews. (Note: Maersk Line is in the process of buying the company). International Container Shipping Planning by experts Door to door Intermodal services available Dry Cargo Hazardous Cargo Each request [&hellip;]<\/p>\n","protected":false},"author":1,"featured_media":0,"parent":0,"menu_order":0,"comment_status":"closed","ping_status":"closed","template":"","meta":{"_genesis_hide_title":false,"_genesis_hide_breadcrumbs":false,"_genesis_hide_singular_image":false,"_genesis_hide_footer_widgets":false,"_genesis_custom_body_class":"","_genesis_custom_post_class":"","_genesis_layout":"","footnotes":""},"class_list":{"0":"post-1614","1":"page","2":"type-page","3":"status-publish","5":"entry"},"_links":{"self":[{"href":"https:\/\/moverdb.com\/cs\/wp-json\/wp\/v2\/pages\/1614","targetHints":{"allow":["GET"]}}],"collection":[{"href":"https:\/\/moverdb.com\/cs\/wp-json\/wp\/v2\/pages"}],"about":[{"href":"https:\/\/moverdb.com\/cs\/wp-json\/wp\/v2\/types\/page"}],"author":[{"embeddable":true,"href":"https:\/\/moverdb.com\/cs\/wp-json\/wp\/v2\/users\/1"}],"replies":[{"embeddable":true,"href":"https:\/\/moverdb.com\/cs\/wp-json\/wp\/v2\/comments?post=1614"}],"version-history":[{"count":4,"href":"https:\/\/moverdb.com\/cs\/wp-json\/wp\/v2\/pages\/1614\/revisions"}],"predecessor-version":[{"id":6217,"href":"https:\/\/moverdb.com\/cs\/wp-json\/wp\/v2\/pages\/1614\/revisions\/6217"}],"wp:attachment":[{"href":"https:\/\/moverdb.com\/cs\/wp-json\/wp\/v2\/media?parent=1614"}],"curies":[{"name":"wp","href":"https:\/\/api.w.org\/{rel}","templated":true}]}}