{"id":1610,"date":"2017-04-24T11:17:52","date_gmt":"2017-04-24T11:17:52","guid":{"rendered":"http:\/\/moverdb.com\/?page_id=1610"},"modified":"2026-01-08T13:18:28","modified_gmt":"2026-01-08T13:18:28","slug":"hapag-lloyd","status":"publish","type":"page","link":"https:\/\/moverdb.com\/cs\/hapag-lloyd\/","title":{"rendered":"Hapag-Lloyd - Mezin\u00e1rodn\u00ed lodn\u00ed doprava a recenze"},"content":{"rendered":"<p>Hapag-Lloyd je glob\u00e1ln\u00ed <a href=\"https:\/\/moverdb.com\/cs\/shipping-companies\/\" data-internallinksmanager029f6b8e52c=\"4\" title=\"10 nejlep\u0161\u00edch mezin\u00e1rodn\u00edch kontejnerov\u00fdch p\u0159epravn\u00edch spole\u010dnost\u00ed\">p\u0159epravn\u00ed spole\u010dnost<\/a> se s\u00eddlem v Hamburku, <a href=\"https:\/\/moverdb.com\/cs\/moving-to-germany\/\" data-internallinksmanager029f6b8e52c=\"321\" title=\"St\u011bhov\u00e1n\u00ed do N\u011bmecka? 2026 N\u00e1klady na bydlen\u00ed a tipy na st\u011bhov\u00e1n\u00ed\">N\u011bmecko<\/a>. Sv\u00fdm klient\u016fm nab\u00edz\u00ed \u0161irokou \u0161k\u00e1lu p\u0159epravn\u00edch a logistick\u00fdch \u0159e\u0161en\u00ed. Ty jsou uvedeny n\u00ed\u017ee spolu s profilem spole\u010dnosti a recenzemi.<\/p>\n<h3>Mezin\u00e1rodn\u00ed p\u0159eprava<\/h3>\n<p><strong>Such\u00e9 zbo\u017e\u00ed<\/strong><\/p>\n<ul>\n<li> \u0160irok\u00e1 \u0161k\u00e1la kontejnerov\u00fdch \u0159e\u0161en\u00ed<\/li>\n<li> Rychl\u00e1 doba p\u0159epravy<\/li>\n<li> Spolehlivost pl\u00e1nu v bod\u011b<\/li>\n<li> Nab\u00eddka slu\u017eeb od dve\u0159\u00ed ke dve\u0159\u00edm<\/li>\n<li> P\u0159eprava chemick\u00fdch l\u00e1tek, dodr\u017eov\u00e1n\u00ed p\u0159edpis\u016f<\/li>\n<\/ul>\n<p><strong>N\u00e1kladn\u00ed p\u0159eprava<\/strong><\/p>\n<ul>\n<li> Ovoce, zelenina, maso, ryby, kv\u011btiny<\/li>\n<li> Farmaceutick\u00e9 v\u00fdrobky s vysokou hodnotou<\/li>\n<li> \u0158\u00edzen\u00e1 atmosf\u00e9ra<\/li>\n<li> Technologie ExtraFresh a EverFresh pro sn\u00ed\u017een\u00ed kondenzace vlhkosti<\/li>\n<li> Profesion\u00e1ln\u00ed zpracovatel\u00e9<\/li>\n<\/ul>\n<p><strong>Nebezpe\u010dn\u00e9 zbo\u017e\u00ed<\/strong><\/p>\n<ul>\n<li> Individu\u00e1ln\u00ed \u0159e\u0161en\u00ed pro ka\u017edou slo\u017eitou p\u0159epravu nebezpe\u010dn\u00e9ho zbo\u017e\u00ed<\/li>\n<li> nep\u0159etr\u017eit\u00e1 podpora odborn\u00edk\u016f na nebezpe\u010dn\u00e9 zbo\u017e\u00ed ve v\u0161ech region\u00e1ln\u00edch kancel\u00e1\u0159\u00edch (Hamburk, Valparaiso, Piscataway a Praha). <a href=\"https:\/\/moverdb.com\/cs\/moving-to-singapore\/\" data-internallinksmanager029f6b8e52c=\"68\" title=\"St\u011bhov\u00e1n\u00ed do Singapuru? 2022 \u017divotn\u00ed n\u00e1klady a tipy na st\u011bhov\u00e1n\u00ed\">Singapur<\/a>)<\/li>\n<li> N\u011bkolik odborn\u00edk\u016f na nebezpe\u010dn\u00e9 zbo\u017e\u00ed v pohotovosti b\u011bhem v\u00edkend\u016f<\/li>\n<li> Rychl\u00e1 a spolehliv\u00e1 kontrola rezervace pro zaji\u0161t\u011bn\u00ed mezin\u00e1rodn\u00edch pr\u00e1vn\u00edch po\u017eadavk\u016f a bezprobl\u00e9mov\u00e9 p\u0159epravy zbo\u017e\u00ed.<\/li>\n<li> Spr\u00e1vn\u00e9 ulo\u017een\u00ed a rozd\u011blen\u00ed n\u00e1kladu na palub\u011b, aby byla zaji\u0161t\u011bna bezpe\u010dn\u00e1 plavba ve\u0161ker\u00e9ho n\u00e1kladu.<\/li>\n<li> V p\u0159\u00edpad\u011b pot\u0159eby vyu\u017e\u00edvejte opat\u0159en\u00ed pro bezpe\u010dnou p\u0159epravu i nad r\u00e1mec po\u017eadavk\u016f IMDG Code.<\/li>\n<\/ul>\n<p><strong>Speci\u00e1ln\u00ed n\u00e1klad<\/strong><\/p>\n<ul>\n<li> Specializovan\u00fd t\u00fdm<\/li>\n<li> Breakbulk - odborn\u00edci pl\u00e1nuj\u00ed nadrozm\u011brn\u00e9 projekty<\/li>\n<\/ul>\n<p><strong>Kontejnery<\/strong><\/p>\n<ul>\n<li> Spln\u011bn\u00ed po\u017eadavk\u016f ISO<\/li>\n<li> Such\u00fd n\u00e1klad - Standard, Standard High Cube, Standard Hardtop, Standard High Cube Hardtop<\/li>\n<li> P\u0159eprava chlad\u00edrensk\u00fdch voz\u016f - udr\u017eov\u00e1n\u00ed teploty od -35 \u00b0C do +30 \u00b0C<\/li>\n<li> N\u00edzk\u00e1 vlastn\u00ed hmotnost = konstrukce s vysok\u00fdm u\u017eite\u010dn\u00fdm zat\u00ed\u017een\u00edm<\/li>\n<li> Speci\u00e1ln\u00ed n\u00e1klad - Flatrack\/Platform, Flatrack High Cube, Open Top\/Hard Top, Open Top High Cube, Hardtop High Cube.<\/li>\n<\/ul>\n<p><strong>Plavby<\/strong><\/p>\n<ul>\n<li> 125 let zku\u0161enost\u00ed<\/li>\n<li> Plavby po sv\u011bt\u011b<\/li>\n<\/ul>\n<h2>Profil spole\u010dnosti Hapag-Lloyd<\/h2>\n<p>Spole\u010dnost Hapag-Lloyd vznikla v roce 1970 spojen\u00edm spole\u010dnost\u00ed Hamburg-Amerikanische Packetfahrt-Actien-Gesellschaft (Hapag) a Norddeutscher Lloyd. Ob\u011b tyto spole\u010dnosti vznikly v polovin\u011b devaten\u00e1ct\u00e9ho stolet\u00ed, kdy se z Evropy do Evropy vyst\u011bhov\u00e1vali <a href=\"https:\/\/moverdb.com\/cs\/moving-to-the-united-states\/\" data-internallinksmanager029f6b8e52c=\"94\" title=\"St\u011bhujete se do Spojen\u00fdch st\u00e1t\u016f? 2022 \u017divotn\u00ed n\u00e1klady a tipy na st\u011bhov\u00e1n\u00ed\">Spojen\u00e9 st\u00e1ty americk\u00e9<\/a> za\u010dal v\u00e1\u017en\u011b.<\/p>\n<p>Dnes spole\u010dnost Hapag-Lloyd obsluhuje trhy a z\u00e1kazn\u00edky po cel\u00e9m sv\u011bt\u011b a disponuje rozs\u00e1hlou s\u00edt\u00ed linkov\u00e9 dopravy, kter\u00e1 spojuje cel\u00fd sv\u011bt. Disponuje v\u00edce ne\u017e 190 lod\u011bmi, kter\u00e9 ro\u010dn\u011b p\u0159eprav\u00ed v pr\u016fm\u011bru 7,4 TEU. Spole\u010dnost zam\u011bstn\u00e1v\u00e1 p\u0159ibli\u017en\u011b 9 300 lid\u00ed a m\u00e1 v\u00edce ne\u017e 600 pobo\u010dek ve 120 zem\u00edch sv\u011bta. <\/p>\n<p>Celkov\u00e1 kapacita flotily Hapag-Lloyd je 955 000 TEU a z\u00e1soba kontejner\u016f 1,5 milionu TEU. Disponuje jednou z nejv\u011bt\u0161\u00edch a nejmodern\u011bj\u0161\u00edch flotil chlad\u00edrensk\u00fdch kontejner\u016f na sv\u011bt\u011b.<\/p>\n<p>Spole\u010dnost Hapag-Lloyd m\u00e1 n\u00e1sleduj\u00edc\u00ed akreditace a afilace:<\/p>\n<ul>\n<li> Mezin\u00e1rodn\u00ed osv\u011bd\u010den\u00ed o bezpe\u010dnosti lod\u00ed (ISSC)<\/li>\n<li> Certifik\u00e1t \u0159\u00edzen\u00ed bezpe\u010dnosti (SMC)<\/li>\n<li> \u00damluva o pr\u00e1ci na mo\u0159i (MLC)<\/li>\n<li> <a href=\"https:\/\/moverdb.com\/cs\/world-shipping-council\/\">Sv\u011btov\u00e1 rada pro n\u00e1mo\u0159n\u00ed dopravu<\/a> (<a href=\"https:\/\/moverdb.com\/cs\/world-shipping-council\/\" data-internallinksmanager029f6b8e52c=\"82\" title=\"Vysv\u011btlen\u00ed Sv\u011btov\u00e9 rady pro n\u00e1mo\u0159n\u00ed dopravu (WSC)\">MS<\/a>)<\/li>\n<\/ul>\n<h2>Recenze spole\u010dnosti Hapag-Lloyd Shipping<\/h2>\n<p><em>V dob\u011b psan\u00ed tohoto \u010dl\u00e1nku jsme na internetu nena\u0161li \u017e\u00e1dn\u00e9 recenze na p\u0159epravn\u00ed slu\u017eby spole\u010dnosti Hapag-Lloyd.<\/em>  <\/p>\n<p><strong><\/p>\n<div itemprop=\"review\" itemscope itemtype=\"http:\/\/schema.org\/Review\">\n<span itemprop=\"author\" itemscope=\"\" itemtype=\"http:\/\/schema.org\/Organization\"><span itemprop=\"name\">MoverDB.com<\/span><\/span> Online recenze webov\u00fdch str\u00e1nek pro <span itemprop=\"itemreviewed\" itemscope=\"\" itemtype=\"http:\/\/schema.org\/Brand\"><span itemprop=\"name\">Hapag-Lloyd<\/span><\/span>:<\/strong><\/p>\n<ol>\n<li> Jasn\u00e9 kontaktn\u00ed \u00fadaje na webov\u00fdch str\u00e1nk\u00e1ch (v\u010detn\u011b telefonn\u00edho \u010d\u00edsla): <strong>Ano<\/strong><\/li>\n<li> Snadn\u00e9 z\u00edsk\u00e1n\u00ed <a href=\"https:\/\/moverdb.com\/cs\/container-shipping\/\" data-internallinksmanager029f6b8e52c=\"3\" title=\"Graf sazeb mezin\u00e1rodn\u00ed kontejnerov\u00e9 dopravy: Duben 2026\">mezin\u00e1rodn\u00ed p\u0159eprava<\/a> cit\u00e1ty? (Online formul\u00e1\u0159 \u017e\u00e1dosti o odhad): <strong>Ano<\/strong><\/li>\n<li> Jasn\u00e9 informace na webov\u00fdch str\u00e1nk\u00e1ch: <strong>Ano,<\/strong> Webov\u00e9 str\u00e1nky jsou velmi podrobn\u00e9 a dob\u0159e navr\u017een\u00e9.<\/li>\n<li> \u010clenstv\u00ed v mezin\u00e1rodn\u00edch uzn\u00e1van\u00fdch lodn\u00edch organizac\u00edch: <strong>Ano<\/strong>, (viz v\u00fd\u0161e).<\/li>\n<li> Seznam klient\u016f a\/nebo reference p\u0159edchoz\u00edch z\u00e1kazn\u00edk\u016f. <strong>Ne,<\/strong> ale uv\u00e1d\u011bj\u00ed ocen\u011bn\u00ed a certifikace.<\/li>\n<\/ol>\n<div itemprop=\"reviewRating\" itemscope itemtype=\"http:\/\/schema.org\/Rating\"><meta itemprop=\"worstRating\" content = \"0\" \/><meta itemprop=\"bestRating\" content=\"5\" \/><meta itemprop=\"ratingValue\" content=\"4.5\"><\/div>\n<p><strong>Celkov\u00e9 hodnocen\u00ed: 4,5\/5<\/strong><br \/>\n<strong>Datum recenze:<\/strong> <span itemprop=\"datePublished\" content=\"2017-04-24\">24\/04\/2017<\/span>\n<\/div>\n<p>V\u00edce o dal\u0161\u00edch <a href=\"https:\/\/moverdb.com\/cs\/prepravni-spolecnosti\/\">mezin\u00e1rodn\u00ed p\u0159epravn\u00ed spole\u010dnosti<\/a>, <a href=\"https:\/\/moverdb.com\/cs\/kontejnerova-preprava\/\">n\u00e1klady na kontejnerovou dopravu<\/a> a na\u0161e <a href=\"https:\/\/moverdb.com\/cs\/recenze\/\">proces p\u0159ezkoum\u00e1n\u00ed<\/a>.<\/p>\n<p><strong>Webov\u00e9 str\u00e1nky:<\/strong> <a href=\"https:\/\/www.hapag-lloyd.com\/en\/home.html\" target=\"_blank\" rel=\"noopener\">https:\/\/www.hapag-lloyd.com\/en\/home.html<\/a><\/p>","protected":false},"excerpt":{"rendered":"<p>Hapag-Lloyd is a global shipping company with its head office in Hamburg, Germany. It offers its clients a wide range of shipping and logistics solutions. These are listed below together with a company profile and reviews. International Shipping Dry Cargo Broad range of container solutions Fast transit times On point schedule reliability Door to door [&hellip;]<\/p>\n","protected":false},"author":1,"featured_media":0,"parent":0,"menu_order":0,"comment_status":"closed","ping_status":"closed","template":"","meta":{"_genesis_hide_title":false,"_genesis_hide_breadcrumbs":false,"_genesis_hide_singular_image":false,"_genesis_hide_footer_widgets":false,"_genesis_custom_body_class":"","_genesis_custom_post_class":"","_genesis_layout":"","footnotes":""},"class_list":{"0":"post-1610","1":"page","2":"type-page","3":"status-publish","5":"entry"},"_links":{"self":[{"href":"https:\/\/moverdb.com\/cs\/wp-json\/wp\/v2\/pages\/1610","targetHints":{"allow":["GET"]}}],"collection":[{"href":"https:\/\/moverdb.com\/cs\/wp-json\/wp\/v2\/pages"}],"about":[{"href":"https:\/\/moverdb.com\/cs\/wp-json\/wp\/v2\/types\/page"}],"author":[{"embeddable":true,"href":"https:\/\/moverdb.com\/cs\/wp-json\/wp\/v2\/users\/1"}],"replies":[{"embeddable":true,"href":"https:\/\/moverdb.com\/cs\/wp-json\/wp\/v2\/comments?post=1610"}],"version-history":[{"count":3,"href":"https:\/\/moverdb.com\/cs\/wp-json\/wp\/v2\/pages\/1610\/revisions"}],"predecessor-version":[{"id":6218,"href":"https:\/\/moverdb.com\/cs\/wp-json\/wp\/v2\/pages\/1610\/revisions\/6218"}],"wp:attachment":[{"href":"https:\/\/moverdb.com\/cs\/wp-json\/wp\/v2\/media?parent=1610"}],"curies":[{"name":"wp","href":"https:\/\/api.w.org\/{rel}","templated":true}]}}