{"id":1592,"date":"2017-04-21T13:39:38","date_gmt":"2017-04-21T13:39:38","guid":{"rendered":"http:\/\/moverdb.com\/?page_id=1592"},"modified":"2026-01-08T14:40:07","modified_gmt":"2026-01-08T14:40:07","slug":"maersk","status":"publish","type":"page","link":"https:\/\/moverdb.com\/cs\/maersk\/","title":{"rendered":"Maersk Line - Mezin\u00e1rodn\u00ed lodn\u00ed doprava a recenze"},"content":{"rendered":"<p>Spole\u010dnost Maersk Line je sou\u010d\u00e1st\u00ed skupiny A.P. Moller-Maersk Group, celosv\u011btov\u011b p\u016fsob\u00edc\u00edho koncernu. <a href=\"https:\/\/moverdb.com\/cs\/shipping-companies\/\" data-internallinksmanager029f6b8e52c=\"4\" title=\"10 nejlep\u0161\u00edch mezin\u00e1rodn\u00edch kontejnerov\u00fdch p\u0159epravn\u00edch spole\u010dnost\u00ed\">p\u0159epravn\u00ed spole\u010dnost<\/a> se s\u00eddlem v Kodani, <a href=\"https:\/\/moverdb.com\/cs\/moving-to-denmark\/\" data-internallinksmanager029f6b8e52c=\"335\" title=\"St\u011bhov\u00e1n\u00ed do D\u00e1nska? 2026 N\u00e1klady na bydlen\u00ed a tipy na st\u011bhov\u00e1n\u00ed\">D\u00e1nsko<\/a>. Sv\u00fdm z\u00e1kazn\u00edk\u016fm nab\u00edz\u00ed \u0161irokou \u0161k\u00e1lu slu\u017eeb, kter\u00e9 jsou uvedeny n\u00ed\u017ee, spolu s profilem spole\u010dnosti a recenzemi.<\/p>\n<p><strong>Mezin\u00e1rodn\u00ed n\u00e1kladn\u00ed doprava a p\u0159epravn\u00ed slu\u017eby<\/strong><\/p>\n<ul>\n<li> Such\u00e9 zbo\u017e\u00ed<\/li>\n<li> Od dve\u0159\u00ed ke dve\u0159\u00edm<\/li>\n<li> 20' kontejnery s u\u017eite\u010dn\u00fdm zat\u00ed\u017een\u00edm a\u017e 28,2 tuny<\/li>\n<li> 40\u2032 8\u2032 6\u2033 kontejnery s u\u017eite\u010dn\u00fdm zat\u00ed\u017een\u00edm a\u017e 28,8 tuny<\/li>\n<li> v\u00fd\u0161ka 45\u2032 9\u2032 6\u2033 s celkovou kapacitou 85 metr\u016f krychlov\u00fdch<\/li>\n<li> Nosn\u00edky na ram\u00ednka, kter\u00e9 umo\u017e\u0148uj\u00ed p\u0159epravu od\u011bv\u016f na ram\u00ednk\u00e1ch bez dal\u0161\u00edho balen\u00ed.<\/li>\n<li> Upev\u0148ovac\u00ed ty\u010de a upev\u0148ovac\u00ed krou\u017eky pro dodate\u010dn\u00e9 zabezpe\u010den\u00ed n\u00e1kladu.<\/li>\n<li> Dostupn\u00e9 \u00falo\u017ei\u0161t\u011b<\/li>\n<li> Celn\u00ed odbaven\u00ed<\/li>\n<\/ul>\n<p><strong>N\u00e1kladn\u00ed p\u0159eprava<\/strong><\/p>\n<ul>\n<li> Chladic\u00ed p\u0159epravn\u00ed kontejnery<\/li>\n<li> Od dve\u0159\u00ed ke dve\u0159\u00edm<\/li>\n<li> Pe\u010dliv\u00e1 manipulace s n\u00e1kladem pro zaji\u0161t\u011bn\u00ed \u010derstvosti produkt\u016f<\/li>\n<li> Jedine\u010dn\u00e1 konstrukce kontejneru zaji\u0161\u0165uje maxim\u00e1ln\u00ed u\u017eite\u010dn\u00e9 zat\u00ed\u017een\u00ed<\/li>\n<li> Sn\u00ed\u017een\u00ed emis\u00ed CO2<\/li>\n<li> Optim\u00e1ln\u00ed teplota v\u00fdrobku<\/li>\n<li> Sn\u00ed\u017een\u00ed spot\u0159eby energie<\/li>\n<li> 3 typy chlad\u00edrensk\u00fdch kontejner\u016f s n\u00e1kladov\u00fdm prostorem od 27 do 67 CBM.<\/li>\n<li> Celn\u00ed odbaven\u00ed<\/li>\n<\/ul>\n<p><strong>Speci\u00e1ln\u00ed n\u00e1klad<\/strong><\/p>\n<ul>\n<li> V\u010dasn\u00e9 dod\u00e1n\u00ed n\u00e1kladu mimo m\u00edru, n\u00e1kladu s m\u00edrou a voln\u011b lo\u017een\u00e9ho n\u00e1kladu<\/li>\n<li> v\u010dasn\u00e9 doru\u010den\u00ed va\u0161eho speci\u00e1ln\u00edho n\u00e1kladu po cel\u00e9m sv\u011bt\u011b<\/li>\n<li> Odborn\u00edci na speci\u00e1ln\u00ed n\u00e1kladn\u00ed dopravu ve v\u0161ech \u010dasov\u00fdch p\u00e1smech pro va\u0161i okam\u017eitou reakci a podporu<\/li>\n<li> Nejmodern\u011bj\u0161\u00ed flotila ploch\u00fdch reg\u00e1l\u016f a otev\u0159en\u00fdch reg\u00e1l\u016f, kter\u00e9 jsou k dispozici tam, kde je pot\u0159ebujete, a kdy je pot\u0159ebujete.<\/li>\n<li> Od dve\u0159\u00ed ke dve\u0159\u00edm<\/li>\n<li> Dostupn\u00e9 \u00falo\u017ei\u0161t\u011b<\/li>\n<li> Celn\u00ed odbaven\u00ed<\/li>\n<\/ul>\n<p><strong>Vnitrozemsk\u00e9 dopravn\u00ed slu\u017eby<\/strong><\/p>\n<ul>\n<li> Komplexn\u00ed \u0159e\u0161en\u00ed p\u0159epravy<\/li>\n<li> Od dve\u0159\u00ed ke dve\u0159\u00edm<\/li>\n<li> V\u010dasn\u00e9 vyzvednut\u00ed a doru\u010den\u00ed<\/li>\n<li> Rozs\u00e1hl\u00e1 s\u00ed\u0165 kvalitn\u00edch poskytovatel\u016f dopravy<\/li>\n<li> Jednor\u00e1zov\u00e9 \u0159e\u0161en\u00ed kombinuj\u00edc\u00ed pot\u0159eby pozemn\u00ed a n\u00e1mo\u0159n\u00ed dopravy<\/li>\n<li> Neust\u00e1l\u00e9 sledov\u00e1n\u00ed a zaji\u0161\u0165ov\u00e1n\u00ed kvality<\/li>\n<li> Sjednan\u00e9 poji\u0161t\u011bn\u00ed<\/li>\n<\/ul>\n<p><strong>Pou\u017eit\u00e9 kontejnery na prodej<\/strong><\/p>\n<ul>\n<li> Pou\u017eit\u00ed pro skladov\u00e1n\u00ed, kancel\u00e1\u0159, d\u016fm, dokonce i baz\u00e9n<\/li>\n<li> P\u0159\u00edstup ke skladov\u00fdm z\u00e1sob\u00e1m podle va\u0161ich pot\u0159eb<\/li>\n<li> Rozs\u00e1hl\u00e1 s\u00ed\u0165 pou\u017eit\u00fdch kontejner\u016f<\/li>\n<li> Jednoduch\u00e9 syst\u00e9my pro spln\u011bn\u00ed va\u0161eho pl\u00e1nu vyzvednut\u00ed<\/li>\n<li> Zaru\u010den\u00e1 kvalita kontejneru<\/li>\n<\/ul>\n<h2>Spole\u010dnost Maersk Line<\/h2>\n<p>Spole\u010dnost Maersk Line byla zalo\u017eena v roce 1928. Spole\u010dnost Maersk Line je vlastn\u011bna skupinou A.P. Moller-Maersk Group a je jednou z nejv\u011bt\u0161\u00edch sv\u011btov\u00fdch spole\u010dnost\u00ed na trhu. <a href=\"https:\/\/moverdb.com\/cs\/prepravni-spolecnosti\/\">nejv\u011bt\u0161\u00ed kontejnerov\u00e1 p\u0159epravn\u00ed spole\u010dnost<\/a>, kter\u00e1 je zn\u00e1m\u00e1 svou flexibilitou, spolehlivost\u00ed a ekologicky \u00fa\u010dinn\u00fdmi slu\u017ebami. <\/p>\n<p>S\u00eddlo spole\u010dnosti se nach\u00e1z\u00ed v d\u00e1nsk\u00e9 Kodani. Spole\u010dnost m\u00e1 v\u00edce ne\u017e 630 lod\u00ed s kapacitou 3,3 milionu TEU, kter\u00e9 slou\u017e\u00ed 59 000 z\u00e1kazn\u00edk\u016fm po cel\u00e9m sv\u011bt\u011b.<\/p>\n<p>V lo\u0148sk\u00e9m roce spole\u010dnost Maersk p\u0159epravila po cel\u00e9m sv\u011bt\u011b p\u0159ibli\u017en\u011b 12 milion\u016f kontejner\u016f a uskute\u010dnila 46 000 p\u0159\u00edstavn\u00edch zast\u00e1vek ve 343 m\u011bstech. <a href=\"https:\/\/moverdb.com\/cs\/top-49-container-ports\/\" data-internallinksmanager029f6b8e52c=\"80\" title=\"49 nejv\u011bt\u0161\u00edch a nejru\u0161n\u011bj\u0161\u00edch kontejnerov\u00fdch p\u0159\u00edstav\u016f v roce 2025\">porty<\/a> ve 121 zem\u00edch. Maersk nab\u00edz\u00ed n\u011bkolik plaveb denn\u011b na v\u0161ech hlavn\u00edch n\u00e1mo\u0159n\u00edch tras\u00e1ch. Aby v\u0161e prob\u00edhalo hladce, zam\u011bstn\u00e1v\u00e1 spole\u010dnost 7 000 n\u00e1mo\u0159n\u00edk\u016f a 25 000 pozemn\u00edch zam\u011bstnanc\u016f ve 374 kancel\u00e1\u0159\u00edch po cel\u00e9m sv\u011bt\u011b.<\/p>\n<p>Spole\u010dnost Maersk se zav\u00e1zala k tomu, \u017ee se bude v\u011bnovat komunit\u011b, a podporuje projekty po cel\u00e9m sv\u011bt\u011b, kter\u00e9 spadaj\u00ed do t\u0159\u00ed glob\u00e1ln\u00edch program\u016f - pomoc p\u0159i katastrof\u00e1ch a p\u0159ipravenost na n\u011b, ochrana \u017eivotn\u00edho prost\u0159ed\u00ed a podpora podnik\u00e1n\u00ed v znev\u00fdhodn\u011bn\u00fdch komunit\u00e1ch.<\/p>\n<p>Spole\u010dnost Maersk Line m\u00e1 n\u00e1sleduj\u00edc\u00ed akreditace a afilace:<\/p>\n<ul>\n<li> Mezin\u00e1rodn\u00ed sdru\u017een\u00ed pro leteckou a lodn\u00ed dopravu (IASA)<\/li>\n<li> <a href=\"https:\/\/moverdb.com\/cs\/international-chamber-shipping\/\">Mezin\u00e1rodn\u00ed n\u00e1mo\u0159n\u00ed komora<\/a> (<a href=\"https:\/\/moverdb.com\/cs\/international-chamber-shipping\/\" data-internallinksmanager029f6b8e52c=\"78\" title=\"Vysv\u011btlen\u00ed Mezin\u00e1rodn\u00ed n\u00e1mo\u0159n\u00ed komory (ICS)\">ICS<\/a>)<\/li>\n<li> Glob\u00e1ln\u00ed aliance WTO pro usnadn\u011bn\u00ed obchodu<\/li>\n<li> Bezpe\u010dnost \u017eivota na mo\u0159i (SOLAS)<\/li>\n<li> Federace n\u00e1rodn\u00edch asociac\u00ed lodn\u00edch makl\u00e9\u0159\u016f a agent\u016f (FONASBA)<\/li>\n<\/ul>\n<h2>Recenze spole\u010dnosti Maersk Line<\/h2>\n<p><em>V dob\u011b psan\u00ed tohoto \u010dl\u00e1nku se n\u00e1m nepoda\u0159ilo naj\u00edt \u017e\u00e1dn\u00e9 online recenze na p\u0159epravn\u00ed slu\u017eby spole\u010dnosti Maersk Line.<\/em><\/p>\n<p><strong><\/p>\n<div itemprop=\"review\" itemscope itemtype=\"http:\/\/schema.org\/Review\">\n<span itemprop=\"author\" itemscope=\"\" itemtype=\"http:\/\/schema.org\/Organization\"><span itemprop=\"name\">MoverDB.com<\/span><\/span> Online recenze webov\u00fdch str\u00e1nek pro <span itemprop=\"itemreviewed\" itemscope=\"\" itemtype=\"http:\/\/schema.org\/Brand\"><span itemprop=\"name\">Spole\u010dnost Maersk Line<\/span><\/span>:<\/strong><\/p>\n<ol>\n<li> Jasn\u00e9 kontaktn\u00ed \u00fadaje na webov\u00fdch str\u00e1nk\u00e1ch (v\u010detn\u011b telefonn\u00edho \u010d\u00edsla): <strong>Ano<\/strong><\/li>\n<li> Snadn\u00e9 z\u00edsk\u00e1n\u00ed <a href=\"https:\/\/moverdb.com\/cs\/container-shipping\/\" data-internallinksmanager029f6b8e52c=\"3\" title=\"Graf sazeb mezin\u00e1rodn\u00ed kontejnerov\u00e9 dopravy: Duben 2026\">mezin\u00e1rodn\u00ed p\u0159eprava<\/a> cit\u00e1ty? (Online formul\u00e1\u0159 \u017e\u00e1dosti o odhad): <strong>Ano<\/strong><\/li>\n<li> Jasn\u00e9 informace na webov\u00fdch str\u00e1nk\u00e1ch: <strong>Ano,<\/strong> Na webov\u00fdch str\u00e1nk\u00e1ch jsou p\u0159ehledn\u011b uvedeny v\u0161echny slu\u017eby, kter\u00e9 spole\u010dnost nab\u00edz\u00ed.<\/li>\n<li> \u010clenstv\u00ed v mezin\u00e1rodn\u00edch uzn\u00e1van\u00fdch lodn\u00edch organizac\u00edch: <strong>Ano<\/strong>, ale na jejich webov\u00fdch str\u00e1nk\u00e1ch jich nen\u00ed mnoho uvedeno.<\/li>\n<li> Seznam klient\u016f a\/nebo reference p\u0159edchoz\u00edch z\u00e1kazn\u00edk\u016f. <strong>Ne,<\/strong> na jejich webov\u00fdch str\u00e1nk\u00e1ch nejsou uvedeny \u017e\u00e1dn\u00e9.<\/li>\n<\/ol>\n<div itemprop=\"reviewRating\" itemscope itemtype=\"http:\/\/schema.org\/Rating\"><meta itemprop=\"worstRating\" content = \"0\" \/><meta itemprop=\"bestRating\" content=\"5\" \/><meta itemprop=\"ratingValue\" content=\"4\"><\/div>\n<p><strong>Celkov\u00e9 hodnocen\u00ed: 4\/5<\/strong><br \/>\n<strong>Datum recenze:<\/strong> <span itemprop=\"datePublished\" content=\"2017-04-21\">21\/04\/2017<\/span>\n<\/div>\n<p>V\u00edce o dal\u0161\u00edch <a href=\"https:\/\/moverdb.com\/cs\/prepravni-spolecnosti\/\">mezin\u00e1rodn\u00ed p\u0159epravn\u00ed spole\u010dnosti<\/a>, <a href=\"https:\/\/moverdb.com\/cs\/kontejnerova-preprava\/\">sazby za p\u0159epravu kontejner\u016f<\/a> a na\u0161e <a href=\"https:\/\/moverdb.com\/cs\/recenze\/\">proces p\u0159ezkoum\u00e1n\u00ed<\/a>.<\/p>\n<p><strong>Webov\u00e9 str\u00e1nky:<\/strong> <a href=\"https:\/\/www2.maerskline.com\/\" target=\"_blank\" rel=\"noopener\">https:\/\/www2.maerskline.com\/<\/a><\/p>","protected":false},"excerpt":{"rendered":"<p>Maersk Line, is part of A.P. Moller\u2013Maersk Group, a worldwide shipping company based in Copenhagen, Denmark. It offers its customers a wide range of services which are listed below, together with a company profile and reviews. International Freight and Shipping Services Dry Cargo Door to door 20&#8242; containers with payload up to 28.2 metric tons [&hellip;]<\/p>\n","protected":false},"author":1,"featured_media":0,"parent":0,"menu_order":0,"comment_status":"closed","ping_status":"closed","template":"","meta":{"_genesis_hide_title":false,"_genesis_hide_breadcrumbs":false,"_genesis_hide_singular_image":false,"_genesis_hide_footer_widgets":false,"_genesis_custom_body_class":"","_genesis_custom_post_class":"","_genesis_layout":"","footnotes":""},"class_list":{"0":"post-1592","1":"page","2":"type-page","3":"status-publish","5":"entry"},"_links":{"self":[{"href":"https:\/\/moverdb.com\/cs\/wp-json\/wp\/v2\/pages\/1592","targetHints":{"allow":["GET"]}}],"collection":[{"href":"https:\/\/moverdb.com\/cs\/wp-json\/wp\/v2\/pages"}],"about":[{"href":"https:\/\/moverdb.com\/cs\/wp-json\/wp\/v2\/types\/page"}],"author":[{"embeddable":true,"href":"https:\/\/moverdb.com\/cs\/wp-json\/wp\/v2\/users\/1"}],"replies":[{"embeddable":true,"href":"https:\/\/moverdb.com\/cs\/wp-json\/wp\/v2\/comments?post=1592"}],"version-history":[{"count":7,"href":"https:\/\/moverdb.com\/cs\/wp-json\/wp\/v2\/pages\/1592\/revisions"}],"predecessor-version":[{"id":13172,"href":"https:\/\/moverdb.com\/cs\/wp-json\/wp\/v2\/pages\/1592\/revisions\/13172"}],"wp:attachment":[{"href":"https:\/\/moverdb.com\/cs\/wp-json\/wp\/v2\/media?parent=1592"}],"curies":[{"name":"wp","href":"https:\/\/api.w.org\/{rel}","templated":true}]}}