{"id":1578,"date":"2017-04-21T14:09:10","date_gmt":"2017-04-21T14:09:10","guid":{"rendered":"http:\/\/moverdb.com\/?page_id=1578"},"modified":"2026-01-08T14:40:13","modified_gmt":"2026-01-08T14:40:13","slug":"mediterranean-shipping-company","status":"publish","type":"page","link":"https:\/\/moverdb.com\/cs\/mediterranean-shipping-company\/","title":{"rendered":"St\u0159edomo\u0159sk\u00e1 lodn\u00ed spole\u010dnost - Mezin\u00e1rodn\u00ed slu\u017eby a recenze"},"content":{"rendered":"<p>St\u0159edomo\u0159\u00ed <a href=\"https:\/\/moverdb.com\/cs\/shipping-companies\/\" data-internallinksmanager029f6b8e52c=\"4\" title=\"10 nejlep\u0161\u00edch mezin\u00e1rodn\u00edch kontejnerov\u00fdch p\u0159epravn\u00edch spole\u010dnost\u00ed\">P\u0159epravn\u00ed spole\u010dnost<\/a> (MSC) nab\u00edz\u00ed sv\u00fdm z\u00e1kazn\u00edk\u016fm \u0161irokou \u0161k\u00e1lu p\u0159epravn\u00edch a dal\u0161\u00edch slu\u017eeb. Ty jsou uvedeny n\u00ed\u017ee spolu s profilem spole\u010dnosti a recenzemi.<\/p>\n<h3>Mezin\u00e1rodn\u00ed p\u0159eprava<\/h3>\n<p><strong>Such\u00e9 zbo\u017e\u00ed<\/strong><\/p>\n<ul>\n<li> Standardn\u00ed 20 stop, 40 stop nebo 40 stop vysok\u00e9 krychlov\u00e9 kontejnery<\/li>\n<li> Nadrozm\u011brn\u00fd a voln\u011b lo\u017een\u00fd n\u00e1klad<\/li>\n<li> T\u00fddenn\u00ed a pravideln\u00e1 p\u0159eprava do sv\u011btov\u00fdch destinac\u00ed<\/li>\n<li> Celn\u00ed odbaven\u00ed a dokumentace<\/li>\n<\/ul>\n<p><strong>N\u00e1kladn\u00ed p\u0159eprava<\/strong><\/p>\n<ul>\n<li> Na m\u00edru \u0161it\u00e1 komplexn\u00ed dopravn\u00ed \u0159e\u0161en\u00ed<\/li>\n<li> T\u00fddenn\u00ed a pravideln\u00e1 p\u0159eprava do sv\u011btov\u00fdch destinac\u00ed<\/li>\n<li> Odbornost v p\u0159eprav\u011b chlazen\u00e9ho a mra\u017een\u00e9ho zbo\u017e\u00ed<\/li>\n<li> Kontrola p\u0159ed j\u00edzdou: <\/li>\n<li> Zajist\u011bte, aby byla n\u00e1doba vy\u010di\u0161t\u011bna od ne\u010distot a z\u00e1pachu.<\/li>\n<li> kontroluje, zda vnit\u0159ek n\u00e1doby odpov\u00edd\u00e1 potravin\u00e1\u0159sk\u00fdm specifikac\u00edm.<\/li>\n<li> Kontroly, zda stroje funguj\u00ed podle pr\u016fmyslov\u00fdch standard\u016f.<\/li>\n<li> Ujist\u011bte se, \u017ee je teplota n\u00e1doby sn\u00ed\u017eena na spr\u00e1vn\u00fd zvolen\u00fd bod.<\/li>\n<li> Celn\u00ed odbaven\u00ed a dokumentace<\/li>\n<\/ul>\n<p><strong>Slu\u017eby mimo rozchod a p\u0159eprava zbo\u017e\u00ed za hotov\u00e9<\/strong><\/p>\n<ul>\n<li> Odborn\u00fd t\u00fdm pro logistiku projektov\u00e9ho n\u00e1kladu<\/li>\n<li> Nalo\u017ete, upevn\u011bte a zajist\u011bte n\u00e1klad v m\u00edst\u011b p\u016fvodu. <a href=\"https:\/\/moverdb.com\/cs\/top-49-container-ports\/\" data-internallinksmanager029f6b8e52c=\"80\" title=\"49 nejv\u011bt\u0161\u00edch a nejru\u0161n\u011bj\u0161\u00edch kontejnerov\u00fdch p\u0159\u00edstav\u016f v roce 2025\">p\u0159\u00edstav<\/a> nebo v bl\u00edzk\u00e9m depu<\/li>\n<li> Vnitrozemsk\u00fd sb\u011br a dod\u00e1vky pomoc\u00ed r\u016fzn\u00fdch za\u0159\u00edzen\u00ed<\/li>\n<li> Zaji\u0161t\u011bn\u00ed policejn\u00edch ozn\u00e1men\u00ed\/ozn\u00e1men\u00ed o vnitrozemsk\u00e9 doprav\u011b, pokud je to nutn\u00e9<\/li>\n<li> P\u0159\u00edstavn\u00ed p\u0159ekladi\u0161t\u011b, p\u0159\u00edstavn\u00ed kotven\u00ed a p\u0159\u00edstavn\u00ed skladovac\u00ed za\u0159\u00edzen\u00ed<\/li>\n<li> Specializovan\u00e9 vybaven\u00ed<\/li>\n<li> Konkuren\u010dn\u00ed sazby<\/li>\n<li> Celn\u00ed odbaven\u00ed a dokumentace<\/li>\n<\/ul>\n<p><strong>Intermod\u00e1ln\u00ed p\u0159eprava<\/strong><\/p>\n<ul>\n<li> Od dve\u0159\u00ed ke dve\u0159\u00edm<\/li>\n<li> Z tov\u00e1rny ke spot\u0159ebiteli<\/li>\n<li> Kombinace dopravn\u00edch prost\u0159edk\u016f, kter\u00e9 jsou k dispozici pro spln\u011bn\u00ed dod\u00e1vkov\u00fdch povinnost\u00ed<\/li>\n<\/ul>\n<p><strong>Skladov\u00e1n\u00ed kontejner\u016f a n\u00e1kladu<\/strong><\/p>\n<ul>\n<li> Glob\u00e1ln\u00ed s\u00ed\u0165 a skladov\u00e1n\u00ed a skladov\u00e1n\u00ed<\/li>\n<li> Pomoc p\u0159i vytv\u00e1\u0159en\u00ed distribu\u010dn\u00edch s\u00edt\u00ed<\/li>\n<li> Komplexn\u00ed slu\u017eby a za\u0159\u00edzen\u00ed pro vychyst\u00e1v\u00e1n\u00ed\/balen\u00ed, vysklad\u0148ov\u00e1n\u00ed\/paletov\u00e1n\u00ed a skladov\u00e1n\u00ed voln\u011b lo\u017een\u00e9ho zbo\u017e\u00ed.<\/li>\n<\/ul>\n<p><strong>Cross Trading<\/strong><\/p>\n<ul>\n<li> Odesl\u00e1n\u00ed z libovoln\u00e9ho m\u00edsta p\u016fvodu do libovoln\u00e9ho m\u00edsta ur\u010den\u00ed<\/li>\n<li> Such\u00fd n\u00e1klad<\/li>\n<li> P\u0159epravn\u00ed n\u00e1klad<\/li>\n<li> Mimo rozm\u011bry<\/li>\n<li> Drah\u00fd a nebezpe\u010dn\u00fd n\u00e1klad<\/li>\n<li> Zpracov\u00e1n\u00ed dokumentace<\/li>\n<li> Sledov\u00e1n\u00ed<\/li>\n<li> Celn\u00ed odbaven\u00ed<\/li>\n<\/ul>\n<p><strong>N\u00e1kladn\u00ed p\u0159\u00edv\u011bsy<\/strong><\/p>\n<ul>\n<li> Pevn\u00fd<\/li>\n<li> Plo\u0161inov\u00fd<\/li>\n<li> Skl\u00e1p\u011b\u010d<\/li>\n<li> N\u00edzk\u00fd naklada\u010d<\/li>\n<li> Kontejnerov\u00fd p\u0159\u00edv\u011bs<\/li>\n<li> P\u0159\u00edv\u011bs s elektrocentr\u00e1lou<\/li>\n<\/ul>\n<p><strong>Vybaven\u00ed kontejner\u016f<\/strong><\/p>\n<ul>\n<li> 20ft \/ 40ft standardn\u00ed a vysok\u00e9 krychlov\u00e9 kontejnery<\/li>\n<li> 20ft \/ 40ft kontejnery s otev\u0159enou st\u0159echou<\/li>\n<li> 20 stop \/ 40 stop a vysok\u00e9 krychlov\u00e9 kontejnery s chladic\u00edm za\u0159\u00edzen\u00edm<\/li>\n<li> 20ft \/ 40ft flatracky<\/li>\n<li> 20 stop \/ 40 stop plo\u0161iny<\/li>\n<li> 20ft \/ 40ft kontejnery s otev\u0159enou st\u0159echou<\/li>\n<\/ul>\n<h2>St\u0159edomo\u0159sk\u00e1 n\u00e1mo\u0159n\u00ed spole\u010dnost (MSC)<\/h2>\n<p>Mediterranean Shipping Company je soukrom\u00e1 glob\u00e1ln\u00ed spole\u010dnost <a href=\"https:\/\/moverdb.com\/cs\/prepravni-spolecnosti\/\">mezin\u00e1rodn\u00ed p\u0159epravn\u00ed spole\u010dnost<\/a> kter\u00e1 je v provozu ji\u017e v\u00edce ne\u017e 40 let. Zalo\u017eil ji v Neapoli Gianluigi Aponte a rodina Aponte ji vede dodnes. Jej\u00ed celosv\u011btov\u00e9 s\u00eddlo se nach\u00e1z\u00ed ve m\u011bst\u011b <a href=\"https:\/\/moverdb.com\/cs\/moving-to-switzerland\/moving-to-geneva\/\" data-internallinksmanager029f6b8e52c=\"416\" title=\"St\u011bhov\u00e1n\u00ed do \u017denevy? 2026 N\u00e1klady na bydlen\u00ed a tipy na st\u011bhov\u00e1n\u00ed\">\u017deneva<\/a> a m\u00e1 480 pobo\u010dek ve 150 zem\u00edch a zam\u011bstn\u00e1v\u00e1 v\u00edce ne\u017e 60 000 lid\u00ed po cel\u00e9m sv\u011bt\u011b.<\/p>\n<p>Flotila MSC se skl\u00e1d\u00e1 z 500 kontejnerov\u00fdch lod\u00ed s kapacitou p\u0159ibli\u017en\u011b 3,0 milionu TEU. Spole\u010dnost ka\u017edoro\u010dn\u011b zastavuje ve 315 p\u0159\u00edstavech po cel\u00e9m sv\u011bt\u011b a rozv\u00e1\u017e\u00ed n\u00e1klad v\u0161eho druhu.<\/p>\n<p>Spole\u010dnost Mediterranean Shipping Company m\u00e1 n\u00e1sleduj\u00edc\u00ed akreditace a afilace:<\/p>\n<ul>\n<li> Bezpe\u010dnost \u017eivota na mo\u0159i (SOLAS)<\/li>\n<li> Mezin\u00e1rodn\u00ed sdru\u017een\u00ed pro leteckou a lodn\u00ed dopravu (IASA)<\/li>\n<li> <a href=\"https:\/\/moverdb.com\/cs\/international-chamber-shipping\/\">Mezin\u00e1rodn\u00ed n\u00e1mo\u0159n\u00ed komora<\/a> (<a href=\"https:\/\/moverdb.com\/cs\/international-chamber-shipping\/\" data-internallinksmanager029f6b8e52c=\"78\" title=\"Vysv\u011btlen\u00ed Mezin\u00e1rodn\u00ed n\u00e1mo\u0159n\u00ed komory (ICS)\">ICS<\/a>)<\/li>\n<li> Federace n\u00e1rodn\u00edch asociac\u00ed lodn\u00edch makl\u00e9\u0159\u016f a agent\u016f (FONASBA)<\/li>\n<\/ul>\n<p><strong>St\u0159edomo\u0159sk\u00e1 p\u0159epravn\u00ed spole\u010dnost Recenze<\/strong><\/p>\n<p><em>V dob\u011b psan\u00ed tohoto \u010dl\u00e1nku se n\u00e1m nepoda\u0159ilo naj\u00edt \u017e\u00e1dn\u00e9 recenze na p\u0159epravn\u00ed slu\u017eby spole\u010dnosti Mediterranean Shipping Company online.<\/em> <\/p>\n<div itemprop=\"review\" itemscope itemtype=\"http:\/\/schema.org\/Review\">\n<strong><span itemprop=\"author\" itemscope=\"\" itemtype=\"http:\/\/schema.org\/Organization\"><span itemprop=\"name\">MoverDB.com<\/span><\/span> Online recenze webov\u00fdch str\u00e1nek pro <span itemprop=\"itemreviewed\" itemscope=\"\" itemtype=\"http:\/\/schema.org\/Brand\"><span itemprop=\"name\">St\u0159edomo\u0159sk\u00e1 lodn\u00ed spole\u010dnost<\/span><\/span>:<\/strong><\/p>\n<ol>\n<li> Jasn\u00e9 kontaktn\u00ed \u00fadaje na webov\u00fdch str\u00e1nk\u00e1ch (v\u010detn\u011b telefonn\u00edho \u010d\u00edsla): <strong>Ano<\/strong><\/li>\n<li> Snadn\u00e9 z\u00edsk\u00e1n\u00ed <a href=\"https:\/\/moverdb.com\/cs\/container-shipping\/\" data-internallinksmanager029f6b8e52c=\"3\" title=\"Graf sazeb mezin\u00e1rodn\u00ed kontejnerov\u00e9 dopravy: Duben 2026\">mezin\u00e1rodn\u00ed p\u0159eprava<\/a> cit\u00e1ty? (Online formul\u00e1\u0159 \u017e\u00e1dosti o odhad): <strong>Ano<\/strong><\/li>\n<li> Jasn\u00e9 informace na webov\u00fdch str\u00e1nk\u00e1ch: <strong>Ano,<\/strong> Na webov\u00fdch str\u00e1nk\u00e1ch najdete \u0159adu informac\u00ed o mezin\u00e1rodn\u00ed p\u0159eprav\u011b.<\/li>\n<li> \u010clenstv\u00ed v mezin\u00e1rodn\u00edch uzn\u00e1van\u00fdch lodn\u00edch organizac\u00edch: <strong>Ano<\/strong>.<\/li>\n<li> Seznam klient\u016f a\/nebo reference p\u0159edchoz\u00edch z\u00e1kazn\u00edk\u016f. <strong>Ano,<\/strong> na sv\u00fdch webov\u00fdch str\u00e1nk\u00e1ch maj\u00ed omezen\u00fd po\u010det p\u0159\u00edpadov\u00fdch studi\u00ed.<\/li>\n<\/ol>\n<div itemprop=\"reviewRating\" itemscope itemtype=\"http:\/\/schema.org\/Rating\"><meta itemprop=\"worstRating\" content = \"0\" \/><meta itemprop=\"bestRating\" content=\"5\" \/><meta itemprop=\"ratingValue\" content=\"5\"><\/div>\n<p><strong>Celkov\u00e9 hodnocen\u00ed: 5\/5<\/strong><br \/>\n<strong>Datum recenze:<\/strong> <span itemprop=\"datePublished\" content=\"2017-04-21\">21\/04\/2017<\/span>\n<\/div>\n<p>V\u00edce o dal\u0161\u00edch <a href=\"https:\/\/moverdb.com\/cs\/prepravni-spolecnosti\/\">mezin\u00e1rodn\u00ed p\u0159epravn\u00ed spole\u010dnosti<\/a>, <a href=\"https:\/\/moverdb.com\/cs\/kontejnerova-preprava\/\">sazby za p\u0159epravu kontejner\u016f<\/a> a na\u0161e <a href=\"https:\/\/moverdb.com\/cs\/recenze\/\">proces p\u0159ezkoum\u00e1n\u00ed<\/a>.<\/p>\n<p><strong>Webov\u00e9 str\u00e1nky:<\/strong> <a href=\"https:\/\/www.msc.com\/\" target=\"_blank\" rel=\"noopener\">https:\/\/www.msc.com\/<\/a><\/p>","protected":false},"excerpt":{"rendered":"<p>Mediterranean Shipping Company (MSC) offers its customers a wide range of shipping and other services. These are listed below, together with a company profile and reviews. International Shipping Dry Cargo Standard 20ft, 40ft or 40ft high cube containers Oversized and breakbulk cargo Weekly and regular shipping services to global destinations Customs clearance and documentation Reefer [&hellip;]<\/p>\n","protected":false},"author":1,"featured_media":0,"parent":0,"menu_order":0,"comment_status":"closed","ping_status":"closed","template":"","meta":{"_genesis_hide_title":false,"_genesis_hide_breadcrumbs":false,"_genesis_hide_singular_image":false,"_genesis_hide_footer_widgets":false,"_genesis_custom_body_class":"","_genesis_custom_post_class":"","_genesis_layout":"","footnotes":""},"class_list":{"0":"post-1578","1":"page","2":"type-page","3":"status-publish","5":"entry"},"_links":{"self":[{"href":"https:\/\/moverdb.com\/cs\/wp-json\/wp\/v2\/pages\/1578","targetHints":{"allow":["GET"]}}],"collection":[{"href":"https:\/\/moverdb.com\/cs\/wp-json\/wp\/v2\/pages"}],"about":[{"href":"https:\/\/moverdb.com\/cs\/wp-json\/wp\/v2\/types\/page"}],"author":[{"embeddable":true,"href":"https:\/\/moverdb.com\/cs\/wp-json\/wp\/v2\/users\/1"}],"replies":[{"embeddable":true,"href":"https:\/\/moverdb.com\/cs\/wp-json\/wp\/v2\/comments?post=1578"}],"version-history":[{"count":6,"href":"https:\/\/moverdb.com\/cs\/wp-json\/wp\/v2\/pages\/1578\/revisions"}],"predecessor-version":[{"id":13177,"href":"https:\/\/moverdb.com\/cs\/wp-json\/wp\/v2\/pages\/1578\/revisions\/13177"}],"wp:attachment":[{"href":"https:\/\/moverdb.com\/cs\/wp-json\/wp\/v2\/media?parent=1578"}],"curies":[{"name":"wp","href":"https:\/\/api.w.org\/{rel}","templated":true}]}}