{"id":1570,"date":"2017-02-24T09:05:40","date_gmt":"2017-02-24T09:05:40","guid":{"rendered":"http:\/\/moverdb.com\/?page_id=1570"},"modified":"2026-01-08T15:20:24","modified_gmt":"2026-01-08T15:20:24","slug":"mudanzas-gou","status":"publish","type":"page","link":"https:\/\/moverdb.com\/cs\/mudanzas-gou\/","title":{"rendered":"Mudanzas Gou - Mezin\u00e1rodn\u00ed st\u011bhov\u00e1n\u00ed Recenze"},"content":{"rendered":"<p>Mudanzas Gou je mexick\u00fd <a href=\"https:\/\/moverdb.com\/cs\/moving-companies\/\" data-internallinksmanager029f6b8e52c=\"79\" title=\"Top 25 Mezin\u00e1rodn\u00ed st\u011bhovac\u00ed spole\u010dnosti Online\">st\u011bhovac\u00ed spole\u010dnost<\/a> kter\u00e1 nab\u00edz\u00ed sv\u00fdm klient\u016fm \u0161irokou \u0161k\u00e1lu slu\u017eeb, kter\u00e9 jsou uvedeny n\u00ed\u017ee, spolu s profilem spole\u010dnosti a recenzemi.<\/p>\n<p><strong>Mezin\u00e1rodn\u00ed p\u0159esuny<\/strong><\/p>\n<ul>\n<li> Od dve\u0159\u00ed ke dve\u0159\u00edm<\/li>\n<li> Kompletn\u00ed balic\u00ed slu\u017eby, k\u0159ehk\u00e9 balen\u00ed nebo balen\u00ed pro kutily<\/li>\n<li> Demont\u00e1\u017e a op\u011btovn\u00e1 mont\u00e1\u017e n\u00e1bytku<\/li>\n<li> Celn\u00ed odbaven\u00ed a pomoc s dokumentac\u00ed<\/li>\n<li> Sjednan\u00e9 poji\u0161t\u011bn\u00ed<\/li>\n<li> K dispozici je slu\u017eba vybalov\u00e1n\u00ed<\/li>\n<li> K dispozici je kr\u00e1tkodob\u00e9 i dlouhodob\u00e9 skladov\u00e1n\u00ed<\/li>\n<\/ul>\n<p><strong>St\u011bhov\u00e1n\u00ed v tuzemsku a na dlouh\u00e9 vzd\u00e1lenosti<\/strong><\/p>\n<ul>\n<li> Od dve\u0159\u00ed ke dve\u0159\u00edm<\/li>\n<li> Kompletn\u00ed balic\u00ed slu\u017eby, k\u0159ehk\u00e9 balen\u00ed nebo balen\u00ed pro kutily<\/li>\n<li> Demont\u00e1\u017e a op\u011btovn\u00e1 mont\u00e1\u017e n\u00e1bytku<\/li>\n<li> Sjednan\u00e9 poji\u0161t\u011bn\u00ed<\/li>\n<li> K dispozici je slu\u017eba vybalov\u00e1n\u00ed<\/li>\n<li> Dlouhodob\u00e9 a kr\u00e1tkodob\u00e9 skladov\u00e1n\u00ed<\/li>\n<\/ul>\n<p><strong>Komer\u010dn\u00ed st\u011bhov\u00e1n\u00ed<\/strong><\/p>\n<ul>\n<li> St\u011bhov\u00e1n\u00ed po pracovn\u00ed dob\u011b<\/li>\n<li> Pl\u00e1n logistiky<\/li>\n<li> IT st\u011bhov\u00e1n\u00ed<\/li>\n<li> Demont\u00e1\u017e a op\u011btovn\u00e1 mont\u00e1\u017e ve\u0161ker\u00e9ho n\u00e1bytku<\/li>\n<\/ul>\n<p><strong>Speci\u00e1ln\u00ed p\u0159eprava a doprava<\/strong><\/p>\n<ul>\n<li> <a href=\"https:\/\/moverdb.com\/cs\/preprava-aut-a-lodni-doprava\/\">Automobily<\/a><\/li>\n<li> Vans<\/li>\n<li> Motocykly<\/li>\n<li> Obrn\u011bn\u00e1 vozidla<\/li>\n<li> Svozov\u00e1 vozidla<\/li>\n<li> R\u016fzn\u00e9 stroje<\/li>\n<li> Motorov\u00e9 \u010dluny<\/li>\n<li> Plachetnice<\/li>\n<li> Zdravotnick\u00e9 pot\u0159eby a nemocnice<\/li>\n<li> Vzd\u011bl\u00e1vac\u00ed instituce<\/li>\n<li> Um\u011bn\u00ed a staro\u017eitnosti<\/li>\n<li> Specializovan\u00e9 vybaven\u00ed<\/li>\n<\/ul>\n<p><strong>\u00dalo\u017ei\u0161t\u011b<\/strong><\/p>\n<ul>\n<li> Dlouhodob\u00e9 a kr\u00e1tkodob\u00e9<\/li>\n<li> nep\u0159etr\u017eit\u00e1 ostraha<\/li>\n<li> Invent\u00e1rn\u00ed syst\u00e9m<\/li>\n<li> K dispozici je klimatizace<\/li>\n<li> Ochrana proti \u0161k\u016fdc\u016fm<\/li>\n<li> Po\u017e\u00e1rn\u00ed syst\u00e9m<\/li>\n<li> Archivn\u00ed \u00falo\u017ei\u0161t\u011b<\/li>\n<\/ul>\n<h2>Profil spole\u010dnosti Mudanzas Gou<\/h2>\n<p>Mudanzas Gou je jedn\u00edm z nejstar\u0161\u00edch <a href=\"https:\/\/moverdb.com\/cs\/moving-companies\/moving-companies-mexico\/\" data-internallinksmanager029f6b8e52c=\"288\" title=\"18 Nejlep\u0161\u00ed mezin\u00e1rodn\u00ed st\u011bhovac\u00ed spole\u010dnosti v Mexiku\">st\u011bhovac\u00ed spole\u010dnosti v Mexiku<\/a>, kde za\u010dala v roce 1900. Nyn\u00ed m\u00e1 10 kancel\u00e1\u0159\u00ed v Mexiku a spojen\u00ed se z\u00e1stupci po cel\u00e9m sv\u011bt\u011b. Gou byl zakl\u00e1daj\u00edc\u00edm \u010dlenem <a href=\"https:\/\/moverdb.com\/cs\/fidi-faim\/\" data-internallinksmanager029f6b8e52c=\"16\" title=\"Vysv\u011btlen\u00ed FIDI a FAIM (FIDI Accredited International Mover)\">FIDI<\/a>, OMNI, <a href=\"https:\/\/moverdb.com\/cs\/lacma\/\" data-internallinksmanager029f6b8e52c=\"28\" title=\"Asociace mezin\u00e1rodn\u00edch st\u011bhov\u00e1k\u016f z Latinsk\u00e9 Ameriky a Karibiku (LACMA)\">LACMA<\/a>, AMI a <a href=\"https:\/\/moverdb.com\/cs\/amsa\/\" data-internallinksmanager029f6b8e52c=\"5\" title=\"Vysv\u011btlen\u00ed Americk\u00e9 asociace pro st\u011bhov\u00e1n\u00ed a skladov\u00e1n\u00ed (AMSA)\">AMSA<\/a>.<\/p>\n<p>Spole\u010dnost Gou si zakl\u00e1d\u00e1 na osobn\u00edch slu\u017eb\u00e1ch a trv\u00e1 na tom, \u017ee s ka\u017ed\u00fdm z\u00e1kazn\u00edkem mluv\u00ed osobn\u011b, aby mu poskytla co nejlep\u0161\u00ed slu\u017eby. V\u0161echna jej\u00ed vozidla maj\u00ed satelitn\u00ed sledov\u00e1n\u00ed a jsou nakl\u00e1d\u00e1na a \u0159\u00edzena vlastn\u00edm person\u00e1lem.<\/p>\n<p>Mudanzas Gou m\u00e1 n\u00e1sleduj\u00edc\u00ed akreditace a afiliace:<\/p>\n<ul>\n<li> <a href=\"https:\/\/moverdb.com\/cs\/fidi-faim\/\">Mezin\u00e1rodn\u00ed federace mezin\u00e1rodn\u00edch dopravc\u016f (F\u00e9d\u00e9ration Internationale des D\u00e9m\u00e9nageurs Internationaux)<\/a> (FIDI)<\/li>\n<li> Overseas Moving Network International (OMNI)<\/li>\n<li> <a href=\"https:\/\/moverdb.com\/cs\/lacma\/\">Asociace mezin\u00e1rodn\u00edch st\u011bhov\u00e1k\u016f Latinsk\u00e9 Ameriky a Karibiku<\/a> (LACMA)<\/li>\n<li> <a href=\"https:\/\/moverdb.com\/cs\/hgfaa\/\">Asociace americk\u00fdch spedit\u00e9r\u016f zbo\u017e\u00ed pro dom\u00e1cnost<\/a> (HHGFA)<\/li>\n<li> <a href=\"https:\/\/moverdb.com\/cs\/amsa\/\" target=\"_blank\" rel=\"noopener\">Americk\u00e1 asociace pro st\u011bhov\u00e1n\u00ed a skladov\u00e1n\u00ed<\/a> (AMSA)<\/li>\n<li> Panamerick\u00e1 asociace mezin\u00e1rodn\u00edch st\u011bhov\u00e1k\u016f (PAIMA)<\/li>\n<li> <a href=\"https:\/\/moverdb.com\/cs\/fidi-faim\/\">FAIM<\/a><\/li>\n<li> Celn\u00ed a obchodn\u00ed partnerstv\u00ed proti terorismu (C-PAT)<\/li>\n<\/ul>\n<h2>Mudanzas Gou Recenze<\/h2>\n<p>Nepoda\u0159ilo se n\u00e1m naj\u00edt \u017e\u00e1dn\u00e9 recenze v anglick\u00e9m jazyce pro Mudanzas Gou online, ani se nezd\u00e1, \u017ee by na webu byly recenze z\u00e1kazn\u00edk\u016f.<\/p>\n<div itemprop=\"review\" itemscope itemtype=\"http:\/\/schema.org\/Review\">\n<span itemprop=\"author\" itemscope=\"\" itemtype=\"http:\/\/schema.org\/Organization\"><span itemprop=\"name\">MoverDB.com<\/span><\/span> Online recenze webov\u00fdch str\u00e1nek pro <span itemprop=\"itemreviewed\" itemscope=\"\" itemtype=\"http:\/\/schema.org\/Brand\"><span itemprop=\"name\">Mudanzas Gou<\/span><\/span>:<\/p>\n<ol>\n<li> Jasn\u00e9 kontaktn\u00ed \u00fadaje na webov\u00fdch str\u00e1nk\u00e1ch (v\u010detn\u011b telefonn\u00edho \u010d\u00edsla): <strong>Ano<\/strong><\/li>\n<li> Snadn\u00e9 z\u00edsk\u00e1n\u00ed <a href=\"https:\/\/moverdb.com\/cs\/citaty\/\">st\u011bhov\u00e1n\u00ed citace<\/a>? (Online formul\u00e1\u0159 \u017e\u00e1dosti o odhad): <strong>Ano<\/strong><\/li>\n<li> Jasn\u00e9 informace na webov\u00fdch str\u00e1nk\u00e1ch: <strong>Ano,<\/strong> je sice z\u00e1kladn\u00ed, ale popisuje jejich slu\u017eby v angli\u010dtin\u011b a \u0161pan\u011bl\u0161tin\u011b.<\/li>\n<li> \u010clenstv\u00ed v mezin\u00e1rodn\u00edch uzn\u00e1van\u00fdch organizac\u00edch pohybliv\u00fdch aktivit: <strong>Ano<\/strong>, (mnoho viz v\u00fd\u0161e)<\/li>\n<li> Seznam klient\u016f a\/nebo reference p\u0159edchoz\u00edch z\u00e1kazn\u00edk\u016f: <strong>Ne,<\/strong> nena\u0161li jsme \u017e\u00e1dn\u00e9 recenze ani hodnocen\u00ed z\u00e1kazn\u00edk\u016f.<\/li>\n<\/ol>\n<div itemprop=\"reviewRating\" itemscope itemtype=\"http:\/\/schema.org\/Rating\"><meta itemprop=\"worstRating\" content = \"0\" \/><meta itemprop=\"bestRating\" content=\"5\" \/><meta itemprop=\"ratingValue\" content=\"4\"><\/div>\n<p><strong>Celkov\u00e9 hodnocen\u00ed: 4\/5<\/strong><br \/>\n<strong>Datum recenze:<\/strong> <span itemprop=\"datePublished\" content=\"2017-02-24\">24\/02\/2017<\/span>\n<\/div>\n<p>P\u0159e\u010dt\u011bte si v\u00edce o <a href=\"https:\/\/moverdb.com\/cs\/stehovani-spolecnosti\/\">mezin\u00e1rodn\u00ed st\u011bhovac\u00ed spole\u010dnosti<\/a> a na\u0161e <a href=\"https:\/\/moverdb.com\/cs\/recenze\/\">proces p\u0159ezkoum\u00e1n\u00ed<\/a>.<\/p>\n<p><strong>Webov\u00e9 str\u00e1nky:<\/strong> \u0160pan\u011bl\u0161tina: <a href=\"http:\/\/www.mudanzasgou.com.mx\/\" target=\"_blank\" rel=\"noopener\">http:\/\/www.mudanzasgou.com.mx\/<\/a> Angli\u010dtina: <a href=\"http:\/\/www.mudanzasgou.com\/\" target=\"_blank\" rel=\"noopener\">http:\/\/www.mudanzasgou.com\/<\/a><\/p>","protected":false},"excerpt":{"rendered":"<p>Mudanzas Gou is a Mexican moving company which offers its clients a wide range of services which are listed below, together with a company profile and reviews. International Moves Door to door Full packing service, fragile packing or DIY packing Disassembly and reassembly of furniture Customs clearance and assistance with documentation Insurance arranged Unpacking service [&hellip;]<\/p>\n","protected":false},"author":1,"featured_media":0,"parent":0,"menu_order":0,"comment_status":"closed","ping_status":"closed","template":"","meta":{"_genesis_hide_title":false,"_genesis_hide_breadcrumbs":false,"_genesis_hide_singular_image":false,"_genesis_hide_footer_widgets":false,"_genesis_custom_body_class":"","_genesis_custom_post_class":"","_genesis_layout":"","footnotes":""},"class_list":{"0":"post-1570","1":"page","2":"type-page","3":"status-publish","5":"entry"},"_links":{"self":[{"href":"https:\/\/moverdb.com\/cs\/wp-json\/wp\/v2\/pages\/1570","targetHints":{"allow":["GET"]}}],"collection":[{"href":"https:\/\/moverdb.com\/cs\/wp-json\/wp\/v2\/pages"}],"about":[{"href":"https:\/\/moverdb.com\/cs\/wp-json\/wp\/v2\/types\/page"}],"author":[{"embeddable":true,"href":"https:\/\/moverdb.com\/cs\/wp-json\/wp\/v2\/users\/1"}],"replies":[{"embeddable":true,"href":"https:\/\/moverdb.com\/cs\/wp-json\/wp\/v2\/comments?post=1570"}],"version-history":[{"count":4,"href":"https:\/\/moverdb.com\/cs\/wp-json\/wp\/v2\/pages\/1570\/revisions"}],"predecessor-version":[{"id":6222,"href":"https:\/\/moverdb.com\/cs\/wp-json\/wp\/v2\/pages\/1570\/revisions\/6222"}],"wp:attachment":[{"href":"https:\/\/moverdb.com\/cs\/wp-json\/wp\/v2\/media?parent=1570"}],"curies":[{"name":"wp","href":"https:\/\/api.w.org\/{rel}","templated":true}]}}