{"id":1568,"date":"2017-02-01T16:22:03","date_gmt":"2017-02-01T16:22:03","guid":{"rendered":"http:\/\/moverdb.com\/?page_id=1568"},"modified":"2026-01-08T14:40:03","modified_gmt":"2026-01-08T14:40:03","slug":"leo-packers-movers","status":"publish","type":"page","link":"https:\/\/moverdb.com\/cs\/leo-packers-movers\/","title":{"rendered":"Leo Packers and Movers - Mezin\u00e1rodn\u00ed st\u011bhov\u00e1n\u00ed Recenze"},"content":{"rendered":"<p>Leo Packers and Movers s\u00eddl\u00ed v Bangalore, <a href=\"https:\/\/moverdb.com\/cs\/moving-to-india\/\" data-internallinksmanager029f6b8e52c=\"356\" title=\"St\u011bhov\u00e1n\u00ed do Indie? 2026 N\u00e1klady na bydlen\u00ed a tipy na st\u011bhov\u00e1n\u00ed\">Indie<\/a>. Spole\u010dnost nab\u00edz\u00ed sv\u00fdm z\u00e1kazn\u00edk\u016fm \u0161irokou \u0161k\u00e1lu slu\u017eeb, kter\u00e9 jsou uvedeny n\u00ed\u017ee spolu s profilem spole\u010dnosti a recenzemi.<\/p>\n<p><strong>Mezin\u00e1rodn\u00ed p\u0159esuny<\/strong><\/p>\n<ul>\n<li> Od dve\u0159\u00ed ke dve\u0159\u00edm<\/li>\n<li> Dve\u0159e k termin\u00e1lu<\/li>\n<li> Kompletn\u00ed balic\u00ed slu\u017eby, balen\u00ed k\u0159ehk\u00fdch p\u0159edm\u011bt\u016f nebo balen\u00ed pro kutily<\/li>\n<li> Demont\u00e1\u017e a mont\u00e1\u017e n\u00e1bytku<\/li>\n<li> K dispozici je kompletn\u00ed vybalovac\u00ed slu\u017eba<\/li>\n<li> Odstra\u0148ov\u00e1n\u00ed trosek<\/li>\n<li> Dlouhodob\u00e9 a kr\u00e1tkodob\u00e9 skladov\u00e1n\u00ed<\/li>\n<li> Celn\u00ed odbaven\u00ed a pomoc s dokumentac\u00ed<\/li>\n<li> Leteck\u00e1 p\u0159eprava<\/li>\n<li> N\u00e1mo\u0159n\u00ed p\u0159eprava<\/li>\n<li> Sjednan\u00e9 poji\u0161t\u011bn\u00ed<\/li>\n<\/ul>\n<p><strong>St\u011bhov\u00e1n\u00ed do obytn\u00fdch prostor<\/strong><\/p>\n<ul>\n<li> Od dve\u0159\u00ed ke dve\u0159\u00edm<\/li>\n<li> K dispozici je kompletn\u00ed balic\u00ed slu\u017eba<\/li>\n<li> Demont\u00e1\u017e a mont\u00e1\u017e n\u00e1bytku<\/li>\n<li> K dispozici je slu\u017eba vybalov\u00e1n\u00ed<\/li>\n<li> Odstra\u0148ov\u00e1n\u00ed trosek<\/li>\n<li> Kontejnerov\u00e1 vozidla na zak\u00e1zku<\/li>\n<li> Dlouhodob\u00e9 a kr\u00e1tkodob\u00e9 skladov\u00e1n\u00ed<\/li>\n<li> Sjednan\u00e9 poji\u0161t\u011bn\u00ed<\/li>\n<\/ul>\n<p><strong>P\u0159em\u00edst\u011bn\u00ed spole\u010dnosti<\/strong><\/p>\n<ul>\n<li> Slu\u017eba od dve\u0159\u00ed ke dve\u0159\u00edm<\/li>\n<li> Demont\u00e1\u017e a mont\u00e1\u017e n\u00e1bytku<\/li>\n<li> Kompletn\u00ed balic\u00ed slu\u017eby<\/li>\n<li> Spr\u00e1vn\u00e9 ozna\u010dov\u00e1n\u00ed<\/li>\n<li> Sestaven\u00ed pracovn\u00edch stanic<\/li>\n<li> P\u0159esuny po pracovn\u00ed dob\u011b a o v\u00edkendu<\/li>\n<li> Odstra\u0148ov\u00e1n\u00ed trosek<\/li>\n<\/ul>\n<p><strong>\u00dalo\u017ei\u0161t\u011b<\/strong><\/p>\n<ul>\n<li> Individu\u00e1ln\u00ed kabiny na m\u00edru<\/li>\n<li> bez prachu, bez termit\u016f, bez z\u00e1pachu (ochrana proti \u0161k\u016fdc\u016fm)<\/li>\n<li> Budova RCC se z\u00e1zem\u00edm v prvn\u00edm pat\u0159e<\/li>\n<li> Vlastn\u00ed sklady<\/li>\n<li> Nep\u0159etr\u017eit\u00e9 zabezpe\u010den\u00ed<\/li>\n<li> Dohled<\/li>\n<\/ul>\n<h2>Leo Packers a Movers Profil spole\u010dnosti<\/h2>\n<p>Spole\u010dnost Leo Packers and Movers zah\u00e1jila svou \u010dinnost v roce 1975 v Bangalore v Indii. Spole\u010dnost st\u00e1le vede rodina zakladatel\u016f Shahov\u00fdch a nyn\u00ed v n\u00ed pracuj\u00ed ji\u017e t\u0159i generace. Spole\u010dnost je nez\u00e1vislou st\u011bhovac\u00ed spole\u010dnost\u00ed a je v Indii zn\u00e1m\u00e1 jako jedna z nejlep\u0161\u00edch spole\u010dnost\u00ed pro st\u011bhov\u00e1n\u00ed dom\u00e1cnost\u00ed a firem, a to jak na m\u00edstn\u00ed, tak na region\u00e1ln\u00ed a mezin\u00e1rodn\u00ed \u00farovni.<\/p>\n<p>Spole\u010dnost v\u011b\u0159\u00ed, \u017ee se sv\u00fdmi z\u00e1kazn\u00edky udr\u017euje dobr\u00e9 vztahy. V\u011bd\u00ed, \u017ee n\u00e1klady jsou d\u016fle\u017eit\u00fdm faktorem, a sna\u017e\u00ed se udr\u017eet n\u00edzk\u00e9 ceny p\u0159i zachov\u00e1n\u00ed vynikaj\u00edc\u00edch slu\u017eeb. Leo Packers and Movers tvrd\u00ed, \u017ee ka\u017ed\u00e9 st\u011bhov\u00e1n\u00ed je jin\u00e9, a proto je ka\u017ed\u00e9 st\u011bhov\u00e1n\u00ed p\u0159izp\u016fsobeno na m\u00edru klientovi.<\/p>\n<p>Leo Packers and Movers m\u00e1 n\u00e1sleduj\u00edc\u00ed akreditace a p\u0159\u00edslu\u0161nost: -<\/p>\n<ul>\n<li> Nen\u00ed uvedeno na internetov\u00fdch str\u00e1nk\u00e1ch spole\u010dnosti<\/li>\n<\/ul>\n<h2>Leo Packers and Movers Recenze<\/h2>\n<p><strong>Pozitivn\u00ed:<\/strong><\/p>\n<ul>\n<li> <em>\"\u010clenov\u00e9 t\u00fdmu se nejen dob\u0159e chovali, ale tak\u00e9 se dr\u017eeli sv\u00e9ho \u00fakolu a soust\u0159ed\u011bn\u011b a trp\u011bliv\u011b vykon\u00e1vali svou pr\u00e1ci.\"<\/em> rarami20000 prost\u0159ednictv\u00edm <a href=\"http:\/\/www.mouthshut.com\/review\/Leo-Packers-and-Movers-Hyderabad-review-mmqtqrslsnm\" target=\"_blank\" rel=\"noopener\">MouthShut.com<\/a>\n<\/ul>\n<p><strong>Negativn\u00ed:<\/strong><\/p>\n<ul>\n<li> <em>\"Tihle lid\u00e9 jsou nejhor\u0161\u00ed, nejd\u0159\u00edv v\u00e1s p\u0159iprav\u00ed o pen\u00edze a pak u\u017e v\u00e1s nikdy neposlechnou.\"<\/em> subbu2001978 prost\u0159ednictv\u00edm <a href=\"http:\/\/www.mouthshut.com\/review\/Leo-Packers-and-Movers-Hyderabad-review-sqtrrrmoqqm\" target=\"_blank\" rel=\"noopener\">MouthShut.com<\/a><\/li>\n<\/ul>\n<div itemprop=\"review\" itemscope itemtype=\"http:\/\/schema.org\/Review\">\n<span itemprop=\"author\" itemscope=\"\" itemtype=\"http:\/\/schema.org\/Organization\"><span itemprop=\"name\">MoverDB.com<\/span><\/span> Online recenze webov\u00fdch str\u00e1nek pro <span itemprop=\"itemreviewed\" itemscope=\"\" itemtype=\"http:\/\/schema.org\/Brand\"><span itemprop=\"name\">Leo Packers a Movers<\/span><\/span>:<\/p>\n<ol>\n<li> Jasn\u00e9 kontaktn\u00ed \u00fadaje na webov\u00fdch str\u00e1nk\u00e1ch (v\u010detn\u011b telefonn\u00edho \u010d\u00edsla): <strong>Ano<\/strong><\/li>\n<li> Snadn\u00e9 z\u00edsk\u00e1n\u00ed <a href=\"https:\/\/moverdb.com\/cs\/citaty\/\">mezin\u00e1rodn\u00ed st\u011bhov\u00e1n\u00ed citace<\/a>? (Online formul\u00e1\u0159 \u017e\u00e1dosti o odhad): <strong>Ano<\/strong><\/li>\n<li> Jasn\u00e9 informace na webov\u00fdch str\u00e1nk\u00e1ch: <strong>Omezen\u00e9<\/strong> webov\u00e9 str\u00e1nky nab\u00edzej\u00ed pouze omezen\u00e9 informace o jejich slu\u017eb\u00e1ch.<\/li>\n<li> \u010clenstv\u00ed v mezin\u00e1rodn\u00edch uzn\u00e1van\u00fdch organizac\u00edch pohybliv\u00fdch aktivit: <strong>Nen\u00ed uvedeno<\/strong><\/li>\n<li> Seznam klient\u016f a\/nebo reference p\u0159edchoz\u00edch z\u00e1kazn\u00edk\u016f. <strong>Ne,<\/strong> ale maj\u00ed galerii fotografi\u00ed.<\/li>\n<\/ol>\n<div itemprop=\"reviewRating\" itemscope itemtype=\"http:\/\/schema.org\/Rating\"><meta itemprop=\"worstRating\" content = \"0\" \/><meta itemprop=\"bestRating\" content=\"5\" \/><meta itemprop=\"ratingValue\" content=\"3\"><\/div>\n<p><strong>Celkov\u00e9 hodnocen\u00ed: 3\/5<\/strong><br \/>\n<strong>Datum recenze:<\/strong> <span itemprop=\"datePublished\" content=\"2017-02-01\">01\/02\/2017<\/span>\n<\/div>\n<p>P\u0159e\u010dt\u011bte si v\u00edce o <a href=\"https:\/\/moverdb.com\/cs\/stehovani-spolecnosti\/\">mezin\u00e1rodn\u00ed st\u011bhovac\u00ed spole\u010dnosti<\/a> a na\u0161e <a href=\"https:\/\/moverdb.com\/cs\/recenze\/\">proces p\u0159ezkoum\u00e1n\u00ed<\/a>.<\/p>\n<p><strong>Webov\u00e9 str\u00e1nky:<\/strong> <a href=\"http:\/\/www.leopackersindia.com\/\" target=\"_blank\" rel=\"noopener\">http:\/\/www.leopackersindia.com\/<\/a><\/p>","protected":false},"excerpt":{"rendered":"<p>Leo Packers and Movers is based in Bangalore, India. The company offers its customers a wide range of services which are listed below, together with a company profile and reviews. International Moves Door to door Door to terminal Full packing service, fragile items or DIY packing Dismantling and reassembly of furniture Full unpacking service available [&hellip;]<\/p>\n","protected":false},"author":1,"featured_media":0,"parent":0,"menu_order":0,"comment_status":"closed","ping_status":"closed","template":"","meta":{"_genesis_hide_title":false,"_genesis_hide_breadcrumbs":false,"_genesis_hide_singular_image":false,"_genesis_hide_footer_widgets":false,"_genesis_custom_body_class":"","_genesis_custom_post_class":"","_genesis_layout":"","footnotes":""},"class_list":{"0":"post-1568","1":"page","2":"type-page","3":"status-publish","5":"entry"},"_links":{"self":[{"href":"https:\/\/moverdb.com\/cs\/wp-json\/wp\/v2\/pages\/1568","targetHints":{"allow":["GET"]}}],"collection":[{"href":"https:\/\/moverdb.com\/cs\/wp-json\/wp\/v2\/pages"}],"about":[{"href":"https:\/\/moverdb.com\/cs\/wp-json\/wp\/v2\/types\/page"}],"author":[{"embeddable":true,"href":"https:\/\/moverdb.com\/cs\/wp-json\/wp\/v2\/users\/1"}],"replies":[{"embeddable":true,"href":"https:\/\/moverdb.com\/cs\/wp-json\/wp\/v2\/comments?post=1568"}],"version-history":[{"count":3,"href":"https:\/\/moverdb.com\/cs\/wp-json\/wp\/v2\/pages\/1568\/revisions"}],"predecessor-version":[{"id":13170,"href":"https:\/\/moverdb.com\/cs\/wp-json\/wp\/v2\/pages\/1568\/revisions\/13170"}],"wp:attachment":[{"href":"https:\/\/moverdb.com\/cs\/wp-json\/wp\/v2\/media?parent=1568"}],"curies":[{"name":"wp","href":"https:\/\/api.w.org\/{rel}","templated":true}]}}