{"id":1558,"date":"2017-07-10T10:38:01","date_gmt":"2017-07-10T10:38:01","guid":{"rendered":"http:\/\/moverdb.com\/?page_id=1558"},"modified":"2026-01-08T15:20:30","modified_gmt":"2026-01-08T15:20:30","slug":"packimpex","status":"publish","type":"page","link":"https:\/\/moverdb.com\/cs\/packimpex\/","title":{"rendered":"Packimpex - Mezin\u00e1rodn\u00ed st\u011bhov\u00e1n\u00ed Recenze"},"content":{"rendered":"<p>Packimpex je spole\u010dnost zab\u00fdvaj\u00edc\u00ed se p\u0159emis\u0165ov\u00e1n\u00edm a <a href=\"https:\/\/moverdb.com\/cs\/international-removals\/\" data-internallinksmanager029f6b8e52c=\"27\" title=\"36 nejlep\u0161\u00edch mezin\u00e1rodn\u00edch st\u011bhovac\u00edch spole\u010dnost\u00ed ve Velk\u00e9 Brit\u00e1nii\">st\u011bhovac\u00ed spole\u010dnost<\/a> se s\u00eddlem v <a href=\"https:\/\/moverdb.com\/cs\/moving-to-bern\/\" data-internallinksmanager029f6b8e52c=\"262\" title=\"St\u011bhov\u00e1n\u00ed do Bernu? 2026 N\u00e1klady na bydlen\u00ed a tipy na st\u011bhov\u00e1n\u00ed\">Bern<\/a>, <a href=\"https:\/\/moverdb.com\/cs\/moving-to-switzerland\/\" data-internallinksmanager029f6b8e52c=\"327\" title=\"St\u011bhov\u00e1n\u00ed do \u0160v\u00fdcarska? 2026 N\u00e1klady na bydlen\u00ed a tipy na st\u011bhov\u00e1n\u00ed\">\u0160v\u00fdcarsko<\/a>. Sv\u00fdm klient\u016fm nab\u00edz\u00ed \u0159adu slu\u017eeb, kter\u00e9 jsou uvedeny n\u00ed\u017ee, spolu s profilem spole\u010dnosti a recenzemi.<\/p>\n<p><strong>Mezin\u00e1rodn\u00ed p\u0159esuny<\/strong><\/p>\n<ul>\n<li> Vyhrazen\u00fd mana\u017eer st\u011bhov\u00e1n\u00ed<\/li>\n<li> Kompletn\u00ed balic\u00ed slu\u017eby, \u010d\u00e1ste\u010dn\u00e9 balen\u00ed nebo balen\u00ed pro kutily<\/li>\n<li> V\u00edcejazy\u010dn\u00ed bali\u010di<\/li>\n<li> Opakovan\u011b pou\u017eiteln\u00e9 a recyklovateln\u00e9 obaly, pokud je to mo\u017en\u00e9.<\/li>\n<li> Leteck\u00e1, silni\u010dn\u00ed nebo n\u00e1mo\u0159n\u00ed doprava<\/li>\n<li> P\u0159em\u00edst\u011bn\u00ed dom\u00e1c\u00edho mazl\u00ed\u010dka<\/li>\n<li> <a href=\"https:\/\/moverdb.com\/cs\/preprava-aut-a-lodni-doprava\/\">Automobily<\/a><\/li>\n<li> Dlouhodob\u00e9 a kr\u00e1tkodob\u00e9 skladov\u00e1n\u00ed<\/li>\n<li> Pomoc s celn\u00edm odbaven\u00edm a dokumentac\u00ed<\/li>\n<li> K dispozici je kompletn\u00ed vybalovac\u00ed slu\u017eba<\/li>\n<li> Sjednan\u00e9 poji\u0161t\u011bn\u00ed<\/li>\n<\/ul>\n<p><strong>Destina\u010dn\u00ed slu\u017eby - \u0160v\u00fdcarsko<\/strong><\/p>\n<ul>\n<li> Poradenstv\u00ed<\/li>\n<li> Imigra\u010dn\u00ed slu\u017eby<\/li>\n<li> Orienta\u010dn\u00ed prohl\u00eddka<\/li>\n<li> P\u0159\u00edjezdov\u00e1 slu\u017eba<\/li>\n<li> Zaji\u0161t\u011bn\u00ed do\u010dasn\u00e9ho ubytov\u00e1n\u00ed<\/li>\n<li> Vyhled\u00e1v\u00e1n\u00ed na domovsk\u00e9 str\u00e1nce<\/li>\n<li> Pomoc p\u0159i vzd\u011bl\u00e1v\u00e1n\u00ed a p\u00e9\u010di o d\u011bti<\/li>\n<li> Z\u0159izovac\u00ed slu\u017eby<\/li>\n<li> Program na podporu integrace<\/li>\n<li> Automobily - dovoz nebo n\u00e1kup<\/li>\n<li> P\u0159esuny skupiny<\/li>\n<li> Odletov\u00e9 slu\u017eby<\/li>\n<\/ul>\n<p><strong>Slu\u017eby firemn\u00edho bydlen\u00ed<\/strong><\/p>\n<ul>\n<li> Spr\u00e1va rezervac\u00ed<\/li>\n<li> Spr\u00e1va byt\u016f<\/li>\n<li> Spr\u00e1va v\u00fddaj\u016f<\/li>\n<li> Podpora p\u0159i zm\u011bn\u011b n\u00e1jemce<\/li>\n<li> Sdru\u017eov\u00e1n\u00ed firemn\u00edch byt\u016f<\/li>\n<li> Pron\u00e1jem n\u00e1bytku<\/li>\n<li> Spr\u00e1va n\u00e1bytku<\/li>\n<li> Za\u0159\u00edzen\u00e9 apartm\u00e1ny od Packimpex<\/li>\n<\/ul>\n<p><strong>M\u00edstn\u00ed p\u0159esuny<\/strong><\/p>\n<ul>\n<li> Od dve\u0159\u00ed ke dve\u0159\u00edm<\/li>\n<li> Kompletn\u00ed st\u011bhovac\u00ed slu\u017eby<\/li>\n<li> Omezen\u00fd pohyb slu\u017eeb<\/li>\n<li> Dlouhodob\u00e9 a kr\u00e1tkodob\u00e9 skladov\u00e1n\u00ed<\/li>\n<li> K dispozici je slu\u017eba vybalov\u00e1n\u00ed<\/li>\n<li> Poskytnut\u00e9 poji\u0161t\u011bn\u00ed<\/li>\n<li> Odstra\u0148ov\u00e1n\u00ed trosek<\/li>\n<\/ul>\n<h2>Profil spole\u010dnosti Packimpex<\/h2>\n<p>Spole\u010dnost Packimpex se za\u010dala soust\u0159edit na mezin\u00e1rodn\u00ed st\u011bhov\u00e1n\u00ed v roce 1977 a v sou\u010dasn\u00e9 dob\u011b je p\u0159edn\u00edm poskytovatelem slu\u017eeb v oblasti mezin\u00e1rodn\u00edho st\u011bhov\u00e1n\u00ed a relokace ve \u0160v\u00fdcarsku. Spole\u010dnost m\u00e1 deset kancel\u00e1\u0159\u00ed na r\u016fzn\u00fdch m\u00edstech \u0160v\u00fdcarska a jednu ve \u0160v\u00fdcarsku. <a href=\"https:\/\/moverdb.com\/cs\/moving-to-germany\/\" data-internallinksmanager029f6b8e52c=\"321\" title=\"St\u011bhov\u00e1n\u00ed do N\u011bmecka? 2026 N\u00e1klady na bydlen\u00ed a tipy na st\u011bhov\u00e1n\u00ed\">N\u011bmecko<\/a>. Packimpex zam\u011bstn\u00e1v\u00e1 v\u00edce ne\u017e 300 zam\u011bstnanc\u016f, kte\u0159\u00ed jsou podle sv\u00fdch slov odborn\u00edky ve sv\u00e9m oboru. Spole\u010dnost m\u00e1 vlastn\u00ed vzd\u011bl\u00e1vac\u00ed akademii, aby mohla z\u016fstat na \u0161pi\u010dce nejnov\u011bj\u0161\u00edch inovac\u00ed v oboru st\u011bhov\u00e1n\u00ed a p\u0159emis\u0165ov\u00e1n\u00ed.<\/p>\n<p>V\u00edce ne\u017e 60% ze 100 nejv\u011bt\u0161\u00edch \u0161v\u00fdcarsk\u00fdch spole\u010dnost\u00ed vyu\u017e\u00edv\u00e1 spole\u010dnost Packimpex pro m\u00edstn\u00ed st\u011bhov\u00e1n\u00ed a st\u011bhov\u00e1n\u00ed zam\u011bstnanc\u016f. Spole\u010dnost Packimpex je sou\u010d\u00e1st\u00ed s\u00edt\u011b UniGroup Relocation Network, kter\u00e1 j\u00ed poskytuje p\u0159\u00edstup ke st\u011bhov\u00e1k\u016fm v 63 zem\u00edch a 1200 lokalit\u00e1ch. Spole\u010dnost tak\u00e9 vlastn\u00ed 40 za\u0159\u00edzen\u00fdch byt\u016f ve velk\u00fdch m\u011bstech \u0160v\u00fdcarska, kter\u00e9 pronaj\u00edm\u00e1 spole\u010dnostem a jejich zahrani\u010dn\u00edm zam\u011bstnanc\u016fm.<\/p>\n<p>Spole\u010dnost Packimpex je hrd\u00e1 na sv\u016fj obchodn\u00ed model \u0161etrn\u00fd k \u017eivotn\u00edmu prost\u0159ed\u00ed a recykluje sv\u00e9 obaly, kde je to mo\u017en\u00e9. Neust\u00e1le realizuje r\u016fzn\u00e9 projekty kompenzace uhl\u00edkov\u00fdch emis\u00ed, aby sn\u00ed\u017eila uhl\u00edkovou stopu spole\u010dnosti.<\/p>\n<p>Spole\u010dnost Packimpex m\u00e1 n\u00e1sleduj\u00edc\u00ed akreditace a afilace:<\/p>\n<ul>\n<li> <a href=\"https:\/\/moverdb.com\/cs\/fidi-faim\/\">FIDI<\/a><\/li>\n<li> <a href=\"https:\/\/moverdb.com\/cs\/fidi-faim\/\" data-internallinksmanager029f6b8e52c=\"16\" title=\"Vysv\u011btlen\u00ed FIDI a FAIM (FIDI Accredited International Mover)\">FAIM<\/a>-ISO<\/li>\n<li> UniGroup Relocation Network<\/li>\n<li> OMNI<\/li>\n<li> <a href=\"https:\/\/moverdb.com\/cs\/rada-pro-premisteni-zamestnancu\/\">Rada pro relokaci zam\u011bstn\u00e1n\u00ed<\/a> (<a href=\"https:\/\/moverdb.com\/cs\/employee-relocation-council\/\" data-internallinksmanager029f6b8e52c=\"83\" title=\"Vysv\u011btlen\u00ed celosv\u011btov\u00e9 Rady pro p\u0159em\u00eds\u0165ov\u00e1n\u00ed zam\u011bstnanc\u016f (ERC)\">ERC<\/a>)<\/li>\n<li> <a href=\"https:\/\/moverdb.com\/cs\/eura\/\">Evropsk\u00e1 asociace pro p\u0159emis\u0165ov\u00e1n\u00ed<\/a> (<a href=\"https:\/\/moverdb.com\/cs\/eura\/\" data-internallinksmanager029f6b8e52c=\"13\" title=\"Vysv\u011btlen\u00ed Evropsk\u00e9 asociace pro p\u0159emis\u0165ov\u00e1n\u00ed (EuRA)\">EURA<\/a>)<\/li>\n<li> ISO 9001<\/li>\n<li> ISO 14001<\/li>\n<li> ISO 27001<\/li>\n<\/ul>\n<h2>Recenze Packimpex<\/h2>\n<p><strong>Pozitivn\u00ed:<\/strong><\/p>\n<p><em>\"Tihle kluci byli skv\u011bl\u00ed. Nem\u00e1m p\u0159edstavu o tom, jak se <a href=\"https:\/\/moverdb.com\/cs\/naklady-na-stehovani\/\" target=\"_blank\" rel=\"noopener\">n\u00e1klady<\/a> jak se o to postarala spole\u010dnost, ale p\u00e9\u010de, kterou v\u011bnovali balen\u00ed m\u00e9ho domu v <a href=\"https:\/\/moverdb.com\/cs\/moving-to-london\/\" target=\"_blank\" rel=\"noopener\">Lond\u00fdn<\/a> a pe\u010dlivost, s jakou v\u0161e na t\u00e9to stran\u011b smontovali, byla skv\u011bl\u00e1.\"<\/em> - prost\u0159ednictv\u00edm <a href=\"https:\/\/www.englishforum.ch\/housing-general\/131431-packimpex-review.html\" target=\"_blank\" rel=\"noopener\">Anglick\u00e9 f\u00f3rum \u0160v\u00fdcarsko<\/a><\/p>\n<p><strong>Negativn\u00ed: <\/strong><\/p>\n<p><em>\"Extr\u00e9mn\u011b \u0161patn\u00e9 vy\u0159\u00edzen\u00ed odjezdu\"<\/em> - Anu prost\u0159ednictv\u00edm <a href=\"https:\/\/www.facebook.com\/pg\/packimpex\/reviews\/?ref=page_internal\" target=\"_blank\" rel=\"noopener\">Facebook<\/a><\/p>\n<div itemprop=\"review\" itemscope itemtype=\"http:\/\/schema.org\/Review\">\n<span itemprop=\"author\" itemscope=\"\" itemtype=\"http:\/\/schema.org\/Organization\"><span itemprop=\"name\">MoverDB.com<\/span><\/span> Online recenze webov\u00fdch str\u00e1nek pro <span itemprop=\"itemreviewed\" itemscope=\"\" itemtype=\"http:\/\/schema.org\/Brand\"><span itemprop=\"name\">Packimpex<\/span><\/span>:<\/p>\n<ol>\n<li> Jasn\u00e9 kontaktn\u00ed \u00fadaje na webov\u00fdch str\u00e1nk\u00e1ch (v\u010detn\u011b telefonn\u00edho \u010d\u00edsla): <strong>Ano<\/strong><\/li>\n<li> Snadn\u00e9 z\u00edsk\u00e1n\u00ed <a href=\"https:\/\/moverdb.com\/cs\/citaty\/\">mezin\u00e1rodn\u00ed st\u011bhov\u00e1n\u00ed citace<\/a>? (Online formul\u00e1\u0159 \u017e\u00e1dosti o odhad): <strong>Ano<\/strong><\/li>\n<li> Jasn\u00e9 informace na webov\u00fdch str\u00e1nk\u00e1ch: <strong>Ano,<\/strong> Na webov\u00fdch str\u00e1nk\u00e1ch jsou jasn\u011b uvedeny v\u0161echny slu\u017eby, kter\u00e9 nab\u00edzej\u00ed.<\/li>\n<li> \u010dlenstv\u00ed v mezin\u00e1rodn\u00edch uzn\u00e1van\u00fdch organizac\u00edch pohybliv\u00fdch aktivit: <strong>Ano<\/strong>, (viz v\u00fd\u0161e)<\/li>\n<li> Seznam klient\u016f a\/nebo reference p\u0159edchoz\u00edch z\u00e1kazn\u00edk\u016f. <strong>Ne,<\/strong> ale v\u011bt\u0161ina online recenz\u00ed spole\u010dnosti se zd\u00e1 b\u00fdt pozitivn\u00ed.<\/li>\n<\/ol>\n<div itemprop=\"reviewRating\" itemscope itemtype=\"http:\/\/schema.org\/Rating\"><meta itemprop=\"worstRating\" content = \"0\" \/><meta itemprop=\"bestRating\" content=\"5\" \/><meta itemprop=\"ratingValue\" content=\"4.5\"><\/div>\n<p><strong>Celkov\u00e9 hodnocen\u00ed: 4,5\/5<\/strong><br \/>\n<strong>Datum recenze:<\/strong> <span itemprop=\"datePublished\" content=\"2017-07-10\">10\/07\/2017<\/span>\n<\/div>\n<p>P\u0159e\u010dt\u011bte si v\u00edce o <a href=\"https:\/\/moverdb.com\/cs\/stehovani-spolecnosti\/\">mezin\u00e1rodn\u00ed st\u011bhovac\u00ed spole\u010dnosti<\/a> a na\u0161e <a href=\"https:\/\/moverdb.com\/cs\/recenze\/\">vysv\u011btlen\u00ed procesu p\u0159ezkoum\u00e1n\u00ed<\/a>.<\/p>\n<p><strong>Webov\u00e9 str\u00e1nky:<\/strong> <a href=\"http:\/\/www.packimpex.ch\/\" target=\"_blank\" rel=\"noopener\">http:\/\/www.packimpex.ch\/<\/a><\/p>","protected":false},"excerpt":{"rendered":"<p>Packimpex is a relocation and removal company based in Bern, Switzerland. It offers its clients a range of services which are listed below, together with a company profile and reviews. International Moves Dedicated move manager Full packing service, partial packing or DIY packing Multilingual packers Reusable and recyclable packing where possible Air, road or sea [&hellip;]<\/p>\n","protected":false},"author":1,"featured_media":0,"parent":0,"menu_order":0,"comment_status":"closed","ping_status":"closed","template":"","meta":{"_genesis_hide_title":false,"_genesis_hide_breadcrumbs":false,"_genesis_hide_singular_image":false,"_genesis_hide_footer_widgets":false,"_genesis_custom_body_class":"","_genesis_custom_post_class":"","_genesis_layout":"","footnotes":""},"class_list":{"0":"post-1558","1":"page","2":"type-page","3":"status-publish","5":"entry"},"_links":{"self":[{"href":"https:\/\/moverdb.com\/cs\/wp-json\/wp\/v2\/pages\/1558","targetHints":{"allow":["GET"]}}],"collection":[{"href":"https:\/\/moverdb.com\/cs\/wp-json\/wp\/v2\/pages"}],"about":[{"href":"https:\/\/moverdb.com\/cs\/wp-json\/wp\/v2\/types\/page"}],"author":[{"embeddable":true,"href":"https:\/\/moverdb.com\/cs\/wp-json\/wp\/v2\/users\/1"}],"replies":[{"embeddable":true,"href":"https:\/\/moverdb.com\/cs\/wp-json\/wp\/v2\/comments?post=1558"}],"version-history":[{"count":4,"href":"https:\/\/moverdb.com\/cs\/wp-json\/wp\/v2\/pages\/1558\/revisions"}],"predecessor-version":[{"id":6228,"href":"https:\/\/moverdb.com\/cs\/wp-json\/wp\/v2\/pages\/1558\/revisions\/6228"}],"wp:attachment":[{"href":"https:\/\/moverdb.com\/cs\/wp-json\/wp\/v2\/media?parent=1558"}],"curies":[{"name":"wp","href":"https:\/\/api.w.org\/{rel}","templated":true}]}}