{"id":1548,"date":"2017-02-01T15:00:53","date_gmt":"2017-02-01T15:00:53","guid":{"rendered":"http:\/\/moverdb.com\/?page_id=1548"},"modified":"2026-01-08T15:20:43","modified_gmt":"2026-01-08T15:20:43","slug":"sirva","status":"publish","type":"page","link":"https:\/\/moverdb.com\/cs\/sirva\/","title":{"rendered":"SIRVA - Mezin\u00e1rodn\u00ed st\u011bhov\u00e1n\u00ed a relokace Recenze"},"content":{"rendered":"<p>SIRVA je glob\u00e1ln\u00ed reloka\u010dn\u00ed spole\u010dnost se s\u00eddlem v Praze. <a href=\"https:\/\/moverdb.com\/cs\/moving-to-the-united-states\/moving-to-illinois\/\" data-internallinksmanager029f6b8e52c=\"401\" title=\"St\u011bhov\u00e1n\u00ed do Illinois? 2026 N\u00e1klady na bydlen\u00ed a tipy na p\u0159est\u011bhov\u00e1n\u00ed\">Illinois<\/a>. Sv\u00fdm firemn\u00edm i individu\u00e1ln\u00edm klient\u016fm nab\u00edz\u00ed celou \u0159adu st\u011bhovac\u00edch slu\u017eeb. Ty jsou uvedeny n\u00ed\u017ee spolu s profilem spole\u010dnosti a recenzemi.<\/p>\n<p><strong>Mezin\u00e1rodn\u00ed st\u011bhov\u00e1n\u00ed<\/strong><\/p>\n<ul>\n<li> Celosv\u011btov\u00e1 s\u00ed\u0165 pohybliv\u00fdch zdroj\u016f<\/li>\n<li> Sledov\u00e1n\u00ed z\u00e1silky 24\/7<\/li>\n<li> Prohl\u00eddka domu za \u00fa\u010delem zji\u0161t\u011bn\u00ed po\u017eadavk\u016f na balen\u00ed atd.<\/li>\n<li> Sjednan\u00e9 poji\u0161t\u011bn\u00ed<\/li>\n<li> Osobn\u00ed koordin\u00e1tor v\u00e1m pom\u016f\u017ee s vy\u0159\u00edzen\u00edm po\u017eadovan\u00e9 dokumentace<\/li>\n<li> Balen\u00ed a nakl\u00e1d\u00e1n\u00ed<\/li>\n<li> Celn\u00ed odbaven\u00ed<\/li>\n<li> Dod\u00e1n\u00ed a vybalen\u00ed<\/li>\n<li> P\u0159i doru\u010den\u00ed v\u00e1m budou k dispozici anglicky mluv\u00edc\u00ed vedouc\u00ed pos\u00e1dky.<\/li>\n<li> V\u0161echny polo\u017eky budou pe\u010dliv\u011b vylo\u017eeny, zkontrolov\u00e1ny s va\u0161\u00edm invent\u00e1rn\u00edm seznamem a um\u00edst\u011bny do spr\u00e1vn\u00fdch m\u00edstnost\u00ed.<\/li>\n<li> K\u0159ehk\u00e9 p\u0159edm\u011bty, jako je sklo a <a href=\"https:\/\/moverdb.com\/cs\/moving-to-china\/\" data-internallinksmanager029f6b8e52c=\"357\" title=\"St\u011bhov\u00e1n\u00ed do \u010c\u00edny? 2026 N\u00e1klady na bydlen\u00ed a tipy na st\u011bhov\u00e1n\u00ed\">\u010c\u00edna<\/a>, bude vybaleno na rovn\u00e9m povrchu<\/li>\n<li> Ve\u0161ker\u00fd balic\u00ed materi\u00e1l a su\u0165 budou z va\u0161eho domova rychle odstran\u011bny.<\/li>\n<\/ul>\n<p><strong>Podnikov\u00e9 st\u011bhovac\u00ed slu\u017eby<\/strong><\/p>\n<ul>\n<li> Z\u0159izovac\u00ed slu\u017eby<\/li>\n<li> V\u00edza a pracovn\u00ed povolen\u00ed<\/li>\n<li> Vyhled\u00e1v\u00e1n\u00ed \u0161kol a domov\u016f<\/li>\n<li> Kulturn\u00ed informace<\/li>\n<li> Pomoc partnera\/man\u017eela<\/li>\n<li> Specializovan\u00e9 balen\u00ed<\/li>\n<\/ul>\n<p><strong>St\u011bhovac\u00ed slu\u017eby<\/strong><\/p>\n<ul>\n<li> St\u011bhov\u00e1n\u00ed dom\u00e1cnosti<\/li>\n<li> St\u011bhov\u00e1n\u00ed spole\u010dnosti<\/li>\n<li> M\u00edstn\u00ed st\u011bhov\u00e1n\u00ed<\/li>\n<li> Mezist\u00e1tn\u00ed st\u011bhov\u00e1n\u00ed<\/li>\n<li> Mezin\u00e1rodn\u00ed st\u011bhov\u00e1n\u00ed<\/li>\n<li> Osobn\u00ed pl\u00e1n st\u011bhov\u00e1n\u00ed<\/li>\n<\/ul>\n<h2>Profil spole\u010dnosti SIRVA<\/h2>\n<p>Spole\u010dnost Sirva Inc byla zalo\u017eena v roce 1997 a poskytuje st\u011bhovac\u00ed a reloka\u010dn\u00ed slu\u017eby firm\u00e1m i jednotlivc\u016fm. P\u016fsob\u00ed ve v\u00edce ne\u017e 170 zem\u00edch ve v\u00edce ne\u017e 1 400 m\u011bstech a mezi jej\u00ed severoamerick\u00e9 zna\u010dky pat\u0159\u00ed nap\u0159. <a href=\"https:\/\/moverdb.com\/cs\/allied-van-lines\/\">Allied Van Lines<\/a> a <a href=\"https:\/\/moverdb.com\/cs\/north-american-van-lines\/\">Spole\u010dnost North American Van Lines<\/a>.<\/p>\n<p>Spole\u010dnost Sirva ro\u010dn\u011b provede p\u0159ibli\u017en\u011b 385 000 st\u011bhov\u00e1n\u00ed ve 43 zem\u00edch sv\u011bta. Pat\u0159\u00ed mezi n\u011b firemn\u00ed klienti i vojensk\u00fd a vl\u00e1dn\u00ed person\u00e1l.<\/p>\n<p>Spole\u010dnost Sirva m\u00e1 n\u00e1sleduj\u00edc\u00ed akreditace a afiliace:<\/p>\n<ul>\n<li> <a href=\"https:\/\/moverdb.com\/cs\/iam\/\">Mezin\u00e1rodn\u00ed asociace st\u011bhov\u00e1k\u016f<\/a> (<a href=\"https:\/\/moverdb.com\/cs\/iam\/\" data-internallinksmanager029f6b8e52c=\"23\" title=\"Vysv\u011btlen\u00ed Mezin\u00e1rodn\u00ed asociace st\u011bhov\u00e1k\u016f (IAM)\">IAM<\/a>)<\/li>\n<\/ul>\n<h2>SIRVA Recenze<\/h2>\n<p><strong>Pozitivn\u00ed:<\/strong><\/p>\n<ul>\n<li> <em>\"S man\u017eelem jsme m\u011bli skv\u011blou zku\u0161enost s hypot\u00e9kou Sirva p\u0159i na\u0161em ned\u00e1vn\u00e9m st\u011bhov\u00e1n\u00ed.\"<\/em> Karlee prost\u0159ednictv\u00edm <a href=\"https:\/\/www.reputada.com\/company\/sirva.com\" target=\"_blank\" rel=\"noopener\">Reputada<\/a>.\n<\/ul>\n<p><strong>Negativn\u00ed:<\/strong><\/p>\n<ul>\n<li> <em>\"V\u0161e dohromady, aby moje odpov\u011b\u010f nebyla pova\u017eov\u00e1na za jak\u00fdkoli druh \"pomluvy\", pokus\u00edm se co nejl\u00e9pe vyl\u00ed\u010dit, co se stalo, a pokus\u00edm se pou\u017e\u00edt co nejm\u00e9n\u011b nad\u0161en\u00fdch slov, jak\u00e1 se daj\u00ed rozumn\u011b o\u010dek\u00e1vat.\" <\/em> - Lilaora prost\u0159ednictv\u00edm <a href=\"https:\/\/www.trulia.com\/voices\/Home_Selling\/Has_anyone_dealt_with_a_relocation_firm_called_SIR-29232\" target=\"_blank\" rel=\"noopener\">Trulia<\/a>.\n<\/ul>\n<p>Pro zna\u010dky SIRVA byste si tak\u00e9 m\u011bli p\u0159e\u010d\u00edst <a href=\"https:\/\/moverdb.com\/cs\/allied-van-lines\/\">Recenze spole\u010dnosti Allied Van Lines<\/a> a <a href=\"https:\/\/moverdb.com\/cs\/north-american-van-lines\/\">Recenze spole\u010dnosti North American Van Lines<\/a>.<\/p>\n<div itemprop=\"review\" itemscope itemtype=\"http:\/\/schema.org\/Review\">\n<span itemprop=\"author\" itemscope=\"\" itemtype=\"http:\/\/schema.org\/Organization\"><span itemprop=\"name\">MoverDB.com<\/span><\/span> Online recenze webov\u00fdch str\u00e1nek pro <span itemprop=\"itemreviewed\" itemscope=\"\" itemtype=\"http:\/\/schema.org\/Brand\"><span itemprop=\"name\">SIRVA<\/span><\/span>:<\/p>\n<ol>\n<li> Jasn\u00e9 kontaktn\u00ed \u00fadaje na webov\u00fdch str\u00e1nk\u00e1ch (v\u010detn\u011b telefonn\u00edho \u010d\u00edsla): <strong>Ano<\/strong><\/li>\n<li> Snadn\u00e9 z\u00edsk\u00e1n\u00ed <a href=\"https:\/\/moverdb.com\/cs\/citaty\/\">mezin\u00e1rodn\u00ed st\u011bhov\u00e1n\u00ed citace<\/a>? (Online formul\u00e1\u0159 \u017e\u00e1dosti o odhad): <strong>Ano<\/strong><\/li>\n<li> Jasn\u00e9 informace na webov\u00fdch str\u00e1nk\u00e1ch: <strong>Ano,<\/strong> Na webov\u00fdch str\u00e1nk\u00e1ch jsou p\u0159ehledn\u011b uvedeny v\u0161echny nab\u00edzen\u00e9 slu\u017eby.<\/li>\n<li> \u010clenstv\u00ed v mezin\u00e1rodn\u00edch uzn\u00e1van\u00fdch organizac\u00edch pohybliv\u00fdch aktivit: <strong>Ano<\/strong>, (i kdy\u017e pouze IAM)<\/li>\n<li> Seznam klient\u016f a\/nebo reference p\u0159edchoz\u00edch z\u00e1kazn\u00edk\u016f. <strong>Ano,<\/strong> na sv\u00fdch webov\u00fdch str\u00e1nk\u00e1ch maj\u00ed sekci p\u0159\u00edpadov\u00fdch studi\u00ed. Po\u010det recenz\u00ed na webu je v\u0161ak omezen\u00fd a v\u011bt\u0161ina z nich je neutr\u00e1ln\u00ed nebo negativn\u00ed.<\/li>\n<\/ol>\n<div itemprop=\"reviewRating\" itemscope itemtype=\"http:\/\/schema.org\/Rating\"><meta itemprop=\"worstRating\" content = \"0\" \/><meta itemprop=\"bestRating\" content=\"5\" \/><meta itemprop=\"ratingValue\" content=\"4.5\"><\/div>\n<p><strong>Celkov\u00e9 hodnocen\u00ed: 4,5\/5<\/strong><br \/>\n<strong>Datum recenze:<\/strong> <span itemprop=\"datePublished\" content=\"2016-02-01\">01\/02\/2017<\/span>\n<\/div>\n<p>P\u0159e\u010dt\u011bte si v\u00edce o <a href=\"https:\/\/moverdb.com\/cs\/stehovani-spolecnosti\/\">mezin\u00e1rodn\u00ed st\u011bhov\u00e1n\u00ed<\/a> a na\u0161e <a href=\"https:\/\/moverdb.com\/cs\/recenze\/\">proces p\u0159ezkoum\u00e1n\u00ed<\/a>.<\/p>\n<p><strong>Webov\u00e9 str\u00e1nky:<\/strong> <a href=\"https:\/\/www.sirva.com\/\" target=\"_blank\" rel=\"noopener\">https:\/\/www.sirva.com\/<\/a> <\/p>","protected":false},"excerpt":{"rendered":"<p>SIRVA is a global relocation company with its head office in Illinois. It offers its corporate and individual clients a variety of moving services. These are listed below together with a company profile and reviews. International Moving Worldwide network of moving resources Track your shipment 24\/7 House survey to ascertain packing requirements etc Insurance arranged [&hellip;]<\/p>\n","protected":false},"author":1,"featured_media":0,"parent":0,"menu_order":0,"comment_status":"closed","ping_status":"closed","template":"","meta":{"_genesis_hide_title":false,"_genesis_hide_breadcrumbs":false,"_genesis_hide_singular_image":false,"_genesis_hide_footer_widgets":false,"_genesis_custom_body_class":"","_genesis_custom_post_class":"","_genesis_layout":"","footnotes":""},"class_list":{"0":"post-1548","1":"page","2":"type-page","3":"status-publish","5":"entry"},"_links":{"self":[{"href":"https:\/\/moverdb.com\/cs\/wp-json\/wp\/v2\/pages\/1548","targetHints":{"allow":["GET"]}}],"collection":[{"href":"https:\/\/moverdb.com\/cs\/wp-json\/wp\/v2\/pages"}],"about":[{"href":"https:\/\/moverdb.com\/cs\/wp-json\/wp\/v2\/types\/page"}],"author":[{"embeddable":true,"href":"https:\/\/moverdb.com\/cs\/wp-json\/wp\/v2\/users\/1"}],"replies":[{"embeddable":true,"href":"https:\/\/moverdb.com\/cs\/wp-json\/wp\/v2\/comments?post=1548"}],"version-history":[{"count":5,"href":"https:\/\/moverdb.com\/cs\/wp-json\/wp\/v2\/pages\/1548\/revisions"}],"predecessor-version":[{"id":6239,"href":"https:\/\/moverdb.com\/cs\/wp-json\/wp\/v2\/pages\/1548\/revisions\/6239"}],"wp:attachment":[{"href":"https:\/\/moverdb.com\/cs\/wp-json\/wp\/v2\/media?parent=1548"}],"curies":[{"name":"wp","href":"https:\/\/api.w.org\/{rel}","templated":true}]}}