{"id":1542,"date":"2017-02-01T16:45:14","date_gmt":"2017-02-01T16:45:14","guid":{"rendered":"http:\/\/moverdb.com\/?page_id=1542"},"modified":"2026-01-08T15:30:38","modified_gmt":"2026-01-08T15:30:38","slug":"vip-transport","status":"publish","type":"page","link":"https:\/\/moverdb.com\/cs\/vip-transport\/","title":{"rendered":"VIP Transport - Mezin\u00e1rodn\u00ed st\u011bhov\u00e1n\u00ed Recenze"},"content":{"rendered":"<p>S\u00eddlo spole\u010dnosti VIP Transport se nach\u00e1z\u00ed ve m\u011bst\u011b Corona v Kalifornii. Spole\u010dnost nab\u00edz\u00ed sv\u00fdm klient\u016fm \u0159adu st\u011bhovac\u00edch slu\u017eeb, kter\u00e9 jsou uvedeny n\u00ed\u017ee spolu s profilem spole\u010dnosti a recenzemi.<\/p>\n<p><strong>Mezin\u00e1rodn\u00ed p\u0159esuny<\/strong><\/p>\n<p>Slu\u017eby p\u0159ed p\u0159id\u011blen\u00edm<\/p>\n<ul>\n<li>V\u00edzov\u00e9 a imigra\u010dn\u00ed slu\u017eby<\/li>\n<li>N\u00e1hled cesty a orientace v oblasti<\/li>\n<li>Informace o zemi a kultu\u0159e<\/li>\n<\/ul>\n<p>St\u011bhovac\u00ed slu\u017eby<\/p>\n<ul>\n<li>Pl\u00e1nov\u00e1n\u00ed p\u0159ed st\u011bhov\u00e1n\u00edm<\/li>\n<li>P\u0159eprava v\u011bc\u00ed<\/li>\n<li>\u0158\u00edzen\u00ed st\u011bhov\u00e1n\u00ed<\/li>\n<li>Sledov\u00e1n\u00ed z\u00e1silek<\/li>\n<\/ul>\n<p>Mezin\u00e1rodn\u00ed destina\u010dn\u00ed slu\u017eby<\/p>\n<ul>\n<li>Kulturn\u00ed a jazykov\u00e9 vzd\u011bl\u00e1v\u00e1n\u00ed<\/li>\n<li>Pomoc \u0161kol\u00e1m<\/li>\n<li>Podpora partnera\/man\u017eela<\/li>\n<li>Za\u0159azen\u00ed do slu\u017eby<\/li>\n<li>Asistence p\u0159i odjezdu<\/li>\n<\/ul>\n<p>Ochrann\u00e9 slu\u017eby<\/p>\n<ul>\n<li>Hmotnostn\u00ed n\u00e1sobitel<\/li>\n<li>Z\u00e1soby vysok\u00e9 hodnoty<\/li>\n<li>Polo\u017ekov\u011b ocen\u011bn\u00fd invent\u00e1\u0159<\/li>\n<\/ul>\n<p>Pomoc s bydlen\u00edm<\/p>\n<ul>\n<li>Slu\u017eby vyhled\u00e1v\u00e1n\u00ed dom\u016f<\/li>\n<li>Do\u010dasn\u00e9 ubytov\u00e1n\u00ed<\/li>\n<li>Spr\u00e1va nemovitost\u00ed a n\u00e1jm\u016f<\/li>\n<\/ul>\n<p><strong>St\u011bhov\u00e1n\u00ed dom\u016f<\/strong><\/p>\n<ul>\n<li>M\u00edstn\u00ed, d\u00e1lkov\u00e9 a mezin\u00e1rodn\u00ed st\u011bhov\u00e1n\u00ed<\/li>\n<li>Skladov\u00e1n\u00ed a klimatizovan\u00e9 skladov\u00e1n\u00ed<\/li>\n<li>Zak\u00e1zkov\u00e9 balen\u00ed<\/li>\n<li>Balic\u00ed a vybalovac\u00ed slu\u017eby<\/li>\n<li>P\u0159eprava automobil\u016f<\/li>\n<li>P\u0159ipojen\u00ed k s\u00edti, po\u010d\u00edta\u010di a divadlu<\/li>\n<li>Realitn\u00ed slu\u017eby<\/li>\n<li>Slu\u017eby v b\u00edl\u00fdch rukavi\u010dk\u00e1ch<\/li>\n<\/ul>\n<p><strong>P\u0159em\u00edst\u011bn\u00ed spole\u010dnosti<\/strong><\/p>\n<ul>\n<li>Osobn\u00ed koordin\u00e1tor<\/li>\n<li>Od dve\u0159\u00ed ke dve\u0159\u00edm<\/li>\n<li>Kompletn\u00ed balic\u00ed a vybalovac\u00ed slu\u017eby<\/li>\n<li>Dlouhodob\u00e9 a kr\u00e1tkodob\u00e9 skladov\u00e1n\u00ed<\/li>\n<li>Komplexn\u00ed v\u00fdkaznictv\u00ed a sledov\u00e1n\u00ed v\u00fddaj\u016f<\/li>\n<li>Nab\u00eddka odstup\u0148ovan\u00fdch slu\u017eeb<\/li>\n<li>Flexibiln\u00ed slu\u017eby pro v\u00fddaje na z\u00e1klad\u011b kapesn\u00e9ho<\/li>\n<li>Vlastn\u00ed uv\u00edtac\u00ed let\u00e1ky<\/li>\n<li>Sledov\u00e1n\u00ed online<\/li>\n<li>Vyhrazen\u00fd mana\u017eer \u00fa\u010dtu v\u00fdhradn\u011b pro zam\u011bstnance<\/li>\n<li>Do\u010dasn\u00e9 bydlen\u00ed<\/li>\n<\/ul>\n<p><strong>Specializovan\u00e9 slu\u017eby<\/strong><\/p>\n<ul>\n<li>St\u011bhov\u00e1n\u00ed a p\u0159eprava v\u00edna<\/li>\n<li>Zak\u00e1zkov\u00e9 balen\u00ed<\/li>\n<li>Servis v b\u00edl\u00fdch rukavic\u00edch<\/li>\n<li>Sb\u011bratelsk\u00e9 p\u0159edm\u011bty vysok\u00e9 hodnoty<\/li>\n<li>P\u0159eprava zdravotnick\u00e9ho vybaven\u00ed<\/li>\n<li>Elektronika a robotika<\/li>\n<li>Pohostinstv\u00ed a zdravotnictv\u00ed<\/li>\n<li>Hudba a z\u00e1bava<\/li>\n<li>Leteck\u00e1 a kosmick\u00e1 logistika<\/li>\n<li>St\u011bhov\u00e1n\u00ed sportovc\u016f a sportovn\u00edch t\u00fdm\u016f<\/li>\n<li>Slu\u017eby na Havajsk\u00e9 ostrovy<\/li>\n<li>St\u011bhov\u00e1n\u00ed laborato\u0159\u00ed<\/li>\n<li>V\u00fdtvarn\u00e9 um\u011bn\u00ed a staro\u017eitnosti<\/li>\n<li>Arm\u00e1da a GSA<\/li>\n<li>St\u011bhov\u00e1n\u00ed univerzit a akademick\u00fdch pracovi\u0161\u0165<\/li>\n<\/ul>\n<p><strong>Logistika<\/strong><\/p>\n<ul>\n<li>Logistika\/ LTL\/ Truckload<\/li>\n<li>Skladov\u00e1n\u00ed a distribuce<\/li>\n<li>Schopnosti flotily<\/li>\n<li>Veletr\u017en\u00ed slu\u017eby<\/li>\n<li>Komer\u010dn\u00ed st\u011bhov\u00e1n\u00ed<\/li>\n<li>Plo\u0161inov\u00e9 slu\u017eby<\/li>\n<li>V\u00e1zac\u00ed slu\u017eby<\/li>\n<li><a href=\"https:\/\/moverdb.com\/cs\/container-shipping\/\" data-internallinksmanager029f6b8e52c=\"3\" title=\"Graf sazeb mezin\u00e1rodn\u00ed kontejnerov\u00e9 dopravy: Kv\u011bten 2026\">Mezin\u00e1rodn\u00ed p\u0159eprava<\/a><\/li>\n<\/ul>\n<p><strong>\u00dalo\u017ei\u0161t\u011b<\/strong><\/p>\n<ul>\n<li>Dlouhodob\u00e9 a kr\u00e1tkodob\u00e9<\/li>\n<li>klimatizace s minim\u00e1ln\u00edm UV osv\u011btlen\u00edm<\/li>\n<li>Soukrom\u00e9 skladov\u00e1n\u00ed v\u00edna<\/li>\n<li>24hodinov\u00e1 ostraha<\/li>\n<li>P\u0159\u00edsn\u00e9 po\u017e\u00e1rn\u00ed, poplachov\u00e9 a bezpe\u010dnostn\u00ed zkou\u0161ky<\/li>\n<li>K dispozici jsou soukrom\u00e9 klimatizovan\u00e9 pokoje se zabezpe\u010den\u00fdm k\u00f3dov\u00fdm vstupem.<\/li>\n<\/ul>\n<h2>Profil spole\u010dnosti VIP Transport<\/h2>\n<p>VIP Transport je sou\u010d\u00e1st\u00ed skupiny UniGroup, kter\u00e1 je mate\u0159skou spole\u010dnost\u00ed spole\u010dnosti <a href=\"https:\/\/moverdb.com\/cs\/mayflower-transit\/\">Mayflower Transit<\/a> a <a href=\"https:\/\/moverdb.com\/cs\/united-van-lines\/\">Spole\u010dnost United Van Lines<\/a>. Spole\u010dnost, kter\u00e1 zah\u00e1jila \u010dinnost v roce 1982, p\u0159epravuje osoby a zbo\u017e\u00ed po cel\u00e9m sv\u011bt\u011b, p\u0159i\u010dem\u017e vyu\u017e\u00edv\u00e1 agenturn\u00ed s\u00ed\u0165 skupiny UniGroup. <\/p>\n<p>V <a href=\"https:\/\/moverdb.com\/cs\/moving-to-the-united-states\/\" data-internallinksmanager029f6b8e52c=\"94\" title=\"St\u011bhujete se do Spojen\u00fdch st\u00e1t\u016f? 2022 \u017divotn\u00ed n\u00e1klady a tipy na st\u011bhov\u00e1n\u00ed\">Spojen\u00e9 st\u00e1ty americk\u00e9<\/a> jen v \u010cesk\u00e9 republice je k dispozici 1 100 agent\u016f a v mezin\u00e1rodn\u00edm m\u011b\u0159\u00edtku v\u00edce ne\u017e 1 350 agent\u016f. VIP Transport m\u00e1 tak\u00e9 p\u0159\u00edstup k 46 milion\u016fm \u010dtvere\u010dn\u00edch stop skladov\u00fdch prostor, z nich\u017e 7 milion\u016f je klimatizov\u00e1no.<\/p>\n<p>Spole\u010dnost VIP Transport provozuje specializovan\u00fd vozov\u00fd park, kter\u00fd zahrnuje klimatizovan\u00e9 p\u0159\u00edv\u011bsy, laboratorn\u00ed vozy s gener\u00e1torem a plo\u0161inov\u00e9 vozy se speci\u00e1ln\u00edmi nakl\u00e1dac\u00edmi mo\u017enostmi. Spole\u010dnost dodr\u017euje p\u0159\u00edsn\u00fd ekologick\u00fd program, aby minimalizovala svou uhl\u00edkovou stopu.<br \/>\nSpole\u010dnost VIP Transport m\u00e1 n\u00e1sleduj\u00edc\u00ed akreditace a afiliace:<\/p>\n<ul>\n<li> <a href=\"https:\/\/moverdb.com\/cs\/amsa\/\">Americk\u00e1 asociace pro st\u011bhov\u00e1n\u00ed a skladov\u00e1n\u00ed<\/a> (<a href=\"https:\/\/moverdb.com\/cs\/amsa\/\" data-internallinksmanager029f6b8e52c=\"5\" title=\"Vysv\u011btlen\u00ed Americk\u00e9 asociace pro st\u011bhov\u00e1n\u00ed a skladov\u00e1n\u00ed (AMSA)\">AMSA<\/a>)<\/li>\n<li> <a href=\"https:\/\/moverdb.com\/cs\/rafkovy-obrubnik\/\">ProMover<\/a><\/li>\n<li> Better Business Bureau (BBB) A+<\/li>\n<li> Certifik\u00e1t WBENC<\/li>\n<li> ISO 9001<\/li>\n<\/ul>\n<h2>VIP Transport Recenze<\/h2>\n<p><strong>Pozitivn\u00ed:<\/strong><\/p>\n<ul>\n<li> <em>\"The <a href=\"https:\/\/moverdb.com\/cs\/stehovani-do-los-angeles\/\">Los Angeles<\/a> Spole\u010dnosti Clippers a VIP Transport maj\u00ed ji\u017e l\u00e9ta skv\u011bl\u00e9 vztahy. V\u017edy n\u00e1m byli p\u0159ipraveni pomoci se st\u011bhov\u00e1n\u00edm n\u011bkolika kl\u00ed\u010dov\u00fdch hr\u00e1\u010d\u016f a u\u010dinili tak bez jedin\u00e9 st\u00ed\u017enosti ze strany hr\u00e1\u010d\u016f.\"<\/em> - prost\u0159ednictv\u00edm <a href=\"http:\/\/www.viptransport.com\/testimonials\/\" target=\"_blank\" rel=\"noopener\">reference spole\u010dnosti<\/a> strana.<\/li>\n<li> <em>\"Tihle kluci dostanou 10 bod\u016f z 10.  Od prvn\u00edho kontaktu a\u017e po dokon\u010den\u00ed pr\u00e1ce jsme obdr\u017eeli \"A-1 Service\".  \"<\/em> - Robert prost\u0159ednictv\u00edm <a href=\"https:\/\/www.yelp.com\/biz\/vip-transport-corona-6?hrid=nuC3r_2wy6HRLOm4owqitg&#038;utm_campaign=www_review_share_popup&#038;utm_medium=copy_link&#038;utm_source=(direct)\" target=\"_blank\" rel=\"noopener\">Yelp<\/a><\/li>\n<li> <em>\"S VIP m\u00e1m skv\u011bl\u00e9 zku\u0161enosti!\"<\/em> - Michelle prost\u0159ednictv\u00edm <a href=\"https:\/\/www.mymovingreviews.com\/movers\/vip-transport-781#53376\" target=\"_blank\" rel=\"noopener\">MyMovingReviews<\/a><\/li>\n<\/ul>\n<p><strong>Negativn\u00ed:<\/strong><\/p>\n<ul>\n<li><em>\"K\u00e9\u017e bych jim mohl d\u00e1t nula hv\u011bzdi\u010dek.\"<\/em> - Nancy T prost\u0159ednictv\u00edm <a href=\"https:\/\/www.yelp.com\/biz\/vip-transport-corona-6?hrid=DvJSu2LKWnFvj2WuqZXtoQ&#038;utm_campaign=www_review_share_popup&#038;utm_medium=copy_link&#038;utm_source=(direct)\" target=\"_blank\" rel=\"noopener\">Yelp<\/a><\/li>\n<li> <em>\"Spole\u010dnost Mayflower\/VIP Transport jsem si vybral d\u00edky z\u00e1stupci, kter\u00fd p\u0159i\u0161el prov\u00e9st odhad na m\u00edst\u011b. Jeho vysv\u011btlen\u00ed mi z ostatn\u00edch odhad\u016f d\u00e1valo nejv\u011bt\u0161\u00ed smysl. Jak se v\u0161ak uk\u00e1zalo, jeho odhad hmotnosti byl o 6 000 liber vy\u0161\u0161\u00ed, ne\u017e se uk\u00e1zalo, \u017ee moje skute\u010dn\u00e1 hmotnost byla vy\u0161\u0161\u00ed.\"<\/em> - Ruthie prost\u0159ednictv\u00edm <a href=\"https:\/\/www.mymovingreviews.com\/movers\/vip-transport-781#50382\" target=\"_blank\" rel=\"noopener\">MyMovingReviews<\/a><\/li>\n<\/ul>\n<div itemprop=\"review\" itemscope itemtype=\"http:\/\/schema.org\/Review\">\n<span itemprop=\"author\" itemscope=\"\" itemtype=\"http:\/\/schema.org\/Organization\"><span itemprop=\"name\">MoverDB.com<\/span><\/span> Online recenze webov\u00fdch str\u00e1nek pro <span itemprop=\"itemreviewed\" itemscope=\"\" itemtype=\"http:\/\/schema.org\/Brand\"><span itemprop=\"name\">P\u0159eprava VIP<\/span><\/span>:<\/p>\n<ol>\n<li> Jasn\u00e9 kontaktn\u00ed \u00fadaje na webov\u00fdch str\u00e1nk\u00e1ch (v\u010detn\u011b telefonn\u00edho \u010d\u00edsla): <strong>Ano<\/strong><\/li>\n<li> Snadn\u00e9 z\u00edsk\u00e1n\u00ed <a href=\"https:\/\/moverdb.com\/cs\/citaty\/\">mezin\u00e1rodn\u00ed st\u011bhov\u00e1n\u00ed citace<\/a>? (Online formul\u00e1\u0159 \u017e\u00e1dosti o odhad): <strong>Ano<\/strong><\/li>\n<li> Jasn\u00e9 informace na webov\u00fdch str\u00e1nk\u00e1ch: <strong>Ano,<\/strong> webov\u00e9 str\u00e1nky obsahuj\u00ed mnoho podrobn\u00fdch informac\u00ed o st\u011bhov\u00e1n\u00ed.<\/li>\n<li> \u010clenstv\u00ed v mezin\u00e1rodn\u00edch uzn\u00e1van\u00fdch organizac\u00edch pohybliv\u00fdch aktivit: <strong>Ano<\/strong>, (viz v\u00fd\u0161e)<\/li>\n<li> Seznam klient\u016f a\/nebo reference p\u0159edchoz\u00edch z\u00e1kazn\u00edk\u016f. <strong>Ano,<\/strong> na jejich webov\u00fdch str\u00e1nk\u00e1ch lze nal\u00e9zt mnoho pozitivn\u00edch referenc\u00ed z\u00e1kazn\u00edk\u016f a maj\u00ed v\u011bt\u0161inou pozitivn\u00ed recenze i jinde na webu.<\/li>\n<\/ol>\n<div itemprop=\"reviewRating\" itemscope itemtype=\"http:\/\/schema.org\/Rating\"><meta itemprop=\"worstRating\" content = \"0\" \/><meta itemprop=\"bestRating\" content=\"5\" \/><meta itemprop=\"ratingValue\" content=\"5\"><\/div>\n<p><strong>Celkov\u00e9 hodnocen\u00ed: 5\/5<\/strong><br \/>\n<strong>Datum recenze:<\/strong> <span itemprop=\"datePublished\" content=\"2017-02-01\">01\/02\/2017<\/span>\n<\/div>\n<p>P\u0159e\u010dt\u011bte si v\u00edce o <a href=\"https:\/\/moverdb.com\/cs\/stehovani-spolecnosti\/\">mezin\u00e1rodn\u00ed st\u011bhovac\u00ed spole\u010dnosti<\/a> a na\u0161e <a href=\"https:\/\/moverdb.com\/cs\/recenze\/\">proces p\u0159ezkoum\u00e1n\u00ed<\/a>.<\/p>\n<p><strong>Webov\u00e9 str\u00e1nky:<\/strong> <a href=\"http:\/\/www.viptransport.com\/\" target=\"_blank\" rel=\"noopener\">http:\/\/www.viptransport.com\/<\/a><\/p>","protected":false},"excerpt":{"rendered":"<p>VIP Transport&#8217;s head office is in Corona, CA. The company offers its clients a variety of moving services which are listed below, together with a company profile and reviews. International Moves Pre-assignment Services Visa and immigration services Preview trip and area orientation Country and culture information Moving Services Pre-move planning Transportation of belongings Managing the [&hellip;]<\/p>\n","protected":false},"author":1,"featured_media":0,"parent":0,"menu_order":0,"comment_status":"closed","ping_status":"closed","template":"","meta":{"_genesis_hide_title":false,"_genesis_hide_breadcrumbs":false,"_genesis_hide_singular_image":false,"_genesis_hide_footer_widgets":false,"_genesis_custom_body_class":"","_genesis_custom_post_class":"","_genesis_layout":"","footnotes":""},"class_list":{"0":"post-1542","1":"page","2":"type-page","3":"status-publish","5":"entry"},"_links":{"self":[{"href":"https:\/\/moverdb.com\/cs\/wp-json\/wp\/v2\/pages\/1542","targetHints":{"allow":["GET"]}}],"collection":[{"href":"https:\/\/moverdb.com\/cs\/wp-json\/wp\/v2\/pages"}],"about":[{"href":"https:\/\/moverdb.com\/cs\/wp-json\/wp\/v2\/types\/page"}],"author":[{"embeddable":true,"href":"https:\/\/moverdb.com\/cs\/wp-json\/wp\/v2\/users\/1"}],"replies":[{"embeddable":true,"href":"https:\/\/moverdb.com\/cs\/wp-json\/wp\/v2\/comments?post=1542"}],"version-history":[{"count":5,"href":"https:\/\/moverdb.com\/cs\/wp-json\/wp\/v2\/pages\/1542\/revisions"}],"predecessor-version":[{"id":6250,"href":"https:\/\/moverdb.com\/cs\/wp-json\/wp\/v2\/pages\/1542\/revisions\/6250"}],"wp:attachment":[{"href":"https:\/\/moverdb.com\/cs\/wp-json\/wp\/v2\/media?parent=1542"}],"curies":[{"name":"wp","href":"https:\/\/api.w.org\/{rel}","templated":true}]}}