{"id":1540,"date":"2017-02-26T17:21:37","date_gmt":"2017-02-26T17:21:37","guid":{"rendered":"http:\/\/moverdb.com\/?page_id=1540"},"modified":"2026-01-08T15:20:37","modified_gmt":"2026-01-08T15:20:37","slug":"royal-hawaiian-movers","status":"publish","type":"page","link":"https:\/\/moverdb.com\/cs\/royal-hawaiian-movers\/","title":{"rendered":"Royal Hawaiian Movers - Mezin\u00e1rodn\u00ed st\u011bhov\u00e1n\u00ed Recenze"},"content":{"rendered":"<p>Spole\u010dnost Royal Hawaiian Movers nab\u00edz\u00ed sv\u00fdm z\u00e1kazn\u00edk\u016fm r\u016fzn\u00e9 m\u00edstn\u00ed, meziostrovn\u00ed a pevninsk\u00e9 p\u0159esuny. Jejich slu\u017eby jsou uvedeny n\u00ed\u017ee spolu s profilem spole\u010dnosti a recenzemi.<\/p>\n<p><strong>Mezin\u00e1rodn\u00ed, vnitrozemsk\u00e9 a meziostrovn\u00ed st\u011bhov\u00e1n\u00ed<\/strong><\/p>\n<ul>\n<li> Od dve\u0159\u00ed ke dve\u0159\u00edm<\/li>\n<li >Kompletn\u00ed balic\u00ed slu\u017eby, pouze k\u0159ehk\u00e9 p\u0159edm\u011bty nebo balen\u00ed pro kutily<\/li>\n<li> Demont\u00e1\u017e a op\u011btovn\u00e1 mont\u00e1\u017e n\u00e1bytku<\/li>\n<li> St\u011bhov\u00e1n\u00ed a nastaven\u00ed IT<\/li>\n<li> Slu\u017eba vybalov\u00e1n\u00ed<\/li>\n<li> Zaji\u0161t\u011bn\u00ed dlouhodob\u00e9ho a kr\u00e1tkodob\u00e9ho skladov\u00e1n\u00ed<\/li>\n<li> Leteck\u00e1 nebo n\u00e1mo\u0159n\u00ed p\u0159eprava<\/li>\n<li> Sjednan\u00e9 poji\u0161t\u011bn\u00ed<\/li>\n<\/ul>\n<p><strong>M\u00edstn\u00ed a vojensk\u00e9 p\u0159esuny<\/strong><\/p>\n<ul>\n<li> Od dve\u0159\u00ed ke dve\u0159\u00edm<\/li>\n<li> Poskytnut\u00e9 balic\u00ed materi\u00e1ly<\/li>\n<li> Dlouhodob\u00e9 a kr\u00e1tkodob\u00e9 skladov\u00e1n\u00ed<\/li>\n<li> K dispozici je kompletn\u00ed balic\u00ed slu\u017eba nebo balen\u00ed DIY<\/li>\n<li> Demont\u00e1\u017e a op\u011btovn\u00e1 mont\u00e1\u017e n\u00e1bytku<\/li>\n<li> Slu\u017eba vybalov\u00e1n\u00ed<\/li>\n<li> Sjednan\u00e9 poji\u0161t\u011bn\u00ed<\/li>\n<\/ul>\n<p><strong>Specializovan\u00e9 st\u011bhovac\u00ed slu\u017eby<\/strong><\/p>\n<ul>\n<li> T\u011b\u017ek\u00e9 stroje<\/li>\n<li> L\u00e9ka\u0159sk\u00e9 st\u011bhovac\u00ed slu\u017eby<\/li>\n<li> Nadm\u011brn\u00e9 vybaven\u00ed<\/li>\n<\/ul>\n<p><strong>Instalace<\/strong><\/p>\n<ul>\n<li> Hotel<\/li>\n<li> FF&amp;E (n\u00e1bytek, za\u0159\u00edzen\u00ed a vybaven\u00ed)<\/li>\n<li> Kancel\u00e1\u0159<\/li>\n<li> Specializace<\/li>\n<\/ul>\n<h2>Royal Hawaiian Movers Profil spole\u010dnosti<\/h2>\n<p>Spole\u010dnost Royal Hawaiian Movers zalo\u017eil Richard L DeWitt v roce 1982. Spole\u010dnost za\u010d\u00ednala s jednou kancel\u00e1\u0159\u00ed v Honolulu, kter\u00e1 slou\u017eila arm\u00e1d\u011b na ostrov\u011b Oahu. I dnes jsou voj\u00e1ci j\u00e1drem spole\u010dnosti Royal Hawaiian Movers. Koncem osmdes\u00e1t\u00fdch let se spole\u010dnost rozhodla roz\u0161\u00ed\u0159it svou \u010dinnost a za\u010d\u00edt podnikat v oblasti n\u00e1kladn\u00ed dopravy a p\u0159epravy zbo\u017e\u00ed. Nyn\u00ed m\u00e1 spole\u010dnost vozov\u00fd park \u010d\u00edtaj\u00edc\u00ed v\u00edce ne\u017e 60 st\u011bhovac\u00edch vozidel.<\/p>\n<p>Spole\u010dnost Royal Hawaiian Movers od t\u00e9 doby roz\u0161\u00ed\u0159ila svou \u010dinnost na obytn\u00e9, komer\u010dn\u00ed a vojensk\u00e9 p\u0159esuny na m\u00edstn\u00ed, meziostrovn\u00ed a mezin\u00e1rodn\u00ed \u00farovni. Skupina spole\u010dnost\u00ed DeWitt st\u011bhuje lidi a firmy po cel\u00e9m sv\u011bt\u011b ji\u017e v\u00edce ne\u017e 80 let a spole\u010dnost Royal Hawaiian Movers s pot\u011b\u0161en\u00edm p\u0159ed\u00e1v\u00e1 sv\u00e9 zku\u0161enosti z\u00edskan\u00e9 b\u011bhem desetilet\u00ed. <\/p>\n<p>Jejich \u00e9tosem je rozv\u00edjet d\u016fv\u011brn\u00e9 vztahy se z\u00e1kazn\u00edky, aby se k nim vraceli p\u0159i ka\u017ed\u00e9m st\u011bhov\u00e1n\u00ed.<\/p>\n<p>Spole\u010dnost Royal Hawaiian Movers m\u00e1 n\u00e1sleduj\u00edc\u00ed akreditace a afilace:<\/p>\n<ul>\n<li> <a href=\"https:\/\/moverdb.com\/cs\/rafkovy-obrubnik\/\">AMSA Pro Movers<\/a><\/li>\n<li> Certifikovan\u00ed poradci pro st\u011bhov\u00e1n\u00ed<\/li>\n<li> \u0158idi\u010di s osv\u011bd\u010den\u00edm pro nebezpe\u010dn\u00e9 materi\u00e1ly<\/li>\n<li> Identifika\u010dn\u00ed pr\u016fkaz pracovn\u00edka v doprav\u011b<\/li>\n<li> Better Business Bureau (BBB)<\/li>\n<li> DeWitt Move Worldwide - \u010dlen spole\u010dnosti <a href=\"https:\/\/moverdb.com\/cs\/iam\/\">IAM<\/a><\/li>\n<li> Licence DOT #227698<\/li>\n<li> Licence dopravce DOT #165352<\/li>\n<li> DOT <a href=\"https:\/\/moverdb.com\/cs\/freight-forwarder\/\" data-internallinksmanager029f6b8e52c=\"17\" title=\"Mezin\u00e1rodn\u00ed spedice a NVOCC Pr\u016fvodce n\u00e1klady a spole\u010dnostmi\">Zas\u00edlatel<\/a> Licence #003549<\/li>\n<\/ul>\n<h2>Royal Hawaiian Movers Recenze<\/h2>\n<p><strong>Pozitivn\u00ed:<\/strong><\/p>\n<ul>\n<li> <em>\"St\u011bhov\u00e1n\u00ed z Honolulu do <a href=\"https:\/\/moverdb.com\/cs\/moving-to-the-united-states\/moving-to-california\/\" data-internallinksmanager029f6b8e52c=\"330\" title=\"St\u011bhov\u00e1n\u00ed do Kalifornie? 2026 N\u00e1klady na bydlen\u00ed a tipy na p\u0159est\u011bhov\u00e1n\u00ed\">Kalifornie<\/a>, vojensk\u00fd soubor <a href=\"https:\/\/moverdb.com\/cs\/moving-to-the-united-states\/\" data-internallinksmanager029f6b8e52c=\"94\" title=\"St\u011bhujete se do Spojen\u00fdch st\u00e1t\u016f? 2022 \u017divotn\u00ed n\u00e1klady a tipy na st\u011bhov\u00e1n\u00ed\">n\u00e1s<\/a> s Royal Hawaiian Movers... ***AMAZING*** z\u00e1kaznick\u00fd servis.... Byli informativn\u00ed, zdvo\u0159il\u00ed, \u010dist\u00ed a efektivn\u00ed. Royal Hawaiian Movers je v\u0161e, co pot\u0159ebujete pro va\u0161e probl\u00e9my se st\u011bhov\u00e1n\u00edm a p\u0159epravou!!!\"<\/em> - Kelly G <a href=\"http:\/\/royalhawaiianmovers.com\/our-difference\/what-customers-say\/\" target=\"_blank\" rel=\"noopener\">reference z\u00e1kazn\u00edk\u016f<\/a><\/li>\n<li> <em>\"Profesion\u00e1ln\u00ed p\u0159\u00edstup a skv\u011bl\u00e1 p\u00e9\u010de o m\u00e9 v\u011bci. St\u011bhov\u00e1n\u00ed na pevninu... ale usnadnili mi odjezd <a href=\"https:\/\/moverdb.com\/cs\/moving-to-the-united-states\/moving-to-hawaii\/\" data-internallinksmanager029f6b8e52c=\"403\" title=\"St\u011bhujete se na Havaj? 2026 N\u00e1klady na bydlen\u00ed a tipy na st\u011bhov\u00e1n\u00ed\">Havaj<\/a>.\"<\/em> - Robin prost\u0159ednictv\u00edm <a href=\"https:\/\/www.facebook.com\/pg\/RoyalHawaiianMV\/reviews\/\" target=\"_blank\" rel=\"noopener\">Facebook<\/a><\/li>\n<li> <em>\"Celkov\u011b bych je doporu\u010dil na z\u00e1klad\u011b ceny a kvality slu\u017eeb.\"<\/em> - Ryan prost\u0159ednictv\u00edm <a href=\"https:\/\/www.yelp.com\/biz\/royal-hawaiian-movers-honolulu-2?hrid=ClTUD764MZQoXt6f0DBLoA&#038;utm_campaign=www_review_share_popup&#038;utm_medium=copy_link&#038;utm_source=(direct)\" target=\"_blank\" rel=\"noopener\">Yelp<\/a><\/li>\n<\/ul>\n<p><strong>Negativn\u00ed:<\/strong><\/p>\n<ul>\n<li> <em>\"Je mi l\u00edto, \u017ee mus\u00edm \u0159\u00edct, \u017ee st\u011bhov\u00e1ci z kr\u00e1lovsk\u00e9 Havaje jsou p\u0159\u00ed\u0161ern\u00ed st\u011bhov\u00e1ci! Rozbili n\u00e1m v\u011bci, n\u011bkter\u00e9 v\u011bci m\u00fdch prarodi\u010d\u016f se ztratily.\"<\/em> - Sharon prost\u0159ednictv\u00edm <a href=\"https:\/\/www.facebook.com\/pg\/RoyalHawaiianMV\/reviews\/\" target=\"_blank\" rel=\"noopener\">Facebook<\/a><\/li>\n<li> <em>\"Sp\u011bchali s balen\u00edm a odvedli p\u0159\u00ed\u0161ernou pr\u00e1ci. Spousta na\u0161ich v\u011bc\u00ed byla rozbit\u00e1 a \u00fapln\u011b zni\u010den\u00e1.\"<\/em> - Meghan prost\u0159ednictv\u00edm <a href=\"https:\/\/www.yelp.com\/biz\/royal-hawaiian-movers-honolulu-2?hrid=2GCVIxDDbA41_6OusJ2KIQ&#038;utm_campaign=www_review_share_popup&#038;utm_medium=copy_link&#038;utm_source=(direct)\" target=\"_blank\" rel=\"noopener\">Yelp<\/a><\/li>\n<\/ul>\n<div itemprop=\"review\" itemscope itemtype=\"http:\/\/schema.org\/Review\">\n<span itemprop=\"author\" itemscope=\"\" itemtype=\"http:\/\/schema.org\/Organization\"><span itemprop=\"name\">MoverDB.com<\/span><\/span> Online recenze webov\u00fdch str\u00e1nek pro <span itemprop=\"itemreviewed\" itemscope=\"\" itemtype=\"http:\/\/schema.org\/Brand\"><span itemprop=\"name\">Royal Hawaiian Movers<\/span><\/span>:<\/p>\n<ol>\n<li> Jasn\u00e9 kontaktn\u00ed \u00fadaje na webov\u00fdch str\u00e1nk\u00e1ch (v\u010detn\u011b telefonn\u00edho \u010d\u00edsla): <strong>Ano<\/strong><\/li>\n<li> Snadn\u00e9 z\u00edsk\u00e1n\u00ed <a href=\"https:\/\/moverdb.com\/cs\/citaty\/\">mezin\u00e1rodn\u00ed st\u011bhov\u00e1n\u00ed citace<\/a>? (Online formul\u00e1\u0159 \u017e\u00e1dosti o odhad): <strong>Ano<\/strong><\/li>\n<li> Jasn\u00e9 informace na webov\u00fdch str\u00e1nk\u00e1ch: <strong>Ano,<\/strong> popisuje v\u0161echny slu\u017eby, ale nezach\u00e1z\u00ed do p\u0159\u00edli\u0161n\u00fdch podrobnost\u00ed.<\/li>\n<li> \u010clenstv\u00ed v mezin\u00e1rodn\u00edch uzn\u00e1van\u00fdch organizac\u00edch pohybliv\u00fdch aktivit: <strong>Ano<\/strong>, (viz v\u00fd\u0161e)<\/li>\n<li> Seznam klient\u016f a\/nebo reference p\u0159edchoz\u00edch z\u00e1kazn\u00edk\u016f: <strong>Ano,<\/strong> a a\u010dkoli na webu existuje n\u011bkolik negativn\u00edch recenz\u00ed, nejnov\u011bj\u0161\u00ed recenze jsou v\u011bt\u0161inou pozitivn\u00ed.<\/li>\n<\/ol>\n<div itemprop=\"reviewRating\" itemscope itemtype=\"http:\/\/schema.org\/Rating\"><meta itemprop=\"worstRating\" content = \"0\" \/><meta itemprop=\"bestRating\" content=\"5\" \/><meta itemprop=\"ratingValue\" content=\"4.5\"><\/div>\n<p><strong>Celkov\u00e9 hodnocen\u00ed: 4,5\/5<\/strong><br \/>\n<strong>Datum recenze:<\/strong> <span itemprop=\"datePublished\" content=\"2017-02-26\">26\/02\/2017<\/span>\n<\/div>\n<p>P\u0159e\u010dt\u011bte si v\u00edce o <a href=\"https:\/\/moverdb.com\/cs\/stehovani-spolecnosti\/\">mezin\u00e1rodn\u00ed st\u011bhovac\u00ed spole\u010dnosti<\/a> a na\u0161e <a href=\"https:\/\/moverdb.com\/cs\/recenze\/\">proces p\u0159ezkoum\u00e1n\u00ed<\/a>.<\/p>\n<p><strong>Webov\u00e9 str\u00e1nky:<\/strong> <a href=\"http:\/\/royalhawaiianmovers.com\/\" target=\"_blank\" rel=\"noopener\">http:\/\/royalhawaiianmovers.com\/<\/a><\/p>","protected":false},"excerpt":{"rendered":"<p>Royal Hawaiian Movers offers its customers various local, inter island and mainland moves. Their services are listed below, together with a company profile and reviews. International, Mainland and Inter Island Moves Door to door Full packing service, fragile items only or DIY packing Disassembly and reassembly of furniture IT removal and set up Unpacking service [&hellip;]<\/p>\n","protected":false},"author":1,"featured_media":0,"parent":0,"menu_order":0,"comment_status":"closed","ping_status":"closed","template":"","meta":{"_genesis_hide_title":false,"_genesis_hide_breadcrumbs":false,"_genesis_hide_singular_image":false,"_genesis_hide_footer_widgets":false,"_genesis_custom_body_class":"","_genesis_custom_post_class":"","_genesis_layout":"","footnotes":""},"class_list":{"0":"post-1540","1":"page","2":"type-page","3":"status-publish","5":"entry"},"_links":{"self":[{"href":"https:\/\/moverdb.com\/cs\/wp-json\/wp\/v2\/pages\/1540","targetHints":{"allow":["GET"]}}],"collection":[{"href":"https:\/\/moverdb.com\/cs\/wp-json\/wp\/v2\/pages"}],"about":[{"href":"https:\/\/moverdb.com\/cs\/wp-json\/wp\/v2\/types\/page"}],"author":[{"embeddable":true,"href":"https:\/\/moverdb.com\/cs\/wp-json\/wp\/v2\/users\/1"}],"replies":[{"embeddable":true,"href":"https:\/\/moverdb.com\/cs\/wp-json\/wp\/v2\/comments?post=1540"}],"version-history":[{"count":7,"href":"https:\/\/moverdb.com\/cs\/wp-json\/wp\/v2\/pages\/1540\/revisions"}],"predecessor-version":[{"id":6234,"href":"https:\/\/moverdb.com\/cs\/wp-json\/wp\/v2\/pages\/1540\/revisions\/6234"}],"wp:attachment":[{"href":"https:\/\/moverdb.com\/cs\/wp-json\/wp\/v2\/media?parent=1540"}],"curies":[{"name":"wp","href":"https:\/\/api.w.org\/{rel}","templated":true}]}}