{"id":1538,"date":"2017-02-23T08:47:51","date_gmt":"2017-02-23T08:47:51","guid":{"rendered":"http:\/\/moverdb.com\/?page_id=1538"},"modified":"2026-01-08T15:20:39","modified_gmt":"2026-01-08T15:20:39","slug":"settelen","status":"publish","type":"page","link":"https:\/\/moverdb.com\/cs\/settelen\/","title":{"rendered":"Settelen - Mezin\u00e1rodn\u00ed st\u011bhov\u00e1n\u00ed a st\u011bhov\u00e1n\u00ed Recenze"},"content":{"rendered":"<p>Settelen je \u0161v\u00fdcarsk\u00e1 spole\u010dnost se s\u00eddlem v <a href=\"https:\/\/moverdb.com\/cs\/moving-to-basel\/\" data-internallinksmanager029f6b8e52c=\"263\" title=\"St\u011bhov\u00e1n\u00ed do Basileje? 2026 N\u00e1klady na bydlen\u00ed a tipy na st\u011bhov\u00e1n\u00ed\">Basilej<\/a>. Sv\u00fdm z\u00e1kazn\u00edk\u016fm nab\u00edz\u00ed \u0159adu st\u011bhovac\u00edch slu\u017eeb, kter\u00e9 jsou uvedeny n\u00ed\u017ee, spolu s profilem spole\u010dnosti a recenzemi.<\/p>\n<p><strong>Mezin\u00e1rodn\u00ed st\u011bhov\u00e1n\u00ed a st\u011bhov\u00e1n\u00ed<\/strong><\/p>\n<ul>\n<li> Vyhrazen\u00fd koordin\u00e1tor st\u011bhov\u00e1n\u00ed<\/li>\n<li> Od dve\u0159\u00ed ke dve\u0159\u00edm<\/li>\n<li> Kompletn\u00ed balic\u00ed slu\u017eby, pouze k\u0159ehk\u00e9 p\u0159edm\u011bty nebo balen\u00ed pro kutily<\/li>\n<li> Demont\u00e1\u017e a op\u011btovn\u00e1 mont\u00e1\u017e n\u00e1bytku atd.<\/li>\n<li> P\u0159izp\u016fsoben\u00e9 bedny<\/li>\n<li> St\u011bhovac\u00ed obchod s balic\u00edmi pot\u0159ebami<\/li>\n<li> K dispozici je kompletn\u00ed vybalovac\u00ed slu\u017eba<\/li>\n<li> Pomoc s celn\u00edmi z\u00e1le\u017eitostmi a dokumentac\u00ed<\/li>\n<li> Sjednan\u00e9 poji\u0161t\u011bn\u00ed<\/li>\n<li> Kr\u00e1tkodob\u00e9 a dlouhodob\u00e9 skladov\u00e1n\u00ed<\/li>\n<\/ul>\n<p><strong>M\u00edstn\u00ed a d\u00e1lkov\u00e9 st\u011bhov\u00e1n\u00ed<\/strong><\/p>\n<ul>\n<li> Vyhrazen\u00fd koordin\u00e1tor st\u011bhov\u00e1n\u00ed<\/li>\n<li> Od dve\u0159\u00ed ke dve\u0159\u00edm<\/li>\n<li> V p\u0159\u00edpad\u011b pot\u0159eby je k dispozici kompletn\u00ed balic\u00ed slu\u017eba<\/li>\n<li> Demont\u00e1\u017e a op\u011btovn\u00e1 mont\u00e1\u017e n\u00e1bytku atd.<\/li>\n<li> V p\u0159\u00edpad\u011b pot\u0159eby je k dispozici kompletn\u00ed vybalovac\u00ed slu\u017eba<\/li>\n<li> Sjednan\u00e9 poji\u0161t\u011bn\u00ed<\/li>\n<li> K dispozici je kr\u00e1tkodob\u00e9 i dlouhodob\u00e9 skladov\u00e1n\u00ed<\/li>\n<li> Pln\u011b z\u00e1soben\u00fd st\u011bhovac\u00ed obchod pro v\u0161echny balic\u00ed p\u0159edm\u011bty<\/li>\n<\/ul>\n<p><strong>St\u011bhov\u00e1n\u00ed firem<\/strong><\/p>\n<ul>\n<li> Specializovan\u00fd t\u00fdm pro st\u011bhov\u00e1n\u00ed<\/li>\n<li> Od dve\u0159\u00ed ke dve\u0159\u00edm<\/li>\n<li> P\u0159esun mimo pracovn\u00ed dobu, aby se u\u0161et\u0159ilo p\u0159eru\u0161en\u00ed provozu<\/li>\n<li> Demont\u00e1\u017e a op\u011btovn\u00e1 mont\u00e1\u017e n\u00e1bytku<\/li>\n<li> Odstran\u011bn\u00ed a op\u011btovn\u00e1 instalace IT<\/li>\n<li> Kompletn\u00ed balic\u00ed slu\u017eba nebo \u010d\u00e1ste\u010dn\u00e1 balic\u00ed slu\u017eba<\/li>\n<li> Sjednan\u00e9 poji\u0161t\u011bn\u00ed<\/li>\n<li> K dispozici je kr\u00e1tkodob\u00e9 i dlouhodob\u00e9 skladov\u00e1n\u00ed<\/li>\n<li> Specializovan\u00e9 p\u0159epravky<\/li>\n<li> St\u011bhov\u00e1n\u00ed t\u011b\u017ek\u00fdch stroj\u016f<\/li>\n<li> Vn\u011bj\u0161\u00ed v\u00fdtah<\/li>\n<\/ul>\n<p><strong>Speci\u00e1ln\u00ed st\u011bhov\u00e1n\u00ed<\/strong><\/p>\n<ul>\n<li> Veletrhy a v\u00fdstavy<\/li>\n<li> Um\u011bn\u00ed a staro\u017eitnosti<\/li>\n<li> T\u011b\u017ek\u00e9 stroje<\/li>\n<li> K\u0159ehk\u00e9 zbo\u017e\u00ed<\/li>\n<li> Klav\u00edry a dal\u0161\u00ed hudebn\u00ed n\u00e1stroje<\/li>\n<li> V\u00fdvozn\u00ed zbo\u017e\u00ed<\/li>\n<\/ul>\n<p><strong>Speci\u00e1ln\u00ed doprava<\/strong><\/p>\n<ul>\n<li> Pro t\u011b\u017ek\u00e9, neobvykl\u00e9 p\u0159edm\u011bty a m\u00edsta<\/li>\n<li> Logistika a organizace<\/li>\n<li> V\u00fdb\u011br vozidla<\/li>\n<li> Mapov\u00e1n\u00ed trasy<\/li>\n<li> Z\u00edsk\u00e1n\u00ed pot\u0159ebn\u00fdch licenc\u00ed<\/li>\n<\/ul>\n<p><strong>\u00dalo\u017ei\u0161t\u011b<\/strong><\/p>\n<ul>\n<li> D\u0159ev\u011bn\u00e9 kontejnery<\/li>\n<li> nep\u0159etr\u017eit\u00e1 ostraha<\/li>\n<li> Pravideln\u00e9 kontroly kontejner\u016f<\/li>\n<li> K dispozici je speci\u00e1ln\u00ed obal a balen\u00ed<\/li>\n<\/ul>\n<p><strong>Pron\u00e1jem auta Settelen<\/strong><\/p>\n<ul>\n<li> Osobn\u00ed vozidla<\/li>\n<li> Dod\u00e1vky a pickupy<\/li>\n<li> Minibusy<\/li>\n<li> Speci\u00e1ln\u00ed vozidla<\/li>\n<\/ul>\n<h2>Profil spole\u010dnosti Settelen<\/h2>\n<p>Spole\u010dnost Settelen AG s\u00eddl\u00ed v Basileji, <a href=\"https:\/\/moverdb.com\/cs\/moving-to-switzerland\/\" data-internallinksmanager029f6b8e52c=\"327\" title=\"St\u011bhov\u00e1n\u00ed do \u0160v\u00fdcarska? 2026 N\u00e1klady na bydlen\u00ed a tipy na st\u011bhov\u00e1n\u00ed\">\u0160v\u00fdcarsko<\/a>. Tato soukrom\u00e1 spole\u010dnost byla zalo\u017eena v roce 1883. Jej\u00edm hlavn\u00edm p\u0159edm\u011btem podnik\u00e1n\u00ed je doprava a logistika, vedlej\u0161\u00edmi \u010dinnostmi jsou pron\u00e1jem vozidel, autobusov\u00e1 doprava a \u00fadr\u017eba a opravy motorov\u00fdch vozidel.<\/p>\n<p>Settelen organizuje mezin\u00e1rodn\u00ed, d\u00e1lkov\u00e9 a m\u00edstn\u00ed st\u011bhov\u00e1n\u00ed pro jednotlivce i firmy.<\/p>\n<p>Spole\u010dnost Settelen m\u00e1 n\u00e1sleduj\u00edc\u00ed akreditace a afiliace:<\/p>\n<ul>\n<li> <a href=\"https:\/\/moverdb.com\/cs\/fidi-faim\/\">Federace mezin\u00e1rodn\u00edch st\u011bhovac\u00edch spole\u010dnost\u00ed<\/a> (<a href=\"https:\/\/moverdb.com\/cs\/fidi-faim\/\" data-internallinksmanager029f6b8e52c=\"16\" title=\"Vysv\u011btlen\u00ed FIDI a FAIM (FIDI Accredited International Mover)\">FIDI<\/a>)<\/li>\n<li> \u0160v\u00fdcarsk\u00fd svaz silni\u010dn\u00ed dopravy (ASTAG)<\/li>\n<li> AGVS<\/li>\n<\/ul>\n<h2>Recenze spole\u010dnosti Settelen<\/h2>\n<p>V sou\u010dasn\u00e9 dob\u011b nejsou na internetu k dispozici \u017e\u00e1dn\u00e9 recenze v angli\u010dtin\u011b, a\u010dkoli v hodnocen\u00ed Google Reviews z\u00edskala 4,1 hv\u011bzdi\u010dky.<\/p>\n<div itemprop=\"review\" itemscope itemtype=\"http:\/\/schema.org\/Review\">\n<span itemprop=\"author\" itemscope=\"\" itemtype=\"http:\/\/schema.org\/Organization\"><span itemprop=\"name\">MoverDB.com<\/span><\/span> Online recenze webov\u00fdch str\u00e1nek pro <span itemprop=\"itemreviewed\" itemscope=\"\" itemtype=\"http:\/\/schema.org\/Brand\"><span itemprop=\"name\">Settelen<\/span><\/span>:<\/p>\n<ol>\n<li> Jasn\u00e9 kontaktn\u00ed \u00fadaje na webov\u00fdch str\u00e1nk\u00e1ch (v\u010detn\u011b telefonn\u00edho \u010d\u00edsla): <strong>Ano<\/strong><\/li>\n<li> Snadn\u00e9 z\u00edsk\u00e1n\u00ed <a href=\"https:\/\/moverdb.com\/cs\/citaty\/\">mezin\u00e1rodn\u00ed st\u011bhov\u00e1n\u00ed citace<\/a>? (Online formul\u00e1\u0159 \u017e\u00e1dosti o odhad): <strong>Ano<\/strong><\/li>\n<li> Jasn\u00e9 informace na webov\u00fdch str\u00e1nk\u00e1ch: <strong>Omezen\u00e9<\/strong> na webov\u00fdch str\u00e1nk\u00e1ch je uveden seznam slu\u017eeb, ale krom\u011b toho nenab\u00edz\u00ed mnoho podrobnost\u00ed.<\/li>\n<li> \u010clenstv\u00ed v mezin\u00e1rodn\u00edch uzn\u00e1van\u00fdch organizac\u00edch pohybliv\u00fdch aktivit: <strong>Ano<\/strong>, (viz v\u00fd\u0161e)<\/li>\n<li> Seznam klient\u016f a\/nebo reference p\u0159edchoz\u00edch z\u00e1kazn\u00edk\u016f: <strong>Ne,<\/strong> a jinde je o nich k dispozici jen omezen\u00e9 mno\u017estv\u00ed informac\u00ed.<\/li>\n<\/ol>\n<div itemprop=\"reviewRating\" itemscope itemtype=\"http:\/\/schema.org\/Rating\"><meta itemprop=\"worstRating\" content = \"0\" \/><meta itemprop=\"bestRating\" content=\"5\" \/><meta itemprop=\"ratingValue\" content=\"4\"><\/div>\n<p><strong>Celkov\u00e9 hodnocen\u00ed: 4\/5<\/strong><br \/>\n<strong>Datum recenze:<\/strong> <span itemprop=\"datePublished\" content=\"2017-02-23\">23\/02\/2017<\/span>\n<\/div>\n<p>P\u0159e\u010dt\u011bte si v\u00edce o <a href=\"https:\/\/moverdb.com\/cs\/stehovani-spolecnosti\/\">mezin\u00e1rodn\u00ed st\u011bhovac\u00ed spole\u010dnosti<\/a> a na\u0161e <a href=\"https:\/\/moverdb.com\/cs\/recenze\/\">proces p\u0159ezkoum\u00e1n\u00ed<\/a>.<\/p>\n<p><strong>Webov\u00e9 str\u00e1nky:<\/strong> <a href=\"http:\/\/www.settelen.ch\/\" target=\"_blank\" rel=\"noopener\">http:\/\/www.settelen.ch\/<\/a><\/p>","protected":false},"excerpt":{"rendered":"<p>Settelen is Swiss company based in Basel. It offers its customers a range of moving services which are listed below, together with a company profile and reviews. International Moving &#038; Removals Dedicated move coordinator Door to door Full packing service, fragile items only or DIY packing Disassembly and reassembly of furniture etc Customised crates Removal [&hellip;]<\/p>\n","protected":false},"author":1,"featured_media":0,"parent":0,"menu_order":0,"comment_status":"closed","ping_status":"closed","template":"","meta":{"_genesis_hide_title":false,"_genesis_hide_breadcrumbs":false,"_genesis_hide_singular_image":false,"_genesis_hide_footer_widgets":false,"_genesis_custom_body_class":"","_genesis_custom_post_class":"","_genesis_layout":"","footnotes":""},"class_list":{"0":"post-1538","1":"page","2":"type-page","3":"status-publish","5":"entry"},"_links":{"self":[{"href":"https:\/\/moverdb.com\/cs\/wp-json\/wp\/v2\/pages\/1538","targetHints":{"allow":["GET"]}}],"collection":[{"href":"https:\/\/moverdb.com\/cs\/wp-json\/wp\/v2\/pages"}],"about":[{"href":"https:\/\/moverdb.com\/cs\/wp-json\/wp\/v2\/types\/page"}],"author":[{"embeddable":true,"href":"https:\/\/moverdb.com\/cs\/wp-json\/wp\/v2\/users\/1"}],"replies":[{"embeddable":true,"href":"https:\/\/moverdb.com\/cs\/wp-json\/wp\/v2\/comments?post=1538"}],"version-history":[{"count":3,"href":"https:\/\/moverdb.com\/cs\/wp-json\/wp\/v2\/pages\/1538\/revisions"}],"predecessor-version":[{"id":6236,"href":"https:\/\/moverdb.com\/cs\/wp-json\/wp\/v2\/pages\/1538\/revisions\/6236"}],"wp:attachment":[{"href":"https:\/\/moverdb.com\/cs\/wp-json\/wp\/v2\/media?parent=1538"}],"curies":[{"name":"wp","href":"https:\/\/api.w.org\/{rel}","templated":true}]}}