{"id":1536,"date":"2017-07-10T10:48:14","date_gmt":"2017-07-10T10:48:14","guid":{"rendered":"http:\/\/moverdb.com\/?page_id=1536"},"modified":"2026-01-08T15:20:49","modified_gmt":"2026-01-08T15:20:49","slug":"teletrans","status":"publish","type":"page","link":"https:\/\/moverdb.com\/cs\/teletrans\/","title":{"rendered":"Teletrans - Mezin\u00e1rodn\u00ed st\u011bhov\u00e1n\u00ed Recenze"},"content":{"rendered":"<p>Spole\u010dnost Teletrans se nach\u00e1z\u00ed ve m\u011bst\u011b Attica <a href=\"https:\/\/moverdb.com\/cs\/moving-to-greece\/\" data-internallinksmanager029f6b8e52c=\"353\" title=\"St\u011bhov\u00e1n\u00ed do \u0158ecka? 2026 N\u00e1klady na bydlen\u00ed a tipy na st\u011bhov\u00e1n\u00ed\">\u0158ecko<\/a>. Jedn\u00e1 se o st\u011bhovac\u00ed a reloka\u010dn\u00ed spole\u010dnost, kter\u00e1 sv\u00fdm klient\u016fm nab\u00edz\u00ed \u0161irokou \u0161k\u00e1lu slu\u017eeb. Ty jsou uvedeny n\u00ed\u017ee spolu s profilem spole\u010dnosti a recenzemi.<\/p>\n<p><strong>Mezin\u00e1rodn\u00ed p\u0159esuny<\/strong><\/p>\n<ul>\n<li> Vyhrazen\u00fd mana\u017eer st\u011bhov\u00e1n\u00ed<\/li>\n<li> Kompletn\u00ed balic\u00ed slu\u017eby, \u010d\u00e1ste\u010dn\u00e9 balen\u00ed nebo balen\u00ed pro kutily<\/li>\n<li> K dispozici je kr\u00e1tkodob\u00e9 i dlouhodob\u00e9 skladov\u00e1n\u00ed<\/li>\n<li> Demont\u00e1\u017e a op\u011btovn\u00e1 mont\u00e1\u017e n\u00e1bytku<\/li>\n<li> Pozemn\u00ed, n\u00e1mo\u0159n\u00ed nebo leteck\u00e1 p\u0159eprava<\/li>\n<li> Pomoc s celn\u00edmi z\u00e1le\u017eitostmi a dokumentac\u00ed<\/li>\n<li> K dispozici je slu\u017eba vybalov\u00e1n\u00ed<\/li>\n<li> Odstra\u0148ov\u00e1n\u00ed trosek<\/li>\n<\/ul>\n<p><strong>St\u011bhovac\u00ed slu\u017eby<\/strong><\/p>\n<ul>\n<li> Harmonogram cesty<\/li>\n<li> Rezervace letenek a hotel\u016f<\/li>\n<li> Informace o postupu vyd\u00e1v\u00e1n\u00ed v\u00edz do c\u00edlov\u00e9 zem\u011b<\/li>\n<li> Informace o \u0161kol\u00e1ch<\/li>\n<li> Informace o bydlen\u00ed<\/li>\n<li> Informace o p\u0159evodu dom\u00e1c\u00edch zv\u00ed\u0159at<\/li>\n<li> Zji\u0161t\u011bn\u00ed p\u0159echodn\u00e9ho pobytu<\/li>\n<li> Zaji\u0161t\u011bn\u00ed m\u00edstn\u00edch jazykov\u00fdch kurz\u016f<\/li>\n<li> N\u00e1vrhy na z\u00e1bavu a \"pozn\u00e1v\u00e1n\u00ed oblasti\", jako jsou n\u00e1v\u0161t\u011bvy muze\u00ed a pam\u00e1tek, kulturn\u00ed akce, v\u00fdlety atd.<\/li>\n<li>pomoc p\u0159i st\u011bhov\u00e1n\u00ed (elektrik\u00e1\u0159, instalat\u00e9r, \u00faklidov\u00e9 slu\u017eby atd.)<\/li>\n<\/ul>\n<p><strong>P\u0159em\u00edst\u011bn\u00ed spole\u010dnosti<\/strong><\/p>\n<ul>\n<li>Kontrola a pl\u00e1nov\u00e1n\u00ed<\/li>\n<li>Balen\u00ed<\/li>\n<li>\u00dalo\u017ei\u0161t\u011b<\/li>\n<li>Celn\u00ed odbaven\u00ed, pokud je vy\u017eadov\u00e1no<\/li>\n<li>Poji\u0161t\u011bn\u00ed<\/li>\n<li>Dod\u00e1n\u00ed a vybalen\u00ed v m\u00edst\u011b ur\u010den\u00ed<\/li>\n<\/ul>\n<p><strong>Speci\u00e1ln\u00ed pohyby<\/strong><\/p>\n<ul>\n<li>Vojensk\u00e9 vybaven\u00ed a vozidla<\/li>\n<li>T\u011b\u017ek\u00e9 stroje<\/li>\n<li>Nadrozm\u011brn\u00fd a nadm\u011brn\u00fd n\u00e1klad<\/li>\n<li>Um\u011bleck\u00e1 d\u00edla v bedn\u00e1ch vyroben\u00fdch na zak\u00e1zku<\/li>\n<li>Vzd\u011bl\u00e1vac\u00ed za\u0159\u00edzen\u00ed<\/li>\n<li>L\u00e1zn\u011b a t\u011blocvi\u010dny<\/li>\n<\/ul>\n<p><strong>V\u00fdstavy<\/strong><\/p>\n<ul>\n<li>V\u00fdstavn\u00ed obaly na materi\u00e1l<\/li>\n<li>P\u0159\u00edprava dokumentace pro v\u00fdvoz<\/li>\n<li>Ur\u010den\u00ed nejvhodn\u011bj\u0161\u00edho zp\u016fsobu p\u0159epravy<\/li>\n<li>Dod\u00e1vka<\/li>\n<li>Instalace v\u00fdstavn\u00edho materi\u00e1lu<\/li>\n<li>P\u0159ebalen\u00ed materi\u00e1lu a p\u0159eprava na m\u00edsto p\u016fvodu.<\/li>\n<\/ul>\n<p><strong>\u00dalo\u017ei\u0161t\u011b<\/strong><\/p>\n<ul>\n<li>Dlouhodob\u00e9 a kr\u00e1tkodob\u00e9<\/li>\n<li>nep\u0159etr\u017eit\u00fd dohled<\/li>\n<li>K dispozici je klimatizace<\/li>\n<\/ul>\n<h2>Profil spole\u010dnosti Teletrans<\/h2>\n<p>Spole\u010dnost Teletrans zalo\u017eila Ria Stergiopoulou v roce 1979 v \u0159eck\u00e9 Attice s p\u016fvodn\u00edm c\u00edlem p\u0159epravovat osoby a zbo\u017e\u00ed po \u0158ecku. Dnes je tato spole\u010dnost jedn\u00edm z p\u0159edn\u00edch \u0159eck\u00fdch dopravc\u016f v oblasti p\u0159epravy osob, firem a um\u011bleck\u00fdch d\u011bl po cel\u00e9m sv\u011bt\u011b.<\/p>\n<p>Spole\u010dnost Teletrans m\u00e1 vlastn\u00ed vozov\u00fd park, kter\u00fd \u0159\u00edd\u00ed zam\u011bstnanci spole\u010dnosti. M\u00e1 tak\u00e9 nejmodern\u011bj\u0161\u00ed skladovac\u00ed za\u0159\u00edzen\u00ed v Attice, kter\u00e9 je vybaveno pro skladov\u00e1n\u00ed nejcitliv\u011bj\u0161\u00edch n\u00e1klad\u016f p\u0159ed p\u0159epravou i po n\u00ed. Spole\u010dnost Teletrans m\u00e1 pe\u010dliv\u011b vybranou s\u00ed\u0165 agent\u016f, kte\u0159\u00ed j\u00ed pom\u00e1haj\u00ed s p\u0159epravou do \u0158ecka a z \u0158ecka.<\/p>\n<p>Spole\u010dnost Teletrans se sna\u017e\u00ed sn\u00ed\u017eit svou uhl\u00edkovou stopu a z\u00e1m\u011brn\u011b vol\u00ed recyklovan\u00e9 obalov\u00e9 materi\u00e1ly. Tam, kde je to mo\u017en\u00e9, vyu\u017e\u00edv\u00e1 tak\u00e9 sol\u00e1rn\u00ed energii. Spole\u010dnost nyn\u00ed otev\u0159ela kancel\u00e1\u0159 v Bruselu, kter\u00e1 rovn\u011b\u017e uplat\u0148uje postupy \u0161etrn\u00e9 k \u017eivotn\u00edmu prost\u0159ed\u00ed.<\/p>\n<p>Spole\u010dnost Teletrans m\u00e1 n\u00e1sleduj\u00edc\u00ed akreditace a afilace:<\/p>\n<ul>\n<li>EN ISO 9001:2008<\/li>\n<li><a href=\"https:\/\/moverdb.com\/cs\/iam\/\" target=\"_blank\" rel=\"noopener\">Mezin\u00e1rodn\u00ed asociace st\u011bhov\u00e1k\u016f<\/a> (<a href=\"https:\/\/moverdb.com\/cs\/iam\/\" data-internallinksmanager029f6b8e52c=\"23\" title=\"Vysv\u011btlen\u00ed Mezin\u00e1rodn\u00ed asociace st\u011bhov\u00e1k\u016f (IAM)\">IAM<\/a>)<\/li>\n<li><a href=\"https:\/\/moverdb.com\/cs\/fedemac\/\" target=\"_blank\" rel=\"noopener\">Federace evropsk\u00fdch st\u011bhov\u00e1k\u016f<\/a> (<a href=\"https:\/\/moverdb.com\/cs\/fedemac\/\" data-internallinksmanager029f6b8e52c=\"15\" title=\"Vysv\u011btlen\u00ed Federace evropsk\u00fdch st\u011bhov\u00e1k\u016f (FEDEMAC)\">FEDEMAC<\/a>)<\/li>\n<li>Sdru\u017een\u00ed spedi\u010dn\u00edch a logistick\u00fdch podnik\u016f \u0158ecka (SYNDDEL)<\/li>\n<\/ul>\n<h2>Recenze spole\u010dnosti Teletrans<\/h2>\n<p>V dob\u011b psan\u00ed tohoto \u010dl\u00e1nku se n\u00e1m nepoda\u0159ilo naj\u00edt \u017e\u00e1dn\u00e9 pozitivn\u00ed ani negativn\u00ed recenze na Teletrans online v angli\u010dtin\u011b. <\/p>\n<div itemprop=\"review\" itemscope itemtype=\"http:\/\/schema.org\/Review\">\n<span itemprop=\"author\" itemscope=\"\" itemtype=\"http:\/\/schema.org\/Organization\"><span itemprop=\"name\">MoverDB.com<\/span><\/span> Online recenze webov\u00fdch str\u00e1nek pro <span itemprop=\"itemreviewed\" itemscope=\"\" itemtype=\"http:\/\/schema.org\/Brand\"><span itemprop=\"name\">Teletrans<\/span><\/span>:<\/p>\n<ol>\n<li> Jasn\u00e9 kontaktn\u00ed \u00fadaje na webov\u00fdch str\u00e1nk\u00e1ch (v\u010detn\u011b telefonn\u00edho \u010d\u00edsla): <strong>Ano<\/strong><\/li>\n<li> Snadn\u00e9 z\u00edsk\u00e1n\u00ed <a href=\"https:\/\/moverdb.com\/cs\/citaty\/\">mezin\u00e1rodn\u00ed st\u011bhov\u00e1n\u00ed citace<\/a>? (Online formul\u00e1\u0159 \u017e\u00e1dosti o odhad): <strong>Ano<\/strong><\/li>\n<li> Jasn\u00e9 informace na webov\u00fdch str\u00e1nk\u00e1ch: <strong>Ano,<\/strong> Webov\u00e9 str\u00e1nky jsou p\u0159ehledn\u00e9 a dostate\u010dn\u011b informativn\u00ed.<\/li>\n<li> \u010dlenstv\u00ed v mezin\u00e1rodn\u00edch uzn\u00e1van\u00fdch organizac\u00edch pohybliv\u00fdch aktivit: <strong>Ano<\/strong>, (viz v\u00fd\u0161e)<\/li>\n<li> Seznam klient\u016f a\/nebo reference p\u0159edchoz\u00edch z\u00e1kazn\u00edk\u016f. <strong>Ne,<\/strong>, je zde seznam klient\u016f, ale \u017e\u00e1dn\u00e9 reference nebo recenze z\u00e1kazn\u00edk\u016f.<\/li>\n<\/ol>\n<div itemprop=\"reviewRating\" itemscope itemtype=\"http:\/\/schema.org\/Rating\"><meta itemprop=\"worstRating\" content = \"0\" \/><meta itemprop=\"bestRating\" content=\"5\" \/><meta itemprop=\"ratingValue\" content=\"4.5\"><\/div>\n<p><strong>Celkov\u00e9 hodnocen\u00ed: 4,5\/5<\/strong><br \/>\n<strong>Datum recenze:<\/strong> <span itemprop=\"datePublished\" content=\"2017-07-10\">10\/07\/2017<\/span>\n<\/div>\n<p>P\u0159e\u010dt\u011bte si v\u00edce o <a href=\"https:\/\/moverdb.com\/cs\/stehovani-spolecnosti\/\">mezin\u00e1rodn\u00ed st\u011bhovac\u00ed spole\u010dnosti<\/a> a na\u0161e <a href=\"https:\/\/moverdb.com\/cs\/recenze\/\">vysv\u011btlen\u00ed procesu p\u0159ezkoum\u00e1n\u00ed<\/a>.<\/p>\n<p><strong>Webov\u00e9 str\u00e1nky:<\/strong> <a href=\"http:\/\/www.teletranseu.com\/\" target=\"_blank\" rel=\"noopener\">http:\/\/www.teletranseu.com\/<\/a><\/p>","protected":false},"excerpt":{"rendered":"<p>Teletrans is located in Attica Greece. It is a moving and relocation company that offers its clients a wide range of services. These are listed below, together with a company profile and reviews. International Moves Dedicated move manager Full service packing, partial packing or DIY packing Short and long term storage available Disassembly and reassembly [&hellip;]<\/p>\n","protected":false},"author":1,"featured_media":0,"parent":0,"menu_order":0,"comment_status":"closed","ping_status":"closed","template":"","meta":{"_genesis_hide_title":false,"_genesis_hide_breadcrumbs":false,"_genesis_hide_singular_image":false,"_genesis_hide_footer_widgets":false,"_genesis_custom_body_class":"","_genesis_custom_post_class":"","_genesis_layout":"","footnotes":""},"class_list":{"0":"post-1536","1":"page","2":"type-page","3":"status-publish","5":"entry"},"_links":{"self":[{"href":"https:\/\/moverdb.com\/cs\/wp-json\/wp\/v2\/pages\/1536","targetHints":{"allow":["GET"]}}],"collection":[{"href":"https:\/\/moverdb.com\/cs\/wp-json\/wp\/v2\/pages"}],"about":[{"href":"https:\/\/moverdb.com\/cs\/wp-json\/wp\/v2\/types\/page"}],"author":[{"embeddable":true,"href":"https:\/\/moverdb.com\/cs\/wp-json\/wp\/v2\/users\/1"}],"replies":[{"embeddable":true,"href":"https:\/\/moverdb.com\/cs\/wp-json\/wp\/v2\/comments?post=1536"}],"version-history":[{"count":4,"href":"https:\/\/moverdb.com\/cs\/wp-json\/wp\/v2\/pages\/1536\/revisions"}],"predecessor-version":[{"id":6244,"href":"https:\/\/moverdb.com\/cs\/wp-json\/wp\/v2\/pages\/1536\/revisions\/6244"}],"wp:attachment":[{"href":"https:\/\/moverdb.com\/cs\/wp-json\/wp\/v2\/media?parent=1536"}],"curies":[{"name":"wp","href":"https:\/\/api.w.org\/{rel}","templated":true}]}}