{"id":1528,"date":"2017-02-01T16:05:53","date_gmt":"2017-02-01T16:05:53","guid":{"rendered":"http:\/\/moverdb.com\/?page_id=1528"},"modified":"2026-01-08T15:20:40","modified_gmt":"2026-01-08T15:20:40","slug":"shipco-transport","status":"publish","type":"page","link":"https:\/\/moverdb.com\/cs\/shipco-transport\/","title":{"rendered":"Shipco Transport - Mezin\u00e1rodn\u00ed st\u011bhov\u00e1n\u00ed Recenze"},"content":{"rendered":"<p>Spole\u010dnost Shipco Transport nab\u00edz\u00ed slu\u017eby n\u00e1mo\u0159n\u00ed a leteck\u00e9 p\u0159epravy profesion\u00e1ln\u00edm st\u011bhov\u00e1k\u016fm a st\u011bhovac\u00edm spole\u010dnostem, nikoli jednotlivc\u016fm. Jej\u00ed slu\u017eby jsou uvedeny n\u00ed\u017ee spolu s profilem spole\u010dnosti a recenzemi.<\/p>\n<p><strong>Mezin\u00e1rodn\u00ed p\u0159eprava zbo\u017e\u00ed pro dom\u00e1cnost<\/strong><\/p>\n<ul>\n<li> <a href=\"https:\/\/moverdb.com\/cs\/kontejnerova-preprava\/\">Mezin\u00e1rodn\u00ed kontejnerov\u00e1 doprava<\/a><\/li>\n<li>Prost\u0159ednictv\u00edm profesion\u00e1ln\u00edch st\u011bhov\u00e1k\u016f<\/li>\n<li>Prost\u0159ednictv\u00edm profesion\u00e1ln\u00edch st\u011bhovac\u00edch spole\u010dnost\u00ed<\/li>\n<li>LCL<\/li>\n<li>FCL<\/li>\n<li>Leteck\u00e1 p\u0159eprava<\/li>\n<li>Mo\u017enost odb\u011bru ze skladu bal\u00edrny<\/li>\n<\/ul>\n<p><strong>N\u00e1mo\u0159n\u00ed n\u00e1kladn\u00ed doprava LCL<\/strong><\/p>\n<ul>\n<li>Zaru\u010den\u00e1 neutr\u00e1ln\u00ed p\u0159\u00edm\u00e1 neporu\u0161en\u00e1 konsolidace s minim\u00e1ln\u00ed manipulac\u00ed s n\u00e1kladem<\/li>\n<li>Specializovan\u00fd z\u00e1kaznick\u00fd servis poskytuj\u00edc\u00ed \u0159e\u0161en\u00ed na m\u00edru<\/li>\n<li>Pr\u00e9miov\u00ed dopravci a konkurenceschopn\u00e9 sazby spojen\u00e9 s glob\u00e1ln\u00edmi plavebn\u00edmi \u0159\u00e1dy v re\u00e1ln\u00e9m \u010dase.<\/li>\n<\/ul>\n<p><strong>N\u00e1mo\u0159n\u00ed p\u0159eprava FCL<\/strong><\/p>\n<ul>\n<li> R\u016fznorod\u00e9 slu\u017eby prost\u0159ednictv\u00edm v\u00edce ne\u017e 40 smluv s n\u00e1mo\u0159n\u00edmi dopravci.<\/li>\n<li> \u00dapln\u00e9 pokryt\u00ed vnitrozemsk\u00e9 p\u0159epravy v <a href=\"https:\/\/moverdb.com\/cs\/moving-to-the-united-states\/\" data-internallinksmanager029f6b8e52c=\"94\" title=\"St\u011bhujete se do Spojen\u00fdch st\u00e1t\u016f? 2022 \u017divotn\u00ed n\u00e1klady a tipy na st\u011bhov\u00e1n\u00ed\">US<\/a> z v\u00edce ne\u017e 44 000 po\u0161tovn\u00edch sm\u011brovac\u00edch \u010d\u00edsel<\/li>\n<li> Rychl\u00e9 stanoven\u00ed sazeb za dve\u0159e, rampy a <a href=\"https:\/\/moverdb.com\/cs\/top-49-container-ports\/\" data-internallinksmanager029f6b8e52c=\"80\" title=\"49 nejv\u011bt\u0161\u00edch a nejru\u0161n\u011bj\u0161\u00edch kontejnerov\u00fdch p\u0159\u00edstav\u016f v roce 2025\">p\u0159\u00edstav<\/a> slu\u017eby. Tis\u00edce tras b\u011bhem n\u011bkolika okam\u017eik\u016f<\/li>\n<\/ul>\n<p><strong>N\u00e1mo\u0159n\u00ed projekty a specializovan\u00e1 p\u0159eprava<\/strong><\/p>\n<ul>\n<li>Slu\u017eby Break Bulk, RoRo, Out of Gauge a Reefer<\/li>\n<li>Celost\u00e1tn\u00ed p\u0159eprava nadrozm\u011brn\u00fdch n\u00e1klad\u016f, n\u00e1klad\u016f na povolen\u00ed a kontejner\u016f<\/li>\n<li>Nakl\u00e1d\u00e1n\u00ed, balen\u00ed a vyztu\u017eov\u00e1n\u00ed<\/li>\n<li>Konkuren\u010dn\u00ed ceny prost\u0159ednictv\u00edm na\u0161\u00ed rozs\u00e1hl\u00e9 s\u00edt\u011b n\u00e1mo\u0159n\u00edch a leteck\u00fdch dopravc\u016f, sklad\u016f, p\u0159epravn\u00edch a je\u0159\u00e1bnick\u00fdch spole\u010dnost\u00ed.<\/li>\n<li>Split\/Full Air Charters &amp; OAG z\u00e1silky<\/li>\n<\/ul>\n<p><strong>Leteck\u00e1 p\u0159eprava<\/strong><\/p>\n<ul>\n<li>Smlouvy s v\u00edce ne\u017e 100 leteck\u00fdmi spole\u010dnostmi<\/li>\n<li>Pickup<\/li>\n<li>Skladov\u00e1n\u00ed<\/li>\n<li>Etiketovac\u00ed a dokumenta\u010dn\u00ed slu\u017eby<\/li>\n<li>N\u00e1sledn\u00e1 kontrola n\u00e1kupn\u00edch objedn\u00e1vek<\/li>\n<\/ul>\n<h2>Shipco Transport Profil spole\u010dnosti<\/h2>\n<p>Shipco Transport Inc je dce\u0159inou spole\u010dnost\u00ed Scan Group A\/S, Koda\u0148, a zah\u00e1jila obchodov\u00e1n\u00ed v z\u00e1\u0159\u00ed 1988. <a href=\"https:\/\/moverdb.com\/cs\/stehovani-do-nc\/\">New York City<\/a>. Jedn\u00e1 se o p\u0159edn\u00ed <a href=\"https:\/\/moverdb.com\/cs\/spedice\/\">NVOCC<\/a>. Jeho p\u016fvodn\u00edm \u00fa\u010delem bylo p\u0159ij\u00edmat n\u00e1klad FCL z Asie. Dnes se spole\u010dnost zam\u011b\u0159uje p\u0159edev\u0161\u00edm na konsolidaci LCL.<\/p>\n<p>Dnes m\u00e1 Shipco v\u00edce ne\u017e 75 pobo\u010dek ve 30 zem\u00edch sv\u011bta a zam\u011bstn\u00e1v\u00e1 p\u0159es 2 200 lid\u00ed. Spole\u010dnost Shipco nab\u00edz\u00ed sv\u00fdm klient\u016fm slu\u017eby n\u00e1mo\u0159n\u00ed p\u0159epravy LCL a FCL a leteck\u00e9 p\u0159epravy.<\/p>\n<p>Spole\u010dnost Shipco Transport m\u00e1 n\u00e1sleduj\u00edc\u00ed akreditace a afilace: -<\/p>\n<ul>\n<li><a href=\"https:\/\/moverdb.com\/cs\/iam\/\" target=\"_blank\" rel=\"noopener\">Mezin\u00e1rodn\u00ed asociace st\u011bhov\u00e1k\u016f<\/a> (<a href=\"https:\/\/moverdb.com\/cs\/iam\/\" data-internallinksmanager029f6b8e52c=\"23\" title=\"Vysv\u011btlen\u00ed Mezin\u00e1rodn\u00ed asociace st\u011bhov\u00e1k\u016f (IAM)\">IAM<\/a>)<\/li>\n<li>Scan-Group<\/li>\n<li>World Wide Alliance (WWA)<\/li>\n<li>Skupina Air Cargo Group<\/li>\n<\/ul>\n<h2>Shipco Transport Recenze<\/h2>\n<p><strong>Pozitivn\u00ed:<\/strong><\/p>\n<ul>\n<li><em>\"P\u0159ev\u00e1\u017eel jsem v\u0161echno, co jsem m\u011bl, ze San Diega do <a href=\"https:\/\/moverdb.com\/cs\/moving-companies\/moving-companies-honduras\/\" data-internallinksmanager029f6b8e52c=\"233\" title=\"2 Nejlep\u0161\u00ed mezin\u00e1rodn\u00ed st\u011bhovac\u00ed spole\u010dnosti v Hondurasu\">Honduras<\/a>, Shipco bylo skv\u011bl\u00e9.\" <\/em>Madison K prost\u0159ednictv\u00edm <a href=\"https:\/\/www.yelp.co.uk\/biz\/shipco-transport-long-beach?hrid=hfrOGEwsoHzhivf1ODT9DQ&#038;utm_campaign=www_review_share_popup&#038;utm_medium=copy_link&#038;utm_source=(direct)\" target=\"_blank\" rel=\"noopener\">Yelp<\/a>.\n<li><em>\"Opravdu dobr\u00e9 slu\u017eby. \u017d\u00e1dn\u00e9 probl\u00e9my.\"<\/em> - Dawn C prost\u0159ednictv\u00edm <a href=\"https:\/\/www.tryfleet.com\/freight-forwarder-profile\/shipco-transport-inc\" target=\"_blank\" rel=\"noopener\">Flotila<\/a><\/li>\n<\/ul>\n<p><strong>Negativn\u00ed:<\/strong><\/p>\n<ul>\n<li><em>\"Nejhor\u0161\u00ed spole\u010dnost, se kterou jsem kdy jednal. Zadr\u017eeli mi z\u00e1silku na 2 t\u00fddny, p\u0159esto\u017ee m\u011bli zaplaceno v pln\u00e9 v\u00fd\u0161i, a necht\u011bli z\u00e1silku vydat.\" <\/em>Houman M prost\u0159ednictv\u00edm <a href=\"https:\/\/www.yelp.co.uk\/biz\/shipco-transport-long-beach?hrid=0lZOxg3aNnePXUGvOv7fxw&#038;utm_campaign=www_review_share_popup&#038;utm_medium=copy_link&#038;utm_source=(direct)\" target=\"_blank\" rel=\"noopener\">Yelp<\/a><\/li>\n<\/ul>\n<div itemprop=\"review\" itemscope itemtype=\"http:\/\/schema.org\/Review\">\n<span itemprop=\"author\" itemscope=\"\" itemtype=\"http:\/\/schema.org\/Organization\"><span itemprop=\"name\">MoverDB.com<\/span><\/span> Online recenze webov\u00fdch str\u00e1nek pro <span itemprop=\"itemreviewed\" itemscope=\"\" itemtype=\"http:\/\/schema.org\/Brand\"><span itemprop=\"name\">Shipco Transport<\/span><\/span>:<\/p>\n<ol>\n<li> Jasn\u00e9 kontaktn\u00ed \u00fadaje na webov\u00fdch str\u00e1nk\u00e1ch (v\u010detn\u011b telefonn\u00edho \u010d\u00edsla): <strong>Ano<\/strong><\/li>\n<li> Snadn\u00e9 z\u00edsk\u00e1n\u00ed <a href=\"https:\/\/moverdb.com\/cs\/citaty\/\">mezin\u00e1rodn\u00ed st\u011bhov\u00e1n\u00ed citace<\/a>? (Online formul\u00e1\u0159 \u017e\u00e1dosti o odhad): <strong>Ano<\/strong><\/li>\n<li> Jasn\u00e9 informace na webov\u00fdch str\u00e1nk\u00e1ch: <strong>Ano,<\/strong> na webov\u00fdch str\u00e1nk\u00e1ch jsou uvedeny v\u0161echny jejich p\u0159epravn\u00ed a p\u0159epravn\u00ed slu\u017eby.<\/li>\n<li> \u010clenstv\u00ed v mezin\u00e1rodn\u00edch uzn\u00e1van\u00fdch organizac\u00edch pohybliv\u00fdch aktivit: <strong>Ano<\/strong>, (viz v\u00fd\u0161e)<\/li>\n<li> Seznam klient\u016f a\/nebo reference p\u0159edchoz\u00edch z\u00e1kazn\u00edk\u016f. <strong>Ne,<\/strong> nejsou na jejich webov\u00fdch str\u00e1nk\u00e1ch, ale obecn\u011b maj\u00ed pozitivn\u00ed hodnocen\u00ed.<\/li>\n<\/ol>\n<div itemprop=\"reviewRating\" itemscope itemtype=\"http:\/\/schema.org\/Rating\"><meta itemprop=\"worstRating\" content = \"0\" \/><meta itemprop=\"bestRating\" content=\"5\" \/><meta itemprop=\"ratingValue\" content=\"4\"><\/div>\n<p><strong>Celkov\u00e9 hodnocen\u00ed: 4\/5<\/strong><br \/>\n<strong>Datum recenze:<\/strong> <span itemprop=\"datePublished\" content=\"2017-02-01\">01\/02\/2017<\/span>\n<\/div>\n<p>P\u0159e\u010dt\u011bte si v\u00edce o <a href=\"https:\/\/moverdb.com\/cs\/stehovani-spolecnosti\/\">mezin\u00e1rodn\u00ed st\u011bhovac\u00ed spole\u010dnosti<\/a>, <a href=\"https:\/\/moverdb.com\/cs\/prepravni-spolecnosti\/\">kontejnerov\u00e9 p\u0159epravn\u00ed spole\u010dnosti<\/a> a na\u0161e <a href=\"https:\/\/moverdb.com\/cs\/recenze\/\">proces p\u0159ezkoum\u00e1n\u00ed<\/a>.<\/p>\n<p><strong>Webov\u00e9 str\u00e1nky:<\/strong> <a href=\"https:\/\/www.shipco.com\/\" target=\"_blank\" rel=\"noopener\">https:\/\/www.shipco.com\/<\/a><\/p>","protected":false},"excerpt":{"rendered":"<p>Shipco Transport offers ocean and air freight services to professional household goods movers and relocation companies, not individuals. Its services are listed below, together with a company profile and reviews. International Movement of Household Goods International container shipping Through professional household goods movers Through professional relocation companies LCL FCL Airfreight Collection from packer&#8217;s warehouse available [&hellip;]<\/p>\n","protected":false},"author":1,"featured_media":0,"parent":0,"menu_order":0,"comment_status":"closed","ping_status":"closed","template":"","meta":{"_genesis_hide_title":false,"_genesis_hide_breadcrumbs":false,"_genesis_hide_singular_image":false,"_genesis_hide_footer_widgets":false,"_genesis_custom_body_class":"","_genesis_custom_post_class":"","_genesis_layout":"","footnotes":""},"class_list":{"0":"post-1528","1":"page","2":"type-page","3":"status-publish","5":"entry"},"_links":{"self":[{"href":"https:\/\/moverdb.com\/cs\/wp-json\/wp\/v2\/pages\/1528","targetHints":{"allow":["GET"]}}],"collection":[{"href":"https:\/\/moverdb.com\/cs\/wp-json\/wp\/v2\/pages"}],"about":[{"href":"https:\/\/moverdb.com\/cs\/wp-json\/wp\/v2\/types\/page"}],"author":[{"embeddable":true,"href":"https:\/\/moverdb.com\/cs\/wp-json\/wp\/v2\/users\/1"}],"replies":[{"embeddable":true,"href":"https:\/\/moverdb.com\/cs\/wp-json\/wp\/v2\/comments?post=1528"}],"version-history":[{"count":7,"href":"https:\/\/moverdb.com\/cs\/wp-json\/wp\/v2\/pages\/1528\/revisions"}],"predecessor-version":[{"id":6237,"href":"https:\/\/moverdb.com\/cs\/wp-json\/wp\/v2\/pages\/1528\/revisions\/6237"}],"wp:attachment":[{"href":"https:\/\/moverdb.com\/cs\/wp-json\/wp\/v2\/media?parent=1528"}],"curies":[{"name":"wp","href":"https:\/\/api.w.org\/{rel}","templated":true}]}}