{"id":14470,"date":"2023-11-08T15:57:06","date_gmt":"2023-11-08T15:57:06","guid":{"rendered":"https:\/\/moverdb.com\/freight-forwarder\/freight-forwarding-uk\/bridgwater-freight-forwarder\/"},"modified":"2026-01-08T14:50:58","modified_gmt":"2026-01-08T14:50:58","slug":"bridgwater-freight-forwarder","status":"publish","type":"page","link":"https:\/\/moverdb.com\/cs\/freight-forwarder\/freight-forwarding-uk\/bridgwater-freight-forwarder\/","title":{"rendered":"1 nejlep\u0161\u00ed spedi\u010dn\u00ed firmy v Bridgwateru (2024)"},"content":{"rendered":"<p>N\u00ed\u017ee se pod\u00edv\u00e1me na 1 <em>\"nejlep\u0161\u00ed\"<\/em> Spedi\u010dn\u00ed firmy v Bridgwateru z 3.<\/p>\n<p>Chcete-li se dozv\u011bd\u011bt v\u00edce o tom, jak jsme vyb\u00edrali ty nejlep\u0161\u00ed, pod\u00edvejte se do sekce \u010casto kladen\u00e9 dotazy na konci.<\/p>\n<p><em>Upozor\u0148ujeme, \u017ee n\u00e1sleduj\u00edc\u00ed seznamy nejsou \u0159azeny v \u017e\u00e1dn\u00e9m konkr\u00e9tn\u00edm po\u0159ad\u00ed a nedoporu\u010dujeme \u017e\u00e1dnou konkr\u00e9tn\u00ed spole\u010dnost.<\/em><\/p>\n<h2>Freight International Ltd<\/h2>\n<p><img decoding=\"async\" src=\"https:\/\/moverdb.com\/wp-content\/uploads\/AF1QipOOr74M5-4_Y3pUZyDS95KYrKzhCgZ3pCe23BfGw664-h240-k-no.png\" alt='Freight International Ltd' class=\"aligncenter\"><\/p>\n<p><strong>Popis z podniku: <\/strong>S v\u00edce ne\u017e 50 lety zku\u0161enost\u00ed v oblasti exportu a importu je v\u00e1\u0161 n\u00e1klad v bezpe\u010dn\u00fdch rukou spole\u010dnosti Freight International.<\/p>\n<p>Kl\u00ed\u010dovou roli v na\u0161em \u00fasp\u011bchu hraj\u00ed nab\u00eddky na m\u00edru od p\u0159edn\u00edch sv\u011btov\u00fdch dopravc\u016f, zv\u00fdhodn\u011bn\u00e9 sazby a z\u00e1kaznick\u00fd servis na vysok\u00e9 \u00farovni. <a href=\"https:\/\/moverdb.com\/cs\/moving-to-the-united-states\/\" data-internallinksmanager029f6b8e52c=\"94\" title=\"St\u011bhujete se do Spojen\u00fdch st\u00e1t\u016f? 2022 \u017divotn\u00ed n\u00e1klady a tipy na st\u011bhov\u00e1n\u00ed\">n\u00e1s<\/a> logistick\u00fd partner \u010d\u00edslo 1 pro v\u00fdrobce a distributory po cel\u00e9m sv\u011bt\u011b.<\/p>\n<p>N\u00e1\u0161 specializovan\u00fd t\u00fdm je p\u0159ipraven projednat s v\u00e1mi va\u0161e logistick\u00e9 po\u017eadavky a spolupracuje se z\u00e1stupci na v\u0161ech 7 kontinentech,<br \/>\njsme schopni nab\u00eddnout individu\u00e1ln\u00ed slu\u017eby s glob\u00e1ln\u00edm dosahem.<\/p>\n<p>A\u0165 u\u017e se jedn\u00e1 o stroje do Melbourne, nebo o bal\u00ed\u010dky z Penangu, budeme r\u00e1di, kdy\u017e se n\u00e1m ozvete!<\/p>\n<p><strong>Dal\u0161\u00ed slu\u017eby:<\/strong><\/p>\n<p>\u017d\u00e1dn\u00fd nen\u00ed uveden<\/p>\n<p><strong>Adresa:<\/strong> Express Park, Mallard Court, <a href=\"\" data-internallinksmanager029f6b8e52c=\"36\" title=\"Bristol\">Bristol<\/a> Rd, Bridgwater TA6 4RN<\/p>\n<p><a href=\"http:\/\/www.freight-international.co.uk\/\" target=\"_new\" rel=\"noopener\">Webov\u00e9 str\u00e1nky spole\u010dnosti Freight International Ltd<\/a><\/p>\n<p><strong>Hodnocen\u00ed: <\/strong>5<br \/> <strong>Po\u010det recenz\u00ed:<\/strong> 1<br \/><a href=\"https:\/\/www.google.co.uk\/maps?cid=14944274415594708407&#038;hl=en&#038;gl=GB\" target=\"_new\" rel=\"noopener\">P\u0159e\u010dt\u011bte si recenze<\/a><\/p>\n<h2>Jak jsme vybrali nejlep\u0161\u00ed spedi\u010dn\u00ed spole\u010dnosti v Bridgwateru<\/h2>\n<p>Vych\u00e1zeli jsme ze souboru dat 3 spedi\u010dn\u00edch firem z Bridgwateru, kter\u00e9 jsme na\u0161li na Map\u00e1ch Google, a z\u00fa\u017eili jsme jej na 1 nejlep\u0161\u00ed.<\/p>\n<p>Za t\u00edmto \u00fa\u010delem jsme odstranili v\u0161echny spole\u010dnosti, kter\u00e9:<\/p>\n<ul>\n<li> Nem\u011bl \u017e\u00e1dn\u00e9 webov\u00e9 str\u00e1nky<\/li>\n<li> Nem\u011bl \u017e\u00e1dn\u00e9 recenze<\/li>\n<li> Pr\u016fm\u011brn\u00e9 hodnocen\u00ed ni\u017e\u0161\u00ed ne\u017e 2,0<\/li>\n<\/ul>\n<p>Pokud jsme v tomto okam\u017eiku m\u011bli 17 nebo m\u00e9n\u011b dopravc\u016f, uvedli jsme v\u0161echny.<\/p>\n<p>U m\u011bst, kde n\u00e1m z\u016fstalo v\u00edce ne\u017e 17 odes\u00edlatel\u016f, jsme provedli dal\u0161\u00ed revize bu\u010f zv\u00fd\u0161en\u00edm po\u017eadovan\u00e9ho po\u010dtu recenz\u00ed (nap\u0159. z minim\u00e1ln\u00edho po\u010dtu 2,0 na 4,0) a\/nebo zv\u00fd\u0161en\u00edm minim\u00e1ln\u00edho po\u010dtu po\u017eadovan\u00fdch recenz\u00ed (nap\u0159. z alespo\u0148 1 recenze na alespo\u0148 10).<\/p>\n<p>V\u0161imn\u011bte si, \u017ee jsme pou\u017eili pouze \u00fadaje o hodnocen\u00ed z Map Google, nikoli z jin\u00fdch webov\u00fdch str\u00e1nek t\u0159et\u00edch stran.<\/p>\n<p>Dal\u0161\u00ed m\u011bsta:<\/p>\n<p><a href=\"https:\/\/moverdb.com\/cs\/spedice\/freight-forwarding-uk\/witney-freight-forwarder\/\">Spedice Witney<\/a><br \/><a href=\"https:\/\/moverdb.com\/cs\/spedice\/freight-forwarding-uk\/rossendale-freight-forwarder\/\">Zas\u00edlatelstv\u00ed Rossendale<\/a><br \/><a href=\"https:\/\/moverdb.com\/cs\/spedice\/freight-forwarding-uk\/wokingham-freight-forwarder\/\">Spedice Wokingham<\/a><br \/><a href=\"https:\/\/moverdb.com\/cs\/spedice\/freight-forwarding-uk\/farnborough-freight-forwarder\/\">Spedice Farnborough<\/a><br \/><a href=\"https:\/\/moverdb.com\/cs\/spedice\/freight-forwarding-uk\/worcester-freight-forwarder\/\">Spedice Worcester<\/a><\/p>","protected":false},"excerpt":{"rendered":"<p>Below we look at the 1 &#8220;best&#8221; Freight Forwarding companies in Bridgwater out of 3. To learn more about how we chose the best please consult our FAQ section at the end. Please not the following listings are in no particular order and we are not making any recommendations for any particular company. Freight International [&hellip;]<\/p>\n","protected":false},"author":1,"featured_media":0,"parent":13427,"menu_order":0,"comment_status":"open","ping_status":"open","template":"","meta":{"_genesis_hide_title":false,"_genesis_hide_breadcrumbs":false,"_genesis_hide_singular_image":false,"_genesis_hide_footer_widgets":false,"_genesis_custom_body_class":"","_genesis_custom_post_class":"","_genesis_layout":"","footnotes":""},"class_list":{"0":"post-14470","1":"page","2":"type-page","3":"status-publish","5":"entry"},"_links":{"self":[{"href":"https:\/\/moverdb.com\/cs\/wp-json\/wp\/v2\/pages\/14470","targetHints":{"allow":["GET"]}}],"collection":[{"href":"https:\/\/moverdb.com\/cs\/wp-json\/wp\/v2\/pages"}],"about":[{"href":"https:\/\/moverdb.com\/cs\/wp-json\/wp\/v2\/types\/page"}],"author":[{"embeddable":true,"href":"https:\/\/moverdb.com\/cs\/wp-json\/wp\/v2\/users\/1"}],"replies":[{"embeddable":true,"href":"https:\/\/moverdb.com\/cs\/wp-json\/wp\/v2\/comments?post=14470"}],"version-history":[{"count":1,"href":"https:\/\/moverdb.com\/cs\/wp-json\/wp\/v2\/pages\/14470\/revisions"}],"predecessor-version":[{"id":15543,"href":"https:\/\/moverdb.com\/cs\/wp-json\/wp\/v2\/pages\/14470\/revisions\/15543"}],"up":[{"embeddable":true,"href":"https:\/\/moverdb.com\/cs\/wp-json\/wp\/v2\/pages\/13427"}],"wp:attachment":[{"href":"https:\/\/moverdb.com\/cs\/wp-json\/wp\/v2\/media?parent=14470"}],"curies":[{"name":"wp","href":"https:\/\/api.w.org\/{rel}","templated":true}]}}