{"id":14420,"date":"2023-11-08T15:56:48","date_gmt":"2023-11-08T15:56:48","guid":{"rendered":"https:\/\/moverdb.com\/freight-forwarder\/freight-forwarding-uk\/towcester-freight-forwarder\/"},"modified":"2026-01-08T14:55:01","modified_gmt":"2026-01-08T14:55:01","slug":"towcester-freight-forwarder","status":"publish","type":"page","link":"https:\/\/moverdb.com\/cs\/freight-forwarder\/freight-forwarding-uk\/towcester-freight-forwarder\/","title":{"rendered":"1 nejlep\u0161\u00ed spedi\u010dn\u00ed spole\u010dnosti v Towcesteru (2024)"},"content":{"rendered":"<p>N\u00ed\u017ee se pod\u00edv\u00e1me na 1 <em>\"nejlep\u0161\u00ed\"<\/em> Spedi\u010dn\u00ed firmy v Towcesteru z 1.<\/p>\n<p>Chcete-li se dozv\u011bd\u011bt v\u00edce o tom, jak jsme vyb\u00edrali ty nejlep\u0161\u00ed, pod\u00edvejte se do sekce \u010casto kladen\u00e9 dotazy na konci.<\/p>\n<p><em>Upozor\u0148ujeme, \u017ee n\u00e1sleduj\u00edc\u00ed seznamy nejsou \u0159azeny v \u017e\u00e1dn\u00e9m konkr\u00e9tn\u00edm po\u0159ad\u00ed a nedoporu\u010dujeme \u017e\u00e1dnou konkr\u00e9tn\u00ed spole\u010dnost.<\/em><\/p>\n<h2>Logistick\u00e1 \u0159e\u0161en\u00ed pro n\u00e1kladn\u00ed dopravu<\/h2>\n<p><img decoding=\"async\" src=\"https:\/\/moverdb.com\/wp-content\/uploads\/AF1QipNDFDb5KpfUyxWp5wDHwjDaPw8N5P432u7zhYtMw408-h306-k-no.jpg\" alt='Logistick\u00e1 \u0159e\u0161en\u00ed pro n\u00e1kladn\u00ed dopravu' class=\"aligncenter\"><\/p>\n<p><strong>Popis z podniku: <\/strong>Spole\u010dnost FLS je jedn\u00edm z p\u0159edn\u00edch britsk\u00fdch poskytovatel\u016f komplexn\u00edho \u0159\u00edzen\u00ed dodavatelsk\u00e9ho \u0159et\u011bzce.<\/p>\n<p> Spole\u010dnost FLS nab\u00edz\u00ed logistick\u00e1 \u0159e\u0161en\u00ed vych\u00e1zej\u00edc\u00ed z pracovn\u00edch zku\u0161enost\u00ed a odborn\u00fdch znalost\u00ed v oblasti provozn\u00ed logistiky, logistiky dodavatelsk\u00e9ho \u0159et\u011bzce a n\u00e1kladn\u00ed dopravy, jejich\u017e hlavn\u00edm obchodn\u00edm c\u00edlem je zlep\u0161it \u00farove\u0148 p\u0159epravn\u00edch slu\u017eeb na\u0161ich klient\u016f a z\u00e1rove\u0148 sn\u00ed\u017eit n\u00e1klady.<\/p>\n<p>Spole\u010dnost FLS disponuje rozs\u00e1hlou glob\u00e1ln\u00ed s\u00edt\u00ed preferovan\u00fdch dodavatel\u016f a kvalitn\u00edch dopravc\u016f, co\u017e znamen\u00e1, \u017ee m\u016f\u017eete t\u011b\u017eit z lep\u0161\u00ed dostupnosti, bezpe\u010dnosti, garantovan\u00e9 \u00farovn\u011b slu\u017eeb, v\u011bt\u0161\u00ed flexibility, sledovatelnosti a \u010dasov\u011b omezen\u00fdch dod\u00e1vek.<\/p>\n<p>Spole\u010dnost FLS nab\u00edz\u00ed celou \u0159adu slu\u017eeb, kter\u00e9 vyhovuj\u00ed v\u0161em pot\u0159eb\u00e1m klient\u016f v oblasti manipulace s n\u00e1kladem, od p\u0159\u00edle\u017eitostn\u00e9 p\u0159epravy a\u017e po kompletn\u00ed outsourcovan\u00e9 \u0159e\u0161en\u00ed spr\u00e1vy p\u0159epravy na m\u00edst\u011b.<\/p>\n<p><strong>Dal\u0161\u00ed slu\u017eby:<\/strong><\/p>\n<p>Dopravn\u00ed slu\u017eby<\/p>\n<p><strong>Adresa:<\/strong> Suite 3 The Innovation Centre Silverstone Park, Silverstone, Towcester NN12 8GX<\/p>\n<p><a href=\"http:\/\/www.freightlogisticssolutions.co.uk\/\" target=\"_new\" rel=\"noopener\">Webov\u00e9 str\u00e1nky Freight Logistics Solutions<\/a><\/p>\n<p><strong>Hodnocen\u00ed: <\/strong>5<br \/> <strong>Po\u010det recenz\u00ed:<\/strong> 2<br \/><a href=\"https:\/\/www.google.co.uk\/maps?cid=6827545134661727843&#038;hl=en&#038;gl=GB\" target=\"_new\" rel=\"noopener\">P\u0159e\u010dt\u011bte si recenze<\/a><\/p>\n<h2>Jak jsme vybrali nejlep\u0161\u00ed spedi\u010dn\u00ed spole\u010dnosti Towcesteru<\/h2>\n<p>Vych\u00e1zeli jsme ze souboru dat 1 spedi\u010dn\u00edch firem z Towcesteru, kter\u00e9 jsme na\u0161li na Map\u00e1ch Google, a z\u00fa\u017eili jsme ho na 1 nejlep\u0161\u00ed.<\/p>\n<p>Za t\u00edmto \u00fa\u010delem jsme odstranili v\u0161echny spole\u010dnosti, kter\u00e9:<\/p>\n<ul>\n<li> Nem\u011bl \u017e\u00e1dn\u00e9 webov\u00e9 str\u00e1nky<\/li>\n<li> Nem\u011bl \u017e\u00e1dn\u00e9 recenze<\/li>\n<li> Pr\u016fm\u011brn\u00e9 hodnocen\u00ed ni\u017e\u0161\u00ed ne\u017e 2,0<\/li>\n<\/ul>\n<p>Pokud jsme v tomto okam\u017eiku m\u011bli 17 nebo m\u00e9n\u011b dopravc\u016f, uvedli jsme v\u0161echny.<\/p>\n<p>U m\u011bst, kde n\u00e1m z\u016fstalo v\u00edce ne\u017e 17 odes\u00edlatel\u016f, jsme provedli dal\u0161\u00ed revize bu\u010f zv\u00fd\u0161en\u00edm po\u017eadovan\u00e9ho po\u010dtu recenz\u00ed (nap\u0159. z minim\u00e1ln\u00edho po\u010dtu 2,0 na 4,0) a\/nebo zv\u00fd\u0161en\u00edm minim\u00e1ln\u00edho po\u010dtu po\u017eadovan\u00fdch recenz\u00ed (nap\u0159. z alespo\u0148 1 recenze na alespo\u0148 10).<\/p>\n<p>V\u0161imn\u011bte si, \u017ee jsme pou\u017eili pouze \u00fadaje o hodnocen\u00ed z Map Google, nikoli z jin\u00fdch webov\u00fdch str\u00e1nek t\u0159et\u00edch stran.<\/p>\n<p>Dal\u0161\u00ed m\u011bsta:<\/p>\n<p><a href=\"https:\/\/moverdb.com\/cs\/spedice\/freight-forwarding-uk\/pulborough-freight-forwarder\/\">Spedice Pulborough<\/a><br \/><a href=\"https:\/\/moverdb.com\/cs\/spedice\/freight-forwarding-uk\/upminster-freight-forwarder\/\">Spedice Upminster<\/a><br \/><a href=\"https:\/\/moverdb.com\/cs\/spedice\/freight-forwarding-uk\/bala-freight-forwarder\/\">Spedice Bala<\/a><br \/><a href=\"https:\/\/moverdb.com\/cs\/spedice\/freight-forwarding-uk\/hexham-freight-forwarder\/\">Zas\u00edlatelstv\u00ed Hexham<\/a><br \/><a href=\"https:\/\/moverdb.com\/cs\/spedice\/freight-forwarding-uk\/ramsgate-freight-forwarder\/\">Spedice Ramsgate<\/a><\/p>","protected":false},"excerpt":{"rendered":"<p>Below we look at the 1 &#8220;best&#8221; Freight Forwarding companies in Towcester out of 1. To learn more about how we chose the best please consult our FAQ section at the end. Please not the following listings are in no particular order and we are not making any recommendations for any particular company. Freight Logistics [&hellip;]<\/p>\n","protected":false},"author":1,"featured_media":0,"parent":13427,"menu_order":0,"comment_status":"open","ping_status":"open","template":"","meta":{"_genesis_hide_title":false,"_genesis_hide_breadcrumbs":false,"_genesis_hide_singular_image":false,"_genesis_hide_footer_widgets":false,"_genesis_custom_body_class":"","_genesis_custom_post_class":"","_genesis_layout":"","footnotes":""},"class_list":{"0":"post-14420","1":"page","2":"type-page","3":"status-publish","5":"entry"},"_links":{"self":[{"href":"https:\/\/moverdb.com\/cs\/wp-json\/wp\/v2\/pages\/14420","targetHints":{"allow":["GET"]}}],"collection":[{"href":"https:\/\/moverdb.com\/cs\/wp-json\/wp\/v2\/pages"}],"about":[{"href":"https:\/\/moverdb.com\/cs\/wp-json\/wp\/v2\/types\/page"}],"author":[{"embeddable":true,"href":"https:\/\/moverdb.com\/cs\/wp-json\/wp\/v2\/users\/1"}],"replies":[{"embeddable":true,"href":"https:\/\/moverdb.com\/cs\/wp-json\/wp\/v2\/comments?post=14420"}],"version-history":[{"count":1,"href":"https:\/\/moverdb.com\/cs\/wp-json\/wp\/v2\/pages\/14420\/revisions"}],"predecessor-version":[{"id":15657,"href":"https:\/\/moverdb.com\/cs\/wp-json\/wp\/v2\/pages\/14420\/revisions\/15657"}],"up":[{"embeddable":true,"href":"https:\/\/moverdb.com\/cs\/wp-json\/wp\/v2\/pages\/13427"}],"wp:attachment":[{"href":"https:\/\/moverdb.com\/cs\/wp-json\/wp\/v2\/media?parent=14420"}],"curies":[{"name":"wp","href":"https:\/\/api.w.org\/{rel}","templated":true}]}}