{"id":14416,"date":"2023-11-08T15:56:48","date_gmt":"2023-11-08T15:56:48","guid":{"rendered":"https:\/\/moverdb.com\/freight-forwarder\/freight-forwarding-uk\/hertford-freight-forwarder\/"},"modified":"2026-01-08T14:51:42","modified_gmt":"2026-01-08T14:51:42","slug":"hertford-freight-forwarder","status":"publish","type":"page","link":"https:\/\/moverdb.com\/cs\/freight-forwarder\/freight-forwarding-uk\/hertford-freight-forwarder\/","title":{"rendered":"1 nejlep\u0161\u00ed spedi\u010dn\u00ed firmy v Hertfordu (2024)"},"content":{"rendered":"<p>N\u00ed\u017ee se pod\u00edv\u00e1me na 1 <em>\"nejlep\u0161\u00ed\"<\/em> Spedi\u010dn\u00ed firmy v Hertfordu z 2.<\/p>\n<p>Chcete-li se dozv\u011bd\u011bt v\u00edce o tom, jak jsme vyb\u00edrali ty nejlep\u0161\u00ed, pod\u00edvejte se do sekce \u010casto kladen\u00e9 dotazy na konci.<\/p>\n<p><em>Upozor\u0148ujeme, \u017ee n\u00e1sleduj\u00edc\u00ed seznamy nejsou \u0159azeny v \u017e\u00e1dn\u00e9m konkr\u00e9tn\u00edm po\u0159ad\u00ed a nedoporu\u010dujeme \u017e\u00e1dnou konkr\u00e9tn\u00ed spole\u010dnost.<\/em><\/p>\n<h2>MATTHEWS HAULAGE LTD<\/h2>\n<p><img decoding=\"async\" src=\"https:\/\/moverdb.com\/wp-content\/uploads\/AF1QipPwh_X9ZHgiMWLtp7OUwS2ViaYQBJWPuuf2ncbHw408-h306-k-no.jpg\" alt='MATTHEWS HAULAGE LTD' class=\"aligncenter\"><\/p>\n<p><strong>Popis z podniku: <\/strong>Jste-li spole\u010dnost zab\u00fdvaj\u00edc\u00ed se v\u00fdrobou B2B produkt\u016f se s\u00eddlem v Hertfordshire a distribuc\u00ed produkt\u016f po cel\u00e9 zemi, kter\u00e1 chce zlep\u0161it slu\u017eby z\u00e1kazn\u00edk\u016fm, obrat z\u00e1sob a ziskovost, ale v sou\u010dasn\u00e9 dob\u011b nen\u00ed spokojena.<\/p>\n<p> M\u016f\u017eete se spolehnout na <a href=\"https:\/\/moverdb.com\/cs\/moving-to-the-united-states\/\" data-internallinksmanager029f6b8e52c=\"94\" title=\"St\u011bhujete se do Spojen\u00fdch st\u00e1t\u016f? 2022 \u017divotn\u00ed n\u00e1klady a tipy na st\u011bhov\u00e1n\u00ed\">n\u00e1s<\/a>.<\/p>\n<p>Spole\u010dnost Matthews Haulage Ltd byla zalo\u017eena v roce 1975 a od roku 1977 s\u00eddl\u00ed v Hertfordu.<\/p>\n<p>Spole\u010dnost Matthews Haulage Ltd. se pe\u010dliv\u011b rozv\u00edjela a\u017e do dne\u0161n\u00ed podoby \"Rolls Royce\".<\/p>\n<p> Jsme hrd\u00ed na to, \u017ee d\u011bl\u00e1me v\u0161e nav\u00edc (bez slovn\u00ed h\u0159\u00ed\u010dky), abychom zajistili spokojenost v\u0161ech na\u0161ich mal\u00fdch i velk\u00fdch z\u00e1kazn\u00edk\u016f.<\/p>\n<p> Poskytujeme prvot\u0159\u00eddn\u00ed slu\u017eby za konkurenceschopn\u00e9 ceny s modern\u00edm, chytr\u00fdm vozov\u00fdm parkem a chytr\u00fdmi, sv\u011bdomit\u00fdmi \u0159idi\u010di.<\/p>\n<p> M\u00e1me vysoce motivovan\u00fd mana\u017eersk\u00fd t\u00fdm, kter\u00fd v\u00e1m pom\u016f\u017ee se v\u0161emi va\u0161imi pot\u0159ebami, na kter\u00e9 nemus\u00edte myslet sami!<\/p>\n<p><strong>Dal\u0161\u00ed slu\u017eby:<\/strong><\/p>\n<p>\u017d\u00e1dn\u00fd nen\u00ed uveden<\/p>\n<p><strong>Adresa:<\/strong> Mead Ln, Hertford SG13 7AX<\/p>\n<p><a href=\"http:\/\/www.matthewshaulage.co.uk\/\" target=\"_new\" rel=\"noopener\">Webov\u00e9 str\u00e1nky spole\u010dnosti MATTHEWS HAULAGE LTD<\/a><\/p>\n<p><strong>Hodnocen\u00ed: <\/strong>4.9<br \/> <strong>Po\u010det recenz\u00ed:<\/strong> 10<br \/><a href=\"https:\/\/www.google.co.uk\/maps?cid=15518358092684340918&#038;hl=en&#038;gl=GB\" target=\"_new\" rel=\"noopener\">P\u0159e\u010dt\u011bte si recenze<\/a><\/p>\n<h2>Jak jsme vybrali nejlep\u0161\u00ed spedi\u010dn\u00ed spole\u010dnosti v Hertfordu<\/h2>\n<p>Vych\u00e1zeli jsme ze souboru dat 2 spedi\u010dn\u00edch spole\u010dnost\u00ed z Hertfordu, kter\u00e9 jsme na\u0161li na Map\u00e1ch Google, a z\u00fa\u017eili jsme jej na 1 nejlep\u0161\u00ed.<\/p>\n<p>Za t\u00edmto \u00fa\u010delem jsme odstranili v\u0161echny spole\u010dnosti, kter\u00e9:<\/p>\n<ul>\n<li> Nem\u011bl \u017e\u00e1dn\u00e9 webov\u00e9 str\u00e1nky<\/li>\n<li> Nem\u011bl \u017e\u00e1dn\u00e9 recenze<\/li>\n<li> Pr\u016fm\u011brn\u00e9 hodnocen\u00ed ni\u017e\u0161\u00ed ne\u017e 2,0<\/li>\n<\/ul>\n<p>Pokud jsme v tomto okam\u017eiku m\u011bli 17 nebo m\u00e9n\u011b dopravc\u016f, uvedli jsme v\u0161echny.<\/p>\n<p>U m\u011bst, kde n\u00e1m z\u016fstalo v\u00edce ne\u017e 17 odes\u00edlatel\u016f, jsme provedli dal\u0161\u00ed revize bu\u010f zv\u00fd\u0161en\u00edm po\u017eadovan\u00e9ho po\u010dtu recenz\u00ed (nap\u0159. z minim\u00e1ln\u00edho po\u010dtu 2,0 na 4,0) a\/nebo zv\u00fd\u0161en\u00edm minim\u00e1ln\u00edho po\u010dtu po\u017eadovan\u00fdch recenz\u00ed (nap\u0159. z alespo\u0148 1 recenze na alespo\u0148 10).<\/p>\n<p>V\u0161imn\u011bte si, \u017ee jsme pou\u017eili pouze \u00fadaje o hodnocen\u00ed z Map Google, nikoli z jin\u00fdch webov\u00fdch str\u00e1nek t\u0159et\u00edch stran.<\/p>\n<p>Dal\u0161\u00ed m\u011bsta:<\/p>\n<p><a href=\"https:\/\/moverdb.com\/cs\/spedice\/freight-forwarding-uk\/edenbridge-freight-forwarder\/\">Spedice Edenbridge<\/a><br \/><a href=\"https:\/\/moverdb.com\/cs\/spedice\/freight-forwarding-uk\/towcester-freight-forwarder\/\">Spedice Towcester<\/a><br \/><a href=\"https:\/\/moverdb.com\/cs\/spedice\/freight-forwarding-uk\/pulborough-freight-forwarder\/\">Spedice Pulborough<\/a><br \/><a href=\"https:\/\/moverdb.com\/cs\/spedice\/freight-forwarding-uk\/upminster-freight-forwarder\/\">Spedice Upminster<\/a><br \/><a href=\"https:\/\/moverdb.com\/cs\/spedice\/freight-forwarding-uk\/bala-freight-forwarder\/\">Spedice Bala<\/a><\/p>","protected":false},"excerpt":{"rendered":"<p>Below we look at the 1 &#8220;best&#8221; Freight Forwarding companies in Hertford out of 2. To learn more about how we chose the best please consult our FAQ section at the end. Please not the following listings are in no particular order and we are not making any recommendations for any particular company. MATTHEWS HAULAGE [&hellip;]<\/p>\n","protected":false},"author":1,"featured_media":0,"parent":13427,"menu_order":0,"comment_status":"open","ping_status":"open","template":"","meta":{"_genesis_hide_title":false,"_genesis_hide_breadcrumbs":false,"_genesis_hide_singular_image":false,"_genesis_hide_footer_widgets":false,"_genesis_custom_body_class":"","_genesis_custom_post_class":"","_genesis_layout":"","footnotes":""},"class_list":{"0":"post-14416","1":"page","2":"type-page","3":"status-publish","5":"entry"},"_links":{"self":[{"href":"https:\/\/moverdb.com\/cs\/wp-json\/wp\/v2\/pages\/14416","targetHints":{"allow":["GET"]}}],"collection":[{"href":"https:\/\/moverdb.com\/cs\/wp-json\/wp\/v2\/pages"}],"about":[{"href":"https:\/\/moverdb.com\/cs\/wp-json\/wp\/v2\/types\/page"}],"author":[{"embeddable":true,"href":"https:\/\/moverdb.com\/cs\/wp-json\/wp\/v2\/users\/1"}],"replies":[{"embeddable":true,"href":"https:\/\/moverdb.com\/cs\/wp-json\/wp\/v2\/comments?post=14416"}],"version-history":[{"count":1,"href":"https:\/\/moverdb.com\/cs\/wp-json\/wp\/v2\/pages\/14416\/revisions"}],"predecessor-version":[{"id":15586,"href":"https:\/\/moverdb.com\/cs\/wp-json\/wp\/v2\/pages\/14416\/revisions\/15586"}],"up":[{"embeddable":true,"href":"https:\/\/moverdb.com\/cs\/wp-json\/wp\/v2\/pages\/13427"}],"wp:attachment":[{"href":"https:\/\/moverdb.com\/cs\/wp-json\/wp\/v2\/media?parent=14416"}],"curies":[{"name":"wp","href":"https:\/\/api.w.org\/{rel}","templated":true}]}}