{"id":14364,"date":"2023-11-08T15:56:30","date_gmt":"2023-11-08T15:56:30","guid":{"rendered":"https:\/\/moverdb.com\/freight-forwarder\/freight-forwarding-uk\/south-croydon-freight-forwarder\/"},"modified":"2026-01-08T14:54:44","modified_gmt":"2026-01-08T14:54:44","slug":"south-croydon-freight-forwarder","status":"publish","type":"page","link":"https:\/\/moverdb.com\/cs\/freight-forwarder\/freight-forwarding-uk\/south-croydon-freight-forwarder\/","title":{"rendered":"1 Nejlep\u0161\u00ed spedi\u010dn\u00ed firmy v Ji\u017en\u00edm Croydonu (2024)"},"content":{"rendered":"<p>N\u00ed\u017ee se pod\u00edv\u00e1me na 1 <em>\"nejlep\u0161\u00ed\"<\/em> Spedi\u010dn\u00ed firmy v South Croydon z 1.<\/p>\n<p>Chcete-li se dozv\u011bd\u011bt v\u00edce o tom, jak jsme vyb\u00edrali ty nejlep\u0161\u00ed, pod\u00edvejte se do sekce \u010casto kladen\u00e9 dotazy na konci.<\/p>\n<p><em>Upozor\u0148ujeme, \u017ee n\u00e1sleduj\u00edc\u00ed seznamy nejsou \u0159azeny v \u017e\u00e1dn\u00e9m konkr\u00e9tn\u00edm po\u0159ad\u00ed a nedoporu\u010dujeme \u017e\u00e1dnou konkr\u00e9tn\u00ed spole\u010dnost.<\/em><\/p>\n<h2>121 Air Sea Cargo Ltd<\/h2>\n<p><img decoding=\"async\" src=\"https:\/\/moverdb.com\/wp-content\/uploads\/AF1QipO-BHiiheZx1sU8Zjnq3ruO0ujUx8bFvSr9OF5gw408-h252-k-no.png\" alt='121 Air Sea Cargo Ltd' class=\"aligncenter\"><\/p>\n<p><strong>Popis z podniku: <\/strong>Jsme mnohojazy\u010dn\u00e1, multikulturn\u00ed a mnohostrann\u00e1 dopravn\u00ed organizace, kter\u00e1 poskytuje prvot\u0159\u00eddn\u00ed specializovan\u00e9 slu\u017eby v rychle se rozv\u00edjej\u00edc\u00edm sv\u011bt\u011b mezin\u00e1rodn\u00ed spedice a logistiky.<\/p>\n<p> Na\u0161e glob\u00e1ln\u00ed p\u016fsobnost zahrnuje v\u0161echny kontinenty prost\u0159ednictv\u00edm s\u00edt\u011b vlastn\u00edch kancel\u00e1\u0159\u00ed a strategick\u00fdch partner\u016f.<\/p>\n<p>A\u0165 u\u017e p\u0159epravujete malou ob\u00e1lku, nadm\u011brn\u00e9 zavazadlo, kontejner pln\u00fd zbo\u017e\u00ed nebo se st\u011bhujete do zahrani\u010d\u00ed, spole\u010dnost 121 Air Sea Cargo nab\u00edz\u00ed jedine\u010dn\u00e9 logistick\u00e9 slu\u017eby pro sv\u00e9 klienty.<\/p>\n<p> Jsme hrd\u00ed na to, \u017ee m\u016f\u017eeme na\u0161im z\u00e1kazn\u00edk\u016fm nab\u00eddnout prvot\u0159\u00eddn\u00ed slu\u017eby, spolehlivost a nep\u0159ekonatelnou \u00fasporu v r\u00e1mci pestr\u00e9ho spektra slu\u017eeb spr\u00e1vy mezin\u00e1rodn\u00ed n\u00e1kladn\u00ed dopravy.<\/p>\n<p><strong>Dal\u0161\u00ed slu\u017eby:<\/strong><\/p>\n<p>\u017d\u00e1dn\u00fd nen\u00ed uveden<\/p>\n<p><strong>Adresa:<\/strong> 18-24 Brighton Rd, South Croydon CR2 6AA<\/p>\n<p><a href=\"https:\/\/www.121airseacargo.com\/\" target=\"_new\" rel=\"noopener\">121 Webov\u00e9 str\u00e1nky spole\u010dnosti Air Sea Cargo Ltd<\/a><\/p>\n<p><strong>Hodnocen\u00ed: <\/strong>4.6<br \/> <strong>Po\u010det recenz\u00ed:<\/strong> 9<br \/><a href=\"https:\/\/www.google.co.uk\/maps?cid=11818412571019939437&#038;hl=en&#038;gl=GB\" target=\"_new\" rel=\"noopener\">P\u0159e\u010dt\u011bte si recenze<\/a><\/p>\n<h2>Jak jsme vybrali nejlep\u0161\u00ed spedi\u010dn\u00ed spole\u010dnosti v South Croydonu<\/h2>\n<p>Vych\u00e1zeli jsme ze souboru dat 1 spedi\u010dn\u00edch firem z Ji\u017en\u00edho Croydonu, kter\u00e9 jsme na\u0161li na Map\u00e1ch Google, a z\u00fa\u017eili jsme jej na 1 nejlep\u0161\u00ed.<\/p>\n<p>Za t\u00edmto \u00fa\u010delem jsme odstranili v\u0161echny spole\u010dnosti, kter\u00e9:<\/p>\n<ul>\n<li> Nem\u011bl \u017e\u00e1dn\u00e9 webov\u00e9 str\u00e1nky<\/li>\n<li> Nem\u011bl \u017e\u00e1dn\u00e9 recenze<\/li>\n<li> Pr\u016fm\u011brn\u00e9 hodnocen\u00ed ni\u017e\u0161\u00ed ne\u017e 2,0<\/li>\n<\/ul>\n<p>Pokud jsme v tomto okam\u017eiku m\u011bli 17 nebo m\u00e9n\u011b dopravc\u016f, uvedli jsme v\u0161echny.<\/p>\n<p>U m\u011bst, kde n\u00e1m z\u016fstalo v\u00edce ne\u017e 17 odes\u00edlatel\u016f, jsme provedli dal\u0161\u00ed revize bu\u010f zv\u00fd\u0161en\u00edm po\u017eadovan\u00e9ho po\u010dtu recenz\u00ed (nap\u0159. z minim\u00e1ln\u00edho po\u010dtu 2,0 na 4,0) a\/nebo zv\u00fd\u0161en\u00edm minim\u00e1ln\u00edho po\u010dtu po\u017eadovan\u00fdch recenz\u00ed (nap\u0159. z alespo\u0148 1 recenze na alespo\u0148 10).<\/p>\n<p>V\u0161imn\u011bte si, \u017ee jsme pou\u017eili pouze \u00fadaje o hodnocen\u00ed z Map Google, nikoli z jin\u00fdch webov\u00fdch str\u00e1nek t\u0159et\u00edch stran.<\/p>\n<p>Dal\u0161\u00ed m\u011bsta:<\/p>\n<p><a href=\"https:\/\/moverdb.com\/cs\/spedice\/freight-forwarding-uk\/oakham-freight-forwarder\/\">Spedice Oakham<\/a><br \/><a href=\"https:\/\/moverdb.com\/cs\/spedice\/freight-forwarding-uk\/bedford-freight-forwarder\/\">Bedford Freight Forwarder<\/a><br \/><a href=\"https:\/\/moverdb.com\/cs\/spedice\/freight-forwarding-uk\/doncaster-freight-forwarder\/\">Spedice Doncaster<\/a><br \/><a href=\"https:\/\/moverdb.com\/cs\/spedice\/freight-forwarding-uk\/camberley-freight-forwarder\/\">Spedice Camberley<\/a><br \/><a href=\"https:\/\/moverdb.com\/cs\/spedice\/freight-forwarding-uk\/oldham-freight-forwarder\/\">Spedice Oldham<\/a><\/p>","protected":false},"excerpt":{"rendered":"<p>Below we look at the 1 &#8220;best&#8221; Freight Forwarding companies in South Croydon out of 1. To learn more about how we chose the best please consult our FAQ section at the end. Please not the following listings are in no particular order and we are not making any recommendations for any particular company. 121 [&hellip;]<\/p>\n","protected":false},"author":1,"featured_media":0,"parent":13427,"menu_order":0,"comment_status":"open","ping_status":"open","template":"","meta":{"_genesis_hide_title":false,"_genesis_hide_breadcrumbs":false,"_genesis_hide_singular_image":false,"_genesis_hide_footer_widgets":false,"_genesis_custom_body_class":"","_genesis_custom_post_class":"","_genesis_layout":"","footnotes":""},"class_list":{"0":"post-14364","1":"page","2":"type-page","3":"status-publish","5":"entry"},"_links":{"self":[{"href":"https:\/\/moverdb.com\/cs\/wp-json\/wp\/v2\/pages\/14364","targetHints":{"allow":["GET"]}}],"collection":[{"href":"https:\/\/moverdb.com\/cs\/wp-json\/wp\/v2\/pages"}],"about":[{"href":"https:\/\/moverdb.com\/cs\/wp-json\/wp\/v2\/types\/page"}],"author":[{"embeddable":true,"href":"https:\/\/moverdb.com\/cs\/wp-json\/wp\/v2\/users\/1"}],"replies":[{"embeddable":true,"href":"https:\/\/moverdb.com\/cs\/wp-json\/wp\/v2\/comments?post=14364"}],"version-history":[{"count":1,"href":"https:\/\/moverdb.com\/cs\/wp-json\/wp\/v2\/pages\/14364\/revisions"}],"predecessor-version":[{"id":15640,"href":"https:\/\/moverdb.com\/cs\/wp-json\/wp\/v2\/pages\/14364\/revisions\/15640"}],"up":[{"embeddable":true,"href":"https:\/\/moverdb.com\/cs\/wp-json\/wp\/v2\/pages\/13427"}],"wp:attachment":[{"href":"https:\/\/moverdb.com\/cs\/wp-json\/wp\/v2\/media?parent=14364"}],"curies":[{"name":"wp","href":"https:\/\/api.w.org\/{rel}","templated":true}]}}