{"id":14224,"date":"2023-11-08T15:55:21","date_gmt":"2023-11-08T15:55:21","guid":{"rendered":"https:\/\/moverdb.com\/freight-forwarder\/freight-forwarding-uk\/st-albans-freight-forwarder\/"},"modified":"2026-01-08T14:54:45","modified_gmt":"2026-01-08T14:54:45","slug":"st-albans-freight-forwarder","status":"publish","type":"page","link":"https:\/\/moverdb.com\/cs\/freight-forwarder\/freight-forwarding-uk\/st-albans-freight-forwarder\/","title":{"rendered":"1 nejlep\u0161\u00ed spedi\u010dn\u00ed firmy v St Albans (2024)"},"content":{"rendered":"<p>N\u00ed\u017ee se pod\u00edv\u00e1me na 1 <em>\"nejlep\u0161\u00ed\"<\/em> Spedi\u010dn\u00ed firmy v St Albans z 1.<\/p>\n<p>Chcete-li se dozv\u011bd\u011bt v\u00edce o tom, jak jsme vyb\u00edrali ty nejlep\u0161\u00ed, pod\u00edvejte se do sekce \u010casto kladen\u00e9 dotazy na konci.<\/p>\n<p><em>Upozor\u0148ujeme, \u017ee n\u00e1sleduj\u00edc\u00ed seznamy nejsou \u0159azeny v \u017e\u00e1dn\u00e9m konkr\u00e9tn\u00edm po\u0159ad\u00ed a nedoporu\u010dujeme \u017e\u00e1dnou konkr\u00e9tn\u00ed spole\u010dnost.<\/em><\/p>\n<h2>Fastnet Forwarding St Albans<\/h2>\n<p><img decoding=\"async\" src=\"https:\/\/moverdb.com\/wp-content\/uploads\/thumbnailpanoidn7ZDd6ClewJhvCSm6p8GZwcb_clientsearch.gws-prod.gpsw408h240yaw169.jpg\" alt='Fastnet Forwarding St Albans' class=\"aligncenter\"><\/p>\n<p><strong>Popis z podniku: <\/strong>Spole\u010dnost Fastnet zah\u00e1jila svou \u010dinnost na po\u010d\u00e1tku osmdes\u00e1t\u00fdch let s c\u00edlem poskytovat komplexn\u00ed celosv\u011btov\u00e9 spedi\u010dn\u00ed slu\u017eby pro. <a href=\"https:\/\/moverdb.com\/cs\/moving-to-the-uk\/\" data-internallinksmanager029f6b8e52c=\"93\" title=\"St\u011bhujete se do Spojen\u00e9ho kr\u00e1lovstv\u00ed? 2022 \u017divotn\u00ed n\u00e1klady a tipy na st\u011bhov\u00e1n\u00ed\">UK<\/a> v\u00fdrobci, v\u00fdvozci a dovozci, kte\u0159\u00ed po\u017eadovali cenov\u011b v\u00fdhodn\u00e9 slu\u017eby a vysokou m\u00edru osobn\u00edho p\u0159\u00edstupu.<\/p>\n<p>V sou\u010dasn\u00e9 dob\u011b m\u00e1 Fastnet celosv\u011btovou s\u00ed\u0165 agent\u016f, kte\u0159\u00ed poskytuj\u00ed aktu\u00e1ln\u00ed informace o m\u00edstn\u00edch celn\u00edch a dopravn\u00edch p\u0159edpisech, co\u017e umo\u017e\u0148uje poskytovat slu\u017eby od dve\u0159\u00ed ke dve\u0159\u00edm po cel\u00e9m sv\u011bt\u011b letecky, po silnici nebo po mo\u0159i.<\/p>\n<p>D\u00edky vy\u0161kolen\u00e9mu a nad\u0161en\u00e9mu t\u00fdmu pracuj\u00edc\u00edmu podle syst\u00e9mu kvality a finan\u010dn\u00edmu z\u00e1zem\u00ed mate\u0159sk\u00e9 spole\u010dnosti Star Cargo Plc v\u00e1m Fastnet m\u016f\u017ee poskytnout po\u017eadovanou \u00farove\u0148 profesionality a anga\u017eovanosti.<\/p>\n<p><strong>Dal\u0161\u00ed slu\u017eby:<\/strong><\/p>\n<p>\u017d\u00e1dn\u00fd nen\u00ed uveden<\/p>\n<p><strong>Adresa:<\/strong> Star Cargo House 1 Parkway, St Albans AL3 6PA<\/p>\n<p><a href=\"http:\/\/www.fastnetforwarding.co.uk\/\" target=\"_new\" rel=\"noopener\">Webov\u00e9 str\u00e1nky spole\u010dnosti Fastnet Forwarding St Albans<\/a><\/p>\n<p><strong>Hodnocen\u00ed: <\/strong>5<br \/> <strong>Po\u010det recenz\u00ed:<\/strong> 1<br \/><a href=\"https:\/\/www.google.co.uk\/maps?cid=8497715128628719507&#038;hl=en&#038;gl=GB\" target=\"_new\" rel=\"noopener\">P\u0159e\u010dt\u011bte si recenze<\/a><\/p>\n<h2>Jak jsme vybrali nejlep\u0161\u00ed spedi\u010dn\u00ed spole\u010dnosti ze St Albans<\/h2>\n<p>Vych\u00e1zeli jsme z datov\u00e9ho souboru 1 spedi\u010dn\u00edch firem ze St Albans, kter\u00fd jsme na\u0161li na Map\u00e1ch Google, a z\u00fa\u017eili jsme ho na 1 nejlep\u0161\u00ed.<\/p>\n<p>Za t\u00edmto \u00fa\u010delem jsme odstranili v\u0161echny spole\u010dnosti, kter\u00e9:<\/p>\n<ul>\n<li> Nem\u011bl \u017e\u00e1dn\u00e9 webov\u00e9 str\u00e1nky<\/li>\n<li> Nem\u011bl \u017e\u00e1dn\u00e9 recenze<\/li>\n<li> Pr\u016fm\u011brn\u00e9 hodnocen\u00ed ni\u017e\u0161\u00ed ne\u017e 2,0<\/li>\n<\/ul>\n<p>Pokud jsme v tomto okam\u017eiku m\u011bli 17 nebo m\u00e9n\u011b dopravc\u016f, uvedli jsme v\u0161echny.<\/p>\n<p>U m\u011bst, kde n\u00e1m z\u016fstalo v\u00edce ne\u017e 17 odes\u00edlatel\u016f, jsme provedli dal\u0161\u00ed revize bu\u010f zv\u00fd\u0161en\u00edm po\u017eadovan\u00e9ho po\u010dtu recenz\u00ed (nap\u0159. z minim\u00e1ln\u00edho po\u010dtu 2,0 na 4,0) a\/nebo zv\u00fd\u0161en\u00edm minim\u00e1ln\u00edho po\u010dtu po\u017eadovan\u00fdch recenz\u00ed (nap\u0159. z alespo\u0148 1 recenze na alespo\u0148 10).<\/p>\n<p>V\u0161imn\u011bte si, \u017ee jsme pou\u017eili pouze \u00fadaje o hodnocen\u00ed z Map Google, nikoli z jin\u00fdch webov\u00fdch str\u00e1nek t\u0159et\u00edch stran.<\/p>\n<p>Dal\u0161\u00ed m\u011bsta:<\/p>\n<p><a href=\"https:\/\/moverdb.com\/cs\/spedice\/freight-forwarding-uk\/leighton-buzzard-freight-forwarder\/\">Spedice Leighton Buzzard<\/a><br \/><a href=\"https:\/\/moverdb.com\/cs\/spedice\/freight-forwarding-uk\/stoke-on-trent-freight-forwarder\/\">Spedice Stoke-on-Trent<\/a><br \/><a href=\"https:\/\/moverdb.com\/cs\/spedice\/freight-forwarding-uk\/lewes-freight-forwarder\/\">Spedice Lewes<\/a><br \/><a href=\"https:\/\/moverdb.com\/cs\/spedice\/freight-forwarding-uk\/swadlincote-freight-forwarder\/\">Spedice Swadlincote<\/a><br \/><a href=\"https:\/\/moverdb.com\/cs\/spedice\/freight-forwarding-uk\/coggeshall,-essex-freight-forwarder\/\">Coggeshall, Essex Zas\u00edlatelstv\u00ed<\/a><\/p>","protected":false},"excerpt":{"rendered":"<p>Below we look at the 1 &#8220;best&#8221; Freight Forwarding companies in St Albans out of 1. To learn more about how we chose the best please consult our FAQ section at the end. Please not the following listings are in no particular order and we are not making any recommendations for any particular company. Fastnet [&hellip;]<\/p>\n","protected":false},"author":1,"featured_media":0,"parent":13427,"menu_order":0,"comment_status":"open","ping_status":"open","template":"","meta":{"_genesis_hide_title":false,"_genesis_hide_breadcrumbs":false,"_genesis_hide_singular_image":false,"_genesis_hide_footer_widgets":false,"_genesis_custom_body_class":"","_genesis_custom_post_class":"","_genesis_layout":"","footnotes":""},"class_list":{"0":"post-14224","1":"page","2":"type-page","3":"status-publish","5":"entry"},"_links":{"self":[{"href":"https:\/\/moverdb.com\/cs\/wp-json\/wp\/v2\/pages\/14224","targetHints":{"allow":["GET"]}}],"collection":[{"href":"https:\/\/moverdb.com\/cs\/wp-json\/wp\/v2\/pages"}],"about":[{"href":"https:\/\/moverdb.com\/cs\/wp-json\/wp\/v2\/types\/page"}],"author":[{"embeddable":true,"href":"https:\/\/moverdb.com\/cs\/wp-json\/wp\/v2\/users\/1"}],"replies":[{"embeddable":true,"href":"https:\/\/moverdb.com\/cs\/wp-json\/wp\/v2\/comments?post=14224"}],"version-history":[{"count":1,"href":"https:\/\/moverdb.com\/cs\/wp-json\/wp\/v2\/pages\/14224\/revisions"}],"predecessor-version":[{"id":15641,"href":"https:\/\/moverdb.com\/cs\/wp-json\/wp\/v2\/pages\/14224\/revisions\/15641"}],"up":[{"embeddable":true,"href":"https:\/\/moverdb.com\/cs\/wp-json\/wp\/v2\/pages\/13427"}],"wp:attachment":[{"href":"https:\/\/moverdb.com\/cs\/wp-json\/wp\/v2\/media?parent=14224"}],"curies":[{"name":"wp","href":"https:\/\/api.w.org\/{rel}","templated":true}]}}