{"id":14165,"date":"2023-11-08T15:55:01","date_gmt":"2023-11-08T15:55:01","guid":{"rendered":"https:\/\/moverdb.com\/freight-forwarder\/freight-forwarding-uk\/widnes-freight-forwarder\/"},"modified":"2026-01-08T14:58:44","modified_gmt":"2026-01-08T14:58:44","slug":"widnes-freight-forwarder","status":"publish","type":"page","link":"https:\/\/moverdb.com\/cs\/freight-forwarder\/freight-forwarding-uk\/widnes-freight-forwarder\/","title":{"rendered":"2 nejlep\u0161\u00ed spedi\u010dn\u00ed spole\u010dnosti Widnes (2024)"},"content":{"rendered":"<p>N\u00ed\u017ee se pod\u00edv\u00e1me na 2 <em>\"nejlep\u0161\u00ed\"<\/em> Spedi\u010dn\u00ed firmy v obci Widnes z celkov\u00e9ho po\u010dtu 3.<\/p>\n<p>Chcete-li se dozv\u011bd\u011bt v\u00edce o tom, jak jsme vyb\u00edrali ty nejlep\u0161\u00ed, pod\u00edvejte se do sekce \u010casto kladen\u00e9 dotazy na konci.<\/p>\n<p><em>Upozor\u0148ujeme, \u017ee n\u00e1sleduj\u00edc\u00ed seznamy nejsou \u0159azeny v \u017e\u00e1dn\u00e9m konkr\u00e9tn\u00edm po\u0159ad\u00ed a nedoporu\u010dujeme \u017e\u00e1dnou konkr\u00e9tn\u00ed spole\u010dnost.<\/em><\/p>\n<h2>Karl Schmidt UK Ltd<\/h2>\n<p><img decoding=\"async\" src=\"https:\/\/moverdb.com\/wp-content\/uploads\/AF1QipPUkvBvpcLEOcDqeeu02zsv64jFbNwGzY-7BTAmw408-h272-k-no.jpg\" alt='Karl Schmidt UK Ltd' class=\"aligncenter\"><\/p>\n<p><strong>Popis z podniku: <\/strong>Rodinn\u00e1 firma SCHMIDT se vyvinula v p\u0159edn\u00edho poskytovatele slu\u017eeb v oblasti logistiky hromadn\u00fdch n\u00e1klad\u016f v cel\u00e9 Evrop\u011b.<\/p>\n<p> 2 500 zam\u011bstnanc\u016f na 49 m\u00edstech po cel\u00e9m sv\u011bt\u011b poskytuje rozs\u00e1hl\u00e9 slu\u017eby z jednoho zdroje pro na\u0161e z\u00e1kazn\u00edky a klienty p\u0159i p\u0159eprav\u011b, skladov\u00e1n\u00ed a manipulaci s voln\u011b lo\u017een\u00fdm zbo\u017e\u00edm.<\/p>\n<p> Krom\u011b toho je skupina SCHMIDT aktivn\u00ed ve v\u00fdstavb\u011b logistick\u00fdch za\u0159\u00edzen\u00ed pro voln\u011b sypan\u00e9 zbo\u017e\u00ed.<\/p>\n<p>Ka\u017ed\u00fd den zpracov\u00e1v\u00e1 skupina SCHMIDT v\u00edce ne\u017e 1000 p\u0159epravn\u00edch zak\u00e1zek.<\/p>\n<p> D\u00e1le skladov\u00e9 objedn\u00e1vky a speci\u00e1ln\u00ed objedn\u00e1vky pro konkr\u00e9tn\u00ed z\u00e1kazn\u00edky.<\/p>\n<p> N\u00e1\u0161 vlastn\u00ed nejmodern\u011bj\u0161\u00ed spedi\u010dn\u00ed software podporuje u\u017eivatele z r\u016fzn\u00fdch z\u00fa\u010dastn\u011bn\u00fdch obor\u016f.<\/p>\n<p><strong>Dal\u0161\u00ed slu\u017eby:<\/strong><\/p>\n<p>Sklad<\/p>\n<p><strong>Adresa:<\/strong> Apartm\u00e1 B3 Simms Cross Business Hub, Widnes Rd, Widnes WA8 6AX<\/p>\n<p><a href=\"https:\/\/www.schmidt-heilbronn.de\/en\/\" target=\"_new\" rel=\"noopener\">Webov\u00e9 str\u00e1nky spole\u010dnosti Karl Schmidt UK Ltd<\/a><\/p>\n<p><strong>Hodnocen\u00ed: <\/strong>5<br \/> <strong>Po\u010det recenz\u00ed:<\/strong> 5<br \/><a href=\"https:\/\/www.google.co.uk\/maps?cid=14068972481427444696&#038;hl=en&#038;gl=GB\" target=\"_new\" rel=\"noopener\">P\u0159e\u010dt\u011bte si recenze<\/a><\/p>\n<h2>Hales N\u00e1kladn\u00ed doprava Widnes<\/h2>\n<p><img decoding=\"async\" src=\"https:\/\/moverdb.com\/wp-content\/uploads\/AF1QipNCEv__6AbTqebw_YX-A0nbPAg7smXwxvelC8aPw408-h331-k-no.jpg\" alt='Hales N\u00e1kladn\u00ed doprava Widnes' class=\"aligncenter\"><\/p>\n<p><strong>Popis z podniku: <\/strong>S v\u00edce ne\u017e 40 lety zku\u0161enost\u00ed v oblasti spedice, logistiky a dod\u00e1vek palet z a do <a href=\"https:\/\/moverdb.com\/cs\/moving-to-the-uk\/\" data-internallinksmanager029f6b8e52c=\"93\" title=\"St\u011bhujete se do Spojen\u00e9ho kr\u00e1lovstv\u00ed? 2022 \u017divotn\u00ed n\u00e1klady a tipy na st\u011bhov\u00e1n\u00ed\">UK<\/a>, <a href=\"https:\/\/moverdb.com\/cs\/moving-to-ireland\/\" data-internallinksmanager029f6b8e52c=\"320\" title=\"St\u011bhov\u00e1n\u00ed do Irska? 2026 N\u00e1klady na bydlen\u00ed a tipy na st\u011bhov\u00e1n\u00ed\">Irsko<\/a> a v posledn\u00ed dob\u011b i v Evrop\u011b, na\u0161i zam\u011bstnanci a servisn\u00ed slu\u017eby nemaj\u00ed konkurenci v rychlosti, servisu a spolehlivosti.<\/p>\n<p><strong>Dal\u0161\u00ed slu\u017eby:<\/strong><\/p>\n<p>Logistick\u00e9 slu\u017eby<\/p>\n<p>Dopravn\u00ed slu\u017eby<\/p>\n<p><strong>Adresa:<\/strong> Gorsey Industrial Estate, Johnson's Ln, Widnes WA8 0SJ<\/p>\n<p><a href=\"http:\/\/www.halesfreight.com\/\" target=\"_new\" rel=\"noopener\">Webov\u00e9 str\u00e1nky spole\u010dnosti Hales Freight Widnes<\/a><\/p>\n<p><strong>Hodnocen\u00ed: <\/strong>4.6<br \/> <strong>Po\u010det recenz\u00ed:<\/strong> 13<br \/><a href=\"https:\/\/www.google.co.uk\/maps?cid=244323813118790683&#038;hl=en&#038;gl=GB\" target=\"_new\" rel=\"noopener\">P\u0159e\u010dt\u011bte si recenze<\/a><\/p>\n<h2>Jak jsme vybrali nejlep\u0161\u00ed spedi\u010dn\u00ed spole\u010dnosti z Widnesu<\/h2>\n<p>Vych\u00e1zeli jsme ze souboru dat 3 spedi\u010dn\u00edch spole\u010dnost\u00ed z Widnesu, kter\u00e9 jsme na\u0161li na Map\u00e1ch Google, a z\u00fa\u017eili jsme jej na 2 nejlep\u0161\u00ed.<\/p>\n<p>Za t\u00edmto \u00fa\u010delem jsme odstranili v\u0161echny spole\u010dnosti, kter\u00e9:<\/p>\n<ul>\n<li> Nem\u011bl \u017e\u00e1dn\u00e9 webov\u00e9 str\u00e1nky<\/li>\n<li> Nem\u011bl \u017e\u00e1dn\u00e9 recenze<\/li>\n<li> Pr\u016fm\u011brn\u00e9 hodnocen\u00ed ni\u017e\u0161\u00ed ne\u017e 2,0<\/li>\n<\/ul>\n<p>Pokud jsme v tomto okam\u017eiku m\u011bli 17 nebo m\u00e9n\u011b dopravc\u016f, uvedli jsme v\u0161echny.<\/p>\n<p>U m\u011bst, kde n\u00e1m z\u016fstalo v\u00edce ne\u017e 17 odes\u00edlatel\u016f, jsme provedli dal\u0161\u00ed revize bu\u010f zv\u00fd\u0161en\u00edm po\u017eadovan\u00e9ho po\u010dtu recenz\u00ed (nap\u0159. z minim\u00e1ln\u00edho po\u010dtu 2,0 na 4,0) a\/nebo zv\u00fd\u0161en\u00edm minim\u00e1ln\u00edho po\u010dtu po\u017eadovan\u00fdch recenz\u00ed (nap\u0159. z alespo\u0148 1 recenze na alespo\u0148 10).<\/p>\n<p>V\u0161imn\u011bte si, \u017ee jsme pou\u017eili pouze \u00fadaje o hodnocen\u00ed z Map Google, nikoli z jin\u00fdch webov\u00fdch str\u00e1nek t\u0159et\u00edch stran.<\/p>\n<p>Dal\u0161\u00ed m\u011bsta:<\/p>\n<p><a href=\"https:\/\/moverdb.com\/cs\/spedice\/freight-forwarding-uk\/runcorn-freight-forwarder\/\">Spedice Runcorn<\/a><br \/><a href=\"https:\/\/moverdb.com\/cs\/spedice\/freight-forwarding-uk\/manningtree-freight-forwarder\/\">Spedice Manningtree<\/a><br \/><a href=\"https:\/\/moverdb.com\/cs\/spedice\/freight-forwarding-uk\/sale-freight-forwarder\/\">Prodej spedice<\/a><br \/><a href=\"https:\/\/moverdb.com\/cs\/spedice\/freight-forwarding-uk\/salford-freight-forwarder\/\">Spedice Salford<\/a><br \/><a href=\"https:\/\/moverdb.com\/cs\/spedice\/freight-forwarding-uk\/lichfield-freight-forwarder\/\">Spedice Lichfield<\/a><\/p>","protected":false},"excerpt":{"rendered":"<p>Below we look at the 2 &#8220;best&#8221; Freight Forwarding companies in Widnes out of 3. To learn more about how we chose the best please consult our FAQ section at the end. Please not the following listings are in no particular order and we are not making any recommendations for any particular company. Karl Schmidt [&hellip;]<\/p>\n","protected":false},"author":1,"featured_media":0,"parent":13427,"menu_order":0,"comment_status":"open","ping_status":"open","template":"","meta":{"_genesis_hide_title":false,"_genesis_hide_breadcrumbs":false,"_genesis_hide_singular_image":false,"_genesis_hide_footer_widgets":false,"_genesis_custom_body_class":"","_genesis_custom_post_class":"","_genesis_layout":"","footnotes":""},"class_list":{"0":"post-14165","1":"page","2":"type-page","3":"status-publish","5":"entry"},"_links":{"self":[{"href":"https:\/\/moverdb.com\/cs\/wp-json\/wp\/v2\/pages\/14165","targetHints":{"allow":["GET"]}}],"collection":[{"href":"https:\/\/moverdb.com\/cs\/wp-json\/wp\/v2\/pages"}],"about":[{"href":"https:\/\/moverdb.com\/cs\/wp-json\/wp\/v2\/types\/page"}],"author":[{"embeddable":true,"href":"https:\/\/moverdb.com\/cs\/wp-json\/wp\/v2\/users\/1"}],"replies":[{"embeddable":true,"href":"https:\/\/moverdb.com\/cs\/wp-json\/wp\/v2\/comments?post=14165"}],"version-history":[{"count":1,"href":"https:\/\/moverdb.com\/cs\/wp-json\/wp\/v2\/pages\/14165\/revisions"}],"predecessor-version":[{"id":15757,"href":"https:\/\/moverdb.com\/cs\/wp-json\/wp\/v2\/pages\/14165\/revisions\/15757"}],"up":[{"embeddable":true,"href":"https:\/\/moverdb.com\/cs\/wp-json\/wp\/v2\/pages\/13427"}],"wp:attachment":[{"href":"https:\/\/moverdb.com\/cs\/wp-json\/wp\/v2\/media?parent=14165"}],"curies":[{"name":"wp","href":"https:\/\/api.w.org\/{rel}","templated":true}]}}