{"id":14162,"date":"2023-11-08T15:55:01","date_gmt":"2023-11-08T15:55:01","guid":{"rendered":"https:\/\/moverdb.com\/freight-forwarder\/freight-forwarding-uk\/brentford-freight-forwarder\/"},"modified":"2026-01-08T14:55:56","modified_gmt":"2026-01-08T14:55:56","slug":"brentford-freight-forwarder","status":"publish","type":"page","link":"https:\/\/moverdb.com\/cs\/freight-forwarder\/freight-forwarding-uk\/brentford-freight-forwarder\/","title":{"rendered":"2 nejlep\u0161\u00ed spedi\u010dn\u00ed firmy v Brentfordu (2024)"},"content":{"rendered":"<p>N\u00ed\u017ee se pod\u00edv\u00e1me na 2 <em>\"nejlep\u0161\u00ed\"<\/em> Spedi\u010dn\u00ed firmy v Brentfordu ze 4.<\/p>\n<p>Chcete-li se dozv\u011bd\u011bt v\u00edce o tom, jak jsme vyb\u00edrali ty nejlep\u0161\u00ed, pod\u00edvejte se do sekce \u010casto kladen\u00e9 dotazy na konci.<\/p>\n<p><em>Upozor\u0148ujeme, \u017ee n\u00e1sleduj\u00edc\u00ed seznamy nejsou \u0159azeny v \u017e\u00e1dn\u00e9m konkr\u00e9tn\u00edm po\u0159ad\u00ed a nedoporu\u010dujeme \u017e\u00e1dnou konkr\u00e9tn\u00ed spole\u010dnost.<\/em><\/p>\n<h2>Eleven International Freight Forwarding Limited<\/h2>\n<p><img decoding=\"async\" src=\"https:\/\/moverdb.com\/wp-content\/uploads\/thumbnailpanoidVmY36SRKjmuDT4ozLKoqXAcb_clientsearch.gws-prod.gpsw408h240yaw321.jpg\" alt='Eleven International Freight Forwarding Limited' class=\"aligncenter\"><\/p>\n<p><strong>Popis z podniku: <\/strong>Eleven International Freight Forwarding Ltd.<\/p>\n<p> v\u00e1\u0161 zku\u0161en\u00fd partner v oblasti logistiky.<\/p>\n<p>\u00e2\u20ac'<br \/>\nNab\u00edz\u00edme prvot\u0159\u00eddn\u00ed spedi\u010dn\u00ed slu\u017eby v cel\u00e9 Evrop\u011b. <a href=\"https:\/\/moverdb.com\/cs\/moving-to-the-uk\/\" data-internallinksmanager029f6b8e52c=\"93\" title=\"St\u011bhujete se do Spojen\u00e9ho kr\u00e1lovstv\u00ed? 2022 \u017divotn\u00ed n\u00e1klady a tipy na st\u011bhov\u00e1n\u00ed\">UK<\/a> a Evrop\u011b.<\/p>\n<p> V\u011b\u0159\u00edme, \u017ee ka\u017ed\u00fd z\u00e1kazn\u00edk si zaslou\u017e\u00ed nejlep\u0161\u00ed mo\u017enou zku\u0161enost.<\/p>\n<p>\u00e2\u20ac'<br \/>\nNa\u0161im klient\u016fm nab\u00edz\u00edme bezplatnou cenovou nab\u00eddku p\u0159edem.<\/p>\n<p> Proto\u017ee jsme si tak jisti sv\u00fdmi cenami, ne\u00fa\u010dtujeme \u017e\u00e1dn\u00e9 skryt\u00e9 poplatky ani p\u0159\u00edplatky.<\/p>\n<p>\u00e2\u20ac'<br \/>\nNa\u0161e spole\u010dnost je zalo\u017eena na poctivosti, tvrd\u00e9 pr\u00e1ci a odhodl\u00e1n\u00ed.<\/p>\n<p> Jsme hrd\u00ed na to, \u017ee zvl\u00e1d\u00e1me v\u0161echny aspekty vnitrost\u00e1tn\u00ed i mezin\u00e1rodn\u00ed n\u00e1kladn\u00ed dopravy.<\/p>\n<p><strong>Dal\u0161\u00ed slu\u017eby:<\/strong><\/p>\n<p>St\u011bhovac\u00ed slu\u017eba<\/p>\n<p>Doprovodn\u00e1 slu\u017eba v doprav\u011b<\/p>\n<p>Sklad<\/p>\n<p><strong>Adresa:<\/strong> 1000 Great West Rd, Brentford TW8 9HH<\/p>\n<p><a href=\"http:\/\/eleven-transport.co.uk\/\" target=\"_new\" rel=\"noopener\">Webov\u00e9 str\u00e1nky spole\u010dnosti Eleven International Freight Forwarding Limited<\/a><\/p>\n<p><strong>Hodnocen\u00ed: <\/strong>3.6<br \/> <strong>Po\u010det recenz\u00ed:<\/strong> 14<br \/><a href=\"https:\/\/www.google.co.uk\/maps?cid=9761716854989961092&#038;hl=en&#038;gl=GB\" target=\"_new\" rel=\"noopener\">P\u0159e\u010dt\u011bte si recenze<\/a><\/p>\n<h2>Celn\u00ed a n\u00e1kladn\u00ed doprava<\/h2>\n<p><img decoding=\"async\" src=\"https:\/\/moverdb.com\/wp-content\/uploads\/AF1QipPWvBCIA2t-qRJkVoRfgvCYtFs36Sg1ht4zKmStw534-h240-k-no.jpg\" alt='Celn\u00ed a n\u00e1kladn\u00ed doprava' class=\"aligncenter\"><\/p>\n<p><strong>Popis z podniku: <\/strong>Spole\u010dnost Customs &amp; Freight nab\u00edz\u00ed profesion\u00e1ln\u00ed glob\u00e1ln\u00ed obchodn\u00ed poradenstv\u00ed, celn\u00ed odbaven\u00ed a spedi\u010dn\u00ed slu\u017eby pro obchodn\u00edky dov\u00e1\u017eej\u00edc\u00ed a\/nebo vyv\u00e1\u017eej\u00edc\u00ed zbo\u017e\u00ed ze zem\u00ed mimo Spojen\u00e9 kr\u00e1lovstv\u00ed.<\/p>\n<p>Spole\u010dnost je digit\u00e1ln\u00ed a lidsk\u00e1 firma, kter\u00e1 p\u0159istupuje k celn\u00edmu zprost\u0159edkov\u00e1n\u00ed a spedici s odborn\u00fdm pohledem a obchodn\u00ed perspektivou.<\/p>\n<p> Vyu\u017e\u00edv\u00e1 odborn\u00fdch znalost\u00ed a nov\u00fdch technologi\u00ed, aby sv\u00fdm z\u00e1kazn\u00edk\u016fm poskytovala slu\u017eby vynikaj\u00edc\u00ed kvality.<\/p>\n<p><strong>Dal\u0161\u00ed slu\u017eby:<\/strong><\/p>\n<p>Dodavatel kontejner\u016f<\/p>\n<p>Celn\u00ed zprost\u0159edkovatel<\/p>\n<p>Poji\u0161\u0165ovac\u00ed makl\u00e9\u0159<\/p>\n<p>Poradce pro mezin\u00e1rodn\u00ed obchod<\/p>\n<p><strong>Adresa:<\/strong> 981 Great West Rd, Brentford TW8 9DN<\/p>\n<p><a href=\"http:\/\/www.customsandfreight.com\/\" target=\"_new\" rel=\"noopener\">Webov\u00e9 str\u00e1nky Customs &amp; Freight<\/a><\/p>\n<p><strong>Hodnocen\u00ed: <\/strong>5<br \/> <strong>Po\u010det recenz\u00ed:<\/strong> 1<br \/><a href=\"https:\/\/www.google.co.uk\/maps?cid=13007949798119682037&#038;hl=en&#038;gl=GB\" target=\"_new\" rel=\"noopener\">P\u0159e\u010dt\u011bte si recenze<\/a><\/p>\n<h2>Jak jsme vybrali nejlep\u0161\u00ed spedi\u010dn\u00ed spole\u010dnosti v Brentfordu<\/h2>\n<p>Vych\u00e1zeli jsme ze souboru dat 4 spedi\u010dn\u00edch firem z Brentfordu, kter\u00e9 jsme na\u0161li na Map\u00e1ch Google, a z\u00fa\u017eili jsme jej na 2 nejlep\u0161\u00ed.<\/p>\n<p>Za t\u00edmto \u00fa\u010delem jsme odstranili v\u0161echny spole\u010dnosti, kter\u00e9:<\/p>\n<ul>\n<li> Nem\u011bl \u017e\u00e1dn\u00e9 webov\u00e9 str\u00e1nky<\/li>\n<li> Nem\u011bl \u017e\u00e1dn\u00e9 recenze<\/li>\n<li> Pr\u016fm\u011brn\u00e9 hodnocen\u00ed ni\u017e\u0161\u00ed ne\u017e 2,0<\/li>\n<\/ul>\n<p>Pokud jsme v tomto okam\u017eiku m\u011bli 17 nebo m\u00e9n\u011b dopravc\u016f, uvedli jsme v\u0161echny.<\/p>\n<p>U m\u011bst, kde n\u00e1m z\u016fstalo v\u00edce ne\u017e 17 odes\u00edlatel\u016f, jsme provedli dal\u0161\u00ed revize bu\u010f zv\u00fd\u0161en\u00edm po\u017eadovan\u00e9ho po\u010dtu recenz\u00ed (nap\u0159. z minim\u00e1ln\u00edho po\u010dtu 2,0 na 4,0) a\/nebo zv\u00fd\u0161en\u00edm minim\u00e1ln\u00edho po\u010dtu po\u017eadovan\u00fdch recenz\u00ed (nap\u0159. z alespo\u0148 1 recenze na alespo\u0148 10).<\/p>\n<p>V\u0161imn\u011bte si, \u017ee jsme pou\u017eili pouze \u00fadaje o hodnocen\u00ed z Map Google, nikoli z jin\u00fdch webov\u00fdch str\u00e1nek t\u0159et\u00edch stran.<\/p>\n<p>Dal\u0161\u00ed m\u011bsta:<\/p>\n<p><a href=\"https:\/\/moverdb.com\/cs\/spedice\/freight-forwarding-uk\/widnes-freight-forwarder\/\">Widnes Freight Forwarder<\/a><br \/><a href=\"https:\/\/moverdb.com\/cs\/spedice\/freight-forwarding-uk\/runcorn-freight-forwarder\/\">Spedice Runcorn<\/a><br \/><a href=\"https:\/\/moverdb.com\/cs\/spedice\/freight-forwarding-uk\/manningtree-freight-forwarder\/\">Spedice Manningtree<\/a><br \/><a href=\"https:\/\/moverdb.com\/cs\/spedice\/freight-forwarding-uk\/sale-freight-forwarder\/\">Prodej spedice<\/a><br \/><a href=\"https:\/\/moverdb.com\/cs\/spedice\/freight-forwarding-uk\/salford-freight-forwarder\/\">Spedice Salford<\/a><\/p>","protected":false},"excerpt":{"rendered":"<p>Below we look at the 2 &#8220;best&#8221; Freight Forwarding companies in Brentford out of 4. To learn more about how we chose the best please consult our FAQ section at the end. Please not the following listings are in no particular order and we are not making any recommendations for any particular company. Eleven International [&hellip;]<\/p>\n","protected":false},"author":1,"featured_media":0,"parent":13427,"menu_order":0,"comment_status":"open","ping_status":"open","template":"","meta":{"_genesis_hide_title":false,"_genesis_hide_breadcrumbs":false,"_genesis_hide_singular_image":false,"_genesis_hide_footer_widgets":false,"_genesis_custom_body_class":"","_genesis_custom_post_class":"","_genesis_layout":"","footnotes":""},"class_list":{"0":"post-14162","1":"page","2":"type-page","3":"status-publish","5":"entry"},"_links":{"self":[{"href":"https:\/\/moverdb.com\/cs\/wp-json\/wp\/v2\/pages\/14162","targetHints":{"allow":["GET"]}}],"collection":[{"href":"https:\/\/moverdb.com\/cs\/wp-json\/wp\/v2\/pages"}],"about":[{"href":"https:\/\/moverdb.com\/cs\/wp-json\/wp\/v2\/types\/page"}],"author":[{"embeddable":true,"href":"https:\/\/moverdb.com\/cs\/wp-json\/wp\/v2\/users\/1"}],"replies":[{"embeddable":true,"href":"https:\/\/moverdb.com\/cs\/wp-json\/wp\/v2\/comments?post=14162"}],"version-history":[{"count":1,"href":"https:\/\/moverdb.com\/cs\/wp-json\/wp\/v2\/pages\/14162\/revisions"}],"predecessor-version":[{"id":15706,"href":"https:\/\/moverdb.com\/cs\/wp-json\/wp\/v2\/pages\/14162\/revisions\/15706"}],"up":[{"embeddable":true,"href":"https:\/\/moverdb.com\/cs\/wp-json\/wp\/v2\/pages\/13427"}],"wp:attachment":[{"href":"https:\/\/moverdb.com\/cs\/wp-json\/wp\/v2\/media?parent=14162"}],"curies":[{"name":"wp","href":"https:\/\/api.w.org\/{rel}","templated":true}]}}