{"id":14081,"date":"2023-11-08T15:54:18","date_gmt":"2023-11-08T15:54:18","guid":{"rendered":"https:\/\/moverdb.com\/freight-forwarder\/freight-forwarding-uk\/oldbury-freight-forwarder\/"},"modified":"2026-01-08T14:58:19","modified_gmt":"2026-01-08T14:58:19","slug":"oldbury-freight-forwarder","status":"publish","type":"page","link":"https:\/\/moverdb.com\/cs\/freight-forwarder\/freight-forwarding-uk\/oldbury-freight-forwarder\/","title":{"rendered":"2 nejlep\u0161\u00ed spedi\u010dn\u00ed firmy v Oldbury (2024)"},"content":{"rendered":"<p>N\u00ed\u017ee se pod\u00edv\u00e1me na 2 <em>\"nejlep\u0161\u00ed\"<\/em> Spedi\u010dn\u00ed firmy v Oldbury ze 4.<\/p>\n<p>Chcete-li se dozv\u011bd\u011bt v\u00edce o tom, jak jsme vyb\u00edrali ty nejlep\u0161\u00ed, pod\u00edvejte se do sekce \u010casto kladen\u00e9 dotazy na konci.<\/p>\n<p><em>Upozor\u0148ujeme, \u017ee n\u00e1sleduj\u00edc\u00ed seznamy nejsou \u0159azeny v \u017e\u00e1dn\u00e9m konkr\u00e9tn\u00edm po\u0159ad\u00ed a nedoporu\u010dujeme \u017e\u00e1dnou konkr\u00e9tn\u00ed spole\u010dnost.<\/em><\/p>\n<h2>Imperial Shipping Specialist Ltd<\/h2>\n<p><img decoding=\"async\" src=\"https:\/\/moverdb.com\/wp-content\/uploads\/AF1QipNXd_moDYjBykTItdLfNcnWr7lcT1FQDAQikTKXw426-h240-k-no.jpg\" alt='Imperial Shipping Specialist Ltd' class=\"aligncenter\"><\/p>\n<p><strong>Popis z podniku: <\/strong>P\u0159epravn\u00ed slu\u017eby od dve\u0159\u00ed ke dve\u0159\u00edm <a href=\"https:\/\/moverdb.com\/cs\/moving-to-the-uk\/\" data-internallinksmanager029f6b8e52c=\"93\" title=\"St\u011bhujete se do Spojen\u00e9ho kr\u00e1lovstv\u00ed? 2022 \u017divotn\u00ed n\u00e1klady a tipy na st\u011bhov\u00e1n\u00ed\">Spojen\u00e9 kr\u00e1lovstv\u00ed<\/a> na <a href=\"https:\/\/moverdb.com\/cs\/moving-companies\/moving-companies-ghana\/\" data-internallinksmanager029f6b8e52c=\"228\" title=\"2 Nejlep\u0161\u00ed mezin\u00e1rodn\u00ed st\u011bhovac\u00ed spole\u010dnosti v Ghan\u011b\">Ghana<\/a>.<\/p>\n<p> Va\u0161e online obchodn\u00ed pot\u0159eby uspokoj\u00edme v\u00fdb\u011brem z rozm\u00edst\u011bn\u00fdch pobo\u010dek a sklad\u016f.<\/p>\n<p> Stejn\u011b tak na\u0161e spolehliv\u00e1, ob\u011btav\u00e1 a v\u00fdkonn\u00e1 pracovn\u00ed s\u00edla uspokoj\u00ed i soukrom\u00e9 a individu\u00e1ln\u00ed pot\u0159eby, od rodinn\u00fdch pot\u0159eb a\u017e po charitativn\u00ed dary.<\/p>\n<p> Ve spole\u010dnosti Imperial Shipping Specialist Ltd pova\u017eujeme va\u0161e pot\u0159eby za spln\u011bn\u00e9 ji\u017e od okam\u017eiku rezervace.<\/p>\n<p> Pokud jde o doru\u010dovac\u00ed slu\u017eby od dve\u0159\u00ed ke dve\u0159\u00edm, nehledejte nic jin\u00e9ho ne\u017e Imperial Shipping Specialist Ltd.<\/p>\n<p><strong>Dal\u0161\u00ed slu\u017eby:<\/strong><\/p>\n<p>\u017d\u00e1dn\u00fd nen\u00ed uveden<\/p>\n<p><strong>Adresa:<\/strong> 4 Bristam Cl, Oldbury B69 2JP<\/p>\n<p><a href=\"http:\/\/www.imperialshippingspecialist.co.uk\/\" target=\"_new\" rel=\"noopener\">Webov\u00e9 str\u00e1nky Imperial Shipping Specialist Ltd<\/a><\/p>\n<p><strong>Hodnocen\u00ed: <\/strong>4<br \/> <strong>Po\u010det recenz\u00ed:<\/strong> 4<br \/><a href=\"https:\/\/www.google.co.uk\/maps?cid=11418473626803853044&#038;hl=en&#038;gl=GB\" target=\"_new\" rel=\"noopener\">P\u0159e\u010dt\u011bte si recenze<\/a><\/p>\n<h2>Central Freight Services Ltd<\/h2>\n<p><img decoding=\"async\" src=\"https:\/\/moverdb.com\/wp-content\/uploads\/thumbnailpanoiddjGDF7C93oaiFqQZI4FQLwcb_clientsearch.gws-prod.gpsw408h240yaw110.jpg\" alt='Central Freight Services Ltd' class=\"aligncenter\"><\/p>\n<p><strong>Popis z podniku: <\/strong>Nebylo poskytnuto<\/p>\n<p><strong>Dal\u0161\u00ed slu\u017eby:<\/strong><\/p>\n<p>\u017d\u00e1dn\u00fd nen\u00ed uveden<\/p>\n<p><strong>Adresa:<\/strong> Conway Packing Services, Groveland Rd, Tipton, Oldbury DY4 7UD<\/p>\n<p><a href=\"http:\/\/www.conwaypack.co.uk\/\" target=\"_new\" rel=\"noopener\">Webov\u00e9 str\u00e1nky spole\u010dnosti Central Freight Services Ltd<\/a><\/p>\n<p><strong>Hodnocen\u00ed: <\/strong>5<br \/> <strong>Po\u010det recenz\u00ed:<\/strong> 1<br \/><a href=\"https:\/\/www.google.co.uk\/maps?cid=16036613099773486130&#038;hl=en&#038;gl=GB\" target=\"_new\" rel=\"noopener\">P\u0159e\u010dt\u011bte si recenze<\/a><\/p>\n<h2>Jak jsme vybrali nejlep\u0161\u00ed spedi\u010dn\u00ed spole\u010dnosti v Oldbury<\/h2>\n<p>Vych\u00e1zeli jsme ze souboru dat 4 spedi\u010dn\u00edch firem z Oldbury, kter\u00e9 jsme na\u0161li na Map\u00e1ch Google, a z\u00fa\u017eili jsme jej na 2 nejlep\u0161\u00ed.<\/p>\n<p>Za t\u00edmto \u00fa\u010delem jsme odstranili v\u0161echny spole\u010dnosti, kter\u00e9:<\/p>\n<ul>\n<li> Nem\u011bl \u017e\u00e1dn\u00e9 webov\u00e9 str\u00e1nky<\/li>\n<li> Nem\u011bl \u017e\u00e1dn\u00e9 recenze<\/li>\n<li> Pr\u016fm\u011brn\u00e9 hodnocen\u00ed ni\u017e\u0161\u00ed ne\u017e 2,0<\/li>\n<\/ul>\n<p>Pokud jsme v tomto okam\u017eiku m\u011bli 17 nebo m\u00e9n\u011b dopravc\u016f, uvedli jsme v\u0161echny.<\/p>\n<p>U m\u011bst, kde n\u00e1m z\u016fstalo v\u00edce ne\u017e 17 odes\u00edlatel\u016f, jsme provedli dal\u0161\u00ed revize bu\u010f zv\u00fd\u0161en\u00edm po\u017eadovan\u00e9ho po\u010dtu recenz\u00ed (nap\u0159. z minim\u00e1ln\u00edho po\u010dtu 2,0 na 4,0) a\/nebo zv\u00fd\u0161en\u00edm minim\u00e1ln\u00edho po\u010dtu po\u017eadovan\u00fdch recenz\u00ed (nap\u0159. z alespo\u0148 1 recenze na alespo\u0148 10).<\/p>\n<p>V\u0161imn\u011bte si, \u017ee jsme pou\u017eili pouze \u00fadaje o hodnocen\u00ed z Map Google, nikoli z jin\u00fdch webov\u00fdch str\u00e1nek t\u0159et\u00edch stran.<\/p>\n<p>Dal\u0161\u00ed m\u011bsta:<\/p>\n<p><a href=\"https:\/\/moverdb.com\/cs\/spedice\/freight-forwarding-uk\/chertsey-freight-forwarder\/\">Spedice Chertsey<\/a><br \/><a href=\"https:\/\/moverdb.com\/cs\/spedice\/freight-forwarding-uk\/huntingdon-freight-forwarder\/\">Spedice Huntingdon<\/a><br \/><a href=\"https:\/\/moverdb.com\/cs\/spedice\/freight-forwarding-uk\/hornchurch-freight-forwarder\/\">Spedice Hornchurch<\/a><br \/><a href=\"https:\/\/moverdb.com\/cs\/spedice\/freight-forwarding-uk\/pontypridd-freight-forwarder\/\">Spedice Pontypridd<\/a><br \/><a href=\"https:\/\/moverdb.com\/cs\/spedice\/freight-forwarding-uk\/shipley-freight-forwarder\/\">Zas\u00edlatelstv\u00ed Shipley<\/a><\/p>","protected":false},"excerpt":{"rendered":"<p>Below we look at the 2 &#8220;best&#8221; Freight Forwarding companies in Oldbury out of 4. To learn more about how we chose the best please consult our FAQ section at the end. Please not the following listings are in no particular order and we are not making any recommendations for any particular company. Imperial Shipping [&hellip;]<\/p>\n","protected":false},"author":1,"featured_media":0,"parent":13427,"menu_order":0,"comment_status":"open","ping_status":"open","template":"","meta":{"_genesis_hide_title":false,"_genesis_hide_breadcrumbs":false,"_genesis_hide_singular_image":false,"_genesis_hide_footer_widgets":false,"_genesis_custom_body_class":"","_genesis_custom_post_class":"","_genesis_layout":"","footnotes":""},"class_list":{"0":"post-14081","1":"page","2":"type-page","3":"status-publish","5":"entry"},"_links":{"self":[{"href":"https:\/\/moverdb.com\/cs\/wp-json\/wp\/v2\/pages\/14081","targetHints":{"allow":["GET"]}}],"collection":[{"href":"https:\/\/moverdb.com\/cs\/wp-json\/wp\/v2\/pages"}],"about":[{"href":"https:\/\/moverdb.com\/cs\/wp-json\/wp\/v2\/types\/page"}],"author":[{"embeddable":true,"href":"https:\/\/moverdb.com\/cs\/wp-json\/wp\/v2\/users\/1"}],"replies":[{"embeddable":true,"href":"https:\/\/moverdb.com\/cs\/wp-json\/wp\/v2\/comments?post=14081"}],"version-history":[{"count":1,"href":"https:\/\/moverdb.com\/cs\/wp-json\/wp\/v2\/pages\/14081\/revisions"}],"predecessor-version":[{"id":15733,"href":"https:\/\/moverdb.com\/cs\/wp-json\/wp\/v2\/pages\/14081\/revisions\/15733"}],"up":[{"embeddable":true,"href":"https:\/\/moverdb.com\/cs\/wp-json\/wp\/v2\/pages\/13427"}],"wp:attachment":[{"href":"https:\/\/moverdb.com\/cs\/wp-json\/wp\/v2\/media?parent=14081"}],"curies":[{"name":"wp","href":"https:\/\/api.w.org\/{rel}","templated":true}]}}