{"id":14043,"date":"2023-11-08T15:54:18","date_gmt":"2023-11-08T15:54:18","guid":{"rendered":"https:\/\/moverdb.com\/freight-forwarder\/freight-forwarding-uk\/wembley-freight-forwarder\/"},"modified":"2026-01-08T14:58:43","modified_gmt":"2026-01-08T14:58:43","slug":"wembley-freight-forwarder","status":"publish","type":"page","link":"https:\/\/moverdb.com\/cs\/freight-forwarder\/freight-forwarding-uk\/wembley-freight-forwarder\/","title":{"rendered":"2 nejlep\u0161\u00ed spedi\u010dn\u00ed spole\u010dnosti ve Wembley (2024)"},"content":{"rendered":"<p>N\u00ed\u017ee se pod\u00edv\u00e1me na 2 <em>\"nejlep\u0161\u00ed\"<\/em> Spedi\u010dn\u00ed firmy ve Wembley z 8.<\/p>\n<p>Chcete-li se dozv\u011bd\u011bt v\u00edce o tom, jak jsme vyb\u00edrali ty nejlep\u0161\u00ed, pod\u00edvejte se do sekce \u010casto kladen\u00e9 dotazy na konci.<\/p>\n<p><em>Upozor\u0148ujeme, \u017ee n\u00e1sleduj\u00edc\u00ed seznamy nejsou \u0159azeny v \u017e\u00e1dn\u00e9m konkr\u00e9tn\u00edm po\u0159ad\u00ed a nedoporu\u010dujeme \u017e\u00e1dnou konkr\u00e9tn\u00ed spole\u010dnost.<\/em><\/p>\n<h2>Air Cargo Global Kenya (www.Kenya-AirCargo.com)<\/h2>\n<p><img decoding=\"async\" src=\"https:\/\/moverdb.com\/wp-content\/uploads\/AF1QipOJY_kDodVzmgJtYC-sWixwmPVY3CyvwDW6i-MZw426-h240-k-no.jpg\" alt='Air Cargo Global Kenya (www.Kenya-AirCargo.com)' class=\"aligncenter\"><\/p>\n<p><strong>Popis z podniku: <\/strong>Ve spole\u010dnosti Air Cargo Global <a href=\"https:\/\/moverdb.com\/cs\/moving-companies\/moving-companies-kenya\/\" data-internallinksmanager029f6b8e52c=\"305\" title=\"4 Nejlep\u0161\u00ed mezin\u00e1rodn\u00ed st\u011bhov\u00e1n\u00ed spole\u010dnosti v Keni\">Ke\u0148a<\/a> poskytujeme \u0161pi\u010dkov\u00e9 slu\u017eby n\u00e1kladn\u00ed dopravy do Keni, kter\u00e9 jsou n\u00e1kladov\u011b efektivn\u00ed a bezpe\u010dn\u00e9.<\/p>\n<p> Jsme hrd\u00ed na to, \u017ee poskytujeme p\u0159epravu do Keni od dve\u0159\u00ed ke dve\u0159\u00edm, a\u0165 u\u017e pot\u0159ebujete leteckou nebo n\u00e1mo\u0159n\u00ed p\u0159epravu osobn\u00edch v\u011bc\u00ed, online n\u00e1kup\u016f, nadm\u011brn\u00fdch zavazadel nebo komer\u010dn\u00edho n\u00e1kladu.<\/p>\n<p>Nab\u00edz\u00edme:<\/p>\n<p>N\u00e1klad do Keni<br \/>\nN\u00e1klad do Zimbabwe<br \/>\nN\u00e1klad do Ugandy<br \/>\nN\u00e1klad do Som\u00e1lska<br \/>\nN\u00e1klad do Afriky<br \/>\nN\u00e1klad do Rwandy<br \/>\nLeteck\u00e9 cargo do Angoly<br \/>\nLeteck\u00e1 p\u0159eprava do <a href=\"https:\/\/moverdb.com\/cs\/moving-companies\/burkina-faso-moving-companies\/\" data-internallinksmanager029f6b8e52c=\"221\" title=\"Nejlep\u0161\u00ed mezin\u00e1rodn\u00ed st\u011bhovac\u00ed spole\u010dnosti v Burkin\u011b Faso\">Burkina Faso<\/a><br \/>\nLeteck\u00e9 cargo do Beninu<br \/>\nLeteck\u00e1 p\u0159eprava do <a href=\"https:\/\/moverdb.com\/cs\/moving-companies\/botswana-moving-companies\/\" data-internallinksmanager029f6b8e52c=\"167\" title=\"Nejlep\u0161\u00ed mezin\u00e1rodn\u00ed st\u011bhovac\u00ed spole\u010dnosti v Botswan\u011b\">Botswana<\/a><br \/>\nLeteck\u00e9 cargo do St\u0159edoafrick\u00e9 republiky<br \/>\nLeteck\u00e9 cargo do Pob\u0159e\u017e\u00ed slonoviny<br \/>\nLeteck\u00e1 p\u0159eprava do <a href=\"https:\/\/moverdb.com\/cs\/moving-companies\/cameroon-moving-companies\/\" data-internallinksmanager029f6b8e52c=\"222\" title=\"Nejlep\u0161\u00ed mezin\u00e1rodn\u00ed st\u011bhovac\u00ed spole\u010dnosti v Kamerunu\">Kamerun<\/a><br \/>\nLeteck\u00e1 p\u0159eprava do <a href=\"https:\/\/moverdb.com\/cs\/moving-companies\/algeria\/\" data-internallinksmanager029f6b8e52c=\"166\" title=\"3 Nejlep\u0161\u00ed mezin\u00e1rodn\u00ed st\u011bhovac\u00ed spole\u010dnosti v Al\u017e\u00edrsku\">Al\u017e\u00edrsko<\/a><br \/>\nLeteck\u00e1 p\u0159eprava do <a href=\"https:\/\/moverdb.com\/cs\/moving-companies\/egypt-moving-companies\/\" data-internallinksmanager029f6b8e52c=\"200\" title=\"11 Nejlep\u0161\u00ed mezin\u00e1rodn\u00ed st\u011bhovac\u00ed spole\u010dnosti v Egypt\u011b\">Egypt<\/a><br \/>\nLeteck\u00e1 p\u0159eprava zbo\u017e\u00ed do Z\u00e1padn\u00ed Sahary<br \/>\nLeteck\u00e1 p\u0159eprava do <a href=\"https:\/\/moverdb.com\/cs\/moving-companies\/moving-companies-ethiopia\/\" data-internallinksmanager029f6b8e52c=\"214\" title=\"5 nejlep\u0161\u00edch mezin\u00e1rodn\u00edch st\u011bhovac\u00edch spole\u010dnost\u00ed v Etiopii\">Etiopie<\/a><br \/>\nLeteck\u00e9 cargo do Gabonu<br \/>\nLeteck\u00e1 p\u0159eprava do <a href=\"https:\/\/moverdb.com\/cs\/moving-companies\/moving-companies-ghana\/\" data-internallinksmanager029f6b8e52c=\"228\" title=\"2 Nejlep\u0161\u00ed mezin\u00e1rodn\u00ed st\u011bhovac\u00ed spole\u010dnosti v Ghan\u011b\">Ghana<\/a><br \/>\nLeteck\u00e9 cargo do Gambie<\/p>\n<p><strong>Dal\u0161\u00ed slu\u017eby:<\/strong><\/p>\n<p>Kur\u00fdrn\u00ed slu\u017eba<\/p>\n<p><strong>Adresa:<\/strong> Wembley Park Business Centre, Access, First Way, Wembley HA9 0JD<\/p>\n<p><a href=\"http:\/\/www.kenya-aircargo.com\/\" target=\"_new\" rel=\"noopener\">Webov\u00e9 str\u00e1nky spole\u010dnosti Air Cargo Global Kenya (www.Kenya-AirCargo.com)<\/a><\/p>\n<p><strong>Hodnocen\u00ed: <\/strong>4.3<br \/> <strong>Po\u010det recenz\u00ed:<\/strong> 11<br \/><a href=\"https:\/\/www.google.co.uk\/maps?cid=18136524815790858633&#038;hl=en&#038;gl=GB\" target=\"_new\" rel=\"noopener\">P\u0159e\u010dt\u011bte si recenze<\/a><\/p>\n<h2>Arab Africa Cargo Ltd (DHL Express, n\u00e1kladn\u00ed doprava na Bl\u00edzk\u00fd v\u00fdchod, Afrika )<\/h2>\n<p><img decoding=\"async\" src=\"https:\/\/moverdb.com\/wp-content\/uploads\/AF1QipMecEC7NKx9s8WtQBwD4kH-jRmke_zzboxdmd5-w648-h240-k-no.jpg\" alt='Arab Africa Cargo Ltd (DHL Express, n\u00e1kladn\u00ed doprava na Bl\u00edzk\u00fd v\u00fdchod, Afrika )' class=\"aligncenter\"><\/p>\n<p><strong>Popis z podniku: <\/strong>Spole\u010dnost Arab Africa cargo provozuje rychlou a bezpe\u010dnou leteckou p\u0159epravu a slu\u017eby DHL Express ze zem\u00ed <a href=\"https:\/\/moverdb.com\/cs\/moving-to-the-uk\/\" data-internallinksmanager029f6b8e52c=\"93\" title=\"St\u011bhujete se do Spojen\u00e9ho kr\u00e1lovstv\u00ed? 2022 \u017divotn\u00ed n\u00e1klady a tipy na st\u011bhov\u00e1n\u00ed\">UK<\/a> a Evropy na St\u0159edn\u00ed v\u00fdchod, do Afriky, Asie a zbytku sv\u011bta.<\/p>\n<p> Poskytujeme kompletn\u00ed nab\u00eddku slu\u017eeb na v\u0161ech tras\u00e1ch v\u010detn\u011b expresn\u00ed a p\u0159\u00edm\u00e9 dopravy.<\/p>\n<p> Pokud to v\u0161ak \u010das nedovoluje, jsme schopni poskytnout i alternativn\u00ed \u0159e\u0161en\u00ed, jako jsou odlo\u017een\u00e9 a konsolidovan\u00e9 slu\u017eby, abychom sladili n\u00e1klady s term\u00edny.<\/p>\n<p>Na\u0161im klient\u016fm pom\u00e1h\u00e1me p\u0159epravovat osobn\u00ed i komer\u010dn\u00ed n\u00e1klad, a\u0165 u\u017e se jedn\u00e1 o nadm\u011brn\u00e1 zavazadla nebo palety, leteckou n\u00e1kladn\u00ed dopravou do cel\u00e9ho sv\u011bta.<\/p>\n<p>+442030027757<\/p>\n<p><strong>Dal\u0161\u00ed slu\u017eby:<\/strong><\/p>\n<p>Kur\u00fdrn\u00ed slu\u017eba<\/p>\n<p><strong>Adresa:<\/strong> Access Business Centre, First Way, Wembley HA9 0JD<\/p>\n<p><a href=\"http:\/\/arabafricacargo.com\/\" target=\"_new\" rel=\"noopener\">Webov\u00e9 str\u00e1nky Arab Africa Cargo Ltd (DHL Express, Cargo to Middle East, Africa )<\/a><\/p>\n<p><strong>Hodnocen\u00ed: <\/strong>4.5<br \/> <strong>Po\u010det recenz\u00ed:<\/strong> 8<br \/><a href=\"https:\/\/www.google.co.uk\/maps?cid=2013360732440905948&#038;hl=en&#038;gl=GB\" target=\"_new\" rel=\"noopener\">P\u0159e\u010dt\u011bte si recenze<\/a><\/p>\n<h2>Jak jsme vybrali nejlep\u0161\u00ed spedi\u010dn\u00ed spole\u010dnosti ve Wembley<\/h2>\n<p>Vych\u00e1zeli jsme z datov\u00e9ho souboru 8 spedi\u010dn\u00edch firem z Wembley, kter\u00e9 jsme na\u0161li na Map\u00e1ch Google, a z\u00fa\u017eili jsme jej na 2 nejlep\u0161\u00ed.<\/p>\n<p>Za t\u00edmto \u00fa\u010delem jsme odstranili v\u0161echny spole\u010dnosti, kter\u00e9:<\/p>\n<ul>\n<li> Nem\u011bl \u017e\u00e1dn\u00e9 webov\u00e9 str\u00e1nky<\/li>\n<li> Nem\u011bl \u017e\u00e1dn\u00e9 recenze<\/li>\n<li> Pr\u016fm\u011brn\u00e9 hodnocen\u00ed ni\u017e\u0161\u00ed ne\u017e 2,0<\/li>\n<\/ul>\n<p>Pokud jsme v tomto okam\u017eiku m\u011bli 17 nebo m\u00e9n\u011b dopravc\u016f, uvedli jsme v\u0161echny.<\/p>\n<p>U m\u011bst, kde n\u00e1m z\u016fstalo v\u00edce ne\u017e 17 odes\u00edlatel\u016f, jsme provedli dal\u0161\u00ed revize bu\u010f zv\u00fd\u0161en\u00edm po\u017eadovan\u00e9ho po\u010dtu recenz\u00ed (nap\u0159. z minim\u00e1ln\u00edho po\u010dtu 2,0 na 4,0) a\/nebo zv\u00fd\u0161en\u00edm minim\u00e1ln\u00edho po\u010dtu po\u017eadovan\u00fdch recenz\u00ed (nap\u0159. z alespo\u0148 1 recenze na alespo\u0148 10).<\/p>\n<p>V\u0161imn\u011bte si, \u017ee jsme pou\u017eili pouze \u00fadaje o hodnocen\u00ed z Map Google, nikoli z jin\u00fdch webov\u00fdch str\u00e1nek t\u0159et\u00edch stran.<\/p>\n<p>Dal\u0161\u00ed m\u011bsta:<\/p>\n<p><a href=\"https:\/\/moverdb.com\/cs\/spedice\/freight-forwarding-uk\/hockley-freight-forwarder\/\">Spedice Hockley<\/a><br \/><a href=\"https:\/\/moverdb.com\/cs\/spedice\/freight-forwarding-uk\/fareham-freight-forwarder\/\">Spedice Fareham<\/a><br \/><a href=\"https:\/\/moverdb.com\/cs\/spedice\/freight-forwarding-uk\/normanton-freight-forwarder\/\">Spedice Normanton<\/a><br \/><a href=\"https:\/\/moverdb.com\/cs\/spedice\/freight-forwarding-uk\/solihull-freight-forwarder\/\">Spedice Solihull<\/a><br \/><a href=\"https:\/\/moverdb.com\/cs\/spedice\/freight-forwarding-uk\/cleckheaton-freight-forwarder\/\">Spedice Cleckheaton<\/a><\/p>","protected":false},"excerpt":{"rendered":"<p>Below we look at the 2 &#8220;best&#8221; Freight Forwarding companies in Wembley out of 8. To learn more about how we chose the best please consult our FAQ section at the end. Please not the following listings are in no particular order and we are not making any recommendations for any particular company. Air Cargo [&hellip;]<\/p>\n","protected":false},"author":1,"featured_media":0,"parent":13427,"menu_order":0,"comment_status":"open","ping_status":"open","template":"","meta":{"_genesis_hide_title":false,"_genesis_hide_breadcrumbs":false,"_genesis_hide_singular_image":false,"_genesis_hide_footer_widgets":false,"_genesis_custom_body_class":"","_genesis_custom_post_class":"","_genesis_layout":"","footnotes":""},"class_list":{"0":"post-14043","1":"page","2":"type-page","3":"status-publish","5":"entry"},"_links":{"self":[{"href":"https:\/\/moverdb.com\/cs\/wp-json\/wp\/v2\/pages\/14043","targetHints":{"allow":["GET"]}}],"collection":[{"href":"https:\/\/moverdb.com\/cs\/wp-json\/wp\/v2\/pages"}],"about":[{"href":"https:\/\/moverdb.com\/cs\/wp-json\/wp\/v2\/types\/page"}],"author":[{"embeddable":true,"href":"https:\/\/moverdb.com\/cs\/wp-json\/wp\/v2\/users\/1"}],"replies":[{"embeddable":true,"href":"https:\/\/moverdb.com\/cs\/wp-json\/wp\/v2\/comments?post=14043"}],"version-history":[{"count":1,"href":"https:\/\/moverdb.com\/cs\/wp-json\/wp\/v2\/pages\/14043\/revisions"}],"predecessor-version":[{"id":15756,"href":"https:\/\/moverdb.com\/cs\/wp-json\/wp\/v2\/pages\/14043\/revisions\/15756"}],"up":[{"embeddable":true,"href":"https:\/\/moverdb.com\/cs\/wp-json\/wp\/v2\/pages\/13427"}],"wp:attachment":[{"href":"https:\/\/moverdb.com\/cs\/wp-json\/wp\/v2\/media?parent=14043"}],"curies":[{"name":"wp","href":"https:\/\/api.w.org\/{rel}","templated":true}]}}