{"id":14040,"date":"2023-11-08T15:54:18","date_gmt":"2023-11-08T15:54:18","guid":{"rendered":"https:\/\/moverdb.com\/freight-forwarder\/freight-forwarding-uk\/newport-freight-forwarder\/"},"modified":"2026-01-08T14:58:12","modified_gmt":"2026-01-08T14:58:12","slug":"newport-freight-forwarder","status":"publish","type":"page","link":"https:\/\/moverdb.com\/cs\/freight-forwarder\/freight-forwarding-uk\/newport-freight-forwarder\/","title":{"rendered":"2 Nejlep\u0161\u00ed spedi\u010dn\u00ed spole\u010dnosti v Newportu (2024)"},"content":{"rendered":"<p>N\u00ed\u017ee se pod\u00edv\u00e1me na 2 <em>\"nejlep\u0161\u00ed\"<\/em> Spedi\u010dn\u00ed firmy v Newportu z celkov\u00e9ho po\u010dtu 7.<\/p>\n<p>Chcete-li se dozv\u011bd\u011bt v\u00edce o tom, jak jsme vyb\u00edrali ty nejlep\u0161\u00ed, pod\u00edvejte se do sekce \u010casto kladen\u00e9 dotazy na konci.<\/p>\n<p><em>Upozor\u0148ujeme, \u017ee n\u00e1sleduj\u00edc\u00ed seznamy nejsou \u0159azeny v \u017e\u00e1dn\u00e9m konkr\u00e9tn\u00edm po\u0159ad\u00ed a nedoporu\u010dujeme \u017e\u00e1dnou konkr\u00e9tn\u00ed spole\u010dnost.<\/em><\/p>\n<h2>GP Logistics Ltd Newport<\/h2>\n<p><img decoding=\"async\" src=\"https:\/\/moverdb.com\/wp-content\/uploads\/thumbnailpanoidseKIloYPo-hY9hlq5dRCjAcb_clientsearch.gws-prod.gpsw408h240yaw47.jpg\" alt='GP Logistics Ltd Newport' class=\"aligncenter\"><\/p>\n<p><strong>Popis z podniku: <\/strong>Nez\u00e1visl\u00e9 \u0159e\u0161en\u00ed pro spedici a projektovou dopravu<\/p>\n<p>Upozor\u0148ujeme, \u017ee neposkytujeme doru\u010dovac\u00ed slu\u017eby pro maloobchodn\u00edky ani online webov\u00e9 str\u00e1nky.<\/p>\n<p> Existuje spole\u010dnost s podobn\u00fdm n\u00e1zvem (GP Logistic Services) jako na\u0161e, ale nem\u00e1me s n\u00ed \u017e\u00e1dn\u00e9 spojen\u00ed.<\/p>\n<p><strong>Dal\u0161\u00ed slu\u017eby:<\/strong><\/p>\n<p>\u017d\u00e1dn\u00fd nen\u00ed uveden<\/p>\n<p><strong>Adresa:<\/strong> IMPERIAL PARK, budova GCELL, S Lake Dr, Newport NP10 8AS<\/p>\n<p><a href=\"http:\/\/www.gp-logistics.co.uk\/\" target=\"_new\" rel=\"noopener\">Webov\u00e9 str\u00e1nky spole\u010dnosti GP Logistics Ltd Newport<\/a><\/p>\n<p><strong>Hodnocen\u00ed: <\/strong>2.1<br \/> <strong>Po\u010det recenz\u00ed:<\/strong> 11<br \/><a href=\"https:\/\/www.google.co.uk\/maps?cid=2722381763954114553&#038;hl=en&#038;gl=GB\" target=\"_new\" rel=\"noopener\">P\u0159e\u010dt\u011bte si recenze<\/a><\/p>\n<h2>JP Logistics Solutions<\/h2>\n<p><img decoding=\"async\" src=\"https:\/\/moverdb.com\/wp-content\/uploads\/AF1QipM7e4r0SFYerNAzLb-NTiaFmEo3aS1l25DhFGTw477-h240-k-no.png\" alt='JP Logistics Solutions' class=\"aligncenter\"><\/p>\n<p><strong>Popis z podniku: <\/strong>JP Shipping Services Limited je <a href=\"https:\/\/moverdb.com\/cs\/moving-to-the-uk\/\" data-internallinksmanager029f6b8e52c=\"93\" title=\"St\u011bhujete se do Spojen\u00e9ho kr\u00e1lovstv\u00ed? 2022 \u017divotn\u00ed n\u00e1klady a tipy na st\u011bhov\u00e1n\u00ed\">UK<\/a> registrovan\u00e1 spole\u010dnost a logistick\u00e1 divize dlouholet\u00e9 spole\u010dnosti <a href=\"https:\/\/moverdb.com\/cs\/moving-companies\/moving-companies-jamaica\/\" data-internallinksmanager029f6b8e52c=\"310\" title=\"2 Nejlep\u0161\u00ed mezin\u00e1rodn\u00ed st\u011bhovac\u00ed spole\u010dnosti na Jamajce\">Jamajka<\/a> Producers Group, jej\u00ed\u017e historie sah\u00e1 a\u017e do roku 1929.<\/p>\n<p> Spole\u010dnost byla p\u016fvodn\u011b zalo\u017eena pro pot\u0159eby jamajsk\u00e9ho ban\u00e1nov\u00e9ho pr\u016fmyslu v oblasti p\u0159epravy a logistick\u00e9 podpory ve Spojen\u00e9m kr\u00e1lovstv\u00ed a v pr\u016fb\u011bhu let vyu\u017eila t\u011bchto zku\u0161enost\u00ed k rozvoji a roz\u0161\u00ed\u0159en\u00ed sv\u00fdch aktivit.<\/p>\n<p>V JP Shipping Services jsme velmi hrd\u00ed na na\u0161e karibsk\u00e9 d\u011bdictv\u00ed, kter\u00e9 za\u010dalo ji\u017e ve 30. letech minul\u00e9ho stolet\u00ed.<\/p>\n<p> A\u010dkoli nyn\u00ed s\u00eddl\u00edme p\u0159ev\u00e1\u017en\u011b ve Velk\u00e9 Brit\u00e1nii, st\u00e1le jsme sou\u010d\u00e1st\u00ed spole\u010dnosti JP Group LTD se s\u00eddlem v Kingstonu na Jamajce.<\/p>\n<p><strong>Dal\u0161\u00ed slu\u017eby:<\/strong><\/p>\n<p>Kur\u00fdrn\u00ed slu\u017eba<\/p>\n<p>Celn\u00ed zprost\u0159edkovatel<\/p>\n<p>Distribu\u010dn\u00ed slu\u017eba<\/p>\n<p>Logistick\u00e9 slu\u017eby<\/p>\n<p>P\u0159epravn\u00ed slu\u017eba<\/p>\n<p>Sklad<\/p>\n<p><strong>Adresa:<\/strong> Hlavn\u00ed budova ABP, (ji\u017en\u00ed vchod), Alexandra Dock, Newport NP20 2NP<\/p>\n<p><a href=\"http:\/\/www.jpshipping.co.uk\/\" target=\"_new\" rel=\"noopener\">Webov\u00e9 str\u00e1nky JP Logistics Solutions<\/a><\/p>\n<p><strong>Hodnocen\u00ed: <\/strong>5<br \/> <strong>Po\u010det recenz\u00ed:<\/strong> 1<br \/><a href=\"https:\/\/www.google.co.uk\/maps?cid=2500320586524155374&#038;hl=en&#038;gl=GB\" target=\"_new\" rel=\"noopener\">P\u0159e\u010dt\u011bte si recenze<\/a><\/p>\n<h2>Jak jsme vybrali nejlep\u0161\u00ed spedi\u010dn\u00ed spole\u010dnosti v Newportu<\/h2>\n<p>Vych\u00e1zeli jsme ze souboru dat 7 spedi\u010dn\u00edch spole\u010dnost\u00ed z Newportu, kter\u00e9 jsme na\u0161li na Map\u00e1ch Google, a z\u00fa\u017eili jsme jej na 2 nejlep\u0161\u00ed.<\/p>\n<p>Za t\u00edmto \u00fa\u010delem jsme odstranili v\u0161echny spole\u010dnosti, kter\u00e9:<\/p>\n<ul>\n<li> Nem\u011bl \u017e\u00e1dn\u00e9 webov\u00e9 str\u00e1nky<\/li>\n<li> Nem\u011bl \u017e\u00e1dn\u00e9 recenze<\/li>\n<li> Pr\u016fm\u011brn\u00e9 hodnocen\u00ed ni\u017e\u0161\u00ed ne\u017e 2,0<\/li>\n<\/ul>\n<p>Pokud jsme v tomto okam\u017eiku m\u011bli 17 nebo m\u00e9n\u011b dopravc\u016f, uvedli jsme v\u0161echny.<\/p>\n<p>U m\u011bst, kde n\u00e1m z\u016fstalo v\u00edce ne\u017e 17 odes\u00edlatel\u016f, jsme provedli dal\u0161\u00ed revize bu\u010f zv\u00fd\u0161en\u00edm po\u017eadovan\u00e9ho po\u010dtu recenz\u00ed (nap\u0159. z minim\u00e1ln\u00edho po\u010dtu 2,0 na 4,0) a\/nebo zv\u00fd\u0161en\u00edm minim\u00e1ln\u00edho po\u010dtu po\u017eadovan\u00fdch recenz\u00ed (nap\u0159. z alespo\u0148 1 recenze na alespo\u0148 10).<\/p>\n<p>V\u0161imn\u011bte si, \u017ee jsme pou\u017eili pouze \u00fadaje o hodnocen\u00ed z Map Google, nikoli z jin\u00fdch webov\u00fdch str\u00e1nek t\u0159et\u00edch stran.<\/p>\n<p>Dal\u0161\u00ed m\u011bsta:<\/p>\n<p><a href=\"https:\/\/moverdb.com\/cs\/spedice\/freight-forwarding-uk\/wembley-freight-forwarder\/\">Spedice Wembley<\/a><br \/><a href=\"https:\/\/moverdb.com\/cs\/spedice\/freight-forwarding-uk\/hockley-freight-forwarder\/\">Spedice Hockley<\/a><br \/><a href=\"https:\/\/moverdb.com\/cs\/spedice\/freight-forwarding-uk\/fareham-freight-forwarder\/\">Spedice Fareham<\/a><br \/><a href=\"https:\/\/moverdb.com\/cs\/spedice\/freight-forwarding-uk\/normanton-freight-forwarder\/\">Spedice Normanton<\/a><br \/><a href=\"https:\/\/moverdb.com\/cs\/spedice\/freight-forwarding-uk\/solihull-freight-forwarder\/\">Spedice Solihull<\/a><\/p>","protected":false},"excerpt":{"rendered":"<p>Below we look at the 2 &#8220;best&#8221; Freight Forwarding companies in Newport out of 7. To learn more about how we chose the best please consult our FAQ section at the end. Please not the following listings are in no particular order and we are not making any recommendations for any particular company. GP Logistics [&hellip;]<\/p>\n","protected":false},"author":1,"featured_media":0,"parent":13427,"menu_order":0,"comment_status":"open","ping_status":"open","template":"","meta":{"_genesis_hide_title":false,"_genesis_hide_breadcrumbs":false,"_genesis_hide_singular_image":false,"_genesis_hide_footer_widgets":false,"_genesis_custom_body_class":"","_genesis_custom_post_class":"","_genesis_layout":"","footnotes":""},"class_list":{"0":"post-14040","1":"page","2":"type-page","3":"status-publish","5":"entry"},"_links":{"self":[{"href":"https:\/\/moverdb.com\/cs\/wp-json\/wp\/v2\/pages\/14040","targetHints":{"allow":["GET"]}}],"collection":[{"href":"https:\/\/moverdb.com\/cs\/wp-json\/wp\/v2\/pages"}],"about":[{"href":"https:\/\/moverdb.com\/cs\/wp-json\/wp\/v2\/types\/page"}],"author":[{"embeddable":true,"href":"https:\/\/moverdb.com\/cs\/wp-json\/wp\/v2\/users\/1"}],"replies":[{"embeddable":true,"href":"https:\/\/moverdb.com\/cs\/wp-json\/wp\/v2\/comments?post=14040"}],"version-history":[{"count":1,"href":"https:\/\/moverdb.com\/cs\/wp-json\/wp\/v2\/pages\/14040\/revisions"}],"predecessor-version":[{"id":15730,"href":"https:\/\/moverdb.com\/cs\/wp-json\/wp\/v2\/pages\/14040\/revisions\/15730"}],"up":[{"embeddable":true,"href":"https:\/\/moverdb.com\/cs\/wp-json\/wp\/v2\/pages\/13427"}],"wp:attachment":[{"href":"https:\/\/moverdb.com\/cs\/wp-json\/wp\/v2\/media?parent=14040"}],"curies":[{"name":"wp","href":"https:\/\/api.w.org\/{rel}","templated":true}]}}