{"id":14016,"date":"2023-11-08T15:53:54","date_gmt":"2023-11-08T15:53:54","guid":{"rendered":"https:\/\/moverdb.com\/freight-forwarder\/freight-forwarding-uk\/skelmersdale-freight-forwarder\/"},"modified":"2026-01-08T14:58:32","modified_gmt":"2026-01-08T14:58:32","slug":"skelmersdale-freight-forwarder","status":"publish","type":"page","link":"https:\/\/moverdb.com\/cs\/freight-forwarder\/freight-forwarding-uk\/skelmersdale-freight-forwarder\/","title":{"rendered":"2 nejlep\u0161\u00ed spedi\u010dn\u00ed spole\u010dnosti Skelmersdale (2024)"},"content":{"rendered":"<p>N\u00ed\u017ee se pod\u00edv\u00e1me na 2 <em>\"nejlep\u0161\u00ed\"<\/em> Spedi\u010dn\u00ed firmy v Skelmersdale z 2.<\/p>\n<p>Chcete-li se dozv\u011bd\u011bt v\u00edce o tom, jak jsme vyb\u00edrali ty nejlep\u0161\u00ed, pod\u00edvejte se do sekce \u010casto kladen\u00e9 dotazy na konci.<\/p>\n<p><em>Upozor\u0148ujeme, \u017ee n\u00e1sleduj\u00edc\u00ed seznamy nejsou \u0159azeny v \u017e\u00e1dn\u00e9m konkr\u00e9tn\u00edm po\u0159ad\u00ed a nedoporu\u010dujeme \u017e\u00e1dnou konkr\u00e9tn\u00ed spole\u010dnost.<\/em><\/p>\n<h2>UKI EXPRESS TRANSPORT LTD<\/h2>\n<p><img decoding=\"async\" src=\"https:\/\/moverdb.com\/wp-content\/uploads\/AF1QipPWY8t8P2kBnqz5wmB_CQ201bXI5ljNxIIJM6Rzw408-h271-k-no.jpg\" alt='UKI EXPRESS TRANSPORT LTD' class=\"aligncenter\"><\/p>\n<p><strong>Popis z podniku: <\/strong>Nebylo poskytnuto<\/p>\n<p><strong>Dal\u0161\u00ed slu\u017eby:<\/strong><\/p>\n<p>\u017d\u00e1dn\u00fd nen\u00ed uveden<\/p>\n<p><strong>Adresa:<\/strong> Distribu\u010dn\u00ed centrum M58, Gillibrands Rd, Skelmersdale WN8 9TB<\/p>\n<p><a href=\"http:\/\/www.ukiexpress.com\/\" target=\"_new\" rel=\"noopener\">Webov\u00e9 str\u00e1nky spole\u010dnosti UKI EXPRESS TRANSPORT LTD<\/a><\/p>\n<p><strong>Hodnocen\u00ed: <\/strong>3.4<br \/> <strong>Po\u010det recenz\u00ed:<\/strong> 54<br \/><a href=\"https:\/\/www.google.co.uk\/maps?cid=10877584415216437073&#038;hl=en&#038;gl=GB\" target=\"_new\" rel=\"noopener\">P\u0159e\u010dt\u011bte si recenze<\/a><\/p>\n<h2>Spole\u010dnost Hemisphere Freight Services Ltd (HFS), pobo\u010dka Liverpool<\/h2>\n<p><img decoding=\"async\" src=\"https:\/\/moverdb.com\/wp-content\/uploads\/AF1QipOVPbkeq702JVZ-rp57aKAxSfl-hS4M8n8tnYNXw408-h272-k-no.jpg\" alt='Spole\u010dnost Hemisphere Freight Services Ltd (HFS), pobo\u010dka Liverpool' class=\"aligncenter\"><\/p>\n<p><strong>Popis z podniku: <\/strong>Na\u0161e skladovac\u00ed za\u0159\u00edzen\u00ed ve Skelmersdale m\u00e1 strategickou polohu pro kontejnerov\u00fd i nekontejnerov\u00fd n\u00e1klad odj\u00ed\u017ed\u011bj\u00edc\u00ed nebo p\u0159ij\u00ed\u017ed\u011bj\u00edc\u00ed do. <a href=\"\" data-internallinksmanager029f6b8e52c=\"49\" title=\"Liverpool\">Liverpool<\/a> <a href=\"https:\/\/moverdb.com\/cs\/top-49-container-ports\/\" data-internallinksmanager029f6b8e52c=\"80\" title=\"49 nejv\u011bt\u0161\u00edch a nejru\u0161n\u011bj\u0161\u00edch kontejnerov\u00fdch p\u0159\u00edstav\u016f v roce 2025\">P\u0159\u00edstav<\/a> a hlubinn\u00fd kontejnerov\u00fd termin\u00e1l Liverpool2 (L2).<\/p>\n<p> Krom\u011b cross-dockingu, skladov\u00e1n\u00ed palet a distribuce m\u016f\u017eeme z na\u0161\u00ed pobo\u010dky ve Skelmersdale nab\u00eddnout tak\u00e9 pick and pack a slu\u017eby s p\u0159idanou hodnotou (VAS).<\/p>\n<p>Nab\u00edz\u00edme \u0161irokou \u0161k\u00e1lu logistick\u00fdch a p\u0159epravn\u00edch slu\u017eeb, mimo jin\u00e9 silni\u010dn\u00ed n\u00e1kladn\u00ed dopravu, leteckou n\u00e1kladn\u00ed dopravu, n\u00e1mo\u0159n\u00ed n\u00e1kladn\u00ed dopravu a logistiku, projektovou logistiku, celn\u00ed odbaven\u00ed, kontejnerovou p\u0159epravu, celkov\u00e9 \u0159\u00edzen\u00ed logistiky, logistiku automobil\u016f, p\u0159epravu nebezpe\u010dn\u00e9ho zbo\u017e\u00ed, logistiku elektronick\u00e9ho obchodu, p\u0159epravu energi\u00ed, p\u0159epravu l\u00e9\u010div, logistiku recyklovateln\u00fdch materi\u00e1l\u016f, p\u0159epravu neobvykl\u00fdch n\u00e1klad\u016f a dal\u0161\u00ed.<\/p>\n<p><strong>Dal\u0161\u00ed slu\u017eby:<\/strong><\/p>\n<p>Celn\u00ed sklad<\/p>\n<p>Logistick\u00e9 slu\u017eby<\/p>\n<p>Sklad<\/p>\n<p><strong>Adresa:<\/strong> 5 Paxton Pl, Skelmersdale WN8 9QH<\/p>\n<p><a href=\"https:\/\/www.hemisphere-freight.com\/contact\/liverpool\/?utm_source=Google&#038;utm_medium=Organic&#038;utm_campaign=Google%20My%20Business\" target=\"_new\" rel=\"noopener\">Webov\u00e9 str\u00e1nky spole\u010dnosti Hemisphere Freight Services Ltd (HFS) Liverpool Branch<\/a><\/p>\n<p><strong>Hodnocen\u00ed: <\/strong>4.8<br \/> <strong>Po\u010det recenz\u00ed:<\/strong> 9<br \/><a href=\"https:\/\/www.google.co.uk\/maps?cid=14914104947181205588&#038;hl=en&#038;gl=GB\" target=\"_new\" rel=\"noopener\">P\u0159e\u010dt\u011bte si recenze<\/a><\/p>\n<h2>Jak jsme vybrali nejlep\u0161\u00ed spedi\u010dn\u00ed spole\u010dnosti Skelmersdale<\/h2>\n<p>Vych\u00e1zeli jsme z datov\u00e9ho souboru 2 spedi\u010dn\u00edch spole\u010dnost\u00ed Skelmersdale, kter\u00e9 jsme na\u0161li na Map\u00e1ch Google, a z\u00fa\u017eili jsme jej na 2 nejlep\u0161\u00ed.<\/p>\n<p>Za t\u00edmto \u00fa\u010delem jsme odstranili v\u0161echny spole\u010dnosti, kter\u00e9:<\/p>\n<ul>\n<li> Nem\u011bl \u017e\u00e1dn\u00e9 webov\u00e9 str\u00e1nky<\/li>\n<li> Nem\u011bl \u017e\u00e1dn\u00e9 recenze<\/li>\n<li> Pr\u016fm\u011brn\u00e9 hodnocen\u00ed ni\u017e\u0161\u00ed ne\u017e 2,0<\/li>\n<\/ul>\n<p>Pokud jsme v tomto okam\u017eiku m\u011bli 17 nebo m\u00e9n\u011b dopravc\u016f, uvedli jsme v\u0161echny.<\/p>\n<p>U m\u011bst, kde n\u00e1m z\u016fstalo v\u00edce ne\u017e 17 odes\u00edlatel\u016f, jsme provedli dal\u0161\u00ed revize bu\u010f zv\u00fd\u0161en\u00edm po\u017eadovan\u00e9ho po\u010dtu recenz\u00ed (nap\u0159. z minim\u00e1ln\u00edho po\u010dtu 2,0 na 4,0) a\/nebo zv\u00fd\u0161en\u00edm minim\u00e1ln\u00edho po\u010dtu po\u017eadovan\u00fdch recenz\u00ed (nap\u0159. z alespo\u0148 1 recenze na alespo\u0148 10).<\/p>\n<p>V\u0161imn\u011bte si, \u017ee jsme pou\u017eili pouze \u00fadaje o hodnocen\u00ed z Map Google, nikoli z jin\u00fdch webov\u00fdch str\u00e1nek t\u0159et\u00edch stran.<\/p>\n<p>Dal\u0161\u00ed m\u011bsta:<\/p>\n<p><a href=\"https:\/\/moverdb.com\/cs\/spedice\/freight-forwarding-uk\/walsall-freight-forwarder\/\">Spedice Walsall<\/a><br \/><a href=\"https:\/\/moverdb.com\/cs\/spedice\/freight-forwarding-uk\/stockton-on-tees-freight-forwarder\/\">Spedice Stockton-on-Tees<\/a><br \/><a href=\"https:\/\/moverdb.com\/cs\/spedice\/freight-forwarding-uk\/middlesex-freight-forwarder\/\">Spedice Middlesex<\/a><br \/><a href=\"https:\/\/moverdb.com\/cs\/spedice\/freight-forwarding-uk\/wisbech-freight-forwarder\/\">Spedice Wisbech<\/a><br \/><a href=\"https:\/\/moverdb.com\/cs\/spedice\/freight-forwarding-uk\/east-cowes-freight-forwarder\/\">Spedice East Cowes<\/a><\/p>","protected":false},"excerpt":{"rendered":"<p>Below we look at the 2 &#8220;best&#8221; Freight Forwarding companies in Skelmersdale out of 2. To learn more about how we chose the best please consult our FAQ section at the end. Please not the following listings are in no particular order and we are not making any recommendations for any particular company. UKI EXPRESS [&hellip;]<\/p>\n","protected":false},"author":1,"featured_media":0,"parent":13427,"menu_order":0,"comment_status":"open","ping_status":"open","template":"","meta":{"_genesis_hide_title":false,"_genesis_hide_breadcrumbs":false,"_genesis_hide_singular_image":false,"_genesis_hide_footer_widgets":false,"_genesis_custom_body_class":"","_genesis_custom_post_class":"","_genesis_layout":"","footnotes":""},"class_list":{"0":"post-14016","1":"page","2":"type-page","3":"status-publish","5":"entry"},"_links":{"self":[{"href":"https:\/\/moverdb.com\/cs\/wp-json\/wp\/v2\/pages\/14016","targetHints":{"allow":["GET"]}}],"collection":[{"href":"https:\/\/moverdb.com\/cs\/wp-json\/wp\/v2\/pages"}],"about":[{"href":"https:\/\/moverdb.com\/cs\/wp-json\/wp\/v2\/types\/page"}],"author":[{"embeddable":true,"href":"https:\/\/moverdb.com\/cs\/wp-json\/wp\/v2\/users\/1"}],"replies":[{"embeddable":true,"href":"https:\/\/moverdb.com\/cs\/wp-json\/wp\/v2\/comments?post=14016"}],"version-history":[{"count":1,"href":"https:\/\/moverdb.com\/cs\/wp-json\/wp\/v2\/pages\/14016\/revisions"}],"predecessor-version":[{"id":15746,"href":"https:\/\/moverdb.com\/cs\/wp-json\/wp\/v2\/pages\/14016\/revisions\/15746"}],"up":[{"embeddable":true,"href":"https:\/\/moverdb.com\/cs\/wp-json\/wp\/v2\/pages\/13427"}],"wp:attachment":[{"href":"https:\/\/moverdb.com\/cs\/wp-json\/wp\/v2\/media?parent=14016"}],"curies":[{"name":"wp","href":"https:\/\/api.w.org\/{rel}","templated":true}]}}