{"id":14005,"date":"2023-11-08T15:53:54","date_gmt":"2023-11-08T15:53:54","guid":{"rendered":"https:\/\/moverdb.com\/freight-forwarder\/freight-forwarding-uk\/hessle-freight-forwarder\/"},"modified":"2026-01-08T13:17:30","modified_gmt":"2026-01-08T13:17:30","slug":"hessle-freight-forwarder","status":"publish","type":"page","link":"https:\/\/moverdb.com\/cs\/freight-forwarder\/freight-forwarding-uk\/hessle-freight-forwarder\/","title":{"rendered":"3 nejlep\u0161\u00ed spedi\u010dn\u00ed firmy v Hessle (2024)"},"content":{"rendered":"<p>N\u00ed\u017ee se pod\u00edv\u00e1me na 3 <em>\"nejlep\u0161\u00ed\"<\/em> Spedi\u010dn\u00ed firmy v Hessle ze 4.<\/p>\n<p>Chcete-li se dozv\u011bd\u011bt v\u00edce o tom, jak jsme vyb\u00edrali ty nejlep\u0161\u00ed, pod\u00edvejte se do sekce \u010casto kladen\u00e9 dotazy na konci.<\/p>\n<p><em>Upozor\u0148ujeme, \u017ee n\u00e1sleduj\u00edc\u00ed seznamy nejsou \u0159azeny v \u017e\u00e1dn\u00e9m konkr\u00e9tn\u00edm po\u0159ad\u00ed a nedoporu\u010dujeme \u017e\u00e1dnou konkr\u00e9tn\u00ed spole\u010dnost.<\/em><\/p>\n<div id=\"ez-toc-container\" class=\"ez-toc-v2_0_82_2 ez-toc-wrap-left counter-hierarchy ez-toc-counter ez-toc-transparent ez-toc-container-direction\">\n<div class=\"ez-toc-title-container\">\n<p class=\"ez-toc-title\" style=\"cursor:inherit\">Sekce<\/p>\n<span class=\"ez-toc-title-toggle\"><a href=\"#\" class=\"ez-toc-pull-right ez-toc-btn ez-toc-btn-xs ez-toc-btn-default ez-toc-toggle\" aria-label=\"P\u0159epnut\u00ed tabulky obsahu\"><span class=\"ez-toc-js-icon-con\"><span class=\"\"><span class=\"eztoc-hide\" style=\"display:none;\">P\u0159ep\u00edna\u010d<\/span><span class=\"ez-toc-icon-toggle-span\"><svg style=\"fill: #999;color:#999\" xmlns=\"http:\/\/www.w3.org\/2000\/svg\" class=\"list-377408\" width=\"20px\" height=\"20px\" viewbox=\"0 0 24 24\" fill=\"none\"><path d=\"M6 6H4v2h2V6zm14 0H8v2h12V6zM4 11h2v2H4v-2zm16 0H8v2h12v-2zM4 16h2v2H4v-2zm16 0H8v2h12v-2z\" fill=\"currentColor\"><\/path><\/svg><svg style=\"fill: #999;color:#999\" class=\"arrow-unsorted-368013\" xmlns=\"http:\/\/www.w3.org\/2000\/svg\" width=\"10px\" height=\"10px\" viewbox=\"0 0 24 24\" version=\"1.2\" baseprofile=\"tiny\"><path d=\"M18.2 9.3l-6.2-6.3-6.2 6.3c-.2.2-.3.4-.3.7s.1.5.3.7c.2.2.4.3.7.3h11c.3 0 .5-.1.7-.3.2-.2.3-.5.3-.7s-.1-.5-.3-.7zM5.8 14.7l6.2 6.3 6.2-6.3c.2-.2.3-.5.3-.7s-.1-.5-.3-.7c-.2-.2-.4-.3-.7-.3h-11c-.3 0-.5.1-.7.3-.2.2-.3.5-.3.7s.1.5.3.7z\"\/><\/svg><\/span><\/span><\/span><\/a><\/span><\/div>\n<nav><ul class='ez-toc-list ez-toc-list-level-1 eztoc-toggle-hide-by-default' ><li class='ez-toc-page-1 ez-toc-heading-level-2'><a class=\"ez-toc-link ez-toc-heading-1\" href=\"https:\/\/moverdb.com\/cs\/freight-forwarder\/freight-forwarding-uk\/hessle-freight-forwarder\/#Relay_Port_Agency_Ltd\" >Agentura Relay Port Agency Ltd<\/a><\/li><li class='ez-toc-page-1 ez-toc-heading-level-2'><a class=\"ez-toc-link ez-toc-heading-2\" href=\"https:\/\/moverdb.com\/cs\/freight-forwarder\/freight-forwarding-uk\/hessle-freight-forwarder\/#Kingstown_Shipping_Ltd\" >Kingstown Shipping Ltd<\/a><\/li><li class='ez-toc-page-1 ez-toc-heading-level-2'><a class=\"ez-toc-link ez-toc-heading-3\" href=\"https:\/\/moverdb.com\/cs\/freight-forwarder\/freight-forwarding-uk\/hessle-freight-forwarder\/#Good_Logistics\" >Dobr\u00e1 logistika<\/a><\/li><li class='ez-toc-page-1 ez-toc-heading-level-2'><a class=\"ez-toc-link ez-toc-heading-4\" href=\"https:\/\/moverdb.com\/cs\/freight-forwarder\/freight-forwarding-uk\/hessle-freight-forwarder\/#How_we_picked_the_best_Hessle_Freight_Forwarding_Companies\" >Jak jsme vybrali nejlep\u0161\u00ed spedi\u010dn\u00ed spole\u010dnosti v Hessle<\/a><\/li><\/ul><\/nav><\/div>\n<h2><span class=\"ez-toc-section\" id=\"Relay_Port_Agency_Ltd\"><\/span>Agentura Relay Port Agency Ltd<span class=\"ez-toc-section-end\"><\/span><\/h2>\n<p><img decoding=\"async\" src=\"https:\/\/moverdb.com\/wp-content\/uploads\/thumbnailpanoid6tMeNzKCMJqNslBSF-n76Acb_clientsearch.gws-prod.gpsw408h240yaw310.jpg\" alt='Agentura Relay Port Agency Ltd' class=\"aligncenter\"><\/p>\n<p><strong>Popis z podniku: <\/strong>Nebylo poskytnuto<\/p>\n<p><strong>Dal\u0161\u00ed slu\u017eby:<\/strong><\/p>\n<p>\u017d\u00e1dn\u00fd nen\u00ed uveden<\/p>\n<p><strong>Adresa:<\/strong> 14 Livingstone Rd, Hessle HU13 0EG<\/p>\n<p><a href=\"https:\/\/www.relayportagency.co.uk\/\" target=\"_new\" rel=\"noopener\">Webov\u00e9 str\u00e1nky spole\u010dnosti Relay Port Agency Ltd<\/a><\/p>\n<p><strong>Hodnocen\u00ed: <\/strong>4.5<br \/> <strong>Po\u010det recenz\u00ed:<\/strong> 2<br \/><a href=\"https:\/\/www.google.co.uk\/maps?cid=2907098090127497545&#038;hl=en&#038;gl=GB\" target=\"_new\" rel=\"noopener\">P\u0159e\u010dt\u011bte si recenze<\/a><\/p>\n<h2><span class=\"ez-toc-section\" id=\"Kingstown_Shipping_Ltd\"><\/span>Kingstown Shipping Ltd<span class=\"ez-toc-section-end\"><\/span><\/h2>\n<p><img decoding=\"async\" src=\"https:\/\/moverdb.com\/wp-content\/uploads\/AF1QipPYw-Jsg_FXvlknQdxKlq3g_QmUkdtKc_f7FkQZw408-h544-k-no.jpg\" alt='Kingstown Shipping Ltd' class=\"aligncenter\"><\/p>\n<p><strong>Popis z podniku: <\/strong>Nebylo poskytnuto<\/p>\n<p><strong>Dal\u0161\u00ed slu\u017eby:<\/strong><\/p>\n<p>P\u0159epravn\u00ed slu\u017eba<\/p>\n<p><strong>Adresa:<\/strong> 7d Priory Tec Pk, Hessle HU13 9PB<\/p>\n<p><a href=\"http:\/\/www.kingstown-shipping.co.uk\/\" target=\"_new\" rel=\"noopener\">Webov\u00e9 str\u00e1nky spole\u010dnosti Kingstown Shipping Ltd<\/a><\/p>\n<p><strong>Hodnocen\u00ed: <\/strong>4.7<br \/> <strong>Po\u010det recenz\u00ed:<\/strong> 33<br \/><a href=\"https:\/\/www.google.co.uk\/maps?cid=17023286590926251764&#038;hl=en&#038;gl=GB\" target=\"_new\" rel=\"noopener\">P\u0159e\u010dt\u011bte si recenze<\/a><\/p>\n<h2><span class=\"ez-toc-section\" id=\"Good_Logistics\"><\/span>Dobr\u00e1 logistika<span class=\"ez-toc-section-end\"><\/span><\/h2>\n<p><img decoding=\"async\" src=\"https:\/\/moverdb.com\/wp-content\/uploads\/AF1QipMH8pbT6Ph5eKeoGbdh49vVMjLoG5E-N13MM91ew408-h306-k-no.jpg\" alt='Dobr\u00e1 logistika' class=\"aligncenter\"><\/p>\n<p><strong>Popis z podniku: <\/strong>Good Logistics je oce\u0148ovan\u00fd spedi\u010dn\u00ed a logistick\u00fd partner, kter\u00e9mu d\u016fv\u011b\u0159uj\u00ed stovky mal\u00fdch, st\u0159edn\u00edch i velk\u00fdch firem.<\/p>\n<p> D\u00edky na\u0161im efektivn\u00edm \u0159e\u0161en\u00edm se va\u0161e v\u00fdrobky dostanou z bodu A do bodu B v\u010das, a\u0165 u\u017e po mo\u0159i, letecky nebo po zemi.<\/p>\n<p> D\u00edky na\u0161im vynikaj\u00edc\u00edm \u0159e\u0161en\u00edm pro skladov\u00e1n\u00ed a distribuci se postar\u00e1me o to, aby va\u0161e v\u00fdrobky byly v bezpe\u010d\u00ed.<\/p>\n<p> Krom\u011b toho m\u00e1me t\u00fdm, kter\u00fd se star\u00e1 o rychl\u00e9 a \u00fasp\u011b\u0161n\u00e9 celn\u00ed odbaven\u00ed va\u0161eho zbo\u017e\u00ed.<\/p>\n<p> Pokud pot\u0159ebujete slu\u017eby dovozu a v\u00fdvozu do EU, na\u0161i specializovan\u00ed odborn\u00edci se postaraj\u00ed o va\u0161e zbo\u017e\u00ed, od skladov\u00e1n\u00ed, p\u0159es distribuci a\u017e po celn\u00ed odbaven\u00ed v r\u00e1mci kontinentu.<\/p>\n<p><strong>Dal\u0161\u00ed slu\u017eby:<\/strong><\/p>\n<p>Dodac\u00ed slu\u017eba<\/p>\n<p>Logistick\u00e9 slu\u017eby<\/p>\n<p>Dodavatelsk\u00e1 spole\u010dnost<\/p>\n<p><strong>Adresa:<\/strong> Matthew Good House, Orchid Rd, Hessle HU13 0DH<\/p>\n<p><a href=\"https:\/\/goodlogisticsgroup.com\/\" target=\"_new\" rel=\"noopener\">Dobr\u00e9 webov\u00e9 str\u00e1nky logistiky<\/a><\/p>\n<p><strong>Hodnocen\u00ed: <\/strong>5<br \/> <strong>Po\u010det recenz\u00ed:<\/strong> 4<br \/><a href=\"https:\/\/www.google.co.uk\/maps?cid=17729442690011202809&#038;hl=en&#038;gl=GB\" target=\"_new\" rel=\"noopener\">P\u0159e\u010dt\u011bte si recenze<\/a><\/p>\n<h2><span class=\"ez-toc-section\" id=\"How_we_picked_the_best_Hessle_Freight_Forwarding_Companies\"><\/span>Jak jsme vybrali nejlep\u0161\u00ed spedi\u010dn\u00ed spole\u010dnosti v Hessle<span class=\"ez-toc-section-end\"><\/span><\/h2>\n<p>Vych\u00e1zeli jsme ze souboru dat 4 spedi\u010dn\u00edch firem z Hessle, kter\u00e9 jsme na\u0161li na Map\u00e1ch Google, a z\u00fa\u017eili jsme jej na 3 nejlep\u0161\u00ed.<\/p>\n<p>Za t\u00edmto \u00fa\u010delem jsme odstranili v\u0161echny spole\u010dnosti, kter\u00e9:<\/p>\n<ul>\n<li> Nem\u011bl \u017e\u00e1dn\u00e9 webov\u00e9 str\u00e1nky<\/li>\n<li> Nem\u011bl \u017e\u00e1dn\u00e9 recenze<\/li>\n<li> Pr\u016fm\u011brn\u00e9 hodnocen\u00ed ni\u017e\u0161\u00ed ne\u017e 2,0<\/li>\n<\/ul>\n<p>Pokud jsme v tomto okam\u017eiku m\u011bli 17 nebo m\u00e9n\u011b dopravc\u016f, uvedli jsme v\u0161echny.<\/p>\n<p>U m\u011bst, kde n\u00e1m z\u016fstalo v\u00edce ne\u017e 17 odes\u00edlatel\u016f, jsme provedli dal\u0161\u00ed revize bu\u010f zv\u00fd\u0161en\u00edm po\u017eadovan\u00e9ho po\u010dtu recenz\u00ed (nap\u0159. z minim\u00e1ln\u00edho po\u010dtu 2,0 na 4,0) a\/nebo zv\u00fd\u0161en\u00edm minim\u00e1ln\u00edho po\u010dtu po\u017eadovan\u00fdch recenz\u00ed (nap\u0159. z alespo\u0148 1 recenze na alespo\u0148 10).<\/p>\n<p>V\u0161imn\u011bte si, \u017ee jsme pou\u017eili pouze \u00fadaje o hodnocen\u00ed z Map Google, nikoli z jin\u00fdch webov\u00fdch str\u00e1nek t\u0159et\u00edch stran.<\/p>\n<p>Dal\u0161\u00ed m\u011bsta:<\/p>\n<p><a href=\"https:\/\/moverdb.com\/cs\/spedice\/freight-forwarding-uk\/newtownabbey-freight-forwarder\/\">Spedice Newtownabbey<\/a><br \/><a href=\"https:\/\/moverdb.com\/cs\/spedice\/freight-forwarding-uk\/preston-freight-forwarder\/\">Spedice Preston<\/a><br \/><a href=\"https:\/\/moverdb.com\/cs\/spedice\/freight-forwarding-uk\/skelmersdale-freight-forwarder\/\">Spedice Skelmersdale<\/a><br \/><a href=\"https:\/\/moverdb.com\/cs\/spedice\/freight-forwarding-uk\/walsall-freight-forwarder\/\">Spedice Walsall<\/a><br \/><a href=\"https:\/\/moverdb.com\/cs\/spedice\/freight-forwarding-uk\/stockton-on-tees-freight-forwarder\/\">Spedice Stockton-on-Tees<\/a><\/p>","protected":false},"excerpt":{"rendered":"<p>Below we look at the 3 &#8220;best&#8221; Freight Forwarding companies in Hessle out of 4. To learn more about how we chose the best please consult our FAQ section at the end. Please not the following listings are in no particular order and we are not making any recommendations for any particular company. Relay Port [&hellip;]<\/p>\n","protected":false},"author":1,"featured_media":0,"parent":13427,"menu_order":0,"comment_status":"open","ping_status":"open","template":"","meta":{"_genesis_hide_title":false,"_genesis_hide_breadcrumbs":false,"_genesis_hide_singular_image":false,"_genesis_hide_footer_widgets":false,"_genesis_custom_body_class":"","_genesis_custom_post_class":"","_genesis_layout":"","footnotes":""},"class_list":{"0":"post-14005","1":"page","2":"type-page","3":"status-publish","5":"entry"},"_links":{"self":[{"href":"https:\/\/moverdb.com\/cs\/wp-json\/wp\/v2\/pages\/14005","targetHints":{"allow":["GET"]}}],"collection":[{"href":"https:\/\/moverdb.com\/cs\/wp-json\/wp\/v2\/pages"}],"about":[{"href":"https:\/\/moverdb.com\/cs\/wp-json\/wp\/v2\/types\/page"}],"author":[{"embeddable":true,"href":"https:\/\/moverdb.com\/cs\/wp-json\/wp\/v2\/users\/1"}],"replies":[{"embeddable":true,"href":"https:\/\/moverdb.com\/cs\/wp-json\/wp\/v2\/comments?post=14005"}],"version-history":[{"count":1,"href":"https:\/\/moverdb.com\/cs\/wp-json\/wp\/v2\/pages\/14005\/revisions"}],"predecessor-version":[{"id":15766,"href":"https:\/\/moverdb.com\/cs\/wp-json\/wp\/v2\/pages\/14005\/revisions\/15766"}],"up":[{"embeddable":true,"href":"https:\/\/moverdb.com\/cs\/wp-json\/wp\/v2\/pages\/13427"}],"wp:attachment":[{"href":"https:\/\/moverdb.com\/cs\/wp-json\/wp\/v2\/media?parent=14005"}],"curies":[{"name":"wp","href":"https:\/\/api.w.org\/{rel}","templated":true}]}}