{"id":13985,"date":"2023-11-08T15:53:54","date_gmt":"2023-11-08T15:53:54","guid":{"rendered":"https:\/\/moverdb.com\/freight-forwarder\/freight-forwarding-uk\/dagenham-freight-forwarder\/"},"modified":"2026-01-08T13:17:28","modified_gmt":"2026-01-08T13:17:28","slug":"dagenham-freight-forwarder","status":"publish","type":"page","link":"https:\/\/moverdb.com\/cs\/freight-forwarder\/freight-forwarding-uk\/dagenham-freight-forwarder\/","title":{"rendered":"3 nejlep\u0161\u00ed spedi\u010dn\u00ed firmy v Dagenhamu (2024)"},"content":{"rendered":"<p>N\u00ed\u017ee se pod\u00edv\u00e1me na 3 <em>\"nejlep\u0161\u00ed\"<\/em> Spedi\u010dn\u00ed firmy v Dagenhamu z 9.<\/p>\n<p>Chcete-li se dozv\u011bd\u011bt v\u00edce o tom, jak jsme vyb\u00edrali ty nejlep\u0161\u00ed, pod\u00edvejte se do sekce \u010casto kladen\u00e9 dotazy na konci.<\/p>\n<p><em>Upozor\u0148ujeme, \u017ee n\u00e1sleduj\u00edc\u00ed seznamy nejsou \u0159azeny v \u017e\u00e1dn\u00e9m konkr\u00e9tn\u00edm po\u0159ad\u00ed a nedoporu\u010dujeme \u017e\u00e1dnou konkr\u00e9tn\u00ed spole\u010dnost.<\/em><\/p>\n<div id=\"ez-toc-container\" class=\"ez-toc-v2_0_82_2 ez-toc-wrap-left counter-hierarchy ez-toc-counter ez-toc-transparent ez-toc-container-direction\">\n<div class=\"ez-toc-title-container\">\n<p class=\"ez-toc-title\" style=\"cursor:inherit\">Sekce<\/p>\n<span class=\"ez-toc-title-toggle\"><a href=\"#\" class=\"ez-toc-pull-right ez-toc-btn ez-toc-btn-xs ez-toc-btn-default ez-toc-toggle\" aria-label=\"P\u0159epnut\u00ed tabulky obsahu\"><span class=\"ez-toc-js-icon-con\"><span class=\"\"><span class=\"eztoc-hide\" style=\"display:none;\">P\u0159ep\u00edna\u010d<\/span><span class=\"ez-toc-icon-toggle-span\"><svg style=\"fill: #999;color:#999\" xmlns=\"http:\/\/www.w3.org\/2000\/svg\" class=\"list-377408\" width=\"20px\" height=\"20px\" viewbox=\"0 0 24 24\" fill=\"none\"><path d=\"M6 6H4v2h2V6zm14 0H8v2h12V6zM4 11h2v2H4v-2zm16 0H8v2h12v-2zM4 16h2v2H4v-2zm16 0H8v2h12v-2z\" fill=\"currentColor\"><\/path><\/svg><svg style=\"fill: #999;color:#999\" class=\"arrow-unsorted-368013\" xmlns=\"http:\/\/www.w3.org\/2000\/svg\" width=\"10px\" height=\"10px\" viewbox=\"0 0 24 24\" version=\"1.2\" baseprofile=\"tiny\"><path d=\"M18.2 9.3l-6.2-6.3-6.2 6.3c-.2.2-.3.4-.3.7s.1.5.3.7c.2.2.4.3.7.3h11c.3 0 .5-.1.7-.3.2-.2.3-.5.3-.7s-.1-.5-.3-.7zM5.8 14.7l6.2 6.3 6.2-6.3c.2-.2.3-.5.3-.7s-.1-.5-.3-.7c-.2-.2-.4-.3-.7-.3h-11c-.3 0-.5.1-.7.3-.2.2-.3.5-.3.7s.1.5.3.7z\"\/><\/svg><\/span><\/span><\/span><\/a><\/span><\/div>\n<nav><ul class='ez-toc-list ez-toc-list-level-1 eztoc-toggle-hide-by-default' ><li class='ez-toc-page-1 ez-toc-heading-level-2'><a class=\"ez-toc-link ez-toc-heading-1\" href=\"https:\/\/moverdb.com\/cs\/freight-forwarder\/freight-forwarding-uk\/dagenham-freight-forwarder\/#APA_AIRLINES_MANAGEMENT\" >\u0158\u00cdZEN\u00cd LETECK\u00ddCH SPOLE\u010cNOST\u00cd APA<\/a><\/li><li class='ez-toc-page-1 ez-toc-heading-level-2'><a class=\"ez-toc-link ez-toc-heading-2\" href=\"https:\/\/moverdb.com\/cs\/freight-forwarder\/freight-forwarding-uk\/dagenham-freight-forwarder\/#H_A_Mandate_Cargo_Services\" >H&amp;A Mandate Cargo Services<\/a><\/li><li class='ez-toc-page-1 ez-toc-heading-level-2'><a class=\"ez-toc-link ez-toc-heading-3\" href=\"https:\/\/moverdb.com\/cs\/freight-forwarder\/freight-forwarding-uk\/dagenham-freight-forwarder\/#Worldwide_Logistics_Group_UK\" >Celosv\u011btov\u00e1 logistick\u00e1 skupina UK<\/a><\/li><li class='ez-toc-page-1 ez-toc-heading-level-2'><a class=\"ez-toc-link ez-toc-heading-4\" href=\"https:\/\/moverdb.com\/cs\/freight-forwarder\/freight-forwarding-uk\/dagenham-freight-forwarder\/#How_we_picked_the_best_Dagenham_Freight_Forwarding_Companies\" >Jak jsme vybrali nejlep\u0161\u00ed spedi\u010dn\u00ed spole\u010dnosti z Dagenhamu<\/a><\/li><\/ul><\/nav><\/div>\n<h2><span class=\"ez-toc-section\" id=\"APA_AIRLINES_MANAGEMENT\"><\/span>\u0158\u00cdZEN\u00cd LETECK\u00ddCH SPOLE\u010cNOST\u00cd APA<span class=\"ez-toc-section-end\"><\/span><\/h2>\n<p><img decoding=\"async\" src=\"https:\/\/moverdb.com\/wp-content\/uploads\/AF1QipOQX1SN_oPFzNhG06Qj-UB4JGrjdQ3_So8PvueKw408-h306-k-no.jpg\" alt='\u0158\u00cdZEN\u00cd LETECK\u00ddCH SPOLE\u010cNOST\u00cd APA' class=\"aligncenter\"><\/p>\n<p><strong>Popis z podniku: <\/strong>Velkoobchodn\u00edci s leteckou dopravou a specializovan\u00ed spedit\u00e9\u0159i z <a href=\"https:\/\/moverdb.com\/cs\/moving-to-the-uk\/\" data-internallinksmanager029f6b8e52c=\"93\" title=\"St\u011bhujete se do Spojen\u00e9ho kr\u00e1lovstv\u00ed? 2022 \u017divotn\u00ed n\u00e1klady a tipy na st\u011bhov\u00e1n\u00ed\">UK<\/a> do Lagosu, <a href=\"https:\/\/moverdb.com\/cs\/moving-companies\/moving-companies-nigeria\/\" data-internallinksmanager029f6b8e52c=\"280\" title=\"10 Nejlep\u0161\u00ed mezin\u00e1rodn\u00ed st\u011bhov\u00e1n\u00ed spole\u010dnosti v Nig\u00e9rii\">Nig\u00e9rie<\/a>.<\/p>\n<p>Celosv\u011btov\u011b <a href=\"https:\/\/moverdb.com\/cs\/freight-forwarder\/\" data-internallinksmanager029f6b8e52c=\"17\" title=\"Mezin\u00e1rodn\u00ed spedice a NVOCC Pr\u016fvodce n\u00e1klady a spole\u010dnostmi\">Zas\u00edlatel<\/a>.<\/p>\n<p><strong>Dal\u0161\u00ed slu\u017eby:<\/strong><\/p>\n<p>Firemn\u00ed kancel\u00e1\u0159<\/p>\n<p><strong>Adresa:<\/strong> Unit 13A, Heathway Industrial Park, Off <a href=\"\" data-internallinksmanager029f6b8e52c=\"52\" title=\"Manchester\">Manchester<\/a> Way, Wantz Rd, Dagenham RM10 8PN<\/p>\n<p><a href=\"https:\/\/apaairlines.com\/\" target=\"_new\" rel=\"noopener\">Webov\u00e9 str\u00e1nky spole\u010dnosti APA AIRLINES MANAGEMENT<\/a><\/p>\n<p><strong>Hodnocen\u00ed: <\/strong>4.1<br \/> <strong>Po\u010det recenz\u00ed:<\/strong> 12<br \/><a href=\"https:\/\/www.google.co.uk\/maps?cid=2369266708385342453&#038;hl=en&#038;gl=GB\" target=\"_new\" rel=\"noopener\">P\u0159e\u010dt\u011bte si recenze<\/a><\/p>\n<h2><span class=\"ez-toc-section\" id=\"H_A_Mandate_Cargo_Services\"><\/span>H&amp;A Mandate Cargo Services<span class=\"ez-toc-section-end\"><\/span><\/h2>\n<p><img decoding=\"async\" src=\"https:\/\/moverdb.com\/wp-content\/uploads\/AF1QipPAy1YZT2KrcJQTwK-PeL-UFl1Tn352wevkpv7Pw408-h306-k-no.jpg\" alt='H&amp;A Mandate Cargo Services' class=\"aligncenter\"><\/p>\n<p><strong>Popis z podniku: <\/strong>N\u00e1klad do Nig\u00e9rie.<\/p>\n<p> Jsme n\u00edzkon\u00e1kladov\u00e1 leteck\u00e1 a n\u00e1mo\u0159n\u00ed doprava. <a href=\"https:\/\/moverdb.com\/cs\/international-money-transfer-services\/\" data-internallinksmanager029f6b8e52c=\"239\" title=\"11 nejlep\u0161\u00edch slu\u017eeb mezin\u00e1rodn\u00edho p\u0159evodu pen\u011bz v roce 2026\">p\u0159evod pen\u011bz<\/a> spole\u010dnost.<\/p>\n<p> P\u016fsob\u00edme mezi Spojen\u00fdm kr\u00e1lovstv\u00edm a Nig\u00e9ri\u00ed.<\/p>\n<p> Na\u0161e ceny jsou bezkonkuren\u010dn\u00ed a dod\u00e1n\u00ed je zaru\u010deno do n\u011bkolika dn\u016f.<\/p>\n<p><strong>Dal\u0161\u00ed slu\u017eby:<\/strong><\/p>\n<p>\u017d\u00e1dn\u00fd nen\u00ed uveden<\/p>\n<p><strong>Adresa:<\/strong> 221 Reede Rd, Dagenham RM10 8EH<\/p>\n<p><a href=\"http:\/\/www.handamandate.co.uk\/\" target=\"_new\" rel=\"noopener\">Webov\u00e9 str\u00e1nky spole\u010dnosti H&amp;A Mandate Cargo Services<\/a><\/p>\n<p><strong>Hodnocen\u00ed: <\/strong>3.8<br \/> <strong>Po\u010det recenz\u00ed:<\/strong> 8<br \/><a href=\"https:\/\/www.google.co.uk\/maps?cid=918139188002691525&#038;hl=en&#038;gl=GB\" target=\"_new\" rel=\"noopener\">P\u0159e\u010dt\u011bte si recenze<\/a><\/p>\n<h2><span class=\"ez-toc-section\" id=\"Worldwide_Logistics_Group_UK\"><\/span>Celosv\u011btov\u00e1 logistick\u00e1 skupina UK<span class=\"ez-toc-section-end\"><\/span><\/h2>\n<p><img decoding=\"async\" src=\"https:\/\/moverdb.com\/wp-content\/uploads\/AF1QipN_skR5BP8K0vnt5CzjAtyxsduBWjdlGfz_qNRqw408-h544-k-no.jpg\" alt='Celosv\u011btov\u00e1 logistick\u00e1 skupina UK' class=\"aligncenter\"><\/p>\n<p><strong>Popis z podniku: <\/strong>Worldwide Logistics UK je spole\u010dnost U.<\/p>\n<p>K.<\/p>\n<p> n\u00e1kladn\u00ed spole\u010dnost nab\u00edzej\u00edc\u00ed slu\u017eby v oblasti dovozu a v\u00fdvozu po cel\u00e9m sv\u011bt\u011b.<\/p>\n<p> Specializuje se na FBA a Commerce cargo.<\/p>\n<p> Se skladov\u00fdmi prostory po cel\u00e9 U.<\/p>\n<p>K.<\/p>\n<p><strong>Dal\u0161\u00ed slu\u017eby:<\/strong><\/p>\n<p>Logistick\u00e9 slu\u017eby<\/p>\n<p>Sklad<\/p>\n<p><strong>Adresa:<\/strong> Unit 16 Thames Gateway Park, Chequers Ln, Dagenham RM9 6FB<\/p>\n<p><a href=\"https:\/\/worldwidelogisticsltd.com\/uk\/\" target=\"_new\" rel=\"noopener\">Webov\u00e9 str\u00e1nky Worldwide Logistics Group UK<\/a><\/p>\n<p><strong>Hodnocen\u00ed: <\/strong>4.3<br \/> <strong>Po\u010det recenz\u00ed:<\/strong> 34<br \/><a href=\"https:\/\/www.google.co.uk\/maps?cid=13452110533918890274&#038;hl=en&#038;gl=GB\" target=\"_new\" rel=\"noopener\">P\u0159e\u010dt\u011bte si recenze<\/a><\/p>\n<h2><span class=\"ez-toc-section\" id=\"How_we_picked_the_best_Dagenham_Freight_Forwarding_Companies\"><\/span>Jak jsme vybrali nejlep\u0161\u00ed spedi\u010dn\u00ed spole\u010dnosti z Dagenhamu<span class=\"ez-toc-section-end\"><\/span><\/h2>\n<p>Vych\u00e1zeli jsme ze souboru dat 9 spedi\u010dn\u00edch firem z Dagenhamu, kter\u00e9 jsme na\u0161li na Map\u00e1ch Google, a z\u00fa\u017eili jsme jej na 3 nejlep\u0161\u00ed.<\/p>\n<p>Za t\u00edmto \u00fa\u010delem jsme odstranili v\u0161echny spole\u010dnosti, kter\u00e9:<\/p>\n<ul>\n<li> Nem\u011bl \u017e\u00e1dn\u00e9 webov\u00e9 str\u00e1nky<\/li>\n<li> Nem\u011bl \u017e\u00e1dn\u00e9 recenze<\/li>\n<li> Pr\u016fm\u011brn\u00e9 hodnocen\u00ed ni\u017e\u0161\u00ed ne\u017e 2,0<\/li>\n<\/ul>\n<p>Pokud jsme v tomto okam\u017eiku m\u011bli 17 nebo m\u00e9n\u011b dopravc\u016f, uvedli jsme v\u0161echny.<\/p>\n<p>U m\u011bst, kde n\u00e1m z\u016fstalo v\u00edce ne\u017e 17 odes\u00edlatel\u016f, jsme provedli dal\u0161\u00ed revize bu\u010f zv\u00fd\u0161en\u00edm po\u017eadovan\u00e9ho po\u010dtu recenz\u00ed (nap\u0159. z minim\u00e1ln\u00edho po\u010dtu 2,0 na 4,0) a\/nebo zv\u00fd\u0161en\u00edm minim\u00e1ln\u00edho po\u010dtu po\u017eadovan\u00fdch recenz\u00ed (nap\u0159. z alespo\u0148 1 recenze na alespo\u0148 10).<\/p>\n<p>V\u0161imn\u011bte si, \u017ee jsme pou\u017eili pouze \u00fadaje o hodnocen\u00ed z Map Google, nikoli z jin\u00fdch webov\u00fdch str\u00e1nek t\u0159et\u00edch stran.<\/p>\n<p>Dal\u0161\u00ed m\u011bsta:<\/p>\n<p><a href=\"https:\/\/moverdb.com\/cs\/spedice\/freight-forwarding-uk\/renfrew-freight-forwarder\/\">Spedice Renfrew<\/a><br \/><a href=\"https:\/\/moverdb.com\/cs\/spedice\/freight-forwarding-uk\/maldon-freight-forwarder\/\">Spedice Maldon<\/a><br \/><a href=\"https:\/\/moverdb.com\/cs\/spedice\/freight-forwarding-uk\/bellshill-freight-forwarder\/\">Spedice Bellshill<\/a><br \/><a href=\"https:\/\/moverdb.com\/cs\/spedice\/freight-forwarding-uk\/middlesbrough-freight-forwarder\/\">Spedice Middlesbrough<\/a><br \/><a href=\"https:\/\/moverdb.com\/cs\/spedice\/freight-forwarding-uk\/hessle-freight-forwarder\/\">Spedice Hessle<\/a><\/p>","protected":false},"excerpt":{"rendered":"<p>Below we look at the 3 &#8220;best&#8221; Freight Forwarding companies in Dagenham out of 9. To learn more about how we chose the best please consult our FAQ section at the end. Please not the following listings are in no particular order and we are not making any recommendations for any particular company. APA AIRLINES [&hellip;]<\/p>\n","protected":false},"author":1,"featured_media":0,"parent":13427,"menu_order":0,"comment_status":"open","ping_status":"open","template":"","meta":{"_genesis_hide_title":false,"_genesis_hide_breadcrumbs":false,"_genesis_hide_singular_image":false,"_genesis_hide_footer_widgets":false,"_genesis_custom_body_class":"","_genesis_custom_post_class":"","_genesis_layout":"","footnotes":""},"class_list":{"0":"post-13985","1":"page","2":"type-page","3":"status-publish","5":"entry"},"_links":{"self":[{"href":"https:\/\/moverdb.com\/cs\/wp-json\/wp\/v2\/pages\/13985","targetHints":{"allow":["GET"]}}],"collection":[{"href":"https:\/\/moverdb.com\/cs\/wp-json\/wp\/v2\/pages"}],"about":[{"href":"https:\/\/moverdb.com\/cs\/wp-json\/wp\/v2\/types\/page"}],"author":[{"embeddable":true,"href":"https:\/\/moverdb.com\/cs\/wp-json\/wp\/v2\/users\/1"}],"replies":[{"embeddable":true,"href":"https:\/\/moverdb.com\/cs\/wp-json\/wp\/v2\/comments?post=13985"}],"version-history":[{"count":1,"href":"https:\/\/moverdb.com\/cs\/wp-json\/wp\/v2\/pages\/13985\/revisions"}],"predecessor-version":[{"id":15764,"href":"https:\/\/moverdb.com\/cs\/wp-json\/wp\/v2\/pages\/13985\/revisions\/15764"}],"up":[{"embeddable":true,"href":"https:\/\/moverdb.com\/cs\/wp-json\/wp\/v2\/pages\/13427"}],"wp:attachment":[{"href":"https:\/\/moverdb.com\/cs\/wp-json\/wp\/v2\/media?parent=13985"}],"curies":[{"name":"wp","href":"https:\/\/api.w.org\/{rel}","templated":true}]}}