{"id":13969,"date":"2023-11-08T15:53:54","date_gmt":"2023-11-08T15:53:54","guid":{"rendered":"https:\/\/moverdb.com\/freight-forwarder\/freight-forwarding-uk\/iver-freight-forwarder\/"},"modified":"2026-01-08T13:17:35","modified_gmt":"2026-01-08T13:17:35","slug":"iver-freight-forwarder","status":"publish","type":"page","link":"https:\/\/moverdb.com\/cs\/freight-forwarder\/freight-forwarding-uk\/iver-freight-forwarder\/","title":{"rendered":"3 nejlep\u0161\u00ed spedi\u010dn\u00ed spole\u010dnosti v Iveru (2024)"},"content":{"rendered":"<p>N\u00ed\u017ee se pod\u00edv\u00e1me na 3 <em>\"nejlep\u0161\u00ed\"<\/em> Spedi\u010dn\u00ed firmy v Iveru z celkov\u00e9ho po\u010dtu 7.<\/p>\n<p>Chcete-li se dozv\u011bd\u011bt v\u00edce o tom, jak jsme vyb\u00edrali ty nejlep\u0161\u00ed, pod\u00edvejte se do sekce \u010casto kladen\u00e9 dotazy na konci.<\/p>\n<p><em>Upozor\u0148ujeme, \u017ee n\u00e1sleduj\u00edc\u00ed seznamy nejsou \u0159azeny v \u017e\u00e1dn\u00e9m konkr\u00e9tn\u00edm po\u0159ad\u00ed a nedoporu\u010dujeme \u017e\u00e1dnou konkr\u00e9tn\u00ed spole\u010dnost.<\/em><\/p>\n<div id=\"ez-toc-container\" class=\"ez-toc-v2_0_82_2 ez-toc-wrap-left counter-hierarchy ez-toc-counter ez-toc-transparent ez-toc-container-direction\">\n<div class=\"ez-toc-title-container\">\n<p class=\"ez-toc-title\" style=\"cursor:inherit\">Sekce<\/p>\n<span class=\"ez-toc-title-toggle\"><a href=\"#\" class=\"ez-toc-pull-right ez-toc-btn ez-toc-btn-xs ez-toc-btn-default ez-toc-toggle\" aria-label=\"P\u0159epnut\u00ed tabulky obsahu\"><span class=\"ez-toc-js-icon-con\"><span class=\"\"><span class=\"eztoc-hide\" style=\"display:none;\">P\u0159ep\u00edna\u010d<\/span><span class=\"ez-toc-icon-toggle-span\"><svg style=\"fill: #999;color:#999\" xmlns=\"http:\/\/www.w3.org\/2000\/svg\" class=\"list-377408\" width=\"20px\" height=\"20px\" viewbox=\"0 0 24 24\" fill=\"none\"><path d=\"M6 6H4v2h2V6zm14 0H8v2h12V6zM4 11h2v2H4v-2zm16 0H8v2h12v-2zM4 16h2v2H4v-2zm16 0H8v2h12v-2z\" fill=\"currentColor\"><\/path><\/svg><svg style=\"fill: #999;color:#999\" class=\"arrow-unsorted-368013\" xmlns=\"http:\/\/www.w3.org\/2000\/svg\" width=\"10px\" height=\"10px\" viewbox=\"0 0 24 24\" version=\"1.2\" baseprofile=\"tiny\"><path d=\"M18.2 9.3l-6.2-6.3-6.2 6.3c-.2.2-.3.4-.3.7s.1.5.3.7c.2.2.4.3.7.3h11c.3 0 .5-.1.7-.3.2-.2.3-.5.3-.7s-.1-.5-.3-.7zM5.8 14.7l6.2 6.3 6.2-6.3c.2-.2.3-.5.3-.7s-.1-.5-.3-.7c-.2-.2-.4-.3-.7-.3h-11c-.3 0-.5.1-.7.3-.2.2-.3.5-.3.7s.1.5.3.7z\"\/><\/svg><\/span><\/span><\/span><\/a><\/span><\/div>\n<nav><ul class='ez-toc-list ez-toc-list-level-1 eztoc-toggle-hide-by-default' ><li class='ez-toc-page-1 ez-toc-heading-level-2'><a class=\"ez-toc-link ez-toc-heading-1\" href=\"https:\/\/moverdb.com\/cs\/freight-forwarder\/freight-forwarding-uk\/iver-freight-forwarder\/#Clarity_Cargo_Limited\" >Clarity Cargo Limited<\/a><\/li><li class='ez-toc-page-1 ez-toc-heading-level-2'><a class=\"ez-toc-link ez-toc-heading-2\" href=\"https:\/\/moverdb.com\/cs\/freight-forwarder\/freight-forwarding-uk\/iver-freight-forwarder\/#Telenet_Global_Logistics\" >Telenet Global Logistics<\/a><\/li><li class='ez-toc-page-1 ez-toc-heading-level-2'><a class=\"ez-toc-link ez-toc-heading-3\" href=\"https:\/\/moverdb.com\/cs\/freight-forwarder\/freight-forwarding-uk\/iver-freight-forwarder\/#Rhodes_Freight_Services_Ltd\" >Rhodes Freight Services Ltd<\/a><\/li><li class='ez-toc-page-1 ez-toc-heading-level-2'><a class=\"ez-toc-link ez-toc-heading-4\" href=\"https:\/\/moverdb.com\/cs\/freight-forwarder\/freight-forwarding-uk\/iver-freight-forwarder\/#How_we_picked_the_best_Iver_Freight_Forwarding_Companies\" >Jak jsme vybrali nejlep\u0161\u00ed spedi\u010dn\u00ed spole\u010dnosti v Iveru<\/a><\/li><\/ul><\/nav><\/div>\n<h2><span class=\"ez-toc-section\" id=\"Clarity_Cargo_Limited\"><\/span>Clarity Cargo Limited<span class=\"ez-toc-section-end\"><\/span><\/h2>\n<p><img decoding=\"async\" src=\"https:\/\/moverdb.com\/wp-content\/uploads\/AF1QipP0oec1jy_H0NUSuZWNhSBk7JlRXh_oWLGNdgDew408-h290-k-no.jpg\" alt='Clarity Cargo Limited' class=\"aligncenter\"><\/p>\n<p><strong>Popis z podniku: <\/strong>Clarity Cargo Limited je denn\u00ed <a href=\"https:\/\/moverdb.com\/cs\/moving-to-ireland\/\" data-internallinksmanager029f6b8e52c=\"320\" title=\"St\u011bhov\u00e1n\u00ed do Irska? 2026 N\u00e1klady na bydlen\u00ed a tipy na st\u011bhov\u00e1n\u00ed\">Irsko<\/a> a Evropsk\u00e1 expresn\u00ed slu\u017eba p\u0159epravy palet v Lond\u00fdn\u011b.<\/p>\n<p> Na\u0161e logistick\u00e1 slu\u017eba nab\u00edz\u00ed dod\u00e1vky do Irska 24 hodin denn\u011b.<\/p>\n<p> D\u00edky inteligentn\u00edmu syst\u00e9mu sledov\u00e1n\u00ed na\u0161ich vozidel a nejmodern\u011bj\u0161\u00edmu vybaven\u00ed zaji\u0161\u0165ujeme bezpe\u010dn\u00e9 a pl\u00e1novan\u00e9 expresn\u00ed doru\u010dov\u00e1n\u00ed v mnoha evropsk\u00fdch zem\u00edch.<\/p>\n<p> Spole\u010dnost Clarity Cargo v\u00e1m nab\u00edz\u00ed nejlep\u0161\u00ed mo\u017enost, jak zajistit optim\u00e1ln\u00ed slu\u017eby pro va\u0161e z\u00e1kazn\u00edky.<\/p>\n<p> Z\u00edskejte v\u00fdhody na\u0161ich kompletn\u00edch intern\u00edch slu\u017eeb celn\u00edho odbaven\u00ed a expresn\u00edch paletov\u00fdch dod\u00e1vek do ji\u017en\u00edho Irska a Evropy.<\/p>\n<p> Zvy\u0161te sv\u016fj prodej na roz\u0161\u00ed\u0159en\u00e9m irsk\u00e9m trhu d\u00edky na\u0161\u00ed rychl\u00e9, pohodln\u00e9 a cenov\u011b dostupn\u00e9 expresn\u00ed distribuci palet.<\/p>\n<p> Ka\u017ed\u00e1 p\u0159epravovan\u00e1 z\u00e1silka je sledov\u00e1na syst\u00e9mem Clarity, kter\u00fd zaji\u0161\u0165uje dynamick\u00fd pohyb z\u00e1silky.<\/p>\n<p><strong>Dal\u0161\u00ed slu\u017eby:<\/strong><\/p>\n<p>Dodavatelsk\u00e1 spole\u010dnost<\/p>\n<p>Dopravn\u00ed slu\u017eby<\/p>\n<p><strong>Adresa:<\/strong> Unit 2a, 2b The Ridgeway, Iver SL0 9JQ<\/p>\n<p><a href=\"https:\/\/www.claritycargo.com\/\" target=\"_new\" rel=\"noopener\">Webov\u00e9 str\u00e1nky spole\u010dnosti Clarity Cargo Limited<\/a><\/p>\n<p><strong>Hodnocen\u00ed: <\/strong>5<br \/> <strong>Po\u010det recenz\u00ed:<\/strong> 38<br \/><a href=\"https:\/\/www.google.co.uk\/maps?cid=10874642115702949340&#038;hl=en&#038;gl=GB\" target=\"_new\" rel=\"noopener\">P\u0159e\u010dt\u011bte si recenze<\/a><\/p>\n<h2><span class=\"ez-toc-section\" id=\"Telenet_Global_Logistics\"><\/span>Telenet Global Logistics<span class=\"ez-toc-section-end\"><\/span><\/h2>\n<p><img decoding=\"async\" src=\"https:\/\/moverdb.com\/wp-content\/uploads\/AF1QipP01RnwujXm0lb4sGEMlj-Z0U8VyKPrXUu2x8Yw408-h306-k-no.jpg\" alt='Telenet Global Logistics' class=\"aligncenter\"><\/p>\n<p><strong>Popis z podniku: <\/strong>Nebylo poskytnuto<\/p>\n<p><strong>Dal\u0161\u00ed slu\u017eby:<\/strong><\/p>\n<p>Logistick\u00e9 slu\u017eby<\/p>\n<p><strong>Adresa:<\/strong> 3B Ridgeway, Iver SL0 9JQ<\/p>\n<p><a href=\"https:\/\/www.telenetlogistics.com\/\" target=\"_new\" rel=\"noopener\">Webov\u00e9 str\u00e1nky Telenet Global Logistics<\/a><\/p>\n<p><strong>Hodnocen\u00ed: <\/strong>4.6<br \/> <strong>Po\u010det recenz\u00ed:<\/strong> 11<br \/><a href=\"https:\/\/www.google.co.uk\/maps?cid=11765667240663478835&#038;hl=en&#038;gl=GB\" target=\"_new\" rel=\"noopener\">P\u0159e\u010dt\u011bte si recenze<\/a><\/p>\n<h2><span class=\"ez-toc-section\" id=\"Rhodes_Freight_Services_Ltd\"><\/span>Rhodes Freight Services Ltd<span class=\"ez-toc-section-end\"><\/span><\/h2>\n<p><img decoding=\"async\" src=\"https:\/\/moverdb.com\/wp-content\/uploads\/AF1QipMm9i5CRGZADeaNZzwze_5aBudBPSQnsvLjIlzYw408-h272-k-no.jpg\" alt='Rhodes Freight Services Ltd' class=\"aligncenter\"><\/p>\n<p><strong>Popis z podniku: <\/strong>Spole\u010dnost Rhodes Freight Services LTD zaji\u0161\u0165uje p\u0159epravu s \u0159\u00edzenou teplotou v oblasti <a href=\"https:\/\/moverdb.com\/cs\/moving-to-the-uk\/\" data-internallinksmanager029f6b8e52c=\"93\" title=\"St\u011bhujete se do Spojen\u00e9ho kr\u00e1lovstv\u00ed? 2022 \u017divotn\u00ed n\u00e1klady a tipy na st\u011bhov\u00e1n\u00ed\">UK<\/a> &amp; Europe od roku 1992.<\/p>\n<p>Jsme rodinn\u00e1 firma s velk\u00fdmi z\u00e1kladn\u00edmi hodnotami a standardy.<\/p>\n<p>Vznikla ze skromn\u00fdch za\u010d\u00e1tk\u016f tvrdou prac\u00ed a poctivost\u00ed.<\/p>\n<p> V\u017edy n\u00e1m \u0161lo o na\u0161e z\u00e1kazn\u00edky a o to, jak jim a jejich z\u00e1kazn\u00edk\u016fm m\u016f\u017eeme uleh\u010dit jakoukoli z\u00e1t\u011b\u017e t\u00edm, \u017ee jim poskytneme nejlep\u0161\u00ed mo\u017enou slu\u017ebu \u0159\u00edzen\u00e9 p\u0159epravy zbo\u017e\u00ed p\u0159i teplot\u011b ve Velk\u00e9 Brit\u00e1nii.<\/p>\n<p>Pracujeme 24 hodin denn\u011b, 7 dn\u00ed v t\u00fddnu.<\/p>\n<p> Mezi na\u0161e nejobl\u00edben\u011bj\u0161\u00ed slu\u017eby pat\u0159\u00ed:<\/p>\n<p>Vyhrazen\u00e1 doprava<br \/>\nLeteck\u00e1 p\u0159eprava zbo\u017e\u00ed podl\u00e9haj\u00edc\u00edho zk\u00e1ze ve Velk\u00e9 Brit\u00e1nii a Evrop\u011b<br \/>\nSkladov\u00e1n\u00ed a skladov\u00e1n\u00ed<br \/>\nDistribuce s \u0159\u00edzenou teplotou ve Velk\u00e9 Brit\u00e1nii<br \/>\nDoprava na leti\u0161t\u011b v Evrop\u011b<br \/>\nLeteck\u00e1 n\u00e1kladn\u00ed doprava v Evrop\u011b a Velk\u00e9 Brit\u00e1nii<br \/>\nSkladov\u00e1n\u00ed s \u0159\u00edzenou teplotou<br \/>\nGrafy, citace Zpr\u00e1vy<\/p>\n<p><strong>Dal\u0161\u00ed slu\u017eby:<\/strong><\/p>\n<p>\u017d\u00e1dn\u00fd nen\u00ed uveden<\/p>\n<p><strong>Adresa:<\/strong> 3c, Ridgeway Distribution Centre, Ridgeway, Iver SL0 9JQ<\/p>\n<p><a href=\"http:\/\/www.rhodesfreightservices.co.uk\/\" target=\"_new\" rel=\"noopener\">Webov\u00e9 str\u00e1nky spole\u010dnosti Rhodes Freight Services Ltd<\/a><\/p>\n<p><strong>Hodnocen\u00ed: <\/strong>4.5<br \/> <strong>Po\u010det recenz\u00ed:<\/strong> 21<br \/><a href=\"https:\/\/www.google.co.uk\/maps?cid=13537297874661650619&#038;hl=en&#038;gl=GB\" target=\"_new\" rel=\"noopener\">P\u0159e\u010dt\u011bte si recenze<\/a><\/p>\n<h2><span class=\"ez-toc-section\" id=\"How_we_picked_the_best_Iver_Freight_Forwarding_Companies\"><\/span>Jak jsme vybrali nejlep\u0161\u00ed spedi\u010dn\u00ed spole\u010dnosti v Iveru<span class=\"ez-toc-section-end\"><\/span><\/h2>\n<p>Vych\u00e1zeli jsme ze souboru dat 7 spedi\u010dn\u00edch spole\u010dnost\u00ed Iver, kter\u00e9 jsme na\u0161li na Map\u00e1ch Google, a z\u00fa\u017eili jsme jej na 3 nejlep\u0161\u00ed.<\/p>\n<p>Za t\u00edmto \u00fa\u010delem jsme odstranili v\u0161echny spole\u010dnosti, kter\u00e9:<\/p>\n<ul>\n<li> Nem\u011bl \u017e\u00e1dn\u00e9 webov\u00e9 str\u00e1nky<\/li>\n<li> Nem\u011bl \u017e\u00e1dn\u00e9 recenze<\/li>\n<li> Pr\u016fm\u011brn\u00e9 hodnocen\u00ed ni\u017e\u0161\u00ed ne\u017e 2,0<\/li>\n<\/ul>\n<p>Pokud jsme v tomto okam\u017eiku m\u011bli 17 nebo m\u00e9n\u011b dopravc\u016f, uvedli jsme v\u0161echny.<\/p>\n<p>U m\u011bst, kde n\u00e1m z\u016fstalo v\u00edce ne\u017e 17 odes\u00edlatel\u016f, jsme provedli dal\u0161\u00ed revize bu\u010f zv\u00fd\u0161en\u00edm po\u017eadovan\u00e9ho po\u010dtu recenz\u00ed (nap\u0159. z minim\u00e1ln\u00edho po\u010dtu 2,0 na 4,0) a\/nebo zv\u00fd\u0161en\u00edm minim\u00e1ln\u00edho po\u010dtu po\u017eadovan\u00fdch recenz\u00ed (nap\u0159. z alespo\u0148 1 recenze na alespo\u0148 10).<\/p>\n<p>V\u0161imn\u011bte si, \u017ee jsme pou\u017eili pouze \u00fadaje o hodnocen\u00ed z Map Google, nikoli z jin\u00fdch webov\u00fdch str\u00e1nek t\u0159et\u00edch stran.<\/p>\n<p>Dal\u0161\u00ed m\u011bsta:<\/p>\n<p><a href=\"https:\/\/moverdb.com\/cs\/spedice\/freight-forwarding-uk\/nuneaton-freight-forwarder\/\">Spedice Nuneaton<\/a><br \/><a href=\"https:\/\/moverdb.com\/cs\/spedice\/freight-forwarding-uk\/belvedere-freight-forwarder\/\">Spedice Belvedere<\/a><br \/><a href=\"https:\/\/moverdb.com\/cs\/spedice\/freight-forwarding-uk\/portsmouth-freight-forwarder\/\">Spedice Portsmouth<\/a><br \/><a href=\"https:\/\/moverdb.com\/cs\/spedice\/freight-forwarding-uk\/dagenham-freight-forwarder\/\">Spedice Dagenham<\/a><br \/><a href=\"https:\/\/moverdb.com\/cs\/spedice\/freight-forwarding-uk\/renfrew-freight-forwarder\/\">Spedice Renfrew<\/a><\/p>","protected":false},"excerpt":{"rendered":"<p>Below we look at the 3 &#8220;best&#8221; Freight Forwarding companies in Iver out of 7. To learn more about how we chose the best please consult our FAQ section at the end. Please not the following listings are in no particular order and we are not making any recommendations for any particular company. Clarity Cargo [&hellip;]<\/p>\n","protected":false},"author":1,"featured_media":0,"parent":13427,"menu_order":0,"comment_status":"open","ping_status":"open","template":"","meta":{"_genesis_hide_title":false,"_genesis_hide_breadcrumbs":false,"_genesis_hide_singular_image":false,"_genesis_hide_footer_widgets":false,"_genesis_custom_body_class":"","_genesis_custom_post_class":"","_genesis_layout":"","footnotes":""},"class_list":{"0":"post-13969","1":"page","2":"type-page","3":"status-publish","5":"entry"},"_links":{"self":[{"href":"https:\/\/moverdb.com\/cs\/wp-json\/wp\/v2\/pages\/13969","targetHints":{"allow":["GET"]}}],"collection":[{"href":"https:\/\/moverdb.com\/cs\/wp-json\/wp\/v2\/pages"}],"about":[{"href":"https:\/\/moverdb.com\/cs\/wp-json\/wp\/v2\/types\/page"}],"author":[{"embeddable":true,"href":"https:\/\/moverdb.com\/cs\/wp-json\/wp\/v2\/users\/1"}],"replies":[{"embeddable":true,"href":"https:\/\/moverdb.com\/cs\/wp-json\/wp\/v2\/comments?post=13969"}],"version-history":[{"count":1,"href":"https:\/\/moverdb.com\/cs\/wp-json\/wp\/v2\/pages\/13969\/revisions"}],"predecessor-version":[{"id":15769,"href":"https:\/\/moverdb.com\/cs\/wp-json\/wp\/v2\/pages\/13969\/revisions\/15769"}],"up":[{"embeddable":true,"href":"https:\/\/moverdb.com\/cs\/wp-json\/wp\/v2\/pages\/13427"}],"wp:attachment":[{"href":"https:\/\/moverdb.com\/cs\/wp-json\/wp\/v2\/media?parent=13969"}],"curies":[{"name":"wp","href":"https:\/\/api.w.org\/{rel}","templated":true}]}}