{"id":13907,"date":"2023-11-08T15:53:26","date_gmt":"2023-11-08T15:53:26","guid":{"rendered":"https:\/\/moverdb.com\/freight-forwarder\/freight-forwarding-uk\/warrington-freight-forwarder\/"},"modified":"2026-01-08T13:17:57","modified_gmt":"2026-01-08T13:17:57","slug":"warrington-freight-forwarder","status":"publish","type":"page","link":"https:\/\/moverdb.com\/cs\/freight-forwarder\/freight-forwarding-uk\/warrington-freight-forwarder\/","title":{"rendered":"4 nejlep\u0161\u00ed spedi\u010dn\u00ed firmy ve Warringtonu (2024)"},"content":{"rendered":"<p>N\u00ed\u017ee se pod\u00edv\u00e1me na 4 <em>\"nejlep\u0161\u00ed\"<\/em> Spedi\u010dn\u00ed firmy v oboru Warrington z 13.<\/p>\n<p>Chcete-li se dozv\u011bd\u011bt v\u00edce o tom, jak jsme vyb\u00edrali ty nejlep\u0161\u00ed, pod\u00edvejte se do sekce \u010casto kladen\u00e9 dotazy na konci.<\/p>\n<p><em>Upozor\u0148ujeme, \u017ee n\u00e1sleduj\u00edc\u00ed seznamy nejsou \u0159azeny v \u017e\u00e1dn\u00e9m konkr\u00e9tn\u00edm po\u0159ad\u00ed a nedoporu\u010dujeme \u017e\u00e1dnou konkr\u00e9tn\u00ed spole\u010dnost.<\/em><\/p>\n<div id=\"ez-toc-container\" class=\"ez-toc-v2_0_82_2 ez-toc-wrap-left counter-hierarchy ez-toc-counter ez-toc-transparent ez-toc-container-direction\">\n<div class=\"ez-toc-title-container\">\n<p class=\"ez-toc-title\" style=\"cursor:inherit\">Sekce<\/p>\n<span class=\"ez-toc-title-toggle\"><a href=\"#\" class=\"ez-toc-pull-right ez-toc-btn ez-toc-btn-xs ez-toc-btn-default ez-toc-toggle\" aria-label=\"P\u0159epnut\u00ed tabulky obsahu\"><span class=\"ez-toc-js-icon-con\"><span class=\"\"><span class=\"eztoc-hide\" style=\"display:none;\">P\u0159ep\u00edna\u010d<\/span><span class=\"ez-toc-icon-toggle-span\"><svg style=\"fill: #999;color:#999\" xmlns=\"http:\/\/www.w3.org\/2000\/svg\" class=\"list-377408\" width=\"20px\" height=\"20px\" viewbox=\"0 0 24 24\" fill=\"none\"><path d=\"M6 6H4v2h2V6zm14 0H8v2h12V6zM4 11h2v2H4v-2zm16 0H8v2h12v-2zM4 16h2v2H4v-2zm16 0H8v2h12v-2z\" fill=\"currentColor\"><\/path><\/svg><svg style=\"fill: #999;color:#999\" class=\"arrow-unsorted-368013\" xmlns=\"http:\/\/www.w3.org\/2000\/svg\" width=\"10px\" height=\"10px\" viewbox=\"0 0 24 24\" version=\"1.2\" baseprofile=\"tiny\"><path d=\"M18.2 9.3l-6.2-6.3-6.2 6.3c-.2.2-.3.4-.3.7s.1.5.3.7c.2.2.4.3.7.3h11c.3 0 .5-.1.7-.3.2-.2.3-.5.3-.7s-.1-.5-.3-.7zM5.8 14.7l6.2 6.3 6.2-6.3c.2-.2.3-.5.3-.7s-.1-.5-.3-.7c-.2-.2-.4-.3-.7-.3h-11c-.3 0-.5.1-.7.3-.2.2-.3.5-.3.7s.1.5.3.7z\"\/><\/svg><\/span><\/span><\/span><\/a><\/span><\/div>\n<nav><ul class='ez-toc-list ez-toc-list-level-1 eztoc-toggle-hide-by-default' ><li class='ez-toc-page-1 ez-toc-heading-level-2'><a class=\"ez-toc-link ez-toc-heading-1\" href=\"https:\/\/moverdb.com\/cs\/freight-forwarder\/freight-forwarding-uk\/warrington-freight-forwarder\/#John_K_Philips\" >John K Philips<\/a><\/li><li class='ez-toc-page-1 ez-toc-heading-level-2'><a class=\"ez-toc-link ez-toc-heading-2\" href=\"https:\/\/moverdb.com\/cs\/freight-forwarder\/freight-forwarding-uk\/warrington-freight-forwarder\/#Cargo_World_Logistics\" >Cargo World Logistics<\/a><\/li><li class='ez-toc-page-1 ez-toc-heading-level-2'><a class=\"ez-toc-link ez-toc-heading-3\" href=\"https:\/\/moverdb.com\/cs\/freight-forwarder\/freight-forwarding-uk\/warrington-freight-forwarder\/#Regal_Crown_Logistics\" >Regal Crown Logistics<\/a><\/li><li class='ez-toc-page-1 ez-toc-heading-level-2'><a class=\"ez-toc-link ez-toc-heading-4\" href=\"https:\/\/moverdb.com\/cs\/freight-forwarder\/freight-forwarding-uk\/warrington-freight-forwarder\/#N_L_C_Transport\" >N L C Doprava<\/a><\/li><li class='ez-toc-page-1 ez-toc-heading-level-2'><a class=\"ez-toc-link ez-toc-heading-5\" href=\"https:\/\/moverdb.com\/cs\/freight-forwarder\/freight-forwarding-uk\/warrington-freight-forwarder\/#How_we_picked_the_best_Warrington_Freight_Forwarding_Companies\" >Jak jsme vybrali nejlep\u0161\u00ed spedi\u010dn\u00ed spole\u010dnosti z Warringtonu<\/a><\/li><\/ul><\/nav><\/div>\n<h2><span class=\"ez-toc-section\" id=\"John_K_Philips\"><\/span>John K Philips<span class=\"ez-toc-section-end\"><\/span><\/h2>\n<p><img decoding=\"async\" src=\"\" alt=\"John K Philips\" class=\"aligncenter\"><\/p>\n<p><strong>Popis z podniku: <\/strong>Nebylo poskytnuto<\/p>\n<p><strong>Dal\u0161\u00ed slu\u017eby:<\/strong><\/p>\n<p>\u017d\u00e1dn\u00fd nen\u00ed uveden<\/p>\n<p><strong>Adresa:<\/strong> 20A Ashton Rd, Golborne, Warrington WA3 3UN<\/p>\n<p><a href=\"http:\/\/www.johnkphilips.co.uk\/\" target=\"_new\" rel=\"noopener\">Webov\u00e9 str\u00e1nky Johna K Philipse<\/a><\/p>\n<p><strong>Hodnocen\u00ed: <\/strong>4<br \/> <strong>Po\u010det recenz\u00ed:<\/strong> 9<br \/><a href=\"https:\/\/www.google.co.uk\/maps?cid=6868309449178905663&#038;hl=en&#038;gl=GB\" target=\"_new\" rel=\"noopener\">P\u0159e\u010dt\u011bte si recenze<\/a><\/p>\n<h2><span class=\"ez-toc-section\" id=\"Cargo_World_Logistics\"><\/span>Cargo World Logistics<span class=\"ez-toc-section-end\"><\/span><\/h2>\n<p><img decoding=\"async\" src=\"https:\/\/moverdb.com\/wp-content\/uploads\/AF1QipPWlNLhn7aroHrxfBMFmhBV8kDqKnSryEK-jUU_w960-h240-k-no.png\" alt='Cargo World Logistics' class=\"aligncenter\"><\/p>\n<p><strong>Popis z podniku: <\/strong>Mezin\u00e1rodn\u00ed <a href=\"https:\/\/moverdb.com\/cs\/freight-forwarder\/\" data-internallinksmanager029f6b8e52c=\"17\" title=\"Mezin\u00e1rodn\u00ed spedice a NVOCC Pr\u016fvodce n\u00e1klady a spole\u010dnostmi\">spedice<\/a> nab\u00edz\u00ed \u0159adu logistick\u00fdch \u0159e\u0161en\u00ed pro dovoz i v\u00fdvoz po mo\u0159i, letecky i po silnici.<\/p>\n<p> Jsme zap\u00e1len\u00ed pro to, co d\u011bl\u00e1me Star\u00e1me se o lidi a pom\u00e1h\u00e1me jim t\u00edm nejlep\u0161\u00edm mo\u017en\u00fdm zp\u016fsobem.<\/p>\n<p> Budeme v\u00e1m v\u017edy k dispozici; \u010dty\u0159iadvacet hodin denn\u011b, sedm dn\u00ed v t\u00fddnu.<\/p>\n<p> Z\u00e1kladem na\u0161ich hodnot je budov\u00e1n\u00ed pevn\u00fdch a dlouhodob\u00fdch partnerstv\u00ed s d\u016fv\u011brou.<\/p>\n<p> Na nich z\u00e1vis\u00ed na\u0161e podnik\u00e1n\u00ed.<\/p>\n<p><strong>Dal\u0161\u00ed slu\u017eby:<\/strong><\/p>\n<p>\u017d\u00e1dn\u00fd nen\u00ed uveden<\/p>\n<p><strong>Adresa:<\/strong> Causeway Bridges Business Centre, Burtonwood, Warrington WA5 4BN<\/p>\n<p><a href=\"http:\/\/www.cargoworldlog.com\/\" target=\"_new\" rel=\"noopener\">Webov\u00e9 str\u00e1nky Cargo World Logistics<\/a><\/p>\n<p><strong>Hodnocen\u00ed: <\/strong>5<br \/> <strong>Po\u010det recenz\u00ed:<\/strong> 2<br \/><a href=\"https:\/\/www.google.co.uk\/maps?cid=13565756098809397403&#038;hl=en&#038;gl=GB\" target=\"_new\" rel=\"noopener\">P\u0159e\u010dt\u011bte si recenze<\/a><\/p>\n<h2><span class=\"ez-toc-section\" id=\"Regal_Crown_Logistics\"><\/span>Regal Crown Logistics<span class=\"ez-toc-section-end\"><\/span><\/h2>\n<p><img decoding=\"async\" src=\"https:\/\/moverdb.com\/wp-content\/uploads\/AF1QipNtDbSfBBb-WvWrPJMPoa8GNqvipfpOi8ci4h4xw408-h271-k-no.jpg\" alt='Regal Crown Logistics' class=\"aligncenter\"><\/p>\n<p><strong>Popis z podniku: <\/strong>Nebylo poskytnuto<\/p>\n<p><strong>Dal\u0161\u00ed slu\u017eby:<\/strong><\/p>\n<p>Kur\u00fdrn\u00ed slu\u017eba<\/p>\n<p>Dodavatelsk\u00e1 spole\u010dnost<\/p>\n<p><strong>Adresa:<\/strong> Unit, 3 Kelvin Cl, Birchwood, Warrington WA3 7PB<\/p>\n<p><a href=\"http:\/\/www.regalcrown.co.uk\/\" target=\"_new\" rel=\"noopener\">Webov\u00e9 str\u00e1nky spole\u010dnosti Regal Crown Logistics<\/a><\/p>\n<p><strong>Hodnocen\u00ed: <\/strong>4.7<br \/> <strong>Po\u010det recenz\u00ed:<\/strong> 12<br \/><a href=\"https:\/\/www.google.co.uk\/maps?cid=13921333048958416465&#038;hl=en&#038;gl=GB\" target=\"_new\" rel=\"noopener\">P\u0159e\u010dt\u011bte si recenze<\/a><\/p>\n<h2><span class=\"ez-toc-section\" id=\"N_L_C_Transport\"><\/span>N L C Doprava<span class=\"ez-toc-section-end\"><\/span><\/h2>\n<p><img decoding=\"async\" src=\"https:\/\/moverdb.com\/wp-content\/uploads\/thumbnailpanoidgTKt9qh0eKnknj-Lx6Yjtwcb_clientsearch.gws-prod.gpsw408h240yaw324.jpg\" alt='N L C Doprava' class=\"aligncenter\"><\/p>\n<p><strong>Popis z podniku: <\/strong>Nebylo poskytnuto<\/p>\n<p><strong>Dal\u0161\u00ed slu\u017eby:<\/strong><\/p>\n<p>Dodac\u00ed slu\u017eba<\/p>\n<p>Skladovac\u00ed za\u0159\u00edzen\u00ed<\/p>\n<p>Sklad<\/p>\n<p><strong>Adresa:<\/strong> Appleton Thorn, Warrington WA4 4SN<\/p>\n<p><a href=\"http:\/\/www.nlctransport.co.uk\/\" target=\"_new\" rel=\"noopener\">Webov\u00e9 str\u00e1nky spole\u010dnosti N L C Transport<\/a><\/p>\n<p><strong>Hodnocen\u00ed: <\/strong>3.9<br \/> <strong>Po\u010det recenz\u00ed:<\/strong> 22<br \/><a href=\"https:\/\/www.google.co.uk\/maps?cid=15308285349399887298&#038;hl=en&#038;gl=GB\" target=\"_new\" rel=\"noopener\">P\u0159e\u010dt\u011bte si recenze<\/a><\/p>\n<h2><span class=\"ez-toc-section\" id=\"How_we_picked_the_best_Warrington_Freight_Forwarding_Companies\"><\/span>Jak jsme vybrali nejlep\u0161\u00ed spedi\u010dn\u00ed spole\u010dnosti z Warringtonu<span class=\"ez-toc-section-end\"><\/span><\/h2>\n<p>Vych\u00e1zeli jsme ze souboru dat 13 spedi\u010dn\u00edch firem z Warringtonu, kter\u00e9 jsme na\u0161li na Map\u00e1ch Google, a z\u00fa\u017eili jsme jej na 4 nejlep\u0161\u00ed.<\/p>\n<p>Za t\u00edmto \u00fa\u010delem jsme odstranili v\u0161echny spole\u010dnosti, kter\u00e9:<\/p>\n<ul>\n<li> Nem\u011bl \u017e\u00e1dn\u00e9 webov\u00e9 str\u00e1nky<\/li>\n<li> Nem\u011bl \u017e\u00e1dn\u00e9 recenze<\/li>\n<li> Pr\u016fm\u011brn\u00e9 hodnocen\u00ed ni\u017e\u0161\u00ed ne\u017e 2,0<\/li>\n<\/ul>\n<p>Pokud jsme v tomto okam\u017eiku m\u011bli 17 nebo m\u00e9n\u011b dopravc\u016f, uvedli jsme v\u0161echny.<\/p>\n<p>U m\u011bst, kde n\u00e1m z\u016fstalo v\u00edce ne\u017e 17 odes\u00edlatel\u016f, jsme provedli dal\u0161\u00ed revize bu\u010f zv\u00fd\u0161en\u00edm po\u017eadovan\u00e9ho po\u010dtu recenz\u00ed (nap\u0159. z minim\u00e1ln\u00edho po\u010dtu 2,0 na 4,0) a\/nebo zv\u00fd\u0161en\u00edm minim\u00e1ln\u00edho po\u010dtu po\u017eadovan\u00fdch recenz\u00ed (nap\u0159. z alespo\u0148 1 recenze na alespo\u0148 10).<\/p>\n<p>V\u0161imn\u011bte si, \u017ee jsme pou\u017eili pouze \u00fadaje o hodnocen\u00ed z Map Google, nikoli z jin\u00fdch webov\u00fdch str\u00e1nek t\u0159et\u00edch stran.<\/p>\n<p>Dal\u0161\u00ed m\u011bsta:<\/p>\n<p><a href=\"https:\/\/moverdb.com\/cs\/spedice\/freight-forwarding-uk\/grimsby-freight-forwarder\/\">Spedice Grimsby<\/a><br \/><a href=\"https:\/\/moverdb.com\/cs\/spedice\/freight-forwarding-uk\/cardiff-freight-forwarder\/\">Spedice Cardiff<\/a><br \/><a href=\"https:\/\/moverdb.com\/cs\/spedice\/freight-forwarding-uk\/luton-freight-forwarder\/\">Spedice Luton<\/a><br \/><a href=\"https:\/\/moverdb.com\/cs\/spedice\/freight-forwarding-uk\/milton-keynes-freight-forwarder\/\">Spedice Milton Keynes<\/a><br \/><a href=\"https:\/\/moverdb.com\/cs\/spedice\/freight-forwarding-uk\/aberdeen-freight-forwarder\/\">Spedice Aberdeen<\/a><\/p>","protected":false},"excerpt":{"rendered":"<p>Below we look at the 4 &#8220;best&#8221; Freight Forwarding companies in Warrington out of 13. To learn more about how we chose the best please consult our FAQ section at the end. Please not the following listings are in no particular order and we are not making any recommendations for any particular company. John K [&hellip;]<\/p>\n","protected":false},"author":1,"featured_media":0,"parent":13427,"menu_order":0,"comment_status":"open","ping_status":"open","template":"","meta":{"_genesis_hide_title":false,"_genesis_hide_breadcrumbs":false,"_genesis_hide_singular_image":false,"_genesis_hide_footer_widgets":false,"_genesis_custom_body_class":"","_genesis_custom_post_class":"","_genesis_layout":"","footnotes":""},"class_list":{"0":"post-13907","1":"page","2":"type-page","3":"status-publish","5":"entry"},"_links":{"self":[{"href":"https:\/\/moverdb.com\/cs\/wp-json\/wp\/v2\/pages\/13907","targetHints":{"allow":["GET"]}}],"collection":[{"href":"https:\/\/moverdb.com\/cs\/wp-json\/wp\/v2\/pages"}],"about":[{"href":"https:\/\/moverdb.com\/cs\/wp-json\/wp\/v2\/types\/page"}],"author":[{"embeddable":true,"href":"https:\/\/moverdb.com\/cs\/wp-json\/wp\/v2\/users\/1"}],"replies":[{"embeddable":true,"href":"https:\/\/moverdb.com\/cs\/wp-json\/wp\/v2\/comments?post=13907"}],"version-history":[{"count":1,"href":"https:\/\/moverdb.com\/cs\/wp-json\/wp\/v2\/pages\/13907\/revisions"}],"predecessor-version":[{"id":15789,"href":"https:\/\/moverdb.com\/cs\/wp-json\/wp\/v2\/pages\/13907\/revisions\/15789"}],"up":[{"embeddable":true,"href":"https:\/\/moverdb.com\/cs\/wp-json\/wp\/v2\/pages\/13427"}],"wp:attachment":[{"href":"https:\/\/moverdb.com\/cs\/wp-json\/wp\/v2\/media?parent=13907"}],"curies":[{"name":"wp","href":"https:\/\/api.w.org\/{rel}","templated":true}]}}