{"id":13893,"date":"2023-11-08T15:53:26","date_gmt":"2023-11-08T15:53:26","guid":{"rendered":"https:\/\/moverdb.com\/freight-forwarder\/freight-forwarding-uk\/nottingham-freight-forwarder\/"},"modified":"2026-01-08T13:17:55","modified_gmt":"2026-01-08T13:17:55","slug":"nottingham-freight-forwarder","status":"publish","type":"page","link":"https:\/\/moverdb.com\/cs\/freight-forwarder\/freight-forwarding-uk\/nottingham-freight-forwarder\/","title":{"rendered":"4 nejlep\u0161\u00ed spedi\u010dn\u00ed spole\u010dnosti v Nottinghamu (2024)"},"content":{"rendered":"<p>N\u00ed\u017ee se pod\u00edv\u00e1me na 4 <em>\"nejlep\u0161\u00ed\"<\/em> Spedi\u010dn\u00ed firmy v Nottinghamu z 11.<\/p>\n<p>Chcete-li se dozv\u011bd\u011bt v\u00edce o tom, jak jsme vyb\u00edrali ty nejlep\u0161\u00ed, pod\u00edvejte se do sekce \u010casto kladen\u00e9 dotazy na konci.<\/p>\n<p><em>Upozor\u0148ujeme, \u017ee n\u00e1sleduj\u00edc\u00ed seznamy nejsou \u0159azeny v \u017e\u00e1dn\u00e9m konkr\u00e9tn\u00edm po\u0159ad\u00ed a nedoporu\u010dujeme \u017e\u00e1dnou konkr\u00e9tn\u00ed spole\u010dnost.<\/em><\/p>\n<div id=\"ez-toc-container\" class=\"ez-toc-v2_0_82_2 ez-toc-wrap-left counter-hierarchy ez-toc-counter ez-toc-transparent ez-toc-container-direction\">\n<div class=\"ez-toc-title-container\">\n<p class=\"ez-toc-title\" style=\"cursor:inherit\">Sekce<\/p>\n<span class=\"ez-toc-title-toggle\"><a href=\"#\" class=\"ez-toc-pull-right ez-toc-btn ez-toc-btn-xs ez-toc-btn-default ez-toc-toggle\" aria-label=\"P\u0159epnut\u00ed tabulky obsahu\"><span class=\"ez-toc-js-icon-con\"><span class=\"\"><span class=\"eztoc-hide\" style=\"display:none;\">P\u0159ep\u00edna\u010d<\/span><span class=\"ez-toc-icon-toggle-span\"><svg style=\"fill: #999;color:#999\" xmlns=\"http:\/\/www.w3.org\/2000\/svg\" class=\"list-377408\" width=\"20px\" height=\"20px\" viewbox=\"0 0 24 24\" fill=\"none\"><path d=\"M6 6H4v2h2V6zm14 0H8v2h12V6zM4 11h2v2H4v-2zm16 0H8v2h12v-2zM4 16h2v2H4v-2zm16 0H8v2h12v-2z\" fill=\"currentColor\"><\/path><\/svg><svg style=\"fill: #999;color:#999\" class=\"arrow-unsorted-368013\" xmlns=\"http:\/\/www.w3.org\/2000\/svg\" width=\"10px\" height=\"10px\" viewbox=\"0 0 24 24\" version=\"1.2\" baseprofile=\"tiny\"><path d=\"M18.2 9.3l-6.2-6.3-6.2 6.3c-.2.2-.3.4-.3.7s.1.5.3.7c.2.2.4.3.7.3h11c.3 0 .5-.1.7-.3.2-.2.3-.5.3-.7s-.1-.5-.3-.7zM5.8 14.7l6.2 6.3 6.2-6.3c.2-.2.3-.5.3-.7s-.1-.5-.3-.7c-.2-.2-.4-.3-.7-.3h-11c-.3 0-.5.1-.7.3-.2.2-.3.5-.3.7s.1.5.3.7z\"\/><\/svg><\/span><\/span><\/span><\/a><\/span><\/div>\n<nav><ul class='ez-toc-list ez-toc-list-level-1 eztoc-toggle-hide-by-default' ><li class='ez-toc-page-1 ez-toc-heading-level-2'><a class=\"ez-toc-link ez-toc-heading-1\" href=\"https:\/\/moverdb.com\/cs\/freight-forwarder\/freight-forwarding-uk\/nottingham-freight-forwarder\/#Transatlantic_Shipping_Ltd_incorporating_TransAtlantic_Line_UK_Ltd\" >Transatlantic Shipping Ltd (zahrnuj\u00edc\u00ed spole\u010dnost TransAtlantic Line UK Ltd)<\/a><\/li><li class='ez-toc-page-1 ez-toc-heading-level-2'><a class=\"ez-toc-link ez-toc-heading-2\" href=\"https:\/\/moverdb.com\/cs\/freight-forwarder\/freight-forwarding-uk\/nottingham-freight-forwarder\/#Energy_Freight_Forwarding_Limited\" >Energy Freight Forwarding Limited<\/a><\/li><li class='ez-toc-page-1 ez-toc-heading-level-2'><a class=\"ez-toc-link ez-toc-heading-3\" href=\"https:\/\/moverdb.com\/cs\/freight-forwarder\/freight-forwarding-uk\/nottingham-freight-forwarder\/#Page_Freight_Services\" >Str\u00e1nka N\u00e1kladn\u00ed doprava<\/a><\/li><li class='ez-toc-page-1 ez-toc-heading-level-2'><a class=\"ez-toc-link ez-toc-heading-4\" href=\"https:\/\/moverdb.com\/cs\/freight-forwarder\/freight-forwarding-uk\/nottingham-freight-forwarder\/#Baxter_Freight_Ltd\" >Baxter Freight Ltd<\/a><\/li><li class='ez-toc-page-1 ez-toc-heading-level-2'><a class=\"ez-toc-link ez-toc-heading-5\" href=\"https:\/\/moverdb.com\/cs\/freight-forwarder\/freight-forwarding-uk\/nottingham-freight-forwarder\/#How_we_picked_the_best_Nottingham_Freight_Forwarding_Companies\" >Jak jsme vybrali nejlep\u0161\u00ed spedi\u010dn\u00ed spole\u010dnosti v Nottinghamu<\/a><\/li><\/ul><\/nav><\/div>\n<h2><span class=\"ez-toc-section\" id=\"Transatlantic_Shipping_Ltd_incorporating_TransAtlantic_Line_UK_Ltd\"><\/span>Transatlantic Shipping Ltd (zahrnuj\u00edc\u00ed spole\u010dnost TransAtlantic Line UK Ltd)<span class=\"ez-toc-section-end\"><\/span><\/h2>\n<p><img decoding=\"async\" src=\"https:\/\/moverdb.com\/wp-content\/uploads\/thumbnailpanoidL1AeGUQ4uasBSZ4JikVVRgcb_clientsearch.gws-prod.gpsw408h240yaw336.jpg\" alt='Transatlantic Shipping Ltd (zahrnuj\u00edc\u00ed spole\u010dnost TransAtlantic Line UK Ltd)' class=\"aligncenter\"><\/p>\n<p><strong>Popis z podniku: <\/strong>Nebylo poskytnuto<\/p>\n<p><strong>Dal\u0161\u00ed slu\u017eby:<\/strong><\/p>\n<p>Celn\u00ed zprost\u0159edkovatel<\/p>\n<p>P\u0159epravn\u00ed slu\u017eba<\/p>\n<p><strong>Adresa:<\/strong> Unit 11, Ash Court, Engine Ln, Newthorpe, Nottingham NG16 3RP<\/p>\n<p><a href=\"http:\/\/www.transatlantic-shipping.co.uk\/\" target=\"_new\" rel=\"noopener\">Webov\u00e9 str\u00e1nky spole\u010dnosti Transatlantic Shipping Ltd (zahrnuj\u00edc\u00ed spole\u010dnost TransAtlantic Line UK Ltd)<\/a><\/p>\n<p><strong>Hodnocen\u00ed: <\/strong>4.6<br \/> <strong>Po\u010det recenz\u00ed:<\/strong> 9<br \/><a href=\"https:\/\/www.google.co.uk\/maps?cid=1290499519586239723&#038;hl=en&#038;gl=GB\" target=\"_new\" rel=\"noopener\">P\u0159e\u010dt\u011bte si recenze<\/a><\/p>\n<h2><span class=\"ez-toc-section\" id=\"Energy_Freight_Forwarding_Limited\"><\/span>Energy Freight Forwarding Limited<span class=\"ez-toc-section-end\"><\/span><\/h2>\n<p><img decoding=\"async\" src=\"https:\/\/moverdb.com\/wp-content\/uploads\/thumbnailpanoidt7LKqqAIOdMupRxAYDsdaAcb_clientsearch.gws-prod.gpsw408h240yaw124.jpg\" alt='Energy Freight Forwarding Limited' class=\"aligncenter\"><\/p>\n<p><strong>Popis z podniku: <\/strong>Nebylo poskytnuto<\/p>\n<p><strong>Dal\u0161\u00ed slu\u017eby:<\/strong><\/p>\n<p>\u017d\u00e1dn\u00fd nen\u00ed uveden<\/p>\n<p><strong>Adresa:<\/strong> Cemetery Walk, Eastwood, Nottingham NG16 3TU<\/p>\n<p><a href=\"https:\/\/www.energy-freight.com\/\" target=\"_new\" rel=\"noopener\">Webov\u00e9 str\u00e1nky spole\u010dnosti Energy Freight Forwarding Limited<\/a><\/p>\n<p><strong>Hodnocen\u00ed: <\/strong>5<br \/> <strong>Po\u010det recenz\u00ed:<\/strong> 1<br \/><a href=\"https:\/\/www.google.co.uk\/maps?cid=4179558663476636128&#038;hl=en&#038;gl=GB\" target=\"_new\" rel=\"noopener\">P\u0159e\u010dt\u011bte si recenze<\/a><\/p>\n<h2><span class=\"ez-toc-section\" id=\"Page_Freight_Services\"><\/span>Str\u00e1nka N\u00e1kladn\u00ed doprava<span class=\"ez-toc-section-end\"><\/span><\/h2>\n<p><img decoding=\"async\" src=\"https:\/\/moverdb.com\/wp-content\/uploads\/thumbnailpanoidO0zddtK-cDwYcujmDuaDvAcb_clientsearch.gws-prod.gpsw408h240yaw124.jpg\" alt='Str\u00e1nka N\u00e1kladn\u00ed doprava' class=\"aligncenter\"><\/p>\n<p><strong>Popis z podniku: <\/strong>Page Freight Services m\u00e1 schopnosti a zku\u0161enosti, aby splnila v\u0161echny va\u0161e pot\u0159eby v oblasti distribuce z\u00e1silek, a\u0165 u\u017e se jedn\u00e1 o celosv\u011btov\u00e9 nebo evropsk\u00e9 z\u00e1silky, <a href=\"https:\/\/moverdb.com\/cs\/moving-to-the-uk\/\" data-internallinksmanager029f6b8e52c=\"93\" title=\"St\u011bhujete se do Spojen\u00e9ho kr\u00e1lovstv\u00ed? 2022 \u017divotn\u00ed n\u00e1klady a tipy na st\u011bhov\u00e1n\u00ed\">UK<\/a> nebo m\u00edstn\u00ed v Nottinghamu.<\/p>\n<p> Poskytujeme komplexn\u00ed slu\u017eby, od skladov\u00e1n\u00ed a uskladn\u011bn\u00ed p\u0159es kompletaci a balen\u00ed a\u017e po doru\u010den\u00ed na m\u00edsto ur\u010den\u00ed.<\/p>\n<p> D\u00edky na\u0161\u00ed vysok\u00e9 \u00farovni m\u00edstn\u00edho z\u00e1kaznick\u00e9ho servisu se nav\u00edc m\u016f\u017eete soust\u0159edit na provoz sv\u00e9ho podniku s v\u011bdom\u00edm, \u017ee je v\u00e1\u0161 bal\u00ed\u010dek v dobr\u00fdch rukou.<\/p>\n<p><strong>Dal\u0161\u00ed slu\u017eby:<\/strong><\/p>\n<p>\u017d\u00e1dn\u00fd nen\u00ed uveden<\/p>\n<p><strong>Adresa:<\/strong> S\u00eddlo spole\u010dnosti, 2 Ernest Rd, Carlton, Nottingham NG4 1JU<\/p>\n<p><a href=\"https:\/\/pagefreight.co.uk\/\" target=\"_new\" rel=\"noopener\">Webov\u00e9 str\u00e1nky Page Freight Services<\/a><\/p>\n<p><strong>Hodnocen\u00ed: <\/strong>5<br \/> <strong>Po\u010det recenz\u00ed:<\/strong> 2<br \/><a href=\"https:\/\/www.google.co.uk\/maps?cid=13782312718122494679&#038;hl=en&#038;gl=GB\" target=\"_new\" rel=\"noopener\">P\u0159e\u010dt\u011bte si recenze<\/a><\/p>\n<h2><span class=\"ez-toc-section\" id=\"Baxter_Freight_Ltd\"><\/span>Baxter Freight Ltd<span class=\"ez-toc-section-end\"><\/span><\/h2>\n<p><img decoding=\"async\" src=\"https:\/\/moverdb.com\/wp-content\/uploads\/AF1QipN-2cmmjLatV4B4ljscxN907XUMvbVpf1qLuiE6w408-h272-k-no.jpg\" alt='Baxter Freight Ltd' class=\"aligncenter\"><\/p>\n<p><strong>Popis z podniku: <\/strong>Jsme poskytovatel logistick\u00fdch slu\u017eeb zam\u011b\u0159en\u00fd na z\u00e1kazn\u00edky se s\u00eddlem ve Velk\u00e9 Brit\u00e1nii.<\/p>\n<p> Specializujeme se na p\u0159epravu va\u0161eho zbo\u017e\u00ed z bodu A do bodu B, a\u0165 u\u017e po silnici, \u017eeleznici, po mo\u0159i nebo po nebi, a to co nejefektivn\u011bj\u0161\u00edm zp\u016fsobem a s co nejni\u017e\u0161\u00edmi n\u00e1klady.<\/p>\n<p> Na\u0161i specializovan\u00ed account mana\u017ee\u0159i poskytuj\u00ed osobn\u00ed slu\u017eby s glob\u00e1ln\u00edm dosahem a vyu\u017e\u00edvaj\u00ed na\u0161e partnerstv\u00ed se spole\u010dnostmi DHL Freight a Gerlach Customs k vytvo\u0159en\u00ed kompletn\u00edho logistick\u00e9ho \u0159e\u0161en\u00ed.<\/p>\n<p> Kombinujeme slu\u017eby z\u00e1kazn\u00edk\u016fm s rozs\u00e1hlou s\u00edt\u00ed silni\u010dn\u00ed n\u00e1kladn\u00ed dopravy a \u0161pi\u010dkov\u00fdmi celn\u00edmi slu\u017ebami.<\/p>\n<p> Jsme tak\u00e9 akreditovan\u00ed AEO a m\u00e1me vlastn\u00ed celn\u00ed experty.<\/p>\n<p><strong>Dal\u0161\u00ed slu\u017eby:<\/strong><\/p>\n<p>\u017d\u00e1dn\u00fd nen\u00ed uveden<\/p>\n<p><strong>Adresa:<\/strong> Abbeyfield Court, Abbott House, Abbeyfield Rd, Nottingham NG7 2SZ<\/p>\n<p><a href=\"https:\/\/baxterfreight.com\/\" target=\"_new\" rel=\"noopener\">Webov\u00e9 str\u00e1nky spole\u010dnosti Baxter Freight Ltd<\/a><\/p>\n<p><strong>Hodnocen\u00ed: <\/strong>3.8<br \/> <strong>Po\u010det recenz\u00ed:<\/strong> 19<br \/><a href=\"https:\/\/www.google.co.uk\/maps?cid=9037623678773980102&#038;hl=en&#038;gl=GB\" target=\"_new\" rel=\"noopener\">P\u0159e\u010dt\u011bte si recenze<\/a><\/p>\n<h2><span class=\"ez-toc-section\" id=\"How_we_picked_the_best_Nottingham_Freight_Forwarding_Companies\"><\/span>Jak jsme vybrali nejlep\u0161\u00ed spedi\u010dn\u00ed spole\u010dnosti v Nottinghamu<span class=\"ez-toc-section-end\"><\/span><\/h2>\n<p>Vych\u00e1zeli jsme ze souboru dat 11 nottinghamsk\u00fdch spedi\u010dn\u00edch spole\u010dnost\u00ed, kter\u00e9 jsme na\u0161li na Map\u00e1ch Google, a z\u00fa\u017eili jsme jej na 4 nejlep\u0161\u00ed.<\/p>\n<p>Za t\u00edmto \u00fa\u010delem jsme odstranili v\u0161echny spole\u010dnosti, kter\u00e9:<\/p>\n<ul>\n<li> Nem\u011bl \u017e\u00e1dn\u00e9 webov\u00e9 str\u00e1nky<\/li>\n<li> Nem\u011bl \u017e\u00e1dn\u00e9 recenze<\/li>\n<li> Pr\u016fm\u011brn\u00e9 hodnocen\u00ed ni\u017e\u0161\u00ed ne\u017e 2,0<\/li>\n<\/ul>\n<p>Pokud jsme v tomto okam\u017eiku m\u011bli 17 nebo m\u00e9n\u011b dopravc\u016f, uvedli jsme v\u0161echny.<\/p>\n<p>U m\u011bst, kde n\u00e1m z\u016fstalo v\u00edce ne\u017e 17 odes\u00edlatel\u016f, jsme provedli dal\u0161\u00ed revize bu\u010f zv\u00fd\u0161en\u00edm po\u017eadovan\u00e9ho po\u010dtu recenz\u00ed (nap\u0159. z minim\u00e1ln\u00edho po\u010dtu 2,0 na 4,0) a\/nebo zv\u00fd\u0161en\u00edm minim\u00e1ln\u00edho po\u010dtu po\u017eadovan\u00fdch recenz\u00ed (nap\u0159. z alespo\u0148 1 recenze na alespo\u0148 10).<\/p>\n<p>V\u0161imn\u011bte si, \u017ee jsme pou\u017eili pouze \u00fadaje o hodnocen\u00ed z Map Google, nikoli z jin\u00fdch webov\u00fdch str\u00e1nek t\u0159et\u00edch stran.<\/p>\n<p>Dal\u0161\u00ed m\u011bsta:<\/p>\n<p><a href=\"https:\/\/moverdb.com\/cs\/spedice\/freight-forwarding-uk\/rotherham-freight-forwarder\/\">Spedice Rotherham<\/a><br \/><a href=\"https:\/\/moverdb.com\/cs\/spedice\/freight-forwarding-uk\/crawley-freight-forwarder\/\">Spedice Crawley<\/a><br \/><a href=\"https:\/\/moverdb.com\/cs\/spedice\/freight-forwarding-uk\/warrington-freight-forwarder\/\">Spedice Warrington<\/a><br \/><a href=\"https:\/\/moverdb.com\/cs\/spedice\/freight-forwarding-uk\/grimsby-freight-forwarder\/\">Spedice Grimsby<\/a><br \/><a href=\"https:\/\/moverdb.com\/cs\/spedice\/freight-forwarding-uk\/cardiff-freight-forwarder\/\">Spedice Cardiff<\/a><\/p>","protected":false},"excerpt":{"rendered":"<p>Below we look at the 4 &#8220;best&#8221; Freight Forwarding companies in Nottingham out of 11. To learn more about how we chose the best please consult our FAQ section at the end. Please not the following listings are in no particular order and we are not making any recommendations for any particular company. Transatlantic Shipping [&hellip;]<\/p>\n","protected":false},"author":1,"featured_media":0,"parent":13427,"menu_order":0,"comment_status":"open","ping_status":"open","template":"","meta":{"_genesis_hide_title":false,"_genesis_hide_breadcrumbs":false,"_genesis_hide_singular_image":false,"_genesis_hide_footer_widgets":false,"_genesis_custom_body_class":"","_genesis_custom_post_class":"","_genesis_layout":"","footnotes":""},"class_list":{"0":"post-13893","1":"page","2":"type-page","3":"status-publish","5":"entry"},"_links":{"self":[{"href":"https:\/\/moverdb.com\/cs\/wp-json\/wp\/v2\/pages\/13893","targetHints":{"allow":["GET"]}}],"collection":[{"href":"https:\/\/moverdb.com\/cs\/wp-json\/wp\/v2\/pages"}],"about":[{"href":"https:\/\/moverdb.com\/cs\/wp-json\/wp\/v2\/types\/page"}],"author":[{"embeddable":true,"href":"https:\/\/moverdb.com\/cs\/wp-json\/wp\/v2\/users\/1"}],"replies":[{"embeddable":true,"href":"https:\/\/moverdb.com\/cs\/wp-json\/wp\/v2\/comments?post=13893"}],"version-history":[{"count":1,"href":"https:\/\/moverdb.com\/cs\/wp-json\/wp\/v2\/pages\/13893\/revisions"}],"predecessor-version":[{"id":15787,"href":"https:\/\/moverdb.com\/cs\/wp-json\/wp\/v2\/pages\/13893\/revisions\/15787"}],"up":[{"embeddable":true,"href":"https:\/\/moverdb.com\/cs\/wp-json\/wp\/v2\/pages\/13427"}],"wp:attachment":[{"href":"https:\/\/moverdb.com\/cs\/wp-json\/wp\/v2\/media?parent=13893"}],"curies":[{"name":"wp","href":"https:\/\/api.w.org\/{rel}","templated":true}]}}