{"id":13883,"date":"2023-11-08T15:53:26","date_gmt":"2023-11-08T15:53:26","guid":{"rendered":"https:\/\/moverdb.com\/freight-forwarder\/freight-forwarding-uk\/gravesend-freight-forwarder\/"},"modified":"2026-01-08T13:18:00","modified_gmt":"2026-01-08T13:18:00","slug":"gravesend-freight-forwarder","status":"publish","type":"page","link":"https:\/\/moverdb.com\/cs\/freight-forwarder\/freight-forwarding-uk\/gravesend-freight-forwarder\/","title":{"rendered":"5 nejlep\u0161\u00edch spedi\u010dn\u00edch firem v Gravesendu (2024)"},"content":{"rendered":"<p>N\u00ed\u017ee se pod\u00edv\u00e1me na 5 <em>\"nejlep\u0161\u00ed\"<\/em> Spedi\u010dn\u00ed firmy v Gravesendu z 8.<\/p>\n<p>Chcete-li se dozv\u011bd\u011bt v\u00edce o tom, jak jsme vyb\u00edrali ty nejlep\u0161\u00ed, pod\u00edvejte se do sekce \u010casto kladen\u00e9 dotazy na konci.<\/p>\n<p><em>Upozor\u0148ujeme, \u017ee n\u00e1sleduj\u00edc\u00ed seznamy nejsou \u0159azeny v \u017e\u00e1dn\u00e9m konkr\u00e9tn\u00edm po\u0159ad\u00ed a nedoporu\u010dujeme \u017e\u00e1dnou konkr\u00e9tn\u00ed spole\u010dnost.<\/em><\/p>\n<div id=\"ez-toc-container\" class=\"ez-toc-v2_0_82_2 ez-toc-wrap-left counter-hierarchy ez-toc-counter ez-toc-transparent ez-toc-container-direction\">\n<div class=\"ez-toc-title-container\">\n<p class=\"ez-toc-title\" style=\"cursor:inherit\">Sekce<\/p>\n<span class=\"ez-toc-title-toggle\"><a href=\"#\" class=\"ez-toc-pull-right ez-toc-btn ez-toc-btn-xs ez-toc-btn-default ez-toc-toggle\" aria-label=\"P\u0159epnut\u00ed tabulky obsahu\"><span class=\"ez-toc-js-icon-con\"><span class=\"\"><span class=\"eztoc-hide\" style=\"display:none;\">P\u0159ep\u00edna\u010d<\/span><span class=\"ez-toc-icon-toggle-span\"><svg style=\"fill: #999;color:#999\" xmlns=\"http:\/\/www.w3.org\/2000\/svg\" class=\"list-377408\" width=\"20px\" height=\"20px\" viewbox=\"0 0 24 24\" fill=\"none\"><path d=\"M6 6H4v2h2V6zm14 0H8v2h12V6zM4 11h2v2H4v-2zm16 0H8v2h12v-2zM4 16h2v2H4v-2zm16 0H8v2h12v-2z\" fill=\"currentColor\"><\/path><\/svg><svg style=\"fill: #999;color:#999\" class=\"arrow-unsorted-368013\" xmlns=\"http:\/\/www.w3.org\/2000\/svg\" width=\"10px\" height=\"10px\" viewbox=\"0 0 24 24\" version=\"1.2\" baseprofile=\"tiny\"><path d=\"M18.2 9.3l-6.2-6.3-6.2 6.3c-.2.2-.3.4-.3.7s.1.5.3.7c.2.2.4.3.7.3h11c.3 0 .5-.1.7-.3.2-.2.3-.5.3-.7s-.1-.5-.3-.7zM5.8 14.7l6.2 6.3 6.2-6.3c.2-.2.3-.5.3-.7s-.1-.5-.3-.7c-.2-.2-.4-.3-.7-.3h-11c-.3 0-.5.1-.7.3-.2.2-.3.5-.3.7s.1.5.3.7z\"\/><\/svg><\/span><\/span><\/span><\/a><\/span><\/div>\n<nav><ul class='ez-toc-list ez-toc-list-level-1 eztoc-toggle-hide-by-default' ><li class='ez-toc-page-1 ez-toc-heading-level-2'><a class=\"ez-toc-link ez-toc-heading-1\" href=\"https:\/\/moverdb.com\/cs\/freight-forwarder\/freight-forwarding-uk\/gravesend-freight-forwarder\/#D_B_Schenker\" >D B Schenker<\/a><\/li><li class='ez-toc-page-1 ez-toc-heading-level-2'><a class=\"ez-toc-link ez-toc-heading-2\" href=\"https:\/\/moverdb.com\/cs\/freight-forwarder\/freight-forwarding-uk\/gravesend-freight-forwarder\/#CCT_WORLDWIDE\" >CCT WORLDWIDE<\/a><\/li><li class='ez-toc-page-1 ez-toc-heading-level-2'><a class=\"ez-toc-link ez-toc-heading-3\" href=\"https:\/\/moverdb.com\/cs\/freight-forwarder\/freight-forwarding-uk\/gravesend-freight-forwarder\/#ACC_Shipping_Ltd\" >ACC Shipping Ltd<\/a><\/li><li class='ez-toc-page-1 ez-toc-heading-level-2'><a class=\"ez-toc-link ez-toc-heading-4\" href=\"https:\/\/moverdb.com\/cs\/freight-forwarder\/freight-forwarding-uk\/gravesend-freight-forwarder\/#Wavecrest_Limited\" >Wavecrest Limited<\/a><\/li><li class='ez-toc-page-1 ez-toc-heading-level-2'><a class=\"ez-toc-link ez-toc-heading-5\" href=\"https:\/\/moverdb.com\/cs\/freight-forwarder\/freight-forwarding-uk\/gravesend-freight-forwarder\/#UCARGO_LLP\" >UCARGO LLP<\/a><\/li><li class='ez-toc-page-1 ez-toc-heading-level-2'><a class=\"ez-toc-link ez-toc-heading-6\" href=\"https:\/\/moverdb.com\/cs\/freight-forwarder\/freight-forwarding-uk\/gravesend-freight-forwarder\/#How_we_picked_the_best_Gravesend_Freight_Forwarding_Companies\" >Jak jsme vybrali nejlep\u0161\u00ed spedi\u010dn\u00ed spole\u010dnosti z Gravesendu<\/a><\/li><\/ul><\/nav><\/div>\n<h2><span class=\"ez-toc-section\" id=\"D_B_Schenker\"><\/span>D B Schenker<span class=\"ez-toc-section-end\"><\/span><\/h2>\n<p><img decoding=\"async\" src=\"https:\/\/moverdb.com\/wp-content\/uploads\/thumbnailpanoid-y-hS9BPV4GylrYu-i_HOwcb_clientsearch.gws-prod.gpsw408h240yaw30.jpg\" alt='D B Schenker' class=\"aligncenter\"><\/p>\n<p><strong>Popis z podniku: <\/strong>Nebylo poskytnuto<\/p>\n<p><strong>Dal\u0161\u00ed slu\u017eby:<\/strong><\/p>\n<p>\u017d\u00e1dn\u00fd nen\u00ed uveden<\/p>\n<p><strong>Adresa:<\/strong> Queens Farm Road, Shorne, Gravesend DA12 3HU<\/p>\n<p><a href=\"https:\/\/www.dbschenker.com\/\" target=\"_new\" rel=\"noopener\">Webov\u00e9 str\u00e1nky spole\u010dnosti D B Schenker<\/a><\/p>\n<p><strong>Hodnocen\u00ed: <\/strong>5<br \/> <strong>Po\u010det recenz\u00ed:<\/strong> 1<br \/><a href=\"https:\/\/www.google.co.uk\/maps?cid=5842292005060833371&#038;hl=en&#038;gl=GB\" target=\"_new\" rel=\"noopener\">P\u0159e\u010dt\u011bte si recenze<\/a><\/p>\n<h2><span class=\"ez-toc-section\" id=\"CCT_WORLDWIDE\"><\/span>CCT WORLDWIDE<span class=\"ez-toc-section-end\"><\/span><\/h2>\n<p><img decoding=\"async\" src=\"https:\/\/moverdb.com\/wp-content\/uploads\/thumbnailpanoidYbqMLXogDJ4fF-uLdDELqAcb_clientsearch.gws-prod.gpsw408h240yaw11.jpg\" alt='CCT WORLDWIDE' class=\"aligncenter\"><\/p>\n<p><strong>Popis z podniku: <\/strong>Nebylo poskytnuto<\/p>\n<p><strong>Dal\u0161\u00ed slu\u017eby:<\/strong><\/p>\n<p>\u017d\u00e1dn\u00fd nen\u00ed uveden<\/p>\n<p><strong>Adresa:<\/strong> 6 Mark Ln, Gravesend DA12 2QB<\/p>\n<p><a href=\"http:\/\/cctworldwidefreight.com\/\" target=\"_new\" rel=\"noopener\">Webov\u00e9 str\u00e1nky CCT WORLDWIDE<\/a><\/p>\n<p><strong>Hodnocen\u00ed: <\/strong>4.8<br \/> <strong>Po\u010det recenz\u00ed:<\/strong> 12<br \/><a href=\"https:\/\/www.google.co.uk\/maps?cid=2161637393031317298&#038;hl=en&#038;gl=GB\" target=\"_new\" rel=\"noopener\">P\u0159e\u010dt\u011bte si recenze<\/a><\/p>\n<h2><span class=\"ez-toc-section\" id=\"ACC_Shipping_Ltd\"><\/span>ACC Shipping Ltd<span class=\"ez-toc-section-end\"><\/span><\/h2>\n<p><img decoding=\"async\" src=\"https:\/\/moverdb.com\/wp-content\/uploads\/thumbnailpanoidZ7Sl4zV8TO71VNZunXSuxAcb_clientsearch.gws-prod.gpsw408h240yaw186.jpg\" alt='ACC Shipping Ltd' class=\"aligncenter\"><\/p>\n<p><strong>Popis z podniku: <\/strong>ACC Shipping Ltd je mezin\u00e1rodn\u00ed <a href=\"https:\/\/moverdb.com\/cs\/freight-forwarder\/\" data-internallinksmanager029f6b8e52c=\"17\" title=\"Mezin\u00e1rodn\u00ed spedice a NVOCC Pr\u016fvodce n\u00e1klady a spole\u010dnostmi\">Zas\u00edlatel<\/a>.<\/p>\n<p> Zab\u00fdv\u00e1me se p\u0159epravou hlubokomo\u0159sk\u00fdch a pevninsk\u00fdch evropsk\u00fdch z\u00e1silek FCL a LCL, leteckou a \u017eelezni\u010dn\u00ed p\u0159epravou.<\/p>\n<p><strong>Dal\u0161\u00ed slu\u017eby:<\/strong><\/p>\n<p>Dopravn\u00ed slu\u017eby<\/p>\n<p><strong>Adresa:<\/strong> A C C House, 43 The Terrace, Gravesend DA12 2BJ<\/p>\n<p><a href=\"http:\/\/www.accworldwide.com\/\" target=\"_new\" rel=\"noopener\">Webov\u00e9 str\u00e1nky spole\u010dnosti ACC Shipping Ltd<\/a><\/p>\n<p><strong>Hodnocen\u00ed: <\/strong>4.2<br \/> <strong>Po\u010det recenz\u00ed:<\/strong> 5<br \/><a href=\"https:\/\/www.google.co.uk\/maps?cid=3069493760395015002&#038;hl=en&#038;gl=GB\" target=\"_new\" rel=\"noopener\">P\u0159e\u010dt\u011bte si recenze<\/a><\/p>\n<h2><span class=\"ez-toc-section\" id=\"Wavecrest_Limited\"><\/span>Wavecrest Limited<span class=\"ez-toc-section-end\"><\/span><\/h2>\n<p><img decoding=\"async\" src=\"https:\/\/moverdb.com\/wp-content\/uploads\/AF1QipOFMpGtihGU98txzutpOAyQllra8Nev0P5r7BrAw408-h306-k-no.jpg\" alt='Wavecrest Limited' class=\"aligncenter\"><\/p>\n<p><strong>Popis z podniku: <\/strong>Nebylo poskytnuto<\/p>\n<p><strong>Dal\u0161\u00ed slu\u017eby:<\/strong><\/p>\n<p>Celn\u00ed zprost\u0159edkovatel<\/p>\n<p>Sklad<\/p>\n<p><strong>Adresa:<\/strong> Denton Wharf, Mark Ln, Gravesend DA12 2PL<\/p>\n<p><a href=\"http:\/\/www.wavecrest.co.uk\/\" target=\"_new\" rel=\"noopener\">Webov\u00e9 str\u00e1nky spole\u010dnosti Wavecrest Limited<\/a><\/p>\n<p><strong>Hodnocen\u00ed: <\/strong>3<br \/> <strong>Po\u010det recenz\u00ed:<\/strong> 3<br \/><a href=\"https:\/\/www.google.co.uk\/maps?cid=16271555082992288706&#038;hl=en&#038;gl=GB\" target=\"_new\" rel=\"noopener\">P\u0159e\u010dt\u011bte si recenze<\/a><\/p>\n<h2><span class=\"ez-toc-section\" id=\"UCARGO_LLP\"><\/span>UCARGO LLP<span class=\"ez-toc-section-end\"><\/span><\/h2>\n<p><img decoding=\"async\" src=\"https:\/\/moverdb.com\/wp-content\/uploads\/AF1QipNBN0_QfnwF6fv9OVsbpn4nML7S0GLkjz1Df8YKw408-h272-k-no.jpg\" alt='UCARGO LLP' class=\"aligncenter\"><\/p>\n<p><strong>Popis z podniku: <\/strong>Nebylo poskytnuto<\/p>\n<p><strong>Dal\u0161\u00ed slu\u017eby:<\/strong><\/p>\n<p>\u017d\u00e1dn\u00fd nen\u00ed uveden<\/p>\n<p><strong>Adresa:<\/strong> Third Floor, Windmill House, 129-130 Windmill St, Gravesend DA12 1BL<\/p>\n<p><a href=\"https:\/\/www.ucargo.co.uk\/\" target=\"_new\" rel=\"noopener\">Webov\u00e9 str\u00e1nky spole\u010dnosti UCARGO LLP<\/a><\/p>\n<p><strong>Hodnocen\u00ed: <\/strong>5<br \/> <strong>Po\u010det recenz\u00ed:<\/strong> 5<br \/><a href=\"https:\/\/www.google.co.uk\/maps?cid=344603648431299510&#038;hl=en&#038;gl=GB\" target=\"_new\" rel=\"noopener\">P\u0159e\u010dt\u011bte si recenze<\/a><\/p>\n<h2><span class=\"ez-toc-section\" id=\"How_we_picked_the_best_Gravesend_Freight_Forwarding_Companies\"><\/span>Jak jsme vybrali nejlep\u0161\u00ed spedi\u010dn\u00ed spole\u010dnosti z Gravesendu<span class=\"ez-toc-section-end\"><\/span><\/h2>\n<p>Vych\u00e1zeli jsme z datov\u00e9ho souboru 8 spedi\u010dn\u00edch firem z Gravesendu, kter\u00fd jsme na\u0161li na Map\u00e1ch Google, a z\u00fa\u017eili jsme ho na 5 nejlep\u0161\u00edch.<\/p>\n<p>Za t\u00edmto \u00fa\u010delem jsme odstranili v\u0161echny spole\u010dnosti, kter\u00e9:<\/p>\n<ul>\n<li> Nem\u011bl \u017e\u00e1dn\u00e9 webov\u00e9 str\u00e1nky<\/li>\n<li> Nem\u011bl \u017e\u00e1dn\u00e9 recenze<\/li>\n<li> Pr\u016fm\u011brn\u00e9 hodnocen\u00ed ni\u017e\u0161\u00ed ne\u017e 2,0<\/li>\n<\/ul>\n<p>Pokud jsme v tomto okam\u017eiku m\u011bli 17 nebo m\u00e9n\u011b dopravc\u016f, uvedli jsme v\u0161echny.<\/p>\n<p>U m\u011bst, kde n\u00e1m z\u016fstalo v\u00edce ne\u017e 17 odes\u00edlatel\u016f, jsme provedli dal\u0161\u00ed revize bu\u010f zv\u00fd\u0161en\u00edm po\u017eadovan\u00e9ho po\u010dtu recenz\u00ed (nap\u0159. z minim\u00e1ln\u00edho po\u010dtu 2,0 na 4,0) a\/nebo zv\u00fd\u0161en\u00edm minim\u00e1ln\u00edho po\u010dtu po\u017eadovan\u00fdch recenz\u00ed (nap\u0159. z alespo\u0148 1 recenze na alespo\u0148 10).<\/p>\n<p>V\u0161imn\u011bte si, \u017ee jsme pou\u017eili pouze \u00fadaje o hodnocen\u00ed z Map Google, nikoli z jin\u00fdch webov\u00fdch str\u00e1nek t\u0159et\u00edch stran.<\/p>\n<p>Dal\u0161\u00ed m\u011bsta:<\/p>\n<p><a href=\"https:\/\/moverdb.com\/cs\/spedice\/freight-forwarding-uk\/harrow-freight-forwarder\/\">Spedice Harrow<\/a><br \/><a href=\"https:\/\/moverdb.com\/cs\/spedice\/freight-forwarding-uk\/nottingham-freight-forwarder\/\">Nottinghamsk\u00fd spedit\u00e9r<\/a><br \/><a href=\"https:\/\/moverdb.com\/cs\/spedice\/freight-forwarding-uk\/rotherham-freight-forwarder\/\">Spedice Rotherham<\/a><br \/><a href=\"https:\/\/moverdb.com\/cs\/spedice\/freight-forwarding-uk\/crawley-freight-forwarder\/\">Spedice Crawley<\/a><br \/><a href=\"https:\/\/moverdb.com\/cs\/spedice\/freight-forwarding-uk\/warrington-freight-forwarder\/\">Spedice Warrington<\/a><\/p>","protected":false},"excerpt":{"rendered":"<p>Below we look at the 5 &#8220;best&#8221; Freight Forwarding companies in Gravesend out of 8. To learn more about how we chose the best please consult our FAQ section at the end. Please not the following listings are in no particular order and we are not making any recommendations for any particular company. D B [&hellip;]<\/p>\n","protected":false},"author":1,"featured_media":0,"parent":13427,"menu_order":0,"comment_status":"open","ping_status":"open","template":"","meta":{"_genesis_hide_title":false,"_genesis_hide_breadcrumbs":false,"_genesis_hide_singular_image":false,"_genesis_hide_footer_widgets":false,"_genesis_custom_body_class":"","_genesis_custom_post_class":"","_genesis_layout":"","footnotes":""},"class_list":{"0":"post-13883","1":"page","2":"type-page","3":"status-publish","5":"entry"},"_links":{"self":[{"href":"https:\/\/moverdb.com\/cs\/wp-json\/wp\/v2\/pages\/13883","targetHints":{"allow":["GET"]}}],"collection":[{"href":"https:\/\/moverdb.com\/cs\/wp-json\/wp\/v2\/pages"}],"about":[{"href":"https:\/\/moverdb.com\/cs\/wp-json\/wp\/v2\/types\/page"}],"author":[{"embeddable":true,"href":"https:\/\/moverdb.com\/cs\/wp-json\/wp\/v2\/users\/1"}],"replies":[{"embeddable":true,"href":"https:\/\/moverdb.com\/cs\/wp-json\/wp\/v2\/comments?post=13883"}],"version-history":[{"count":1,"href":"https:\/\/moverdb.com\/cs\/wp-json\/wp\/v2\/pages\/13883\/revisions"}],"predecessor-version":[{"id":15791,"href":"https:\/\/moverdb.com\/cs\/wp-json\/wp\/v2\/pages\/13883\/revisions\/15791"}],"up":[{"embeddable":true,"href":"https:\/\/moverdb.com\/cs\/wp-json\/wp\/v2\/pages\/13427"}],"wp:attachment":[{"href":"https:\/\/moverdb.com\/cs\/wp-json\/wp\/v2\/media?parent=13883"}],"curies":[{"name":"wp","href":"https:\/\/api.w.org\/{rel}","templated":true}]}}