{"id":13877,"date":"2023-11-08T15:52:42","date_gmt":"2023-11-08T15:52:42","guid":{"rendered":"https:\/\/moverdb.com\/freight-forwarder\/freight-forwarding-uk\/rainham-freight-forwarder\/"},"modified":"2026-01-08T13:18:01","modified_gmt":"2026-01-08T13:18:01","slug":"rainham-freight-forwarder","status":"publish","type":"page","link":"https:\/\/moverdb.com\/cs\/freight-forwarder\/freight-forwarding-uk\/rainham-freight-forwarder\/","title":{"rendered":"5 nejlep\u0161\u00edch spedi\u010dn\u00edch firem v Rainhamu (2024)"},"content":{"rendered":"<p>N\u00ed\u017ee se pod\u00edv\u00e1me na 5 <em>\"nejlep\u0161\u00ed\"<\/em> Spedi\u010dn\u00ed firmy v oboru Rainham z 12.<\/p>\n<p>Chcete-li se dozv\u011bd\u011bt v\u00edce o tom, jak jsme vyb\u00edrali ty nejlep\u0161\u00ed, pod\u00edvejte se do sekce \u010casto kladen\u00e9 dotazy na konci.<\/p>\n<p><em>Upozor\u0148ujeme, \u017ee n\u00e1sleduj\u00edc\u00ed seznamy nejsou \u0159azeny v \u017e\u00e1dn\u00e9m konkr\u00e9tn\u00edm po\u0159ad\u00ed a nedoporu\u010dujeme \u017e\u00e1dnou konkr\u00e9tn\u00ed spole\u010dnost.<\/em><\/p>\n<div id=\"ez-toc-container\" class=\"ez-toc-v2_0_82_2 ez-toc-wrap-left counter-hierarchy ez-toc-counter ez-toc-transparent ez-toc-container-direction\">\n<div class=\"ez-toc-title-container\">\n<p class=\"ez-toc-title\" style=\"cursor:inherit\">Sekce<\/p>\n<span class=\"ez-toc-title-toggle\"><a href=\"#\" class=\"ez-toc-pull-right ez-toc-btn ez-toc-btn-xs ez-toc-btn-default ez-toc-toggle\" aria-label=\"P\u0159epnut\u00ed tabulky obsahu\"><span class=\"ez-toc-js-icon-con\"><span class=\"\"><span class=\"eztoc-hide\" style=\"display:none;\">P\u0159ep\u00edna\u010d<\/span><span class=\"ez-toc-icon-toggle-span\"><svg style=\"fill: #999;color:#999\" xmlns=\"http:\/\/www.w3.org\/2000\/svg\" class=\"list-377408\" width=\"20px\" height=\"20px\" viewbox=\"0 0 24 24\" fill=\"none\"><path d=\"M6 6H4v2h2V6zm14 0H8v2h12V6zM4 11h2v2H4v-2zm16 0H8v2h12v-2zM4 16h2v2H4v-2zm16 0H8v2h12v-2z\" fill=\"currentColor\"><\/path><\/svg><svg style=\"fill: #999;color:#999\" class=\"arrow-unsorted-368013\" xmlns=\"http:\/\/www.w3.org\/2000\/svg\" width=\"10px\" height=\"10px\" viewbox=\"0 0 24 24\" version=\"1.2\" baseprofile=\"tiny\"><path d=\"M18.2 9.3l-6.2-6.3-6.2 6.3c-.2.2-.3.4-.3.7s.1.5.3.7c.2.2.4.3.7.3h11c.3 0 .5-.1.7-.3.2-.2.3-.5.3-.7s-.1-.5-.3-.7zM5.8 14.7l6.2 6.3 6.2-6.3c.2-.2.3-.5.3-.7s-.1-.5-.3-.7c-.2-.2-.4-.3-.7-.3h-11c-.3 0-.5.1-.7.3-.2.2-.3.5-.3.7s.1.5.3.7z\"\/><\/svg><\/span><\/span><\/span><\/a><\/span><\/div>\n<nav><ul class='ez-toc-list ez-toc-list-level-1 eztoc-toggle-hide-by-default' ><li class='ez-toc-page-1 ez-toc-heading-level-2'><a class=\"ez-toc-link ez-toc-heading-1\" href=\"https:\/\/moverdb.com\/cs\/freight-forwarder\/freight-forwarding-uk\/rainham-freight-forwarder\/#Mds_Cargo_Freight_Services\" >Mds Cargo Freight Services<\/a><\/li><li class='ez-toc-page-1 ez-toc-heading-level-2'><a class=\"ez-toc-link ez-toc-heading-2\" href=\"https:\/\/moverdb.com\/cs\/freight-forwarder\/freight-forwarding-uk\/rainham-freight-forwarder\/#Tanganyika_Export_Services_Ltd\" >Tanganyika Export Services Ltd<\/a><\/li><li class='ez-toc-page-1 ez-toc-heading-level-2'><a class=\"ez-toc-link ez-toc-heading-3\" href=\"https:\/\/moverdb.com\/cs\/freight-forwarder\/freight-forwarding-uk\/rainham-freight-forwarder\/#Delamode_Anglia\" >Delamode Anglia<\/a><\/li><li class='ez-toc-page-1 ez-toc-heading-level-2'><a class=\"ez-toc-link ez-toc-heading-4\" href=\"https:\/\/moverdb.com\/cs\/freight-forwarder\/freight-forwarding-uk\/rainham-freight-forwarder\/#Maximum_Logistics_ltd\" >Maximum Logistics ltd<\/a><\/li><li class='ez-toc-page-1 ez-toc-heading-level-2'><a class=\"ez-toc-link ez-toc-heading-5\" href=\"https:\/\/moverdb.com\/cs\/freight-forwarder\/freight-forwarding-uk\/rainham-freight-forwarder\/#Eagle_Cargo_Services_Ltd\" >Eagle Cargo Services Ltd<\/a><\/li><li class='ez-toc-page-1 ez-toc-heading-level-2'><a class=\"ez-toc-link ez-toc-heading-6\" href=\"https:\/\/moverdb.com\/cs\/freight-forwarder\/freight-forwarding-uk\/rainham-freight-forwarder\/#How_we_picked_the_best_Rainham_Freight_Forwarding_Companies\" >Jak jsme vybrali nejlep\u0161\u00ed spedi\u010dn\u00ed spole\u010dnosti v Rainhamu<\/a><\/li><\/ul><\/nav><\/div>\n<h2><span class=\"ez-toc-section\" id=\"Mds_Cargo_Freight_Services\"><\/span>Mds Cargo Freight Services<span class=\"ez-toc-section-end\"><\/span><\/h2>\n<p><img decoding=\"async\" src=\"https:\/\/moverdb.com\/wp-content\/uploads\/AF1QipNam006StLwo-uvfi2m6TlnqsgKrbZvBdoSX3P1w408-h544-k-no.jpg\" alt='Mds Cargo Freight Services' class=\"aligncenter\"><\/p>\n<p><strong>Popis z podniku: <\/strong>MDS Cargo je spedi\u010dn\u00ed slu\u017eba pro <a href=\"https:\/\/moverdb.com\/cs\/moving-companies\/moving-companies-nigeria\/\" data-internallinksmanager029f6b8e52c=\"280\" title=\"10 Nejlep\u0161\u00ed mezin\u00e1rodn\u00ed st\u011bhov\u00e1n\u00ed spole\u010dnosti v Nig\u00e9rii\">Nig\u00e9rie<\/a> , <a href=\"https:\/\/moverdb.com\/cs\/moving-companies\/moving-companies-ghana\/\" data-internallinksmanager029f6b8e52c=\"228\" title=\"2 Nejlep\u0161\u00ed mezin\u00e1rodn\u00ed st\u011bhovac\u00ed spole\u010dnosti v Ghan\u011b\">Ghana<\/a> a dal\u0161\u00edch africk\u00fdch zem\u00edch.<\/p>\n<p> Specializujeme se na dovoz a v\u00fdvoz zbo\u017e\u00ed z <a href=\"https:\/\/moverdb.com\/cs\/moving-to-the-uk\/\" data-internallinksmanager029f6b8e52c=\"93\" title=\"St\u011bhujete se do Spojen\u00e9ho kr\u00e1lovstv\u00ed? 2022 \u017divotn\u00ed n\u00e1klady a tipy na st\u011bhov\u00e1n\u00ed\">UK<\/a> , EU z\u00e1padoafrick\u00fdm zem\u00edm.<\/p>\n<p> M\u016f\u017eeme v\u00e1m pomoci s n\u00e1sleduj\u00edc\u00edmi slu\u017ebami;<br \/>\n1.<\/p>\n<p> Dovoz a v\u00fdvoz zbo\u017e\u00ed ze Spojen\u00e9ho kr\u00e1lovstv\u00ed EU do Nig\u00e9rie a Ghany leteckou a n\u00e1mo\u0159n\u00ed dopravou.<\/p>\n<p> Na\u0161e n\u00e1mo\u0159n\u00ed p\u0159eprava se uskute\u010d\u0148uje jednou m\u011bs\u00ed\u010dn\u011b a leteck\u00e1 p\u0159eprava odj\u00ed\u017ed\u00ed ka\u017ed\u00fd p\u00e1tek.<\/p>\n<p>2.<\/p>\n<p> P\u0159\u00edjem a konsolidace zbo\u017e\u00ed pro z\u00e1kazn\u00edky.<\/p>\n<p> Zbo\u017e\u00ed m\u016f\u017eeme pro z\u00e1kazn\u00edky zdarma skladovat a\u017e 20 dn\u00ed do odesl\u00e1n\u00ed.<\/p>\n<p>3.<\/p>\n<p> Poskytujeme tak\u00e9 slu\u017eby v oblasti n\u00e1kupu a p\u0159epravy pro mal\u00e9 i velk\u00e9 podniky, a to v r\u00e1mci bal\u00ed\u010dku.<br \/>\n4.<\/p>\n<p> Zaji\u0161\u0165ujeme skladov\u00e1n\u00ed a v\u0161echny druhy obalov\u00fdch materi\u00e1l\u016f pro bezpe\u010dnou p\u0159epravu.<\/p>\n<p>Nav\u0161tivte <a href=\"https:\/\/moverdb.com\/cs\/moving-to-the-united-states\/\" data-internallinksmanager029f6b8e52c=\"94\" title=\"St\u011bhujete se do Spojen\u00fdch st\u00e1t\u016f? 2022 \u017divotn\u00ed n\u00e1klady a tipy na st\u011bhov\u00e1n\u00ed\">n\u00e1s<\/a> v Rainhamu | Orsett | Basildon<\/p>\n<p><strong>Dal\u0161\u00ed slu\u017eby:<\/strong><\/p>\n<p>\u017d\u00e1dn\u00fd nen\u00ed uveden<\/p>\n<p><strong>Adresa:<\/strong> MDS Cargo LCS LTD, 5 Lamson Rd, Rainham RM13 9YY<\/p>\n<p><a href=\"http:\/\/www.mdscargo.com\/\" target=\"_new\" rel=\"noopener\">Webov\u00e9 str\u00e1nky spole\u010dnosti Mds Cargo Freight Services<\/a><\/p>\n<p><strong>Hodnocen\u00ed: <\/strong>4.4<br \/> <strong>Po\u010det recenz\u00ed:<\/strong> 19<br \/><a href=\"https:\/\/www.google.co.uk\/maps?cid=2770966211954205573&#038;hl=en&#038;gl=GB\" target=\"_new\" rel=\"noopener\">P\u0159e\u010dt\u011bte si recenze<\/a><\/p>\n<h2><span class=\"ez-toc-section\" id=\"Tanganyika_Export_Services_Ltd\"><\/span>Tanganyika Export Services Ltd<span class=\"ez-toc-section-end\"><\/span><\/h2>\n<p><img decoding=\"async\" src=\"https:\/\/moverdb.com\/wp-content\/uploads\/AF1QipOm7c1hAKSxC8qPip7BUkVOR5Ez0OBt3ImrhLtTw408-h725-k-no.jpg\" alt='Tanganyika Export Services Ltd' class=\"aligncenter\"><\/p>\n<p><strong>Popis z podniku: <\/strong>Nebylo poskytnuto<\/p>\n<p><strong>Dal\u0161\u00ed slu\u017eby:<\/strong><\/p>\n<p>Skladovac\u00ed za\u0159\u00edzen\u00ed<\/p>\n<p><strong>Adresa:<\/strong> jednotka 11, Noak Industrial Estate, New Rd, Rainham RM13 9EB<\/p>\n<p><a href=\"http:\/\/www.tanganyikaexport.com\/\" target=\"_new\" rel=\"noopener\">Webov\u00e9 str\u00e1nky spole\u010dnosti Tanganyika Export Services Ltd<\/a><\/p>\n<p><strong>Hodnocen\u00ed: <\/strong>3.8<br \/> <strong>Po\u010det recenz\u00ed:<\/strong> 14<br \/><a href=\"https:\/\/www.google.co.uk\/maps?cid=13320201533691965430&#038;hl=en&#038;gl=GB\" target=\"_new\" rel=\"noopener\">P\u0159e\u010dt\u011bte si recenze<\/a><\/p>\n<h2><span class=\"ez-toc-section\" id=\"Delamode_Anglia\"><\/span>Delamode Anglia<span class=\"ez-toc-section-end\"><\/span><\/h2>\n<p><img decoding=\"async\" src=\"\" alt=\"Delamode Anglia\" class=\"aligncenter\"><\/p>\n<p><strong>Popis z podniku: <\/strong>Spole\u010dnost Delamode Anglia, sou\u010d\u00e1st skupiny Xpediator Plc, je specialistou na spr\u00e1vu n\u00e1kladu.<\/p>\n<p>Bez ohledu na to, jak\u00e9 \u0159e\u0161en\u00ed slu\u017eeb dodavatelsk\u00e9ho \u0159et\u011bzce va\u0161e firma pot\u0159ebuje, z\u00edsk\u00e1te vysokou \u00farove\u0148 kvality a znalost\u00ed v oboru, podpo\u0159enou bezkonkuren\u010dn\u00ed z\u00e1kaznickou podporou.<\/p>\n<p><strong>Dal\u0161\u00ed slu\u017eby:<\/strong><\/p>\n<p>\u017d\u00e1dn\u00fd nen\u00ed uveden<\/p>\n<p><strong>Adresa:<\/strong> The Anglia Centre, Fairview Industrial Park, Blackwater Cl, Rainham RM13 8UA<\/p>\n<p><a href=\"http:\/\/www.delamode-anglia.com\/\" target=\"_new\" rel=\"noopener\">Webov\u00e9 str\u00e1nky Delamode Anglia<\/a><\/p>\n<p><strong>Hodnocen\u00ed: <\/strong>2.3<br \/> <strong>Po\u010det recenz\u00ed:<\/strong> 3<br \/><a href=\"https:\/\/www.google.co.uk\/maps?cid=17233713952928852100&#038;hl=en&#038;gl=GB\" target=\"_new\" rel=\"noopener\">P\u0159e\u010dt\u011bte si recenze<\/a><\/p>\n<h2><span class=\"ez-toc-section\" id=\"Maximum_Logistics_ltd\"><\/span>Maximum Logistics ltd<span class=\"ez-toc-section-end\"><\/span><\/h2>\n<p><img decoding=\"async\" src=\"https:\/\/moverdb.com\/wp-content\/uploads\/thumbnailpanoidUmRBfZFKQpmy4eWqKhQMZQcb_clientsearch.gws-prod.gpsw408h240yaw37.jpg\" alt='Maximum Logistics ltd' class=\"aligncenter\"><\/p>\n<p><strong>Popis z podniku: <\/strong>Nebylo poskytnuto<\/p>\n<p><strong>Dal\u0161\u00ed slu\u017eby:<\/strong><\/p>\n<p>Distribu\u010dn\u00ed slu\u017eba<\/p>\n<p>Logistick\u00e9 slu\u017eby<\/p>\n<p><strong>Adresa:<\/strong> Unit 4 Salamons Way, Rainham RM13 9UL<\/p>\n<p><a href=\"https:\/\/www.facebook.com\/pages\/Maximum-Logistics\/271878739664967?fref=ts\" target=\"_new\" rel=\"noopener\">Webov\u00e9 str\u00e1nky spole\u010dnosti Maximum Logistics ltd<\/a><\/p>\n<p><strong>Hodnocen\u00ed: <\/strong>3.2<br \/> <strong>Po\u010det recenz\u00ed:<\/strong> 23<br \/><a href=\"https:\/\/www.google.co.uk\/maps?cid=7463031270613870319&#038;hl=en&#038;gl=GB\" target=\"_new\" rel=\"noopener\">P\u0159e\u010dt\u011bte si recenze<\/a><\/p>\n<h2><span class=\"ez-toc-section\" id=\"Eagle_Cargo_Services_Ltd\"><\/span>Eagle Cargo Services Ltd<span class=\"ez-toc-section-end\"><\/span><\/h2>\n<p><img decoding=\"async\" src=\"https:\/\/moverdb.com\/wp-content\/uploads\/AF1QipP_IKmjeYjnx5i7JUCbND_D89KNdXkrDJyVt0Esw408-h271-k-no.jpg\" alt='Eagle Cargo Services Ltd' class=\"aligncenter\"><\/p>\n<p><strong>Popis z podniku: <\/strong>Nebylo poskytnuto<\/p>\n<p><strong>Dal\u0161\u00ed slu\u017eby:<\/strong><\/p>\n<p>\u017d\u00e1dn\u00fd nen\u00ed uveden<\/p>\n<p><strong>Adresa:<\/strong> 3B Lamson Rd, Rainham RM13 9YY<\/p>\n<p><a href=\"http:\/\/www.eaglecargoservices.com\/\" target=\"_new\" rel=\"noopener\">Webov\u00e9 str\u00e1nky spole\u010dnosti Eagle Cargo Services Ltd<\/a><\/p>\n<p><strong>Hodnocen\u00ed: <\/strong>4.8<br \/> <strong>Po\u010det recenz\u00ed:<\/strong> 54<br \/><a href=\"https:\/\/www.google.co.uk\/maps?cid=7344038607440430613&#038;hl=en&#038;gl=GB\" target=\"_new\" rel=\"noopener\">P\u0159e\u010dt\u011bte si recenze<\/a><\/p>\n<h2><span class=\"ez-toc-section\" id=\"How_we_picked_the_best_Rainham_Freight_Forwarding_Companies\"><\/span>Jak jsme vybrali nejlep\u0161\u00ed spedi\u010dn\u00ed spole\u010dnosti v Rainhamu<span class=\"ez-toc-section-end\"><\/span><\/h2>\n<p>Vych\u00e1zeli jsme ze souboru dat 12 spedi\u010dn\u00edch firem Rainham, kter\u00e9 jsme na\u0161li na Map\u00e1ch Google, a z\u00fa\u017eili jsme jej na 5 nejlep\u0161\u00edch.<\/p>\n<p>Za t\u00edmto \u00fa\u010delem jsme odstranili v\u0161echny spole\u010dnosti, kter\u00e9:<\/p>\n<ul>\n<li> Nem\u011bl \u017e\u00e1dn\u00e9 webov\u00e9 str\u00e1nky<\/li>\n<li> Nem\u011bl \u017e\u00e1dn\u00e9 recenze<\/li>\n<li> Pr\u016fm\u011brn\u00e9 hodnocen\u00ed ni\u017e\u0161\u00ed ne\u017e 2,0<\/li>\n<\/ul>\n<p>Pokud jsme v tomto okam\u017eiku m\u011bli 17 nebo m\u00e9n\u011b dopravc\u016f, uvedli jsme v\u0161echny.<\/p>\n<p>U m\u011bst, kde n\u00e1m z\u016fstalo v\u00edce ne\u017e 17 odes\u00edlatel\u016f, jsme provedli dal\u0161\u00ed revize bu\u010f zv\u00fd\u0161en\u00edm po\u017eadovan\u00e9ho po\u010dtu recenz\u00ed (nap\u0159. z minim\u00e1ln\u00edho po\u010dtu 2,0 na 4,0) a\/nebo zv\u00fd\u0161en\u00edm minim\u00e1ln\u00edho po\u010dtu po\u017eadovan\u00fdch recenz\u00ed (nap\u0159. z alespo\u0148 1 recenze na alespo\u0148 10).<\/p>\n<p>V\u0161imn\u011bte si, \u017ee jsme pou\u017eili pouze \u00fadaje o hodnocen\u00ed z Map Google, nikoli z jin\u00fdch webov\u00fdch str\u00e1nek t\u0159et\u00edch stran.<\/p>\n<p>Dal\u0161\u00ed m\u011bsta:<\/p>\n<p><a href=\"https:\/\/moverdb.com\/cs\/spedice\/freight-forwarding-uk\/gravesend-freight-forwarder\/\">Spedice Gravesend<\/a><br \/><a href=\"https:\/\/moverdb.com\/cs\/spedice\/freight-forwarding-uk\/harrow-freight-forwarder\/\">Spedice Harrow<\/a><br \/><a href=\"https:\/\/moverdb.com\/cs\/spedice\/freight-forwarding-uk\/nottingham-freight-forwarder\/\">Nottinghamsk\u00fd spedit\u00e9r<\/a><br \/><a href=\"https:\/\/moverdb.com\/cs\/spedice\/freight-forwarding-uk\/rotherham-freight-forwarder\/\">Spedice Rotherham<\/a><br \/><a href=\"https:\/\/moverdb.com\/cs\/spedice\/freight-forwarding-uk\/crawley-freight-forwarder\/\">Spedice Crawley<\/a><\/p>","protected":false},"excerpt":{"rendered":"<p>Below we look at the 5 &#8220;best&#8221; Freight Forwarding companies in Rainham out of 12. To learn more about how we chose the best please consult our FAQ section at the end. Please not the following listings are in no particular order and we are not making any recommendations for any particular company. Mds Cargo [&hellip;]<\/p>\n","protected":false},"author":1,"featured_media":0,"parent":13427,"menu_order":0,"comment_status":"open","ping_status":"open","template":"","meta":{"_genesis_hide_title":false,"_genesis_hide_breadcrumbs":false,"_genesis_hide_singular_image":false,"_genesis_hide_footer_widgets":false,"_genesis_custom_body_class":"","_genesis_custom_post_class":"","_genesis_layout":"","footnotes":""},"class_list":{"0":"post-13877","1":"page","2":"type-page","3":"status-publish","5":"entry"},"_links":{"self":[{"href":"https:\/\/moverdb.com\/cs\/wp-json\/wp\/v2\/pages\/13877","targetHints":{"allow":["GET"]}}],"collection":[{"href":"https:\/\/moverdb.com\/cs\/wp-json\/wp\/v2\/pages"}],"about":[{"href":"https:\/\/moverdb.com\/cs\/wp-json\/wp\/v2\/types\/page"}],"author":[{"embeddable":true,"href":"https:\/\/moverdb.com\/cs\/wp-json\/wp\/v2\/users\/1"}],"replies":[{"embeddable":true,"href":"https:\/\/moverdb.com\/cs\/wp-json\/wp\/v2\/comments?post=13877"}],"version-history":[{"count":1,"href":"https:\/\/moverdb.com\/cs\/wp-json\/wp\/v2\/pages\/13877\/revisions"}],"predecessor-version":[{"id":15792,"href":"https:\/\/moverdb.com\/cs\/wp-json\/wp\/v2\/pages\/13877\/revisions\/15792"}],"up":[{"embeddable":true,"href":"https:\/\/moverdb.com\/cs\/wp-json\/wp\/v2\/pages\/13427"}],"wp:attachment":[{"href":"https:\/\/moverdb.com\/cs\/wp-json\/wp\/v2\/media?parent=13877"}],"curies":[{"name":"wp","href":"https:\/\/api.w.org\/{rel}","templated":true}]}}