{"id":13813,"date":"2023-11-08T15:52:42","date_gmt":"2023-11-08T15:52:42","guid":{"rendered":"https:\/\/moverdb.com\/freight-forwarder\/freight-forwarding-uk\/grays-freight-forwarder\/"},"modified":"2026-01-08T13:18:14","modified_gmt":"2026-01-08T13:18:14","slug":"grays-freight-forwarder","status":"publish","type":"page","link":"https:\/\/moverdb.com\/cs\/freight-forwarder\/freight-forwarding-uk\/grays-freight-forwarder\/","title":{"rendered":"8 nejlep\u0161\u00edch spedi\u010dn\u00edch firem v Grays (2024)"},"content":{"rendered":"<p>N\u00ed\u017ee se pod\u00edv\u00e1me na 8 <em>\"nejlep\u0161\u00ed\"<\/em> Spedi\u010dn\u00ed firmy v Grays z 15.<\/p>\n<p>Chcete-li se dozv\u011bd\u011bt v\u00edce o tom, jak jsme vyb\u00edrali ty nejlep\u0161\u00ed, pod\u00edvejte se do sekce \u010casto kladen\u00e9 dotazy na konci.<\/p>\n<p><em>Upozor\u0148ujeme, \u017ee n\u00e1sleduj\u00edc\u00ed seznamy nejsou \u0159azeny v \u017e\u00e1dn\u00e9m konkr\u00e9tn\u00edm po\u0159ad\u00ed a nedoporu\u010dujeme \u017e\u00e1dnou konkr\u00e9tn\u00ed spole\u010dnost.<\/em><\/p>\n<div id=\"ez-toc-container\" class=\"ez-toc-v2_0_82_2 ez-toc-wrap-left counter-hierarchy ez-toc-counter ez-toc-transparent ez-toc-container-direction\">\n<div class=\"ez-toc-title-container\">\n<p class=\"ez-toc-title\" style=\"cursor:inherit\">Sekce<\/p>\n<span class=\"ez-toc-title-toggle\"><a href=\"#\" class=\"ez-toc-pull-right ez-toc-btn ez-toc-btn-xs ez-toc-btn-default ez-toc-toggle\" aria-label=\"P\u0159epnut\u00ed tabulky obsahu\"><span class=\"ez-toc-js-icon-con\"><span class=\"\"><span class=\"eztoc-hide\" style=\"display:none;\">P\u0159ep\u00edna\u010d<\/span><span class=\"ez-toc-icon-toggle-span\"><svg style=\"fill: #999;color:#999\" xmlns=\"http:\/\/www.w3.org\/2000\/svg\" class=\"list-377408\" width=\"20px\" height=\"20px\" viewbox=\"0 0 24 24\" fill=\"none\"><path d=\"M6 6H4v2h2V6zm14 0H8v2h12V6zM4 11h2v2H4v-2zm16 0H8v2h12v-2zM4 16h2v2H4v-2zm16 0H8v2h12v-2z\" fill=\"currentColor\"><\/path><\/svg><svg style=\"fill: #999;color:#999\" class=\"arrow-unsorted-368013\" xmlns=\"http:\/\/www.w3.org\/2000\/svg\" width=\"10px\" height=\"10px\" viewbox=\"0 0 24 24\" version=\"1.2\" baseprofile=\"tiny\"><path d=\"M18.2 9.3l-6.2-6.3-6.2 6.3c-.2.2-.3.4-.3.7s.1.5.3.7c.2.2.4.3.7.3h11c.3 0 .5-.1.7-.3.2-.2.3-.5.3-.7s-.1-.5-.3-.7zM5.8 14.7l6.2 6.3 6.2-6.3c.2-.2.3-.5.3-.7s-.1-.5-.3-.7c-.2-.2-.4-.3-.7-.3h-11c-.3 0-.5.1-.7.3-.2.2-.3.5-.3.7s.1.5.3.7z\"\/><\/svg><\/span><\/span><\/span><\/a><\/span><\/div>\n<nav><ul class='ez-toc-list ez-toc-list-level-1 eztoc-toggle-hide-by-default' ><li class='ez-toc-page-1 ez-toc-heading-level-2'><a class=\"ez-toc-link ez-toc-heading-1\" href=\"https:\/\/moverdb.com\/cs\/freight-forwarder\/freight-forwarding-uk\/grays-freight-forwarder\/#Silver_Wolf\" >St\u0159\u00edbrn\u00fd vlk<\/a><\/li><li class='ez-toc-page-1 ez-toc-heading-level-2'><a class=\"ez-toc-link ez-toc-heading-2\" href=\"https:\/\/moverdb.com\/cs\/freight-forwarder\/freight-forwarding-uk\/grays-freight-forwarder\/#Samamiah_Shipping_Enterprise_Limited\" >Samamiah (Shipping) Enterprise Limited<\/a><\/li><li class='ez-toc-page-1 ez-toc-heading-level-2'><a class=\"ez-toc-link ez-toc-heading-3\" href=\"https:\/\/moverdb.com\/cs\/freight-forwarder\/freight-forwarding-uk\/grays-freight-forwarder\/#Geeomotayo_CoLtd\" >Geeomotayo Co.Ltd<\/a><\/li><li class='ez-toc-page-1 ez-toc-heading-level-2'><a class=\"ez-toc-link ez-toc-heading-4\" href=\"https:\/\/moverdb.com\/cs\/freight-forwarder\/freight-forwarding-uk\/grays-freight-forwarder\/#EMS_Ltd\" >EMS Ltd<\/a><\/li><li class='ez-toc-page-1 ez-toc-heading-level-2'><a class=\"ez-toc-link ez-toc-heading-5\" href=\"https:\/\/moverdb.com\/cs\/freight-forwarder\/freight-forwarding-uk\/grays-freight-forwarder\/#Crayford_Freight_Services\" >Crayford Freight Services<\/a><\/li><li class='ez-toc-page-1 ez-toc-heading-level-2'><a class=\"ez-toc-link ez-toc-heading-6\" href=\"https:\/\/moverdb.com\/cs\/freight-forwarder\/freight-forwarding-uk\/grays-freight-forwarder\/#Executive_Freight_Services\" >V\u00fdkonn\u00e9 slu\u017eby n\u00e1kladn\u00ed dopravy<\/a><\/li><li class='ez-toc-page-1 ez-toc-heading-level-2'><a class=\"ez-toc-link ez-toc-heading-7\" href=\"https:\/\/moverdb.com\/cs\/freight-forwarder\/freight-forwarding-uk\/grays-freight-forwarder\/#Cargocare_Ltd\" >Cargocare Ltd.<\/a><\/li><li class='ez-toc-page-1 ez-toc-heading-level-2'><a class=\"ez-toc-link ez-toc-heading-8\" href=\"https:\/\/moverdb.com\/cs\/freight-forwarder\/freight-forwarding-uk\/grays-freight-forwarder\/#Cargocare_Ltd-2\" >Cargocare Ltd<\/a><\/li><li class='ez-toc-page-1 ez-toc-heading-level-2'><a class=\"ez-toc-link ez-toc-heading-9\" href=\"https:\/\/moverdb.com\/cs\/freight-forwarder\/freight-forwarding-uk\/grays-freight-forwarder\/#How_we_picked_the_best_Grays_Freight_Forwarding_Companies\" >Jak jsme vybrali nejlep\u0161\u00ed spedi\u010dn\u00ed spole\u010dnosti Grays<\/a><\/li><\/ul><\/nav><\/div>\n<h2><span class=\"ez-toc-section\" id=\"Silver_Wolf\"><\/span>St\u0159\u00edbrn\u00fd vlk<span class=\"ez-toc-section-end\"><\/span><\/h2>\n<p><img decoding=\"async\" src=\"https:\/\/moverdb.com\/wp-content\/uploads\/AF1QipOwBHBg95mRqvrGHU1nev11wyr1hePio8H0fbgLw408-h306-k-no.jpg\" alt='St\u0159\u00edbrn\u00fd vlk' class=\"aligncenter\"><\/p>\n<p><strong>Popis z podniku: <\/strong>Nebylo poskytnuto<\/p>\n<p><strong>Dal\u0161\u00ed slu\u017eby:<\/strong><\/p>\n<p>Dodavatelsk\u00e1 spole\u010dnost<\/p>\n<p><strong>Adresa:<\/strong> Merrydale Works, Linford Rd, Grays RM16 4LQ<\/p>\n<p><a href=\"https:\/\/www.silverwolfuk.com\/\" target=\"_new\" rel=\"noopener\">Webov\u00e9 str\u00e1nky Silver Wolf<\/a><\/p>\n<p><strong>Hodnocen\u00ed: <\/strong>3.8<br \/> <strong>Po\u010det recenz\u00ed:<\/strong> 16<br \/><a href=\"https:\/\/www.google.co.uk\/maps?cid=12674753108185969697&#038;hl=en&#038;gl=GB\" target=\"_new\" rel=\"noopener\">P\u0159e\u010dt\u011bte si recenze<\/a><\/p>\n<h2><span class=\"ez-toc-section\" id=\"Samamiah_Shipping_Enterprise_Limited\"><\/span>Samamiah (Shipping) Enterprise Limited<span class=\"ez-toc-section-end\"><\/span><\/h2>\n<p><img decoding=\"async\" src=\"https:\/\/moverdb.com\/wp-content\/uploads\/AF1QipP3TyvyAu4RqcIr1OEX7EzDsczQmAeFd5Y59-vZw408-h263-k-no.png\" alt='Samamiah (Shipping) Enterprise Limited' class=\"aligncenter\"><\/p>\n<p><strong>Popis z podniku: <\/strong>Nebylo poskytnuto<\/p>\n<p><strong>Dal\u0161\u00ed slu\u017eby:<\/strong><\/p>\n<p>\u017d\u00e1dn\u00fd nen\u00ed uveden<\/p>\n<p><strong>Adresa:<\/strong> Motherwell Way, Grays RM20 3XD<\/p>\n<p><a href=\"https:\/\/www.samamiahshipping.co.uk\/\" target=\"_new\" rel=\"noopener\">Webov\u00e9 str\u00e1nky spole\u010dnosti Samamiah (Shipping) Enterprise Limited<\/a><\/p>\n<p><strong>Hodnocen\u00ed: <\/strong>4.4<br \/> <strong>Po\u010det recenz\u00ed:<\/strong> 148<br \/><a href=\"https:\/\/www.google.co.uk\/maps?cid=5212766095198324838&#038;hl=en&#038;gl=GB\" target=\"_new\" rel=\"noopener\">P\u0159e\u010dt\u011bte si recenze<\/a><\/p>\n<h2><span class=\"ez-toc-section\" id=\"Geeomotayo_CoLtd\"><\/span>Geeomotayo Co.Ltd<span class=\"ez-toc-section-end\"><\/span><\/h2>\n<p><img decoding=\"async\" src=\"https:\/\/moverdb.com\/wp-content\/uploads\/AF1QipO6WAM0Mn9cadACStLkMj6ffJ3E3Q2NCJmOWWVPw426-h240-k-no.jpg\" alt='Geeomotayo Co.Ltd' class=\"aligncenter\"><\/p>\n<p><strong>Popis z podniku: <\/strong>Nebylo poskytnuto<\/p>\n<p><strong>Dal\u0161\u00ed slu\u017eby:<\/strong><\/p>\n<p>P\u0159epravn\u00ed slu\u017eba<\/p>\n<p>Sklad<\/p>\n<p><strong>Adresa:<\/strong> 14 Orsett Rd, Grays RM17 5DL<\/p>\n<p><a href=\"http:\/\/www.geeomotayo.com\/\" target=\"_new\" rel=\"noopener\">Webov\u00e9 str\u00e1nky spole\u010dnosti Geeomotayo Co.Ltd.<\/a><\/p>\n<p><strong>Hodnocen\u00ed: <\/strong>4.3<br \/> <strong>Po\u010det recenz\u00ed:<\/strong> 41<br \/><a href=\"https:\/\/www.google.co.uk\/maps?cid=18200971829374470871&#038;hl=en&#038;gl=GB\" target=\"_new\" rel=\"noopener\">P\u0159e\u010dt\u011bte si recenze<\/a><\/p>\n<h2><span class=\"ez-toc-section\" id=\"EMS_Ltd\"><\/span>EMS Ltd<span class=\"ez-toc-section-end\"><\/span><\/h2>\n<p><img decoding=\"async\" src=\"https:\/\/moverdb.com\/wp-content\/uploads\/AF1QipM0Ab0hh1QqX4U9QEcuZQIpzxuhdlSKmGrhRRPew408-h306-k-no.jpg\" alt='EMS Ltd' class=\"aligncenter\"><\/p>\n<p><strong>Popis z podniku: <\/strong>Nebylo poskytnuto<\/p>\n<p><strong>Dal\u0161\u00ed slu\u017eby:<\/strong><\/p>\n<p>Obchod s po\u010d\u00edta\u010di<\/p>\n<p><strong>Adresa:<\/strong> STAR INDUSTRIAL EST, UNIT 1, 3A AND YARD 4A, St Johns Rd, Chadwell St Mary, Grays RM16 4AT<\/p>\n<p><a href=\"http:\/\/www.ems-ltd.co.uk\/\" target=\"_new\" rel=\"noopener\">Webov\u00e9 str\u00e1nky spole\u010dnosti EMS Ltd<\/a><\/p>\n<p><strong>Hodnocen\u00ed: <\/strong>4.2<br \/> <strong>Po\u010det recenz\u00ed:<\/strong> 29<br \/><a href=\"https:\/\/www.google.co.uk\/maps?cid=5354803582162291429&#038;hl=en&#038;gl=GB\" target=\"_new\" rel=\"noopener\">P\u0159e\u010dt\u011bte si recenze<\/a><\/p>\n<h2><span class=\"ez-toc-section\" id=\"Crayford_Freight_Services\"><\/span>Crayford Freight Services<span class=\"ez-toc-section-end\"><\/span><\/h2>\n<p><img decoding=\"async\" src=\"https:\/\/moverdb.com\/wp-content\/uploads\/AF1QipNWCuqG_d3IU5he1y-4mB1hVpSJCqXsxsqll5ksw408-h306-k-no.jpg\" alt='Crayford Freight Services' class=\"aligncenter\"><\/p>\n<p><strong>Popis z podniku: <\/strong>Nebylo poskytnuto<\/p>\n<p><strong>Dal\u0161\u00ed slu\u017eby:<\/strong><\/p>\n<p>\u017d\u00e1dn\u00fd nen\u00ed uveden<\/p>\n<p><strong>Adresa:<\/strong> Globe Ind Est, Towers Rd, Grays RM17 6SU<\/p>\n<p><a href=\"https:\/\/www.crayfordfreight.co.uk\/\" target=\"_new\" rel=\"noopener\">Webov\u00e9 str\u00e1nky spole\u010dnosti Crayford Freight Services<\/a><\/p>\n<p><strong>Hodnocen\u00ed: <\/strong>3.4<br \/> <strong>Po\u010det recenz\u00ed:<\/strong> 27<br \/><a href=\"https:\/\/www.google.co.uk\/maps?cid=11088928095877990323&#038;hl=en&#038;gl=GB\" target=\"_new\" rel=\"noopener\">P\u0159e\u010dt\u011bte si recenze<\/a><\/p>\n<h2><span class=\"ez-toc-section\" id=\"Executive_Freight_Services\"><\/span>V\u00fdkonn\u00e9 slu\u017eby n\u00e1kladn\u00ed dopravy<span class=\"ez-toc-section-end\"><\/span><\/h2>\n<p><img decoding=\"async\" src=\"https:\/\/moverdb.com\/wp-content\/uploads\/thumbnailpanoidK71iJkR7tWjyeMWZkL_DFQcb_clientsearch.gws-prod.gpsw408h240yaw194.jpg\" alt='V\u00fdkonn\u00e9 slu\u017eby n\u00e1kladn\u00ed dopravy' class=\"aligncenter\"><\/p>\n<p><strong>Popis z podniku: <\/strong>Nebylo poskytnuto<\/p>\n<p><strong>Dal\u0161\u00ed slu\u017eby:<\/strong><\/p>\n<p>\u017d\u00e1dn\u00fd nen\u00ed uveden<\/p>\n<p><strong>Adresa:<\/strong> Rectory Rd, Grays RM17 6SU<\/p>\n<p><a href=\"https:\/\/www.executivefreightservices.co.uk\/\" target=\"_new\" rel=\"noopener\">Webov\u00e9 str\u00e1nky Executive Freight Services<\/a><\/p>\n<p><strong>Hodnocen\u00ed: <\/strong>5<br \/> <strong>Po\u010det recenz\u00ed:<\/strong> 1<br \/><a href=\"https:\/\/www.google.co.uk\/maps?cid=5738270938062984851&#038;hl=en&#038;gl=GB\" target=\"_new\" rel=\"noopener\">P\u0159e\u010dt\u011bte si recenze<\/a><\/p>\n<h2><span class=\"ez-toc-section\" id=\"Cargocare_Ltd\"><\/span>Cargocare Ltd.<span class=\"ez-toc-section-end\"><\/span><\/h2>\n<p><img decoding=\"async\" src=\"https:\/\/moverdb.com\/wp-content\/uploads\/AF1QipPJ02JMSmpT6qTapziO3xF5F4IB5HTTZPWbaDgFw572-h240-k-no.jpg\" alt='Cargocare Ltd.' class=\"aligncenter\"><\/p>\n<p><strong>Popis z podniku: <\/strong>Po provozov\u00e1n\u00ed ka\u017edodenn\u00ed n\u00e1kladn\u00ed dopravy mezi <a href=\"https:\/\/moverdb.com\/cs\/moving-to-the-uk\/\" data-internallinksmanager029f6b8e52c=\"93\" title=\"St\u011bhujete se do Spojen\u00e9ho kr\u00e1lovstv\u00ed? 2022 \u017divotn\u00ed n\u00e1klady a tipy na st\u011bhov\u00e1n\u00ed\">UK<\/a> a <a href=\"https:\/\/moverdb.com\/cs\/moving-to-ireland\/\" data-internallinksmanager029f6b8e52c=\"320\" title=\"St\u011bhov\u00e1n\u00ed do Irska? 2026 N\u00e1klady na bydlen\u00ed a tipy na st\u011bhov\u00e1n\u00ed\">Irsko<\/a> ji\u017e 35 let m\u016f\u017eeme s jistotou \u0159\u00edci, \u017ee na\u0161e odborn\u00e9 znalosti na tomto trhu nemaj\u00ed konkurenci.<\/p>\n<p><strong>Dal\u0161\u00ed slu\u017eby:<\/strong><\/p>\n<p>Dodavatelsk\u00e1 spole\u010dnost<\/p>\n<p><strong>Adresa:<\/strong> 5c Oliver Rd, Grays RM20 3ED<\/p>\n<p><a href=\"http:\/\/www.cargocare.ie\/\" target=\"_new\" rel=\"noopener\">Webov\u00e9 str\u00e1nky spole\u010dnosti Cargocare Ltd.<\/a><\/p>\n<p><strong>Hodnocen\u00ed: <\/strong>3.3<br \/> <strong>Po\u010det recenz\u00ed:<\/strong> 3<br \/><a href=\"https:\/\/www.google.co.uk\/maps?cid=12832113494116930077&#038;hl=en&#038;gl=GB\" target=\"_new\" rel=\"noopener\">P\u0159e\u010dt\u011bte si recenze<\/a><\/p>\n<h2><span class=\"ez-toc-section\" id=\"Cargocare_Ltd-2\"><\/span>Cargocare Ltd<span class=\"ez-toc-section-end\"><\/span><\/h2>\n<p><img decoding=\"async\" src=\"\" alt=\"Cargocare Ltd\" class=\"aligncenter\"><\/p>\n<p><strong>Popis z podniku: <\/strong>Nebylo poskytnuto<\/p>\n<p><strong>Dal\u0161\u00ed slu\u017eby:<\/strong><\/p>\n<p>\u017d\u00e1dn\u00fd nen\u00ed uveden<\/p>\n<p><strong>Adresa:<\/strong> Unit 11D, Cliffside Industrial Estate, Grays RM17 5XR<\/p>\n<p><a href=\"http:\/\/www.cargocare.ie\/\" target=\"_new\" rel=\"noopener\">Webov\u00e9 str\u00e1nky spole\u010dnosti Cargocare Ltd<\/a><\/p>\n<p><strong>Hodnocen\u00ed: <\/strong>4.5<br \/> <strong>Po\u010det recenz\u00ed:<\/strong> 2<br \/><a href=\"https:\/\/www.google.co.uk\/maps?cid=11744220962966604689&#038;hl=en&#038;gl=GB\" target=\"_new\" rel=\"noopener\">P\u0159e\u010dt\u011bte si recenze<\/a><\/p>\n<h2><span class=\"ez-toc-section\" id=\"How_we_picked_the_best_Grays_Freight_Forwarding_Companies\"><\/span>Jak jsme vybrali nejlep\u0161\u00ed spedi\u010dn\u00ed spole\u010dnosti Grays<span class=\"ez-toc-section-end\"><\/span><\/h2>\n<p>Vych\u00e1zeli jsme z datov\u00e9ho souboru 15 spedi\u010dn\u00edch firem z Graysu, kter\u00fd jsme na\u0161li na Map\u00e1ch Google, a z\u00fa\u017eili jsme ho na 8 nejlep\u0161\u00edch.<\/p>\n<p>Za t\u00edmto \u00fa\u010delem jsme odstranili v\u0161echny spole\u010dnosti, kter\u00e9:<\/p>\n<ul>\n<li> Nem\u011bl \u017e\u00e1dn\u00e9 webov\u00e9 str\u00e1nky<\/li>\n<li> Nem\u011bl \u017e\u00e1dn\u00e9 recenze<\/li>\n<li> Pr\u016fm\u011brn\u00e9 hodnocen\u00ed ni\u017e\u0161\u00ed ne\u017e 2,0<\/li>\n<\/ul>\n<p>Pokud jsme v tomto okam\u017eiku m\u011bli 17 nebo m\u00e9n\u011b dopravc\u016f, uvedli jsme v\u0161echny.<\/p>\n<p>U m\u011bst, kde n\u00e1m z\u016fstalo v\u00edce ne\u017e 17 odes\u00edlatel\u016f, jsme provedli dal\u0161\u00ed revize bu\u010f zv\u00fd\u0161en\u00edm po\u017eadovan\u00e9ho po\u010dtu recenz\u00ed (nap\u0159. z minim\u00e1ln\u00edho po\u010dtu 2,0 na 4,0) a\/nebo zv\u00fd\u0161en\u00edm minim\u00e1ln\u00edho po\u010dtu po\u017eadovan\u00fdch recenz\u00ed (nap\u0159. z alespo\u0148 1 recenze na alespo\u0148 10).<\/p>\n<p>V\u0161imn\u011bte si, \u017ee jsme pou\u017eili pouze \u00fadaje o hodnocen\u00ed z Map Google, nikoli z jin\u00fdch webov\u00fdch str\u00e1nek t\u0159et\u00edch stran.<\/p>\n<p>Dal\u0161\u00ed m\u011bsta:<\/p>\n<p><a href=\"https:\/\/moverdb.com\/cs\/spedice\/freight-forwarding-uk\/sunbury-on-thames-freight-forwarder\/\">Spedice Sunbury-on-Thames<\/a><br \/><a href=\"https:\/\/moverdb.com\/cs\/spedice\/freight-forwarding-uk\/hull-freight-forwarder\/\">Zas\u00edlatel trupu<\/a><br \/><a href=\"https:\/\/moverdb.com\/cs\/spedice\/freight-forwarding-uk\/witham-freight-forwarder\/\">Spedice Witham<\/a><br \/><a href=\"https:\/\/moverdb.com\/cs\/spedice\/freight-forwarding-uk\/paisley-freight-forwarder\/\">Spedice Paisley<\/a><br \/><a href=\"https:\/\/moverdb.com\/cs\/spedice\/freight-forwarding-uk\/tamworth-freight-forwarder\/\">Spedice Tamworth<\/a><\/p>","protected":false},"excerpt":{"rendered":"<p>Below we look at the 8 &#8220;best&#8221; Freight Forwarding companies in Grays out of 15. To learn more about how we chose the best please consult our FAQ section at the end. Please not the following listings are in no particular order and we are not making any recommendations for any particular company. Silver Wolf [&hellip;]<\/p>\n","protected":false},"author":1,"featured_media":0,"parent":13427,"menu_order":0,"comment_status":"open","ping_status":"open","template":"","meta":{"_genesis_hide_title":false,"_genesis_hide_breadcrumbs":false,"_genesis_hide_singular_image":false,"_genesis_hide_footer_widgets":false,"_genesis_custom_body_class":"","_genesis_custom_post_class":"","_genesis_layout":"","footnotes":""},"class_list":{"0":"post-13813","1":"page","2":"type-page","3":"status-publish","5":"entry"},"_links":{"self":[{"href":"https:\/\/moverdb.com\/cs\/wp-json\/wp\/v2\/pages\/13813","targetHints":{"allow":["GET"]}}],"collection":[{"href":"https:\/\/moverdb.com\/cs\/wp-json\/wp\/v2\/pages"}],"about":[{"href":"https:\/\/moverdb.com\/cs\/wp-json\/wp\/v2\/types\/page"}],"author":[{"embeddable":true,"href":"https:\/\/moverdb.com\/cs\/wp-json\/wp\/v2\/users\/1"}],"replies":[{"embeddable":true,"href":"https:\/\/moverdb.com\/cs\/wp-json\/wp\/v2\/comments?post=13813"}],"version-history":[{"count":1,"href":"https:\/\/moverdb.com\/cs\/wp-json\/wp\/v2\/pages\/13813\/revisions"}],"predecessor-version":[{"id":15804,"href":"https:\/\/moverdb.com\/cs\/wp-json\/wp\/v2\/pages\/13813\/revisions\/15804"}],"up":[{"embeddable":true,"href":"https:\/\/moverdb.com\/cs\/wp-json\/wp\/v2\/pages\/13427"}],"wp:attachment":[{"href":"https:\/\/moverdb.com\/cs\/wp-json\/wp\/v2\/media?parent=13813"}],"curies":[{"name":"wp","href":"https:\/\/api.w.org\/{rel}","templated":true}]}}