{"id":13788,"date":"2023-11-08T15:52:42","date_gmt":"2023-11-08T15:52:42","guid":{"rendered":"https:\/\/moverdb.com\/freight-forwarder\/freight-forwarding-uk\/staines-freight-forwarder\/"},"modified":"2026-01-08T13:18:16","modified_gmt":"2026-01-08T13:18:16","slug":"staines-freight-forwarder","status":"publish","type":"page","link":"https:\/\/moverdb.com\/cs\/freight-forwarder\/freight-forwarding-uk\/staines-freight-forwarder\/","title":{"rendered":"8 nejlep\u0161\u00edch spedi\u010dn\u00edch firem ve Staines (2024)"},"content":{"rendered":"<p>N\u00ed\u017ee se pod\u00edv\u00e1me na 8 <em>\"nejlep\u0161\u00ed\"<\/em> Spedi\u010dn\u00ed firmy v Staines z 16.<\/p>\n<p>Chcete-li se dozv\u011bd\u011bt v\u00edce o tom, jak jsme vyb\u00edrali ty nejlep\u0161\u00ed, pod\u00edvejte se do sekce \u010casto kladen\u00e9 dotazy na konci.<\/p>\n<p><em>Upozor\u0148ujeme, \u017ee n\u00e1sleduj\u00edc\u00ed seznamy nejsou \u0159azeny v \u017e\u00e1dn\u00e9m konkr\u00e9tn\u00edm po\u0159ad\u00ed a nedoporu\u010dujeme \u017e\u00e1dnou konkr\u00e9tn\u00ed spole\u010dnost.<\/em><\/p>\n<div id=\"ez-toc-container\" class=\"ez-toc-v2_0_82_2 ez-toc-wrap-left counter-hierarchy ez-toc-counter ez-toc-transparent ez-toc-container-direction\">\n<div class=\"ez-toc-title-container\">\n<p class=\"ez-toc-title\" style=\"cursor:inherit\">Sekce<\/p>\n<span class=\"ez-toc-title-toggle\"><a href=\"#\" class=\"ez-toc-pull-right ez-toc-btn ez-toc-btn-xs ez-toc-btn-default ez-toc-toggle\" aria-label=\"P\u0159epnut\u00ed tabulky obsahu\"><span class=\"ez-toc-js-icon-con\"><span class=\"\"><span class=\"eztoc-hide\" style=\"display:none;\">P\u0159ep\u00edna\u010d<\/span><span class=\"ez-toc-icon-toggle-span\"><svg style=\"fill: #999;color:#999\" xmlns=\"http:\/\/www.w3.org\/2000\/svg\" class=\"list-377408\" width=\"20px\" height=\"20px\" viewbox=\"0 0 24 24\" fill=\"none\"><path d=\"M6 6H4v2h2V6zm14 0H8v2h12V6zM4 11h2v2H4v-2zm16 0H8v2h12v-2zM4 16h2v2H4v-2zm16 0H8v2h12v-2z\" fill=\"currentColor\"><\/path><\/svg><svg style=\"fill: #999;color:#999\" class=\"arrow-unsorted-368013\" xmlns=\"http:\/\/www.w3.org\/2000\/svg\" width=\"10px\" height=\"10px\" viewbox=\"0 0 24 24\" version=\"1.2\" baseprofile=\"tiny\"><path d=\"M18.2 9.3l-6.2-6.3-6.2 6.3c-.2.2-.3.4-.3.7s.1.5.3.7c.2.2.4.3.7.3h11c.3 0 .5-.1.7-.3.2-.2.3-.5.3-.7s-.1-.5-.3-.7zM5.8 14.7l6.2 6.3 6.2-6.3c.2-.2.3-.5.3-.7s-.1-.5-.3-.7c-.2-.2-.4-.3-.7-.3h-11c-.3 0-.5.1-.7.3-.2.2-.3.5-.3.7s.1.5.3.7z\"\/><\/svg><\/span><\/span><\/span><\/a><\/span><\/div>\n<nav><ul class='ez-toc-list ez-toc-list-level-1 eztoc-toggle-hide-by-default' ><li class='ez-toc-page-1 ez-toc-heading-level-2'><a class=\"ez-toc-link ez-toc-heading-1\" href=\"https:\/\/moverdb.com\/cs\/freight-forwarder\/freight-forwarding-uk\/staines-freight-forwarder\/#CargoPro_Limited\" >CargoPro Limited<\/a><\/li><li class='ez-toc-page-1 ez-toc-heading-level-2'><a class=\"ez-toc-link ez-toc-heading-2\" href=\"https:\/\/moverdb.com\/cs\/freight-forwarder\/freight-forwarding-uk\/staines-freight-forwarder\/#Santova_Logistics\" >Santova Logistics<\/a><\/li><li class='ez-toc-page-1 ez-toc-heading-level-2'><a class=\"ez-toc-link ez-toc-heading-3\" href=\"https:\/\/moverdb.com\/cs\/freight-forwarder\/freight-forwarding-uk\/staines-freight-forwarder\/#TRICO_INTERNATIONAL_Shipping_Ltd\" >TRICO INTERNATIONAL Shipping Ltd<\/a><\/li><li class='ez-toc-page-1 ez-toc-heading-level-2'><a class=\"ez-toc-link ez-toc-heading-4\" href=\"https:\/\/moverdb.com\/cs\/freight-forwarder\/freight-forwarding-uk\/staines-freight-forwarder\/#Wexco_Cargo_G_S_S_A\" >Wexco Cargo G S S A<\/a><\/li><li class='ez-toc-page-1 ez-toc-heading-level-2'><a class=\"ez-toc-link ez-toc-heading-5\" href=\"https:\/\/moverdb.com\/cs\/freight-forwarder\/freight-forwarding-uk\/staines-freight-forwarder\/#Mentfield_UK_Ltd\" >Mentfield UK Ltd<\/a><\/li><li class='ez-toc-page-1 ez-toc-heading-level-2'><a class=\"ez-toc-link ez-toc-heading-6\" href=\"https:\/\/moverdb.com\/cs\/freight-forwarder\/freight-forwarding-uk\/staines-freight-forwarder\/#PSP_Worldwide_Logistics_London\" >PSP Worldwide Logistics Lond\u00fdn<\/a><\/li><li class='ez-toc-page-1 ez-toc-heading-level-2'><a class=\"ez-toc-link ez-toc-heading-7\" href=\"https:\/\/moverdb.com\/cs\/freight-forwarder\/freight-forwarding-uk\/staines-freight-forwarder\/#dnata_City_Unit_1\" >dnata City Unit 1<\/a><\/li><li class='ez-toc-page-1 ez-toc-heading-level-2'><a class=\"ez-toc-link ez-toc-heading-8\" href=\"https:\/\/moverdb.com\/cs\/freight-forwarder\/freight-forwarding-uk\/staines-freight-forwarder\/#IdrisMans_Transit\" >IdrisMans Transit<\/a><\/li><li class='ez-toc-page-1 ez-toc-heading-level-2'><a class=\"ez-toc-link ez-toc-heading-9\" href=\"https:\/\/moverdb.com\/cs\/freight-forwarder\/freight-forwarding-uk\/staines-freight-forwarder\/#How_we_picked_the_best_Staines_Freight_Forwarding_Companies\" >Jak jsme vybrali nejlep\u0161\u00ed spedi\u010dn\u00ed spole\u010dnosti Staines<\/a><\/li><\/ul><\/nav><\/div>\n<h2><span class=\"ez-toc-section\" id=\"CargoPro_Limited\"><\/span>CargoPro Limited<span class=\"ez-toc-section-end\"><\/span><\/h2>\n<p><img decoding=\"async\" src=\"https:\/\/moverdb.com\/wp-content\/uploads\/thumbnailpanoid8eZ03x04DAxtcvndHkNXHgcb_clientsearch.gws-prod.gpsw408h240yaw156.jpg\" alt='CargoPro Limited' class=\"aligncenter\"><\/p>\n<p><strong>Popis z podniku: <\/strong>Nebylo poskytnuto<\/p>\n<p><strong>Dal\u0161\u00ed slu\u017eby:<\/strong><\/p>\n<p>\u017d\u00e1dn\u00fd nen\u00ed uveden<\/p>\n<p><strong>Adresa:<\/strong> Cargo House, 1 The Mallards, Staines TW18 2TB<\/p>\n<p><a href=\"https:\/\/www.cargopro.co.uk\/\" target=\"_new\" rel=\"noopener\">Webov\u00e9 str\u00e1nky spole\u010dnosti CargoPro Limited<\/a><\/p>\n<p><strong>Hodnocen\u00ed: <\/strong>5<br \/> <strong>Po\u010det recenz\u00ed:<\/strong> 2<br \/><a href=\"https:\/\/www.google.co.uk\/maps?cid=16856630503006872933&#038;hl=en&#038;gl=GB\" target=\"_new\" rel=\"noopener\">P\u0159e\u010dt\u011bte si recenze<\/a><\/p>\n<h2><span class=\"ez-toc-section\" id=\"Santova_Logistics\"><\/span>Santova Logistics<span class=\"ez-toc-section-end\"><\/span><\/h2>\n<p><img decoding=\"async\" src=\"https:\/\/moverdb.com\/wp-content\/uploads\/thumbnailpanoidf4e0Huub_cPG2grVooambgcb_clientsearch.gws-prod.gpsw408h240yaw126.jpg\" alt='Santova Logistics' class=\"aligncenter\"><\/p>\n<p><strong>Popis z podniku: <\/strong>Nebylo poskytnuto<\/p>\n<p><strong>Dal\u0161\u00ed slu\u017eby:<\/strong><\/p>\n<p>\u017d\u00e1dn\u00fd nen\u00ed uveden<\/p>\n<p><strong>Adresa:<\/strong> Centurion House, London Rd, Staines TW18 4AX<\/p>\n<p><a href=\"http:\/\/www.santova.com\/\" target=\"_new\" rel=\"noopener\">Webov\u00e9 str\u00e1nky Santova Logistics<\/a><\/p>\n<p><strong>Hodnocen\u00ed: <\/strong>5<br \/> <strong>Po\u010det recenz\u00ed:<\/strong> 1<br \/><a href=\"https:\/\/www.google.co.uk\/maps?cid=7182348770038663337&#038;hl=en&#038;gl=GB\" target=\"_new\" rel=\"noopener\">P\u0159e\u010dt\u011bte si recenze<\/a><\/p>\n<h2><span class=\"ez-toc-section\" id=\"TRICO_INTERNATIONAL_Shipping_Ltd\"><\/span>TRICO INTERNATIONAL Shipping Ltd<span class=\"ez-toc-section-end\"><\/span><\/h2>\n<p><img decoding=\"async\" src=\"https:\/\/moverdb.com\/wp-content\/uploads\/AF1QipNEdVhhScL5vWrWmX5JQbRfv6acPNHQ_oOKGX0ww408-h306-k-no.jpg\" alt='TRICO INTERNATIONAL Shipping Ltd' class=\"aligncenter\"><\/p>\n<p><strong>Popis z podniku: <\/strong>Od dve\u0159\u00ed ke dve\u0159\u00edm Sr\u00ed Lanka, <a href=\"https:\/\/moverdb.com\/cs\/moving-to-indonesia\/\" data-internallinksmanager029f6b8e52c=\"375\" title=\"St\u011bhov\u00e1n\u00ed do Indon\u00e9sie? 2023 \u017divotn\u00ed n\u00e1klady a tipy na st\u011bhov\u00e1n\u00ed\">Indon\u00e9sie<\/a>, Malesie, <a href=\"https:\/\/moverdb.com\/cs\/car-transport-shipping\/\" data-internallinksmanager029f6b8e52c=\"2\" title=\"2026 Mezin\u00e1rodn\u00ed p\u0159eprava automobil\u016f &amp; P\u0159eprava vozidel Citace\">P\u0159eprava automobil\u016f<\/a> na Sr\u00ed Lanku, N\u00e1kladn\u00ed doprava, Box send to Sri Lanka, Worldwide cargo<br \/>\nOd dve\u0159\u00ed ke dve\u0159\u00edm Sr\u00ed Lanka, Indon\u00e9sie, Malesie, P\u0159eprava aut na Sr\u00ed Lanku, N\u00e1kladn\u00ed doprava, P\u0159eprava box\u016f na Sr\u00ed Lanku, Celosv\u011btov\u00e1 p\u0159eprava zbo\u017e\u00ed<\/p>\n<p><strong>Dal\u0161\u00ed slu\u017eby:<\/strong><\/p>\n<p>Logistick\u00e9 slu\u017eby<\/p>\n<p><strong>Adresa:<\/strong> 215-217 London Rd, Staines TW18 4HL<\/p>\n<p><a href=\"https:\/\/www.tricointernational.co.uk\/\" target=\"_new\" rel=\"noopener\">Webov\u00e9 str\u00e1nky spole\u010dnosti TRICO INTERNATIONAL Shipping Ltd<\/a><\/p>\n<p><strong>Hodnocen\u00ed: <\/strong>4.2<br \/> <strong>Po\u010det recenz\u00ed:<\/strong> 68<br \/><a href=\"https:\/\/www.google.co.uk\/maps?cid=2311709322253237962&#038;hl=en&#038;gl=GB\" target=\"_new\" rel=\"noopener\">P\u0159e\u010dt\u011bte si recenze<\/a><\/p>\n<h2><span class=\"ez-toc-section\" id=\"Wexco_Cargo_G_S_S_A\"><\/span>Wexco Cargo G S S A<span class=\"ez-toc-section-end\"><\/span><\/h2>\n<p><img decoding=\"async\" src=\"https:\/\/moverdb.com\/wp-content\/uploads\/thumbnailpanoidchtGyotiXJtBW7PWsx-RZAcb_clientsearch.gws-prod.gpsw408h240yaw119.jpg\" alt='Wexco Cargo G S S A' class=\"aligncenter\"><\/p>\n<p><strong>Popis z podniku: <\/strong>Nebylo poskytnuto<\/p>\n<p><strong>Dal\u0161\u00ed slu\u017eby:<\/strong><\/p>\n<p>\u017d\u00e1dn\u00fd nen\u00ed uveden<\/p>\n<p><strong>Adresa:<\/strong> Northumberland Cl, Stanwell, Lancaster, Staines TW14 0NG<\/p>\n<p><a href=\"http:\/\/www.gsawexco.com\/\" target=\"_new\" rel=\"noopener\">Webov\u00e9 str\u00e1nky spole\u010dnosti Wexco Cargo G S S A<\/a><\/p>\n<p><strong>Hodnocen\u00ed: <\/strong>5<br \/> <strong>Po\u010det recenz\u00ed:<\/strong> 1<br \/><a href=\"https:\/\/www.google.co.uk\/maps?cid=13240279529537870685&#038;hl=en&#038;gl=GB\" target=\"_new\" rel=\"noopener\">P\u0159e\u010dt\u011bte si recenze<\/a><\/p>\n<h2><span class=\"ez-toc-section\" id=\"Mentfield_UK_Ltd\"><\/span>Mentfield UK Ltd<span class=\"ez-toc-section-end\"><\/span><\/h2>\n<p><img decoding=\"async\" src=\"https:\/\/moverdb.com\/wp-content\/uploads\/AF1QipPr_CDY0MPinM-tHNmPhZIq_3MzYfu06YoST3dIw426-h240-k-no.jpg\" alt='Mentfield UK Ltd' class=\"aligncenter\"><\/p>\n<p><strong>Popis z podniku: <\/strong>Nebylo poskytnuto<\/p>\n<p><strong>Dal\u0161\u00ed slu\u017eby:<\/strong><\/p>\n<p>\u017d\u00e1dn\u00fd nen\u00ed uveden<\/p>\n<p><strong>Adresa:<\/strong> Long Ln, Stanwell, Staines TW19 7AU<\/p>\n<p><a href=\"http:\/\/www.mentfield.com\/\" target=\"_new\" rel=\"noopener\">Webov\u00e9 str\u00e1nky spole\u010dnosti Mentfield UK Ltd<\/a><\/p>\n<p><strong>Hodnocen\u00ed: <\/strong>3.6<br \/> <strong>Po\u010det recenz\u00ed:<\/strong> 52<br \/><a href=\"https:\/\/www.google.co.uk\/maps?cid=8326872892032297862&#038;hl=en&#038;gl=GB\" target=\"_new\" rel=\"noopener\">P\u0159e\u010dt\u011bte si recenze<\/a><\/p>\n<h2><span class=\"ez-toc-section\" id=\"PSP_Worldwide_Logistics_London\"><\/span>PSP Worldwide Logistics Lond\u00fdn<span class=\"ez-toc-section-end\"><\/span><\/h2>\n<p><img decoding=\"async\" src=\"https:\/\/moverdb.com\/wp-content\/uploads\/AF1QipMCftB0G0cnX3BVtGynXf0hKlZVpssnN-JooHgTw426-h240-k-no.jpg\" alt='PSP Worldwide Logistics Lond\u00fdn' class=\"aligncenter\"><\/p>\n<p><strong>Popis z podniku: <\/strong>Od sv\u00e9ho zalo\u017een\u00ed v roce 2003 t\u00fdm PSP London rozvinul \u0161pi\u010dkov\u00e9 spedi\u010dn\u00ed, celn\u00ed a skladovac\u00ed slu\u017eby na strategick\u00e9m m\u00edst\u011b Heathrow a vybudoval si rozs\u00e1hlou a loaj\u00e1ln\u00ed z\u00e1kaznickou z\u00e1kladnu v r\u016fzn\u00fdch oblastech, p\u0159i\u010dem\u017e nad\u00e1le \u00fazce spolupracuje s kolegy v Hampshire.<\/p>\n<p>Proto\u017ee m\u00e1me akreditaci AEO od HMRC a opr\u00e1vn\u011bn\u00ed k manipulaci a p\u0159eprav\u011b nejnebezpe\u010dn\u011bj\u0161\u00edch a nejn\u00e1ro\u010dn\u011bj\u0161\u00edch n\u00e1klad\u016f, m\u00e1me odborn\u00e9 znalosti, zdroje a schopnosti podporovat nejslo\u017eit\u011bj\u0161\u00ed glob\u00e1ln\u00ed dodavatelsk\u00e9 \u0159et\u011bzce.<\/p>\n<p><strong>Dal\u0161\u00ed slu\u017eby:<\/strong><\/p>\n<p>\u017d\u00e1dn\u00fd nen\u00ed uveden<\/p>\n<p><strong>Adresa:<\/strong> 46 Church St, Staines TW18 4XR<\/p>\n<p><a href=\"https:\/\/www.psplondon.com\/\" target=\"_new\" rel=\"noopener\">Webov\u00e9 str\u00e1nky PSP Worldwide Logistics London<\/a><\/p>\n<p><strong>Hodnocen\u00ed: <\/strong>5<br \/> <strong>Po\u010det recenz\u00ed:<\/strong> 4<br \/><a href=\"https:\/\/www.google.co.uk\/maps?cid=1483888657385951061&#038;hl=en&#038;gl=GB\" target=\"_new\" rel=\"noopener\">P\u0159e\u010dt\u011bte si recenze<\/a><\/p>\n<h2><span class=\"ez-toc-section\" id=\"dnata_City_Unit_1\"><\/span>dnata City Unit 1<span class=\"ez-toc-section-end\"><\/span><\/h2>\n<p><img decoding=\"async\" src=\"https:\/\/moverdb.com\/wp-content\/uploads\/AF1QipNgc-yDhDB3RQ3VDDs7fdVHhvuYScKidotBR4VHw408-h306-k-no.jpg\" alt='dnata City Unit 1' class=\"aligncenter\"><\/p>\n<p><strong>Popis z podniku: <\/strong>Nebylo poskytnuto<\/p>\n<p><strong>Dal\u0161\u00ed slu\u017eby:<\/strong><\/p>\n<p>\u017d\u00e1dn\u00fd nen\u00ed uveden<\/p>\n<p><strong>Adresa:<\/strong> Northumberland Close, Stanwell, Staines TW19 7LN<\/p>\n<p><a href=\"http:\/\/www.dnata.co.uk\/\" target=\"_new\" rel=\"noopener\">webov\u00e9 str\u00e1nky dnata City Unit 1<\/a><\/p>\n<p><strong>Hodnocen\u00ed: <\/strong>3.7<br \/> <strong>Po\u010det recenz\u00ed:<\/strong> 216<br \/><a href=\"https:\/\/www.google.co.uk\/maps?cid=5796627990768086424&#038;hl=en&#038;gl=GB\" target=\"_new\" rel=\"noopener\">P\u0159e\u010dt\u011bte si recenze<\/a><\/p>\n<h2><span class=\"ez-toc-section\" id=\"IdrisMans_Transit\"><\/span>IdrisMans Transit<span class=\"ez-toc-section-end\"><\/span><\/h2>\n<p><img decoding=\"async\" src=\"https:\/\/moverdb.com\/wp-content\/uploads\/AF1QipOiZ12ya1hGttcaGjLFU_i3Ox5MQXDss4okGoLHw408-h306-k-no.jpg\" alt='IdrisMans Transit' class=\"aligncenter\"><\/p>\n<p><strong>Popis z podniku: <\/strong>IdrisMans je presti\u017en\u00ed <a href=\"https:\/\/moverdb.com\/cs\/freight-forwarder\/\" data-internallinksmanager029f6b8e52c=\"17\" title=\"Mezin\u00e1rodn\u00ed spedice a NVOCC Pr\u016fvodce n\u00e1klady a spole\u010dnostmi\">Zas\u00edlatel<\/a> &amp; Celn\u00ed makl\u00e9\u0159sk\u00e1 spole\u010dnost s dlouholet\u00fdmi zku\u0161enostmi a profesion\u00e1ln\u00edm p\u0159\u00edstupem ke v\u0161emu, co d\u011bl\u00e1me.<\/p>\n<p>Pl\u00e1nujeme a koordinujeme obchodn\u00ed pohyby, v\u010detn\u011b celn\u00edch formalit p\u0159i dovozu a v\u00fdvozu zbo\u017e\u00ed, spolu s INTL p\u0159epravou do a ze zahrani\u010dn\u00edch zem\u00ed Amerika Oce\u00e1nie Asie Evropa Afrika.<\/p>\n<p>IdrisMans est une prestigieuse entreprise de Commissionnaire de Transport &amp; en Douane avec s\u00c3\u00a9rieux professionnalisme et exp\u00c3\u00a9rience.<\/p>\n<p>Nous planifions et nous coordonnons les transactions commerciales impliquant l'importation et l'exportation de marchandises ainsi que les formalit\u0102\u00a9s douani\u0102\u00a8res le transport International \u00c3 destination &amp; en provenance des pays \u00c3\u00a9trangers Asie Am\u0102\u00a9rique Oc\u0102\u00a9anie Afrique Europe<\/p>\n<p><strong>Dal\u0161\u00ed slu\u017eby:<\/strong><\/p>\n<p>Kontejnerov\u00e1 slu\u017eba<\/p>\n<p>Celn\u00ed zprost\u0159edkovatel<\/p>\n<p>Logistick\u00e9 slu\u017eby<\/p>\n<p><a href=\"https:\/\/moverdb.com\/cs\/international-removals\/\" data-internallinksmanager029f6b8e52c=\"27\" title=\"36 nejlep\u0161\u00edch mezin\u00e1rodn\u00edch st\u011bhovac\u00edch spole\u010dnost\u00ed ve Velk\u00e9 Brit\u00e1nii\">St\u011bhovac\u00ed spole\u010dnost<\/a><\/p>\n<p>\u017delezni\u010dn\u00ed spole\u010dnost<\/p>\n<p>P\u0159epravn\u00ed slu\u017eba<\/p>\n<p>Dopravn\u00ed slu\u017eby<\/p>\n<p>Dopravn\u00ed spole\u010dnost<\/p>\n<p>Zprost\u0159edkovatel p\u0159epravy vozidel<\/p>\n<p><strong>Adresa:<\/strong> 231 London Rd, Staines TW18 4HR<\/p>\n<p><a href=\"https:\/\/www.idrismans.com\/\" target=\"_new\" rel=\"noopener\">Webov\u00e9 str\u00e1nky IdrisMans Transit<\/a><\/p>\n<p><strong>Hodnocen\u00ed: <\/strong>5<br \/> <strong>Po\u010det recenz\u00ed:<\/strong> 7<br \/><a href=\"https:\/\/www.google.co.uk\/maps?cid=12834209287575934406&#038;hl=en&#038;gl=GB\" target=\"_new\" rel=\"noopener\">P\u0159e\u010dt\u011bte si recenze<\/a><\/p>\n<h2><span class=\"ez-toc-section\" id=\"How_we_picked_the_best_Staines_Freight_Forwarding_Companies\"><\/span>Jak jsme vybrali nejlep\u0161\u00ed spedi\u010dn\u00ed spole\u010dnosti Staines<span class=\"ez-toc-section-end\"><\/span><\/h2>\n<p>Vych\u00e1zeli jsme ze souboru 16 spedi\u010dn\u00edch firem Staines, kter\u00e9 jsme na\u0161li na Map\u00e1ch Google, a z\u00fa\u017eili jsme jej na 8 nejlep\u0161\u00edch.<\/p>\n<p>Za t\u00edmto \u00fa\u010delem jsme odstranili v\u0161echny spole\u010dnosti, kter\u00e9:<\/p>\n<ul>\n<li> Nem\u011bl \u017e\u00e1dn\u00e9 webov\u00e9 str\u00e1nky<\/li>\n<li> Nem\u011bl \u017e\u00e1dn\u00e9 recenze<\/li>\n<li> Pr\u016fm\u011brn\u00e9 hodnocen\u00ed ni\u017e\u0161\u00ed ne\u017e 2,0<\/li>\n<\/ul>\n<p>Pokud jsme v tomto okam\u017eiku m\u011bli 17 nebo m\u00e9n\u011b dopravc\u016f, uvedli jsme v\u0161echny.<\/p>\n<p>U m\u011bst, kde n\u00e1m z\u016fstalo v\u00edce ne\u017e 17 odes\u00edlatel\u016f, jsme provedli dal\u0161\u00ed revize bu\u010f zv\u00fd\u0161en\u00edm po\u017eadovan\u00e9ho po\u010dtu recenz\u00ed (nap\u0159. z minim\u00e1ln\u00edho po\u010dtu 2,0 na 4,0) a\/nebo zv\u00fd\u0161en\u00edm minim\u00e1ln\u00edho po\u010dtu po\u017eadovan\u00fdch recenz\u00ed (nap\u0159. z alespo\u0148 1 recenze na alespo\u0148 10).<\/p>\n<p>V\u0161imn\u011bte si, \u017ee jsme pou\u017eili pouze \u00fadaje o hodnocen\u00ed z Map Google, nikoli z jin\u00fdch webov\u00fdch str\u00e1nek t\u0159et\u00edch stran.<\/p>\n<p>Dal\u0161\u00ed m\u011bsta:<\/p>\n<p><a href=\"https:\/\/moverdb.com\/cs\/spedice\/freight-forwarding-uk\/leicester-freight-forwarder\/\">Spedice Leicester<\/a><br \/><a href=\"https:\/\/moverdb.com\/cs\/spedice\/freight-forwarding-uk\/dartford-freight-forwarder\/\">Dartford Freight Forwarder<\/a><br \/><a href=\"https:\/\/moverdb.com\/cs\/spedice\/freight-forwarding-uk\/grays-freight-forwarder\/\">Zas\u00edlatelstv\u00ed Grays<\/a><br \/><a href=\"https:\/\/moverdb.com\/cs\/spedice\/freight-forwarding-uk\/sunbury-on-thames-freight-forwarder\/\">Spedice Sunbury-on-Thames<\/a><br \/><a href=\"https:\/\/moverdb.com\/cs\/spedice\/freight-forwarding-uk\/hull-freight-forwarder\/\">Zas\u00edlatel trupu<\/a><\/p>","protected":false},"excerpt":{"rendered":"<p>Below we look at the 8 &#8220;best&#8221; Freight Forwarding companies in Staines out of 16. To learn more about how we chose the best please consult our FAQ section at the end. Please not the following listings are in no particular order and we are not making any recommendations for any particular company. CargoPro Limited [&hellip;]<\/p>\n","protected":false},"author":1,"featured_media":0,"parent":13427,"menu_order":0,"comment_status":"open","ping_status":"open","template":"","meta":{"_genesis_hide_title":false,"_genesis_hide_breadcrumbs":false,"_genesis_hide_singular_image":false,"_genesis_hide_footer_widgets":false,"_genesis_custom_body_class":"","_genesis_custom_post_class":"","_genesis_layout":"","footnotes":""},"class_list":{"0":"post-13788","1":"page","2":"type-page","3":"status-publish","5":"entry"},"_links":{"self":[{"href":"https:\/\/moverdb.com\/cs\/wp-json\/wp\/v2\/pages\/13788","targetHints":{"allow":["GET"]}}],"collection":[{"href":"https:\/\/moverdb.com\/cs\/wp-json\/wp\/v2\/pages"}],"about":[{"href":"https:\/\/moverdb.com\/cs\/wp-json\/wp\/v2\/types\/page"}],"author":[{"embeddable":true,"href":"https:\/\/moverdb.com\/cs\/wp-json\/wp\/v2\/users\/1"}],"replies":[{"embeddable":true,"href":"https:\/\/moverdb.com\/cs\/wp-json\/wp\/v2\/comments?post=13788"}],"version-history":[{"count":1,"href":"https:\/\/moverdb.com\/cs\/wp-json\/wp\/v2\/pages\/13788\/revisions"}],"predecessor-version":[{"id":15806,"href":"https:\/\/moverdb.com\/cs\/wp-json\/wp\/v2\/pages\/13788\/revisions\/15806"}],"up":[{"embeddable":true,"href":"https:\/\/moverdb.com\/cs\/wp-json\/wp\/v2\/pages\/13427"}],"wp:attachment":[{"href":"https:\/\/moverdb.com\/cs\/wp-json\/wp\/v2\/media?parent=13788"}],"curies":[{"name":"wp","href":"https:\/\/api.w.org\/{rel}","templated":true}]}}