{"id":13701,"date":"2023-11-08T15:51:25","date_gmt":"2023-11-08T15:51:25","guid":{"rendered":"https:\/\/moverdb.com\/freight-forwarder\/freight-forwarding-uk\/belfast-freight-forwarder\/"},"modified":"2026-01-08T14:55:26","modified_gmt":"2026-01-08T14:55:26","slug":"belfast-freight-forwarder","status":"publish","type":"page","link":"https:\/\/moverdb.com\/cs\/freight-forwarder\/freight-forwarding-uk\/belfast-freight-forwarder\/","title":{"rendered":"11 nejlep\u0161\u00edch spedi\u010dn\u00edch firem v Belfastu (2024)"},"content":{"rendered":"<p>N\u00ed\u017ee se pod\u00edv\u00e1me na 11 <em>\"nejlep\u0161\u00ed\"<\/em> Spedi\u010dn\u00ed spole\u010dnosti v <a href=\"\" data-internallinksmanager029f6b8e52c=\"33\" title=\"Belfast\">Belfast<\/a> z 21.<\/p>\n<p>Chcete-li se dozv\u011bd\u011bt v\u00edce o tom, jak jsme vyb\u00edrali ty nejlep\u0161\u00ed, pod\u00edvejte se do sekce \u010casto kladen\u00e9 dotazy na konci.<\/p>\n<p><em>Upozor\u0148ujeme, \u017ee n\u00e1sleduj\u00edc\u00ed seznamy nejsou \u0159azeny v \u017e\u00e1dn\u00e9m konkr\u00e9tn\u00edm po\u0159ad\u00ed a nedoporu\u010dujeme \u017e\u00e1dnou konkr\u00e9tn\u00ed spole\u010dnost.<\/em><\/p>\n<div id=\"ez-toc-container\" class=\"ez-toc-v2_0_82_2 ez-toc-wrap-left counter-hierarchy ez-toc-counter ez-toc-transparent ez-toc-container-direction\">\n<div class=\"ez-toc-title-container\">\n<p class=\"ez-toc-title\" style=\"cursor:inherit\">Sekce<\/p>\n<span class=\"ez-toc-title-toggle\"><a href=\"#\" class=\"ez-toc-pull-right ez-toc-btn ez-toc-btn-xs ez-toc-btn-default ez-toc-toggle\" aria-label=\"P\u0159epnut\u00ed tabulky obsahu\"><span class=\"ez-toc-js-icon-con\"><span class=\"\"><span class=\"eztoc-hide\" style=\"display:none;\">P\u0159ep\u00edna\u010d<\/span><span class=\"ez-toc-icon-toggle-span\"><svg style=\"fill: #999;color:#999\" xmlns=\"http:\/\/www.w3.org\/2000\/svg\" class=\"list-377408\" width=\"20px\" height=\"20px\" viewbox=\"0 0 24 24\" fill=\"none\"><path d=\"M6 6H4v2h2V6zm14 0H8v2h12V6zM4 11h2v2H4v-2zm16 0H8v2h12v-2zM4 16h2v2H4v-2zm16 0H8v2h12v-2z\" fill=\"currentColor\"><\/path><\/svg><svg style=\"fill: #999;color:#999\" class=\"arrow-unsorted-368013\" xmlns=\"http:\/\/www.w3.org\/2000\/svg\" width=\"10px\" height=\"10px\" viewbox=\"0 0 24 24\" version=\"1.2\" baseprofile=\"tiny\"><path d=\"M18.2 9.3l-6.2-6.3-6.2 6.3c-.2.2-.3.4-.3.7s.1.5.3.7c.2.2.4.3.7.3h11c.3 0 .5-.1.7-.3.2-.2.3-.5.3-.7s-.1-.5-.3-.7zM5.8 14.7l6.2 6.3 6.2-6.3c.2-.2.3-.5.3-.7s-.1-.5-.3-.7c-.2-.2-.4-.3-.7-.3h-11c-.3 0-.5.1-.7.3-.2.2-.3.5-.3.7s.1.5.3.7z\"\/><\/svg><\/span><\/span><\/span><\/a><\/span><\/div>\n<nav><ul class='ez-toc-list ez-toc-list-level-1 eztoc-toggle-hide-by-default' ><li class='ez-toc-page-1 ez-toc-heading-level-2'><a class=\"ez-toc-link ez-toc-heading-1\" href=\"https:\/\/moverdb.com\/cs\/freight-forwarder\/freight-forwarding-uk\/belfast-freight-forwarder\/#TCB_Group_Ltd\" >TCB Group Ltd<\/a><\/li><li class='ez-toc-page-1 ez-toc-heading-level-2'><a class=\"ez-toc-link ez-toc-heading-2\" href=\"https:\/\/moverdb.com\/cs\/freight-forwarder\/freight-forwarding-uk\/belfast-freight-forwarder\/#Johnson_Stevens_NI\" >Johnson Stevens (NI)<\/a><\/li><li class='ez-toc-page-1 ez-toc-heading-level-2'><a class=\"ez-toc-link ez-toc-heading-3\" href=\"https:\/\/moverdb.com\/cs\/freight-forwarder\/freight-forwarding-uk\/belfast-freight-forwarder\/#Total_Cargo_Container_Depot\" >Celkem skladi\u0161t\u011b n\u00e1kladn\u00edch kontejner\u016f<\/a><\/li><li class='ez-toc-page-1 ez-toc-heading-level-2'><a class=\"ez-toc-link ez-toc-heading-4\" href=\"https:\/\/moverdb.com\/cs\/freight-forwarder\/freight-forwarding-uk\/belfast-freight-forwarder\/#All_Cargo\" >Ve\u0161ker\u00fd n\u00e1klad<\/a><\/li><li class='ez-toc-page-1 ez-toc-heading-level-2'><a class=\"ez-toc-link ez-toc-heading-5\" href=\"https:\/\/moverdb.com\/cs\/freight-forwarder\/freight-forwarding-uk\/belfast-freight-forwarder\/#Cargo_Forwarding\" >Spedice n\u00e1kladu<\/a><\/li><li class='ez-toc-page-1 ez-toc-heading-level-2'><a class=\"ez-toc-link ez-toc-heading-6\" href=\"https:\/\/moverdb.com\/cs\/freight-forwarder\/freight-forwarding-uk\/belfast-freight-forwarder\/#Kuehne_Nagel_Belfast\" >Kuehne + Nagel Belfast<\/a><\/li><li class='ez-toc-page-1 ez-toc-heading-level-2'><a class=\"ez-toc-link ez-toc-heading-7\" href=\"https:\/\/moverdb.com\/cs\/freight-forwarder\/freight-forwarding-uk\/belfast-freight-forwarder\/#Roadliner_International\" >Roadliner International<\/a><\/li><li class='ez-toc-page-1 ez-toc-heading-level-2'><a class=\"ez-toc-link ez-toc-heading-8\" href=\"https:\/\/moverdb.com\/cs\/freight-forwarder\/freight-forwarding-uk\/belfast-freight-forwarder\/#Swissport\" >Swissport<\/a><\/li><li class='ez-toc-page-1 ez-toc-heading-level-2'><a class=\"ez-toc-link ez-toc-heading-9\" href=\"https:\/\/moverdb.com\/cs\/freight-forwarder\/freight-forwarding-uk\/belfast-freight-forwarder\/#Swissport-2\" >Swissport<\/a><\/li><li class='ez-toc-page-1 ez-toc-heading-level-2'><a class=\"ez-toc-link ez-toc-heading-10\" href=\"https:\/\/moverdb.com\/cs\/freight-forwarder\/freight-forwarding-uk\/belfast-freight-forwarder\/#Jenkinson_Logistics\" >Jenkinson Logistics<\/a><\/li><li class='ez-toc-page-1 ez-toc-heading-level-2'><a class=\"ez-toc-link ez-toc-heading-11\" href=\"https:\/\/moverdb.com\/cs\/freight-forwarder\/freight-forwarding-uk\/belfast-freight-forwarder\/#Ceva_Freight_UK_Ltd\" >Ceva Freight UK Ltd<\/a><\/li><li class='ez-toc-page-1 ez-toc-heading-level-2'><a class=\"ez-toc-link ez-toc-heading-12\" href=\"https:\/\/moverdb.com\/cs\/freight-forwarder\/freight-forwarding-uk\/belfast-freight-forwarder\/#How_we_picked_the_best_Belfast_Freight_Forwarding_Companies\" >Jak jsme vybrali nejlep\u0161\u00ed spedi\u010dn\u00ed spole\u010dnosti v Belfastu<\/a><\/li><\/ul><\/nav><\/div>\n<h2><span class=\"ez-toc-section\" id=\"TCB_Group_Ltd\"><\/span>TCB Group Ltd<span class=\"ez-toc-section-end\"><\/span><\/h2>\n<p><img decoding=\"async\" src=\"https:\/\/moverdb.com\/wp-content\/uploads\/AF1QipPlOhM3sy_5tWcywWrMM4cawJ8Fw9up3t68RIvpw408-h305-k-no.jpg\" alt='TCB Group Ltd' class=\"aligncenter\"><\/p>\n<p><strong>Popis z podniku: <\/strong>Ve spole\u010dnosti TCB Group se specializujeme na \u0159e\u0161en\u00ed dodavatelsk\u00e9ho \u0159et\u011bzce a intermod\u00e1ln\u00ed n\u00e1kladn\u00ed dopravy.<\/p>\n<p> Prost\u0159ednictv\u00edm vysoce kvalifikovan\u00e9ho a zku\u0161en\u00e9ho t\u00fdmu TCB Group spolupracujeme na \u0159e\u0161en\u00ed probl\u00e9m\u016f, \u0159\u00edzen\u00ed a dosahov\u00e1n\u00ed pozitivn\u00edch v\u00fdsledk\u016f pro podniky a organizace po cel\u00e9m sv\u011bt\u011b.<\/p>\n<p><strong>Dal\u0161\u00ed slu\u017eby:<\/strong><\/p>\n<p>\u017d\u00e1dn\u00fd nen\u00ed uveden<\/p>\n<p><strong>Adresa:<\/strong> 14, Pilots View, Heron Rd, Belfast BT3 9LE<\/p>\n<p><a href=\"http:\/\/tcbgroup.com\/\" target=\"_new\" rel=\"noopener\">Webov\u00e9 str\u00e1nky spole\u010dnosti TCB Group Ltd<\/a><\/p>\n<p><strong>Hodnocen\u00ed: <\/strong>4.5<br \/> <strong>Po\u010det recenz\u00ed:<\/strong> 2<br \/><a href=\"https:\/\/www.google.co.uk\/maps?cid=9803251466445250907&#038;hl=en&#038;gl=GB\" target=\"_new\" rel=\"noopener\">P\u0159e\u010dt\u011bte si recenze<\/a><\/p>\n<h2><span class=\"ez-toc-section\" id=\"Johnson_Stevens_NI\"><\/span>Johnson Stevens (NI)<span class=\"ez-toc-section-end\"><\/span><\/h2>\n<p><img decoding=\"async\" src=\"https:\/\/moverdb.com\/wp-content\/uploads\/thumbnailpanoid_stvvZ5pzE4wmIeKHDunrAcb_clientsearch.gws-prod.gpsw408h240yaw314.jpg\" alt='Johnson Stevens (NI)' class=\"aligncenter\"><\/p>\n<p><strong>Popis z podniku: <\/strong>Nebylo poskytnuto<\/p>\n<p><strong>Dal\u0161\u00ed slu\u017eby:<\/strong><\/p>\n<p>Distribu\u010dn\u00ed slu\u017eba<\/p>\n<p>Dodavatelsk\u00e1 spole\u010dnost<\/p>\n<p><strong>Adresa:<\/strong> 7 W Bank Rd, Belfast BT3 9JL<\/p>\n<p><a href=\"http:\/\/www.johnsonstevens.co.uk\/\" target=\"_new\" rel=\"noopener\">Webov\u00e9 str\u00e1nky spole\u010dnosti Johnson Stevens (NI)<\/a><\/p>\n<p><strong>Hodnocen\u00ed: <\/strong>5<br \/> <strong>Po\u010det recenz\u00ed:<\/strong> 1<br \/><a href=\"https:\/\/www.google.co.uk\/maps?cid=1218177584223176551&#038;hl=en&#038;gl=GB\" target=\"_new\" rel=\"noopener\">P\u0159e\u010dt\u011bte si recenze<\/a><\/p>\n<h2><span class=\"ez-toc-section\" id=\"Total_Cargo_Container_Depot\"><\/span>Celkem skladi\u0161t\u011b n\u00e1kladn\u00edch kontejner\u016f<span class=\"ez-toc-section-end\"><\/span><\/h2>\n<p><img decoding=\"async\" src=\"https:\/\/moverdb.com\/wp-content\/uploads\/AF1QipMmAH06JGHUXT-dCmBqNWon8EzGeAeHZSMkLlvnw426-h240-k-no.jpg\" alt='Celkem skladi\u0161t\u011b n\u00e1kladn\u00edch kontejner\u016f' class=\"aligncenter\"><\/p>\n<p><strong>Popis z podniku: <\/strong>Nebylo poskytnuto<\/p>\n<p><strong>Dal\u0161\u00ed slu\u017eby:<\/strong><\/p>\n<p>\u017d\u00e1dn\u00fd nen\u00ed uveden<\/p>\n<p><strong>Adresa:<\/strong> 4 W Bank Rd, Belfast BT3 9BY<\/p>\n<p><a href=\"https:\/\/www.totalcargoservices.co.uk\/\" target=\"_new\" rel=\"noopener\">Celkem webov\u00e9 str\u00e1nky Cargo Container Depot<\/a><\/p>\n<p><strong>Hodnocen\u00ed: <\/strong>4.6<br \/> <strong>Po\u010det recenz\u00ed:<\/strong> 10<br \/><a href=\"https:\/\/www.google.co.uk\/maps?cid=13553752146314056580&#038;hl=en&#038;gl=GB\" target=\"_new\" rel=\"noopener\">P\u0159e\u010dt\u011bte si recenze<\/a><\/p>\n<h2><span class=\"ez-toc-section\" id=\"All_Cargo\"><\/span>Ve\u0161ker\u00fd n\u00e1klad<span class=\"ez-toc-section-end\"><\/span><\/h2>\n<p><img decoding=\"async\" src=\"https:\/\/moverdb.com\/wp-content\/uploads\/thumbnailpanoidRLEuC01kkl9OoPMBpmtvOwcb_clientsearch.gws-prod.gpsw408h240yaw173.jpg\" alt='Ve\u0161ker\u00fd n\u00e1klad' class=\"aligncenter\"><\/p>\n<p><strong>Popis z podniku: <\/strong>Nebylo poskytnuto<\/p>\n<p><strong>Dal\u0161\u00ed slu\u017eby:<\/strong><\/p>\n<p>\u017d\u00e1dn\u00fd nen\u00ed uveden<\/p>\n<p><strong>Adresa:<\/strong> Ilford Rd, Crossnacreevy, Belfast BT6 9SN<\/p>\n<p><a href=\"http:\/\/www.allcargouk.com\/\" target=\"_new\" rel=\"noopener\">Webov\u00e9 str\u00e1nky spole\u010dnosti All Cargo<\/a><\/p>\n<p><strong>Hodnocen\u00ed: <\/strong>5<br \/> <strong>Po\u010det recenz\u00ed:<\/strong> 1<br \/><a href=\"https:\/\/www.google.co.uk\/maps?cid=14403747898268807637&#038;hl=en&#038;gl=GB\" target=\"_new\" rel=\"noopener\">P\u0159e\u010dt\u011bte si recenze<\/a><\/p>\n<h2><span class=\"ez-toc-section\" id=\"Cargo_Forwarding\"><\/span>Spedice n\u00e1kladu<span class=\"ez-toc-section-end\"><\/span><\/h2>\n<p><img decoding=\"async\" src=\"https:\/\/moverdb.com\/wp-content\/uploads\/AF1QipOwRUchJgpjPDabYKoA1PNtsAYpiAbKdCeW1ip9w532-h240-k-no.jpg\" alt='Spedice n\u00e1kladu' class=\"aligncenter\"><\/p>\n<p><strong>Popis z podniku: <\/strong>Nebylo poskytnuto<\/p>\n<p><strong>Dal\u0161\u00ed slu\u017eby:<\/strong><\/p>\n<p>Dodavatelsk\u00e1 spole\u010dnost<\/p>\n<p><strong>Adresa:<\/strong> 4 Edgewater Rd, Belfast BT3 9JQ<\/p>\n<p><a href=\"https:\/\/www.tr-logistics.com\/cargo-forwarding\/\" target=\"_new\" rel=\"noopener\">Webov\u00e9 str\u00e1nky spole\u010dnosti Cargo Forwarding<\/a><\/p>\n<p><strong>Hodnocen\u00ed: <\/strong>4.3<br \/> <strong>Po\u010det recenz\u00ed:<\/strong> 18<br \/><a href=\"https:\/\/www.google.co.uk\/maps?cid=3348088672348428293&#038;hl=en&#038;gl=GB\" target=\"_new\" rel=\"noopener\">P\u0159e\u010dt\u011bte si recenze<\/a><\/p>\n<h2><span class=\"ez-toc-section\" id=\"Kuehne_Nagel_Belfast\"><\/span>Kuehne + Nagel Belfast<span class=\"ez-toc-section-end\"><\/span><\/h2>\n<p><img decoding=\"async\" src=\"https:\/\/moverdb.com\/wp-content\/uploads\/thumbnailpanoidLbFNWhZ9VRHO4pooZwMVtwcb_clientsearch.gws-prod.gpsw408h240yaw174.jpg\" alt='Kuehne + Nagel Belfast' class=\"aligncenter\"><\/p>\n<p><strong>Popis z podniku: <\/strong>Kuehne + Nagel Belfast, <a href=\"https:\/\/moverdb.com\/cs\/moving-to-the-uk\/\" data-internallinksmanager029f6b8e52c=\"93\" title=\"St\u011bhujete se do Spojen\u00e9ho kr\u00e1lovstv\u00ed? 2022 \u017divotn\u00ed n\u00e1klady a tipy na st\u011bhov\u00e1n\u00ed\">UK<\/a><\/p>\n<p><strong>Dal\u0161\u00ed slu\u017eby:<\/strong><\/p>\n<p>\u017d\u00e1dn\u00fd nen\u00ed uveden<\/p>\n<p><strong>Adresa:<\/strong> 35 Dargan Rd, Belfast BT3 9LZ<\/p>\n<p><a href=\"https:\/\/uk.kuehne-nagel.com\/?utm_source=GMB&#038;utm_medium=GMB-UK&#038;utm_campaign=GMB-UK\" target=\"_new\" rel=\"noopener\">Webov\u00e9 str\u00e1nky spole\u010dnosti Kuehne + Nagel Belfast<\/a><\/p>\n<p><strong>Hodnocen\u00ed: <\/strong>5<br \/> <strong>Po\u010det recenz\u00ed:<\/strong> 2<br \/><a href=\"https:\/\/www.google.co.uk\/maps?cid=11012247135486676731&#038;hl=en&#038;gl=GB\" target=\"_new\" rel=\"noopener\">P\u0159e\u010dt\u011bte si recenze<\/a><\/p>\n<h2><span class=\"ez-toc-section\" id=\"Roadliner_International\"><\/span>Roadliner International<span class=\"ez-toc-section-end\"><\/span><\/h2>\n<p><img decoding=\"async\" src=\"https:\/\/moverdb.com\/wp-content\/uploads\/AF1QipMpjRjW3Skzi_qA-zxKR8M6Nh2TLg3TPsWqZtidw408-h306-k-no.jpg\" alt='Roadliner International' class=\"aligncenter\"><\/p>\n<p><strong>Popis z podniku: <\/strong>Seskupen\u00ed a pln\u00e1 z\u00e1t\u011b\u017e<br \/>\nSpecialist\u00e9 na evropskou silni\u010dn\u00ed a n\u00e1mo\u0159n\u00ed p\u0159epravu<\/p>\n<p><strong>Dal\u0161\u00ed slu\u017eby:<\/strong><\/p>\n<p>\u017d\u00e1dn\u00fd nen\u00ed uveden<\/p>\n<p><strong>Adresa:<\/strong> Unit 7, Graham Industrial Park, Dargan Cres, Belfast BT3 9LP<\/p>\n<p><a href=\"http:\/\/www.roadliner.com\/\" target=\"_new\" rel=\"noopener\">Webov\u00e9 str\u00e1nky spole\u010dnosti Roadliner International<\/a><\/p>\n<p><strong>Hodnocen\u00ed: <\/strong>4<br \/> <strong>Po\u010det recenz\u00ed:<\/strong> 7<br \/><a href=\"https:\/\/www.google.co.uk\/maps?cid=11476083937151180241&#038;hl=en&#038;gl=GB\" target=\"_new\" rel=\"noopener\">P\u0159e\u010dt\u011bte si recenze<\/a><\/p>\n<h2><span class=\"ez-toc-section\" id=\"Swissport\"><\/span>Swissport<span class=\"ez-toc-section-end\"><\/span><\/h2>\n<p><img decoding=\"async\" src=\"\" alt=\"Swissport\" class=\"aligncenter\"><\/p>\n<p><strong>Popis z podniku: <\/strong>Nebylo poskytnuto<\/p>\n<p><strong>Dal\u0161\u00ed slu\u017eby:<\/strong><\/p>\n<p>\u017d\u00e1dn\u00fd nen\u00ed uveden<\/p>\n<p><strong>Adresa:<\/strong> Airport Rd, Belfast BT29 4AB<\/p>\n<p><a href=\"http:\/\/www.swissport.com\/\" target=\"_new\" rel=\"noopener\">Webov\u00e9 str\u00e1nky spole\u010dnosti Swissport<\/a><\/p>\n<p><strong>Hodnocen\u00ed: <\/strong>2.6<br \/> <strong>Po\u010det recenz\u00ed:<\/strong> 19<br \/><a href=\"https:\/\/www.google.co.uk\/maps?cid=14179955090858579378&#038;hl=en&#038;gl=GB\" target=\"_new\" rel=\"noopener\">P\u0159e\u010dt\u011bte si recenze<\/a><\/p>\n<h2><span class=\"ez-toc-section\" id=\"Swissport-2\"><\/span>Swissport<span class=\"ez-toc-section-end\"><\/span><\/h2>\n<p><img decoding=\"async\" src=\"\" alt=\"Swissport\" class=\"aligncenter\"><\/p>\n<p><strong>Popis z podniku: <\/strong>Nebylo poskytnuto<\/p>\n<p><strong>Dal\u0161\u00ed slu\u017eby:<\/strong><\/p>\n<p>\u017d\u00e1dn\u00fd nen\u00ed uveden<\/p>\n<p><strong>Adresa:<\/strong> Leti\u0161t\u011b Belfast City, Sydenham By-Pass, Belfast BT3 9JH<\/p>\n<p><a href=\"https:\/\/www.swissport.com\/en\/network\/europe\/united-kingdom\/bhd\" target=\"_new\" rel=\"noopener\">Webov\u00e9 str\u00e1nky spole\u010dnosti Swissport<\/a><\/p>\n<p><strong>Hodnocen\u00ed: <\/strong>2.6<br \/> <strong>Po\u010det recenz\u00ed:<\/strong> 5<br \/><a href=\"https:\/\/www.google.co.uk\/maps?cid=1934761779884560628&#038;hl=en&#038;gl=GB\" target=\"_new\" rel=\"noopener\">P\u0159e\u010dt\u011bte si recenze<\/a><\/p>\n<h2><span class=\"ez-toc-section\" id=\"Jenkinson_Logistics\"><\/span>Jenkinson Logistics<span class=\"ez-toc-section-end\"><\/span><\/h2>\n<p><img decoding=\"async\" src=\"https:\/\/moverdb.com\/wp-content\/uploads\/thumbnailpanoidpq7W0GF4c7ckp4xIgZnHDgcb_clientsearch.gws-prod.gpsw408h240yaw7.jpg\" alt='Jenkinson Logistics' class=\"aligncenter\"><\/p>\n<p><strong>Popis z podniku: <\/strong>Nebylo poskytnuto<\/p>\n<p><strong>Dal\u0161\u00ed slu\u017eby:<\/strong><\/p>\n<p>P\u0159epravn\u00ed slu\u017eba<\/p>\n<p><strong>Adresa:<\/strong> 5 Edgewater Rd, Belfast BT3 9JQ<\/p>\n<p><a href=\"http:\/\/www.jenkinson.ie\/\" target=\"_new\" rel=\"noopener\">Webov\u00e9 str\u00e1nky spole\u010dnosti Jenkinson Logistics<\/a><\/p>\n<p><strong>Hodnocen\u00ed: <\/strong>4.7<br \/> <strong>Po\u010det recenz\u00ed:<\/strong> 3<br \/><a href=\"https:\/\/www.google.co.uk\/maps?cid=12084942811266835220&#038;hl=en&#038;gl=GB\" target=\"_new\" rel=\"noopener\">P\u0159e\u010dt\u011bte si recenze<\/a><\/p>\n<h2><span class=\"ez-toc-section\" id=\"Ceva_Freight_UK_Ltd\"><\/span>Ceva Freight UK Ltd<span class=\"ez-toc-section-end\"><\/span><\/h2>\n<p><img decoding=\"async\" src=\"https:\/\/moverdb.com\/wp-content\/uploads\/AF1QipOBSOs0Jww_x_1PW-BMbEhacNbQHQHKcet2c-qbw408-h306-k-no.jpg\" alt='Ceva Freight UK Ltd' class=\"aligncenter\"><\/p>\n<p><strong>Popis z podniku: <\/strong>CEVA Logistics poskytuje a provozuje \u0159e\u0161en\u00ed v oblasti dopravy a dodavatelsk\u00e9ho \u0159et\u011bzce.<\/p>\n<p> Nab\u00edz\u00ed \u0161irokou \u0161k\u00e1lu slu\u017eeb v oblasti smluvn\u00ed logistiky i \u0159\u00edzen\u00ed n\u00e1kladn\u00ed dopravy d\u00edky 78 000 zam\u011bstnanc\u016fm, kte\u0159\u00ed provozuj\u00ed v\u00edce ne\u017e 1 000 za\u0159\u00edzen\u00ed ve v\u00edce ne\u017e 160 zem\u00edch.<\/p>\n<p> Mezi z\u00e1kazn\u00edky pat\u0159\u00ed spole\u010dnosti z oblasti letectv\u00ed, automobilov\u00e9ho pr\u016fmyslu, spot\u0159ebn\u00edho zbo\u017e\u00ed, farmaceutick\u00e9ho pr\u016fmyslu, elektronick\u00e9ho obchodu, zdravotnictv\u00ed, showfight, technologi\u00ed a pr\u016fmyslu.<\/p>\n<p> CEVA Logistics je sou\u010d\u00e1st\u00ed skupiny CMA CGM,<\/p>\n<p><strong>Dal\u0161\u00ed slu\u017eby:<\/strong><\/p>\n<p>\u017d\u00e1dn\u00fd nen\u00ed uveden<\/p>\n<p><strong>Adresa:<\/strong> 1 W Bank Rd, Belfast BT3 9JL<\/p>\n<p><a href=\"http:\/\/www.cevalogistics.com\/\" target=\"_new\" rel=\"noopener\">Webov\u00e9 str\u00e1nky spole\u010dnosti Ceva Freight UK Ltd<\/a><\/p>\n<p><strong>Hodnocen\u00ed: <\/strong>5<br \/> <strong>Po\u010det recenz\u00ed:<\/strong> 1<br \/><a href=\"https:\/\/www.google.co.uk\/maps?cid=4191008941252728169&#038;hl=en&#038;gl=GB\" target=\"_new\" rel=\"noopener\">P\u0159e\u010dt\u011bte si recenze<\/a><\/p>\n<h2><span class=\"ez-toc-section\" id=\"How_we_picked_the_best_Belfast_Freight_Forwarding_Companies\"><\/span>Jak jsme vybrali nejlep\u0161\u00ed spedi\u010dn\u00ed spole\u010dnosti v Belfastu<span class=\"ez-toc-section-end\"><\/span><\/h2>\n<p>Vych\u00e1zeli jsme z datov\u00e9ho souboru 21 spedi\u010dn\u00edch spole\u010dnost\u00ed z Belfastu, kter\u00fd jsme na\u0161li na Map\u00e1ch Google, a z\u00fa\u017eili jej na 11 nejlep\u0161\u00edch.<\/p>\n<p>Za t\u00edmto \u00fa\u010delem jsme odstranili v\u0161echny spole\u010dnosti, kter\u00e9:<\/p>\n<ul>\n<li> Nem\u011bl \u017e\u00e1dn\u00e9 webov\u00e9 str\u00e1nky<\/li>\n<li> Nem\u011bl \u017e\u00e1dn\u00e9 recenze<\/li>\n<li> Pr\u016fm\u011brn\u00e9 hodnocen\u00ed ni\u017e\u0161\u00ed ne\u017e 2,0<\/li>\n<\/ul>\n<p>Pokud jsme v tomto okam\u017eiku m\u011bli 17 nebo m\u00e9n\u011b dopravc\u016f, uvedli jsme v\u0161echny.<\/p>\n<p>U m\u011bst, kde n\u00e1m z\u016fstalo v\u00edce ne\u017e 17 odes\u00edlatel\u016f, jsme provedli dal\u0161\u00ed revize bu\u010f zv\u00fd\u0161en\u00edm po\u017eadovan\u00e9ho po\u010dtu recenz\u00ed (nap\u0159. z minim\u00e1ln\u00edho po\u010dtu 2,0 na 4,0) a\/nebo zv\u00fd\u0161en\u00edm minim\u00e1ln\u00edho po\u010dtu po\u017eadovan\u00fdch recenz\u00ed (nap\u0159. z alespo\u0148 1 recenze na alespo\u0148 10).<\/p>\n<p>V\u0161imn\u011bte si, \u017ee jsme pou\u017eili pouze \u00fadaje o hodnocen\u00ed z Map Google, nikoli z jin\u00fdch webov\u00fdch str\u00e1nek t\u0159et\u00edch stran.<\/p>\n<p>Dal\u0161\u00ed m\u011bsta:<\/p>\n<p><a href=\"https:\/\/moverdb.com\/cs\/spedice\/freight-forwarding-uk\/hayes-freight-forwarder\/\">Spedice Hayes<\/a><br \/><a href=\"https:\/\/moverdb.com\/cs\/spedice\/freight-forwarding-uk\/bradford-freight-forwarder\/\">Spedice Bradford<\/a><br \/><a href=\"https:\/\/moverdb.com\/cs\/spedice\/freight-forwarding-uk\/derby-freight-forwarder\/\">Spedice Derby<\/a><br \/><a href=\"https:\/\/moverdb.com\/cs\/spedice\/freight-forwarding-uk\/southall-freight-forwarder\/\">Spedice Southall<\/a><br \/><a href=\"https:\/\/moverdb.com\/cs\/spedice\/freight-forwarding-uk\/coventry-freight-forwarder\/\">Spedice Coventry<\/a><\/p>","protected":false},"excerpt":{"rendered":"<p>Below we look at the 11 &#8220;best&#8221; Freight Forwarding companies in Belfast out of 21. To learn more about how we chose the best please consult our FAQ section at the end. Please not the following listings are in no particular order and we are not making any recommendations for any particular company. TCB Group [&hellip;]<\/p>\n","protected":false},"author":1,"featured_media":0,"parent":13427,"menu_order":0,"comment_status":"open","ping_status":"open","template":"","meta":{"_genesis_hide_title":false,"_genesis_hide_breadcrumbs":false,"_genesis_hide_singular_image":false,"_genesis_hide_footer_widgets":false,"_genesis_custom_body_class":"","_genesis_custom_post_class":"","_genesis_layout":"","footnotes":""},"class_list":{"0":"post-13701","1":"page","2":"type-page","3":"status-publish","5":"entry"},"_links":{"self":[{"href":"https:\/\/moverdb.com\/cs\/wp-json\/wp\/v2\/pages\/13701","targetHints":{"allow":["GET"]}}],"collection":[{"href":"https:\/\/moverdb.com\/cs\/wp-json\/wp\/v2\/pages"}],"about":[{"href":"https:\/\/moverdb.com\/cs\/wp-json\/wp\/v2\/types\/page"}],"author":[{"embeddable":true,"href":"https:\/\/moverdb.com\/cs\/wp-json\/wp\/v2\/users\/1"}],"replies":[{"embeddable":true,"href":"https:\/\/moverdb.com\/cs\/wp-json\/wp\/v2\/comments?post=13701"}],"version-history":[{"count":1,"href":"https:\/\/moverdb.com\/cs\/wp-json\/wp\/v2\/pages\/13701\/revisions"}],"predecessor-version":[{"id":15680,"href":"https:\/\/moverdb.com\/cs\/wp-json\/wp\/v2\/pages\/13701\/revisions\/15680"}],"up":[{"embeddable":true,"href":"https:\/\/moverdb.com\/cs\/wp-json\/wp\/v2\/pages\/13427"}],"wp:attachment":[{"href":"https:\/\/moverdb.com\/cs\/wp-json\/wp\/v2\/media?parent=13701"}],"curies":[{"name":"wp","href":"https:\/\/api.w.org\/{rel}","templated":true}]}}