{"id":13640,"date":"2023-11-08T15:51:25","date_gmt":"2023-11-08T15:51:25","guid":{"rendered":"https:\/\/moverdb.com\/freight-forwarder\/freight-forwarding-uk\/sheffield-freight-forwarder\/"},"modified":"2026-01-08T14:55:34","modified_gmt":"2026-01-08T14:55:34","slug":"sheffield-freight-forwarder","status":"publish","type":"page","link":"https:\/\/moverdb.com\/cs\/freight-forwarder\/freight-forwarding-uk\/sheffield-freight-forwarder\/","title":{"rendered":"12 nejlep\u0161\u00edch spedi\u010dn\u00edch firem v Sheffieldu (2024)"},"content":{"rendered":"<p>N\u00ed\u017ee se pod\u00edv\u00e1me na 12 <em>\"nejlep\u0161\u00ed\"<\/em> Spedi\u010dn\u00ed spole\u010dnosti v <a href=\"\" data-internallinksmanager029f6b8e52c=\"66\" title=\"Sheffield\">Sheffield<\/a> ze 17.<\/p>\n<p>Chcete-li se dozv\u011bd\u011bt v\u00edce o tom, jak jsme vyb\u00edrali ty nejlep\u0161\u00ed, pod\u00edvejte se do sekce \u010casto kladen\u00e9 dotazy na konci.<\/p>\n<p><em>Upozor\u0148ujeme, \u017ee n\u00e1sleduj\u00edc\u00ed seznamy nejsou \u0159azeny v \u017e\u00e1dn\u00e9m konkr\u00e9tn\u00edm po\u0159ad\u00ed a nedoporu\u010dujeme \u017e\u00e1dnou konkr\u00e9tn\u00ed spole\u010dnost.<\/em><\/p>\n<div id=\"ez-toc-container\" class=\"ez-toc-v2_0_82_2 ez-toc-wrap-left counter-hierarchy ez-toc-counter ez-toc-transparent ez-toc-container-direction\">\n<div class=\"ez-toc-title-container\">\n<p class=\"ez-toc-title\" style=\"cursor:inherit\">Sekce<\/p>\n<span class=\"ez-toc-title-toggle\"><a href=\"#\" class=\"ez-toc-pull-right ez-toc-btn ez-toc-btn-xs ez-toc-btn-default ez-toc-toggle\" aria-label=\"P\u0159epnut\u00ed tabulky obsahu\"><span class=\"ez-toc-js-icon-con\"><span class=\"\"><span class=\"eztoc-hide\" style=\"display:none;\">P\u0159ep\u00edna\u010d<\/span><span class=\"ez-toc-icon-toggle-span\"><svg style=\"fill: #999;color:#999\" xmlns=\"http:\/\/www.w3.org\/2000\/svg\" class=\"list-377408\" width=\"20px\" height=\"20px\" viewbox=\"0 0 24 24\" fill=\"none\"><path d=\"M6 6H4v2h2V6zm14 0H8v2h12V6zM4 11h2v2H4v-2zm16 0H8v2h12v-2zM4 16h2v2H4v-2zm16 0H8v2h12v-2z\" fill=\"currentColor\"><\/path><\/svg><svg style=\"fill: #999;color:#999\" class=\"arrow-unsorted-368013\" xmlns=\"http:\/\/www.w3.org\/2000\/svg\" width=\"10px\" height=\"10px\" viewbox=\"0 0 24 24\" version=\"1.2\" baseprofile=\"tiny\"><path d=\"M18.2 9.3l-6.2-6.3-6.2 6.3c-.2.2-.3.4-.3.7s.1.5.3.7c.2.2.4.3.7.3h11c.3 0 .5-.1.7-.3.2-.2.3-.5.3-.7s-.1-.5-.3-.7zM5.8 14.7l6.2 6.3 6.2-6.3c.2-.2.3-.5.3-.7s-.1-.5-.3-.7c-.2-.2-.4-.3-.7-.3h-11c-.3 0-.5.1-.7.3-.2.2-.3.5-.3.7s.1.5.3.7z\"\/><\/svg><\/span><\/span><\/span><\/a><\/span><\/div>\n<nav><ul class='ez-toc-list ez-toc-list-level-1 eztoc-toggle-hide-by-default' ><li class='ez-toc-page-1 ez-toc-heading-level-2'><a class=\"ez-toc-link ez-toc-heading-1\" href=\"https:\/\/moverdb.com\/cs\/freight-forwarder\/freight-forwarding-uk\/sheffield-freight-forwarder\/#NINE56_Ltd\" >NINE56 Ltd.<\/a><\/li><li class='ez-toc-page-1 ez-toc-heading-level-2'><a class=\"ez-toc-link ez-toc-heading-2\" href=\"https:\/\/moverdb.com\/cs\/freight-forwarder\/freight-forwarding-uk\/sheffield-freight-forwarder\/#Logillistics\" >Logistika<\/a><\/li><li class='ez-toc-page-1 ez-toc-heading-level-2'><a class=\"ez-toc-link ez-toc-heading-3\" href=\"https:\/\/moverdb.com\/cs\/freight-forwarder\/freight-forwarding-uk\/sheffield-freight-forwarder\/#Unity_Logistics\" >Logistika spole\u010dnosti Unity<\/a><\/li><li class='ez-toc-page-1 ez-toc-heading-level-2'><a class=\"ez-toc-link ez-toc-heading-4\" href=\"https:\/\/moverdb.com\/cs\/freight-forwarder\/freight-forwarding-uk\/sheffield-freight-forwarder\/#Quality_Freight_Services_Ltd\" >Quality Freight Services Ltd<\/a><\/li><li class='ez-toc-page-1 ez-toc-heading-level-2'><a class=\"ez-toc-link ez-toc-heading-5\" href=\"https:\/\/moverdb.com\/cs\/freight-forwarder\/freight-forwarding-uk\/sheffield-freight-forwarder\/#ATWS_Logistics_Consultancy_Ltd\" >ATWS Logistics Consultancy Ltd<\/a><\/li><li class='ez-toc-page-1 ez-toc-heading-level-2'><a class=\"ez-toc-link ez-toc-heading-6\" href=\"https:\/\/moverdb.com\/cs\/freight-forwarder\/freight-forwarding-uk\/sheffield-freight-forwarder\/#Metoni_Logistics\" >Metoni Logistics<\/a><\/li><li class='ez-toc-page-1 ez-toc-heading-level-2'><a class=\"ez-toc-link ez-toc-heading-7\" href=\"https:\/\/moverdb.com\/cs\/freight-forwarder\/freight-forwarding-uk\/sheffield-freight-forwarder\/#Freight_Despatch_Worldwide\" >Odes\u00edl\u00e1n\u00ed zbo\u017e\u00ed po cel\u00e9m sv\u011bt\u011b<\/a><\/li><li class='ez-toc-page-1 ez-toc-heading-level-2'><a class=\"ez-toc-link ez-toc-heading-8\" href=\"https:\/\/moverdb.com\/cs\/freight-forwarder\/freight-forwarding-uk\/sheffield-freight-forwarder\/#MBL_Worldwide\" >MBL Worldwide<\/a><\/li><li class='ez-toc-page-1 ez-toc-heading-level-2'><a class=\"ez-toc-link ez-toc-heading-9\" href=\"https:\/\/moverdb.com\/cs\/freight-forwarder\/freight-forwarding-uk\/sheffield-freight-forwarder\/#Dolphin_Freight_Services_Ltd\" >Dolphin Freight Services Ltd<\/a><\/li><li class='ez-toc-page-1 ez-toc-heading-level-2'><a class=\"ez-toc-link ez-toc-heading-10\" href=\"https:\/\/moverdb.com\/cs\/freight-forwarder\/freight-forwarding-uk\/sheffield-freight-forwarder\/#BSC-Essex_Freight\" >BSC-Essex Freight<\/a><\/li><li class='ez-toc-page-1 ez-toc-heading-level-2'><a class=\"ez-toc-link ez-toc-heading-11\" href=\"https:\/\/moverdb.com\/cs\/freight-forwarder\/freight-forwarding-uk\/sheffield-freight-forwarder\/#International_Freight_Solutions_Ltd\" >International Freight Solutions Ltd<\/a><\/li><li class='ez-toc-page-1 ez-toc-heading-level-2'><a class=\"ez-toc-link ez-toc-heading-12\" href=\"https:\/\/moverdb.com\/cs\/freight-forwarder\/freight-forwarding-uk\/sheffield-freight-forwarder\/#Worldwide_Logisitcs_Group_UK\" >Worldwide Logisitcs Group \u010cesk\u00e1 republika<\/a><\/li><li class='ez-toc-page-1 ez-toc-heading-level-2'><a class=\"ez-toc-link ez-toc-heading-13\" href=\"https:\/\/moverdb.com\/cs\/freight-forwarder\/freight-forwarding-uk\/sheffield-freight-forwarder\/#How_we_picked_the_best_Sheffield_Freight_Forwarding_Companies\" >Jak jsme vybrali nejlep\u0161\u00ed spedi\u010dn\u00ed spole\u010dnosti v Sheffieldu<\/a><\/li><\/ul><\/nav><\/div>\n<h2><span class=\"ez-toc-section\" id=\"NINE56_Ltd\"><\/span>NINE56 Ltd.<span class=\"ez-toc-section-end\"><\/span><\/h2>\n<p><img decoding=\"async\" src=\"https:\/\/moverdb.com\/wp-content\/uploads\/thumbnailpanoid7L5RtXsa0l2EVG_O5xd6cAcb_clientsearch.gws-prod.gpsw408h240yaw137.jpg\" alt='NINE56 Ltd.' class=\"aligncenter\"><\/p>\n<p><strong>Popis z podniku: <\/strong>Nebylo poskytnuto<\/p>\n<p><strong>Dal\u0161\u00ed slu\u017eby:<\/strong><\/p>\n<p>\u017d\u00e1dn\u00fd nen\u00ed uveden<\/p>\n<p><strong>Adresa:<\/strong> 492 Grimesthorpe Rd, Sheffield S4 8LE<\/p>\n<p><a href=\"http:\/\/racingphotographic.co.uk\/\" target=\"_new\" rel=\"noopener\">Webov\u00e9 str\u00e1nky spole\u010dnosti NINE56 Ltd.<\/a><\/p>\n<p><strong>Hodnocen\u00ed: <\/strong>2.5<br \/> <strong>Po\u010det recenz\u00ed:<\/strong> 2<br \/><a href=\"https:\/\/www.google.co.uk\/maps?cid=14583819038765427320&#038;hl=en&#038;gl=GB\" target=\"_new\" rel=\"noopener\">P\u0159e\u010dt\u011bte si recenze<\/a><\/p>\n<h2><span class=\"ez-toc-section\" id=\"Logillistics\"><\/span>Logistika<span class=\"ez-toc-section-end\"><\/span><\/h2>\n<p><img decoding=\"async\" src=\"https:\/\/moverdb.com\/wp-content\/uploads\/AF1QipOozHrdIDSafLAGaGa0d0eNczvAdrRqaFBW7OeVw408-h306-k-no.jpg\" alt='Logistika' class=\"aligncenter\"><\/p>\n<p><strong>Popis z podniku: <\/strong>Logillistics je expanduj\u00edc\u00ed region\u00e1ln\u00ed logistick\u00e1 spole\u010dnost, kter\u00e1 se siln\u011b zam\u011b\u0159uje na inovace, technologie a \u0161pi\u010dkov\u00e9 slu\u017eby a poskytuje integrovan\u00e1 logistick\u00e1 \u0159e\u0161en\u00ed zahrnuj\u00edc\u00ed projektovou logistiku, leteckou p\u0159epravu, n\u00e1mo\u0159n\u00ed p\u0159epravu, pozemn\u00ed p\u0159epravu, celn\u00ed odbaven\u00ed, skladov\u00e1n\u00ed a \u0159\u00edzen\u00ed distribuce.<\/p>\n<p><strong>Dal\u0161\u00ed slu\u017eby:<\/strong><\/p>\n<p>\u017d\u00e1dn\u00fd nen\u00ed uveden<\/p>\n<p><strong>Adresa:<\/strong> Park House Lane Sher-inghs House, Sheffield S9 1XA<\/p>\n<p><a href=\"http:\/\/www.logillistics.co.uk\/\" target=\"_new\" rel=\"noopener\">Webov\u00e9 str\u00e1nky spole\u010dnosti Logillistics<\/a><\/p>\n<p><strong>Hodnocen\u00ed: <\/strong>5<br \/> <strong>Po\u010det recenz\u00ed:<\/strong> 1<br \/><a href=\"https:\/\/www.google.co.uk\/maps?cid=5774184684835865063&#038;hl=en&#038;gl=GB\" target=\"_new\" rel=\"noopener\">P\u0159e\u010dt\u011bte si recenze<\/a><\/p>\n<h2><span class=\"ez-toc-section\" id=\"Unity_Logistics\"><\/span>Logistika spole\u010dnosti Unity<span class=\"ez-toc-section-end\"><\/span><\/h2>\n<p><img decoding=\"async\" src=\"https:\/\/moverdb.com\/wp-content\/uploads\/thumbnailpanoid90F28Hm5DQOoPjdwg5fxfwcb_clientsearch.gws-prod.gpsw408h240yaw318.jpg\" alt='Logistika spole\u010dnosti Unity' class=\"aligncenter\"><\/p>\n<p><strong>Popis z podniku: <\/strong><a href=\"https:\/\/moverdb.com\/cs\/moving-to-the-uk\/\" data-internallinksmanager029f6b8e52c=\"93\" title=\"St\u011bhujete se do Spojen\u00e9ho kr\u00e1lovstv\u00ed? 2022 \u017divotn\u00ed n\u00e1klady a tipy na st\u011bhov\u00e1n\u00ed\">UK<\/a> a mezin\u00e1rodn\u00ed spedi\u010dn\u00ed a p\u0159epravn\u00ed slu\u017eby.<\/p>\n<p> M\u016f\u017eeme v\u00e1m nab\u00eddnout p\u0159epravu zbo\u017e\u00ed po cel\u00e9m sv\u011bt\u011b po silnici, po mo\u0159i, letecky a kur\u00fdrn\u00ed slu\u017ebou a poskytnout souvisej\u00edc\u00ed slu\u017eby pro p\u0159epravu va\u0161eho zbo\u017e\u00ed z bodu A do bodu B.<\/p>\n<p><strong>Dal\u0161\u00ed slu\u017eby:<\/strong><\/p>\n<p>\u017d\u00e1dn\u00fd nen\u00ed uveden<\/p>\n<p><strong>Adresa:<\/strong> Eckington Business Centre, 1 62 Market St, Eckington, Sheffield S21 4JH<\/p>\n<p><a href=\"http:\/\/www.unitylogistics.co.uk\/\" target=\"_new\" rel=\"noopener\">Webov\u00e9 str\u00e1nky spole\u010dnosti Unity Logistics<\/a><\/p>\n<p><strong>Hodnocen\u00ed: <\/strong>5<br \/> <strong>Po\u010det recenz\u00ed:<\/strong> 4<br \/><a href=\"https:\/\/www.google.co.uk\/maps?cid=11473436603787998523&#038;hl=en&#038;gl=GB\" target=\"_new\" rel=\"noopener\">P\u0159e\u010dt\u011bte si recenze<\/a><\/p>\n<h2><span class=\"ez-toc-section\" id=\"Quality_Freight_Services_Ltd\"><\/span>Quality Freight Services Ltd<span class=\"ez-toc-section-end\"><\/span><\/h2>\n<p><img decoding=\"async\" src=\"\" alt=\"Quality Freight Services Ltd\" class=\"aligncenter\"><\/p>\n<p><strong>Popis z podniku: <\/strong>Nebylo poskytnuto<\/p>\n<p><strong>Dal\u0161\u00ed slu\u017eby:<\/strong><\/p>\n<p>\u017d\u00e1dn\u00fd nen\u00ed uveden<\/p>\n<p><strong>Adresa:<\/strong> Unit C Ground Floor, Centenary Works, 150 Little London Rd, Sheffield S8 0UJ<\/p>\n<p><a href=\"http:\/\/www.qualityfreight.co.uk\/\" target=\"_new\" rel=\"noopener\">Webov\u00e9 str\u00e1nky spole\u010dnosti Quality Freight Services Ltd<\/a><\/p>\n<p><strong>Hodnocen\u00ed: <\/strong>5<br \/> <strong>Po\u010det recenz\u00ed:<\/strong> 4<br \/><a href=\"https:\/\/www.google.co.uk\/maps?cid=9317226809595756605&#038;hl=en&#038;gl=GB\" target=\"_new\" rel=\"noopener\">P\u0159e\u010dt\u011bte si recenze<\/a><\/p>\n<h2><span class=\"ez-toc-section\" id=\"ATWS_Logistics_Consultancy_Ltd\"><\/span>ATWS Logistics Consultancy Ltd<span class=\"ez-toc-section-end\"><\/span><\/h2>\n<p><img decoding=\"async\" src=\"https:\/\/moverdb.com\/wp-content\/uploads\/thumbnailpanoidLdZLeayCoUw-bOuhWIH0uQcb_clientsearch.gws-prod.gpsw408h240yaw307.jpg\" alt='ATWS Logistics Consultancy Ltd' class=\"aligncenter\"><\/p>\n<p><strong>Popis z podniku: <\/strong>Spole\u010dnost ATWS Logistics se postar\u00e1 o v\u0161echny va\u0161e p\u0159epravn\u00ed pot\u0159eby a d\u00edky t\u00e9m\u011b\u0159 20 let\u016fm znalost\u00ed v oboru v\u00e1m porad\u00ed, jak\u00fd zp\u016fsob p\u0159epravy va\u0161eho zbo\u017e\u00ed je nejlep\u0161\u00ed nebo nejekonomi\u010dt\u011bj\u0161\u00ed.<\/p>\n<p>V\u00fdhodou na\u0161\u00ed spole\u010dnosti pro z\u00e1kazn\u00edka je hromadn\u00fd n\u00e1kup od dopravc\u016f, co\u017e znamen\u00e1, \u017ee v\u00e1m m\u016f\u017eeme nab\u00eddnout vynikaj\u00edc\u00ed \u00faspory oproti jejich online cen\u00edkov\u00fdm sazb\u00e1m.<\/p>\n<p> D\u016fv\u011b\u0159ujte p\u0159eprav\u011b s DHL, UPS, TNT, FedEx, DPD a dal\u0161\u00edmi mezin\u00e1rodn\u00edmi a britsk\u00fdmi kur\u00fdrn\u00edmi slu\u017ebami.<\/p>\n<p> Vyu\u017eijte n\u00e1\u0161 p\u0159\u00edstup ke konsolidovan\u00fdm sazb\u00e1m leteck\u00fdch spole\u010dnost\u00ed pro p\u0159epravu va\u0161eho n\u00e1kladu.<\/p>\n<p><strong>Dal\u0161\u00ed slu\u017eby:<\/strong><\/p>\n<p>Kur\u00fdrn\u00ed slu\u017eba<\/p>\n<p>Dodac\u00ed slu\u017eba<\/p>\n<p>V\u00fdvozce<\/p>\n<p>Importn\u00ed exportn\u00ed spole\u010dnost<\/p>\n<p>Logistick\u00e9 slu\u017eby<\/p>\n<p>Dopravn\u00ed slu\u017eby<\/p>\n<p><strong>Adresa:<\/strong> 39 Alison Cres, Sheffield S2 1AS<\/p>\n<p><a href=\"https:\/\/atwslogistics.co.uk\/\" target=\"_new\" rel=\"noopener\">Webov\u00e9 str\u00e1nky spole\u010dnosti ATWS Logistics Consultancy Ltd<\/a><\/p>\n<p><strong>Hodnocen\u00ed: <\/strong>5<br \/> <strong>Po\u010det recenz\u00ed:<\/strong> 9<br \/><a href=\"https:\/\/www.google.co.uk\/maps?cid=16625878453004844754&#038;hl=en&#038;gl=GB\" target=\"_new\" rel=\"noopener\">P\u0159e\u010dt\u011bte si recenze<\/a><\/p>\n<h2><span class=\"ez-toc-section\" id=\"Metoni_Logistics\"><\/span>Metoni Logistics<span class=\"ez-toc-section-end\"><\/span><\/h2>\n<p><img decoding=\"async\" src=\"https:\/\/moverdb.com\/wp-content\/uploads\/AF1QipMXpn3Z6-pul8TChflorww8t0DmUOlMeeh7M-r5w408-h532-k-no.jpg\" alt='Metoni Logistics' class=\"aligncenter\"><\/p>\n<p><strong>Popis z podniku: <\/strong>Spole\u010dnost Metoni Logistics poskytuje \u0159adu glob\u00e1ln\u00edch spedi\u010dn\u00edch slu\u017eeb, v\u010detn\u011b vnitrost\u00e1tn\u00ed p\u0159epravy, celn\u00edho odbaven\u00ed, kur\u00fdrn\u00edch slu\u017eeb, dovozu, v\u00fdvozu a pln\u011bn\u00ed objedn\u00e1vek \/ skladov\u00e1n\u00ed.<\/p>\n<p> Kontaktujte firmu a prodiskutujte sv\u00e9 po\u017eadavky, a\u0165 u\u017e ad-hoc, nebo na z\u00e1klad\u011b smlouvy.<\/p>\n<p> Otev\u00edrac\u00ed doba kancel\u00e1\u0159e je pond\u011bl\u00ed p\u00e1tek 08:30-17:30 hodin, nicm\u00e9n\u011b firma m\u016f\u017ee odpov\u00eddat na dotazy mimo tuto dobu prost\u0159ednictv\u00edm e-mailu.<\/p>\n<p><strong>Dal\u0161\u00ed slu\u017eby:<\/strong><\/p>\n<p>\u017d\u00e1dn\u00fd nen\u00ed uveden<\/p>\n<p><strong>Adresa:<\/strong> Units 2 &amp;, 3A Redwall Cl, Dinnington, Sheffield S25 3QA<\/p>\n<p><a href=\"https:\/\/www.metonilogistics.co.uk\/\" target=\"_new\" rel=\"noopener\">Webov\u00e9 str\u00e1nky spole\u010dnosti Metoni Logistics<\/a><\/p>\n<p><strong>Hodnocen\u00ed: <\/strong>4.8<br \/> <strong>Po\u010det recenz\u00ed:<\/strong> 22<br \/><a href=\"https:\/\/www.google.co.uk\/maps?cid=17438250919113913033&#038;hl=en&#038;gl=GB\" target=\"_new\" rel=\"noopener\">P\u0159e\u010dt\u011bte si recenze<\/a><\/p>\n<h2><span class=\"ez-toc-section\" id=\"Freight_Despatch_Worldwide\"><\/span>Odes\u00edl\u00e1n\u00ed zbo\u017e\u00ed po cel\u00e9m sv\u011bt\u011b<span class=\"ez-toc-section-end\"><\/span><\/h2>\n<p><img decoding=\"async\" src=\"https:\/\/moverdb.com\/wp-content\/uploads\/thumbnailpanoidLdZLeayCoUw-bOuhWIH0uQcb_clientsearch.gws-prod.gpsw408h240yaw309.jpg\" alt='Odes\u00edl\u00e1n\u00ed zbo\u017e\u00ed po cel\u00e9m sv\u011bt\u011b' class=\"aligncenter\"><\/p>\n<p><strong>Popis z podniku: <\/strong>Nebylo poskytnuto<\/p>\n<p><strong>Dal\u0161\u00ed slu\u017eby:<\/strong><\/p>\n<p>\u017d\u00e1dn\u00fd nen\u00ed uveden<\/p>\n<p><strong>Adresa:<\/strong> 39 Alison Cres, Sheffield S2 1AS<\/p>\n<p><a href=\"https:\/\/www.freightdespatch.com\/\" target=\"_new\" rel=\"noopener\">Webov\u00e9 str\u00e1nky Freight Despatch Worldwide<\/a><\/p>\n<p><strong>Hodnocen\u00ed: <\/strong>5<br \/> <strong>Po\u010det recenz\u00ed:<\/strong> 3<br \/><a href=\"https:\/\/www.google.co.uk\/maps?cid=3385489010189936138&#038;hl=en&#038;gl=GB\" target=\"_new\" rel=\"noopener\">P\u0159e\u010dt\u011bte si recenze<\/a><\/p>\n<h2><span class=\"ez-toc-section\" id=\"MBL_Worldwide\"><\/span>MBL Worldwide<span class=\"ez-toc-section-end\"><\/span><\/h2>\n<p><img decoding=\"async\" src=\"https:\/\/moverdb.com\/wp-content\/uploads\/AF1QipNeFZSxaoJjKTIys9kl9cMV4Ch2oFqrYgLMgBNLw408-h281-k-no.jpg\" alt='MBL Worldwide' class=\"aligncenter\"><\/p>\n<p><strong>Popis z podniku: <\/strong>Spole\u010dnost MBL Worldwide m\u00e1 v\u00edce ne\u017e 30 let zku\u0161enost\u00ed v oblasti dopravy a logistiky a poskytuje v\u00e1m i va\u0161\u00ed spole\u010dnosti jistotu, \u017ee va\u0161e zbo\u017e\u00ed je v bezpe\u010dn\u00fdch rukou, a to od vyzvednut\u00ed a\u017e po doru\u010den\u00ed.<\/p>\n<p> A\u0165 u\u017e se jedn\u00e1 o ob\u00e1lku s dokumenty, kter\u00e1 mus\u00ed b\u00fdt doru\u010dena v\u010das, nebo o n\u00e1klad mimo rozchod na druhou stranu sv\u011bta, m\u016f\u017eeme ho tam dopravit za v\u00e1s.<\/p>\n<p> Spole\u010dnost MBL Worldwide se specializuje na v\u0161echny druhy dopravy, do v\u0161ech kout\u016f sv\u011bta a z nich, p\u0159i\u010dem\u017e vyu\u017e\u00edv\u00e1 sv\u00e9 rozs\u00e1hl\u00e9 kontakty a agenty po cel\u00e9m sv\u011bt\u011b.<\/p>\n<p><strong>Dal\u0161\u00ed slu\u017eby:<\/strong><\/p>\n<p>\u017d\u00e1dn\u00fd nen\u00ed uveden<\/p>\n<p><strong>Adresa:<\/strong> 19C Orgreave Cl, Sheffield S13 9NP<\/p>\n<p><a href=\"http:\/\/www.mblworldwide.co.uk\/\" target=\"_new\" rel=\"noopener\">Webov\u00e9 str\u00e1nky MBL Worldwide<\/a><\/p>\n<p><strong>Hodnocen\u00ed: <\/strong>3.7<br \/> <strong>Po\u010det recenz\u00ed:<\/strong> 3<br \/><a href=\"https:\/\/www.google.co.uk\/maps?cid=11945059701134203149&#038;hl=en&#038;gl=GB\" target=\"_new\" rel=\"noopener\">P\u0159e\u010dt\u011bte si recenze<\/a><\/p>\n<h2><span class=\"ez-toc-section\" id=\"Dolphin_Freight_Services_Ltd\"><\/span>Dolphin Freight Services Ltd<span class=\"ez-toc-section-end\"><\/span><\/h2>\n<p><img decoding=\"async\" src=\"https:\/\/moverdb.com\/wp-content\/uploads\/thumbnailpanoidgRBR3ZxUVJAEj4FOLLM_Sgcb_clientsearch.gws-prod.gpsw408h240yaw343.jpg\" alt='Dolphin Freight Services Ltd' class=\"aligncenter\"><\/p>\n<p><strong>Popis z podniku: <\/strong>Nebylo poskytnuto<\/p>\n<p><strong>Dal\u0161\u00ed slu\u017eby:<\/strong><\/p>\n<p>\u017d\u00e1dn\u00fd nen\u00ed uveden<\/p>\n<p><strong>Adresa:<\/strong> Unit 3 Ranskill Ct, Tinsley, Sheffield S9 5FZ<\/p>\n<p><a href=\"http:\/\/www.dolphinfreight.co.uk\/\" target=\"_new\" rel=\"noopener\">Webov\u00e9 str\u00e1nky spole\u010dnosti Dolphin Freight Services Ltd<\/a><\/p>\n<p><strong>Hodnocen\u00ed: <\/strong>4.3<br \/> <strong>Po\u010det recenz\u00ed:<\/strong> 6<br \/><a href=\"https:\/\/www.google.co.uk\/maps?cid=841248966975053739&#038;hl=en&#038;gl=GB\" target=\"_new\" rel=\"noopener\">P\u0159e\u010dt\u011bte si recenze<\/a><\/p>\n<h2><span class=\"ez-toc-section\" id=\"BSC-Essex_Freight\"><\/span>BSC-Essex Freight<span class=\"ez-toc-section-end\"><\/span><\/h2>\n<p><img decoding=\"async\" src=\"https:\/\/moverdb.com\/wp-content\/uploads\/AF1QipPx-HgBMJYfK_9QwTemIMhc9_BCG0spx3Azcvy6w493-h240-k-no.jpg\" alt='BSC-Essex Freight' class=\"aligncenter\"><\/p>\n<p><strong>Popis z podniku: <\/strong>Nebylo poskytnuto<\/p>\n<p><strong>Dal\u0161\u00ed slu\u017eby:<\/strong><\/p>\n<p>\u017d\u00e1dn\u00fd nen\u00ed uveden<\/p>\n<p><strong>Adresa:<\/strong> Business Park, 58 Newhall Rd, Sheffield S9 2QD<\/p>\n<p><a href=\"http:\/\/www.bscessexfreight.com\/\" target=\"_new\" rel=\"noopener\">Webov\u00e9 str\u00e1nky spole\u010dnosti BSC-Essex Freight<\/a><\/p>\n<p><strong>Hodnocen\u00ed: <\/strong>4.5<br \/> <strong>Po\u010det recenz\u00ed:<\/strong> 31<br \/><a href=\"https:\/\/www.google.co.uk\/maps?cid=12739898572885287252&#038;hl=en&#038;gl=GB\" target=\"_new\" rel=\"noopener\">P\u0159e\u010dt\u011bte si recenze<\/a><\/p>\n<h2><span class=\"ez-toc-section\" id=\"International_Freight_Solutions_Ltd\"><\/span>International Freight Solutions Ltd<span class=\"ez-toc-section-end\"><\/span><\/h2>\n<p><img decoding=\"async\" src=\"https:\/\/moverdb.com\/wp-content\/uploads\/AF1QipOR7M0BTISXAFrqYQB-aeeiKaPPLRn56p1E2gBew408-h306-k-no.jpg\" alt='International Freight Solutions Ltd' class=\"aligncenter\"><\/p>\n<p><strong>Popis z podniku: <\/strong>Spole\u010dnost International Freight Solutions (IFS) nab\u00edz\u00ed \u0161irokou \u0161k\u00e1lu celosv\u011btov\u00fdch p\u0159epravn\u00edch slu\u017eeb pro export i import.<\/p>\n<p> V \u00fazk\u00e9 spolupr\u00e1ci s v\u00e1mi hled\u00e1me ta nejlep\u0161\u00ed \u0159e\u0161en\u00ed pro spln\u011bn\u00ed va\u0161ich logistick\u00fdch pot\u0159eb.<\/p>\n<p>V\u00fdvoz: Dovoz: Evropsk\u00e1: Celosv\u011btov\u00e1: N\u00e1mo\u0159n\u00ed p\u0159eprava: Leteck\u00e1 p\u0159eprava: Silni\u010dn\u00ed n\u00e1kladn\u00ed doprava: Mezin\u00e1rodn\u00ed kur\u00fdrn\u00ed slu\u017eby: Vyhrazen\u00e9 expresn\u00ed kur\u00fdrn\u00ed slu\u017eby po cel\u00e9 Velk\u00e9 Brit\u00e1nii a Evrop\u011b.<\/p>\n<p><strong>Dal\u0161\u00ed slu\u017eby:<\/strong><\/p>\n<p>\u017d\u00e1dn\u00fd nen\u00ed uveden<\/p>\n<p><strong>Adresa:<\/strong> Hydra Business Park, kancel\u00e1\u0159 10 Hydra House, Nether Ln, Sheffield S35 9ZX<\/p>\n<p><a href=\"http:\/\/www.intfreight.co.uk\/\" target=\"_new\" rel=\"noopener\">Webov\u00e9 str\u00e1nky spole\u010dnosti International Freight Solutions Ltd<\/a><\/p>\n<p><strong>Hodnocen\u00ed: <\/strong>4.9<br \/> <strong>Po\u010det recenz\u00ed:<\/strong> 32<br \/><a href=\"https:\/\/www.google.co.uk\/maps?cid=3898802828460418149&#038;hl=en&#038;gl=GB\" target=\"_new\" rel=\"noopener\">P\u0159e\u010dt\u011bte si recenze<\/a><\/p>\n<h2><span class=\"ez-toc-section\" id=\"Worldwide_Logisitcs_Group_UK\"><\/span>Worldwide Logisitcs Group \u010cesk\u00e1 republika<span class=\"ez-toc-section-end\"><\/span><\/h2>\n<p><img decoding=\"async\" src=\"https:\/\/moverdb.com\/wp-content\/uploads\/thumbnailpanoidj1AsC82rJB-PLDb-Ra5t8wcb_clientsearch.gws-prod.gpsw408h240yaw211.jpg\" alt='Worldwide Logisitcs Group \u010cesk\u00e1 republika' class=\"aligncenter\"><\/p>\n<p><strong>Popis z podniku: <\/strong>Nebylo poskytnuto<\/p>\n<p><strong>Dal\u0161\u00ed slu\u017eby:<\/strong><\/p>\n<p>\u017d\u00e1dn\u00fd nen\u00ed uveden<\/p>\n<p><strong>Adresa:<\/strong> Aizlewoods Mill, Nursery St, Sheffield S3 8GG<\/p>\n<p><a href=\"https:\/\/worldwidelogisticsltd.com\/uk\/\" target=\"_new\" rel=\"noopener\">Webov\u00e9 str\u00e1nky Worldwide Logisitcs Group UK<\/a><\/p>\n<p><strong>Hodnocen\u00ed: <\/strong>5<br \/> <strong>Po\u010det recenz\u00ed:<\/strong> 1<br \/><a href=\"https:\/\/www.google.co.uk\/maps?cid=12524890210797566915&#038;hl=en&#038;gl=GB\" target=\"_new\" rel=\"noopener\">P\u0159e\u010dt\u011bte si recenze<\/a><\/p>\n<h2><span class=\"ez-toc-section\" id=\"How_we_picked_the_best_Sheffield_Freight_Forwarding_Companies\"><\/span>Jak jsme vybrali nejlep\u0161\u00ed spedi\u010dn\u00ed spole\u010dnosti v Sheffieldu<span class=\"ez-toc-section-end\"><\/span><\/h2>\n<p>Vych\u00e1zeli jsme ze souboru dat 17 spedi\u010dn\u00edch spole\u010dnost\u00ed ze Sheffieldu, kter\u00e9 jsme na\u0161li na Map\u00e1ch Google, a z\u00fa\u017eili jsme jej na 12 nejlep\u0161\u00edch.<\/p>\n<p>Za t\u00edmto \u00fa\u010delem jsme odstranili v\u0161echny spole\u010dnosti, kter\u00e9:<\/p>\n<ul>\n<li> Nem\u011bl \u017e\u00e1dn\u00e9 webov\u00e9 str\u00e1nky<\/li>\n<li> Nem\u011bl \u017e\u00e1dn\u00e9 recenze<\/li>\n<li> Pr\u016fm\u011brn\u00e9 hodnocen\u00ed ni\u017e\u0161\u00ed ne\u017e 2,0<\/li>\n<\/ul>\n<p>Pokud jsme v tomto okam\u017eiku m\u011bli 17 nebo m\u00e9n\u011b dopravc\u016f, uvedli jsme v\u0161echny.<\/p>\n<p>U m\u011bst, kde n\u00e1m z\u016fstalo v\u00edce ne\u017e 17 odes\u00edlatel\u016f, jsme provedli dal\u0161\u00ed revize bu\u010f zv\u00fd\u0161en\u00edm po\u017eadovan\u00e9ho po\u010dtu recenz\u00ed (nap\u0159. z minim\u00e1ln\u00edho po\u010dtu 2,0 na 4,0) a\/nebo zv\u00fd\u0161en\u00edm minim\u00e1ln\u00edho po\u010dtu po\u017eadovan\u00fdch recenz\u00ed (nap\u0159. z alespo\u0148 1 recenze na alespo\u0148 10).<\/p>\n<p>V\u0161imn\u011bte si, \u017ee jsme pou\u017eili pouze \u00fadaje o hodnocen\u00ed z Map Google, nikoli z jin\u00fdch webov\u00fdch str\u00e1nek t\u0159et\u00edch stran.<\/p>\n<p>Dal\u0161\u00ed m\u011bsta:<\/p>\n<p><a href=\"https:\/\/moverdb.com\/cs\/spedice\/freight-forwarding-uk\/dover-freight-forwarder\/\">Spedice Dover<\/a><br \/><a href=\"https:\/\/moverdb.com\/cs\/spedice\/freight-forwarding-uk\/ashford-freight-forwarder\/\">Ashford Freight Forwarder<\/a><br \/><a href=\"https:\/\/moverdb.com\/cs\/spedice\/freight-forwarding-uk\/egham-freight-forwarder\/\">Spedice Egham<\/a><br \/><a href=\"https:\/\/moverdb.com\/cs\/spedice\/freight-forwarding-uk\/leeds-freight-forwarder\/\">Zas\u00edlatelstv\u00ed Leeds<\/a><br \/><a href=\"https:\/\/moverdb.com\/cs\/spedice\/freight-forwarding-uk\/belfast-freight-forwarder\/\">Spedice Belfast<\/a><\/p>","protected":false},"excerpt":{"rendered":"<p>Below we look at the 12 &#8220;best&#8221; Freight Forwarding companies in Sheffield out of 17. To learn more about how we chose the best please consult our FAQ section at the end. Please not the following listings are in no particular order and we are not making any recommendations for any particular company. NINE56 Ltd. [&hellip;]<\/p>\n","protected":false},"author":1,"featured_media":0,"parent":13427,"menu_order":0,"comment_status":"open","ping_status":"open","template":"","meta":{"_genesis_hide_title":false,"_genesis_hide_breadcrumbs":false,"_genesis_hide_singular_image":false,"_genesis_hide_footer_widgets":false,"_genesis_custom_body_class":"","_genesis_custom_post_class":"","_genesis_layout":"","footnotes":""},"class_list":{"0":"post-13640","1":"page","2":"type-page","3":"status-publish","5":"entry"},"_links":{"self":[{"href":"https:\/\/moverdb.com\/cs\/wp-json\/wp\/v2\/pages\/13640","targetHints":{"allow":["GET"]}}],"collection":[{"href":"https:\/\/moverdb.com\/cs\/wp-json\/wp\/v2\/pages"}],"about":[{"href":"https:\/\/moverdb.com\/cs\/wp-json\/wp\/v2\/types\/page"}],"author":[{"embeddable":true,"href":"https:\/\/moverdb.com\/cs\/wp-json\/wp\/v2\/users\/1"}],"replies":[{"embeddable":true,"href":"https:\/\/moverdb.com\/cs\/wp-json\/wp\/v2\/comments?post=13640"}],"version-history":[{"count":1,"href":"https:\/\/moverdb.com\/cs\/wp-json\/wp\/v2\/pages\/13640\/revisions"}],"predecessor-version":[{"id":15687,"href":"https:\/\/moverdb.com\/cs\/wp-json\/wp\/v2\/pages\/13640\/revisions\/15687"}],"up":[{"embeddable":true,"href":"https:\/\/moverdb.com\/cs\/wp-json\/wp\/v2\/pages\/13427"}],"wp:attachment":[{"href":"https:\/\/moverdb.com\/cs\/wp-json\/wp\/v2\/media?parent=13640"}],"curies":[{"name":"wp","href":"https:\/\/api.w.org\/{rel}","templated":true}]}}