{"id":11671,"date":"2023-11-29T10:19:29","date_gmt":"2023-11-29T10:19:29","guid":{"rendered":"https:\/\/moverdb.com\/?page_id=11671"},"modified":"2026-01-08T15:23:52","modified_gmt":"2026-01-08T15:23:52","slug":"moving-companies-us-utah","status":"publish","type":"page","link":"https:\/\/moverdb.com\/cs\/moving-companies\/moving-companies-us-utah\/","title":{"rendered":"2 Nejlep\u0161\u00ed mezin\u00e1rodn\u00ed st\u011bhovac\u00ed spole\u010dnosti v Utahu"},"content":{"rendered":"<p>St\u011bhov\u00e1n\u00ed m\u016f\u017ee b\u00fdt jedn\u00edm z nejstresov\u011bj\u0161\u00edch obdob\u00ed v \u017eivot\u011b, tak pro\u010d si nevy\u017e\u00e1dat podporu od <a href=\"https:\/\/moverdb.com\/cs\/moving-companies\/\" data-internallinksmanager029f6b8e52c=\"79\" title=\"Top 25 Mezin\u00e1rodn\u00ed st\u011bhovac\u00ed spole\u010dnosti Online\">st\u011bhovac\u00ed spole\u010dnost<\/a> sn\u00ed\u017eit tlak? St\u011bhovac\u00ed spole\u010dnost v\u00e1m m\u016f\u017ee napl\u00e1novat st\u011bhov\u00e1n\u00ed, zajistit p\u0159epravu a zabalit v\u011bci a v p\u0159\u00edpad\u011b st\u011bhov\u00e1n\u00ed do zahrani\u010d\u00ed tak\u00e9 vy\u0159\u00eddit celn\u00ed z\u00e1le\u017eitosti. N\u00ed\u017ee jsme sestavili seznam <a href=\"https:\/\/moverdb.com\/cs\/moving-to-the-united-states\/moving-to-utah\/\" data-internallinksmanager029f6b8e52c=\"439\" title=\"St\u011bhujete se do Utahu? 2026 N\u00e1klady na bydlen\u00ed a tipy na st\u011bhov\u00e1n\u00ed\">Utah<\/a> na adrese <a href=\"https:\/\/moverdb.com\/cs\/international-removals\/\" data-internallinksmanager029f6b8e52c=\"27\" title=\"36 nejlep\u0161\u00edch mezin\u00e1rodn\u00edch st\u011bhovac\u00edch spole\u010dnost\u00ed ve Velk\u00e9 Brit\u00e1nii\">st\u011bhovac\u00ed firmy<\/a> kter\u00e9 jsou \u010dleny <a href=\"https:\/\/moverdb.com\/cs\/iam\/\" data-internallinksmanager029f6b8e52c=\"23\" title=\"Vysv\u011btlen\u00ed Mezin\u00e1rodn\u00ed asociace st\u011bhov\u00e1k\u016f (IAM)\">Mezin\u00e1rodn\u00ed asociace st\u011bhov\u00e1k\u016f<\/a> (IAM) a\/nebo <a href=\"https:\/\/moverdb.com\/cs\/fidi-faim\/\" data-internallinksmanager029f6b8e52c=\"16\" title=\"Vysv\u011btlen\u00ed FIDI a FAIM (FIDI Accredited International Mover)\">FIDI<\/a> Akreditovan\u00e9 mezin\u00e1rodn\u00ed st\u011bhov\u00e1n\u00ed (FAIM), kter\u00e9 by v\u00e1m mohlo pomoci se st\u011bhov\u00e1n\u00edm.<\/p>\n<h2><strong>1. St\u011bhov\u00e1n\u00ed d\u011bdictv\u00ed<\/strong><\/h2>\n<p><img loading=\"lazy\" decoding=\"async\" class=\"alignnone size-full wp-image-11363\" src=\"https:\/\/moverdb.com\/wp-content\/uploads\/Legacy-Moving-international-moving-company.png\" alt=\"Legacy Moving mezin\u00e1rodn\u00ed st\u011bhov\u00e1n\u00ed spole\u010dnost\" width=\"1440\" height=\"675\" data-wp-pid=\"11363\" srcset=\"https:\/\/moverdb.com\/wp-content\/uploads\/Legacy-Moving-international-moving-company.png 1440w, https:\/\/moverdb.com\/wp-content\/uploads\/Legacy-Moving-international-moving-company-300x141.png 300w, https:\/\/moverdb.com\/wp-content\/uploads\/Legacy-Moving-international-moving-company-1024x480.png 1024w, https:\/\/moverdb.com\/wp-content\/uploads\/Legacy-Moving-international-moving-company-18x8.png 18w, https:\/\/moverdb.com\/wp-content\/uploads\/Legacy-Moving-international-moving-company-600x281.png 600w\" sizes=\"auto, (max-width: 1440px) 100vw, 1440px\" \/><\/p>\n<ul>\n<li>St\u011bhov\u00e1n\u00ed na n\u00e1rodn\u00ed \u00farovni<\/li>\n<li>Mezin\u00e1rodn\u00ed p\u0159esuny<\/li>\n<li>St\u011bhov\u00e1n\u00ed do obytn\u00fdch prostor<\/li>\n<li>Obchodn\u00ed a kancel\u00e1\u0159sk\u00e9 st\u011bhov\u00e1n\u00ed<\/li>\n<li>Kompletn\u00ed slu\u017eby st\u011bhov\u00e1n\u00ed<\/li>\n<li>Balic\u00ed slu\u017eba<\/li>\n<li>Zaji\u0161t\u011bn\u00ed dopravy<\/li>\n<li>Zku\u0161en\u00ed konzultanti<\/li>\n<li>Poji\u0161t\u011bno<\/li>\n<li>Zabezpe\u010den\u00e9 skladov\u00e1n\u00ed<\/li>\n<\/ul>\n<p>Legacy Moving je st\u011bhov\u00e1n\u00ed a skladov\u00e1n\u00ed spole\u010dnost se s\u00eddlem v St George. Je \u010dlenem IAM s \u0161estiletou zku\u0161enost\u00ed, kter\u00e1 j\u00ed poskytuje n\u00e1rodn\u00ed a mezin\u00e1rodn\u00ed s\u00ed\u0165 st\u011bhovac\u00edch firem, s nimi\u017e m\u016f\u017ee spolupracovat.<\/p>\n<p>Legacy Moving nab\u00edz\u00ed st\u011bhov\u00e1n\u00ed obytn\u00fdch, obchodn\u00edch a kancel\u00e1\u0159sk\u00fdch prostor na dlouh\u00e9 vzd\u00e1lenosti i do zahrani\u010d\u00ed. Nab\u00edz\u00ed balic\u00ed slu\u017ebu, kter\u00e1 vyu\u017e\u00edv\u00e1 profesion\u00e1ln\u00ed balic\u00ed pot\u0159eby a vy\u0161kolen\u00fd person\u00e1l, aby zajistila bezpe\u010dn\u00e9 zabalen\u00ed va\u0161ich v\u011bc\u00ed. Poskytuj\u00ed zku\u0161en\u00e9 poradce, kte\u0159\u00ed v\u00e1s podpo\u0159\u00ed p\u0159i st\u011bhov\u00e1n\u00ed, a jejich slu\u017eby jsou licencovan\u00e9 a poji\u0161t\u011bn\u00e9. Poskytuj\u00ed tak\u00e9 bezpe\u010dn\u00e9 skladovac\u00ed prostory, pokud je pot\u0159ebujete p\u0159i st\u011bhov\u00e1n\u00ed nebo p\u0159ed st\u011bhov\u00e1n\u00edm.<\/p>\n<p>Webov\u00e9 str\u00e1nky: <a href=\"https:\/\/legacymovingstgeorge.com\/\" target=\"_blank\" rel=\"noopener\">https:\/\/legacymovingstgeorge.com\/<\/a><\/p>\n<h2><strong>2. Mesa Moving &amp; Storage<\/strong><\/h2>\n<p><img loading=\"lazy\" decoding=\"async\" class=\"alignnone size-full wp-image-11375\" src=\"https:\/\/moverdb.com\/wp-content\/uploads\/Mesa-Moving-Storage-international-moving-company.png\" alt=\"Mesa Moving &amp; Storage mezin\u00e1rodn\u00ed st\u011bhov\u00e1n\u00ed spole\u010dnost\" width=\"1440\" height=\"678\" data-wp-pid=\"11375\" srcset=\"https:\/\/moverdb.com\/wp-content\/uploads\/Mesa-Moving-Storage-international-moving-company.png 1440w, https:\/\/moverdb.com\/wp-content\/uploads\/Mesa-Moving-Storage-international-moving-company-300x141.png 300w, https:\/\/moverdb.com\/wp-content\/uploads\/Mesa-Moving-Storage-international-moving-company-1024x482.png 1024w, https:\/\/moverdb.com\/wp-content\/uploads\/Mesa-Moving-Storage-international-moving-company-18x8.png 18w, https:\/\/moverdb.com\/wp-content\/uploads\/Mesa-Moving-Storage-international-moving-company-600x283.png 600w\" sizes=\"auto, (max-width: 1440px) 100vw, 1440px\" \/><\/p>\n<ul>\n<li>M\u00edstn\u00ed p\u0159esuny<\/li>\n<li>St\u011bhov\u00e1n\u00ed na dlouh\u00e9 vzd\u00e1lenosti<\/li>\n<li>St\u011bhov\u00e1n\u00ed dom\u00e1cnost\u00ed<\/li>\n<li>St\u011bhov\u00e1n\u00ed kancel\u00e1\u0159\u00ed a obchodn\u00edch prostor<\/li>\n<li>Balic\u00ed slu\u017eba<\/li>\n<li>Dopravn\u00ed opat\u0159en\u00ed<\/li>\n<li>Manipulace s um\u011bn\u00edm a staro\u017eitnostmi<\/li>\n<li><a href=\"https:\/\/moverdb.com\/cs\/car-transport-shipping\/\" data-internallinksmanager029f6b8e52c=\"2\" title=\"2026 Mezin\u00e1rodn\u00ed p\u0159eprava automobil\u016f &amp; P\u0159eprava vozidel Citace\">P\u0159eprava vozidel<\/a><\/li>\n<li>Skladovac\u00ed prostory<\/li>\n<\/ul>\n<p>Mesa Moving &amp; Storage je st\u011bhovac\u00ed spole\u010dnost zalo\u017een\u00e1 v roce 1981 s pobo\u010dkami v Salt Lake City, <a href=\"https:\/\/moverdb.com\/cs\/moving-to-the-united-states\/moving-to-colorado\/\" data-internallinksmanager029f6b8e52c=\"399\" title=\"St\u011bhujete se do Colorada? 2026 N\u00e1klady na bydlen\u00ed a tipy na st\u011bhov\u00e1n\u00ed\">Colorado<\/a> <a href=\"https:\/\/moverdb.com\/cs\/moving-to-the-united-states\/moving-to-idaho\/\" data-internallinksmanager029f6b8e52c=\"405\" title=\"St\u011bhujete se do Idaha? 2026 N\u00e1klady na bydlen\u00ed a tipy na st\u011bhov\u00e1n\u00ed\">Idaho<\/a> a <a href=\"https:\/\/moverdb.com\/cs\/moving-to-the-united-states\/moving-to-montana\/\" data-internallinksmanager029f6b8e52c=\"461\" title=\"St\u011bhujete se do Montany? 2024 N\u00e1klady na bydlen\u00ed a tipy na st\u011bhov\u00e1n\u00ed\">Montana<\/a>. Jsou agentem spole\u010dnosti United Van Lines, kter\u00e1 jim poskytuje s\u00ed\u0165 n\u00e1rodn\u00edch st\u011bhovac\u00edch spole\u010dnost\u00ed, s nimi\u017e mohou spolupracovat. Jsou \u010dlenem IAM s 12 lety zku\u0161enost\u00ed a jsou akreditov\u00e1ni FIDI.<\/p>\n<p>Spole\u010dnost Mesa Moving &amp; Storage nab\u00edz\u00ed st\u011bhovac\u00ed slu\u017eby pro dom\u00e1cnosti a kancel\u00e1\u0159e na m\u00edstn\u00ed i celost\u00e1tn\u00ed \u00farovni. Poskytuje profesion\u00e1ln\u00ed balic\u00ed slu\u017eby s kvalifikovan\u00fdmi a vy\u0161kolen\u00fdmi st\u011bhov\u00e1ky, kte\u0159\u00ed zajist\u00ed, aby va\u0161e v\u011bci byly vhodn\u011b a bezpe\u010dn\u011b zabaleny pro p\u0159epravu bez ohledu na jejich tvar a velikost.<\/p>\n<p>Webov\u00e9 str\u00e1nky: <a href=\"https:\/\/mesamoving.com\/\" target=\"_blank\" rel=\"noopener\">https:\/\/mesamoving.com\/<\/a><\/p>","protected":false},"excerpt":{"rendered":"<p>Moving can be one of the most stressful times in your life, so why not enlist the support of a moving company to reduce the pressure? A moving company can plan your move, arrange transportation and pack your belongings as well as handle customs if moving countries. Below we have compiled a list of Utah [&hellip;]<\/p>\n","protected":false},"author":4,"featured_media":11363,"parent":190,"menu_order":0,"comment_status":"closed","ping_status":"closed","template":"","meta":{"_genesis_hide_title":false,"_genesis_hide_breadcrumbs":false,"_genesis_hide_singular_image":false,"_genesis_hide_footer_widgets":false,"_genesis_custom_body_class":"","_genesis_custom_post_class":"","_genesis_layout":"","footnotes":""},"class_list":{"0":"post-11671","1":"page","2":"type-page","3":"status-publish","4":"has-post-thumbnail","6":"entry"},"_links":{"self":[{"href":"https:\/\/moverdb.com\/cs\/wp-json\/wp\/v2\/pages\/11671","targetHints":{"allow":["GET"]}}],"collection":[{"href":"https:\/\/moverdb.com\/cs\/wp-json\/wp\/v2\/pages"}],"about":[{"href":"https:\/\/moverdb.com\/cs\/wp-json\/wp\/v2\/types\/page"}],"author":[{"embeddable":true,"href":"https:\/\/moverdb.com\/cs\/wp-json\/wp\/v2\/users\/4"}],"replies":[{"embeddable":true,"href":"https:\/\/moverdb.com\/cs\/wp-json\/wp\/v2\/comments?post=11671"}],"version-history":[{"count":1,"href":"https:\/\/moverdb.com\/cs\/wp-json\/wp\/v2\/pages\/11671\/revisions"}],"predecessor-version":[{"id":11672,"href":"https:\/\/moverdb.com\/cs\/wp-json\/wp\/v2\/pages\/11671\/revisions\/11672"}],"up":[{"embeddable":true,"href":"https:\/\/moverdb.com\/cs\/wp-json\/wp\/v2\/pages\/190"}],"wp:featuredmedia":[{"embeddable":true,"href":"https:\/\/moverdb.com\/cs\/wp-json\/wp\/v2\/media\/11363"}],"wp:attachment":[{"href":"https:\/\/moverdb.com\/cs\/wp-json\/wp\/v2\/media?parent=11671"}],"curies":[{"name":"wp","href":"https:\/\/api.w.org\/{rel}","templated":true}]}}