{"id":11666,"date":"2023-11-29T10:31:41","date_gmt":"2023-11-29T10:31:41","guid":{"rendered":"https:\/\/moverdb.com\/?page_id=11666"},"modified":"2026-01-08T15:24:27","modified_gmt":"2026-01-08T15:24:27","slug":"moving-companies-us-tennessee","status":"publish","type":"page","link":"https:\/\/moverdb.com\/cs\/moving-companies\/moving-companies-us-tennessee\/","title":{"rendered":"3 Nejlep\u0161\u00ed mezin\u00e1rodn\u00ed st\u011bhovac\u00ed spole\u010dnosti v Tennessee"},"content":{"rendered":"<p>Pl\u00e1nujete st\u011bhov\u00e1n\u00ed? Pak vyu\u017eijte slu\u017eeb <a href=\"https:\/\/moverdb.com\/cs\/moving-companies\/\" data-internallinksmanager029f6b8e52c=\"79\" title=\"Top 25 Mezin\u00e1rodn\u00ed st\u011bhovac\u00ed spole\u010dnosti Online\">st\u011bhovac\u00ed spole\u010dnost<\/a> by mohl skute\u010dn\u011b pomoci sn\u00ed\u017eit pracovn\u00ed z\u00e1t\u011b\u017e. Mohou v\u00e1m pomoci s pl\u00e1nov\u00e1n\u00edm st\u011bhov\u00e1n\u00ed, zaji\u0161t\u011bn\u00edm p\u0159epravy, balen\u00edm v\u011bc\u00ed a vy\u0159izov\u00e1n\u00edm celn\u00edch z\u00e1le\u017eitost\u00ed p\u0159i mezin\u00e1rodn\u00edm st\u011bhov\u00e1n\u00ed. N\u00ed\u017ee jsme sestavili seznam <a href=\"https:\/\/moverdb.com\/cs\/moving-to-the-united-states\/moving-to-tennessee\/\" data-internallinksmanager029f6b8e52c=\"406\" title=\"St\u011bhov\u00e1n\u00ed do Tennessee? 2026 N\u00e1klady na bydlen\u00ed a tipy na p\u0159est\u011bhov\u00e1n\u00ed\">Tennessee<\/a> na adrese <a href=\"https:\/\/moverdb.com\/cs\/international-removals\/\" data-internallinksmanager029f6b8e52c=\"27\" title=\"36 nejlep\u0161\u00edch mezin\u00e1rodn\u00edch st\u011bhovac\u00edch spole\u010dnost\u00ed ve Velk\u00e9 Brit\u00e1nii\">st\u011bhovac\u00ed firmy<\/a> kter\u00e9 jsou \u010dleny <a href=\"https:\/\/moverdb.com\/cs\/iam\/\" data-internallinksmanager029f6b8e52c=\"23\" title=\"Vysv\u011btlen\u00ed Mezin\u00e1rodn\u00ed asociace st\u011bhov\u00e1k\u016f (IAM)\">Mezin\u00e1rodn\u00ed asociace st\u011bhov\u00e1k\u016f<\/a> (IAM) a\/nebo <a href=\"https:\/\/moverdb.com\/cs\/fidi-faim\/\" data-internallinksmanager029f6b8e52c=\"16\" title=\"Vysv\u011btlen\u00ed FIDI a FAIM (FIDI Accredited International Mover)\">FIDI<\/a> Akreditovan\u00e9 mezin\u00e1rodn\u00ed st\u011bhov\u00e1n\u00ed (FAIM), kter\u00e9 by v\u00e1m mohlo pomoci se st\u011bhov\u00e1n\u00edm.<\/p>\n<h2><strong>1. Apex Moving &amp; Storage<\/strong><\/h2>\n<p><img loading=\"lazy\" decoding=\"async\" class=\"alignnone size-full wp-image-11256\" src=\"https:\/\/moverdb.com\/wp-content\/uploads\/Apex-Moving-Storage-international-moving-company.png\" alt=\"Apex Moving &amp; Storage mezin\u00e1rodn\u00ed st\u011bhov\u00e1n\u00ed spole\u010dnost\" width=\"1440\" height=\"680\" data-wp-pid=\"11256\" srcset=\"https:\/\/moverdb.com\/wp-content\/uploads\/Apex-Moving-Storage-international-moving-company.png 1440w, https:\/\/moverdb.com\/wp-content\/uploads\/Apex-Moving-Storage-international-moving-company-300x142.png 300w, https:\/\/moverdb.com\/wp-content\/uploads\/Apex-Moving-Storage-international-moving-company-1024x484.png 1024w, https:\/\/moverdb.com\/wp-content\/uploads\/Apex-Moving-Storage-international-moving-company-18x9.png 18w, https:\/\/moverdb.com\/wp-content\/uploads\/Apex-Moving-Storage-international-moving-company-600x283.png 600w\" sizes=\"auto, (max-width: 1440px) 100vw, 1440px\" \/><\/p>\n<ul>\n<li>M\u00edstn\u00ed a d\u00e1lkov\u00e9 p\u0159esuny<\/li>\n<li>Mezin\u00e1rodn\u00ed p\u0159esuny<\/li>\n<li>St\u011bhov\u00e1n\u00ed do obytn\u00fdch prostor<\/li>\n<li>Komer\u010dn\u00ed p\u0159esuny<\/li>\n<li>St\u011bhov\u00e1n\u00ed firem<\/li>\n<li>Kompletn\u00ed balic\u00ed slu\u017eby<\/li>\n<li>Dopravn\u00ed opat\u0159en\u00ed<\/li>\n<li>Celn\u00ed odbaven\u00ed<\/li>\n<li>Technologie sledov\u00e1n\u00ed n\u00e1kladn\u00edch vozidel<\/li>\n<li>Skladovac\u00ed slu\u017eby<\/li>\n<\/ul>\n<p>Spole\u010dnost Apex Moving &amp; Storage byla zalo\u017eena v roce 1972 a s\u00eddl\u00ed ve m\u011bst\u011b Antioch. Je mezist\u00e1tn\u00edm agentem spole\u010dnosti Atlas, co\u017e ji spojuje s mezin\u00e1rodn\u00ed s\u00edt\u00ed profesion\u00e1ln\u00edch st\u011bhovac\u00edch firem, kter\u00e9 ji podporuj\u00ed. Jsou \u010dlenem IAM se 45 lety zku\u0161enost\u00ed.<\/p>\n<p>Spole\u010dnost Apex Moving &amp; Storage se star\u00e1 o mal\u00e9 i velk\u00e9 p\u0159esuny a dok\u00e1\u017ee vytvo\u0159it cenov\u011b v\u00fdhodn\u00e9 varianty, kter\u00e9 vyhov\u00ed v\u0161em pot\u0159eb\u00e1m. Nab\u00edz\u00ed st\u011bhovac\u00ed slu\u017eby od dve\u0159\u00ed ke dve\u0159\u00edm s konzultac\u00ed p\u0159ed st\u011bhov\u00e1n\u00edm a osobn\u00edm koordin\u00e1torem, kter\u00fd v\u00e1m bude n\u00e1pomocen. Nab\u00edzej\u00ed kompletn\u00ed balic\u00ed slu\u017eby a v p\u0159\u00edpad\u011b st\u011bhov\u00e1n\u00ed do zahrani\u010d\u00ed zajist\u00ed p\u0159epravu s celn\u00edm odbaven\u00edm.<\/p>\n<p>Webov\u00e9 str\u00e1nky: <a href=\"http:\/\/www.apexmoving.com\/\" target=\"_blank\" rel=\"noopener\">http:\/\/www.apexmoving.com\/<\/a><\/p>\n<h2><strong>2. Elizabeth's Moving Service<\/strong><\/h2>\n<p><img loading=\"lazy\" decoding=\"async\" class=\"alignnone size-full wp-image-11315\" src=\"https:\/\/moverdb.com\/wp-content\/uploads\/Elizabeths-Moving-Service-international-moving-company.png\" alt=\"Elizabeths Moving Service mezin\u00e1rodn\u00ed st\u011bhov\u00e1n\u00ed spole\u010dnost\" width=\"1440\" height=\"675\" data-wp-pid=\"11315\" srcset=\"https:\/\/moverdb.com\/wp-content\/uploads\/Elizabeths-Moving-Service-international-moving-company.png 1440w, https:\/\/moverdb.com\/wp-content\/uploads\/Elizabeths-Moving-Service-international-moving-company-300x141.png 300w, https:\/\/moverdb.com\/wp-content\/uploads\/Elizabeths-Moving-Service-international-moving-company-1024x480.png 1024w, https:\/\/moverdb.com\/wp-content\/uploads\/Elizabeths-Moving-Service-international-moving-company-18x8.png 18w, https:\/\/moverdb.com\/wp-content\/uploads\/Elizabeths-Moving-Service-international-moving-company-600x281.png 600w\" sizes=\"auto, (max-width: 1440px) 100vw, 1440px\" \/><\/p>\n<ul>\n<li>M\u00edstn\u00ed p\u0159esuny<\/li>\n<li>St\u011bhov\u00e1n\u00ed na dlouh\u00e9 vzd\u00e1lenosti<\/li>\n<li>St\u011bhov\u00e1n\u00ed dom\u00e1cnost\u00ed<\/li>\n<li>St\u011bhov\u00e1n\u00ed kancel\u00e1\u0159\u00ed a obchodn\u00edch prostor<\/li>\n<li>Vlastn\u00ed pl\u00e1n st\u011bhov\u00e1n\u00ed<\/li>\n<li>Balic\u00ed slu\u017eba<\/li>\n<li>Dopravn\u00ed opat\u0159en\u00ed<\/li>\n<li>Instalace spot\u0159ebi\u010d\u016f<\/li>\n<li>Manipulace s v\u00fdtvarn\u00fdm um\u011bn\u00edm<\/li>\n<li>Zabezpe\u010den\u00e9 skladovac\u00ed prostory<\/li>\n<\/ul>\n<p>Elizabeth's Moving Service je st\u011bhovac\u00ed a skladovac\u00ed spole\u010dnost se s\u00eddlem v Chattanooze. Je \u010dlenem IAM se \u0161estiletou zku\u0161enost\u00ed, co\u017e j\u00ed umo\u017e\u0148uje spolupracovat se s\u00edt\u00ed st\u011bhovac\u00edch agent\u016f, kte\u0159\u00ed poskytuj\u00ed slu\u017eby i mimo oblast jej\u00ed p\u016fsobnosti.<\/p>\n<p>St\u011bhovac\u00ed slu\u017eba Elizabeth's Moving Service nab\u00edz\u00ed prohl\u00eddku v m\u00edst\u011b bydli\u0161t\u011b, kter\u00e1 v\u00e1m poskytne p\u0159esnou cenovou nab\u00eddku. Nab\u00edz\u00ed kompletn\u00ed st\u011bhovac\u00ed slu\u017eby, p\u0159i kter\u00fdch zabal\u00ed a ode\u0161le va\u0161e v\u011bci na m\u00edstn\u00ed, d\u00e1lkov\u00e9 i mezin\u00e1rodn\u00ed st\u011bhov\u00e1n\u00ed. Poskytuj\u00ed vysoce kvalitn\u00ed balic\u00ed slu\u017eby s vy\u0161kolen\u00fdmi balic\u00edmi pracovn\u00edky, kte\u0159\u00ed ochr\u00e1n\u00ed va\u0161e v\u011bci p\u0159i p\u0159eprav\u011b, co\u017e zahrnuje d\u0159ev\u011bn\u00e9 bedny pro k\u0159ehk\u00e9 p\u0159edm\u011bty a ochranu va\u0161eho domova b\u011bhem st\u011bhov\u00e1n\u00ed.<\/p>\n<p>Webov\u00e9 str\u00e1nky: <a href=\"http:\/\/www.elizabethsmoving.com\" target=\"_blank\" rel=\"noopener\">http:\/\/www.elizabethsmoving.com<\/a><\/p>\n<h2><strong>3. Spole\u010dnost Still Transfer<\/strong><\/h2>\n<p><img loading=\"lazy\" decoding=\"async\" class=\"alignnone size-full wp-image-11449\" src=\"https:\/\/moverdb.com\/wp-content\/uploads\/Still-Transfer-Company-international-moving-company.png\" alt=\"St\u00e1le Transfer Company mezin\u00e1rodn\u00ed st\u011bhov\u00e1n\u00ed spole\u010dnost\" width=\"1440\" height=\"677\" data-wp-pid=\"11449\" srcset=\"https:\/\/moverdb.com\/wp-content\/uploads\/Still-Transfer-Company-international-moving-company.png 1440w, https:\/\/moverdb.com\/wp-content\/uploads\/Still-Transfer-Company-international-moving-company-300x141.png 300w, https:\/\/moverdb.com\/wp-content\/uploads\/Still-Transfer-Company-international-moving-company-1024x481.png 1024w, https:\/\/moverdb.com\/wp-content\/uploads\/Still-Transfer-Company-international-moving-company-18x8.png 18w, https:\/\/moverdb.com\/wp-content\/uploads\/Still-Transfer-Company-international-moving-company-600x282.png 600w\" sizes=\"auto, (max-width: 1440px) 100vw, 1440px\" \/><\/p>\n<ul>\n<li>M\u00edstn\u00ed a d\u00e1lkov\u00e9 p\u0159esuny<\/li>\n<li>Mezin\u00e1rodn\u00ed p\u0159esuny<\/li>\n<li>St\u011bhov\u00e1n\u00ed do obytn\u00fdch prostor<\/li>\n<li>Obchodn\u00ed a kancel\u00e1\u0159sk\u00e9 st\u011bhov\u00e1n\u00ed<\/li>\n<li>Balic\u00ed slu\u017eba<\/li>\n<li>Dopravn\u00ed opat\u0159en\u00ed<\/li>\n<li>Celn\u00ed zprost\u0159edkov\u00e1n\u00ed<\/li>\n<li>Pohyby hudebn\u00edho n\u00e1stroje<\/li>\n<li>Bezpe\u010dn\u00e9 kr\u00e1tkodob\u00e9 a dlouhodob\u00e9 skladov\u00e1n\u00ed<\/li>\n<\/ul>\n<p>Still Transfer Company je st\u011bhovac\u00ed a spedi\u010dn\u00ed spole\u010dnost zalo\u017een\u00e1 v roce 1928 se s\u00eddlem v Kingsportu. Je \u010dlenem IAM s 95 lety zku\u0161enost\u00ed, co\u017e j\u00ed poskytuje celosv\u011btovou s\u00ed\u0165 st\u011bhovac\u00edch spole\u010dnost\u00ed, s nimi\u017e spolupracuje p\u0159i poskytov\u00e1n\u00ed slu\u017eeb.<\/p>\n<p>Spole\u010dnost Still Transfer Company nab\u00edz\u00ed mal\u00e9 i velk\u00e9 st\u011bhovac\u00ed slu\u017eby pro m\u00edstn\u00ed, d\u00e1lkov\u00e9 a mezin\u00e1rodn\u00ed st\u011bhov\u00e1n\u00ed pro obytn\u00e9, obchodn\u00ed, kancel\u00e1\u0159sk\u00e9 a pr\u016fmyslov\u00e9 st\u011bhov\u00e1n\u00ed. Poskytuje st\u011bhovac\u00ed a balic\u00ed slu\u017eby pro bezpe\u010dn\u00e9 p\u0159em\u00edst\u011bn\u00ed va\u0161ich v\u011bc\u00ed na m\u00edsto ur\u010den\u00ed a zaji\u0161\u0165uje tak\u00e9 celn\u00ed zprost\u0159edkov\u00e1n\u00ed. Nab\u00edzej\u00ed tak\u00e9 bezpe\u010dn\u00e9 kr\u00e1tkodob\u00e9 nebo dlouhodob\u00e9 skladovac\u00ed prostory.<\/p>\n<p>Webov\u00e9 str\u00e1nky: <a href=\"http:\/\/www.stilltransfer.net\" target=\"_blank\" rel=\"noopener\">http:\/\/www.stilltransfer.net<\/a><\/p>","protected":false},"excerpt":{"rendered":"<p>Are you planning a move? Then engaging the services of a moving company could really help ease the workload. They can assist with planning your move, transportation arrangements, packing your belongings and handling customs on international moves. Below we have compiled a list of Tennessee based removal companies that are members of the International Association [&hellip;]<\/p>\n","protected":false},"author":4,"featured_media":11256,"parent":190,"menu_order":0,"comment_status":"closed","ping_status":"closed","template":"","meta":{"_genesis_hide_title":false,"_genesis_hide_breadcrumbs":false,"_genesis_hide_singular_image":false,"_genesis_hide_footer_widgets":false,"_genesis_custom_body_class":"","_genesis_custom_post_class":"","_genesis_layout":"","footnotes":""},"class_list":{"0":"post-11666","1":"page","2":"type-page","3":"status-publish","4":"has-post-thumbnail","6":"entry"},"_links":{"self":[{"href":"https:\/\/moverdb.com\/cs\/wp-json\/wp\/v2\/pages\/11666","targetHints":{"allow":["GET"]}}],"collection":[{"href":"https:\/\/moverdb.com\/cs\/wp-json\/wp\/v2\/pages"}],"about":[{"href":"https:\/\/moverdb.com\/cs\/wp-json\/wp\/v2\/types\/page"}],"author":[{"embeddable":true,"href":"https:\/\/moverdb.com\/cs\/wp-json\/wp\/v2\/users\/4"}],"replies":[{"embeddable":true,"href":"https:\/\/moverdb.com\/cs\/wp-json\/wp\/v2\/comments?post=11666"}],"version-history":[{"count":1,"href":"https:\/\/moverdb.com\/cs\/wp-json\/wp\/v2\/pages\/11666\/revisions"}],"predecessor-version":[{"id":11667,"href":"https:\/\/moverdb.com\/cs\/wp-json\/wp\/v2\/pages\/11666\/revisions\/11667"}],"up":[{"embeddable":true,"href":"https:\/\/moverdb.com\/cs\/wp-json\/wp\/v2\/pages\/190"}],"wp:featuredmedia":[{"embeddable":true,"href":"https:\/\/moverdb.com\/cs\/wp-json\/wp\/v2\/media\/11256"}],"wp:attachment":[{"href":"https:\/\/moverdb.com\/cs\/wp-json\/wp\/v2\/media?parent=11666"}],"curies":[{"name":"wp","href":"https:\/\/api.w.org\/{rel}","templated":true}]}}