{"id":11661,"date":"2023-11-29T10:50:19","date_gmt":"2023-11-29T10:50:19","guid":{"rendered":"https:\/\/moverdb.com\/?page_id=11661"},"modified":"2026-01-08T15:29:26","modified_gmt":"2026-01-08T15:29:26","slug":"moving-companies-us-sterling","status":"publish","type":"page","link":"https:\/\/moverdb.com\/cs\/moving-companies\/moving-companies-us-sterling\/","title":{"rendered":"6 nejlep\u0161\u00edch mezin\u00e1rodn\u00edch st\u011bhovac\u00edch spole\u010dnost\u00ed ve Sterlingu"},"content":{"rendered":"<p>St\u011bhov\u00e1n\u00ed m\u016f\u017ee b\u00fdt n\u00e1ro\u010dn\u00e9, a tak v\u00e1m pomoc m\u016f\u017ee uleh\u010dit pr\u00e1ci. M\u016f\u017eete si najmout <a href=\"https:\/\/moverdb.com\/cs\/moving-companies\/\" data-internallinksmanager029f6b8e52c=\"79\" title=\"Top 25 Mezin\u00e1rodn\u00ed st\u011bhovac\u00ed spole\u010dnosti Online\">st\u011bhovac\u00ed spole\u010dnost<\/a> kter\u00e1 v\u00e1m pom\u016f\u017ee s celou \u0159adou st\u011bhovac\u00edch \u00fakon\u016f v\u010detn\u011b pl\u00e1nov\u00e1n\u00ed st\u011bhov\u00e1n\u00ed, balen\u00ed v\u011bc\u00ed, zaji\u0161t\u011bn\u00ed p\u0159epravy a vy\u0159\u00edzen\u00ed celn\u00ed dokumentace. N\u00ed\u017ee jsme sestavili seznam firem se s\u00eddlem ve Sterlingu. <a href=\"https:\/\/moverdb.com\/cs\/international-removals\/\" data-internallinksmanager029f6b8e52c=\"27\" title=\"36 nejlep\u0161\u00edch mezin\u00e1rodn\u00edch st\u011bhovac\u00edch spole\u010dnost\u00ed ve Velk\u00e9 Brit\u00e1nii\">st\u011bhovac\u00ed firmy<\/a> kter\u00e9 jsou \u010dleny <a href=\"https:\/\/moverdb.com\/cs\/iam\/\" data-internallinksmanager029f6b8e52c=\"23\" title=\"Vysv\u011btlen\u00ed Mezin\u00e1rodn\u00ed asociace st\u011bhov\u00e1k\u016f (IAM)\">Mezin\u00e1rodn\u00ed asociace st\u011bhov\u00e1k\u016f<\/a> (IAM) a\/nebo <a href=\"https:\/\/moverdb.com\/cs\/fidi-faim\/\" data-internallinksmanager029f6b8e52c=\"16\" title=\"Vysv\u011btlen\u00ed FIDI a FAIM (FIDI Accredited International Mover)\">FIDI<\/a> Akreditovan\u00e9 mezin\u00e1rodn\u00ed st\u011bhov\u00e1n\u00ed (FAIM), kter\u00e9 by v\u00e1m mohlo pomoci se st\u011bhov\u00e1n\u00edm.<\/p>\n<div id=\"ez-toc-container\" class=\"ez-toc-v2_0_82_2 ez-toc-wrap-left counter-hierarchy ez-toc-counter ez-toc-transparent ez-toc-container-direction\">\n<div class=\"ez-toc-title-container\">\n<p class=\"ez-toc-title\" style=\"cursor:inherit\">Sekce<\/p>\n<span class=\"ez-toc-title-toggle\"><a href=\"#\" class=\"ez-toc-pull-right ez-toc-btn ez-toc-btn-xs ez-toc-btn-default ez-toc-toggle\" aria-label=\"P\u0159epnut\u00ed tabulky obsahu\"><span class=\"ez-toc-js-icon-con\"><span class=\"\"><span class=\"eztoc-hide\" style=\"display:none;\">P\u0159ep\u00edna\u010d<\/span><span class=\"ez-toc-icon-toggle-span\"><svg style=\"fill: #999;color:#999\" xmlns=\"http:\/\/www.w3.org\/2000\/svg\" class=\"list-377408\" width=\"20px\" height=\"20px\" viewbox=\"0 0 24 24\" fill=\"none\"><path d=\"M6 6H4v2h2V6zm14 0H8v2h12V6zM4 11h2v2H4v-2zm16 0H8v2h12v-2zM4 16h2v2H4v-2zm16 0H8v2h12v-2z\" fill=\"currentColor\"><\/path><\/svg><svg style=\"fill: #999;color:#999\" class=\"arrow-unsorted-368013\" xmlns=\"http:\/\/www.w3.org\/2000\/svg\" width=\"10px\" height=\"10px\" viewbox=\"0 0 24 24\" version=\"1.2\" baseprofile=\"tiny\"><path d=\"M18.2 9.3l-6.2-6.3-6.2 6.3c-.2.2-.3.4-.3.7s.1.5.3.7c.2.2.4.3.7.3h11c.3 0 .5-.1.7-.3.2-.2.3-.5.3-.7s-.1-.5-.3-.7zM5.8 14.7l6.2 6.3 6.2-6.3c.2-.2.3-.5.3-.7s-.1-.5-.3-.7c-.2-.2-.4-.3-.7-.3h-11c-.3 0-.5.1-.7.3-.2.2-.3.5-.3.7s.1.5.3.7z\"\/><\/svg><\/span><\/span><\/span><\/a><\/span><\/div>\n<nav><ul class='ez-toc-list ez-toc-list-level-1 eztoc-toggle-hide-by-default' ><li class='ez-toc-page-1 ez-toc-heading-level-2'><a class=\"ez-toc-link ez-toc-heading-1\" href=\"https:\/\/moverdb.com\/cs\/moving-companies\/moving-companies-us-sterling\/#1_Brauns_International\" >1. Brauns International<\/a><\/li><li class='ez-toc-page-1 ez-toc-heading-level-2'><a class=\"ez-toc-link ez-toc-heading-2\" href=\"https:\/\/moverdb.com\/cs\/moving-companies\/moving-companies-us-sterling\/#2_DN_Van_Lines\" >2. DN Van Lines<\/a><\/li><li class='ez-toc-page-1 ez-toc-heading-level-2'><a class=\"ez-toc-link ez-toc-heading-3\" href=\"https:\/\/moverdb.com\/cs\/moving-companies\/moving-companies-us-sterling\/#3_JK_Moving_Services\" >3. St\u011bhovac\u00ed slu\u017eby JK<\/a><\/li><li class='ez-toc-page-1 ez-toc-heading-level-2'><a class=\"ez-toc-link ez-toc-heading-4\" href=\"https:\/\/moverdb.com\/cs\/moving-companies\/moving-companies-us-sterling\/#4_Laing_International\" >4. Laing International<\/a><\/li><li class='ez-toc-page-1 ez-toc-heading-level-2'><a class=\"ez-toc-link ez-toc-heading-5\" href=\"https:\/\/moverdb.com\/cs\/moving-companies\/moving-companies-us-sterling\/#5_RelogistiX\" >5. RelogistiX<\/a><\/li><li class='ez-toc-page-1 ez-toc-heading-level-2'><a class=\"ez-toc-link ez-toc-heading-6\" href=\"https:\/\/moverdb.com\/cs\/moving-companies\/moving-companies-us-sterling\/#6_Star_Moving_Solutions\" >6. Star Moving Solutions<\/a><\/li><\/ul><\/nav><\/div>\n<h2><span class=\"ez-toc-section\" id=\"1_Brauns_International\"><\/span><strong>1. Brauns International<\/strong><span class=\"ez-toc-section-end\"><\/span><\/h2>\n<p><img loading=\"lazy\" decoding=\"async\" class=\"alignnone size-full wp-image-7421\" src=\"https:\/\/moverdb.com\/wp-content\/uploads\/Brauns-International-moving-company.png\" alt=\"Brauns Mezin\u00e1rodn\u00ed st\u011bhov\u00e1n\u00ed spole\u010dnost\" width=\"1440\" height=\"683\" data-wp-pid=\"7421\" srcset=\"https:\/\/moverdb.com\/wp-content\/uploads\/Brauns-International-moving-company.png 1440w, https:\/\/moverdb.com\/wp-content\/uploads\/Brauns-International-moving-company-300x142.png 300w, https:\/\/moverdb.com\/wp-content\/uploads\/Brauns-International-moving-company-1024x486.png 1024w, https:\/\/moverdb.com\/wp-content\/uploads\/Brauns-International-moving-company-18x9.png 18w, https:\/\/moverdb.com\/wp-content\/uploads\/Brauns-International-moving-company-600x285.png 600w\" sizes=\"auto, (max-width: 1440px) 100vw, 1440px\" \/><\/p>\n<ul>\n<li>M\u00edstn\u00ed a vnitrost\u00e1tn\u00ed p\u0159esuny<\/li>\n<li>Mezin\u00e1rodn\u00ed p\u0159esuny<\/li>\n<li>St\u011bhov\u00e1n\u00ed dom\u00e1cnost\u00ed<\/li>\n<li>St\u011bhov\u00e1n\u00ed firem<\/li>\n<li>Poradce pro osobn\u00ed st\u011bhov\u00e1n\u00ed<\/li>\n<li>Balic\u00ed slu\u017eba<\/li>\n<li>N\u00e1kladn\u00ed, leteck\u00e1 a n\u00e1mo\u0159n\u00ed doprava<\/li>\n<li>P\u0159\u00edprava dokument\u016f<\/li>\n<li>Poji\u0161t\u011bn\u00ed<\/li>\n<li>Skladovac\u00ed slu\u017eby<\/li>\n<\/ul>\n<p>Brauns International je mezin\u00e1rodn\u00ed st\u011bhovac\u00ed a skladovac\u00ed spole\u010dnost, kter\u00e1 byla zalo\u017eena v roce 1992 v <a href=\"https:\/\/moverdb.com\/cs\/moving-to-the-united-states\/moving-to-virginia\/\" data-internallinksmanager029f6b8e52c=\"442\" title=\"St\u011bhov\u00e1n\u00ed do Virginie? 2026 N\u00e1klady na bydlen\u00ed a tipy na p\u0159est\u011bhov\u00e1n\u00ed\">Virginia<\/a>a p\u016fsob\u00ed ve Sterlingu. M\u00e1 s\u00ed\u0165 celosv\u011btov\u00fdch partnersk\u00fdch agent\u016f, s nimi\u017e spolupracuje p\u0159i poskytov\u00e1n\u00ed st\u011bhovac\u00edch slu\u017eeb v mezin\u00e1rodn\u00edm m\u011b\u0159\u00edtku. Jsou \u010dlenem IAM s 31 lety zku\u0161enost\u00ed.<\/p>\n<p>Spole\u010dnost Brauns International poskytuje st\u011bhovac\u00ed slu\u017eby na m\u00edru s osobn\u00edm poradcem pro st\u011bhov\u00e1n\u00ed, kter\u00fd koordinuje v\u0161echny aspekty va\u0161eho st\u011bhov\u00e1n\u00ed. Nab\u00edz\u00ed balic\u00ed slu\u017eby s nejkvalitn\u011bj\u0161\u00edm balen\u00edm a obaly pro ochranu va\u0161ich v\u011bc\u00ed. Zajist\u00ed a sleduj\u00ed p\u0159epravu va\u0161ich v\u011bc\u00ed a vypln\u00ed a sestav\u00ed ve\u0161ker\u00e9 dokumenty a dokumentaci pro celn\u00ed odbaven\u00ed.<\/p>\n<p>Webov\u00e9 str\u00e1nky: <a href=\"https:\/\/www.braunsusa.com\/\" target=\"_blank\" rel=\"noopener\">https:\/\/www.braunsusa.com\/<\/a><\/p>\n<h2><span class=\"ez-toc-section\" id=\"2_DN_Van_Lines\"><\/span><strong>2. DN Van Lines<\/strong><span class=\"ez-toc-section-end\"><\/span><\/h2>\n<p><img loading=\"lazy\" decoding=\"async\" class=\"alignnone size-full wp-image-11307\" src=\"https:\/\/moverdb.com\/wp-content\/uploads\/DN-Van-Lines-international-moving-company.png\" alt=\"DN Van Lines mezin\u00e1rodn\u00ed st\u011bhov\u00e1n\u00ed spole\u010dnost\" width=\"1440\" height=\"670\" data-wp-pid=\"11307\" srcset=\"https:\/\/moverdb.com\/wp-content\/uploads\/DN-Van-Lines-international-moving-company.png 1440w, https:\/\/moverdb.com\/wp-content\/uploads\/DN-Van-Lines-international-moving-company-300x140.png 300w, https:\/\/moverdb.com\/wp-content\/uploads\/DN-Van-Lines-international-moving-company-1024x476.png 1024w, https:\/\/moverdb.com\/wp-content\/uploads\/DN-Van-Lines-international-moving-company-18x8.png 18w, https:\/\/moverdb.com\/wp-content\/uploads\/DN-Van-Lines-international-moving-company-600x279.png 600w\" sizes=\"auto, (max-width: 1440px) 100vw, 1440px\" \/><\/p>\n<ul>\n<li>M\u00edstn\u00ed a mezist\u00e1tn\u00ed p\u0159esuny<\/li>\n<li>St\u011bhov\u00e1n\u00ed na dlouh\u00e9 vzd\u00e1lenosti<\/li>\n<li>St\u011bhov\u00e1n\u00ed do obytn\u00fdch prostor<\/li>\n<li>St\u011bhov\u00e1n\u00ed kancel\u00e1\u0159\u00ed a obchodn\u00edch prostor<\/li>\n<li>Vyhrazen\u00fd koordin\u00e1tor st\u011bhov\u00e1n\u00ed<\/li>\n<li>Balic\u00ed slu\u017eba<\/li>\n<li>Podrobn\u00e1 spr\u00e1va z\u00e1sob<\/li>\n<li>Dopravn\u00ed opat\u0159en\u00ed<\/li>\n<li>Sledov\u00e1n\u00ed z\u00e1silek<\/li>\n<li>Bezpe\u010dn\u00e9 kr\u00e1tkodob\u00e9 a dlouhodob\u00e9 skladov\u00e1n\u00ed<\/li>\n<\/ul>\n<p>DN Van Lines je st\u011bhovac\u00ed a skladovac\u00ed spole\u010dnost zalo\u017een\u00e1 v roce 2001 s pobo\u010dkami ve Sterlingu, <a href=\"https:\/\/moverdb.com\/cs\/moving-to-the-united-states\/moving-to-florida\/\" data-internallinksmanager029f6b8e52c=\"331\" title=\"St\u011bhov\u00e1n\u00ed na Floridu? 2026 N\u00e1klady na bydlen\u00ed a tipy na p\u0159est\u011bhov\u00e1n\u00ed\">Florida<\/a> a <a href=\"https:\/\/moverdb.com\/cs\/moving-to-the-united-states\/moving-to-massachusetts\/\" data-internallinksmanager029f6b8e52c=\"412\" title=\"St\u011bhujete se do Massachusetts? 2026 N\u00e1klady na bydlen\u00ed a tipy na st\u011bhov\u00e1n\u00ed\">Massachusetts<\/a>. Jsou \u010dlenem IAM s 20 lety zku\u0161enost\u00ed, co\u017e jim umo\u017e\u0148uje p\u0159\u00edstup k mezin\u00e1rodn\u00ed s\u00edti st\u011bhovac\u00edch agent\u016f.<\/p>\n<p>Spole\u010dnost DN Van Lines nab\u00edz\u00ed dom\u00e1c\u00ed nebo virtu\u00e1ln\u00ed prohl\u00eddku pro odhad objemu st\u011bhov\u00e1n\u00ed a poskytuje specializovan\u00e9ho koordin\u00e1tora st\u011bhov\u00e1n\u00ed. Poskytuj\u00ed balic\u00ed slu\u017ebu, p\u0159i kter\u00e9 vyu\u017e\u00edvaj\u00ed vy\u0161kolen\u00e9 pos\u00e1dky, kter\u00e9 bezpe\u010dn\u011b zabal\u00ed va\u0161e v\u011bci a vypracuj\u00ed podrobn\u00fd soupis, kter\u00fd bude bezpe\u010dn\u011b ulo\u017een v jejich syst\u00e9mu. Zajist\u00ed p\u0159epravu va\u0161ich v\u011bc\u00ed na m\u00edsto ur\u010den\u00ed a z\u00e1silky budou sledov\u00e1ny pomoc\u00ed GPS.<\/p>\n<p>Webov\u00e9 str\u00e1nky: <a href=\"https:\/\/dnvanlines.com\/\" target=\"_blank\" rel=\"noopener\">https:\/\/dnvanlines.com\/<\/a><\/p>\n<h2><span class=\"ez-toc-section\" id=\"3_JK_Moving_Services\"><\/span><strong>3. St\u011bhovac\u00ed slu\u017eby JK<\/strong><span class=\"ez-toc-section-end\"><\/span><\/h2>\n<p><img loading=\"lazy\" decoding=\"async\" class=\"alignnone size-full wp-image-11662\" src=\"https:\/\/moverdb.com\/wp-content\/uploads\/JK-Moving-Services-international-moving-company.png\" alt=\"JK Moving Services mezin\u00e1rodn\u00ed st\u011bhovac\u00ed spole\u010dnost\" width=\"1440\" height=\"678\" data-wp-pid=\"11662\" srcset=\"https:\/\/moverdb.com\/wp-content\/uploads\/JK-Moving-Services-international-moving-company.png 1440w, https:\/\/moverdb.com\/wp-content\/uploads\/JK-Moving-Services-international-moving-company-300x141.png 300w, https:\/\/moverdb.com\/wp-content\/uploads\/JK-Moving-Services-international-moving-company-1024x482.png 1024w, https:\/\/moverdb.com\/wp-content\/uploads\/JK-Moving-Services-international-moving-company-18x8.png 18w, https:\/\/moverdb.com\/wp-content\/uploads\/JK-Moving-Services-international-moving-company-600x283.png 600w\" sizes=\"auto, (max-width: 1440px) 100vw, 1440px\" \/><\/p>\n<ul>\n<li>M\u00edstn\u00ed a d\u00e1lkov\u00e9 p\u0159esuny<\/li>\n<li>Mezin\u00e1rodn\u00ed p\u0159esuny<\/li>\n<li>St\u011bhov\u00e1n\u00ed do obytn\u00fdch prostor<\/li>\n<li>Komer\u010dn\u00ed p\u0159esuny<\/li>\n<li>Slu\u017eba od dve\u0159\u00ed ke dve\u0159\u00edm<\/li>\n<li>Vyhrazen\u00fd mana\u017eer st\u011bhov\u00e1n\u00ed<\/li>\n<li>Balic\u00ed slu\u017eba<\/li>\n<li>N\u00e1kladn\u00ed, \u017eelezni\u010dn\u00ed, n\u00e1mo\u0159n\u00ed a leteck\u00e1 doprava<\/li>\n<li>Celn\u00ed odbaven\u00ed<\/li>\n<li>Zabezpe\u010den\u00e9 skladov\u00e1n\u00ed<\/li>\n<\/ul>\n<p>JK Moving Services je st\u011bhovac\u00ed a logistick\u00e1 spole\u010dnost, kter\u00e1 p\u016fsob\u00ed ji\u017e v\u00edce ne\u017e 40 let a m\u00e1 pobo\u010dky ve Sterlingu, <a href=\"https:\/\/moverdb.com\/cs\/moving-to-the-united-states\/moving-to-maryland\/\" data-internallinksmanager029f6b8e52c=\"467\" title=\"St\u011bhujete se do Marylandu? 2024 N\u00e1klady na bydlen\u00ed a tipy na st\u011bhov\u00e1n\u00ed\">Maryland<\/a> a Washingtonu. P\u0159i poskytov\u00e1n\u00ed mezin\u00e1rodn\u00edch slu\u017eeb maj\u00ed k dispozici rozs\u00e1hlou celosv\u011btovou st\u011bhovac\u00ed s\u00ed\u0165. Jsou \u010dlenem IAM se 44 lety zku\u0161enost\u00ed a jsou akreditov\u00e1ni FIDI.<\/p>\n<p>Spole\u010dnost JK Moving Services nab\u00edz\u00ed st\u011bhovac\u00ed slu\u017eby od dve\u0159\u00ed ke dve\u0159\u00edm pro reziden\u010dn\u00ed i komer\u010dn\u00ed klienty s pov\u011b\u0159en\u00fdm mana\u017eerem st\u011bhov\u00e1n\u00ed, kter\u00fd koordinuje ve\u0161kerou logistiku. Poskytuje profesion\u00e1ln\u00ed, vy\u0161kolen\u00e9 st\u011bhov\u00e1ky, kte\u0159\u00ed bezpe\u010dn\u011b zabal\u00ed a nalo\u017e\u00ed va\u0161e v\u011bci a p\u0159i doru\u010den\u00ed je vylo\u017e\u00ed a vybal\u00ed.<\/p>\n<p>Webov\u00e9 str\u00e1nky: <a href=\"https:\/\/www.jkmoving.com\/\" target=\"_blank\" rel=\"noopener\">https:\/\/www.jkmoving.com\/<\/a><\/p>\n<h2><span class=\"ez-toc-section\" id=\"4_Laing_International\"><\/span><strong>4. Laing International<\/strong><span class=\"ez-toc-section-end\"><\/span><\/h2>\n<p><img loading=\"lazy\" decoding=\"async\" class=\"alignnone size-full wp-image-11361\" src=\"https:\/\/moverdb.com\/wp-content\/uploads\/Laing-International-moving-company.png\" alt=\"Laing Mezin\u00e1rodn\u00ed st\u011bhov\u00e1n\u00ed spole\u010dnost\" width=\"1440\" height=\"681\" data-wp-pid=\"11361\" srcset=\"https:\/\/moverdb.com\/wp-content\/uploads\/Laing-International-moving-company.png 1440w, https:\/\/moverdb.com\/wp-content\/uploads\/Laing-International-moving-company-300x142.png 300w, https:\/\/moverdb.com\/wp-content\/uploads\/Laing-International-moving-company-1024x484.png 1024w, https:\/\/moverdb.com\/wp-content\/uploads\/Laing-International-moving-company-18x9.png 18w, https:\/\/moverdb.com\/wp-content\/uploads\/Laing-International-moving-company-600x284.png 600w\" sizes=\"auto, (max-width: 1440px) 100vw, 1440px\" \/><\/p>\n<ul>\n<li>M\u00edstn\u00ed n\u00e1kladn\u00ed doprava<\/li>\n<li>Mezin\u00e1rodn\u00ed n\u00e1kladn\u00ed doprava<\/li>\n<li>Jednotliv\u00e9 zbo\u017e\u00ed<\/li>\n<li>Obchodn\u00ed zbo\u017e\u00ed<\/li>\n<li>Spr\u00e1va z\u00e1silek<\/li>\n<li>Balic\u00ed slu\u017eba<\/li>\n<li>Kryt\u00ed<\/li>\n<li>Dopravn\u00ed opat\u0159en\u00ed<\/li>\n<li>Celn\u00ed odbaven\u00ed<\/li>\n<li>Poji\u0161t\u011bn\u00ed<\/li>\n<\/ul>\n<p>Spole\u010dnost Laing International je celn\u00edm zprost\u0159edkovatelem a <a href=\"https:\/\/moverdb.com\/cs\/freight-forwarder\/\" data-internallinksmanager029f6b8e52c=\"17\" title=\"Mezin\u00e1rodn\u00ed spedice a NVOCC Pr\u016fvodce n\u00e1klady a spole\u010dnostmi\">spedice<\/a> se s\u00eddlem ve Sterlingu a Marylandu, kter\u00e1 byla zalo\u017eena v roce 1979. Je \u010dlenem IAM se 44 lety zku\u0161enost\u00ed, co\u017e j\u00ed poskytuje mezin\u00e1rodn\u00ed s\u00ed\u0165 spole\u010dnost\u00ed, kter\u00e9 ji podporuj\u00ed p\u0159i poskytov\u00e1n\u00ed slu\u017eeb po cel\u00e9m sv\u011bt\u011b.<\/p>\n<p>Laing International je specialista na celn\u00ed zprost\u0159edkov\u00e1n\u00ed a spedici, jeho\u017e c\u00edlem je sn\u00ed\u017eit zpo\u017ed\u011bn\u00ed a u\u0161et\u0159it pen\u00edze p\u0159i m\u00edstn\u00ed nebo mezin\u00e1rodn\u00ed p\u0159eprav\u011b zbo\u017e\u00ed. Poskytuje slu\u017eby m\u00edstn\u00ed p\u0159epravy a leteck\u00e9 spedice v\u010detn\u011b bezpe\u010dn\u00e9ho balen\u00ed a zabalen\u00ed va\u0161ich v\u011bc\u00ed do krabic v\u010detn\u011b poji\u0161t\u011bn\u00ed. Zajist\u00ed tak\u00e9 celn\u00ed odbaven\u00ed p\u0159i p\u0159evozu va\u0161eho zbo\u017e\u00ed mezi zem\u011bmi.<\/p>\n<p>Webov\u00e9 str\u00e1nky: <a href=\"http:\/\/www.lainginternational.com\/\" target=\"_blank\" rel=\"noopener\">http:\/\/www.lainginternational.com\/<\/a><\/p>\n<h2><span class=\"ez-toc-section\" id=\"5_RelogistiX\"><\/span><strong>5. RelogistiX<\/strong><span class=\"ez-toc-section-end\"><\/span><\/h2>\n<p><img loading=\"lazy\" decoding=\"async\" class=\"alignnone size-full wp-image-11663\" src=\"https:\/\/moverdb.com\/wp-content\/uploads\/Relogistix-international-moving-company.png\" alt=\"Relogistix mezin\u00e1rodn\u00ed st\u011bhov\u00e1n\u00ed spole\u010dnost\" width=\"1440\" height=\"680\" data-wp-pid=\"11663\" srcset=\"https:\/\/moverdb.com\/wp-content\/uploads\/Relogistix-international-moving-company.png 1440w, https:\/\/moverdb.com\/wp-content\/uploads\/Relogistix-international-moving-company-300x142.png 300w, https:\/\/moverdb.com\/wp-content\/uploads\/Relogistix-international-moving-company-1024x484.png 1024w, https:\/\/moverdb.com\/wp-content\/uploads\/Relogistix-international-moving-company-18x9.png 18w, https:\/\/moverdb.com\/wp-content\/uploads\/Relogistix-international-moving-company-600x283.png 600w\" sizes=\"auto, (max-width: 1440px) 100vw, 1440px\" \/><\/p>\n<ul>\n<li>Mezin\u00e1rodn\u00ed st\u011bhov\u00e1n\u00ed<\/li>\n<li>St\u011bhov\u00e1n\u00ed dom\u00e1cnost\u00ed<\/li>\n<li>Slu\u017eba od dve\u0159\u00ed ke dve\u0159\u00edm<\/li>\n<li>Vyhrazen\u00fd koordin\u00e1tor<\/li>\n<li>Pr\u016fzkum v dom\u00e1cnosti<\/li>\n<li>Balic\u00ed slu\u017eba<\/li>\n<li>Vysoce kvalitn\u00ed obalov\u00e9 materi\u00e1ly<\/li>\n<li>Pozemn\u00ed, leteck\u00e1 a n\u00e1mo\u0159n\u00ed doprava<\/li>\n<li>Celn\u00ed odbaven\u00ed<\/li>\n<li>Vybalov\u00e1n\u00ed a odstra\u0148ov\u00e1n\u00ed suti<\/li>\n<\/ul>\n<p>RelogistiX je spole\u010dnost zab\u00fdvaj\u00edc\u00ed se st\u011bhov\u00e1n\u00edm a logistikou s pobo\u010dkami ve Sterlingu a Alexandrii. Je \u010dlenem IAM s 36 lety zku\u0161enost\u00ed, co\u017e j\u00ed umo\u017e\u0148uje p\u0159\u00edstup k mezin\u00e1rodn\u00ed s\u00edti st\u011bhovac\u00edch agent\u016f, kte\u0159\u00ed ji podporuj\u00ed.<\/p>\n<p>Spole\u010dnost RelogistiX nab\u00edz\u00ed bezplatnou konzultaci p\u0159ed st\u011bhov\u00e1n\u00edm, kde s v\u00e1mi prodiskutuje va\u0161e po\u017eadavky, a provede prohl\u00eddku a cenovou nab\u00eddku p\u0159\u00edmo u v\u00e1s doma. Poskytne v\u00e1m ur\u010den\u00e9ho koordin\u00e1tora, kter\u00fd bude va\u0161\u00edm hlavn\u00edm kontaktem po celou dobu st\u011bhov\u00e1n\u00ed. Pou\u017e\u00edvaj\u00ed nejlep\u0161\u00ed balic\u00ed materi\u00e1ly, kter\u00e9 spl\u0148uj\u00ed mezin\u00e1rodn\u00ed normy, a speci\u00e1ln\u00ed bedny na ochranu va\u0161ich v\u011bc\u00ed. Po p\u0159\u00edjezdu vylo\u017e\u00ed a rozbal\u00ed va\u0161e v\u011bci a odstran\u00ed ve\u0161ker\u00e9 ne\u010distoty.<\/p>\n<p>Webov\u00e9 str\u00e1nky: <a href=\"https:\/\/www.relogistix.net\/\" target=\"_blank\" rel=\"noopener\">https:\/\/www.relogistix.net\/<\/a><\/p>\n<h2><span class=\"ez-toc-section\" id=\"6_Star_Moving_Solutions\"><\/span><strong>6. Star Moving Solutions<\/strong><span class=\"ez-toc-section-end\"><\/span><\/h2>\n<p><img loading=\"lazy\" decoding=\"async\" class=\"alignnone size-full wp-image-5207\" src=\"https:\/\/moverdb.com\/wp-content\/uploads\/Star-Moving-international-moving-company.png\" alt=\"Star Moving mezin\u00e1rodn\u00ed st\u011bhov\u00e1n\u00ed spole\u010dnost\" width=\"1440\" height=\"683\" data-wp-pid=\"5207\" srcset=\"https:\/\/moverdb.com\/wp-content\/uploads\/Star-Moving-international-moving-company.png 1440w, https:\/\/moverdb.com\/wp-content\/uploads\/Star-Moving-international-moving-company-300x142.png 300w, https:\/\/moverdb.com\/wp-content\/uploads\/Star-Moving-international-moving-company-1024x486.png 1024w, https:\/\/moverdb.com\/wp-content\/uploads\/Star-Moving-international-moving-company-18x9.png 18w, https:\/\/moverdb.com\/wp-content\/uploads\/Star-Moving-international-moving-company-600x285.png 600w\" sizes=\"auto, (max-width: 1440px) 100vw, 1440px\" \/><\/p>\n<ul>\n<li>St\u011bhov\u00e1n\u00ed na n\u00e1rodn\u00ed \u00farovni<\/li>\n<li>Mezin\u00e1rodn\u00ed p\u0159esuny<\/li>\n<li>St\u011bhov\u00e1n\u00ed dom\u00e1cnost\u00ed<\/li>\n<li>St\u011bhov\u00e1n\u00ed firem<\/li>\n<li>Slu\u017eba od dve\u0159\u00ed ke dve\u0159\u00edm<\/li>\n<li>Balic\u00ed slu\u017eby<\/li>\n<li>Dopravn\u00ed opat\u0159en\u00ed<\/li>\n<li>Celn\u00ed podpora<\/li>\n<li>Sledovac\u00ed syst\u00e9my<\/li>\n<li>\u0158e\u0161en\u00ed pro ukl\u00e1d\u00e1n\u00ed dat<\/li>\n<\/ul>\n<p>Star Moving Solutions je n\u00e1rodn\u00ed a mezin\u00e1rodn\u00ed st\u011bhovac\u00ed spole\u010dnost zalo\u017een\u00e1 v roce 1998. Je \u010dlenem spole\u010dnosti Van Line s rozs\u00e1hlou celosv\u011btovou s\u00edt\u00ed st\u011bhovac\u00edch spole\u010dnost\u00ed, kter\u00e9 poskytuj\u00ed mezin\u00e1rodn\u00ed slu\u017eby ve v\u00edce ne\u017e 160 zem\u00edch. Jsou \u010dlenem IAM s 25 lety zku\u0161enost\u00ed.<\/p>\n<p>Spole\u010dnost Star Moving Solutions nab\u00edz\u00ed prohl\u00eddku v m\u00edst\u011b bydli\u0161t\u011b, aby zjistila v\u00e1\u0161 objem st\u011bhov\u00e1n\u00ed a poskytla cenovou nab\u00eddku. Poskytuj\u00ed jedin\u00e9 kontaktn\u00ed m\u00edsto, kter\u00e9 v\u00e1m pom\u016f\u017ee v pr\u016fb\u011bhu st\u011bhov\u00e1n\u00ed, a maj\u00ed syst\u00e9m sledov\u00e1n\u00ed pr\u016fb\u011bhu st\u011bhov\u00e1n\u00ed. Nab\u00edzej\u00ed specializovan\u00e9 balic\u00ed a obalov\u00e9 slu\u017eby pro st\u011bhov\u00e1n\u00ed do zahrani\u010d\u00ed a pomohou s celn\u00edm odbaven\u00edm.<\/p>\n<p>Webov\u00e9 str\u00e1nky: <a href=\"https:\/\/starint.com\/\" target=\"_blank\" rel=\"noopener\">https:\/\/starint.com\/<\/a><\/p>","protected":false},"excerpt":{"rendered":"<p>Moving can be a busy time so getting some help can really lighten the load. You can engage a moving company to help with a range of moving tasks including planning your move, packing your items, arranging transport and handling any customs documentation. Below we have compiled a list of Sterling based removal companies that [&hellip;]<\/p>\n","protected":false},"author":4,"featured_media":7421,"parent":190,"menu_order":0,"comment_status":"closed","ping_status":"closed","template":"","meta":{"_genesis_hide_title":false,"_genesis_hide_breadcrumbs":false,"_genesis_hide_singular_image":false,"_genesis_hide_footer_widgets":false,"_genesis_custom_body_class":"","_genesis_custom_post_class":"","_genesis_layout":"","footnotes":""},"class_list":{"0":"post-11661","1":"page","2":"type-page","3":"status-publish","4":"has-post-thumbnail","6":"entry"},"_links":{"self":[{"href":"https:\/\/moverdb.com\/cs\/wp-json\/wp\/v2\/pages\/11661","targetHints":{"allow":["GET"]}}],"collection":[{"href":"https:\/\/moverdb.com\/cs\/wp-json\/wp\/v2\/pages"}],"about":[{"href":"https:\/\/moverdb.com\/cs\/wp-json\/wp\/v2\/types\/page"}],"author":[{"embeddable":true,"href":"https:\/\/moverdb.com\/cs\/wp-json\/wp\/v2\/users\/4"}],"replies":[{"embeddable":true,"href":"https:\/\/moverdb.com\/cs\/wp-json\/wp\/v2\/comments?post=11661"}],"version-history":[{"count":2,"href":"https:\/\/moverdb.com\/cs\/wp-json\/wp\/v2\/pages\/11661\/revisions"}],"predecessor-version":[{"id":11665,"href":"https:\/\/moverdb.com\/cs\/wp-json\/wp\/v2\/pages\/11661\/revisions\/11665"}],"up":[{"embeddable":true,"href":"https:\/\/moverdb.com\/cs\/wp-json\/wp\/v2\/pages\/190"}],"wp:featuredmedia":[{"embeddable":true,"href":"https:\/\/moverdb.com\/cs\/wp-json\/wp\/v2\/media\/7421"}],"wp:attachment":[{"href":"https:\/\/moverdb.com\/cs\/wp-json\/wp\/v2\/media?parent=11661"}],"curies":[{"name":"wp","href":"https:\/\/api.w.org\/{rel}","templated":true}]}}