{"id":11656,"date":"2023-11-29T10:42:35","date_gmt":"2023-11-29T10:42:35","guid":{"rendered":"https:\/\/moverdb.com\/?page_id=11656"},"modified":"2026-01-08T15:24:53","modified_gmt":"2026-01-08T15:24:53","slug":"moving-companies-us-seattle","status":"publish","type":"page","link":"https:\/\/moverdb.com\/cs\/moving-companies\/moving-companies-us-seattle\/","title":{"rendered":"4 Nejlep\u0161\u00ed mezin\u00e1rodn\u00ed st\u011bhovac\u00ed spole\u010dnosti v Seattlu"},"content":{"rendered":"<p>Pl\u00e1nujete st\u011bhov\u00e1n\u00ed do nebo z <a href=\"https:\/\/moverdb.com\/cs\/moving-to-seattle\/\" data-internallinksmanager029f6b8e52c=\"65\" title=\"St\u011bhujete se do Seattlu? 2022 N\u00e1klady na bydlen\u00ed a tipy na st\u011bhov\u00e1n\u00ed\">Seattle<\/a>? Pak zam\u011bstn\u00e1v\u00e1 <a href=\"https:\/\/moverdb.com\/cs\/moving-companies\/\" data-internallinksmanager029f6b8e52c=\"79\" title=\"Top 25 Mezin\u00e1rodn\u00ed st\u011bhovac\u00ed spole\u010dnosti Online\">st\u011bhovac\u00ed spole\u010dnost<\/a> kter\u00e1 v\u00e1m pom\u016f\u017ee s balen\u00edm, zaji\u0161t\u011bn\u00edm p\u0159epravy a vy\u0159\u00edzen\u00edm celn\u00edch z\u00e1le\u017eitost\u00ed p\u0159i mezin\u00e1rodn\u00edm st\u011bhov\u00e1n\u00ed, v\u00e1m m\u016f\u017ee st\u011bhov\u00e1n\u00ed usnadnit. N\u00ed\u017ee jsme sestavili seznam firem se s\u00eddlem v Seattlu. <a href=\"https:\/\/moverdb.com\/cs\/international-removals\/\" data-internallinksmanager029f6b8e52c=\"27\" title=\"36 nejlep\u0161\u00edch mezin\u00e1rodn\u00edch st\u011bhovac\u00edch spole\u010dnost\u00ed ve Velk\u00e9 Brit\u00e1nii\">st\u011bhovac\u00ed firmy<\/a> kter\u00e9 jsou \u010dleny <a href=\"https:\/\/moverdb.com\/cs\/iam\/\" data-internallinksmanager029f6b8e52c=\"23\" title=\"Vysv\u011btlen\u00ed Mezin\u00e1rodn\u00ed asociace st\u011bhov\u00e1k\u016f (IAM)\">Mezin\u00e1rodn\u00ed asociace st\u011bhov\u00e1k\u016f<\/a> (IAM) a\/nebo <a href=\"https:\/\/moverdb.com\/cs\/fidi-faim\/\" data-internallinksmanager029f6b8e52c=\"16\" title=\"Vysv\u011btlen\u00ed FIDI a FAIM (FIDI Accredited International Mover)\">FIDI<\/a> Akreditovan\u00e9 mezin\u00e1rodn\u00ed st\u011bhov\u00e1n\u00ed (FAIM), kter\u00e9 by v\u00e1m mohlo pomoci se st\u011bhov\u00e1n\u00edm.<\/p>\n<div id=\"ez-toc-container\" class=\"ez-toc-v2_0_82_2 ez-toc-wrap-left counter-hierarchy ez-toc-counter ez-toc-transparent ez-toc-container-direction\">\n<div class=\"ez-toc-title-container\">\n<p class=\"ez-toc-title\" style=\"cursor:inherit\">Sekce<\/p>\n<span class=\"ez-toc-title-toggle\"><a href=\"#\" class=\"ez-toc-pull-right ez-toc-btn ez-toc-btn-xs ez-toc-btn-default ez-toc-toggle\" aria-label=\"P\u0159epnut\u00ed tabulky obsahu\"><span class=\"ez-toc-js-icon-con\"><span class=\"\"><span class=\"eztoc-hide\" style=\"display:none;\">P\u0159ep\u00edna\u010d<\/span><span class=\"ez-toc-icon-toggle-span\"><svg style=\"fill: #999;color:#999\" xmlns=\"http:\/\/www.w3.org\/2000\/svg\" class=\"list-377408\" width=\"20px\" height=\"20px\" viewbox=\"0 0 24 24\" fill=\"none\"><path d=\"M6 6H4v2h2V6zm14 0H8v2h12V6zM4 11h2v2H4v-2zm16 0H8v2h12v-2zM4 16h2v2H4v-2zm16 0H8v2h12v-2z\" fill=\"currentColor\"><\/path><\/svg><svg style=\"fill: #999;color:#999\" class=\"arrow-unsorted-368013\" xmlns=\"http:\/\/www.w3.org\/2000\/svg\" width=\"10px\" height=\"10px\" viewbox=\"0 0 24 24\" version=\"1.2\" baseprofile=\"tiny\"><path d=\"M18.2 9.3l-6.2-6.3-6.2 6.3c-.2.2-.3.4-.3.7s.1.5.3.7c.2.2.4.3.7.3h11c.3 0 .5-.1.7-.3.2-.2.3-.5.3-.7s-.1-.5-.3-.7zM5.8 14.7l6.2 6.3 6.2-6.3c.2-.2.3-.5.3-.7s-.1-.5-.3-.7c-.2-.2-.4-.3-.7-.3h-11c-.3 0-.5.1-.7.3-.2.2-.3.5-.3.7s.1.5.3.7z\"\/><\/svg><\/span><\/span><\/span><\/a><\/span><\/div>\n<nav><ul class='ez-toc-list ez-toc-list-level-1 eztoc-toggle-hide-by-default' ><li class='ez-toc-page-1 ez-toc-heading-level-2'><a class=\"ez-toc-link ez-toc-heading-1\" href=\"https:\/\/moverdb.com\/cs\/moving-companies\/moving-companies-us-seattle\/#1_Mitchell_Moving_Storage\" >1. Mitchell Moving &amp; Storage<\/a><\/li><li class='ez-toc-page-1 ez-toc-heading-level-2'><a class=\"ez-toc-link ez-toc-heading-2\" href=\"https:\/\/moverdb.com\/cs\/moving-companies\/moving-companies-us-seattle\/#2_Pioneer_Van_Lines\" >2. Pioneer Van Lines<\/a><\/li><li class='ez-toc-page-1 ez-toc-heading-level-2'><a class=\"ez-toc-link ez-toc-heading-3\" href=\"https:\/\/moverdb.com\/cs\/moving-companies\/moving-companies-us-seattle\/#3_Rainier_Overseas_Movers\" >3. Rainier Overseas Movers<\/a><\/li><li class='ez-toc-page-1 ez-toc-heading-level-2'><a class=\"ez-toc-link ez-toc-heading-4\" href=\"https:\/\/moverdb.com\/cs\/moving-companies\/moving-companies-us-seattle\/#4_True_North\" >4. Prav\u00fd sever<\/a><\/li><\/ul><\/nav><\/div>\n<h2><span class=\"ez-toc-section\" id=\"1_Mitchell_Moving_Storage\"><\/span><strong>1. Mitchell Moving &amp; Storage<\/strong><span class=\"ez-toc-section-end\"><\/span><\/h2>\n<p><img loading=\"lazy\" decoding=\"async\" class=\"alignnone size-full wp-image-11380\" src=\"https:\/\/moverdb.com\/wp-content\/uploads\/Mitchell-Moving-Storage-international-moving-company.png\" alt=\"Mitchell Moving &amp; Storage mezin\u00e1rodn\u00ed st\u011bhov\u00e1n\u00ed spole\u010dnost\" width=\"1440\" height=\"680\" data-wp-pid=\"11380\" srcset=\"https:\/\/moverdb.com\/wp-content\/uploads\/Mitchell-Moving-Storage-international-moving-company.png 1440w, https:\/\/moverdb.com\/wp-content\/uploads\/Mitchell-Moving-Storage-international-moving-company-300x142.png 300w, https:\/\/moverdb.com\/wp-content\/uploads\/Mitchell-Moving-Storage-international-moving-company-1024x484.png 1024w, https:\/\/moverdb.com\/wp-content\/uploads\/Mitchell-Moving-Storage-international-moving-company-18x9.png 18w, https:\/\/moverdb.com\/wp-content\/uploads\/Mitchell-Moving-Storage-international-moving-company-600x283.png 600w\" sizes=\"auto, (max-width: 1440px) 100vw, 1440px\" \/><\/p>\n<ul>\n<li>M\u00edstn\u00ed a mezist\u00e1tn\u00ed p\u0159esuny<\/li>\n<li>Mezin\u00e1rodn\u00ed p\u0159esuny<\/li>\n<li>St\u011bhov\u00e1n\u00ed dom\u00e1cnost\u00ed<\/li>\n<li>St\u011bhov\u00e1n\u00ed firem<\/li>\n<li>Pr\u016fzkum st\u011bhov\u00e1n\u00ed<\/li>\n<li>Individu\u00e1ln\u00ed odhad<\/li>\n<li>Balic\u00ed slu\u017eba<\/li>\n<li>Dopravn\u00ed opat\u0159en\u00ed<\/li>\n<li>Celn\u00ed zprost\u0159edkov\u00e1n\u00ed<\/li>\n<li>Zabezpe\u010den\u00e9 skladov\u00e1n\u00ed<\/li>\n<\/ul>\n<p>Mitchell Moving &amp; Storage je st\u011bhovac\u00ed spole\u010dnost s v\u00edce ne\u017e 60 lety zku\u0161enost\u00ed se s\u00eddlem v Seattlu. Je sou\u010d\u00e1st\u00ed skupiny st\u011bhovac\u00edch spole\u010dnost\u00ed Atlas Van Lines, kter\u00e1 m\u00e1 s\u00ed\u0165 350 st\u011bhovac\u00edch firem po cel\u00e9m sv\u011bt\u011b. <a href=\"https:\/\/moverdb.com\/cs\/moving-to-the-united-states\/\" data-internallinksmanager029f6b8e52c=\"94\" title=\"St\u011bhujete se do Spojen\u00fdch st\u00e1t\u016f? 2022 \u017divotn\u00ed n\u00e1klady a tipy na st\u011bhov\u00e1n\u00ed\">US<\/a> a p\u0159\u00edstup k celosv\u011btov\u00e9 s\u00edti. Je \u010dlenem IAM se 70 lety zku\u0161enost\u00ed.<\/p>\n<p>Spole\u010dnost Mitchell Moving &amp; Storage nab\u00edz\u00ed m\u00edstn\u00ed, mezist\u00e1tn\u00ed a mezin\u00e1rodn\u00ed st\u011bhovac\u00ed slu\u017eby, kter\u00e9 za\u010d\u00ednaj\u00ed pr\u016fzkumem st\u011bhov\u00e1n\u00ed, aby bylo mo\u017en\u00e9 zjistit va\u0161e po\u017eadavky na st\u011bhov\u00e1n\u00ed a vytvo\u0159it individu\u00e1ln\u00ed odhad. Poskytuje balic\u00ed slu\u017eby, kter\u00e9 spl\u0148uj\u00ed mezin\u00e1rodn\u00ed p\u0159edpisy, a zajist\u00ed cenov\u011b v\u00fdhodnou p\u0159epravu do m\u00edsta ur\u010den\u00ed v\u010detn\u011b celn\u00edho zprost\u0159edkov\u00e1n\u00ed.<\/p>\n<p>Webov\u00e9 str\u00e1nky: <a href=\"https:\/\/www.mitchellmoving.com\/\" target=\"_blank\" rel=\"noopener\">https:\/\/www.mitchellmoving.com\/<\/a><\/p>\n<h2><span class=\"ez-toc-section\" id=\"2_Pioneer_Van_Lines\"><\/span><strong>2. Pioneer Van Lines<\/strong><span class=\"ez-toc-section-end\"><\/span><\/h2>\n<p><img loading=\"lazy\" decoding=\"async\" class=\"alignnone size-full wp-image-11409\" src=\"https:\/\/moverdb.com\/wp-content\/uploads\/Pioneer-Van-Lines-international-moving-company.png\" alt=\"Pioneer Van Lines mezin\u00e1rodn\u00ed st\u011bhov\u00e1n\u00ed spole\u010dnost\" width=\"1440\" height=\"659\" data-wp-pid=\"11409\" srcset=\"https:\/\/moverdb.com\/wp-content\/uploads\/Pioneer-Van-Lines-international-moving-company.png 1440w, https:\/\/moverdb.com\/wp-content\/uploads\/Pioneer-Van-Lines-international-moving-company-300x137.png 300w, https:\/\/moverdb.com\/wp-content\/uploads\/Pioneer-Van-Lines-international-moving-company-1024x469.png 1024w, https:\/\/moverdb.com\/wp-content\/uploads\/Pioneer-Van-Lines-international-moving-company-18x8.png 18w, https:\/\/moverdb.com\/wp-content\/uploads\/Pioneer-Van-Lines-international-moving-company-600x275.png 600w\" sizes=\"auto, (max-width: 1440px) 100vw, 1440px\" \/><\/p>\n<ul>\n<li>St\u011bhov\u00e1n\u00ed na n\u00e1rodn\u00ed \u00farovni<\/li>\n<li>Mezin\u00e1rodn\u00ed p\u0159esuny<\/li>\n<li>Vojensk\u00e9 p\u0159esuny<\/li>\n<li>Slu\u017eba od dve\u0159\u00ed ke dve\u0159\u00edm<\/li>\n<li>Uspo\u0159\u00e1d\u00e1n\u00ed dopravy<\/li>\n<li>Celn\u00ed odbaven\u00ed<\/li>\n<li>Sledov\u00e1n\u00ed z\u00e1silek<\/li>\n<li>P\u0159eprava vozidel<\/li>\n<li>Poji\u0161t\u011bn\u00ed<\/li>\n<li>Skladovac\u00ed prostory<\/li>\n<\/ul>\n<p>Pioneer Van Lines je specializovan\u00e1 st\u011bhovac\u00ed spole\u010dnost, kter\u00e1 se star\u00e1 o rodiny voj\u00e1k\u016f st\u011bhuj\u00edc\u00ed se v r\u00e1mci USA i mezin\u00e1rodn\u011b. Poskytuje mezin\u00e1rodn\u00ed st\u011bhovac\u00ed slu\u017eby do v\u00edce ne\u017e 90 zem\u00ed s vyu\u017eit\u00edm sv\u00fdch mezin\u00e1rodn\u00edch s\u00edt\u00ed. Je \u010dlenem IAM a m\u00e1 45 let zku\u0161enost\u00ed.<\/p>\n<p>Spole\u010dnost Pioneer Van Lines poskytuje zku\u0161en\u00e9 p\u0159epravn\u00ed poradce, kte\u0159\u00ed se postaraj\u00ed o va\u0161e st\u011bhov\u00e1n\u00ed od dve\u0159\u00ed ke dve\u0159\u00edm. Pomohou v\u00e1m s \u0159\u00edzen\u00edm st\u011bhov\u00e1n\u00ed a zajist\u00ed, aby va\u0161e v\u011bci odpov\u00eddaly pravidl\u016fm pro p\u0159epravu p\u0159es mezin\u00e1rodn\u00ed hranice, a postaraj\u00ed se o celn\u00ed z\u00e1le\u017eitosti. Pomohou v\u00e1m tak\u00e9 s dal\u0161\u00edmi slu\u017ebami, kter\u00e9 mohou zahrnovat p\u0159epravu vozidel, poji\u0161t\u011bn\u00ed a skladov\u00e1n\u00ed.<\/p>\n<p>Webov\u00e9 str\u00e1nky: <a href=\"http:\/\/www.pvln.com\/\" target=\"_blank\" rel=\"noopener\">http:\/\/www.pvln.com\/<\/a><\/p>\n<h2><span class=\"ez-toc-section\" id=\"3_Rainier_Overseas_Movers\"><\/span><strong>3. Rainier Overseas Movers<\/strong><span class=\"ez-toc-section-end\"><\/span><\/h2>\n<p><img loading=\"lazy\" decoding=\"async\" class=\"alignnone size-full wp-image-11417\" src=\"https:\/\/moverdb.com\/wp-content\/uploads\/Rainier-Overseas-Movers-international-moving-company.png\" alt=\"Rainier Overseas Movers mezin\u00e1rodn\u00ed st\u011bhov\u00e1n\u00ed spole\u010dnost\" width=\"1440\" height=\"681\" data-wp-pid=\"11417\" srcset=\"https:\/\/moverdb.com\/wp-content\/uploads\/Rainier-Overseas-Movers-international-moving-company.png 1440w, https:\/\/moverdb.com\/wp-content\/uploads\/Rainier-Overseas-Movers-international-moving-company-300x142.png 300w, https:\/\/moverdb.com\/wp-content\/uploads\/Rainier-Overseas-Movers-international-moving-company-1024x484.png 1024w, https:\/\/moverdb.com\/wp-content\/uploads\/Rainier-Overseas-Movers-international-moving-company-18x9.png 18w, https:\/\/moverdb.com\/wp-content\/uploads\/Rainier-Overseas-Movers-international-moving-company-600x284.png 600w\" sizes=\"auto, (max-width: 1440px) 100vw, 1440px\" \/><\/p>\n<ul>\n<li>St\u011bhov\u00e1n\u00ed na n\u00e1rodn\u00ed \u00farovni<\/li>\n<li>Mezin\u00e1rodn\u00ed p\u0159esuny<\/li>\n<li>St\u011bhov\u00e1n\u00ed dom\u00e1cnost\u00ed<\/li>\n<li>Slu\u017eba od dve\u0159\u00ed ke dve\u0159\u00edm<\/li>\n<li>Balic\u00ed slu\u017eba<\/li>\n<li>N\u00e1kladn\u00ed, leteck\u00e1 nebo n\u00e1mo\u0159n\u00ed doprava<\/li>\n<li>V\u00fdb\u011br mo\u017enost\u00ed kontejner\u016f<\/li>\n<li>Celn\u00ed odbaven\u00ed<\/li>\n<li>Poji\u0161t\u011bn\u00ed<\/li>\n<li>Skladovac\u00ed prostory<\/li>\n<\/ul>\n<p>Rainier Overseas Movers je celost\u00e1tn\u00ed s\u00ed\u0165 st\u011bhovac\u00edch firem, kter\u00e1 poskytuje mezin\u00e1rodn\u00ed st\u011bhovac\u00ed slu\u017eby a byla zalo\u017eena v roce 1979. M\u00e1 zavedenou s\u00ed\u0165 st\u011bhovac\u00edch agent\u016f, kte\u0159\u00ed poskytuj\u00ed mezin\u00e1rodn\u00ed a vnitrost\u00e1tn\u00ed slu\u017eby. Jsou \u010dlenem IAM s 36 lety zku\u0161enost\u00ed.<\/p>\n<p>Spole\u010dnost Rainier Overseas Movers nab\u00edz\u00ed st\u011bhovac\u00ed slu\u017eby od dve\u0159\u00ed ke dve\u0159\u00edm, kter\u00e9 v\u00e1m pomohou naj\u00edt cenov\u011b v\u00fdhodn\u00e9 \u0159e\u0161en\u00ed st\u011bhov\u00e1n\u00ed, kter\u00e9 za\u010d\u00edn\u00e1 odhadem v dom\u00e1cnosti. Poskytuj\u00ed balic\u00ed slu\u017eby, kter\u00e9 chr\u00e1n\u00ed va\u0161e v\u011bci p\u0159i p\u0159eprav\u011b, a zajist\u00ed p\u0159epravu do t\u00e9m\u011b\u0159 jak\u00e9koli destinace n\u00e1kladn\u00edm autem, letecky nebo po mo\u0159i s celn\u00edm odbaven\u00edm.<\/p>\n<p>Webov\u00e9 str\u00e1nky: <a href=\"https:\/\/www.rainieros.com\/\" target=\"_blank\" rel=\"noopener\">https:\/\/www.rainieros.com\/<\/a><\/p>\n<h2><span class=\"ez-toc-section\" id=\"4_True_North\"><\/span><strong>4. Prav\u00fd sever<\/strong><span class=\"ez-toc-section-end\"><\/span><\/h2>\n<p><img loading=\"lazy\" decoding=\"async\" class=\"alignnone size-full wp-image-11463\" src=\"https:\/\/moverdb.com\/wp-content\/uploads\/True-North-international-moving-company.png\" alt=\"True North mezin\u00e1rodn\u00ed st\u011bhov\u00e1n\u00ed spole\u010dnost\" width=\"1440\" height=\"680\" data-wp-pid=\"11463\" srcset=\"https:\/\/moverdb.com\/wp-content\/uploads\/True-North-international-moving-company.png 1440w, https:\/\/moverdb.com\/wp-content\/uploads\/True-North-international-moving-company-300x142.png 300w, https:\/\/moverdb.com\/wp-content\/uploads\/True-North-international-moving-company-1024x484.png 1024w, https:\/\/moverdb.com\/wp-content\/uploads\/True-North-international-moving-company-18x9.png 18w, https:\/\/moverdb.com\/wp-content\/uploads\/True-North-international-moving-company-600x283.png 600w\" sizes=\"auto, (max-width: 1440px) 100vw, 1440px\" \/><\/p>\n<ul>\n<li>Mezin\u00e1rodn\u00ed p\u0159esuny<\/li>\n<li>St\u011bhov\u00e1n\u00ed dom\u00e1cnost\u00ed<\/li>\n<li>Slu\u017eby na m\u00edru<\/li>\n<li>Balic\u00ed slu\u017eba<\/li>\n<li>Dopravn\u00ed opat\u0159en\u00ed<\/li>\n<li>Software pro spr\u00e1vu<\/li>\n<li>Celn\u00ed odbaven\u00ed<\/li>\n<li>P\u0159eprava vozidel<\/li>\n<li>Poji\u0161t\u011bn\u00ed<\/li>\n<li>\u0158e\u0161en\u00ed pro ukl\u00e1d\u00e1n\u00ed dat<\/li>\n<\/ul>\n<p>Spole\u010dnost True North je zahrani\u010dn\u00ed reloka\u010dn\u00ed spole\u010dnost zalo\u017een\u00e1 v roce 2004 se s\u00eddlem v Seattlu. Disponuje vysoce kvalifikovan\u00fdmi poradci a prov\u011b\u0159enou s\u00edt\u00ed dlouhodob\u00fdch partner\u016f s celosv\u011btovou p\u016fsobnost\u00ed, kte\u0159\u00ed podporuj\u00ed mezin\u00e1rodn\u00ed st\u011bhov\u00e1n\u00ed. Jsou \u010dlenem IAM s 19 lety zku\u0161enost\u00ed.<\/p>\n<p>Spole\u010dnost True North se specializuje na mezin\u00e1rodn\u00ed st\u011bhov\u00e1n\u00ed a poskytuje poradenskou podporu, kter\u00e1 v\u00e1m pom\u016f\u017ee zorientovat se ve slo\u017eitostech glob\u00e1ln\u00edch p\u0159eprav. Zajist\u00ed, abyste byli pln\u011b informov\u00e1ni a mohli se spr\u00e1vn\u011b rozhodnout. Poskytnou v\u00e1m individu\u00e1ln\u00ed pl\u00e1n st\u011bhov\u00e1n\u00ed p\u0159izp\u016fsoben\u00fd va\u0161im pot\u0159eb\u00e1m a pou\u017e\u00edvaj\u00ed software, kter\u00fd v\u00e1m pom\u016f\u017ee se spr\u00e1vou st\u011bhov\u00e1n\u00ed.<\/p>\n<p>Webov\u00e9 str\u00e1nky: <a href=\"https:\/\/www.truenorthrelocation.com\/\" target=\"_blank\" rel=\"noopener\">https:\/\/www.truenorthrelocation.com\/<\/a><\/p>","protected":false},"excerpt":{"rendered":"<p>Are you planning a move to or from Seattle? Then employing a moving company to help you with packing, arranging transport and handling customs for international moves can assist in making your move simpler. Below we have compiled a list of Seattle based removal companies that are members of the International Association of Movers (IAM) [&hellip;]<\/p>\n","protected":false},"author":4,"featured_media":11380,"parent":190,"menu_order":0,"comment_status":"closed","ping_status":"closed","template":"","meta":{"_genesis_hide_title":false,"_genesis_hide_breadcrumbs":false,"_genesis_hide_singular_image":false,"_genesis_hide_footer_widgets":false,"_genesis_custom_body_class":"","_genesis_custom_post_class":"","_genesis_layout":"","footnotes":""},"class_list":{"0":"post-11656","1":"page","2":"type-page","3":"status-publish","4":"has-post-thumbnail","6":"entry"},"_links":{"self":[{"href":"https:\/\/moverdb.com\/cs\/wp-json\/wp\/v2\/pages\/11656","targetHints":{"allow":["GET"]}}],"collection":[{"href":"https:\/\/moverdb.com\/cs\/wp-json\/wp\/v2\/pages"}],"about":[{"href":"https:\/\/moverdb.com\/cs\/wp-json\/wp\/v2\/types\/page"}],"author":[{"embeddable":true,"href":"https:\/\/moverdb.com\/cs\/wp-json\/wp\/v2\/users\/4"}],"replies":[{"embeddable":true,"href":"https:\/\/moverdb.com\/cs\/wp-json\/wp\/v2\/comments?post=11656"}],"version-history":[{"count":2,"href":"https:\/\/moverdb.com\/cs\/wp-json\/wp\/v2\/pages\/11656\/revisions"}],"predecessor-version":[{"id":11658,"href":"https:\/\/moverdb.com\/cs\/wp-json\/wp\/v2\/pages\/11656\/revisions\/11658"}],"up":[{"embeddable":true,"href":"https:\/\/moverdb.com\/cs\/wp-json\/wp\/v2\/pages\/190"}],"wp:featuredmedia":[{"embeddable":true,"href":"https:\/\/moverdb.com\/cs\/wp-json\/wp\/v2\/media\/11380"}],"wp:attachment":[{"href":"https:\/\/moverdb.com\/cs\/wp-json\/wp\/v2\/media?parent=11656"}],"curies":[{"name":"wp","href":"https:\/\/api.w.org\/{rel}","templated":true}]}}