{"id":11654,"date":"2023-11-29T10:37:27","date_gmt":"2023-11-29T10:37:27","guid":{"rendered":"https:\/\/moverdb.com\/?page_id=11654"},"modified":"2026-01-08T15:24:52","modified_gmt":"2026-01-08T15:24:52","slug":"moving-companies-us-san-diego","status":"publish","type":"page","link":"https:\/\/moverdb.com\/cs\/moving-companies\/moving-companies-us-san-diego\/","title":{"rendered":"4 Nejlep\u0161\u00ed mezin\u00e1rodn\u00ed st\u011bhovac\u00ed spole\u010dnosti v San Diegu"},"content":{"rendered":"<p>St\u011bhov\u00e1n\u00ed m\u016f\u017ee b\u00fdt stresuj\u00edc\u00ed, proto\u017ee je t\u0159eba myslet na spoustu v\u011bc\u00ed a zvl\u00e1dnout je, proto je t\u0159eba vyu\u017e\u00edt pomoci od <a href=\"https:\/\/moverdb.com\/cs\/moving-companies\/\" data-internallinksmanager029f6b8e52c=\"79\" title=\"Top 25 Mezin\u00e1rodn\u00ed st\u011bhovac\u00ed spole\u010dnosti Online\">st\u011bhovac\u00ed spole\u010dnost<\/a> m\u016f\u017ee m\u00edt skute\u010dn\u011b velk\u00fd v\u00fdznam. M\u016f\u017eete si najmout st\u011bhovac\u00ed firmu, kter\u00e1 napl\u00e1nuje a zorganizuje st\u011bhov\u00e1n\u00ed, zabal\u00ed a vybal\u00ed v\u011bci a vy\u0159\u00edd\u00ed celn\u00ed \u0159\u00edzen\u00ed p\u0159i mezin\u00e1rodn\u00edm st\u011bhov\u00e1n\u00ed. N\u00ed\u017ee jsme sestavili seznam firem se s\u00eddlem v San Diegu. <a href=\"https:\/\/moverdb.com\/cs\/international-removals\/\" data-internallinksmanager029f6b8e52c=\"27\" title=\"36 nejlep\u0161\u00edch mezin\u00e1rodn\u00edch st\u011bhovac\u00edch spole\u010dnost\u00ed ve Velk\u00e9 Brit\u00e1nii\">st\u011bhovac\u00ed firmy<\/a> kter\u00e9 jsou \u010dleny <a href=\"https:\/\/moverdb.com\/cs\/iam\/\" data-internallinksmanager029f6b8e52c=\"23\" title=\"Vysv\u011btlen\u00ed Mezin\u00e1rodn\u00ed asociace st\u011bhov\u00e1k\u016f (IAM)\">Mezin\u00e1rodn\u00ed asociace st\u011bhov\u00e1k\u016f<\/a> (IAM) a\/nebo <a href=\"https:\/\/moverdb.com\/cs\/fidi-faim\/\" data-internallinksmanager029f6b8e52c=\"16\" title=\"Vysv\u011btlen\u00ed FIDI a FAIM (FIDI Accredited International Mover)\">FIDI<\/a> Akreditovan\u00e9 mezin\u00e1rodn\u00ed st\u011bhov\u00e1n\u00ed (FAIM), kter\u00e9 by v\u00e1m mohlo pomoci se st\u011bhov\u00e1n\u00edm.<\/p>\n<div id=\"ez-toc-container\" class=\"ez-toc-v2_0_82_2 ez-toc-wrap-left counter-hierarchy ez-toc-counter ez-toc-transparent ez-toc-container-direction\">\n<div class=\"ez-toc-title-container\">\n<p class=\"ez-toc-title\" style=\"cursor:inherit\">Sekce<\/p>\n<span class=\"ez-toc-title-toggle\"><a href=\"#\" class=\"ez-toc-pull-right ez-toc-btn ez-toc-btn-xs ez-toc-btn-default ez-toc-toggle\" aria-label=\"P\u0159epnut\u00ed tabulky obsahu\"><span class=\"ez-toc-js-icon-con\"><span class=\"\"><span class=\"eztoc-hide\" style=\"display:none;\">P\u0159ep\u00edna\u010d<\/span><span class=\"ez-toc-icon-toggle-span\"><svg style=\"fill: #999;color:#999\" xmlns=\"http:\/\/www.w3.org\/2000\/svg\" class=\"list-377408\" width=\"20px\" height=\"20px\" viewbox=\"0 0 24 24\" fill=\"none\"><path d=\"M6 6H4v2h2V6zm14 0H8v2h12V6zM4 11h2v2H4v-2zm16 0H8v2h12v-2zM4 16h2v2H4v-2zm16 0H8v2h12v-2z\" fill=\"currentColor\"><\/path><\/svg><svg style=\"fill: #999;color:#999\" class=\"arrow-unsorted-368013\" xmlns=\"http:\/\/www.w3.org\/2000\/svg\" width=\"10px\" height=\"10px\" viewbox=\"0 0 24 24\" version=\"1.2\" baseprofile=\"tiny\"><path d=\"M18.2 9.3l-6.2-6.3-6.2 6.3c-.2.2-.3.4-.3.7s.1.5.3.7c.2.2.4.3.7.3h11c.3 0 .5-.1.7-.3.2-.2.3-.5.3-.7s-.1-.5-.3-.7zM5.8 14.7l6.2 6.3 6.2-6.3c.2-.2.3-.5.3-.7s-.1-.5-.3-.7c-.2-.2-.4-.3-.7-.3h-11c-.3 0-.5.1-.7.3-.2.2-.3.5-.3.7s.1.5.3.7z\"\/><\/svg><\/span><\/span><\/span><\/a><\/span><\/div>\n<nav><ul class='ez-toc-list ez-toc-list-level-1 eztoc-toggle-hide-by-default' ><li class='ez-toc-page-1 ez-toc-heading-level-2'><a class=\"ez-toc-link ez-toc-heading-1\" href=\"https:\/\/moverdb.com\/cs\/moving-companies\/moving-companies-us-san-diego\/#1_ACE_Relocation_Systems\" >1. ACE Relocation Systems<\/a><\/li><li class='ez-toc-page-1 ez-toc-heading-level-2'><a class=\"ez-toc-link ez-toc-heading-2\" href=\"https:\/\/moverdb.com\/cs\/moving-companies\/moving-companies-us-san-diego\/#2_DeWitt_Move_Worldwide\" >2. DeWitt Move Worldwide<\/a><\/li><li class='ez-toc-page-1 ez-toc-heading-level-2'><a class=\"ez-toc-link ez-toc-heading-3\" href=\"https:\/\/moverdb.com\/cs\/moving-companies\/moving-companies-us-san-diego\/#3_Johnson_Storage_Moving\" >3. Johnson Storage &amp; Moving<\/a><\/li><li class='ez-toc-page-1 ez-toc-heading-level-2'><a class=\"ez-toc-link ez-toc-heading-4\" href=\"https:\/\/moverdb.com\/cs\/moving-companies\/moving-companies-us-san-diego\/#4_Sullivan_Moving_Storage\" >4. Sullivan Moving &amp; Storage<\/a><\/li><\/ul><\/nav><\/div>\n<h2><span class=\"ez-toc-section\" id=\"1_ACE_Relocation_Systems\"><\/span><strong>1. ACE Relocation Systems<\/strong><span class=\"ez-toc-section-end\"><\/span><\/h2>\n<p><img loading=\"lazy\" decoding=\"async\" class=\"alignnone size-full wp-image-11240\" src=\"https:\/\/moverdb.com\/wp-content\/uploads\/ACE-Relocation-Systems-international-moving-company.png\" alt=\"ACE Relocation Systems mezin\u00e1rodn\u00ed st\u011bhov\u00e1n\u00ed spole\u010dnost\" width=\"1440\" height=\"680\" data-wp-pid=\"11240\" srcset=\"https:\/\/moverdb.com\/wp-content\/uploads\/ACE-Relocation-Systems-international-moving-company.png 1440w, https:\/\/moverdb.com\/wp-content\/uploads\/ACE-Relocation-Systems-international-moving-company-300x142.png 300w, https:\/\/moverdb.com\/wp-content\/uploads\/ACE-Relocation-Systems-international-moving-company-1024x484.png 1024w, https:\/\/moverdb.com\/wp-content\/uploads\/ACE-Relocation-Systems-international-moving-company-18x9.png 18w, https:\/\/moverdb.com\/wp-content\/uploads\/ACE-Relocation-Systems-international-moving-company-600x283.png 600w\" sizes=\"auto, (max-width: 1440px) 100vw, 1440px\" \/><\/p>\n<ul>\n<li>M\u00edstn\u00ed a d\u00e1lkov\u00e9 p\u0159esuny<\/li>\n<li>Mezin\u00e1rodn\u00ed p\u0159esuny<\/li>\n<li>St\u011bhov\u00e1n\u00ed do obytn\u00fdch prostor<\/li>\n<li>Obchodn\u00ed kroky<\/li>\n<li>St\u011bhov\u00e1n\u00ed firem<\/li>\n<li>Rozsah mo\u017enost\u00ed balen\u00ed<\/li>\n<li>Dopravn\u00ed opat\u0159en\u00ed<\/li>\n<li>P\u0159eprava vozidel<\/li>\n<li>Poji\u0161t\u011bn\u00ed<\/li>\n<li>Bezpe\u010dn\u00e9 kr\u00e1tkodob\u00e9 a dlouhodob\u00e9 skladov\u00e1n\u00ed<\/li>\n<\/ul>\n<p>ACE Relocation Systems je st\u011bhovac\u00ed, skladovac\u00ed a distribu\u010dn\u00ed spole\u010dnost, kter\u00e1 byla zalo\u017eena v roce 1985 se s\u00eddlem v San Diegu a dev\u00edti dal\u0161\u00edmi pobo\u010dkami v USA. <a href=\"https:\/\/moverdb.com\/cs\/moving-to-the-united-states\/\" data-internallinksmanager029f6b8e52c=\"94\" title=\"St\u011bhujete se do Spojen\u00fdch st\u00e1t\u016f? 2022 \u017divotn\u00ed n\u00e1klady a tipy na st\u011bhov\u00e1n\u00ed\">US<\/a>. Jsou agentem spole\u010dnosti Atlas Van Lines, co\u017e jim umo\u017e\u0148uje p\u0159\u00edstup k celosv\u011btov\u00e9 s\u00edti agent\u016f. Jsou \u010dlenem IAM s 55 lety zku\u0161enost\u00ed.<\/p>\n<p>Spole\u010dnost ACE Relocation Systems nab\u00edz\u00ed st\u011bhovac\u00ed slu\u017eby na m\u00edru, kter\u00e9 zahrnuj\u00ed komplexn\u00ed balic\u00ed a vybalovac\u00ed slu\u017eby, \u010d\u00e1ste\u010dn\u00e9 balen\u00ed a mo\u017enost pouze p\u0159epravy. Zajist\u00ed leteckou nebo kontejnerovou p\u0159epravu s poji\u0161t\u011bn\u00edm va\u0161ich v\u011bc\u00ed b\u011bhem p\u0159epravy. Zajist\u00ed tak\u00e9 p\u0159epravu \u0159ady vozidel v\u010detn\u011b automobil\u016f a lod\u00ed.<\/p>\n<p>Webov\u00e9 str\u00e1nky: <a href=\"https:\/\/www.acerelocation.com\/\" target=\"_blank\" rel=\"noopener\">https:\/\/www.acerelocation.com\/<\/a><\/p>\n<h2><span class=\"ez-toc-section\" id=\"2_DeWitt_Move_Worldwide\"><\/span><strong>2. DeWitt Move Worldwide<\/strong><span class=\"ez-toc-section-end\"><\/span><\/h2>\n<p><img loading=\"lazy\" decoding=\"async\" class=\"alignnone size-full wp-image-11306\" src=\"https:\/\/moverdb.com\/wp-content\/uploads\/DeWitt-Move-Worldwide-international-moving-company.png\" alt=\"DeWitt Move Worldwide mezin\u00e1rodn\u00ed st\u011bhov\u00e1n\u00ed spole\u010dnost\" width=\"1440\" height=\"676\" data-wp-pid=\"11306\" srcset=\"https:\/\/moverdb.com\/wp-content\/uploads\/DeWitt-Move-Worldwide-international-moving-company.png 1440w, https:\/\/moverdb.com\/wp-content\/uploads\/DeWitt-Move-Worldwide-international-moving-company-300x141.png 300w, https:\/\/moverdb.com\/wp-content\/uploads\/DeWitt-Move-Worldwide-international-moving-company-1024x481.png 1024w, https:\/\/moverdb.com\/wp-content\/uploads\/DeWitt-Move-Worldwide-international-moving-company-18x8.png 18w, https:\/\/moverdb.com\/wp-content\/uploads\/DeWitt-Move-Worldwide-international-moving-company-600x282.png 600w\" sizes=\"auto, (max-width: 1440px) 100vw, 1440px\" \/><\/p>\n<ul>\n<li>St\u011bhov\u00e1n\u00ed na n\u00e1rodn\u00ed \u00farovni<\/li>\n<li>Mezin\u00e1rodn\u00ed p\u0159esuny<\/li>\n<li>St\u011bhov\u00e1n\u00ed do obytn\u00fdch prostor<\/li>\n<li>St\u011bhov\u00e1n\u00ed firem<\/li>\n<li>P\u0159izp\u016fsoben\u00fd pl\u00e1n st\u011bhov\u00e1n\u00ed<\/li>\n<li>Balic\u00ed slu\u017eba<\/li>\n<li>Celn\u00ed odbaven\u00ed<\/li>\n<li>Manipulace s um\u011bleck\u00fdmi d\u00edly<\/li>\n<li>P\u0159eprava vozidel<\/li>\n<li>Skladovac\u00ed prostory<\/li>\n<\/ul>\n<p>DeWitt Move Worldwide je spole\u010dnost poskytuj\u00edc\u00ed st\u011bhovac\u00ed slu\u017eby, kter\u00e1 byla zalo\u017eena v roce 1927, je sou\u010d\u00e1st\u00ed spole\u010dnosti The DeWitt Companies a s\u00eddl\u00ed v San Diegu. Prost\u0159ednictv\u00edm vlastn\u00edch sestersk\u00fdch spole\u010dnost\u00ed p\u016fsob\u00ed ve v\u00edce ne\u017e 100 zem\u00edch a m\u00e1 s\u00ed\u0165 prov\u011b\u0159en\u00fdch mezin\u00e1rodn\u00edch partner\u016f. Jsou \u010dlenem IAM s 96 lety zku\u0161enost\u00ed.<\/p>\n<p>Spole\u010dnost DeWitt Move Worldwide nab\u00edz\u00ed osobn\u00ed nebo virtu\u00e1ln\u00ed p\u0159edst\u011bhovac\u00ed pr\u016fzkum, kter\u00fd posoud\u00ed va\u0161e po\u017eadavky na st\u011bhov\u00e1n\u00ed, a zajist\u00ed odborn\u00edka spole\u010dnosti DeWitt Move Worldwide, kter\u00fd bude va\u0161e st\u011bhov\u00e1n\u00ed \u0159\u00eddit. Ve spolupr\u00e1ci s v\u00e1mi ur\u010d\u00ed nejlep\u0161\u00ed mo\u017enosti st\u011bhov\u00e1n\u00ed a vytvo\u0159\u00ed pl\u00e1n st\u011bhov\u00e1n\u00ed na m\u00edru va\u0161emu rozpo\u010dtu.<\/p>\n<p>Webov\u00e9 str\u00e1nky: <a href=\"https:\/\/www.dewittmove.com\" target=\"_blank\" rel=\"noopener\">https:\/\/www.dewittmove.com<\/a><\/p>\n<h2><span class=\"ez-toc-section\" id=\"3_Johnson_Storage_Moving\"><\/span><strong>3. Johnson Storage &amp; Moving<\/strong><span class=\"ez-toc-section-end\"><\/span><\/h2>\n<p><img loading=\"lazy\" decoding=\"async\" class=\"alignnone size-full wp-image-11356\" src=\"https:\/\/moverdb.com\/wp-content\/uploads\/Johnson-Storage-Moving-international-moving-company.png\" alt=\"Johnson Storage &amp; St\u011bhov\u00e1n\u00ed mezin\u00e1rodn\u00ed st\u011bhov\u00e1n\u00ed spole\u010dnost\" width=\"1440\" height=\"677\" data-wp-pid=\"11356\" srcset=\"https:\/\/moverdb.com\/wp-content\/uploads\/Johnson-Storage-Moving-international-moving-company.png 1440w, https:\/\/moverdb.com\/wp-content\/uploads\/Johnson-Storage-Moving-international-moving-company-300x141.png 300w, https:\/\/moverdb.com\/wp-content\/uploads\/Johnson-Storage-Moving-international-moving-company-1024x481.png 1024w, https:\/\/moverdb.com\/wp-content\/uploads\/Johnson-Storage-Moving-international-moving-company-18x8.png 18w, https:\/\/moverdb.com\/wp-content\/uploads\/Johnson-Storage-Moving-international-moving-company-600x282.png 600w\" sizes=\"auto, (max-width: 1440px) 100vw, 1440px\" \/><\/p>\n<ul>\n<li>M\u00edstn\u00ed a mezist\u00e1tn\u00ed p\u0159esuny<\/li>\n<li>Mezin\u00e1rodn\u00ed p\u0159esuny<\/li>\n<li>St\u011bhov\u00e1n\u00ed do obytn\u00fdch prostor<\/li>\n<li>Komer\u010dn\u00ed p\u0159esuny<\/li>\n<li>P\u0159em\u00edst\u011bn\u00ed spole\u010dnosti<\/li>\n<li>Poradce pro osobn\u00ed st\u011bhov\u00e1n\u00ed<\/li>\n<li>Balic\u00ed slu\u017eba<\/li>\n<li>Dopravn\u00ed opat\u0159en\u00ed<\/li>\n<li>Celn\u00ed odbaven\u00ed<\/li>\n<li>\u0158e\u0161en\u00ed pro ukl\u00e1d\u00e1n\u00ed dat<\/li>\n<\/ul>\n<p>Spole\u010dnost Johnson Storage &amp; Moving p\u016fsob\u00ed na trhu od roku 1900 a m\u00e1 12 pobo\u010dek po cel\u00fdch Spojen\u00fdch st\u00e1tech v\u010detn\u011b San Diega. M\u00e1 glob\u00e1ln\u00ed s\u00ed\u0165 partner\u016f, kter\u00e1 j\u00ed umo\u017e\u0148uje p\u0159epravovat v\u011bci do v\u00edce ne\u017e 200 zem\u00ed po cel\u00e9m sv\u011bt\u011b. Jsou akreditov\u00e1ni organizac\u00ed FIDI.<\/p>\n<p>Spole\u010dnost Johnson Storage &amp; Moving nab\u00edz\u00ed bezplatnou dom\u00e1c\u00ed nebo virtu\u00e1ln\u00ed cenovou nab\u00eddku, kter\u00e1 posoud\u00ed objem va\u0161eho st\u011bhov\u00e1n\u00ed. Poskytuj\u00ed osobn\u00edho st\u011bhovac\u00edho poradce, kter\u00fd v\u00e1m pom\u016f\u017ee s ka\u017ed\u00fdm krokem st\u011bhov\u00e1n\u00ed a vytvo\u0159\u00ed individu\u00e1ln\u00ed pl\u00e1n st\u011bhov\u00e1n\u00ed. Nab\u00edzej\u00ed kompletn\u00ed balic\u00ed slu\u017eby, kter\u00e9 zajist\u00ed bezpe\u010dnost a zabezpe\u010den\u00ed va\u0161eho n\u00e1kladu, a postaraj\u00ed se o celn\u00ed odbaven\u00ed.<\/p>\n<p>Webov\u00e9 str\u00e1nky: <a href=\"https:\/\/www.johnsonstorage.com\" target=\"_blank\" rel=\"noopener\">https:\/\/www.johnsonstorage.com<\/a><\/p>\n<h2><span class=\"ez-toc-section\" id=\"4_Sullivan_Moving_Storage\"><\/span><strong>4. Sullivan Moving &amp; Storage<\/strong><span class=\"ez-toc-section-end\"><\/span><\/h2>\n<p><img loading=\"lazy\" decoding=\"async\" class=\"alignnone size-full wp-image-11451\" src=\"https:\/\/moverdb.com\/wp-content\/uploads\/Sullivan-Moving-Storage-international-moving-company.png\" alt=\"Sullivan Moving &amp; Storage mezin\u00e1rodn\u00ed pohybuj\u00edc\u00ed se spole\u010dnost\" width=\"1440\" height=\"683\" data-wp-pid=\"11451\" srcset=\"https:\/\/moverdb.com\/wp-content\/uploads\/Sullivan-Moving-Storage-international-moving-company.png 1440w, https:\/\/moverdb.com\/wp-content\/uploads\/Sullivan-Moving-Storage-international-moving-company-300x142.png 300w, https:\/\/moverdb.com\/wp-content\/uploads\/Sullivan-Moving-Storage-international-moving-company-1024x486.png 1024w, https:\/\/moverdb.com\/wp-content\/uploads\/Sullivan-Moving-Storage-international-moving-company-18x9.png 18w, https:\/\/moverdb.com\/wp-content\/uploads\/Sullivan-Moving-Storage-international-moving-company-600x285.png 600w\" sizes=\"auto, (max-width: 1440px) 100vw, 1440px\" \/><\/p>\n<ul>\n<li>M\u00edstn\u00ed a d\u00e1lkov\u00e9 p\u0159esuny<\/li>\n<li>Mezin\u00e1rodn\u00ed p\u0159esuny<\/li>\n<li>St\u011bhov\u00e1n\u00ed dom\u00e1cnost\u00ed<\/li>\n<li>St\u011bhov\u00e1n\u00ed zam\u011bstnanc\u016f<\/li>\n<li>St\u011bhov\u00e1n\u00ed kancel\u00e1\u0159\u00ed<\/li>\n<li>Vyhrazen\u00fd koordin\u00e1tor st\u011bhov\u00e1n\u00ed<\/li>\n<li>Balic\u00ed slu\u017eba<\/li>\n<li>Zaji\u0161t\u011bn\u00ed dopravy<\/li>\n<li>Celn\u00ed odbaven\u00ed<\/li>\n<li>Kr\u00e1tkodob\u00e9 a dlouhodob\u00e9 skladov\u00e1n\u00ed<\/li>\n<\/ul>\n<p>Sullivan Moving &amp; Storage je st\u011bhovac\u00ed spole\u010dnost zalo\u017een\u00e1 v roce 1912 v San Diegu a je zakl\u00e1daj\u00edc\u00edm z\u00e1stupcem spole\u010dnosti United Van Lines. Disponuje celosv\u011btovou s\u00edt\u00ed st\u011bhovac\u00edch spole\u010dnost\u00ed, kter\u00e1 jim umo\u017e\u0148uje st\u011bhovat z\u00e1kazn\u00edky kamkoli na sv\u011bt\u011b. Jsou \u010dlenem IAM s dvan\u00e1ctiletou zku\u0161enost\u00ed a jsou akreditov\u00e1ni FIDI.<\/p>\n<p>Spole\u010dnost Sullivan Moving &amp; Storage nab\u00edz\u00ed mo\u017enost samoobslu\u017en\u00e9 prohl\u00eddky, virtu\u00e1ln\u00ed video prohl\u00eddky nebo prohl\u00eddky p\u0159\u00edmo u v\u00e1s doma, aby posoudila v\u00e1\u0161 objem st\u011bhov\u00e1n\u00ed a poskytla cenovou nab\u00eddku. Napl\u00e1nuj\u00ed va\u0161e st\u011bhov\u00e1n\u00ed a poskytnou v\u00e1m specializovan\u00e9ho koordin\u00e1tora st\u011bhov\u00e1n\u00ed, kter\u00fd v\u00e1m pom\u016f\u017ee v ka\u017ed\u00e9m kroku procesu. Nab\u00edzej\u00ed balic\u00ed slu\u017eby, p\u0159epravu a celn\u00ed odbaven\u00ed.<\/p>\n<p>Webov\u00e9 str\u00e1nky: <a href=\"http:\/\/www.sullivanunited.com\" target=\"_blank\" rel=\"noopener\">http:\/\/www.sullivanunited.com<\/a><\/p>","protected":false},"excerpt":{"rendered":"<p>Moving can get stressful with so many things to think about and manage, so getting some help from a moving company can really make a difference. You can engage a moving company to plan and organise your move, pack and unpack, and manage customs procedures for international moves. Below we have compiled a list of [&hellip;]<\/p>\n","protected":false},"author":4,"featured_media":11240,"parent":190,"menu_order":0,"comment_status":"closed","ping_status":"closed","template":"","meta":{"_genesis_hide_title":false,"_genesis_hide_breadcrumbs":false,"_genesis_hide_singular_image":false,"_genesis_hide_footer_widgets":false,"_genesis_custom_body_class":"","_genesis_custom_post_class":"","_genesis_layout":"","footnotes":""},"class_list":{"0":"post-11654","1":"page","2":"type-page","3":"status-publish","4":"has-post-thumbnail","6":"entry"},"_links":{"self":[{"href":"https:\/\/moverdb.com\/cs\/wp-json\/wp\/v2\/pages\/11654","targetHints":{"allow":["GET"]}}],"collection":[{"href":"https:\/\/moverdb.com\/cs\/wp-json\/wp\/v2\/pages"}],"about":[{"href":"https:\/\/moverdb.com\/cs\/wp-json\/wp\/v2\/types\/page"}],"author":[{"embeddable":true,"href":"https:\/\/moverdb.com\/cs\/wp-json\/wp\/v2\/users\/4"}],"replies":[{"embeddable":true,"href":"https:\/\/moverdb.com\/cs\/wp-json\/wp\/v2\/comments?post=11654"}],"version-history":[{"count":1,"href":"https:\/\/moverdb.com\/cs\/wp-json\/wp\/v2\/pages\/11654\/revisions"}],"predecessor-version":[{"id":11655,"href":"https:\/\/moverdb.com\/cs\/wp-json\/wp\/v2\/pages\/11654\/revisions\/11655"}],"up":[{"embeddable":true,"href":"https:\/\/moverdb.com\/cs\/wp-json\/wp\/v2\/pages\/190"}],"wp:featuredmedia":[{"embeddable":true,"href":"https:\/\/moverdb.com\/cs\/wp-json\/wp\/v2\/media\/11240"}],"wp:attachment":[{"href":"https:\/\/moverdb.com\/cs\/wp-json\/wp\/v2\/media?parent=11654"}],"curies":[{"name":"wp","href":"https:\/\/api.w.org\/{rel}","templated":true}]}}