{"id":11651,"date":"2023-11-29T10:38:44","date_gmt":"2023-11-29T10:38:44","guid":{"rendered":"https:\/\/moverdb.com\/?page_id=11651"},"modified":"2026-01-08T15:24:50","modified_gmt":"2026-01-08T15:24:50","slug":"moving-companies-us-pennsylvania","status":"publish","type":"page","link":"https:\/\/moverdb.com\/cs\/moving-companies\/moving-companies-us-pennsylvania\/","title":{"rendered":"4 Nejlep\u0161\u00ed mezin\u00e1rodn\u00ed st\u011bhovac\u00ed spole\u010dnosti v Pensylv\u00e1nii"},"content":{"rendered":"<p>Kdy\u017e se st\u011bhujete, je toho mnoho, co mus\u00edte ud\u011blat, nap\u0159\u00edklad zorganizovat, zabalit, zajistit p\u0159epravu a vy\u0159\u00eddit celn\u00ed z\u00e1le\u017eitosti, pokud se st\u011bhujete do zahrani\u010d\u00ed, ale nemus\u00edte to d\u011blat sami. A <a href=\"https:\/\/moverdb.com\/cs\/moving-companies\/\" data-internallinksmanager029f6b8e52c=\"79\" title=\"Top 25 Mezin\u00e1rodn\u00ed st\u011bhovac\u00ed spole\u010dnosti Online\">st\u011bhovac\u00ed spole\u010dnost<\/a> v\u00e1m m\u016f\u017ee pomoci se v\u0161emi nebo n\u011bkter\u00fdmi z t\u011bchto \u00fakol\u016f, kter\u00e9 v\u00e1m st\u011bhov\u00e1n\u00ed usnadn\u00ed. N\u00ed\u017ee jsme sestavili seznam <a href=\"https:\/\/moverdb.com\/cs\/moving-to-the-united-states\/moving-to-pennsylvania\/\" data-internallinksmanager029f6b8e52c=\"404\" title=\"St\u011bhujete se do Pensylv\u00e1nie? 2026 N\u00e1klady na bydlen\u00ed a tipy na st\u011bhov\u00e1n\u00ed\">Pensylv\u00e1nie<\/a> na adrese <a href=\"https:\/\/moverdb.com\/cs\/international-removals\/\" data-internallinksmanager029f6b8e52c=\"27\" title=\"36 nejlep\u0161\u00edch mezin\u00e1rodn\u00edch st\u011bhovac\u00edch spole\u010dnost\u00ed ve Velk\u00e9 Brit\u00e1nii\">st\u011bhovac\u00ed firmy<\/a> kter\u00e9 jsou \u010dleny <a href=\"https:\/\/moverdb.com\/cs\/iam\/\" data-internallinksmanager029f6b8e52c=\"23\" title=\"Vysv\u011btlen\u00ed Mezin\u00e1rodn\u00ed asociace st\u011bhov\u00e1k\u016f (IAM)\">Mezin\u00e1rodn\u00ed asociace st\u011bhov\u00e1k\u016f<\/a> (IAM) a\/nebo <a href=\"https:\/\/moverdb.com\/cs\/fidi-faim\/\" data-internallinksmanager029f6b8e52c=\"16\" title=\"Vysv\u011btlen\u00ed FIDI a FAIM (FIDI Accredited International Mover)\">FIDI<\/a> Akreditovan\u00e9 mezin\u00e1rodn\u00ed st\u011bhov\u00e1n\u00ed (FAIM), kter\u00e9 by v\u00e1m mohlo pomoci se st\u011bhov\u00e1n\u00edm.<\/p>\n<div id=\"ez-toc-container\" class=\"ez-toc-v2_0_83 ez-toc-wrap-left counter-hierarchy ez-toc-counter ez-toc-transparent ez-toc-container-direction\">\n<div class=\"ez-toc-title-container\">\n<p class=\"ez-toc-title\" style=\"cursor:inherit\">Sekce<\/p>\n<span class=\"ez-toc-title-toggle\"><a href=\"#\" class=\"ez-toc-pull-right ez-toc-btn ez-toc-btn-xs ez-toc-btn-default ez-toc-toggle\" aria-label=\"P\u0159epnut\u00ed tabulky obsahu\"><span class=\"ez-toc-js-icon-con\"><span class=\"\"><span class=\"eztoc-hide\" style=\"display:none;\">P\u0159ep\u00edna\u010d<\/span><span class=\"ez-toc-icon-toggle-span\"><svg style=\"fill: #999;color:#999\" xmlns=\"http:\/\/www.w3.org\/2000\/svg\" class=\"list-377408\" width=\"20px\" height=\"20px\" viewbox=\"0 0 24 24\" fill=\"none\"><path d=\"M6 6H4v2h2V6zm14 0H8v2h12V6zM4 11h2v2H4v-2zm16 0H8v2h12v-2zM4 16h2v2H4v-2zm16 0H8v2h12v-2z\" fill=\"currentColor\"><\/path><\/svg><svg style=\"fill: #999;color:#999\" class=\"arrow-unsorted-368013\" xmlns=\"http:\/\/www.w3.org\/2000\/svg\" width=\"10px\" height=\"10px\" viewbox=\"0 0 24 24\" version=\"1.2\" baseprofile=\"tiny\"><path d=\"M18.2 9.3l-6.2-6.3-6.2 6.3c-.2.2-.3.4-.3.7s.1.5.3.7c.2.2.4.3.7.3h11c.3 0 .5-.1.7-.3.2-.2.3-.5.3-.7s-.1-.5-.3-.7zM5.8 14.7l6.2 6.3 6.2-6.3c.2-.2.3-.5.3-.7s-.1-.5-.3-.7c-.2-.2-.4-.3-.7-.3h-11c-.3 0-.5.1-.7.3-.2.2-.3.5-.3.7s.1.5.3.7z\"\/><\/svg><\/span><\/span><\/span><\/a><\/span><\/div>\n<nav><ul class='ez-toc-list ez-toc-list-level-1 eztoc-toggle-hide-by-default' ><li class='ez-toc-page-1 ez-toc-heading-level-2'><a class=\"ez-toc-link ez-toc-heading-1\" href=\"https:\/\/moverdb.com\/cs\/moving-companies\/moving-companies-us-pennsylvania\/#1_Aires\" >1. Aires<\/a><\/li><li class='ez-toc-page-1 ez-toc-heading-level-2'><a class=\"ez-toc-link ez-toc-heading-2\" href=\"https:\/\/moverdb.com\/cs\/moving-companies\/moving-companies-us-pennsylvania\/#2_Champion_International_Moving\" >2. Champion International Moving<\/a><\/li><li class='ez-toc-page-1 ez-toc-heading-level-2'><a class=\"ez-toc-link ez-toc-heading-3\" href=\"https:\/\/moverdb.com\/cs\/moving-companies\/moving-companies-us-pennsylvania\/#3_Movers_Specialty_Service\" >3. St\u011bhov\u00e1n\u00ed specializovan\u00e9 slu\u017eby<\/a><\/li><li class='ez-toc-page-1 ez-toc-heading-level-2'><a class=\"ez-toc-link ez-toc-heading-4\" href=\"https:\/\/moverdb.com\/cs\/moving-companies\/moving-companies-us-pennsylvania\/#4_Reads_Moving_Systems\" >4. \u010cten\u00ed pohybliv\u00fdch syst\u00e9m\u016f<\/a><\/li><\/ul><\/nav><\/div>\n<h2><span class=\"ez-toc-section\" id=\"1_Aires\"><\/span><strong>1. Aires<\/strong><span class=\"ez-toc-section-end\"><\/span><\/h2>\n<p><img loading=\"lazy\" decoding=\"async\" class=\"alignnone size-full wp-image-11247\" src=\"https:\/\/moverdb.com\/wp-content\/uploads\/Aires-international-moving-company.png\" alt=\"Aires mezin\u00e1rodn\u00ed st\u011bhov\u00e1n\u00ed spole\u010dnost\" width=\"1440\" height=\"678\" data-wp-pid=\"11247\" srcset=\"https:\/\/moverdb.com\/wp-content\/uploads\/Aires-international-moving-company.png 1440w, https:\/\/moverdb.com\/wp-content\/uploads\/Aires-international-moving-company-300x141.png 300w, https:\/\/moverdb.com\/wp-content\/uploads\/Aires-international-moving-company-1024x482.png 1024w, https:\/\/moverdb.com\/wp-content\/uploads\/Aires-international-moving-company-18x8.png 18w, https:\/\/moverdb.com\/wp-content\/uploads\/Aires-international-moving-company-600x283.png 600w\" sizes=\"auto, (max-width: 1440px) 100vw, 1440px\" \/><\/p>\n<ul>\n<li>Vnitrost\u00e1tn\u00ed p\u0159em\u00edst\u011bn\u00ed<\/li>\n<li>Mezin\u00e1rodn\u00ed st\u011bhov\u00e1n\u00ed<\/li>\n<li>St\u011bhov\u00e1n\u00ed dom\u00e1cnost\u00ed<\/li>\n<li>St\u011bhov\u00e1n\u00ed zam\u011bstnanc\u016f<\/li>\n<li>Odletov\u00e9 slu\u017eby<\/li>\n<li>C\u00edlov\u00e9 a za\u0159izovac\u00ed slu\u017eby<\/li>\n<li>Imigra\u010dn\u00ed slu\u017eby<\/li>\n<li>Realitn\u00ed slu\u017eby<\/li>\n<li>Vyhled\u00e1v\u00e1n\u00ed ve \u0161kole<\/li>\n<li>Kulturn\u00ed a jazykov\u00e9 vzd\u011bl\u00e1v\u00e1n\u00ed<\/li>\n<\/ul>\n<p>Aires je spole\u010dnost zalo\u017een\u00e1 v roce 1981 se s\u00eddlem v Pittsburghu a p\u011bti dal\u0161\u00edmi m\u011bsty. <a href=\"https:\/\/moverdb.com\/cs\/moving-to-the-united-states\/\" data-internallinksmanager029f6b8e52c=\"94\" title=\"St\u011bhujete se do Spojen\u00fdch st\u00e1t\u016f? 2022 \u017divotn\u00ed n\u00e1klady a tipy na st\u011bhov\u00e1n\u00ed\">US<\/a> kancel\u00e1\u0159e a mezin\u00e1rodn\u00ed kancel\u00e1\u0159e v <a href=\"https:\/\/moverdb.com\/cs\/moving-to-hong-kong\/\" data-internallinksmanager029f6b8e52c=\"350\" title=\"St\u011bhujete se do Hongkongu? 2026 N\u00e1klady na bydlen\u00ed a tipy na p\u0159est\u011bhov\u00e1n\u00ed\">Hongkong<\/a>, Lond\u00fdn, <a href=\"https:\/\/moverdb.com\/cs\/moving-to-singapore\/\" data-internallinksmanager029f6b8e52c=\"68\" title=\"St\u011bhov\u00e1n\u00ed do Singapuru? 2022 \u017divotn\u00ed n\u00e1klady a tipy na st\u011bhov\u00e1n\u00ed\">Singapur<\/a>, \u0160anghaji a Bombaji. Maj\u00ed rozs\u00e1hlou s\u00ed\u0165 d\u016fv\u011bryhodn\u00fdch poskytovatel\u016f slu\u017eeb, kte\u0159\u00ed je podporuj\u00ed. Jsou \u010dlenem IAM se 42 lety zku\u0161enost\u00ed a jsou akreditov\u00e1ni FIDI.<\/p>\n<p>Aires se specializuje na podporu firem p\u0159i st\u011bhov\u00e1n\u00ed jejich zam\u011bstnanc\u016f a poskytuje \u0161irokou \u0161k\u00e1lu slu\u017eeb, kter\u00e9 pom\u00e1haj\u00ed zam\u011bstnanc\u016fm p\u0159i st\u011bhov\u00e1n\u00ed a zabydlov\u00e1n\u00ed v nov\u00e9m domov\u011b. Jej\u00ed slu\u017eby zahrnuj\u00ed slu\u017eby spojen\u00e9 s odjezdem, jako je st\u011bhov\u00e1n\u00ed a imigrace, a slu\u017eby v c\u00edlov\u00e9 destinaci, jako je hled\u00e1n\u00ed bydlen\u00ed a \u0161koly.<\/p>\n<p>Webov\u00e9 str\u00e1nky: <a href=\"https:\/\/www.aires.com\/\" target=\"_blank\" rel=\"noopener\">https:\/\/www.aires.com\/<\/a><\/p>\n<h2><span class=\"ez-toc-section\" id=\"2_Champion_International_Moving\"><\/span><strong>2. Champion International Moving<\/strong><span class=\"ez-toc-section-end\"><\/span><\/h2>\n<p><img loading=\"lazy\" decoding=\"async\" class=\"alignnone size-full wp-image-11285\" src=\"https:\/\/moverdb.com\/wp-content\/uploads\/Champion-International-Moving-company.png\" alt=\"Champion Mezin\u00e1rodn\u00ed st\u011bhovac\u00ed spole\u010dnost\" width=\"1440\" height=\"676\" data-wp-pid=\"11285\" srcset=\"https:\/\/moverdb.com\/wp-content\/uploads\/Champion-International-Moving-company.png 1440w, https:\/\/moverdb.com\/wp-content\/uploads\/Champion-International-Moving-company-300x141.png 300w, https:\/\/moverdb.com\/wp-content\/uploads\/Champion-International-Moving-company-1024x481.png 1024w, https:\/\/moverdb.com\/wp-content\/uploads\/Champion-International-Moving-company-18x8.png 18w, https:\/\/moverdb.com\/wp-content\/uploads\/Champion-International-Moving-company-600x282.png 600w\" sizes=\"auto, (max-width: 1440px) 100vw, 1440px\" \/><\/p>\n<ul>\n<li>St\u011bhov\u00e1n\u00ed na n\u00e1rodn\u00ed \u00farovni<\/li>\n<li>Mezin\u00e1rodn\u00ed p\u0159esuny<\/li>\n<li>St\u011bhov\u00e1n\u00ed do obytn\u00fdch prostor<\/li>\n<li>Obchodn\u00ed kroky<\/li>\n<li>Specializovan\u00fd specialista na st\u011bhov\u00e1n\u00ed<\/li>\n<li>Balic\u00ed slu\u017eba<\/li>\n<li>St\u011bhov\u00e1n\u00ed dom\u00e1c\u00edch mazl\u00ed\u010dk\u016f<\/li>\n<li>P\u0159eprava vozidel<\/li>\n<li>Poji\u0161t\u011bn\u00ed<\/li>\n<li>Skladovac\u00ed slu\u017eby<\/li>\n<\/ul>\n<p>Spole\u010dnost Champion International Moving byla zalo\u017eena v roce 1991 a s\u00eddl\u00ed v Pittsburghu. Je sou\u010d\u00e1st\u00ed <a href=\"https:\/\/moverdb.com\/cs\/harmony-relocation-network\/\" data-internallinksmanager029f6b8e52c=\"20\" title=\"Vysv\u011btlen\u00ed s\u00edt\u011b Harmony Relocation Network (HRN)\">Harmony Relocation Network<\/a> co\u017e znamen\u00e1, \u017ee se chovaj\u00ed soci\u00e1ln\u011b odpov\u011bdn\u011b a maj\u00ed s\u00ed\u0165 st\u011bhovac\u00edch spole\u010dnost\u00ed, s nimi\u017e spolupracuj\u00ed stejn\u00fdm zp\u016fsobem. Jsou \u010dlenem IAM s 32 lety zku\u0161enost\u00ed a jsou akreditov\u00e1ni FIDI.<\/p>\n<p>Spole\u010dnost Champion International Moving nab\u00edz\u00ed vnitrost\u00e1tn\u00ed a mezin\u00e1rodn\u00ed st\u011bhov\u00e1n\u00ed pro reziden\u010dn\u00ed i firemn\u00ed klienty s jedin\u00fdm kontaktn\u00edm m\u00edstem, kter\u00e9 je specializovan\u00fdm specialistou na st\u011bhov\u00e1n\u00ed. Poskytuje balic\u00ed slu\u017eby na ochranu va\u0161ich v\u011bc\u00ed a zajist\u00ed p\u0159epravu a n\u00e1sledn\u00e9 vylo\u017een\u00ed po p\u0159\u00edjezdu.<\/p>\n<p>Webov\u00e9 str\u00e1nky: <a href=\"http:\/\/www.champmove.com\" target=\"_blank\" rel=\"noopener\">http:\/\/www.champmove.com<\/a><\/p>\n<h2><span class=\"ez-toc-section\" id=\"3_Movers_Specialty_Service\"><\/span><strong>3. St\u011bhov\u00e1n\u00ed specializovan\u00e9 slu\u017eby<\/strong><span class=\"ez-toc-section-end\"><\/span><\/h2>\n<p><img loading=\"lazy\" decoding=\"async\" class=\"alignnone size-full wp-image-11384\" src=\"https:\/\/moverdb.com\/wp-content\/uploads\/Movers-Specialty-Service-international-moving-company.png\" alt=\"St\u011bhov\u00e1ci Specialty Service mezin\u00e1rodn\u00ed st\u011bhov\u00e1n\u00ed spole\u010dnost\" width=\"1440\" height=\"677\" data-wp-pid=\"11384\" srcset=\"https:\/\/moverdb.com\/wp-content\/uploads\/Movers-Specialty-Service-international-moving-company.png 1440w, https:\/\/moverdb.com\/wp-content\/uploads\/Movers-Specialty-Service-international-moving-company-300x141.png 300w, https:\/\/moverdb.com\/wp-content\/uploads\/Movers-Specialty-Service-international-moving-company-1024x481.png 1024w, https:\/\/moverdb.com\/wp-content\/uploads\/Movers-Specialty-Service-international-moving-company-18x8.png 18w, https:\/\/moverdb.com\/wp-content\/uploads\/Movers-Specialty-Service-international-moving-company-600x282.png 600w\" sizes=\"auto, (max-width: 1440px) 100vw, 1440px\" \/><\/p>\n<ul>\n<li>Vnitrost\u00e1tn\u00ed slu\u017eby<\/li>\n<li>St\u011bhovac\u00ed slu\u017eby pro dom\u00e1cnosti<\/li>\n<li>Komer\u010dn\u00ed st\u011bhovac\u00ed slu\u017eby<\/li>\n<li>Spr\u00e1va st\u011bhov\u00e1n\u00ed na m\u00edst\u011b<\/li>\n<li>Klecov\u00e9 slu\u017eby<\/li>\n<li>Manipulace s v\u00fdtvarn\u00fdm um\u011bn\u00edm<\/li>\n<li>Demont\u00e1\u017e a mont\u00e1\u017e n\u00e1bytku<\/li>\n<li>Demont\u00e1\u017en\u00ed a instala\u010dn\u00ed slu\u017eby<\/li>\n<li>Specializovan\u00e9 p\u0159edm\u011bty st\u011bhov\u00e1n\u00ed slu\u017eby<\/li>\n<li>\u00daklidov\u00e9 slu\u017eby<\/li>\n<\/ul>\n<p>Movers Specialty Service je spole\u010dnost se s\u00eddlem v Montgomeryville, kter\u00e1 byla zalo\u017eena v roce 1978. Poskytuje slu\u017eby po cel\u00fdch USA s vyu\u017eit\u00edm pe\u010dliv\u011b vy\u0161kolen\u00e9 s\u00edt\u011b profesion\u00e1l\u016f. Jsou \u010dlenem IAM se 45 lety zku\u0161enost\u00ed.<\/p>\n<p>Movers Specialty Service poskytuje specializovan\u00e9 podp\u016frn\u00e9 slu\u017eby st\u011bhov\u00e1k\u016fm a st\u011bhovac\u00edm spole\u010dnostem v m\u00edst\u011b jejich p\u016fvodu nebo ur\u010den\u00ed v USA. Nab\u00edz\u00ed specializovan\u00e9 st\u011bhovac\u00ed slu\u017eby, kter\u00e9 zahrnuj\u00ed odpojen\u00ed\/p\u0159ipojen\u00ed spot\u0159ebi\u010d\u016f, demont\u00e1\u017e\/mont\u00e1\u017e za\u0159\u00edzen\u00ed a n\u00e1bytku, demont\u00e1\u017e\/mont\u00e1\u017e televizor\u016f, demont\u00e1\u017e\/instalaci za\u0159\u00edzen\u00ed a balen\u00ed zbo\u017e\u00ed. St\u011bhuj\u00ed tak\u00e9 k\u0159ehk\u00e9 a objemn\u00e9 p\u0159edm\u011bty, jako jsou klav\u00edry a d\u011bde\u010dkovy hodiny.<\/p>\n<p>Webov\u00e9 str\u00e1nky: <a href=\"http:\/\/mss1.com\" target=\"_blank\" rel=\"noopener\">http:\/\/mss1.com<\/a><\/p>\n<h2><span class=\"ez-toc-section\" id=\"4_Reads_Moving_Systems\"><\/span><strong>4. \u010cten\u00ed pohybliv\u00fdch syst\u00e9m\u016f<\/strong><span class=\"ez-toc-section-end\"><\/span><\/h2>\n<p><img loading=\"lazy\" decoding=\"async\" class=\"alignnone size-full wp-image-11418\" src=\"https:\/\/moverdb.com\/wp-content\/uploads\/Reads-Moving-Systems-international-moving-company.png\" alt=\"\u010cte Moving Systems mezin\u00e1rodn\u00ed st\u011bhov\u00e1n\u00ed spole\u010dnost\" width=\"1440\" height=\"677\" data-wp-pid=\"11418\" srcset=\"https:\/\/moverdb.com\/wp-content\/uploads\/Reads-Moving-Systems-international-moving-company.png 1440w, https:\/\/moverdb.com\/wp-content\/uploads\/Reads-Moving-Systems-international-moving-company-300x141.png 300w, https:\/\/moverdb.com\/wp-content\/uploads\/Reads-Moving-Systems-international-moving-company-1024x481.png 1024w, https:\/\/moverdb.com\/wp-content\/uploads\/Reads-Moving-Systems-international-moving-company-18x8.png 18w, https:\/\/moverdb.com\/wp-content\/uploads\/Reads-Moving-Systems-international-moving-company-600x282.png 600w\" sizes=\"auto, (max-width: 1440px) 100vw, 1440px\" \/><\/p>\n<ul>\n<li>M\u00edstn\u00ed p\u0159esuny<\/li>\n<li>Mezin\u00e1rodn\u00ed p\u0159esuny<\/li>\n<li>St\u011bhov\u00e1n\u00ed dom\u00e1cnost\u00ed<\/li>\n<li>St\u011bhov\u00e1n\u00ed kancel\u00e1\u0159\u00ed a pr\u016fmyslov\u00fdch podnik\u016f<\/li>\n<li>Pl\u00e1nov\u00e1n\u00ed p\u0159ed st\u011bhov\u00e1n\u00edm<\/li>\n<li>Balic\u00ed slu\u017eba<\/li>\n<li>Kryt\u00ed<\/li>\n<li>Zaji\u0161t\u011bn\u00ed dopravy<\/li>\n<li>Slu\u017eby p\u016fvodu a ur\u010den\u00ed<\/li>\n<li>Skladovac\u00ed prostory<\/li>\n<\/ul>\n<p>Reads Moving Systems je st\u011bhov\u00e1n\u00ed a skladov\u00e1n\u00ed spole\u010dnost zalo\u017een\u00e1 v roce 1937 a s\u00eddl\u00ed v Huntingdon Valley s pobo\u010dkami tak\u00e9 v <a href=\"https:\/\/moverdb.com\/cs\/moving-to-the-united-states\/moving-to-florida\/\" data-internallinksmanager029f6b8e52c=\"331\" title=\"St\u011bhov\u00e1n\u00ed na Floridu? 2026 N\u00e1klady na bydlen\u00ed a tipy na p\u0159est\u011bhov\u00e1n\u00ed\">Florida<\/a> a <a href=\"https:\/\/moverdb.com\/cs\/moving-to-the-united-states\/moving-to-georgia\/\" data-internallinksmanager029f6b8e52c=\"402\" title=\"St\u011bhov\u00e1n\u00ed do Gruzie? 2026 N\u00e1klady na bydlen\u00ed a tipy na p\u0159est\u011bhov\u00e1n\u00ed\">Georgia<\/a>. Jsou agentem spole\u010dnosti Atlas Van Lines, co\u017e jim poskytuje s\u00ed\u0165 st\u011bhovac\u00edch spole\u010dnost\u00ed, se kter\u00fdmi mohou spolupracovat. Jsou \u010dlenem IAM s 50 lety zku\u0161enost\u00ed.<\/p>\n<p>Spole\u010dnost Reads Moving Systems nab\u00edz\u00ed konkurenceschopn\u00e9 ceny za sv\u00e9 st\u011bhovac\u00ed slu\u017eby. Poskytuj\u00ed pl\u00e1nov\u00e1n\u00ed p\u0159ed st\u011bhov\u00e1n\u00edm s koordin\u00e1tory st\u011bhov\u00e1n\u00ed, kte\u0159\u00ed se postaraj\u00ed o p\u0159\u00edpravu va\u0161eho st\u011bhov\u00e1n\u00ed. Nab\u00edzej\u00ed balic\u00ed a obalov\u00e9 slu\u017eby pro ochranu va\u0161ich v\u011bc\u00ed a v p\u0159\u00edpad\u011b mezin\u00e1rodn\u00edho st\u011bhov\u00e1n\u00ed je nalo\u017e\u00ed do kontejneru.<\/p>\n<p>Webov\u00e9 str\u00e1nky: <a href=\"http:\/\/www.readsmoving.com\" target=\"_blank\" rel=\"noopener\">http:\/\/www.readsmoving.com<\/a><\/p>","protected":false},"excerpt":{"rendered":"<p>When you are moving there is so much to do like organising, packing, arranging transportation and managing customs if moving abroad, but you don\u2019t have to do this alone. A moving company can help with all or some of these tasks to make moving easier. Below we have compiled a list of Pennsylvania based removal [&hellip;]<\/p>\n","protected":false},"author":4,"featured_media":11247,"parent":190,"menu_order":0,"comment_status":"closed","ping_status":"closed","template":"","meta":{"_genesis_hide_title":false,"_genesis_hide_breadcrumbs":false,"_genesis_hide_singular_image":false,"_genesis_hide_footer_widgets":false,"_genesis_custom_body_class":"","_genesis_custom_post_class":"","_genesis_layout":"","footnotes":""},"class_list":{"0":"post-11651","1":"page","2":"type-page","3":"status-publish","4":"has-post-thumbnail","6":"entry"},"_links":{"self":[{"href":"https:\/\/moverdb.com\/cs\/wp-json\/wp\/v2\/pages\/11651","targetHints":{"allow":["GET"]}}],"collection":[{"href":"https:\/\/moverdb.com\/cs\/wp-json\/wp\/v2\/pages"}],"about":[{"href":"https:\/\/moverdb.com\/cs\/wp-json\/wp\/v2\/types\/page"}],"author":[{"embeddable":true,"href":"https:\/\/moverdb.com\/cs\/wp-json\/wp\/v2\/users\/4"}],"replies":[{"embeddable":true,"href":"https:\/\/moverdb.com\/cs\/wp-json\/wp\/v2\/comments?post=11651"}],"version-history":[{"count":2,"href":"https:\/\/moverdb.com\/cs\/wp-json\/wp\/v2\/pages\/11651\/revisions"}],"predecessor-version":[{"id":11653,"href":"https:\/\/moverdb.com\/cs\/wp-json\/wp\/v2\/pages\/11651\/revisions\/11653"}],"up":[{"embeddable":true,"href":"https:\/\/moverdb.com\/cs\/wp-json\/wp\/v2\/pages\/190"}],"wp:featuredmedia":[{"embeddable":true,"href":"https:\/\/moverdb.com\/cs\/wp-json\/wp\/v2\/media\/11247"}],"wp:attachment":[{"href":"https:\/\/moverdb.com\/cs\/wp-json\/wp\/v2\/media?parent=11651"}],"curies":[{"name":"wp","href":"https:\/\/api.w.org\/{rel}","templated":true}]}}