{"id":11648,"date":"2023-11-29T10:50:54","date_gmt":"2023-11-29T10:50:54","guid":{"rendered":"https:\/\/moverdb.com\/?page_id=11648"},"modified":"2026-01-08T15:29:25","modified_gmt":"2026-01-08T15:29:25","slug":"moving-companies-us-ohio","status":"publish","type":"page","link":"https:\/\/moverdb.com\/cs\/moving-companies\/moving-companies-us-ohio\/","title":{"rendered":"6 Nejlep\u0161\u00ed mezin\u00e1rodn\u00ed st\u011bhovac\u00ed spole\u010dnosti v Ohiu"},"content":{"rendered":"<p>Pl\u00e1nujete st\u011bhov\u00e1n\u00ed? Pak mo\u017en\u00e1 budete cht\u00edt vyu\u017e\u00edt slu\u017eeb st\u011bhovac\u00ed firmy. <a href=\"https:\/\/moverdb.com\/cs\/moving-companies\/\" data-internallinksmanager029f6b8e52c=\"79\" title=\"Top 25 Mezin\u00e1rodn\u00ed st\u011bhovac\u00ed spole\u010dnosti Online\">st\u011bhovac\u00ed spole\u010dnost<\/a> sn\u00ed\u017eit pracovn\u00ed z\u00e1t\u011b\u017e a tlak spojen\u00fd se st\u011bhov\u00e1n\u00edm. Mohou zorganizovat, zabalit a p\u0159epravit va\u0161e v\u011bci a tak\u00e9 vy\u0159\u00eddit celn\u00ed z\u00e1le\u017eitosti, pokud se st\u011bhujete do jin\u00e9 zem\u011b. N\u00ed\u017ee jsme sestavili seznam <a href=\"https:\/\/moverdb.com\/cs\/moving-to-the-united-states\/moving-to-ohio\/\" data-internallinksmanager029f6b8e52c=\"409\" title=\"St\u011bhujete se do Ohia? 2026 N\u00e1klady na bydlen\u00ed a tipy na st\u011bhov\u00e1n\u00ed\">Ohio<\/a> na adrese <a href=\"https:\/\/moverdb.com\/cs\/international-removals\/\" data-internallinksmanager029f6b8e52c=\"27\" title=\"36 nejlep\u0161\u00edch mezin\u00e1rodn\u00edch st\u011bhovac\u00edch spole\u010dnost\u00ed ve Velk\u00e9 Brit\u00e1nii\">st\u011bhovac\u00ed firmy<\/a> kter\u00e9 jsou \u010dleny <a href=\"https:\/\/moverdb.com\/cs\/iam\/\" data-internallinksmanager029f6b8e52c=\"23\" title=\"Vysv\u011btlen\u00ed Mezin\u00e1rodn\u00ed asociace st\u011bhov\u00e1k\u016f (IAM)\">Mezin\u00e1rodn\u00ed asociace st\u011bhov\u00e1k\u016f<\/a> (IAM) a\/nebo <a href=\"https:\/\/moverdb.com\/cs\/fidi-faim\/\" data-internallinksmanager029f6b8e52c=\"16\" title=\"Vysv\u011btlen\u00ed FIDI a FAIM (FIDI Accredited International Mover)\">FIDI<\/a> Akreditovan\u00e9 mezin\u00e1rodn\u00ed st\u011bhov\u00e1n\u00ed (FAIM), kter\u00e9 by v\u00e1m mohlo pomoci se st\u011bhov\u00e1n\u00edm.<\/p>\n<div id=\"ez-toc-container\" class=\"ez-toc-v2_0_83 ez-toc-wrap-left counter-hierarchy ez-toc-counter ez-toc-transparent ez-toc-container-direction\">\n<div class=\"ez-toc-title-container\">\n<p class=\"ez-toc-title\" style=\"cursor:inherit\">Sekce<\/p>\n<span class=\"ez-toc-title-toggle\"><a href=\"#\" class=\"ez-toc-pull-right ez-toc-btn ez-toc-btn-xs ez-toc-btn-default ez-toc-toggle\" aria-label=\"P\u0159epnut\u00ed tabulky obsahu\"><span class=\"ez-toc-js-icon-con\"><span class=\"\"><span class=\"eztoc-hide\" style=\"display:none;\">P\u0159ep\u00edna\u010d<\/span><span class=\"ez-toc-icon-toggle-span\"><svg style=\"fill: #999;color:#999\" xmlns=\"http:\/\/www.w3.org\/2000\/svg\" class=\"list-377408\" width=\"20px\" height=\"20px\" viewbox=\"0 0 24 24\" fill=\"none\"><path d=\"M6 6H4v2h2V6zm14 0H8v2h12V6zM4 11h2v2H4v-2zm16 0H8v2h12v-2zM4 16h2v2H4v-2zm16 0H8v2h12v-2z\" fill=\"currentColor\"><\/path><\/svg><svg style=\"fill: #999;color:#999\" class=\"arrow-unsorted-368013\" xmlns=\"http:\/\/www.w3.org\/2000\/svg\" width=\"10px\" height=\"10px\" viewbox=\"0 0 24 24\" version=\"1.2\" baseprofile=\"tiny\"><path d=\"M18.2 9.3l-6.2-6.3-6.2 6.3c-.2.2-.3.4-.3.7s.1.5.3.7c.2.2.4.3.7.3h11c.3 0 .5-.1.7-.3.2-.2.3-.5.3-.7s-.1-.5-.3-.7zM5.8 14.7l6.2 6.3 6.2-6.3c.2-.2.3-.5.3-.7s-.1-.5-.3-.7c-.2-.2-.4-.3-.7-.3h-11c-.3 0-.5.1-.7.3-.2.2-.3.5-.3.7s.1.5.3.7z\"\/><\/svg><\/span><\/span><\/span><\/a><\/span><\/div>\n<nav><ul class='ez-toc-list ez-toc-list-level-1 eztoc-toggle-hide-by-default' ><li class='ez-toc-page-1 ez-toc-heading-level-2'><a class=\"ez-toc-link ez-toc-heading-1\" href=\"https:\/\/moverdb.com\/cs\/moving-companies\/moving-companies-us-ohio\/#1_Andrews_Moving_Storage\" >1. Andrews Moving &amp; Storage<\/a><\/li><li class='ez-toc-page-1 ez-toc-heading-level-2'><a class=\"ez-toc-link ez-toc-heading-2\" href=\"https:\/\/moverdb.com\/cs\/moving-companies\/moving-companies-us-ohio\/#2_Corrigan_Moving_Systems\" >2. Corrigan Moving Systems<\/a><\/li><li class='ez-toc-page-1 ez-toc-heading-level-2'><a class=\"ez-toc-link ez-toc-heading-3\" href=\"https:\/\/moverdb.com\/cs\/moving-companies\/moving-companies-us-ohio\/#3_CSNS_Relocation_Services\" >3. St\u011bhovac\u00ed slu\u017eby CSNS<\/a><\/li><li class='ez-toc-page-1 ez-toc-heading-level-2'><a class=\"ez-toc-link ez-toc-heading-4\" href=\"https:\/\/moverdb.com\/cs\/moving-companies\/moving-companies-us-ohio\/#4_Letz_Get_Moving\" >4. Letz Get Moving<\/a><\/li><li class='ez-toc-page-1 ez-toc-heading-level-2'><a class=\"ez-toc-link ez-toc-heading-5\" href=\"https:\/\/moverdb.com\/cs\/moving-companies\/moving-companies-us-ohio\/#5_Moving_Ahead_Services\" >5. Slu\u017eby Moving Ahead<\/a><\/li><li class='ez-toc-page-1 ez-toc-heading-level-2'><a class=\"ez-toc-link ez-toc-heading-6\" href=\"https:\/\/moverdb.com\/cs\/moving-companies\/moving-companies-us-ohio\/#6_Planes_Moving_Storage\" >6. Planes Moving &amp; Storage<\/a><\/li><\/ul><\/nav><\/div>\n<h2><span class=\"ez-toc-section\" id=\"1_Andrews_Moving_Storage\"><\/span><strong>1. Andrews Moving &amp; Storage<\/strong><span class=\"ez-toc-section-end\"><\/span><\/h2>\n<p><img loading=\"lazy\" decoding=\"async\" class=\"alignnone size-full wp-image-11255\" src=\"https:\/\/moverdb.com\/wp-content\/uploads\/Andrews-Moving-Storage-international-moving-company.png\" alt=\"Andrews Moving &amp; Storage mezin\u00e1rodn\u00ed st\u011bhov\u00e1n\u00ed spole\u010dnost\" width=\"1440\" height=\"679\" data-wp-pid=\"11255\" srcset=\"https:\/\/moverdb.com\/wp-content\/uploads\/Andrews-Moving-Storage-international-moving-company.png 1440w, https:\/\/moverdb.com\/wp-content\/uploads\/Andrews-Moving-Storage-international-moving-company-300x141.png 300w, https:\/\/moverdb.com\/wp-content\/uploads\/Andrews-Moving-Storage-international-moving-company-1024x483.png 1024w, https:\/\/moverdb.com\/wp-content\/uploads\/Andrews-Moving-Storage-international-moving-company-18x8.png 18w, https:\/\/moverdb.com\/wp-content\/uploads\/Andrews-Moving-Storage-international-moving-company-600x283.png 600w\" sizes=\"auto, (max-width: 1440px) 100vw, 1440px\" \/><\/p>\n<ul>\n<li>M\u00edstn\u00ed a d\u00e1lkov\u00e9 p\u0159esuny<\/li>\n<li>Mezin\u00e1rodn\u00ed p\u0159esuny<\/li>\n<li>St\u011bhov\u00e1n\u00ed do obytn\u00fdch prostor<\/li>\n<li>Obchodn\u00ed a kancel\u00e1\u0159sk\u00e9 st\u011bhov\u00e1n\u00ed<\/li>\n<li>St\u011bhov\u00e1n\u00ed zam\u011bstnanc\u016f<\/li>\n<li>Balic\u00ed slu\u017eba<\/li>\n<li>Dopravn\u00ed opat\u0159en\u00ed<\/li>\n<li>Celn\u00ed podpora<\/li>\n<li>Sledov\u00e1n\u00ed z\u00e1silek<\/li>\n<li>Kr\u00e1tkodob\u00e9 a dlouhodob\u00e9 skladov\u00e1n\u00ed<\/li>\n<\/ul>\n<p>Andrews Moving &amp; Storage je rodinn\u00e1 st\u011bhovac\u00ed spole\u010dnost zalo\u017een\u00e1 v roce 1908 ve m\u011bst\u011b Streetsboro. Je agentem spole\u010dnosti United Van Lines, kter\u00e1 m\u00e1 celosv\u011btovou s\u00ed\u0165 st\u011bhovac\u00edch agent\u016f, kte\u0159\u00ed pracuj\u00ed na vysok\u00e9 \u00farovni. Je \u010dlenem IAM.<\/p>\n<p>Spole\u010dnost Andrews Moving &amp; Storage nab\u00edz\u00ed individu\u00e1ln\u00ed st\u011bhovac\u00ed slu\u017eby, kter\u00e9 zvl\u00e1dnou cel\u00e9 va\u0161e st\u011bhov\u00e1n\u00ed. Poskytuj\u00ed kompletn\u00ed balic\u00ed slu\u017eby, aby ochr\u00e1nili va\u0161e v\u011bci p\u0159i p\u0159eprav\u011b pomoc\u00ed vy\u0161kolen\u00fdch balic\u00edch t\u00fdm\u016f. Po p\u0159\u00edjezdu na m\u00edsto ur\u010den\u00ed va\u0161e v\u011bci tak\u00e9 vybal\u00ed. Zajist\u00ed p\u0159epravu va\u0161ich v\u011bc\u00ed s celn\u00ed podporou a poskytnou online sledov\u00e1n\u00ed.<\/p>\n<p>Webov\u00e9 str\u00e1nky: <a href=\"http:\/\/www.andrewsmoving.com\" target=\"_blank\" rel=\"noopener\">http:\/\/www.andrewsmoving.com<\/a><\/p>\n<h2><span class=\"ez-toc-section\" id=\"2_Corrigan_Moving_Systems\"><\/span><strong>2. Corrigan Moving Systems<\/strong><span class=\"ez-toc-section-end\"><\/span><\/h2>\n<p><img loading=\"lazy\" decoding=\"async\" class=\"alignnone size-full wp-image-11297\" src=\"https:\/\/moverdb.com\/wp-content\/uploads\/Corrigan-Moving-Systems-international-moving-company.png\" alt=\"Corrigan Moving Systems mezin\u00e1rodn\u00ed st\u011bhov\u00e1n\u00ed spole\u010dnost\" width=\"1440\" height=\"675\" data-wp-pid=\"11297\" srcset=\"https:\/\/moverdb.com\/wp-content\/uploads\/Corrigan-Moving-Systems-international-moving-company.png 1440w, https:\/\/moverdb.com\/wp-content\/uploads\/Corrigan-Moving-Systems-international-moving-company-300x141.png 300w, https:\/\/moverdb.com\/wp-content\/uploads\/Corrigan-Moving-Systems-international-moving-company-1024x480.png 1024w, https:\/\/moverdb.com\/wp-content\/uploads\/Corrigan-Moving-Systems-international-moving-company-18x8.png 18w, https:\/\/moverdb.com\/wp-content\/uploads\/Corrigan-Moving-Systems-international-moving-company-600x281.png 600w\" sizes=\"auto, (max-width: 1440px) 100vw, 1440px\" \/><\/p>\n<ul>\n<li>M\u00edstn\u00ed a d\u00e1lkov\u00e9 p\u0159esuny<\/li>\n<li>Mezin\u00e1rodn\u00ed p\u0159esuny<\/li>\n<li>St\u011bhov\u00e1n\u00ed do obytn\u00fdch prostor<\/li>\n<li>Komer\u010dn\u00ed p\u0159esuny<\/li>\n<li>St\u011bhov\u00e1n\u00ed firem<\/li>\n<li>Slu\u017eba od dve\u0159\u00ed ke dve\u0159\u00edm<\/li>\n<li>Balic\u00ed slu\u017eba<\/li>\n<li>Celn\u00ed podpora<\/li>\n<li><a href=\"https:\/\/moverdb.com\/cs\/car-transport-shipping\/\" data-internallinksmanager029f6b8e52c=\"2\" title=\"2026 Mezin\u00e1rodn\u00ed p\u0159eprava automobil\u016f &amp; P\u0159eprava vozidel Citace\">P\u0159eprava vozidel<\/a><\/li>\n<li>Skladovac\u00ed slu\u017eby<\/li>\n<\/ul>\n<p>Corrigan Moving Systems je st\u011bhovac\u00ed a logistick\u00e1 spole\u010dnost s kompletn\u00edmi slu\u017ebami, kter\u00e1 byla zalo\u017eena v roce 1929 a m\u00e1 13 pobo\u010dek v Ohiu, <a href=\"https:\/\/moverdb.com\/cs\/moving-to-the-united-states\/moving-to-michigan\/\" data-internallinksmanager029f6b8e52c=\"414\" title=\"St\u011bhov\u00e1n\u00ed do Michiganu? 2026 N\u00e1klady na bydlen\u00ed a tipy na p\u0159est\u011bhov\u00e1n\u00ed\">Michigan<\/a>, <a href=\"https:\/\/moverdb.com\/cs\/moving-to-the-united-states\/moving-to-new-york\/\" data-internallinksmanager029f6b8e52c=\"332\" title=\"St\u011bhov\u00e1n\u00ed do New Yorku (st\u00e1t)? 2026 N\u00e1klady na bydlen\u00ed a tipy na st\u011bhov\u00e1n\u00ed\">New York<\/a> a <a href=\"https:\/\/moverdb.com\/cs\/moving-to-the-united-states\/moving-to-pennsylvania\/\" data-internallinksmanager029f6b8e52c=\"404\" title=\"St\u011bhujete se do Pensylv\u00e1nie? 2026 N\u00e1klady na bydlen\u00ed a tipy na st\u011bhov\u00e1n\u00ed\">Pensylv\u00e1nie<\/a>. Jejich pobo\u010dky v Ohiu jsou v Clevelandu a Toledu. Jsou sou\u010d\u00e1st\u00ed spole\u010dnosti United Van Lines, kter\u00e1 jim poskytuje s\u00ed\u0165 st\u011bhovac\u00edch agent\u016f, s nimi\u017e mohou spolupracovat. Jsou \u010dlenem IAM se 75 lety zku\u0161enost\u00ed a jsou akreditov\u00e1ni FIDI.<\/p>\n<p>Spole\u010dnost Corrigan Moving Systems nab\u00edz\u00ed st\u011bhovac\u00ed slu\u017eby od dve\u0159\u00ed ke dve\u0159\u00edm pro reziden\u010dn\u00ed i komer\u010dn\u00ed z\u00e1kazn\u00edky. Nab\u00edz\u00ed individu\u00e1ln\u00ed st\u011bhovac\u00ed bal\u00ed\u010dky a koordin\u00e1tor st\u011bhov\u00e1n\u00ed v\u00e1m p\u0159izp\u016fsob\u00ed strategii st\u011bhov\u00e1n\u00ed na m\u00edru. Ta za\u010d\u00edn\u00e1 bezplatnou cenovou nab\u00eddkou a prohl\u00eddkou na m\u00edst\u011b nebo virtu\u00e1ln\u00ed prohl\u00eddkou.<\/p>\n<p>Webov\u00e9 str\u00e1nky: <a href=\"https:\/\/www.corriganmoving.com\/\" target=\"_blank\" rel=\"noopener\">https:\/\/www.corriganmoving.com\/<\/a><\/p>\n<h2><span class=\"ez-toc-section\" id=\"3_CSNS_Relocation_Services\"><\/span><strong>3. St\u011bhovac\u00ed slu\u017eby CSNS<\/strong><span class=\"ez-toc-section-end\"><\/span><\/h2>\n<p><img loading=\"lazy\" decoding=\"async\" class=\"alignnone size-full wp-image-11301\" src=\"https:\/\/moverdb.com\/wp-content\/uploads\/CSNS-Relocation-Services-international-moving-company.png\" alt=\"CSNS Relocation Services mezin\u00e1rodn\u00ed st\u011bhov\u00e1n\u00ed spole\u010dnost\" width=\"1440\" height=\"680\" data-wp-pid=\"11301\" srcset=\"https:\/\/moverdb.com\/wp-content\/uploads\/CSNS-Relocation-Services-international-moving-company.png 1440w, https:\/\/moverdb.com\/wp-content\/uploads\/CSNS-Relocation-Services-international-moving-company-300x142.png 300w, https:\/\/moverdb.com\/wp-content\/uploads\/CSNS-Relocation-Services-international-moving-company-1024x484.png 1024w, https:\/\/moverdb.com\/wp-content\/uploads\/CSNS-Relocation-Services-international-moving-company-18x9.png 18w, https:\/\/moverdb.com\/wp-content\/uploads\/CSNS-Relocation-Services-international-moving-company-600x283.png 600w\" sizes=\"auto, (max-width: 1440px) 100vw, 1440px\" \/><\/p>\n<ul>\n<li>N\u00e1rodn\u00ed st\u011bhovac\u00ed slu\u017eby<\/li>\n<li>Slu\u017eby st\u011bhov\u00e1n\u00ed dom\u00e1cnost\u00ed<\/li>\n<li>P\u016fvodn\u00ed slu\u017eby<\/li>\n<li>Destina\u010dn\u00ed slu\u017eby<\/li>\n<li>Profesion\u00e1ln\u00ed balen\u00ed<\/li>\n<li>Demont\u00e1\u017e a mont\u00e1\u017e n\u00e1bytku<\/li>\n<li>Instala\u010dn\u00ed slu\u017eby<\/li>\n<li>\u00daklidov\u00e9 slu\u017eby<\/li>\n<li>Odstra\u0148ov\u00e1n\u00ed trosek<\/li>\n<\/ul>\n<p>CSNS Relocation Services je n\u00e1rodn\u00ed spole\u010dnost poskytuj\u00edc\u00ed st\u011bhovac\u00ed slu\u017eby, kter\u00e1 byla zalo\u017eena v roce 2002 v... <a href=\"https:\/\/moverdb.com\/cs\/moving-to-dublin\/\" data-internallinksmanager029f6b8e52c=\"260\" title=\"St\u011bhujete se do Dublinu? 2026 N\u00e1klady na bydlen\u00ed a tipy na st\u011bhov\u00e1n\u00ed\">Dublin<\/a>. Maj\u00ed rozs\u00e1hlou s\u00ed\u0165 st\u011bhovac\u00edch spole\u010dnost\u00ed, se kter\u00fdmi spolupracuj\u00ed p\u0159i poskytov\u00e1n\u00ed sv\u00fdch slu\u017eeb. Jsou \u010dlenem IAM s 21 lety zku\u0161enost\u00ed.<\/p>\n<p>Spole\u010dnost CSNS Relocation Services nab\u00edz\u00ed slu\u017eby st\u011bhov\u00e1n\u00ed t\u0159et\u00edch stran, kter\u00e9 v\u00e1m pomohou jak v m\u00edst\u011b p\u016fvodu, tak v c\u00edlov\u00e9 destinaci. <a href=\"https:\/\/moverdb.com\/cs\/moving-to-the-united-states\/\" data-internallinksmanager029f6b8e52c=\"94\" title=\"St\u011bhujete se do Spojen\u00fdch st\u00e1t\u016f? 2022 \u017divotn\u00ed n\u00e1klady a tipy na st\u011bhov\u00e1n\u00ed\">US<\/a>. Nab\u00edzej\u00ed \u0161irokou \u0161k\u00e1lu slu\u017eeb, kter\u00e9 st\u011bhovac\u00ed firmy \u010dasto neposkytuj\u00ed, a pom\u00e1haj\u00ed v\u00e1m tak p\u0159ipravit se na st\u011bhov\u00e1n\u00ed nebo zabydlet se v nov\u00e9m domov\u011b, jako je instalace spot\u0159ebi\u010d\u016f, nastaven\u00ed audiovizu\u00e1ln\u00edho vybaven\u00ed, instalace sv\u00edtidel a \u00faklid.<\/p>\n<p>Webov\u00e9 str\u00e1nky: <a href=\"http:\/\/www.csnsrelo.com\" target=\"_blank\" rel=\"noopener\">http:\/\/www.csnsrelo.com<\/a><\/p>\n<h2><span class=\"ez-toc-section\" id=\"4_Letz_Get_Moving\"><\/span><strong>4. Letz Get Moving<\/strong><span class=\"ez-toc-section-end\"><\/span><\/h2>\n<p><img loading=\"lazy\" decoding=\"async\" class=\"alignnone size-full wp-image-11364\" src=\"https:\/\/moverdb.com\/wp-content\/uploads\/Letz-Get-Moving-international-moving-company.png\" alt=\"Letz Get Moving mezin\u00e1rodn\u00ed st\u011bhov\u00e1n\u00ed spole\u010dnost\" width=\"1440\" height=\"674\" data-wp-pid=\"11364\" srcset=\"https:\/\/moverdb.com\/wp-content\/uploads\/Letz-Get-Moving-international-moving-company.png 1440w, https:\/\/moverdb.com\/wp-content\/uploads\/Letz-Get-Moving-international-moving-company-300x140.png 300w, https:\/\/moverdb.com\/wp-content\/uploads\/Letz-Get-Moving-international-moving-company-1024x479.png 1024w, https:\/\/moverdb.com\/wp-content\/uploads\/Letz-Get-Moving-international-moving-company-18x8.png 18w, https:\/\/moverdb.com\/wp-content\/uploads\/Letz-Get-Moving-international-moving-company-600x281.png 600w\" sizes=\"auto, (max-width: 1440px) 100vw, 1440px\" \/><\/p>\n<ul>\n<li>Vnitrost\u00e1tn\u00ed p\u0159em\u00edst\u011bn\u00ed<\/li>\n<li>Mezin\u00e1rodn\u00ed st\u011bhov\u00e1n\u00ed<\/li>\n<li>St\u011bhov\u00e1n\u00ed dom\u00e1cnost\u00ed<\/li>\n<li>Slu\u017eba od dve\u0159\u00ed ke dve\u0159\u00edm<\/li>\n<li>Balic\u00ed slu\u017eba<\/li>\n<li>Doprava<\/li>\n<li>V\u00fdb\u011br mo\u017enost\u00ed kontejner\u016f<\/li>\n<li>Celn\u00ed odbaven\u00ed<\/li>\n<li>P\u0159eprava vozidel<\/li>\n<li>Zabezpe\u010den\u00e9 skladov\u00e1n\u00ed<\/li>\n<\/ul>\n<p>Letz Get Moving je mezim\u011bstsk\u00e1 a mezin\u00e1rodn\u00ed st\u011bhovac\u00ed spole\u010dnost s desetiletou zku\u0161enost\u00ed, kter\u00e1 m\u00e1 pobo\u010dky ve m\u011bstech Twinsburg, Baltimore a v Praze. <a href=\"https:\/\/moverdb.com\/cs\/moving-to-los-angeles\/\" data-internallinksmanager029f6b8e52c=\"51\" title=\"St\u011bhujete se do Los Angeles? 2026 N\u00e1klady na bydlen\u00ed v LA a tipy na st\u011bhov\u00e1n\u00ed\">Los Angeles<\/a>. Jsou \u010dlenem IAM s \u0161estiletou zku\u0161enost\u00ed.<\/p>\n<p>Letz Get Moving nab\u00edz\u00ed komplexn\u00ed st\u011bhovac\u00ed slu\u017eby, kter\u00e9 zajist\u00ed va\u0161e st\u011bhov\u00e1n\u00ed od za\u010d\u00e1tku a\u017e do konce. Poskytuj\u00ed hlavn\u00ed kontaktn\u00ed osobu, kter\u00e1 bude koordinovat a pl\u00e1novat va\u0161e st\u011bhov\u00e1n\u00ed. Profesion\u00e1ln\u011b zabal\u00ed va\u0161e v\u011bci a nab\u00eddnou v\u00e1m slu\u017eby p\u0159epravn\u00edch beden na m\u00edru. Ozna\u010d\u00ed va\u0161e v\u011bci a vytvo\u0159\u00ed invent\u00e1rn\u00ed seznam. Po p\u0159\u00edjezdu vybal\u00ed a smontuj\u00ed n\u00e1bytek a odstran\u00ed ve\u0161ker\u00e9 ne\u010distoty.<\/p>\n<p>Webov\u00e9 str\u00e1nky: <a href=\"http:\/\/www.letzgetmoving.com\" target=\"_blank\" rel=\"noopener\">http:\/\/www.letzgetmoving.com<\/a><\/p>\n<h2><span class=\"ez-toc-section\" id=\"5_Moving_Ahead_Services\"><\/span><strong>5. Slu\u017eby Moving Ahead<\/strong><span class=\"ez-toc-section-end\"><\/span><\/h2>\n<p><img loading=\"lazy\" decoding=\"async\" class=\"alignnone size-full wp-image-11387\" src=\"https:\/\/moverdb.com\/wp-content\/uploads\/Moving-Ahead-Services-international-moving-company.png\" alt=\"Moving Ahead Services mezin\u00e1rodn\u00ed st\u011bhov\u00e1n\u00ed spole\u010dnost\" width=\"1440\" height=\"672\" data-wp-pid=\"11387\" srcset=\"https:\/\/moverdb.com\/wp-content\/uploads\/Moving-Ahead-Services-international-moving-company.png 1440w, https:\/\/moverdb.com\/wp-content\/uploads\/Moving-Ahead-Services-international-moving-company-300x140.png 300w, https:\/\/moverdb.com\/wp-content\/uploads\/Moving-Ahead-Services-international-moving-company-1024x478.png 1024w, https:\/\/moverdb.com\/wp-content\/uploads\/Moving-Ahead-Services-international-moving-company-18x8.png 18w, https:\/\/moverdb.com\/wp-content\/uploads\/Moving-Ahead-Services-international-moving-company-600x280.png 600w\" sizes=\"auto, (max-width: 1440px) 100vw, 1440px\" \/><\/p>\n<ul>\n<li>M\u00edstn\u00ed a d\u00e1lkov\u00e9 p\u0159esuny<\/li>\n<li>Mezin\u00e1rodn\u00ed p\u0159esuny<\/li>\n<li>St\u011bhov\u00e1n\u00ed dom\u00e1cnost\u00ed<\/li>\n<li>Komer\u010dn\u00ed p\u0159esuny<\/li>\n<li>St\u011bhov\u00e1n\u00ed firem<\/li>\n<li>P\u0159izp\u016fsoben\u00fd pl\u00e1n st\u011bhov\u00e1n\u00ed<\/li>\n<li>Mo\u017enost v\u00fdb\u011bru mezi kompletn\u00edmi slu\u017ebami nebo pouze prac\u00ed<\/li>\n<li>Balic\u00ed slu\u017eby<\/li>\n<li>Zaji\u0161t\u011bn\u00ed dopravy<\/li>\n<li>Skladovac\u00ed prostory<\/li>\n<\/ul>\n<p>Moving Ahead Services je st\u011bhovac\u00ed spole\u010dnost s pobo\u010dkami v Clevelandu, Columbusu, Cincinnati, Charlotte a Pittsburghu. Je \u010dlenem IAM s 18 lety zku\u0161enost\u00ed, co\u017e j\u00ed poskytuje p\u0159\u00edstup k s\u00edti st\u011bhovac\u00edch agent\u016f, se kter\u00fdmi m\u016f\u017ee spolupracovat.<\/p>\n<p>Moving Ahead Services vypln\u00ed online nebo telefonicky <a href=\"https:\/\/moverdb.com\/cs\/quotes\/\" data-internallinksmanager029f6b8e52c=\"26\" title=\"Mezin\u00e1rodn\u00ed st\u011bhov\u00e1n\u00ed citace: 12 ot\u00e1zek, na kter\u00e9 se m\u016f\u017eete zeptat sv\u00e9ho st\u011bhov\u00e1ka\">st\u011bhov\u00e1n\u00ed citace<\/a>. Vytvo\u0159\u00ed v\u00e1m pl\u00e1n st\u011bhov\u00e1n\u00ed na m\u00edru, kter\u00fd bude vyhovovat va\u0161im pot\u0159eb\u00e1m. Nab\u00edzej\u00ed kompletn\u00ed slu\u017eby i mo\u017enosti balen\u00ed a skladov\u00e1n\u00ed pouze s prac\u00ed a v\u00fdb\u011br dal\u0161\u00edch slu\u017eeb. Specializovan\u00fd z\u00e1stupce z\u00e1kaznick\u00e9ho servisu v\u00e1s provede st\u011bhov\u00e1n\u00edm a mo\u017enostmi.<\/p>\n<p>Webov\u00e9 str\u00e1nky: <a href=\"https:\/\/movingaheadservices.com\/\" target=\"_blank\" rel=\"noopener\">https:\/\/movingaheadservices.com\/<\/a><\/p>\n<h2><span class=\"ez-toc-section\" id=\"6_Planes_Moving_Storage\"><\/span><strong>6. Planes Moving &amp; Storage<\/strong><span class=\"ez-toc-section-end\"><\/span><\/h2>\n<p><img loading=\"lazy\" decoding=\"async\" class=\"alignnone size-full wp-image-11410\" src=\"https:\/\/moverdb.com\/wp-content\/uploads\/Planes-Moving-Storage-international-moving-company.png\" alt=\"Planes Moving &amp; Storage mezin\u00e1rodn\u00ed st\u011bhov\u00e1n\u00ed spole\u010dnost\" width=\"1440\" height=\"660\" data-wp-pid=\"11410\" srcset=\"https:\/\/moverdb.com\/wp-content\/uploads\/Planes-Moving-Storage-international-moving-company.png 1440w, https:\/\/moverdb.com\/wp-content\/uploads\/Planes-Moving-Storage-international-moving-company-300x138.png 300w, https:\/\/moverdb.com\/wp-content\/uploads\/Planes-Moving-Storage-international-moving-company-1024x469.png 1024w, https:\/\/moverdb.com\/wp-content\/uploads\/Planes-Moving-Storage-international-moving-company-18x8.png 18w, https:\/\/moverdb.com\/wp-content\/uploads\/Planes-Moving-Storage-international-moving-company-600x275.png 600w\" sizes=\"auto, (max-width: 1440px) 100vw, 1440px\" \/><\/p>\n<ul>\n<li>M\u00edstn\u00ed a d\u00e1lkov\u00e9 p\u0159esuny<\/li>\n<li>Mezin\u00e1rodn\u00ed p\u0159esuny<\/li>\n<li>St\u011bhov\u00e1n\u00ed dom\u00e1cnosti<\/li>\n<li>Obchodn\u00ed kroky<\/li>\n<li>\u0158\u00edzen\u00ed p\u0159esun\u016f<\/li>\n<li>Balic\u00ed slu\u017eba<\/li>\n<li>Leteck\u00e1, n\u00e1mo\u0159n\u00ed a \u017eelezni\u010dn\u00ed p\u0159eprava<\/li>\n<li>Podpora dokumentace<\/li>\n<li>P\u0159eprava vozidel<\/li>\n<li>Skladovac\u00ed prostory<\/li>\n<\/ul>\n<p>Planes Moving &amp; Storage je st\u011bhovac\u00ed spole\u010dnost zalo\u017een\u00e1 v roce 1921 s pobo\u010dkami v Cincinnati, Daytonu a Columbusu v Ohiu a tak\u00e9 v Indianapolisu. <a href=\"https:\/\/moverdb.com\/cs\/moving-to-chicago\/\" data-internallinksmanager029f6b8e52c=\"39\" title=\"St\u011bhujete se do Chicaga? 2022 N\u00e1klady na bydlen\u00ed a tipy na st\u011bhov\u00e1n\u00ed\">Chicago<\/a>.  Jsou partnerem spole\u010dnosti United Van Lines a maj\u00ed siln\u00fd dodavatelsk\u00fd \u0159et\u011bzec partner\u016f, kte\u0159\u00ed poskytuj\u00ed jejich slu\u017eby na mezin\u00e1rodn\u00ed \u00farovni. Jsou \u010dlenem IAM se 103 lety zku\u0161enost\u00ed a jsou akreditov\u00e1ni FIDI.<\/p>\n<p>Planes Moving &amp; Storage nab\u00edz\u00ed zku\u0161en\u00e9ho koordin\u00e1tora st\u011bhov\u00e1n\u00ed, kter\u00fd s v\u00e1mi bude spolupracovat a vypracuje pl\u00e1n st\u011bhov\u00e1n\u00ed na m\u00edru va\u0161im pot\u0159eb\u00e1m. Nab\u00edz\u00ed kompletn\u00ed balic\u00ed slu\u017eby s vy\u0161kolen\u00fdmi balic\u00edmi t\u00fdmy a ochr\u00e1n\u00ed cenn\u00e9 a k\u0159ehk\u00e9 p\u0159edm\u011bty.<\/p>\n<p>Webov\u00e9 str\u00e1nky: <a href=\"http:\/\/www.planescompanies.com\/\" target=\"_blank\" rel=\"noopener\">http:\/\/www.planescompanies.com\/<\/a><\/p>","protected":false},"excerpt":{"rendered":"<p>Are you planning a move? Then you may want to engage the services of a moving company to reduce the workload and pressure of moving. They can organise, pack and transport your belongings as well as handle customs if you are moving country. Below we have compiled a list of Ohio based removal companies that [&hellip;]<\/p>\n","protected":false},"author":4,"featured_media":11255,"parent":190,"menu_order":0,"comment_status":"closed","ping_status":"closed","template":"","meta":{"_genesis_hide_title":false,"_genesis_hide_breadcrumbs":false,"_genesis_hide_singular_image":false,"_genesis_hide_footer_widgets":false,"_genesis_custom_body_class":"","_genesis_custom_post_class":"","_genesis_layout":"","footnotes":""},"class_list":{"0":"post-11648","1":"page","2":"type-page","3":"status-publish","4":"has-post-thumbnail","6":"entry"},"_links":{"self":[{"href":"https:\/\/moverdb.com\/cs\/wp-json\/wp\/v2\/pages\/11648","targetHints":{"allow":["GET"]}}],"collection":[{"href":"https:\/\/moverdb.com\/cs\/wp-json\/wp\/v2\/pages"}],"about":[{"href":"https:\/\/moverdb.com\/cs\/wp-json\/wp\/v2\/types\/page"}],"author":[{"embeddable":true,"href":"https:\/\/moverdb.com\/cs\/wp-json\/wp\/v2\/users\/4"}],"replies":[{"embeddable":true,"href":"https:\/\/moverdb.com\/cs\/wp-json\/wp\/v2\/comments?post=11648"}],"version-history":[{"count":2,"href":"https:\/\/moverdb.com\/cs\/wp-json\/wp\/v2\/pages\/11648\/revisions"}],"predecessor-version":[{"id":11650,"href":"https:\/\/moverdb.com\/cs\/wp-json\/wp\/v2\/pages\/11648\/revisions\/11650"}],"up":[{"embeddable":true,"href":"https:\/\/moverdb.com\/cs\/wp-json\/wp\/v2\/pages\/190"}],"wp:featuredmedia":[{"embeddable":true,"href":"https:\/\/moverdb.com\/cs\/wp-json\/wp\/v2\/media\/11255"}],"wp:attachment":[{"href":"https:\/\/moverdb.com\/cs\/wp-json\/wp\/v2\/media?parent=11648"}],"curies":[{"name":"wp","href":"https:\/\/api.w.org\/{rel}","templated":true}]}}