{"id":11645,"date":"2023-11-29T10:51:46","date_gmt":"2023-11-29T10:51:46","guid":{"rendered":"https:\/\/moverdb.com\/?page_id=11645"},"modified":"2026-01-08T15:29:00","modified_gmt":"2026-01-08T15:29:00","slug":"moving-companies-us-north-carolina","status":"publish","type":"page","link":"https:\/\/moverdb.com\/cs\/moving-companies\/moving-companies-us-north-carolina\/","title":{"rendered":"5 Nejlep\u0161\u00ed mezin\u00e1rodn\u00ed st\u011bhovac\u00ed spole\u010dnosti v Severn\u00ed Karol\u00edn\u011b"},"content":{"rendered":"<p>St\u011bhov\u00e1n\u00ed m\u016f\u017ee b\u00fdt jedn\u00edm z nejstresov\u011bj\u0161\u00edch obdob\u00ed v \u017eivot\u011b, tak pro\u010d tento tlak nezmen\u0161it t\u00edm, \u017ee si najmete <a href=\"https:\/\/moverdb.com\/cs\/moving-companies\/\" data-internallinksmanager029f6b8e52c=\"79\" title=\"Top 25 Mezin\u00e1rodn\u00ed st\u011bhovac\u00ed spole\u010dnosti Online\">st\u011bhovac\u00ed spole\u010dnost<\/a> ud\u011blat \u010d\u00e1st pr\u00e1ce za v\u00e1s? To m\u016f\u017ee zahrnovat pl\u00e1nov\u00e1n\u00ed st\u011bhov\u00e1n\u00ed, balen\u00ed va\u0161ich v\u011bc\u00ed, zaji\u0161t\u011bn\u00ed dopravy a vy\u0159\u00edzen\u00ed celn\u00edch z\u00e1le\u017eitost\u00ed. N\u00ed\u017ee jsme sestavili seznam <a href=\"https:\/\/moverdb.com\/cs\/moving-to-the-united-states\/moving-to-north-carolina\/\" data-internallinksmanager029f6b8e52c=\"411\" title=\"St\u011bhov\u00e1n\u00ed do Severn\u00ed Karol\u00edny? 2026 N\u00e1klady na bydlen\u00ed a tipy na p\u0159est\u011bhov\u00e1n\u00ed\">Severn\u00ed Karol\u00edna<\/a> na adrese <a href=\"https:\/\/moverdb.com\/cs\/international-removals\/\" data-internallinksmanager029f6b8e52c=\"27\" title=\"36 nejlep\u0161\u00edch mezin\u00e1rodn\u00edch st\u011bhovac\u00edch spole\u010dnost\u00ed ve Velk\u00e9 Brit\u00e1nii\">st\u011bhovac\u00ed firmy<\/a> kter\u00e9 jsou \u010dleny <a href=\"https:\/\/moverdb.com\/cs\/iam\/\" data-internallinksmanager029f6b8e52c=\"23\" title=\"Vysv\u011btlen\u00ed Mezin\u00e1rodn\u00ed asociace st\u011bhov\u00e1k\u016f (IAM)\">Mezin\u00e1rodn\u00ed asociace st\u011bhov\u00e1k\u016f<\/a> (IAM) a\/nebo <a href=\"https:\/\/moverdb.com\/cs\/fidi-faim\/\" data-internallinksmanager029f6b8e52c=\"16\" title=\"Vysv\u011btlen\u00ed FIDI a FAIM (FIDI Accredited International Mover)\">FIDI<\/a> Akreditovan\u00e9 mezin\u00e1rodn\u00ed st\u011bhov\u00e1n\u00ed (FAIM), kter\u00e9 by v\u00e1m mohlo pomoci se st\u011bhov\u00e1n\u00edm.<\/p>\n<div id=\"ez-toc-container\" class=\"ez-toc-v2_0_83 ez-toc-wrap-left counter-hierarchy ez-toc-counter ez-toc-transparent ez-toc-container-direction\">\n<div class=\"ez-toc-title-container\">\n<p class=\"ez-toc-title\" style=\"cursor:inherit\">Sekce<\/p>\n<span class=\"ez-toc-title-toggle\"><a href=\"#\" class=\"ez-toc-pull-right ez-toc-btn ez-toc-btn-xs ez-toc-btn-default ez-toc-toggle\" aria-label=\"P\u0159epnut\u00ed tabulky obsahu\"><span class=\"ez-toc-js-icon-con\"><span class=\"\"><span class=\"eztoc-hide\" style=\"display:none;\">P\u0159ep\u00edna\u010d<\/span><span class=\"ez-toc-icon-toggle-span\"><svg style=\"fill: #999;color:#999\" xmlns=\"http:\/\/www.w3.org\/2000\/svg\" class=\"list-377408\" width=\"20px\" height=\"20px\" viewbox=\"0 0 24 24\" fill=\"none\"><path d=\"M6 6H4v2h2V6zm14 0H8v2h12V6zM4 11h2v2H4v-2zm16 0H8v2h12v-2zM4 16h2v2H4v-2zm16 0H8v2h12v-2z\" fill=\"currentColor\"><\/path><\/svg><svg style=\"fill: #999;color:#999\" class=\"arrow-unsorted-368013\" xmlns=\"http:\/\/www.w3.org\/2000\/svg\" width=\"10px\" height=\"10px\" viewbox=\"0 0 24 24\" version=\"1.2\" baseprofile=\"tiny\"><path d=\"M18.2 9.3l-6.2-6.3-6.2 6.3c-.2.2-.3.4-.3.7s.1.5.3.7c.2.2.4.3.7.3h11c.3 0 .5-.1.7-.3.2-.2.3-.5.3-.7s-.1-.5-.3-.7zM5.8 14.7l6.2 6.3 6.2-6.3c.2-.2.3-.5.3-.7s-.1-.5-.3-.7c-.2-.2-.4-.3-.7-.3h-11c-.3 0-.5.1-.7.3-.2.2-.3.5-.3.7s.1.5.3.7z\"\/><\/svg><\/span><\/span><\/span><\/a><\/span><\/div>\n<nav><ul class='ez-toc-list ez-toc-list-level-1 eztoc-toggle-hide-by-default' ><li class='ez-toc-page-1 ez-toc-heading-level-2'><a class=\"ez-toc-link ez-toc-heading-1\" href=\"https:\/\/moverdb.com\/cs\/moving-companies\/moving-companies-us-north-carolina\/#1_All_American_Relocation\" >1. All American Relocation<\/a><\/li><li class='ez-toc-page-1 ez-toc-heading-level-2'><a class=\"ez-toc-link ez-toc-heading-2\" href=\"https:\/\/moverdb.com\/cs\/moving-companies\/moving-companies-us-north-carolina\/#2_Hilldrup\" >2. Hilldrup<\/a><\/li><li class='ez-toc-page-1 ez-toc-heading-level-2'><a class=\"ez-toc-link ez-toc-heading-3\" href=\"https:\/\/moverdb.com\/cs\/moving-companies\/moving-companies-us-north-carolina\/#3_Sandhills_Moving_Storage\" >3. Sandhills Moving &amp; Storage<\/a><\/li><li class='ez-toc-page-1 ez-toc-heading-level-2'><a class=\"ez-toc-link ez-toc-heading-4\" href=\"https:\/\/moverdb.com\/cs\/moving-companies\/moving-companies-us-north-carolina\/#4_Seacorp\" >4. Seacorp<\/a><\/li><li class='ez-toc-page-1 ez-toc-heading-level-2'><a class=\"ez-toc-link ez-toc-heading-5\" href=\"https:\/\/moverdb.com\/cs\/moving-companies\/moving-companies-us-north-carolina\/#5_Zippy_Shell\" >5. Zippy Shell<\/a><\/li><\/ul><\/nav><\/div>\n<h2><span class=\"ez-toc-section\" id=\"1_All_American_Relocation\"><\/span><strong>1. All American Relocation<\/strong><span class=\"ez-toc-section-end\"><\/span><\/h2>\n<p><img loading=\"lazy\" decoding=\"async\" class=\"alignnone size-full wp-image-11251\" src=\"https:\/\/moverdb.com\/wp-content\/uploads\/All-American-Relocation-international-moving-company.png\" alt=\"All American Relocation mezin\u00e1rodn\u00ed st\u011bhov\u00e1n\u00ed spole\u010dnost\" width=\"1440\" height=\"675\" data-wp-pid=\"11251\" srcset=\"https:\/\/moverdb.com\/wp-content\/uploads\/All-American-Relocation-international-moving-company.png 1440w, https:\/\/moverdb.com\/wp-content\/uploads\/All-American-Relocation-international-moving-company-300x141.png 300w, https:\/\/moverdb.com\/wp-content\/uploads\/All-American-Relocation-international-moving-company-1024x480.png 1024w, https:\/\/moverdb.com\/wp-content\/uploads\/All-American-Relocation-international-moving-company-18x8.png 18w, https:\/\/moverdb.com\/wp-content\/uploads\/All-American-Relocation-international-moving-company-600x281.png 600w\" sizes=\"auto, (max-width: 1440px) 100vw, 1440px\" \/><\/p>\n<ul>\n<li>M\u00edstn\u00ed a d\u00e1lkov\u00e9 p\u0159esuny<\/li>\n<li>Mezin\u00e1rodn\u00ed p\u0159esuny<\/li>\n<li>St\u011bhov\u00e1n\u00ed do obytn\u00fdch prostor<\/li>\n<li>St\u011bhov\u00e1n\u00ed kancel\u00e1\u0159\u00ed<\/li>\n<li>P\u0159em\u00edst\u011bn\u00ed zam\u011bstnanc\u016f<\/li>\n<li>Slu\u017eba od dve\u0159\u00ed ke dve\u0159\u00edm<\/li>\n<li>Balic\u00ed slu\u017eba<\/li>\n<li>Leteck\u00e1, n\u00e1mo\u0159n\u00ed a pozemn\u00ed doprava<\/li>\n<li><a href=\"https:\/\/moverdb.com\/cs\/car-transport-shipping\/\" data-internallinksmanager029f6b8e52c=\"2\" title=\"2026 Mezin\u00e1rodn\u00ed p\u0159eprava automobil\u016f &amp; P\u0159eprava vozidel Citace\">P\u0159eprava vozidel<\/a><\/li>\n<li>Kr\u00e1tkodob\u00e9 a dlouhodob\u00e9 skladov\u00e1n\u00ed<\/li>\n<\/ul>\n<p>All American Relocation je st\u011bhovac\u00ed spole\u010dnost s kompletn\u00edmi slu\u017ebami s pobo\u010dkami v Rayleigh a Charlotte. Je agentem spole\u010dnosti Mayflower, kter\u00e1 jim poskytuje s\u00ed\u0165 st\u011bhovac\u00edch agent\u016f, s nimi\u017e mohou spolupracovat. Jsou \u010dlenem IAM s 25 lety zku\u0161enost\u00ed.<\/p>\n<p>Spole\u010dnost All American Relocation nab\u00edz\u00ed bezplatn\u00e9 <a href=\"https:\/\/moverdb.com\/cs\/quotes\/\" data-internallinksmanager029f6b8e52c=\"26\" title=\"Mezin\u00e1rodn\u00ed st\u011bhov\u00e1n\u00ed citace: 12 ot\u00e1zek, na kter\u00e9 se m\u016f\u017eete zeptat sv\u00e9ho st\u011bhov\u00e1ka\">st\u011bhov\u00e1n\u00ed citace<\/a> a videopr\u016fzkum k posouzen\u00ed va\u0161ich pot\u0159eb. Poskytuj\u00ed slu\u017eby \"od dve\u0159\u00ed ke dve\u0159\u00edm\" s koordin\u00e1torem st\u011bhov\u00e1n\u00ed, kter\u00fd \u0159\u00edd\u00ed va\u0161e st\u011bhov\u00e1n\u00ed. Poskytuj\u00ed vy\u0161kolen\u00fd balic\u00ed t\u00fdm, kter\u00fd pou\u017e\u00edv\u00e1 nejkvalitn\u011bj\u0161\u00ed balic\u00ed materi\u00e1ly spl\u0148uj\u00edc\u00ed mezin\u00e1rodn\u00ed normy. Nab\u00edzej\u00ed tak\u00e9 p\u0159epravu vozidel, slu\u017eby v m\u00edst\u011b p\u016fvodu a ur\u010den\u00ed v Severn\u00ed Karol\u00edn\u011b a skladovac\u00ed prostory.<\/p>\n<p>Webov\u00e9 str\u00e1nky: <a href=\"http:\/\/www.aarelocation.com\" target=\"_blank\" rel=\"noopener\">http:\/\/www.aarelocation.com<\/a><\/p>\n<h2><span class=\"ez-toc-section\" id=\"2_Hilldrup\"><\/span><strong>2. Hilldrup<\/strong><span class=\"ez-toc-section-end\"><\/span><\/h2>\n<p><img loading=\"lazy\" decoding=\"async\" class=\"alignnone size-full wp-image-11339\" src=\"https:\/\/moverdb.com\/wp-content\/uploads\/Hilldrup-international-moving-company.png\" alt=\"Hilldrup mezin\u00e1rodn\u00ed st\u011bhov\u00e1n\u00ed spole\u010dnost\" width=\"1440\" height=\"674\" data-wp-pid=\"11339\" srcset=\"https:\/\/moverdb.com\/wp-content\/uploads\/Hilldrup-international-moving-company.png 1440w, https:\/\/moverdb.com\/wp-content\/uploads\/Hilldrup-international-moving-company-300x140.png 300w, https:\/\/moverdb.com\/wp-content\/uploads\/Hilldrup-international-moving-company-1024x479.png 1024w, https:\/\/moverdb.com\/wp-content\/uploads\/Hilldrup-international-moving-company-18x8.png 18w, https:\/\/moverdb.com\/wp-content\/uploads\/Hilldrup-international-moving-company-600x281.png 600w\" sizes=\"auto, (max-width: 1440px) 100vw, 1440px\" \/><\/p>\n<ul>\n<li>M\u00edstn\u00ed a d\u00e1lkov\u00e9 p\u0159esuny<\/li>\n<li>Mezin\u00e1rodn\u00ed st\u011bhov\u00e1n\u00ed<\/li>\n<li>St\u011bhov\u00e1n\u00ed do obytn\u00fdch prostor<\/li>\n<li>Obchodn\u00ed a kancel\u00e1\u0159sk\u00e9 st\u011bhov\u00e1n\u00ed<\/li>\n<li>St\u011bhov\u00e1n\u00ed zam\u011bstnanc\u016f<\/li>\n<li>Specializovan\u00fd poradce pro st\u011bhov\u00e1n\u00ed<\/li>\n<li>Virtu\u00e1ln\u00ed pr\u016fzkum<\/li>\n<li>Balic\u00ed slu\u017eba<\/li>\n<li>Chra\u0148te sv\u016fj domov<\/li>\n<li>Kr\u00e1tkodob\u00e9 a dlouhodob\u00e9 skladov\u00e1n\u00ed<\/li>\n<\/ul>\n<p>Hilldrup je st\u011bhovac\u00ed, skladovac\u00ed a logistick\u00e1 spole\u010dnost zalo\u017een\u00e1 v roce 1903, kter\u00e1 m\u00e1 10 pobo\u010dek v\u010detn\u011b Charlotte a Garneru v Severn\u00ed Karol\u00edn\u011b. Je p\u0159idru\u017eena ke spole\u010dnostem United Van Lines a Mayflower Transit, d\u00edky \u010demu\u017e m\u00e1 \u0161irokou s\u00ed\u0165 agent\u016f, se kter\u00fdmi m\u016f\u017ee spolupracovat. Jsou \u010dlenem IAM se 120 lety zku\u0161enost\u00ed a jsou akreditov\u00e1ni FIDI.<\/p>\n<p>Spole\u010dnost Hilldrup nab\u00edz\u00ed \u0159e\u0161en\u00ed st\u011bhov\u00e1n\u00ed, kter\u00e1 jsou \u0161it\u00e1 na m\u00edru va\u0161im pot\u0159eb\u00e1m, s \u0159adou slu\u017eeb, kter\u00e9 zahrnuj\u00ed kompletn\u00ed balic\u00ed slu\u017eby a\u017e po mo\u017enosti DIY. Poskytuje poradce pro st\u011bhov\u00e1n\u00ed jako jedinou kontaktn\u00ed osobu b\u011bhem cel\u00e9ho st\u011bhov\u00e1n\u00ed. Jejich balic\u00ed slu\u017eby pou\u017e\u00edvaj\u00ed nejlep\u0161\u00ed balic\u00ed materi\u00e1ly a na m\u00edru zabal\u00ed a zape\u010det\u00ed k\u0159ehk\u00e9 p\u0159edm\u011bty.<\/p>\n<p>Webov\u00e9 str\u00e1nky: <a href=\"https:\/\/www.hilldrup.com\/\" target=\"_blank\" rel=\"noopener\">https:\/\/www.hilldrup.com\/\/<\/a><\/p>\n<h2><span class=\"ez-toc-section\" id=\"3_Sandhills_Moving_Storage\"><\/span><strong>3. Sandhills Moving &amp; Storage<\/strong><span class=\"ez-toc-section-end\"><\/span><\/h2>\n<p><img loading=\"lazy\" decoding=\"async\" class=\"alignnone size-full wp-image-11433\" src=\"https:\/\/moverdb.com\/wp-content\/uploads\/Sandhill-Moving-Storage-international-moving-company.png\" alt=\"Sandhill Moving &amp; Storage mezin\u00e1rodn\u00ed pohybuj\u00edc\u00ed se spole\u010dnost\" width=\"1440\" height=\"676\" data-wp-pid=\"11433\" srcset=\"https:\/\/moverdb.com\/wp-content\/uploads\/Sandhill-Moving-Storage-international-moving-company.png 1440w, https:\/\/moverdb.com\/wp-content\/uploads\/Sandhill-Moving-Storage-international-moving-company-300x141.png 300w, https:\/\/moverdb.com\/wp-content\/uploads\/Sandhill-Moving-Storage-international-moving-company-1024x481.png 1024w, https:\/\/moverdb.com\/wp-content\/uploads\/Sandhill-Moving-Storage-international-moving-company-18x8.png 18w, https:\/\/moverdb.com\/wp-content\/uploads\/Sandhill-Moving-Storage-international-moving-company-600x282.png 600w\" sizes=\"auto, (max-width: 1440px) 100vw, 1440px\" \/><\/p>\n<ul>\n<li>M\u00edstn\u00ed a d\u00e1lkov\u00e9 p\u0159esuny<\/li>\n<li>Mezin\u00e1rodn\u00ed p\u0159esuny<\/li>\n<li>St\u011bhov\u00e1n\u00ed do obytn\u00fdch prostor<\/li>\n<li>Obchodn\u00ed a kancel\u00e1\u0159sk\u00e9 st\u011bhov\u00e1n\u00ed<\/li>\n<li>Koordin\u00e1tor osobn\u00edch p\u0159esun\u016f<\/li>\n<li>Balic\u00ed slu\u017eba<\/li>\n<li>Dopravn\u00ed opat\u0159en\u00ed<\/li>\n<li>Celn\u00ed podpora<\/li>\n<li>Sledov\u00e1n\u00ed z\u00e1silek<\/li>\n<li>Skladovac\u00ed prostory<\/li>\n<\/ul>\n<p>Sandhills Moving &amp; Storage je st\u011bhovac\u00ed spole\u010dnost specializuj\u00edc\u00ed se na p\u0159epravu a skladov\u00e1n\u00ed s pobo\u010dkami ve m\u011bstech Southern Pines, Sanford a Pittsboro. Je st\u011bhovac\u00ed spole\u010dnost\u00ed Mayflower s kompletn\u00edmi slu\u017ebami, co\u017e j\u00ed umo\u017e\u0148uje p\u0159\u00edstup k mezin\u00e1rodn\u00ed s\u00edti st\u011bhovac\u00edch agent\u016f ve v\u00edce ne\u017e 180 zem\u00edch a je \u010dlenem IAM.<\/p>\n<p>Spole\u010dnost Sandhills Moving &amp; Storage nab\u00edz\u00ed komplexn\u00ed slu\u017eby \u0159\u00edzen\u00ed st\u011bhov\u00e1n\u00ed a p\u0159id\u011bl\u00ed v\u00e1m osobn\u00edho koordin\u00e1tora, kter\u00fd v\u00e1m bude pom\u00e1hat po celou dobu st\u011bhov\u00e1n\u00ed. Nab\u00edz\u00ed st\u011bhovac\u00ed slu\u017eby na m\u00edru, kter\u00e9 zahrnuj\u00ed balic\u00ed slu\u017eby, zaji\u0161t\u011bn\u00ed p\u0159epravy a vy\u0159\u00edzen\u00ed dokumentace a celn\u00edch z\u00e1le\u017eitost\u00ed. Nab\u00edzej\u00ed tak\u00e9 mo\u017enost kr\u00e1tkodob\u00e9ho skladov\u00e1n\u00ed.<\/p>\n<p>Webov\u00e9 str\u00e1nky: <a href=\"http:\/\/www.sandhillsmoving.com\" target=\"_blank\" rel=\"noopener\">http:\/\/www.sandhillsmoving.com<\/a><\/p>\n<h2><span class=\"ez-toc-section\" id=\"4_Seacorp\"><\/span><strong>4. Seacorp<\/strong><span class=\"ez-toc-section-end\"><\/span><\/h2>\n<p><img loading=\"lazy\" decoding=\"async\" class=\"alignnone size-full wp-image-11438\" src=\"https:\/\/moverdb.com\/wp-content\/uploads\/Seacorp-international-moving-company.png\" alt=\"Seacorp mezin\u00e1rodn\u00ed st\u011bhov\u00e1n\u00ed spole\u010dnost\" width=\"1440\" height=\"676\" data-wp-pid=\"11438\" srcset=\"https:\/\/moverdb.com\/wp-content\/uploads\/Seacorp-international-moving-company.png 1440w, https:\/\/moverdb.com\/wp-content\/uploads\/Seacorp-international-moving-company-300x141.png 300w, https:\/\/moverdb.com\/wp-content\/uploads\/Seacorp-international-moving-company-1024x481.png 1024w, https:\/\/moverdb.com\/wp-content\/uploads\/Seacorp-international-moving-company-18x8.png 18w, https:\/\/moverdb.com\/wp-content\/uploads\/Seacorp-international-moving-company-600x282.png 600w\" sizes=\"auto, (max-width: 1440px) 100vw, 1440px\" \/><\/p>\n<ul>\n<li>Vnitrost\u00e1tn\u00ed n\u00e1kladn\u00ed doprava<\/li>\n<li>Mezin\u00e1rodn\u00ed n\u00e1kladn\u00ed doprava<\/li>\n<li>Logistika od dve\u0159\u00ed ke dve\u0159\u00edm<\/li>\n<li>\u0158\u00edzen\u00ed p\u0159epravy<\/li>\n<li>Zabalov\u00e1n\u00ed a paletizace<\/li>\n<li>Leteck\u00e1, n\u00e1mo\u0159n\u00ed a kamionov\u00e1 doprava<\/li>\n<li>Sledov\u00e1n\u00ed z\u00e1silek<\/li>\n<li>Celn\u00ed odbaven\u00ed<\/li>\n<li>Manipulace s importem a exportem<\/li>\n<li>Poji\u0161t\u011bn\u00ed<\/li>\n<\/ul>\n<p>Seacorp je logistick\u00e1 spole\u010dnost, kter\u00e1 byla zalo\u017eena v roce 1998 a s\u00eddl\u00ed v Lincolntonu v Severn\u00ed Karol\u00edn\u011b. M\u00e1 rozs\u00e1hlou glob\u00e1ln\u00ed s\u00ed\u0165 agent\u016f, kte\u0159\u00ed ji podporuj\u00ed p\u0159i poskytov\u00e1n\u00ed slu\u017eeb po cel\u00e9m sv\u011bt\u011b. Je \u010dlenem IAM s 25 lety zku\u0161enost\u00ed.<\/p>\n<p>Spole\u010dnost Seacorp pro va\u0161i z\u00e1silku vyhled\u00e1 nejv\u00fdhodn\u011bj\u0161\u00ed ceny a nejlep\u0161\u00ed p\u0159epravn\u00ed \u010dasy. M\u016f\u017ee zajistit leteckou, n\u00e1mo\u0159n\u00ed nebo kamionovou p\u0159epravu. Nab\u00edz\u00ed v\u00fdb\u011br z n\u011bkolika variant kontejner\u016f, v\u010detn\u011b pln\u00fdch kontejner\u016f a m\u00e9n\u011b ne\u017e pln\u00fdch kontejner\u016f. Jejich slu\u017eby zahrnuj\u00ed v\u00fdvozn\u00ed odbaven\u00ed a n\u00e1mo\u0159n\u00ed poji\u0161t\u011bn\u00ed.<\/p>\n<p>Webov\u00e9 str\u00e1nky: <a href=\"http:\/\/www.seacorpnc.com\" target=\"_blank\" rel=\"noopener\">http:\/\/www.seacorpnc.com<\/a><\/p>\n<h2><span class=\"ez-toc-section\" id=\"5_Zippy_Shell\"><\/span><strong>5. Zippy Shell<\/strong><span class=\"ez-toc-section-end\"><\/span><\/h2>\n<p><img loading=\"lazy\" decoding=\"async\" class=\"alignnone size-full wp-image-11483\" src=\"https:\/\/moverdb.com\/wp-content\/uploads\/Zippy-Shell-international-moving-company.png\" alt=\"Zippy Shell mezin\u00e1rodn\u00ed st\u011bhov\u00e1n\u00ed spole\u010dnost\" width=\"1440\" height=\"676\" data-wp-pid=\"11483\" srcset=\"https:\/\/moverdb.com\/wp-content\/uploads\/Zippy-Shell-international-moving-company.png 1440w, https:\/\/moverdb.com\/wp-content\/uploads\/Zippy-Shell-international-moving-company-300x141.png 300w, https:\/\/moverdb.com\/wp-content\/uploads\/Zippy-Shell-international-moving-company-1024x481.png 1024w, https:\/\/moverdb.com\/wp-content\/uploads\/Zippy-Shell-international-moving-company-18x8.png 18w, https:\/\/moverdb.com\/wp-content\/uploads\/Zippy-Shell-international-moving-company-600x282.png 600w\" sizes=\"auto, (max-width: 1440px) 100vw, 1440px\" \/><\/p>\n<ul>\n<li>M\u00edstn\u00ed p\u0159esuny<\/li>\n<li>St\u011bhov\u00e1n\u00ed na dlouh\u00e9 vzd\u00e1lenosti<\/li>\n<li>St\u011bhov\u00e1n\u00ed do obytn\u00fdch prostor<\/li>\n<li>St\u011bhov\u00e1n\u00ed firem<\/li>\n<li>Jednotn\u00e9 kontaktn\u00ed m\u00edsto<\/li>\n<li>Slu\u017eba od dve\u0159\u00ed ke dve\u0159\u00edm<\/li>\n<li>Balic\u00ed slu\u017eby prost\u0159ednictv\u00edm t\u0159et\u00ed strany<\/li>\n<li>Dod\u00e1vka n\u00e1kladn\u00edch vozidel<\/li>\n<li>P\u0159eprava autem<\/li>\n<li>Bezpe\u010dn\u00e1 \u0159e\u0161en\u00ed pro ukl\u00e1d\u00e1n\u00ed dat<\/li>\n<\/ul>\n<p>Zippy Shell je st\u011bhovac\u00ed a skladovac\u00ed spole\u010dnost se s\u00eddlem ve m\u011bst\u011b Wake Forest. Nab\u00edz\u00ed m\u00edstn\u00ed a d\u00e1lkov\u00e9 st\u011bhov\u00e1n\u00ed a skladov\u00e1n\u00ed v oblasti. <a href=\"https:\/\/moverdb.com\/cs\/moving-to-the-united-states\/\" data-internallinksmanager029f6b8e52c=\"94\" title=\"St\u011bhujete se do Spojen\u00fdch st\u00e1t\u016f? 2022 \u017divotn\u00ed n\u00e1klady a tipy na st\u011bhov\u00e1n\u00ed\">US<\/a> pomoc\u00ed vlastn\u00edch n\u00e1kladn\u00edch vozidel a kontejner\u016f. Je \u010dlenem IAM se 14 lety zku\u0161enost\u00ed.<\/p>\n<p>Spole\u010dnost Zippy Shell nab\u00edz\u00ed jedine\u010dn\u00e9 a p\u0159enosn\u00e9 \u0159e\u0161en\u00ed st\u011bhov\u00e1n\u00ed a skladov\u00e1n\u00ed, proto\u017ee v\u00e1m doru\u010d\u00ed p\u0159enosn\u00fd kontejner a umo\u017en\u00ed v\u00e1m a\u017e t\u0159i dny na to, abyste si jej zabalili sami nebo vyu\u017eili balic\u00ed slu\u017ebu t\u0159et\u00ed strany. P\u0159enosn\u00fd kontejner vyzvednou a odvezou na m\u00edsto ur\u010den\u00ed nebo jej kr\u00e1tkodob\u011b \u010di dlouhodob\u011b uskladn\u00ed ve sv\u00fdch zabezpe\u010den\u00fdch prostor\u00e1ch po cel\u00e9 zemi.<\/p>\n<p>Webov\u00e9 str\u00e1nky: <a href=\"http:\/\/zippyshell.com\" target=\"_blank\" rel=\"noopener\">http:\/\/zippyshell.com<\/a><\/p>","protected":false},"excerpt":{"rendered":"<p>Moving can be one of the most stressful times in your life so why not reduce the pressure by employing a moving company to do some of the work for you? This can include planning the move, packing your belongings, arranging transport and handling customs. Below we have compiled a list of North Carolina based [&hellip;]<\/p>\n","protected":false},"author":4,"featured_media":11251,"parent":190,"menu_order":0,"comment_status":"closed","ping_status":"closed","template":"","meta":{"_genesis_hide_title":false,"_genesis_hide_breadcrumbs":false,"_genesis_hide_singular_image":false,"_genesis_hide_footer_widgets":false,"_genesis_custom_body_class":"","_genesis_custom_post_class":"","_genesis_layout":"","footnotes":""},"class_list":{"0":"post-11645","1":"page","2":"type-page","3":"status-publish","4":"has-post-thumbnail","6":"entry"},"_links":{"self":[{"href":"https:\/\/moverdb.com\/cs\/wp-json\/wp\/v2\/pages\/11645","targetHints":{"allow":["GET"]}}],"collection":[{"href":"https:\/\/moverdb.com\/cs\/wp-json\/wp\/v2\/pages"}],"about":[{"href":"https:\/\/moverdb.com\/cs\/wp-json\/wp\/v2\/types\/page"}],"author":[{"embeddable":true,"href":"https:\/\/moverdb.com\/cs\/wp-json\/wp\/v2\/users\/4"}],"replies":[{"embeddable":true,"href":"https:\/\/moverdb.com\/cs\/wp-json\/wp\/v2\/comments?post=11645"}],"version-history":[{"count":2,"href":"https:\/\/moverdb.com\/cs\/wp-json\/wp\/v2\/pages\/11645\/revisions"}],"predecessor-version":[{"id":11647,"href":"https:\/\/moverdb.com\/cs\/wp-json\/wp\/v2\/pages\/11645\/revisions\/11647"}],"up":[{"embeddable":true,"href":"https:\/\/moverdb.com\/cs\/wp-json\/wp\/v2\/pages\/190"}],"wp:featuredmedia":[{"embeddable":true,"href":"https:\/\/moverdb.com\/cs\/wp-json\/wp\/v2\/media\/11251"}],"wp:attachment":[{"href":"https:\/\/moverdb.com\/cs\/wp-json\/wp\/v2\/media?parent=11645"}],"curies":[{"name":"wp","href":"https:\/\/api.w.org\/{rel}","templated":true}]}}