{"id":11624,"date":"2023-11-22T15:50:03","date_gmt":"2023-11-22T15:50:03","guid":{"rendered":"https:\/\/moverdb.com\/?page_id=11624"},"modified":"2026-01-08T15:30:12","modified_gmt":"2026-01-08T15:30:12","slug":"moving-companies-nevada","status":"publish","type":"page","link":"https:\/\/moverdb.com\/cs\/moving-companies\/moving-companies-nevada\/","title":{"rendered":"Nejlep\u0161\u00ed mezin\u00e1rodn\u00ed st\u011bhovac\u00ed spole\u010dnosti v Nevad\u011b"},"content":{"rendered":"<p>St\u011bhov\u00e1n\u00ed m\u016f\u017ee b\u00fdt jedn\u00edm z nejstresov\u011bj\u0161\u00edch obdob\u00ed v \u017eivot\u011b, tak pro\u010d se sna\u017eit v\u0161e zvl\u00e1dnout s\u00e1m? A <a href=\"https:\/\/moverdb.com\/cs\/moving-companies\/\" data-internallinksmanager029f6b8e52c=\"79\" title=\"Top 25 Mezin\u00e1rodn\u00ed st\u011bhovac\u00ed spole\u010dnosti Online\">st\u011bhovac\u00ed spole\u010dnost<\/a> m\u016f\u017ee p\u0159evz\u00edt mnoho \u00fakol\u016f, jako je organizace st\u011bhov\u00e1n\u00ed, zaji\u0161t\u011bn\u00ed dopravy, balen\u00ed a vypl\u0148ov\u00e1n\u00ed dokument\u016f. N\u00ed\u017ee jsme sestavili seznam <a href=\"https:\/\/moverdb.com\/cs\/moving-to-the-united-states\/moving-to-nevada\/\" data-internallinksmanager029f6b8e52c=\"457\" title=\"St\u011bhov\u00e1n\u00ed do Nevady? 2024 N\u00e1klady na bydlen\u00ed a tipy na p\u0159est\u011bhov\u00e1n\u00ed\">Nevada<\/a> na adrese <a href=\"https:\/\/moverdb.com\/cs\/international-removals\/\" data-internallinksmanager029f6b8e52c=\"27\" title=\"36 nejlep\u0161\u00edch mezin\u00e1rodn\u00edch st\u011bhovac\u00edch spole\u010dnost\u00ed ve Velk\u00e9 Brit\u00e1nii\">st\u011bhovac\u00ed firmy<\/a> kter\u00e9 jsou \u010dleny <a href=\"https:\/\/moverdb.com\/cs\/iam\/\" data-internallinksmanager029f6b8e52c=\"23\" title=\"Vysv\u011btlen\u00ed Mezin\u00e1rodn\u00ed asociace st\u011bhov\u00e1k\u016f (IAM)\">Mezin\u00e1rodn\u00ed asociace st\u011bhov\u00e1k\u016f<\/a> (IAM) a\/nebo <a href=\"https:\/\/moverdb.com\/cs\/fidi-faim\/\" data-internallinksmanager029f6b8e52c=\"16\" title=\"Vysv\u011btlen\u00ed FIDI a FAIM (FIDI Accredited International Mover)\">FIDI<\/a> Akreditovan\u00e9 mezin\u00e1rodn\u00ed st\u011bhov\u00e1n\u00ed (FAIM), kter\u00e9 by v\u00e1m mohlo pomoci se st\u011bhov\u00e1n\u00edm.<\/p>\n<h2><strong>RenoRelo<\/strong><\/h2>\n<p><img loading=\"lazy\" decoding=\"async\" class=\"alignnone size-full wp-image-11423\" src=\"https:\/\/moverdb.com\/wp-content\/uploads\/RenoRelo-international-moving-company.png\" alt=\"RenoRelo mezin\u00e1rodn\u00ed st\u011bhov\u00e1n\u00ed spole\u010dnost\" width=\"1440\" height=\"679\" data-wp-pid=\"11423\" srcset=\"https:\/\/moverdb.com\/wp-content\/uploads\/RenoRelo-international-moving-company.png 1440w, https:\/\/moverdb.com\/wp-content\/uploads\/RenoRelo-international-moving-company-300x141.png 300w, https:\/\/moverdb.com\/wp-content\/uploads\/RenoRelo-international-moving-company-1024x483.png 1024w, https:\/\/moverdb.com\/wp-content\/uploads\/RenoRelo-international-moving-company-18x8.png 18w, https:\/\/moverdb.com\/wp-content\/uploads\/RenoRelo-international-moving-company-600x283.png 600w\" sizes=\"auto, (max-width: 1440px) 100vw, 1440px\" \/><\/p>\n<ul>\n<li>M\u00edstn\u00ed a vnitrost\u00e1tn\u00ed p\u0159esuny<\/li>\n<li>Celosv\u011btov\u00e9 p\u0159esuny<\/li>\n<li>St\u011bhov\u00e1n\u00ed do obytn\u00fdch prostor<\/li>\n<li>Obchodn\u00ed a kancel\u00e1\u0159sk\u00e9 st\u011bhov\u00e1n\u00ed<\/li>\n<li>St\u011bhov\u00e1n\u00ed firem<\/li>\n<li>Komplexn\u00ed \u0159e\u0161en\u00ed<\/li>\n<li>Balic\u00ed slu\u017eba<\/li>\n<li>Kryt\u00ed<\/li>\n<li>Dopravn\u00ed opat\u0159en\u00ed<\/li>\n<li>Skladovac\u00ed prostory<\/li>\n<\/ul>\n<p>RenoRelo je st\u011bhovac\u00ed spole\u010dnost s kompletn\u00edmi slu\u017ebami v Renu, Spokane a Boise. Je agentem spole\u010dnosti United Van Lines, d\u00edky \u010demu\u017e m\u00e1 k dispozici s\u00ed\u0165 st\u011bhovac\u00edch spole\u010dnost\u00ed, se kter\u00fdmi m\u016f\u017ee spolupracovat p\u0159i poskytov\u00e1n\u00ed sv\u00fdch slu\u017eeb i mimo oblast sv\u00e9ho p\u016fsoben\u00ed. Jsou \u010dlenem IAM s p\u011btiletou zku\u0161enost\u00ed.<\/p>\n<p>Spole\u010dnost RenoRelo nab\u00edz\u00ed kompletn\u00ed \u0159e\u0161en\u00ed pro st\u011bhov\u00e1n\u00ed obytn\u00fdch, obchodn\u00edch a kancel\u00e1\u0159sk\u00fdch prostor i pro st\u011bhov\u00e1n\u00ed firem v r\u00e1mci regionu. <a href=\"https:\/\/moverdb.com\/cs\/moving-to-the-united-states\/\" data-internallinksmanager029f6b8e52c=\"94\" title=\"St\u011bhujete se do Spojen\u00fdch st\u00e1t\u016f? 2022 \u017divotn\u00ed n\u00e1klady a tipy na st\u011bhov\u00e1n\u00ed\">US<\/a> a na mezin\u00e1rodn\u00ed \u00farovni. Poskytuj\u00ed balic\u00ed a p\u0159epravn\u00ed slu\u017eby, kter\u00e9 chr\u00e1n\u00ed va\u0161e v\u011bci p\u0159i p\u0159eprav\u011b. Zajist\u00ed p\u0159epravu va\u0161ich v\u011bc\u00ed a koordinuje jejich doru\u010den\u00ed na m\u00edsto ur\u010den\u00ed s p\u0159\u00edpadn\u00fdmi t\u0159et\u00edmi stranami.<\/p>\n<p>Webov\u00e9 str\u00e1nky: <a href=\"http:\/\/renoreloww.com\" target=\"_blank\" rel=\"noopener\">http:\/\/renoreloww.com<\/a><\/p>\n<h2>Dal\u0161\u00ed u\u017eite\u010dn\u00ed pr\u016fvodci po Spojen\u00fdch st\u00e1tech<\/h2>\n<ul>\n<li> <a href=\"https:\/\/moverdb.com\/cs\/stehovani-do-americkych-statu-2022-zivotni-naklady-premisteni-tipy\/moving-to-las-vegas\/\">St\u011bhujete se do Las Vegas? 2024 N\u00e1klady na bydlen\u00ed a tipy na st\u011bhov\u00e1n\u00ed<\/a><\/li>\n<li> <a href=\"https:\/\/moverdb.com\/cs\/stehovani-do-americkych-statu-2022-zivotni-naklady-premisteni-tipy\/moving-to-nevada\/\">St\u011bhov\u00e1n\u00ed do Nevady? 2024 N\u00e1klady na bydlen\u00ed a tipy na p\u0159est\u011bhov\u00e1n\u00ed<\/a><\/li>\n<li> <a href=\"https:\/\/moverdb.com\/cs\/stehovani-do-americkych-statu-2022-zivotni-naklady-premisteni-tipy\/movers-cost\/\">Kolik stoj\u00ed pron\u00e1jem st\u011bhov\u00e1k\u016f? 2024 Pr\u016fvodce \u00fasporami v USA<\/a><\/li>\n<li> <a href=\"https:\/\/moverdb.com\/cs\/stehovani-do-americkych-statu-2022-zivotni-naklady-premisteni-tipy\/\">St\u011bhujete se do Spojen\u00fdch st\u00e1t\u016f? 2022 \u017divotn\u00ed n\u00e1klady a tipy na st\u011bhov\u00e1n\u00ed<\/a><\/li>\n<li> <a href=\"https:\/\/moverdb.com\/cs\/stehovani-do-americkych-statu-2022-zivotni-naklady-premisteni-tipy\/places-to-live-in-the-us\/\">13 nejlep\u0161\u00edch m\u00edst k \u017eivotu v USA<\/a><\/li>\n<li> <a href=\"https:\/\/moverdb.com\/cs\/stehovani-do-americkych-statu-2022-zivotni-naklady-premisteni-tipy\/living\/\">21 tajemstv\u00ed o \u017eivot\u011b v USA, kter\u00e1 je t\u0159eba zn\u00e1t p\u0159ed st\u011bhov\u00e1n\u00edm<\/a><\/li>\n<\/ul>","protected":false},"excerpt":{"rendered":"<p>Moving can be one of the most stressful times in your life so why try to do it all by yourself? A moving company can take on many of the tasks such as organising the move, arranging transport, packing and completing paperwork. Below we have compiled a list of Nevada based removal companies that are [&hellip;]<\/p>\n","protected":false},"author":4,"featured_media":11423,"parent":190,"menu_order":0,"comment_status":"closed","ping_status":"closed","template":"","meta":{"_genesis_hide_title":false,"_genesis_hide_breadcrumbs":false,"_genesis_hide_singular_image":false,"_genesis_hide_footer_widgets":false,"_genesis_custom_body_class":"","_genesis_custom_post_class":"","_genesis_layout":"","footnotes":""},"class_list":{"0":"post-11624","1":"page","2":"type-page","3":"status-publish","4":"has-post-thumbnail","6":"entry"},"_links":{"self":[{"href":"https:\/\/moverdb.com\/cs\/wp-json\/wp\/v2\/pages\/11624","targetHints":{"allow":["GET"]}}],"collection":[{"href":"https:\/\/moverdb.com\/cs\/wp-json\/wp\/v2\/pages"}],"about":[{"href":"https:\/\/moverdb.com\/cs\/wp-json\/wp\/v2\/types\/page"}],"author":[{"embeddable":true,"href":"https:\/\/moverdb.com\/cs\/wp-json\/wp\/v2\/users\/4"}],"replies":[{"embeddable":true,"href":"https:\/\/moverdb.com\/cs\/wp-json\/wp\/v2\/comments?post=11624"}],"version-history":[{"count":4,"href":"https:\/\/moverdb.com\/cs\/wp-json\/wp\/v2\/pages\/11624\/revisions"}],"predecessor-version":[{"id":17660,"href":"https:\/\/moverdb.com\/cs\/wp-json\/wp\/v2\/pages\/11624\/revisions\/17660"}],"up":[{"embeddable":true,"href":"https:\/\/moverdb.com\/cs\/wp-json\/wp\/v2\/pages\/190"}],"wp:featuredmedia":[{"embeddable":true,"href":"https:\/\/moverdb.com\/cs\/wp-json\/wp\/v2\/media\/11423"}],"wp:attachment":[{"href":"https:\/\/moverdb.com\/cs\/wp-json\/wp\/v2\/media?parent=11624"}],"curies":[{"name":"wp","href":"https:\/\/api.w.org\/{rel}","templated":true}]}}