{"id":11619,"date":"2023-11-29T10:52:33","date_gmt":"2023-11-29T10:52:33","guid":{"rendered":"https:\/\/moverdb.com\/?page_id=11619"},"modified":"2026-01-08T15:28:59","modified_gmt":"2026-01-08T15:28:59","slug":"moving-companies-us-missouri","status":"publish","type":"page","link":"https:\/\/moverdb.com\/cs\/moving-companies\/moving-companies-us-missouri\/","title":{"rendered":"5 nejlep\u0161\u00edch mezin\u00e1rodn\u00edch st\u011bhovac\u00edch spole\u010dnost\u00ed v Missouri"},"content":{"rendered":"<p>Kdy\u017e pl\u00e1nujete st\u011bhov\u00e1n\u00ed, ud\u011bl\u00e1te v\u0161e sami, nebo v\u00e1m pom\u016f\u017ee n\u011bkdo jin\u00fd? <a href=\"https:\/\/moverdb.com\/cs\/moving-companies\/\" data-internallinksmanager029f6b8e52c=\"79\" title=\"Top 25 Mezin\u00e1rodn\u00ed st\u011bhovac\u00ed spole\u010dnosti Online\">st\u011bhovac\u00ed spole\u010dnost<\/a>? Mohou v\u00e1m pomoci s balen\u00edm, p\u0159epravou a dokumentac\u00ed a sn\u00ed\u017eit tak va\u0161i z\u00e1t\u011b\u017e. N\u00ed\u017ee jsme sestavili seznam <a href=\"https:\/\/moverdb.com\/cs\/moving-to-the-united-states\/moving-to-missouri\/\" data-internallinksmanager029f6b8e52c=\"460\" title=\"St\u011bhov\u00e1n\u00ed do Missouri? 2024 N\u00e1klady na bydlen\u00ed a tipy na p\u0159est\u011bhov\u00e1n\u00ed\">Missouri<\/a> na adrese <a href=\"https:\/\/moverdb.com\/cs\/international-removals\/\" data-internallinksmanager029f6b8e52c=\"27\" title=\"36 nejlep\u0161\u00edch mezin\u00e1rodn\u00edch st\u011bhovac\u00edch spole\u010dnost\u00ed ve Velk\u00e9 Brit\u00e1nii\">st\u011bhovac\u00ed firmy<\/a> kter\u00e9 jsou \u010dleny <a href=\"https:\/\/moverdb.com\/cs\/iam\/\" data-internallinksmanager029f6b8e52c=\"23\" title=\"Vysv\u011btlen\u00ed Mezin\u00e1rodn\u00ed asociace st\u011bhov\u00e1k\u016f (IAM)\">Mezin\u00e1rodn\u00ed asociace st\u011bhov\u00e1k\u016f<\/a> (IAM) a\/nebo <a href=\"https:\/\/moverdb.com\/cs\/fidi-faim\/\" data-internallinksmanager029f6b8e52c=\"16\" title=\"Vysv\u011btlen\u00ed FIDI a FAIM (FIDI Accredited International Mover)\">FIDI<\/a> Akreditovan\u00e9 mezin\u00e1rodn\u00ed st\u011bhov\u00e1n\u00ed (FAIM), kter\u00e9 by v\u00e1m mohlo pomoci se st\u011bhov\u00e1n\u00edm.<\/p>\n<div id=\"ez-toc-container\" class=\"ez-toc-v2_0_83 ez-toc-wrap-left counter-hierarchy ez-toc-counter ez-toc-transparent ez-toc-container-direction\">\n<div class=\"ez-toc-title-container\">\n<p class=\"ez-toc-title\" style=\"cursor:inherit\">Sekce<\/p>\n<span class=\"ez-toc-title-toggle\"><a href=\"#\" class=\"ez-toc-pull-right ez-toc-btn ez-toc-btn-xs ez-toc-btn-default ez-toc-toggle\" aria-label=\"P\u0159epnut\u00ed tabulky obsahu\"><span class=\"ez-toc-js-icon-con\"><span class=\"\"><span class=\"eztoc-hide\" style=\"display:none;\">P\u0159ep\u00edna\u010d<\/span><span class=\"ez-toc-icon-toggle-span\"><svg style=\"fill: #999;color:#999\" xmlns=\"http:\/\/www.w3.org\/2000\/svg\" class=\"list-377408\" width=\"20px\" height=\"20px\" viewbox=\"0 0 24 24\" fill=\"none\"><path d=\"M6 6H4v2h2V6zm14 0H8v2h12V6zM4 11h2v2H4v-2zm16 0H8v2h12v-2zM4 16h2v2H4v-2zm16 0H8v2h12v-2z\" fill=\"currentColor\"><\/path><\/svg><svg style=\"fill: #999;color:#999\" class=\"arrow-unsorted-368013\" xmlns=\"http:\/\/www.w3.org\/2000\/svg\" width=\"10px\" height=\"10px\" viewbox=\"0 0 24 24\" version=\"1.2\" baseprofile=\"tiny\"><path d=\"M18.2 9.3l-6.2-6.3-6.2 6.3c-.2.2-.3.4-.3.7s.1.5.3.7c.2.2.4.3.7.3h11c.3 0 .5-.1.7-.3.2-.2.3-.5.3-.7s-.1-.5-.3-.7zM5.8 14.7l6.2 6.3 6.2-6.3c.2-.2.3-.5.3-.7s-.1-.5-.3-.7c-.2-.2-.4-.3-.7-.3h-11c-.3 0-.5.1-.7.3-.2.2-.3.5-.3.7s.1.5.3.7z\"\/><\/svg><\/span><\/span><\/span><\/a><\/span><\/div>\n<nav><ul class='ez-toc-list ez-toc-list-level-1 eztoc-toggle-hide-by-default' ><li class='ez-toc-page-1 ez-toc-heading-level-2'><a class=\"ez-toc-link ez-toc-heading-1\" href=\"https:\/\/moverdb.com\/cs\/moving-companies\/moving-companies-us-missouri\/#1_Compass_Moving\" >1. Kompas Moving<\/a><\/li><li class='ez-toc-page-1 ez-toc-heading-level-2'><a class=\"ez-toc-link ez-toc-heading-2\" href=\"https:\/\/moverdb.com\/cs\/moving-companies\/moving-companies-us-missouri\/#2_Day_Transfer_Company\" >2. Spole\u010dnost Day Transfer<\/a><\/li><li class='ez-toc-page-1 ez-toc-heading-level-2'><a class=\"ez-toc-link ez-toc-heading-3\" href=\"https:\/\/moverdb.com\/cs\/moving-companies\/moving-companies-us-missouri\/#3_Mayflower\" >3. Mayflower<\/a><\/li><li class='ez-toc-page-1 ez-toc-heading-level-2'><a class=\"ez-toc-link ez-toc-heading-4\" href=\"https:\/\/moverdb.com\/cs\/moving-companies\/moving-companies-us-missouri\/#4_The_Cartwright_Co\" >4. The Cartwright Co<\/a><\/li><li class='ez-toc-page-1 ez-toc-heading-level-2'><a class=\"ez-toc-link ez-toc-heading-5\" href=\"https:\/\/moverdb.com\/cs\/moving-companies\/moving-companies-us-missouri\/#5_United_Van_Lines\" >5. United Van Lines<\/a><\/li><\/ul><\/nav><\/div>\n<h2><span class=\"ez-toc-section\" id=\"1_Compass_Moving\"><\/span><strong>1. Kompas Moving<\/strong><span class=\"ez-toc-section-end\"><\/span><\/h2>\n<p><img loading=\"lazy\" decoding=\"async\" class=\"alignnone size-full wp-image-11290\" src=\"https:\/\/moverdb.com\/wp-content\/uploads\/Compass-Moving-international-moving-company.png\" alt=\"Compass Moving mezin\u00e1rodn\u00ed st\u011bhov\u00e1n\u00ed spole\u010dnost\" width=\"1440\" height=\"676\" data-wp-pid=\"11290\" srcset=\"https:\/\/moverdb.com\/wp-content\/uploads\/Compass-Moving-international-moving-company.png 1440w, https:\/\/moverdb.com\/wp-content\/uploads\/Compass-Moving-international-moving-company-300x141.png 300w, https:\/\/moverdb.com\/wp-content\/uploads\/Compass-Moving-international-moving-company-1024x481.png 1024w, https:\/\/moverdb.com\/wp-content\/uploads\/Compass-Moving-international-moving-company-18x8.png 18w, https:\/\/moverdb.com\/wp-content\/uploads\/Compass-Moving-international-moving-company-600x282.png 600w\" sizes=\"auto, (max-width: 1440px) 100vw, 1440px\" \/><\/p>\n<ul>\n<li>St\u011bhov\u00e1n\u00ed na n\u00e1rodn\u00ed \u00farovni<\/li>\n<li>Mezin\u00e1rodn\u00ed p\u0159esuny<\/li>\n<li>St\u011bhov\u00e1n\u00ed do obytn\u00fdch prostor<\/li>\n<li>Vojensk\u00e9 p\u0159esuny<\/li>\n<li>Nab\u00eddka kompletn\u00edch slu\u017eeb<\/li>\n<li>Balic\u00ed slu\u017eba<\/li>\n<li>Pozemn\u00ed a n\u00e1mo\u0159n\u00ed doprava<\/li>\n<li><a href=\"https:\/\/moverdb.com\/cs\/top-49-container-ports\/\" data-internallinksmanager029f6b8e52c=\"80\" title=\"49 nejv\u011bt\u0161\u00edch a nejru\u0161n\u011bj\u0161\u00edch kontejnerov\u00fdch p\u0159\u00edstav\u016f v roce 2025\">P\u0159\u00edstav<\/a> slu\u017eby<\/li>\n<li><a href=\"https:\/\/moverdb.com\/cs\/car-transport-shipping\/\" data-internallinksmanager029f6b8e52c=\"2\" title=\"2026 Mezin\u00e1rodn\u00ed p\u0159eprava automobil\u016f &amp; P\u0159eprava vozidel Citace\">P\u0159eprava vozidel<\/a><\/li>\n<li>Poji\u0161t\u011bn\u00ed<\/li>\n<\/ul>\n<p>Compass Moving je st\u011bhovac\u00ed spole\u010dnost s kompletn\u00edmi slu\u017ebami, kter\u00e1 byla zalo\u017eena v roce 1982 a s\u00eddl\u00ed v Grandview. Je \u010dlenem IAM se 41 lety zku\u0161enost\u00ed, co\u017e j\u00ed umo\u017e\u0148uje p\u0159\u00edstup k mezin\u00e1rodn\u00ed s\u00edti st\u011bhovac\u00edch agent\u016f, se kter\u00fdmi m\u016f\u017ee spolupracovat.<\/p>\n<p>Compass Moving nab\u00edz\u00ed komplexn\u00ed <a href=\"https:\/\/moverdb.com\/cs\/quotes\/\" data-internallinksmanager029f6b8e52c=\"26\" title=\"Mezin\u00e1rodn\u00ed st\u011bhov\u00e1n\u00ed citace: 12 ot\u00e1zek, na kter\u00e9 se m\u016f\u017eete zeptat sv\u00e9ho st\u011bhov\u00e1ka\">st\u011bhov\u00e1n\u00ed citace<\/a> bez skryt\u00fdch poplatk\u016f. Poskytuj\u00ed profesion\u00e1ln\u00ed balic\u00ed slu\u017eby p\u0159\u00edmo v dom\u00e1cnosti, kde bezpe\u010dn\u011b zabal\u00ed va\u0161e v\u011bci pro p\u0159epravu do zape\u010det\u011bn\u00fdch kontejner\u016f. V p\u0159\u00edpad\u011b mezin\u00e1rodn\u00edho st\u011bhov\u00e1n\u00ed zajist\u00ed p\u0159epravu n\u00e1kladn\u00edm autem a n\u00e1mo\u0159n\u00ed p\u0159epravu. Vy\u0159\u00edd\u00ed v\u0161echny p\u0159\u00edstavn\u00ed procedury a ve\u0161ker\u00e9 n\u00e1klady jsou zahrnuty v cen\u011b, stejn\u011b jako z\u00e1kladn\u00ed poji\u0161t\u011bn\u00ed.<\/p>\n<p>Webov\u00e9 str\u00e1nky: <a href=\"http:\/\/www.compassmoving.com\" target=\"_blank\" rel=\"noopener\">http:\/\/www.compassmoving.com<\/a><\/p>\n<h2><span class=\"ez-toc-section\" id=\"2_Day_Transfer_Company\"><\/span><strong>2. Spole\u010dnost Day Transfer<\/strong><span class=\"ez-toc-section-end\"><\/span><\/h2>\n<p><img loading=\"lazy\" decoding=\"async\" class=\"alignnone size-full wp-image-11304\" src=\"https:\/\/moverdb.com\/wp-content\/uploads\/Day-Transfer-Moving-Storage-international-moving-company.png\" alt=\"Day Transfer Moving &amp; Storage mezin\u00e1rodn\u00ed st\u011bhov\u00e1n\u00ed spole\u010dnost\" width=\"1440\" height=\"677\" data-wp-pid=\"11304\" srcset=\"https:\/\/moverdb.com\/wp-content\/uploads\/Day-Transfer-Moving-Storage-international-moving-company.png 1440w, https:\/\/moverdb.com\/wp-content\/uploads\/Day-Transfer-Moving-Storage-international-moving-company-300x141.png 300w, https:\/\/moverdb.com\/wp-content\/uploads\/Day-Transfer-Moving-Storage-international-moving-company-1024x481.png 1024w, https:\/\/moverdb.com\/wp-content\/uploads\/Day-Transfer-Moving-Storage-international-moving-company-18x8.png 18w, https:\/\/moverdb.com\/wp-content\/uploads\/Day-Transfer-Moving-Storage-international-moving-company-600x282.png 600w\" sizes=\"auto, (max-width: 1440px) 100vw, 1440px\" \/><\/p>\n<ul>\n<li>M\u00edstn\u00ed p\u0159esuny<\/li>\n<li>St\u011bhov\u00e1n\u00ed na dlouh\u00e9 vzd\u00e1lenosti<\/li>\n<li>St\u011bhov\u00e1n\u00ed do obytn\u00fdch prostor<\/li>\n<li>St\u011bhov\u00e1n\u00ed kancel\u00e1\u0159\u00ed<\/li>\n<li>St\u011bhov\u00e1n\u00ed firem<\/li>\n<li>Poradce pro p\u0159em\u00edst\u011bn\u00ed<\/li>\n<li>Balic\u00ed slu\u017eby<\/li>\n<li>Dopravn\u00ed opat\u0159en\u00ed<\/li>\n<li>Poji\u0161t\u011bn\u00ed<\/li>\n<li>Dlouhodob\u00e9 a do\u010dasn\u00e9 skladov\u00e1n\u00ed<\/li>\n<\/ul>\n<p>Day Transfer Company je st\u011bhovac\u00ed spole\u010dnost s kompletn\u00edmi slu\u017ebami s pobo\u010dkami v Cape Girardeau, Clarksville, Fayetteville a Montgomery. Je mezist\u00e1tn\u00edm agentem spole\u010dnosti National Van Lines, co\u017e jim poskytuje s\u00ed\u0165 st\u011bhovac\u00edch spole\u010dnost\u00ed, se kter\u00fdmi mohou spolupracovat p\u0159i poskytov\u00e1n\u00ed sv\u00fdch slu\u017eeb. Jsou \u010dlenem IAM s 90 lety zku\u0161enost\u00ed.<\/p>\n<p>Spole\u010dnost Day Transfer Company nab\u00edz\u00ed komplexn\u00ed slu\u017eby v oblasti st\u011bhov\u00e1n\u00ed s poradcem pro st\u011bhov\u00e1n\u00ed, kter\u00fd v\u00e1m pom\u016f\u017ee, nebo nab\u00edz\u00ed samostatn\u00e9 balic\u00ed slu\u017eby. Nab\u00edzej\u00ed balic\u00ed slu\u017eby s profesion\u00e1ln\u011b vy\u0161kolenou balic\u00ed \u010detou, kter\u00e1 ochr\u00e1n\u00ed va\u0161e v\u011bci p\u0159ipraven\u00e9 k p\u0159eprav\u011b a zajist\u00ed poji\u0161t\u011bn\u00ed pro klid du\u0161e. Po p\u0159\u00edjezdu v\u00e1m tak\u00e9 vybal\u00ed v\u011bci.<\/p>\n<p>Webov\u00e9 str\u00e1nky: <a href=\"http:\/\/www.daytransferco.com\" target=\"_blank\" rel=\"noopener\">http:\/\/www.daytransferco.com<\/a><\/p>\n<h2><span class=\"ez-toc-section\" id=\"3_Mayflower\"><\/span><strong>3. Mayflower<\/strong><span class=\"ez-toc-section-end\"><\/span><\/h2>\n<p><img loading=\"lazy\" decoding=\"async\" class=\"alignnone size-full wp-image-11372\" src=\"https:\/\/moverdb.com\/wp-content\/uploads\/Mayflower-international-moving-company.png\" alt=\"Mayflower mezin\u00e1rodn\u00ed pohybuj\u00edc\u00ed se spole\u010dnost\" width=\"1440\" height=\"680\" data-wp-pid=\"11372\" srcset=\"https:\/\/moverdb.com\/wp-content\/uploads\/Mayflower-international-moving-company.png 1440w, https:\/\/moverdb.com\/wp-content\/uploads\/Mayflower-international-moving-company-300x142.png 300w, https:\/\/moverdb.com\/wp-content\/uploads\/Mayflower-international-moving-company-1024x484.png 1024w, https:\/\/moverdb.com\/wp-content\/uploads\/Mayflower-international-moving-company-18x9.png 18w, https:\/\/moverdb.com\/wp-content\/uploads\/Mayflower-international-moving-company-600x283.png 600w\" sizes=\"auto, (max-width: 1440px) 100vw, 1440px\" \/><\/p>\n<ul>\n<li>M\u00edstn\u00ed a vnitrost\u00e1tn\u00ed p\u0159esuny<\/li>\n<li>Mezin\u00e1rodn\u00ed p\u0159esuny<\/li>\n<li>St\u011bhov\u00e1n\u00ed dom\u00e1cnost\u00ed<\/li>\n<li>St\u011bhov\u00e1n\u00ed firem<\/li>\n<li>Koordin\u00e1tor osobn\u00edch p\u0159esun\u016f<\/li>\n<li>Balic\u00ed slu\u017eba<\/li>\n<li>Pozemn\u00ed, n\u00e1mo\u0159n\u00ed a leteck\u00e1 doprava<\/li>\n<li>Celn\u00ed odbaven\u00ed<\/li>\n<li>P\u0159eprava vozidel<\/li>\n<li>Kr\u00e1tkodob\u00e9 a dlouhodob\u00e9 skladov\u00e1n\u00ed<\/li>\n<\/ul>\n<p>Mayflower je st\u011bhovac\u00ed a p\u0159epravn\u00ed spole\u010dnost zalo\u017een\u00e1 v roce 1927 a je sou\u010d\u00e1st\u00ed skupiny UniGroup. M\u00e1 celost\u00e1tn\u00ed s\u00ed\u0165 agent\u016f, kte\u0159\u00ed j\u00ed pom\u00e1haj\u00ed poskytovat st\u011bhovac\u00ed slu\u017eby, a tak\u00e9 mezin\u00e1rodn\u00ed partnery, kte\u0159\u00ed poskytuj\u00ed slu\u017eby po cel\u00e9m sv\u011bt\u011b ve v\u00edce ne\u017e 150 zem\u00edch. Je \u010dlenem IAM s 37 lety zku\u0161enost\u00ed.<\/p>\n<p>Osobn\u00ed koordin\u00e1tor st\u011bhov\u00e1n\u00ed spole\u010dnosti Mayflower v\u00e1m pom\u016f\u017ee napl\u00e1novat st\u011bhov\u00e1n\u00ed a pom\u016f\u017ee v\u00e1m p\u0159i rozhodov\u00e1n\u00ed o st\u011bhov\u00e1n\u00ed na m\u00edru v pl\u00e1nu st\u011bhov\u00e1n\u00ed. Nab\u00edz\u00ed kompletn\u00ed balic\u00ed slu\u017eby, kter\u00e9 ochr\u00e1n\u00ed va\u0161e v\u011bci a zjednodu\u0161\u00ed celn\u00ed odbaven\u00ed. Pokud si bal\u00edte sami, provedou kontrolu, aby se ujistili, \u017ee sou\u010d\u00e1st\u00ed balen\u00ed nejsou \u017e\u00e1dn\u00e9 zak\u00e1zan\u00e9 p\u0159edm\u011bty.<\/p>\n<p>Webov\u00e9 str\u00e1nky: <a href=\"https:\/\/www.mayflower.com\/\" target=\"_blank\" rel=\"noopener\">https:\/\/www.mayflower.com\/<\/a><\/p>\n<h2><span class=\"ez-toc-section\" id=\"4_The_Cartwright_Co\"><\/span><strong>4. The Cartwright Co<\/strong><span class=\"ez-toc-section-end\"><\/span><\/h2>\n<p><img loading=\"lazy\" decoding=\"async\" class=\"alignnone size-full wp-image-11454\" src=\"https:\/\/moverdb.com\/wp-content\/uploads\/The-Cartwright-Co-international-moving-company.png\" alt=\"The Cartwright Co mezin\u00e1rodn\u00ed st\u011bhov\u00e1n\u00ed spole\u010dnost\" width=\"1440\" height=\"679\" data-wp-pid=\"11454\" srcset=\"https:\/\/moverdb.com\/wp-content\/uploads\/The-Cartwright-Co-international-moving-company.png 1440w, https:\/\/moverdb.com\/wp-content\/uploads\/The-Cartwright-Co-international-moving-company-300x141.png 300w, https:\/\/moverdb.com\/wp-content\/uploads\/The-Cartwright-Co-international-moving-company-1024x483.png 1024w, https:\/\/moverdb.com\/wp-content\/uploads\/The-Cartwright-Co-international-moving-company-18x8.png 18w, https:\/\/moverdb.com\/wp-content\/uploads\/The-Cartwright-Co-international-moving-company-600x283.png 600w\" sizes=\"auto, (max-width: 1440px) 100vw, 1440px\" \/><\/p>\n<ul>\n<li>St\u011bhov\u00e1n\u00ed na n\u00e1rodn\u00ed \u00farovni<\/li>\n<li>Mezin\u00e1rodn\u00ed p\u0159esuny<\/li>\n<li>St\u011bhov\u00e1n\u00ed dom\u00e1cnost\u00ed<\/li>\n<li>Obchodn\u00ed kroky<\/li>\n<li>St\u011bhov\u00e1n\u00ed firem<\/li>\n<li>Koncov\u00e9 pohyby<\/li>\n<li>\u0158\u00edzen\u00ed p\u0159esun\u016f<\/li>\n<li>St\u011bhov\u00e1n\u00ed dom\u00e1c\u00edch mazl\u00ed\u010dk\u016f<\/li>\n<li>P\u0159eprava vozidel<\/li>\n<li>Destina\u010dn\u00ed slu\u017eby<\/li>\n<\/ul>\n<p>Spole\u010dnost Cartwright Co je glob\u00e1ln\u00ed spole\u010dnost zab\u00fdvaj\u00edc\u00ed se mobilitou, st\u011bhov\u00e1n\u00edm a p\u0159emis\u0165ov\u00e1n\u00edm, kter\u00e1 vznikla v roce 1934 a s\u00eddl\u00ed v Grandview. Mezi jej\u00ed spole\u010dnosti pat\u0159\u00ed AmWorld Transport, Cox Moving, Foremost Forwarders a Domestic Military Services. Jsou \u010dlenem IAM s 55 lety zku\u0161enost\u00ed.<\/p>\n<p>Spole\u010dnost Cartwright Co obsluhuje 187 zem\u00ed a specializuje se na slu\u017eby pro podniky a vl\u00e1dy v\u010detn\u011b vojensk\u00e9ho person\u00e1lu, ale zaji\u0161\u0165uje tak\u00e9 st\u011bhov\u00e1n\u00ed soukrom\u00fdch dom\u00e1cnost\u00ed. Nab\u00edz\u00ed flexibiln\u00ed \u0159e\u0161en\u00ed st\u011bhov\u00e1n\u00ed p\u0159izp\u016fsoben\u00e1 va\u0161im pot\u0159eb\u00e1m, kter\u00e1 mohou zahrnovat balic\u00ed, p\u0159epravn\u00ed a c\u00edlov\u00e9 slu\u017eby. Mezi jejich dal\u0161\u00ed slu\u017eby pat\u0159\u00ed st\u011bhov\u00e1n\u00ed dom\u00e1c\u00edch mazl\u00ed\u010dk\u016f, p\u0159eprava vozidel, do\u010dasn\u00e9 ubytov\u00e1n\u00ed, vyhled\u00e1v\u00e1n\u00ed \u0161kol a slu\u017eby concierge.<\/p>\n<p>Webov\u00e9 str\u00e1nky: <a href=\"https:\/\/cartwrightcompanies.com\" target=\"_blank\" rel=\"noopener\">https:\/\/cartwrightcompanies.com<\/a><\/p>\n<h2><span class=\"ez-toc-section\" id=\"5_United_Van_Lines\"><\/span><strong>5. United Van Lines<\/strong><span class=\"ez-toc-section-end\"><\/span><\/h2>\n<p><img loading=\"lazy\" decoding=\"async\" class=\"alignnone size-full wp-image-11468\" src=\"https:\/\/moverdb.com\/wp-content\/uploads\/United-Van-Lines-US-international-moving-company.png\" alt=\"United Van Lines USA mezin\u00e1rodn\u00ed st\u011bhov\u00e1n\u00ed spole\u010dnost\" width=\"1440\" height=\"678\" data-wp-pid=\"11468\" srcset=\"https:\/\/moverdb.com\/wp-content\/uploads\/United-Van-Lines-US-international-moving-company.png 1440w, https:\/\/moverdb.com\/wp-content\/uploads\/United-Van-Lines-US-international-moving-company-300x141.png 300w, https:\/\/moverdb.com\/wp-content\/uploads\/United-Van-Lines-US-international-moving-company-1024x482.png 1024w, https:\/\/moverdb.com\/wp-content\/uploads\/United-Van-Lines-US-international-moving-company-18x8.png 18w, https:\/\/moverdb.com\/wp-content\/uploads\/United-Van-Lines-US-international-moving-company-600x283.png 600w\" sizes=\"auto, (max-width: 1440px) 100vw, 1440px\" \/><\/p>\n<ul>\n<li>M\u00edstn\u00ed a d\u00e1lkov\u00e9 p\u0159esuny<\/li>\n<li>Mezin\u00e1rodn\u00ed p\u0159esuny<\/li>\n<li>St\u011bhov\u00e1n\u00ed do obytn\u00fdch prostor<\/li>\n<li>St\u011bhov\u00e1n\u00ed firem<\/li>\n<li>Individu\u00e1ln\u00ed slu\u017eby<\/li>\n<li>Koordin\u00e1tor osobn\u00edch p\u0159esun\u016f<\/li>\n<li>Balic\u00ed slu\u017eba<\/li>\n<li>P\u0159eprava automobil\u016f<\/li>\n<li>Poji\u0161t\u011bn\u00ed<\/li>\n<li>Kr\u00e1tkodob\u00e9 a dlouhodob\u00e9 skladov\u00e1n\u00ed<\/li>\n<\/ul>\n<p>United Van Lines je skupina st\u011bhovac\u00edch spole\u010dnost\u00ed, kter\u00e1 nab\u00edz\u00ed slu\u017eby na m\u00edru a s\u00eddl\u00ed ve Fentonu. Jejich \u0161irok\u00e1 s\u00ed\u0165 st\u011bhovac\u00edch agent\u016f jim umo\u017e\u0148uje poskytovat sv\u00e9 slu\u017eby na n\u00e1rodn\u00ed i mezin\u00e1rodn\u00ed \u00farovni. Jsou \u010dlenem IAM s 81 lety zku\u0161enost\u00ed a jsou akreditov\u00e1ni FIDI.<\/p>\n<p>Spole\u010dnost United Van Lines poskytuje komplexn\u00ed slu\u017eby v oblasti st\u011bhov\u00e1n\u00ed, kter\u00e9 zahrnuj\u00ed osobn\u00edho koordin\u00e1tora st\u011bhov\u00e1n\u00ed s plnohodnotnou ochranou va\u0161ich v\u011bc\u00ed. Nab\u00edz\u00ed tak\u00e9 individu\u00e1ln\u00ed p\u0159\u00edstup, kter\u00fd v\u00e1m umo\u017en\u00ed vybrat si, s jak\u00fdmi st\u011bhovac\u00edmi slu\u017ebami v\u00e1m pom\u016f\u017ee.  Nab\u00edzej\u00ed p\u0159izp\u016fsobiteln\u00e9 balic\u00ed slu\u017eby, kter\u00e9 v\u00e1m pomohou s ochranou va\u0161ich v\u011bc\u00ed, a mohou v\u00e1m pomoci s vybalen\u00edm po p\u0159\u00edjezdu.<\/p>\n<p>Webov\u00e9 str\u00e1nky: <a href=\"https:\/\/www.unitedvanlines.com\" target=\"_blank\" rel=\"noopener\">https:\/\/www.unitedvanlines.com<\/a><\/p>","protected":false},"excerpt":{"rendered":"<p>When you are planning your move will you do everything yourself or will you get some help from a moving company? They can help with packing, transportation and documentation to reduce the pressure on you. Below we have compiled a list of Missouri based removal companies that are members of the International Association of Movers [&hellip;]<\/p>\n","protected":false},"author":4,"featured_media":11290,"parent":190,"menu_order":0,"comment_status":"closed","ping_status":"closed","template":"","meta":{"_genesis_hide_title":false,"_genesis_hide_breadcrumbs":false,"_genesis_hide_singular_image":false,"_genesis_hide_footer_widgets":false,"_genesis_custom_body_class":"","_genesis_custom_post_class":"","_genesis_layout":"","footnotes":""},"class_list":{"0":"post-11619","1":"page","2":"type-page","3":"status-publish","4":"has-post-thumbnail","6":"entry"},"_links":{"self":[{"href":"https:\/\/moverdb.com\/cs\/wp-json\/wp\/v2\/pages\/11619","targetHints":{"allow":["GET"]}}],"collection":[{"href":"https:\/\/moverdb.com\/cs\/wp-json\/wp\/v2\/pages"}],"about":[{"href":"https:\/\/moverdb.com\/cs\/wp-json\/wp\/v2\/types\/page"}],"author":[{"embeddable":true,"href":"https:\/\/moverdb.com\/cs\/wp-json\/wp\/v2\/users\/4"}],"replies":[{"embeddable":true,"href":"https:\/\/moverdb.com\/cs\/wp-json\/wp\/v2\/comments?post=11619"}],"version-history":[{"count":2,"href":"https:\/\/moverdb.com\/cs\/wp-json\/wp\/v2\/pages\/11619\/revisions"}],"predecessor-version":[{"id":11621,"href":"https:\/\/moverdb.com\/cs\/wp-json\/wp\/v2\/pages\/11619\/revisions\/11621"}],"up":[{"embeddable":true,"href":"https:\/\/moverdb.com\/cs\/wp-json\/wp\/v2\/pages\/190"}],"wp:featuredmedia":[{"embeddable":true,"href":"https:\/\/moverdb.com\/cs\/wp-json\/wp\/v2\/media\/11290"}],"wp:attachment":[{"href":"https:\/\/moverdb.com\/cs\/wp-json\/wp\/v2\/media?parent=11619"}],"curies":[{"name":"wp","href":"https:\/\/api.w.org\/{rel}","templated":true}]}}