{"id":11617,"date":"2023-11-29T10:32:37","date_gmt":"2023-11-29T10:32:37","guid":{"rendered":"https:\/\/moverdb.com\/?page_id=11617"},"modified":"2026-01-08T15:24:23","modified_gmt":"2026-01-08T15:24:23","slug":"moving-companies-us-minnesota","status":"publish","type":"page","link":"https:\/\/moverdb.com\/cs\/moving-companies\/moving-companies-us-minnesota\/","title":{"rendered":"3 Nejlep\u0161\u00ed mezin\u00e1rodn\u00ed st\u011bhovac\u00ed spole\u010dnosti v Minnesot\u011b"},"content":{"rendered":"<p>St\u011bhov\u00e1n\u00ed m\u016f\u017ee b\u00fdt velk\u00fd ot\u0159es a je t\u0159eba toho hodn\u011b za\u0159\u00eddit, tak pro\u010d se nezbavit \u010d\u00e1sti tlaku t\u00edm, \u017ee si nech\u00e1te poradit od <a href=\"https:\/\/moverdb.com\/cs\/moving-companies\/\" data-internallinksmanager029f6b8e52c=\"79\" title=\"Top 25 Mezin\u00e1rodn\u00ed st\u011bhovac\u00ed spole\u010dnosti Online\">st\u011bhovac\u00ed spole\u010dnost<\/a> nakl\u00e1dat s va\u0161imi v\u011bcmi? Mohou zorganizovat logistiku st\u011bhov\u00e1n\u00ed, zabalit v\u011bci a v p\u0159\u00edpad\u011b pot\u0159eby vy\u0159\u00eddit celn\u00ed z\u00e1le\u017eitosti. N\u00ed\u017ee jsme sestavili seznam <a href=\"https:\/\/moverdb.com\/cs\/moving-to-the-united-states\/moving-to-minnesota\/\" data-internallinksmanager029f6b8e52c=\"443\" title=\"St\u011bhov\u00e1n\u00ed do Minnesoty? 2026 N\u00e1klady na bydlen\u00ed a tipy na p\u0159est\u011bhov\u00e1n\u00ed\">Minnesota<\/a> na adrese <a href=\"https:\/\/moverdb.com\/cs\/international-removals\/\" data-internallinksmanager029f6b8e52c=\"27\" title=\"36 nejlep\u0161\u00edch mezin\u00e1rodn\u00edch st\u011bhovac\u00edch spole\u010dnost\u00ed ve Velk\u00e9 Brit\u00e1nii\">st\u011bhovac\u00ed firmy<\/a> kter\u00e9 jsou \u010dleny <a href=\"https:\/\/moverdb.com\/cs\/iam\/\" data-internallinksmanager029f6b8e52c=\"23\" title=\"Vysv\u011btlen\u00ed Mezin\u00e1rodn\u00ed asociace st\u011bhov\u00e1k\u016f (IAM)\">Mezin\u00e1rodn\u00ed asociace st\u011bhov\u00e1k\u016f<\/a> (IAM) a\/nebo <a href=\"https:\/\/moverdb.com\/cs\/fidi-faim\/\" data-internallinksmanager029f6b8e52c=\"16\" title=\"Vysv\u011btlen\u00ed FIDI a FAIM (FIDI Accredited International Mover)\">FIDI<\/a> Akreditovan\u00e9 mezin\u00e1rodn\u00ed st\u011bhov\u00e1n\u00ed (FAIM), kter\u00e9 by v\u00e1m mohlo pomoci se st\u011bhov\u00e1n\u00edm.<\/p>\n<h2><strong>1. St\u011bhovac\u00ed slu\u017eby Action<\/strong><\/h2>\n<p><img loading=\"lazy\" decoding=\"async\" class=\"alignnone size-full wp-image-11242\" src=\"https:\/\/moverdb.com\/wp-content\/uploads\/Action-Moving-Services-international-moving-company.png\" alt=\"Action Moving Services mezin\u00e1rodn\u00ed st\u011bhov\u00e1n\u00ed spole\u010dnost\" width=\"1440\" height=\"678\" data-wp-pid=\"11242\" srcset=\"https:\/\/moverdb.com\/wp-content\/uploads\/Action-Moving-Services-international-moving-company.png 1440w, https:\/\/moverdb.com\/wp-content\/uploads\/Action-Moving-Services-international-moving-company-300x141.png 300w, https:\/\/moverdb.com\/wp-content\/uploads\/Action-Moving-Services-international-moving-company-1024x482.png 1024w, https:\/\/moverdb.com\/wp-content\/uploads\/Action-Moving-Services-international-moving-company-18x8.png 18w, https:\/\/moverdb.com\/wp-content\/uploads\/Action-Moving-Services-international-moving-company-600x283.png 600w\" sizes=\"auto, (max-width: 1440px) 100vw, 1440px\" \/><\/p>\n<ul>\n<li>M\u00edstn\u00ed a d\u00e1lkov\u00e9 p\u0159esuny<\/li>\n<li>Mezin\u00e1rodn\u00ed p\u0159esuny<\/li>\n<li>St\u011bhov\u00e1n\u00ed dom\u00e1cnost\u00ed<\/li>\n<li>St\u011bhov\u00e1n\u00ed kancel\u00e1\u0159\u00ed a pr\u016fmyslov\u00fdch podnik\u016f<\/li>\n<li>St\u011bhov\u00e1n\u00ed firem<\/li>\n<li>Komplexn\u00ed \u0159e\u0161en\u00ed<\/li>\n<li>Balic\u00ed slu\u017eba<\/li>\n<li>Celn\u00ed podpora<\/li>\n<li>Manipulace s um\u011bleck\u00fdmi d\u00edly<\/li>\n<li>Skladovac\u00ed slu\u017eby<\/li>\n<\/ul>\n<p>Action Moving Services je m\u00edstn\u00ed a mezin\u00e1rodn\u00ed st\u011bhovac\u00ed spole\u010dnost se s\u00eddlem v South Burnsville. Je mezist\u00e1tn\u00edm agentem spole\u010dnosti Atlas Van Lines, kter\u00e1 jim poskytuje n\u00e1rodn\u00ed a mezin\u00e1rodn\u00ed s\u00ed\u0165 st\u011bhovac\u00edch agent\u016f, s nimi\u017e mohou spolupracovat. Jsou \u010dlenem IAM a maj\u00ed 42 let zku\u0161enost\u00ed.<\/p>\n<p>St\u011bhovac\u00ed slu\u017eby Action Moving Services nab\u00edzej\u00ed komplexn\u00ed st\u011bhovac\u00ed slu\u017eby, kter\u00e9 se postaraj\u00ed o v\u0161echny aspekty va\u0161eho st\u011bhov\u00e1n\u00ed. Jejich slu\u017eby zahrnuj\u00ed bezpe\u010dn\u00e9 zabalen\u00ed va\u0161ich v\u011bc\u00ed pro p\u0159epravu a jejich vybalen\u00ed po p\u0159\u00edjezdu na m\u00edsto ur\u010den\u00ed. Zajist\u00ed p\u0159epravu va\u0161ich v\u011bc\u00ed a poskytne podporu p\u0159i celn\u00edm \u0159\u00edzen\u00ed.<\/p>\n<p>Webov\u00e9 str\u00e1nky: <a href=\"http:\/\/actionmoving.com\/\" target=\"_blank\" rel=\"noopener\">http:\/\/actionmoving.com\/<\/a><\/p>\n<h2><strong>2. Beltmann Moving &amp; Storage<\/strong><\/h2>\n<p><img loading=\"lazy\" decoding=\"async\" class=\"alignnone size-full wp-image-11269\" src=\"https:\/\/moverdb.com\/wp-content\/uploads\/Beltmann-Relocation-Group-international-moving-company.png\" alt=\"Beltmann Relocation Group mezin\u00e1rodn\u00ed st\u011bhovac\u00ed spole\u010dnost\" width=\"1440\" height=\"682\" data-wp-pid=\"11269\" srcset=\"https:\/\/moverdb.com\/wp-content\/uploads\/Beltmann-Relocation-Group-international-moving-company.png 1440w, https:\/\/moverdb.com\/wp-content\/uploads\/Beltmann-Relocation-Group-international-moving-company-300x142.png 300w, https:\/\/moverdb.com\/wp-content\/uploads\/Beltmann-Relocation-Group-international-moving-company-1024x485.png 1024w, https:\/\/moverdb.com\/wp-content\/uploads\/Beltmann-Relocation-Group-international-moving-company-18x9.png 18w, https:\/\/moverdb.com\/wp-content\/uploads\/Beltmann-Relocation-Group-international-moving-company-600x284.png 600w\" sizes=\"auto, (max-width: 1440px) 100vw, 1440px\" \/><\/p>\n<ul>\n<li>M\u00edstn\u00ed a vnitrost\u00e1tn\u00ed p\u0159esuny<\/li>\n<li>Mezin\u00e1rodn\u00ed p\u0159esuny<\/li>\n<li>St\u011bhov\u00e1n\u00ed do obytn\u00fdch prostor<\/li>\n<li>St\u011bhov\u00e1n\u00ed kancel\u00e1\u0159\u00ed<\/li>\n<li>St\u011bhov\u00e1n\u00ed firem<\/li>\n<li>Koordin\u00e1tor p\u0159esunu<\/li>\n<li>Balic\u00ed slu\u017eba<\/li>\n<li>Zaji\u0161t\u011bn\u00ed dopravy<\/li>\n<li>Celn\u00ed odbaven\u00ed<\/li>\n<li>Bezpe\u010dn\u00e9 kr\u00e1tkodob\u00e9 a dlouhodob\u00e9 skladov\u00e1n\u00ed<\/li>\n<\/ul>\n<p>Beltmann Moving &amp; Storage je st\u011bhovac\u00ed spole\u010dnost p\u016fsob\u00edc\u00ed od roku 1923 s 11 pobo\u010dkami po cel\u00e9m sv\u011bt\u011b. <a href=\"https:\/\/moverdb.com\/cs\/moving-to-the-united-states\/\" data-internallinksmanager029f6b8e52c=\"94\" title=\"St\u011bhujete se do Spojen\u00fdch st\u00e1t\u016f? 2022 \u017divotn\u00ed n\u00e1klady a tipy na st\u011bhov\u00e1n\u00ed\">US<\/a> v\u010detn\u011b Roseville. Jsou agentem spole\u010dnosti North American Van Lines, co\u017e jim umo\u017e\u0148uje p\u0159\u00edstup k celosv\u011btov\u00e9 s\u00edti st\u011bhovac\u00edch a skladovac\u00edch spole\u010dnost\u00ed. Jsou \u010dlenem IAM s 25 lety zku\u0161enost\u00ed.<\/p>\n<p>Spole\u010dnost Beltmann Moving &amp; Storage v\u00e1m pom\u016f\u017ee zefektivnit st\u011bhov\u00e1n\u00ed po\u010d\u00ednaje napl\u00e1nov\u00e1n\u00edm bezplatn\u00e9ho odhadu st\u011bhov\u00e1n\u00ed. Poskytnou v\u00e1m podporu koordin\u00e1tora st\u011bhov\u00e1n\u00ed a p\u0159izp\u016fsob\u00ed sv\u00e9 slu\u017eby va\u0161im pot\u0159eb\u00e1m. Poskytuj\u00ed balic\u00ed slu\u017eby, kter\u00e9 zahrnuj\u00ed demont\u00e1\u017e a mont\u00e1\u017e n\u00e1bytku a vybalen\u00ed po p\u0159\u00edjezdu.<\/p>\n<p>Webov\u00e9 str\u00e1nky: <a href=\"http:\/\/www.beltmann.com\" target=\"_blank\" rel=\"noopener\">http:\/\/www.beltmann.com<\/a><\/p>\n<h2><strong>3. Berger Moving &amp; Storage<\/strong><\/h2>\n<p><img loading=\"lazy\" decoding=\"async\" class=\"alignnone size-full wp-image-11270\" src=\"https:\/\/moverdb.com\/wp-content\/uploads\/Berger-Moving-Storage-international-moving-company.png\" alt=\"Berger Moving &amp; Storage mezin\u00e1rodn\u00ed st\u011bhov\u00e1n\u00ed spole\u010dnost\" width=\"1440\" height=\"677\" data-wp-pid=\"11270\" srcset=\"https:\/\/moverdb.com\/wp-content\/uploads\/Berger-Moving-Storage-international-moving-company.png 1440w, https:\/\/moverdb.com\/wp-content\/uploads\/Berger-Moving-Storage-international-moving-company-300x141.png 300w, https:\/\/moverdb.com\/wp-content\/uploads\/Berger-Moving-Storage-international-moving-company-1024x481.png 1024w, https:\/\/moverdb.com\/wp-content\/uploads\/Berger-Moving-Storage-international-moving-company-18x8.png 18w, https:\/\/moverdb.com\/wp-content\/uploads\/Berger-Moving-Storage-international-moving-company-600x282.png 600w\" sizes=\"auto, (max-width: 1440px) 100vw, 1440px\" \/><\/p>\n<ul>\n<li>M\u00edstn\u00ed a d\u00e1lkov\u00e9 p\u0159esuny<\/li>\n<li>Mezin\u00e1rodn\u00ed p\u0159esuny<\/li>\n<li>St\u011bhov\u00e1n\u00ed dom\u00e1cnost\u00ed<\/li>\n<li>Komer\u010dn\u00ed p\u0159esuny<\/li>\n<li>Koordin\u00e1tor p\u0159esunu<\/li>\n<li>Balic\u00ed slu\u017eba<\/li>\n<li>Soupis polo\u017eek<\/li>\n<li>Zaji\u0161t\u011bn\u00ed dopravy<\/li>\n<li>Celn\u00ed odbaven\u00ed<\/li>\n<li>Kr\u00e1tkodob\u00e9 skladov\u00e1n\u00ed<\/li>\n<\/ul>\n<p>Berger Moving &amp; Storage je p\u0159epravn\u00ed spole\u010dnost zalo\u017een\u00e1 v roce 1910 se s\u00eddlem v Saint Paul a s\u00edt\u00ed 16 pobo\u010dek po cel\u00e9 zemi. Je z\u00e1stupcem spole\u010dnosti Allied Van Lines, co\u017e je mezin\u00e1rodn\u00ed s\u00ed\u0165 st\u011bhovac\u00edch agentur. Je \u010dlenem IAM se 113 lety zku\u0161enost\u00ed.<\/p>\n<p>Spole\u010dnost Berger Moving &amp; Storage nab\u00edz\u00ed bezplatn\u00fd odhad st\u011bhov\u00e1n\u00ed p\u0159\u00edmo u v\u00e1s doma nebo virtu\u00e1ln\u011b s mezin\u00e1rodn\u00edm st\u011bhovac\u00edm poradcem. Koordin\u00e1tor st\u011bhov\u00e1n\u00ed v\u00e1m pom\u016f\u017ee prov\u00e9st v\u00e1s cel\u00fdm procesem a zjistit, jak\u00e9 dokumenty jsou pot\u0159eba. Jejich balic\u00ed slu\u017eba pou\u017e\u00edv\u00e1 mezin\u00e1rodn\u00ed balic\u00ed metody a materi\u00e1ly k ochran\u011b va\u0161ich v\u011bc\u00ed a vytvo\u0159\u00ed jejich soupis.<\/p>\n<p>Webov\u00e9 str\u00e1nky: <a href=\"https:\/\/www.bergerallied.com\" target=\"_blank\" rel=\"noopener\">https:\/\/www.bergerallied.com<\/a><\/p>","protected":false},"excerpt":{"rendered":"<p>Moving can be a big upheaval and there is a lot to arrange, so why not take some of the pressure off by letting a moving company handle your belongings? They can organise the logistics of your move as well as packing and deal with customs if needed. Below we have compiled a list of [&hellip;]<\/p>\n","protected":false},"author":4,"featured_media":11242,"parent":190,"menu_order":0,"comment_status":"closed","ping_status":"closed","template":"","meta":{"_genesis_hide_title":false,"_genesis_hide_breadcrumbs":false,"_genesis_hide_singular_image":false,"_genesis_hide_footer_widgets":false,"_genesis_custom_body_class":"","_genesis_custom_post_class":"","_genesis_layout":"","footnotes":""},"class_list":{"0":"post-11617","1":"page","2":"type-page","3":"status-publish","4":"has-post-thumbnail","6":"entry"},"_links":{"self":[{"href":"https:\/\/moverdb.com\/cs\/wp-json\/wp\/v2\/pages\/11617","targetHints":{"allow":["GET"]}}],"collection":[{"href":"https:\/\/moverdb.com\/cs\/wp-json\/wp\/v2\/pages"}],"about":[{"href":"https:\/\/moverdb.com\/cs\/wp-json\/wp\/v2\/types\/page"}],"author":[{"embeddable":true,"href":"https:\/\/moverdb.com\/cs\/wp-json\/wp\/v2\/users\/4"}],"replies":[{"embeddable":true,"href":"https:\/\/moverdb.com\/cs\/wp-json\/wp\/v2\/comments?post=11617"}],"version-history":[{"count":1,"href":"https:\/\/moverdb.com\/cs\/wp-json\/wp\/v2\/pages\/11617\/revisions"}],"predecessor-version":[{"id":11618,"href":"https:\/\/moverdb.com\/cs\/wp-json\/wp\/v2\/pages\/11617\/revisions\/11618"}],"up":[{"embeddable":true,"href":"https:\/\/moverdb.com\/cs\/wp-json\/wp\/v2\/pages\/190"}],"wp:featuredmedia":[{"embeddable":true,"href":"https:\/\/moverdb.com\/cs\/wp-json\/wp\/v2\/media\/11242"}],"wp:attachment":[{"href":"https:\/\/moverdb.com\/cs\/wp-json\/wp\/v2\/media?parent=11617"}],"curies":[{"name":"wp","href":"https:\/\/api.w.org\/{rel}","templated":true}]}}