{"id":11602,"date":"2023-11-29T10:33:42","date_gmt":"2023-11-29T10:33:42","guid":{"rendered":"https:\/\/moverdb.com\/?page_id=11602"},"modified":"2026-01-08T15:24:17","modified_gmt":"2026-01-08T15:24:17","slug":"moving-companies-us-jacksonville","status":"publish","type":"page","link":"https:\/\/moverdb.com\/cs\/moving-companies\/moving-companies-us-jacksonville\/","title":{"rendered":"3 Nejlep\u0161\u00ed mezin\u00e1rodn\u00ed st\u011bhovac\u00ed spole\u010dnosti v Jacksonville"},"content":{"rendered":"<p>Pokud pl\u00e1nujete m\u00edstn\u00ed, vnitrost\u00e1tn\u00ed nebo mezin\u00e1rodn\u00ed st\u011bhov\u00e1n\u00ed do nebo z Jacksonville, mo\u017en\u00e1 budete pot\u0159ebovat pomoc. <a href=\"https:\/\/moverdb.com\/cs\/moving-companies\/\" data-internallinksmanager029f6b8e52c=\"79\" title=\"Top 25 Mezin\u00e1rodn\u00ed st\u011bhovac\u00ed spole\u010dnosti Online\">St\u011bhovac\u00ed spole\u010dnosti<\/a> nab\u00edzej\u00ed r\u016fznorodou pomoc v\u010detn\u011b pl\u00e1nov\u00e1n\u00ed, balen\u00ed, p\u0159epravy, celn\u00edho odbaven\u00ed a vybalov\u00e1n\u00ed. N\u00ed\u017ee jsme pro v\u00e1s p\u0159ipravili seznam firem z Jacksonville. <a href=\"https:\/\/moverdb.com\/cs\/international-removals\/\" data-internallinksmanager029f6b8e52c=\"27\" title=\"36 nejlep\u0161\u00edch mezin\u00e1rodn\u00edch st\u011bhovac\u00edch spole\u010dnost\u00ed ve Velk\u00e9 Brit\u00e1nii\">st\u011bhovac\u00ed firmy<\/a> kter\u00e9 jsou \u010dleny <a href=\"https:\/\/moverdb.com\/cs\/iam\/\" data-internallinksmanager029f6b8e52c=\"23\" title=\"Vysv\u011btlen\u00ed Mezin\u00e1rodn\u00ed asociace st\u011bhov\u00e1k\u016f (IAM)\">Mezin\u00e1rodn\u00ed asociace st\u011bhov\u00e1k\u016f<\/a> (IAM) a\/nebo <a href=\"https:\/\/moverdb.com\/cs\/fidi-faim\/\" data-internallinksmanager029f6b8e52c=\"16\" title=\"Vysv\u011btlen\u00ed FIDI a FAIM (FIDI Accredited International Mover)\">FIDI<\/a> Akreditovan\u00e9 mezin\u00e1rodn\u00ed st\u011bhov\u00e1n\u00ed (FAIM), kter\u00e9 by v\u00e1m mohlo pomoci se st\u011bhov\u00e1n\u00edm.<\/p>\n<h2><strong>1. Conser Moving &amp; Storage<\/strong><\/h2>\n<p><img loading=\"lazy\" decoding=\"async\" class=\"alignnone size-full wp-image-11292\" src=\"https:\/\/moverdb.com\/wp-content\/uploads\/Conser-Moving-Storage-international-moving-company.png\" alt=\"Conser Moving &amp; Storage mezin\u00e1rodn\u00ed st\u011bhov\u00e1n\u00ed spole\u010dnost\" width=\"1440\" height=\"681\" data-wp-pid=\"11292\" srcset=\"https:\/\/moverdb.com\/wp-content\/uploads\/Conser-Moving-Storage-international-moving-company.png 1440w, https:\/\/moverdb.com\/wp-content\/uploads\/Conser-Moving-Storage-international-moving-company-300x142.png 300w, https:\/\/moverdb.com\/wp-content\/uploads\/Conser-Moving-Storage-international-moving-company-1024x484.png 1024w, https:\/\/moverdb.com\/wp-content\/uploads\/Conser-Moving-Storage-international-moving-company-18x9.png 18w, https:\/\/moverdb.com\/wp-content\/uploads\/Conser-Moving-Storage-international-moving-company-600x284.png 600w\" sizes=\"auto, (max-width: 1440px) 100vw, 1440px\" \/><\/p>\n<ul>\n<li>M\u00edstn\u00ed p\u0159esuny<\/li>\n<li>St\u011bhov\u00e1n\u00ed na dlouh\u00e9 vzd\u00e1lenosti<\/li>\n<li>St\u011bhov\u00e1n\u00ed do obytn\u00fdch prostor<\/li>\n<li>St\u011bhov\u00e1n\u00ed kancel\u00e1\u0159\u00ed<\/li>\n<li>Slu\u017eby na m\u00edru<\/li>\n<li>V\u00fdb\u011br mo\u017enost\u00ed st\u011bhov\u00e1n\u00ed<\/li>\n<li>\u0158\u00edzen\u00ed p\u0159esun\u016f<\/li>\n<li>Uspo\u0159\u00e1d\u00e1n\u00ed dopravy<\/li>\n<li>Ochrana proti pohybu<\/li>\n<li>Skladovac\u00ed prostory<\/li>\n<\/ul>\n<p>Conser Moving &amp; Storage je st\u011bhovac\u00ed a st\u011bhovac\u00ed spole\u010dnost, kter\u00e1 se specializuje na dom\u00e1c\u00ed a vojensk\u00e9 p\u0159esuny a s\u00eddl\u00ed v Jacksonville. Je z\u00e1stupcem spole\u010dnosti Mayflower Transit, kter\u00e1 poskytuje st\u011bhovac\u00ed slu\u017eby ji\u017e v\u00edce ne\u017e 90 let. Jsou \u010dlenem IAM s 11 lety zku\u0161enost\u00ed.<\/p>\n<p>Spole\u010dnost Conser Moving &amp; Storage v\u00e1m poskytne ve\u0161kerou pot\u0159ebnou podporu p\u0159i st\u011bhov\u00e1n\u00ed a umo\u017en\u00ed v\u00e1m sestavit pl\u00e1n st\u011bhov\u00e1n\u00ed s mo\u017enost\u00ed p\u0159izp\u016fsoben\u00ed po\u017eadovan\u00fdch slu\u017eeb. Pomohou v\u00e1m naj\u00edt ten spr\u00e1vn\u00fd pl\u00e1n st\u011bhov\u00e1n\u00ed, kter\u00fd bude vyhovovat va\u0161im pot\u0159eb\u00e1m, rozpo\u010dtu a \u010dasov\u00e9mu pl\u00e1nu.<\/p>\n<p>Webov\u00e9 str\u00e1nky: <a href=\"https:\/\/consermoving.com\" target=\"_blank\" rel=\"noopener\">https:\/\/consermoving.com<\/a><\/p>\n<h2><strong>2. DN Van Lines<\/strong><\/h2>\n<p><img loading=\"lazy\" decoding=\"async\" class=\"alignnone size-full wp-image-11307\" src=\"https:\/\/moverdb.com\/wp-content\/uploads\/DN-Van-Lines-international-moving-company.png\" alt=\"DN Van Lines mezin\u00e1rodn\u00ed st\u011bhov\u00e1n\u00ed spole\u010dnost\" width=\"1440\" height=\"670\" data-wp-pid=\"11307\" srcset=\"https:\/\/moverdb.com\/wp-content\/uploads\/DN-Van-Lines-international-moving-company.png 1440w, https:\/\/moverdb.com\/wp-content\/uploads\/DN-Van-Lines-international-moving-company-300x140.png 300w, https:\/\/moverdb.com\/wp-content\/uploads\/DN-Van-Lines-international-moving-company-1024x476.png 1024w, https:\/\/moverdb.com\/wp-content\/uploads\/DN-Van-Lines-international-moving-company-18x8.png 18w, https:\/\/moverdb.com\/wp-content\/uploads\/DN-Van-Lines-international-moving-company-600x279.png 600w\" sizes=\"auto, (max-width: 1440px) 100vw, 1440px\" \/><\/p>\n<ul>\n<li>M\u00edstn\u00ed a mezist\u00e1tn\u00ed p\u0159esuny<\/li>\n<li>Mezin\u00e1rodn\u00ed p\u0159esuny<\/li>\n<li>St\u011bhov\u00e1n\u00ed dom\u00e1cnost\u00ed<\/li>\n<li>St\u011bhov\u00e1n\u00ed kancel\u00e1\u0159\u00ed a obchodn\u00edch prostor<\/li>\n<li>Mana\u017eer osobn\u00edho st\u011bhov\u00e1n\u00ed<\/li>\n<li>Balic\u00ed slu\u017eby<\/li>\n<li>Spr\u00e1va z\u00e1sob<\/li>\n<li>Uspo\u0159\u00e1d\u00e1n\u00ed dopravy<\/li>\n<li>Poji\u0161t\u011bn\u00ed<\/li>\n<li>Skladovac\u00ed slu\u017eby<\/li>\n<\/ul>\n<p>DN Van Lines je st\u011bhovac\u00ed a skladovac\u00ed spole\u010dnost zalo\u017een\u00e1 v roce 2001 s pobo\u010dkami v Jacksonville, <a href=\"https:\/\/moverdb.com\/cs\/moving-to-the-united-states\/moving-to-massachusetts\/\" data-internallinksmanager029f6b8e52c=\"412\" title=\"St\u011bhujete se do Massachusetts? 2026 N\u00e1klady na bydlen\u00ed a tipy na st\u011bhov\u00e1n\u00ed\">Massachusetts<\/a> a <a href=\"https:\/\/moverdb.com\/cs\/moving-to-the-united-states\/moving-to-virginia\/\" data-internallinksmanager029f6b8e52c=\"442\" title=\"St\u011bhov\u00e1n\u00ed do Virginie? 2026 N\u00e1klady na bydlen\u00ed a tipy na p\u0159est\u011bhov\u00e1n\u00ed\">Virginia<\/a>. Spolupracuj\u00ed s d\u016fv\u011bryhodnou s\u00edt\u00ed poskytovatel\u016f st\u011bhovac\u00edch slu\u017eeb po cel\u00e9m sv\u011bt\u011b, kte\u0159\u00ed jim pom\u00e1haj\u00ed. Jsou \u010dlenem IAM se 14 lety zku\u0161enost\u00ed.<\/p>\n<p>Spole\u010dnost DN Van Lines nab\u00edz\u00ed bezplatn\u00fd odhad a prohl\u00eddku v m\u00edst\u011b bydli\u0161t\u011b nebo virtu\u00e1ln\u00ed prohl\u00eddku pro posouzen\u00ed va\u0161ich po\u017eadavk\u016f na st\u011bhov\u00e1n\u00ed. Poskytuj\u00ed osobn\u00edho mana\u017eera st\u011bhov\u00e1n\u00ed, kter\u00fd vytvo\u0159\u00ed podrobn\u00fd pl\u00e1n st\u011bhov\u00e1n\u00ed na m\u00edru va\u0161im pot\u0159eb\u00e1m a bude v\u00e1m pom\u00e1hat po celou dobu st\u011bhov\u00e1n\u00ed. Poskytuj\u00ed balic\u00ed slu\u017eby, kter\u00e9 zahrnuj\u00ed podrobn\u00fd soupis va\u0161ich v\u011bc\u00ed.<\/p>\n<p>Webov\u00e9 str\u00e1nky: <a href=\"http:\/\/www.dnvanlines.com\" target=\"_blank\" rel=\"noopener\">http:\/\/www.dnvanlines.com<\/a><\/p>\n<h2><strong>3. Suddath<\/strong><\/h2>\n<p><img loading=\"lazy\" decoding=\"async\" class=\"alignnone size-full wp-image-11450\" src=\"https:\/\/moverdb.com\/wp-content\/uploads\/Suddath-international-moving-company.png\" alt=\"Suddath mezin\u00e1rodn\u00ed st\u011bhov\u00e1n\u00ed spole\u010dnost\" width=\"1440\" height=\"677\" data-wp-pid=\"11450\" srcset=\"https:\/\/moverdb.com\/wp-content\/uploads\/Suddath-international-moving-company.png 1440w, https:\/\/moverdb.com\/wp-content\/uploads\/Suddath-international-moving-company-300x141.png 300w, https:\/\/moverdb.com\/wp-content\/uploads\/Suddath-international-moving-company-1024x481.png 1024w, https:\/\/moverdb.com\/wp-content\/uploads\/Suddath-international-moving-company-18x8.png 18w, https:\/\/moverdb.com\/wp-content\/uploads\/Suddath-international-moving-company-600x282.png 600w\" sizes=\"auto, (max-width: 1440px) 100vw, 1440px\" \/><\/p>\n<ul>\n<li>M\u00edstn\u00ed a d\u00e1lkov\u00e9 p\u0159esuny<\/li>\n<li>Mezin\u00e1rodn\u00ed p\u0159esuny<\/li>\n<li>St\u011bhov\u00e1n\u00ed dom\u00e1cnost\u00ed<\/li>\n<li>Komer\u010dn\u00ed p\u0159esuny<\/li>\n<li>Komplexn\u00ed slu\u017eba<\/li>\n<li>Balic\u00ed slu\u017eba<\/li>\n<li>Celn\u00ed podpora<\/li>\n<li>P\u0159eprava vozidel a dom\u00e1c\u00edch zv\u00ed\u0159at<\/li>\n<li>Poji\u0161t\u011bn\u00ed<\/li>\n<li>Kr\u00e1tkodob\u00e9 a dlouhodob\u00e9 skladov\u00e1n\u00ed<\/li>\n<\/ul>\n<p>Suddath je st\u011bhovac\u00ed a logistick\u00e1 spole\u010dnost, kter\u00e1 byla zalo\u017eena v roce 1919 v Jacksonville a m\u00e1 dal\u0161\u00edch 19 pobo\u010dek v USA. <a href=\"https:\/\/moverdb.com\/cs\/moving-to-the-united-states\/\" data-internallinksmanager029f6b8e52c=\"94\" title=\"St\u011bhujete se do Spojen\u00fdch st\u00e1t\u016f? 2022 \u017divotn\u00ed n\u00e1klady a tipy na st\u011bhov\u00e1n\u00ed\">US<\/a>. Maj\u00ed glob\u00e1ln\u00ed partnerskou s\u00ed\u0165 prov\u011b\u0159en\u00fdch a zaveden\u00fdch spole\u010dnost\u00ed, kter\u00e1 jim pom\u00e1h\u00e1 poskytovat komplexn\u00ed slu\u017eby do 180 zem\u00ed sv\u011bta. Jsou \u010dlenem IAM se 104 lety zku\u0161enost\u00ed.<\/p>\n<p>Spole\u010dnost Suddath poskytuje komplexn\u00ed slu\u017eby pro v\u0161echny va\u0161e pot\u0159eby v oblasti st\u011bhov\u00e1n\u00ed se specializovan\u00fdm poradcem, kter\u00fd v\u00e1s podpo\u0159\u00ed v ka\u017ed\u00e9m kroku a v r\u00e1mci rozpo\u010dtu. Poskytuj\u00ed individu\u00e1ln\u00ed p\u0159\u00edstup a provedou v\u00e1s celn\u00edmi z\u00e1le\u017eitostmi, dokumentac\u00ed a poji\u0161t\u011bn\u00edm. Nab\u00edzej\u00ed tak\u00e9 dopl\u0148kov\u00e9 slu\u017eby v\u010detn\u011b zabydlov\u00e1n\u00ed a slu\u017eeb pokojsk\u00e9.<\/p>\n<p>Webov\u00e9 str\u00e1nky: <a href=\"https:\/\/suddath.com\" target=\"_blank\" rel=\"noopener\">https:\/\/suddath.com<\/a><\/p>","protected":false},"excerpt":{"rendered":"<p>If you are planning a move locally, nationally or internationally to or from Jacksonville you may want some assistance. Moving companies offer a variety of help including planning, packing, transportation, customs handling and unpacking services. Below we have compiled a list of Jacksonville based removal companies that are members of the International Association of Movers [&hellip;]<\/p>\n","protected":false},"author":4,"featured_media":11292,"parent":190,"menu_order":0,"comment_status":"closed","ping_status":"closed","template":"","meta":{"_genesis_hide_title":false,"_genesis_hide_breadcrumbs":false,"_genesis_hide_singular_image":false,"_genesis_hide_footer_widgets":false,"_genesis_custom_body_class":"","_genesis_custom_post_class":"","_genesis_layout":"","footnotes":""},"class_list":{"0":"post-11602","1":"page","2":"type-page","3":"status-publish","4":"has-post-thumbnail","6":"entry"},"_links":{"self":[{"href":"https:\/\/moverdb.com\/cs\/wp-json\/wp\/v2\/pages\/11602","targetHints":{"allow":["GET"]}}],"collection":[{"href":"https:\/\/moverdb.com\/cs\/wp-json\/wp\/v2\/pages"}],"about":[{"href":"https:\/\/moverdb.com\/cs\/wp-json\/wp\/v2\/types\/page"}],"author":[{"embeddable":true,"href":"https:\/\/moverdb.com\/cs\/wp-json\/wp\/v2\/users\/4"}],"replies":[{"embeddable":true,"href":"https:\/\/moverdb.com\/cs\/wp-json\/wp\/v2\/comments?post=11602"}],"version-history":[{"count":1,"href":"https:\/\/moverdb.com\/cs\/wp-json\/wp\/v2\/pages\/11602\/revisions"}],"predecessor-version":[{"id":11603,"href":"https:\/\/moverdb.com\/cs\/wp-json\/wp\/v2\/pages\/11602\/revisions\/11603"}],"up":[{"embeddable":true,"href":"https:\/\/moverdb.com\/cs\/wp-json\/wp\/v2\/pages\/190"}],"wp:featuredmedia":[{"embeddable":true,"href":"https:\/\/moverdb.com\/cs\/wp-json\/wp\/v2\/media\/11292"}],"wp:attachment":[{"href":"https:\/\/moverdb.com\/cs\/wp-json\/wp\/v2\/media?parent=11602"}],"curies":[{"name":"wp","href":"https:\/\/api.w.org\/{rel}","templated":true}]}}