{"id":11600,"date":"2023-11-29T10:45:01","date_gmt":"2023-11-29T10:45:01","guid":{"rendered":"https:\/\/moverdb.com\/?page_id=11600"},"modified":"2026-01-08T15:25:08","modified_gmt":"2026-01-08T15:25:08","slug":"moving-companies-us-indiana","status":"publish","type":"page","link":"https:\/\/moverdb.com\/cs\/moving-companies\/moving-companies-us-indiana\/","title":{"rendered":"5 nejlep\u0161\u00edch mezin\u00e1rodn\u00edch st\u011bhovac\u00edch spole\u010dnost\u00ed v Indian\u011b"},"content":{"rendered":"<p>St\u011bhov\u00e1n\u00ed m\u016f\u017ee b\u00fdt stresuj\u00edc\u00ed, proto\u017ee je t\u0159eba zvl\u00e1dnout spoustu v\u011bc\u00ed. To je d\u016fvod, pro\u010d mnoho lid\u00ed vyu\u017e\u00edv\u00e1 pomoc st\u011bhovac\u00ed firmy. <a href=\"https:\/\/moverdb.com\/cs\/moving-companies\/\" data-internallinksmanager029f6b8e52c=\"79\" title=\"Top 25 Mezin\u00e1rodn\u00ed st\u011bhovac\u00ed spole\u010dnosti Online\">st\u011bhovac\u00ed spole\u010dnost<\/a> proto\u017ee mohou \u0159\u00eddit st\u011bhov\u00e1n\u00ed, balit, p\u0159epravovat va\u0161e v\u011bci a vy\u0159izovat celn\u00ed postupy v p\u0159\u00edpad\u011b mezin\u00e1rodn\u00edho st\u011bhov\u00e1n\u00ed. N\u00ed\u017ee jsme sestavili seznam <a href=\"https:\/\/moverdb.com\/cs\/moving-to-the-united-states\/moving-to-indiana\/\" data-internallinksmanager029f6b8e52c=\"445\" title=\"St\u011bhov\u00e1n\u00ed do Indiany? 2026 N\u00e1klady na bydlen\u00ed a tipy na p\u0159est\u011bhov\u00e1n\u00ed\">Indiana<\/a> na adrese <a href=\"https:\/\/moverdb.com\/cs\/international-removals\/\" data-internallinksmanager029f6b8e52c=\"27\" title=\"36 nejlep\u0161\u00edch mezin\u00e1rodn\u00edch st\u011bhovac\u00edch spole\u010dnost\u00ed ve Velk\u00e9 Brit\u00e1nii\">st\u011bhovac\u00ed firmy<\/a> kter\u00e9 jsou \u010dleny <a href=\"https:\/\/moverdb.com\/cs\/iam\/\" data-internallinksmanager029f6b8e52c=\"23\" title=\"Vysv\u011btlen\u00ed Mezin\u00e1rodn\u00ed asociace st\u011bhov\u00e1k\u016f (IAM)\">Mezin\u00e1rodn\u00ed asociace st\u011bhov\u00e1k\u016f<\/a> (IAM) a\/nebo <a href=\"https:\/\/moverdb.com\/cs\/fidi-faim\/\" data-internallinksmanager029f6b8e52c=\"16\" title=\"Vysv\u011btlen\u00ed FIDI a FAIM (FIDI Accredited International Mover)\">FIDI<\/a> Akreditovan\u00e9 mezin\u00e1rodn\u00ed st\u011bhov\u00e1n\u00ed (FAIM), kter\u00e9 by v\u00e1m mohlo pomoci se st\u011bhov\u00e1n\u00edm.<\/p>\n<div id=\"ez-toc-container\" class=\"ez-toc-v2_0_82_2 ez-toc-wrap-left counter-hierarchy ez-toc-counter ez-toc-transparent ez-toc-container-direction\">\n<div class=\"ez-toc-title-container\">\n<p class=\"ez-toc-title\" style=\"cursor:inherit\">Sekce<\/p>\n<span class=\"ez-toc-title-toggle\"><a href=\"#\" class=\"ez-toc-pull-right ez-toc-btn ez-toc-btn-xs ez-toc-btn-default ez-toc-toggle\" aria-label=\"P\u0159epnut\u00ed tabulky obsahu\"><span class=\"ez-toc-js-icon-con\"><span class=\"\"><span class=\"eztoc-hide\" style=\"display:none;\">P\u0159ep\u00edna\u010d<\/span><span class=\"ez-toc-icon-toggle-span\"><svg style=\"fill: #999;color:#999\" xmlns=\"http:\/\/www.w3.org\/2000\/svg\" class=\"list-377408\" width=\"20px\" height=\"20px\" viewbox=\"0 0 24 24\" fill=\"none\"><path d=\"M6 6H4v2h2V6zm14 0H8v2h12V6zM4 11h2v2H4v-2zm16 0H8v2h12v-2zM4 16h2v2H4v-2zm16 0H8v2h12v-2z\" fill=\"currentColor\"><\/path><\/svg><svg style=\"fill: #999;color:#999\" class=\"arrow-unsorted-368013\" xmlns=\"http:\/\/www.w3.org\/2000\/svg\" width=\"10px\" height=\"10px\" viewbox=\"0 0 24 24\" version=\"1.2\" baseprofile=\"tiny\"><path d=\"M18.2 9.3l-6.2-6.3-6.2 6.3c-.2.2-.3.4-.3.7s.1.5.3.7c.2.2.4.3.7.3h11c.3 0 .5-.1.7-.3.2-.2.3-.5.3-.7s-.1-.5-.3-.7zM5.8 14.7l6.2 6.3 6.2-6.3c.2-.2.3-.5.3-.7s-.1-.5-.3-.7c-.2-.2-.4-.3-.7-.3h-11c-.3 0-.5.1-.7.3-.2.2-.3.5-.3.7s.1.5.3.7z\"\/><\/svg><\/span><\/span><\/span><\/a><\/span><\/div>\n<nav><ul class='ez-toc-list ez-toc-list-level-1 eztoc-toggle-hide-by-default' ><li class='ez-toc-page-1 ez-toc-heading-level-2'><a class=\"ez-toc-link ez-toc-heading-1\" href=\"https:\/\/moverdb.com\/cs\/moving-companies\/moving-companies-us-indiana\/#1_Atlas_International\" >1. Atlas International<\/a><\/li><li class='ez-toc-page-1 ez-toc-heading-level-2'><a class=\"ez-toc-link ez-toc-heading-2\" href=\"https:\/\/moverdb.com\/cs\/moving-companies\/moving-companies-us-indiana\/#2_Atlantic_Relocation_Systems\" >2. Atlantic Relocation Systems<\/a><\/li><li class='ez-toc-page-1 ez-toc-heading-level-2'><a class=\"ez-toc-link ez-toc-heading-3\" href=\"https:\/\/moverdb.com\/cs\/moving-companies\/moving-companies-us-indiana\/#3_Reindeer_Auto_Moving\" >3. Automatick\u00e9 st\u011bhov\u00e1n\u00ed sob\u016f<\/a><\/li><li class='ez-toc-page-1 ez-toc-heading-level-2'><a class=\"ez-toc-link ez-toc-heading-4\" href=\"https:\/\/moverdb.com\/cs\/moving-companies\/moving-companies-us-indiana\/#4_Wheaton_World_Wide_Moving\" >4. Wheaton World Wide Moving<\/a><\/li><li class='ez-toc-page-1 ez-toc-heading-level-2'><a class=\"ez-toc-link ez-toc-heading-5\" href=\"https:\/\/moverdb.com\/cs\/moving-companies\/moving-companies-us-indiana\/#5_Wickman_Worldwide_Services\" >5. Wickman Worldwide Services<\/a><\/li><\/ul><\/nav><\/div>\n<h2><span class=\"ez-toc-section\" id=\"1_Atlas_International\"><\/span><strong>1. Atlas International<\/strong><span class=\"ez-toc-section-end\"><\/span><\/h2>\n<p><img loading=\"lazy\" decoding=\"async\" class=\"alignnone size-full wp-image-11263\" src=\"https:\/\/moverdb.com\/wp-content\/uploads\/Atlas-International-moving-company-3.png\" alt=\"Atlas International st\u011bhov\u00e1n\u00ed spole\u010dnost\" width=\"1440\" height=\"676\" data-wp-pid=\"11263\" srcset=\"https:\/\/moverdb.com\/wp-content\/uploads\/Atlas-International-moving-company-3.png 1440w, https:\/\/moverdb.com\/wp-content\/uploads\/Atlas-International-moving-company-3-300x141.png 300w, https:\/\/moverdb.com\/wp-content\/uploads\/Atlas-International-moving-company-3-1024x481.png 1024w, https:\/\/moverdb.com\/wp-content\/uploads\/Atlas-International-moving-company-3-18x8.png 18w, https:\/\/moverdb.com\/wp-content\/uploads\/Atlas-International-moving-company-3-600x282.png 600w\" sizes=\"auto, (max-width: 1440px) 100vw, 1440px\" \/><\/p>\n<ul>\n<li>Mezin\u00e1rodn\u00ed st\u011bhov\u00e1n\u00ed<\/li>\n<li>St\u011bhov\u00e1n\u00ed obytn\u00fdch budov<\/li>\n<li>St\u011bhov\u00e1n\u00ed firem<\/li>\n<li>Slu\u017eba od dve\u0159\u00ed ke dve\u0159\u00edm<\/li>\n<li>Profesion\u00e1ln\u00ed balic\u00ed slu\u017eby<\/li>\n<li>N\u00e1mo\u0159n\u00ed a leteck\u00e1 doprava<\/li>\n<li>V\u00fdb\u011br mo\u017enost\u00ed kontejner\u016f<\/li>\n<li>Celn\u00ed odbaven\u00ed<\/li>\n<li>Pl\u00e1ny ochrany<\/li>\n<li>Skladovac\u00ed prostory<\/li>\n<\/ul>\n<p>Atlas International je mezin\u00e1rodn\u00ed st\u011bhovac\u00ed spole\u010dnost zalo\u017een\u00e1 v roce 1960 se s\u00eddlem v Evansville. Disponuje rozs\u00e1hlou celosv\u011btovou s\u00edt\u00ed, kter\u00e1 j\u00ed pom\u00e1h\u00e1 poskytovat st\u011bhovac\u00ed slu\u017eby po cel\u00e9m sv\u011bt\u011b. Je \u010dlenem IAM s 38 lety zku\u0161enost\u00ed a je akreditov\u00e1na u FIDI.<\/p>\n<p>Spole\u010dnost Atlas International nab\u00edz\u00ed bezplatnou prohl\u00eddku a odhad st\u011bhov\u00e1n\u00ed. Vytvo\u0159\u00ed v\u00e1m pl\u00e1n st\u011bhov\u00e1n\u00ed na m\u00edru, kter\u00fd v\u00e1m poskytne kompletn\u00ed st\u011bhovac\u00ed slu\u017eby. Poskytuj\u00ed st\u011bhovac\u00ed slu\u017eby od dve\u0159\u00ed ke dve\u0159\u00edm s podporou odborn\u00edk\u016f na mezin\u00e1rodn\u00ed st\u011bhov\u00e1n\u00ed. Poskytuj\u00ed balic\u00ed slu\u017eby, kter\u00e9 chr\u00e1n\u00ed va\u0161e v\u011bci, a k\u0159ehk\u00fdm p\u0159edm\u011bt\u016fm v\u011bnuj\u00ed zvl\u00e1\u0161tn\u00ed p\u00e9\u010di.<\/p>\n<p>Webov\u00e9 str\u00e1nky: <a href=\"https:\/\/www.atlasintl.com\/\" target=\"_blank\" rel=\"noopener\">https:\/\/www.atlasintl.com\/<\/a><\/p>\n<h2><span class=\"ez-toc-section\" id=\"2_Atlantic_Relocation_Systems\"><\/span><strong>2. Atlantic Relocation Systems<\/strong><span class=\"ez-toc-section-end\"><\/span><\/h2>\n<p><img loading=\"lazy\" decoding=\"async\" class=\"alignnone size-full wp-image-11262\" src=\"https:\/\/moverdb.com\/wp-content\/uploads\/Atlantic-Relocation-Systems-international-moving-company.png\" alt=\"Atlantic Relocation Systems mezin\u00e1rodn\u00ed st\u011bhov\u00e1n\u00ed spole\u010dnost\" width=\"1440\" height=\"677\" data-wp-pid=\"11262\" srcset=\"https:\/\/moverdb.com\/wp-content\/uploads\/Atlantic-Relocation-Systems-international-moving-company.png 1440w, https:\/\/moverdb.com\/wp-content\/uploads\/Atlantic-Relocation-Systems-international-moving-company-300x141.png 300w, https:\/\/moverdb.com\/wp-content\/uploads\/Atlantic-Relocation-Systems-international-moving-company-1024x481.png 1024w, https:\/\/moverdb.com\/wp-content\/uploads\/Atlantic-Relocation-Systems-international-moving-company-18x8.png 18w, https:\/\/moverdb.com\/wp-content\/uploads\/Atlantic-Relocation-Systems-international-moving-company-600x282.png 600w\" sizes=\"auto, (max-width: 1440px) 100vw, 1440px\" \/><\/p>\n<ul>\n<li>M\u00edstn\u00ed a d\u00e1lkov\u00e9 p\u0159esuny<\/li>\n<li>Mezin\u00e1rodn\u00ed p\u0159esuny<\/li>\n<li>St\u011bhov\u00e1n\u00ed dom\u00e1cnost\u00ed<\/li>\n<li>St\u011bhov\u00e1n\u00ed kancel\u00e1\u0159\u00ed<\/li>\n<li>P\u0159id\u011blen\u00fd koordin\u00e1tor p\u0159em\u00edst\u011bn\u00ed<\/li>\n<li>Balic\u00ed slu\u017eba<\/li>\n<li>Silni\u010dn\u00ed, leteck\u00e1 a n\u00e1mo\u0159n\u00ed n\u00e1kladn\u00ed doprava<\/li>\n<li>Podpora v oblasti cel<\/li>\n<li>Manipulace s um\u011bleck\u00fdmi d\u00edly<\/li>\n<li>\u0158e\u0161en\u00ed pro ukl\u00e1d\u00e1n\u00ed dat<\/li>\n<\/ul>\n<p>Atlantic Relocation Systems je st\u011bhovac\u00ed spole\u010dnost nab\u00edzej\u00edc\u00ed mezin\u00e1rodn\u00ed st\u011bhovac\u00ed slu\u017eby, kter\u00e1 vznikla v roce 1984 a m\u00e1 13 pobo\u010dek v\u010detn\u011b jedn\u00e9 v Indianapolis. Jako sou\u010d\u00e1st skupiny Atlas Van Lines maj\u00ed p\u0159\u00edstup k s\u00edti <a href=\"https:\/\/moverdb.com\/cs\/moving-to-the-united-states\/\" data-internallinksmanager029f6b8e52c=\"94\" title=\"St\u011bhujete se do Spojen\u00fdch st\u00e1t\u016f? 2022 \u017divotn\u00ed n\u00e1klady a tipy na st\u011bhov\u00e1n\u00ed\">US<\/a> st\u011bhovac\u00ed spole\u010dnosti a tak\u00e9 \u0161ir\u0161\u00ed mezin\u00e1rodn\u00ed s\u00ed\u0165, kter\u00e1 jim pom\u00e1h\u00e1. Je \u010dlenem IAM s 35 lety zku\u0161enost\u00ed.<\/p>\n<p>Spole\u010dnost Atlantic Relocation Systems nab\u00edz\u00ed m\u00edstn\u00ed a d\u00e1lkov\u00e9 st\u011bhovac\u00ed slu\u017eby, u kter\u00fdch poskytuje bezplatn\u00fd odhad. V p\u0159\u00edpad\u011b mezin\u00e1rodn\u00edho st\u011bhov\u00e1n\u00ed poskytuje koordin\u00e1tora mezin\u00e1rodn\u00edho st\u011bhov\u00e1n\u00ed, kter\u00fd \u0159\u00edd\u00ed st\u011bhov\u00e1n\u00ed po celou dobu. Poskytuj\u00ed komplexn\u00ed balic\u00ed, p\u0159epravn\u00ed a dokumenta\u010dn\u00ed slu\u017eby.<\/p>\n<p>Webov\u00e9 str\u00e1nky: <a href=\"http:\/\/www.atlanticrelocation.com\" target=\"_blank\" rel=\"noopener\">http:\/\/www.atlanticrelocation.com<\/a><\/p>\n<h2><span class=\"ez-toc-section\" id=\"3_Reindeer_Auto_Moving\"><\/span><strong>3. Automatick\u00e9 st\u011bhov\u00e1n\u00ed sob\u016f<\/strong><span class=\"ez-toc-section-end\"><\/span><\/h2>\n<p><img loading=\"lazy\" decoding=\"async\" class=\"alignnone size-full wp-image-11420\" src=\"https:\/\/moverdb.com\/wp-content\/uploads\/Reindeer-Auto-Relocation-international-moving-company.png\" alt=\"Reindeer Auto Relocation mezin\u00e1rodn\u00ed st\u011bhov\u00e1n\u00ed spole\u010dnost\" width=\"1440\" height=\"662\" data-wp-pid=\"11420\" srcset=\"https:\/\/moverdb.com\/wp-content\/uploads\/Reindeer-Auto-Relocation-international-moving-company.png 1440w, https:\/\/moverdb.com\/wp-content\/uploads\/Reindeer-Auto-Relocation-international-moving-company-300x138.png 300w, https:\/\/moverdb.com\/wp-content\/uploads\/Reindeer-Auto-Relocation-international-moving-company-1024x471.png 1024w, https:\/\/moverdb.com\/wp-content\/uploads\/Reindeer-Auto-Relocation-international-moving-company-18x8.png 18w, https:\/\/moverdb.com\/wp-content\/uploads\/Reindeer-Auto-Relocation-international-moving-company-600x276.png 600w\" sizes=\"auto, (max-width: 1440px) 100vw, 1440px\" \/><\/p>\n<ul>\n<li>Specialista na p\u0159emis\u0165ov\u00e1n\u00ed vozidel<\/li>\n<li>Vnitrost\u00e1tn\u00ed p\u0159em\u00edst\u011bn\u00ed<\/li>\n<li>Mezin\u00e1rodn\u00ed st\u011bhov\u00e1n\u00ed<\/li>\n<li>Individu\u00e1ln\u00ed p\u0159em\u00edst\u011bn\u00ed<\/li>\n<li>St\u011bhov\u00e1n\u00ed firem<\/li>\n<li>Individu\u00e1ln\u00ed slu\u017eby<\/li>\n<li>Slu\u017eba od dve\u0159\u00ed ke dve\u0159\u00edm<\/li>\n<li>Bezpe\u010dn\u00e1 p\u0159eprava<\/li>\n<li>Slu\u017eba sledov\u00e1n\u00ed<\/li>\n<li>Poji\u0161t\u011bn\u00ed<\/li>\n<\/ul>\n<p>Reindeer Auto Moving je n\u00e1rodn\u00ed a mezin\u00e1rodn\u00ed spole\u010dnost zab\u00fdvaj\u00edc\u00ed se st\u011bhov\u00e1n\u00edm a p\u0159epravou zbo\u017e\u00ed, kter\u00e1 p\u016fsob\u00ed od roku 1997 a s\u00eddl\u00ed ve m\u011bst\u011b Zionsville. Disponuje rozs\u00e1hlou s\u00edt\u00ed renomovan\u00fdch a poji\u0161t\u011bn\u00fdch dopravc\u016f, kte\u0159\u00ed jim pom\u00e1haj\u00ed poskytovat slu\u017eby na n\u00e1rodn\u00ed i mezin\u00e1rodn\u00ed \u00farovni. Jsou \u010dlenem IAM se sedmiletou zku\u0161enost\u00ed.<\/p>\n<p>Spole\u010dnost Reindeer Auto Moving nab\u00edz\u00ed individu\u00e1ln\u00ed slu\u017eby v oblasti st\u011bhov\u00e1n\u00ed vozidel se slu\u017ebou door-to-door. Vyzvedne a bezpe\u010dn\u011b doprav\u00ed va\u0161e vozidlo na m\u00edsto ur\u010den\u00ed a z\u00e1rove\u0148 sleduje pr\u016fb\u011bh cel\u00e9ho procesu. Nab\u00edzej\u00ed garantovan\u00e9 term\u00edny vyzvednut\u00ed a doru\u010den\u00ed s vyu\u017eit\u00edm otev\u0159en\u00fdch nebo uzav\u0159en\u00fdch p\u0159epravn\u00edch mo\u017enost\u00ed.<\/p>\n<p>Webov\u00e9 str\u00e1nky: <a href=\"http:\/\/www.reindeerauto.com\" target=\"_blank\" rel=\"noopener\">http:\/\/www.reindeerauto.com<\/a><\/p>\n<h2><span class=\"ez-toc-section\" id=\"4_Wheaton_World_Wide_Moving\"><\/span><strong>4. Wheaton World Wide Moving<\/strong><span class=\"ez-toc-section-end\"><\/span><\/h2>\n<p><img loading=\"lazy\" decoding=\"async\" class=\"alignnone size-full wp-image-11478\" src=\"https:\/\/moverdb.com\/wp-content\/uploads\/Wheaton-World-Wide-Moving-international-moving-company.png\" alt=\"Wheaton World Wide Moving mezin\u00e1rodn\u00ed st\u011bhov\u00e1n\u00ed spole\u010dnost\" width=\"1440\" height=\"677\" data-wp-pid=\"11478\" srcset=\"https:\/\/moverdb.com\/wp-content\/uploads\/Wheaton-World-Wide-Moving-international-moving-company.png 1440w, https:\/\/moverdb.com\/wp-content\/uploads\/Wheaton-World-Wide-Moving-international-moving-company-300x141.png 300w, https:\/\/moverdb.com\/wp-content\/uploads\/Wheaton-World-Wide-Moving-international-moving-company-1024x481.png 1024w, https:\/\/moverdb.com\/wp-content\/uploads\/Wheaton-World-Wide-Moving-international-moving-company-18x8.png 18w, https:\/\/moverdb.com\/wp-content\/uploads\/Wheaton-World-Wide-Moving-international-moving-company-600x282.png 600w\" sizes=\"auto, (max-width: 1440px) 100vw, 1440px\" \/><\/p>\n<ul>\n<li>M\u00edstn\u00ed a d\u00e1lkov\u00e9 p\u0159esuny<\/li>\n<li>Mezin\u00e1rodn\u00ed p\u0159esuny<\/li>\n<li>St\u011bhov\u00e1n\u00ed dom\u00e1cnost\u00ed<\/li>\n<li>Komer\u010dn\u00ed p\u0159esuny<\/li>\n<li>St\u011bhov\u00e1n\u00ed firem<\/li>\n<li>Balic\u00ed slu\u017eby<\/li>\n<li>Dopravn\u00ed opat\u0159en\u00ed<\/li>\n<li><a href=\"https:\/\/moverdb.com\/cs\/car-transport-shipping\/\" data-internallinksmanager029f6b8e52c=\"2\" title=\"2026 Mezin\u00e1rodn\u00ed p\u0159eprava automobil\u016f &amp; P\u0159eprava vozidel Citace\">P\u0159eprava vozidel<\/a><\/li>\n<li>Pl\u00e1ny ochrany<\/li>\n<li>Kr\u00e1tkodob\u00e9 a dlouhodob\u00e9 skladov\u00e1n\u00ed<\/li>\n<\/ul>\n<p>Wheaton World Wide Moving je mezin\u00e1rodn\u00ed st\u011bhovac\u00ed spole\u010dnost zalo\u017een\u00e1 v roce 1945 se s\u00eddlem v Indianapolis. P\u016fsob\u00ed prost\u0159ednictv\u00edm s\u00edt\u011b agent\u016f, kte\u0159\u00ed pokr\u00fdvaj\u00ed \u00fazem\u00ed USA a byli prov\u011b\u0159eni, aby bylo zaji\u0161t\u011bno, \u017ee spl\u0148uj\u00ed vysok\u00e9 standardy. Je \u010dlenem IAM a m\u00e1 78 let zku\u0161enost\u00ed.<\/p>\n<p>Wheaton World Wide Moving je st\u011bhovac\u00ed spole\u010dnost s kompletn\u00edmi slu\u017ebami, kter\u00e1 v\u00e1m p\u0159id\u011bl\u00ed specializovan\u00e9ho mana\u017eera st\u011bhov\u00e1n\u00ed. Za\u010d\u00edn\u00e1 se odhadem na m\u00edst\u011b nebo virtu\u00e1ln\u00edm odhadem, aby se zjistil objem va\u0161eho st\u011bhov\u00e1n\u00ed. Nab\u00edz\u00ed balic\u00ed slu\u017ebu, kter\u00e1 se m\u016f\u017ee t\u00fdkat v\u0161ech va\u0161ich v\u011bc\u00ed nebo jen k\u0159ehk\u00fdch a choulostiv\u00fdch p\u0159edm\u011bt\u016f.<\/p>\n<p>Webov\u00e9 str\u00e1nky: <a href=\"http:\/\/www.wheatonworldwide.com\" target=\"_blank\" rel=\"noopener\">http:\/\/www.wheatonworldwide.com<\/a><\/p>\n<h2><span class=\"ez-toc-section\" id=\"5_Wickman_Worldwide_Services\"><\/span><strong>5. Wickman Worldwide Services<\/strong><span class=\"ez-toc-section-end\"><\/span><\/h2>\n<p><img loading=\"lazy\" decoding=\"async\" class=\"alignnone size-full wp-image-11479\" src=\"https:\/\/moverdb.com\/wp-content\/uploads\/Wickman-Worldwide-Services-international-moving-company.png\" alt=\"Wickman Worldwide Services mezin\u00e1rodn\u00ed st\u011bhov\u00e1n\u00ed spole\u010dnost\" width=\"1440\" height=\"675\" data-wp-pid=\"11479\" srcset=\"https:\/\/moverdb.com\/wp-content\/uploads\/Wickman-Worldwide-Services-international-moving-company.png 1440w, https:\/\/moverdb.com\/wp-content\/uploads\/Wickman-Worldwide-Services-international-moving-company-300x141.png 300w, https:\/\/moverdb.com\/wp-content\/uploads\/Wickman-Worldwide-Services-international-moving-company-1024x480.png 1024w, https:\/\/moverdb.com\/wp-content\/uploads\/Wickman-Worldwide-Services-international-moving-company-18x8.png 18w, https:\/\/moverdb.com\/wp-content\/uploads\/Wickman-Worldwide-Services-international-moving-company-600x281.png 600w\" sizes=\"auto, (max-width: 1440px) 100vw, 1440px\" \/><\/p>\n<ul>\n<li>Mezin\u00e1rodn\u00ed p\u0159esuny<\/li>\n<li>St\u011bhov\u00e1n\u00ed dom\u00e1cnost\u00ed<\/li>\n<li>Pr\u016fzkum p\u0159ed st\u011bhov\u00e1n\u00edm<\/li>\n<li>Profesion\u00e1ln\u00ed balic\u00ed slu\u017eby<\/li>\n<li>N\u00e1kladn\u00ed, \u017eelezni\u010dn\u00ed, n\u00e1mo\u0159n\u00ed a leteck\u00e1 doprava<\/li>\n<li>Celn\u00ed odbaven\u00ed<\/li>\n<li>P\u0159eprava vozidel<\/li>\n<li>Slu\u017eby t\u0159et\u00edch stran jako voliteln\u00e9 dopl\u0148ky<\/li>\n<li>Poji\u0161t\u011bn\u00ed<\/li>\n<li>Zabezpe\u010den\u00e9 skladov\u00e1n\u00ed<\/li>\n<\/ul>\n<p>Wickman Worldwide Services je mezin\u00e1rodn\u00ed st\u011bhov\u00e1n\u00ed a <a href=\"https:\/\/moverdb.com\/cs\/shipping-companies\/\" data-internallinksmanager029f6b8e52c=\"4\" title=\"10 nejlep\u0161\u00edch mezin\u00e1rodn\u00edch kontejnerov\u00fdch p\u0159epravn\u00edch spole\u010dnost\u00ed\">p\u0159epravn\u00ed spole\u010dnost<\/a> zalo\u017een\u00e1 v roce 1997 se s\u00eddlem v Indianapolis. Jejich agenturn\u00ed s\u00ed\u0165 se rozprost\u00edr\u00e1 ve v\u00edce ne\u017e 150 zem\u00edch a pom\u00e1h\u00e1 jim zaji\u0161\u0165ovat st\u011bhov\u00e1n\u00ed po cel\u00e9m sv\u011bt\u011b. Jsou \u010dlenem IAM s 26 lety zku\u0161enost\u00ed.<\/p>\n<p>Spole\u010dnost Wickman Worldwide Services nab\u00edz\u00ed p\u0159ed st\u011bhov\u00e1n\u00edm podrobn\u00fd pr\u016fzkum, aby zjistila va\u0161e po\u017eadavky a vytvo\u0159ila nab\u00eddku na m\u00edru. Nab\u00edz\u00ed profesion\u00e1ln\u00ed balic\u00ed slu\u017eby s kvalifikovan\u00fdmi a poji\u0161t\u011bn\u00fdmi st\u011bhov\u00e1ky, kte\u0159\u00ed bezpe\u010dn\u011b zabal\u00ed va\u0161e v\u011bci pro st\u011bhov\u00e1n\u00ed. Zajist\u00ed p\u0159epravu kamionem, po \u017eeleznici, po mo\u0159i nebo letecky s celn\u00edm odbaven\u00edm a po p\u0159\u00edjezdu vybal\u00ed a smontuje n\u00e1bytek.<\/p>\n<p>Webov\u00e9 str\u00e1nky: <a href=\"http:\/\/wickmanworldwide.com\" target=\"_blank\" rel=\"noopener\">http:\/\/wickmanworldwide.com<\/a><\/p>","protected":false},"excerpt":{"rendered":"<p>Moving can be a stressful time with so many things to juggle. This is why many people enlist the help of a moving company as they can manage the move, pack, transport your belongings and sort out customs processes if moving internationally. Below we have compiled a list of Indiana based removal companies that are [&hellip;]<\/p>\n","protected":false},"author":4,"featured_media":11263,"parent":190,"menu_order":0,"comment_status":"closed","ping_status":"closed","template":"","meta":{"_genesis_hide_title":false,"_genesis_hide_breadcrumbs":false,"_genesis_hide_singular_image":false,"_genesis_hide_footer_widgets":false,"_genesis_custom_body_class":"","_genesis_custom_post_class":"","_genesis_layout":"","footnotes":""},"class_list":{"0":"post-11600","1":"page","2":"type-page","3":"status-publish","4":"has-post-thumbnail","6":"entry"},"_links":{"self":[{"href":"https:\/\/moverdb.com\/cs\/wp-json\/wp\/v2\/pages\/11600","targetHints":{"allow":["GET"]}}],"collection":[{"href":"https:\/\/moverdb.com\/cs\/wp-json\/wp\/v2\/pages"}],"about":[{"href":"https:\/\/moverdb.com\/cs\/wp-json\/wp\/v2\/types\/page"}],"author":[{"embeddable":true,"href":"https:\/\/moverdb.com\/cs\/wp-json\/wp\/v2\/users\/4"}],"replies":[{"embeddable":true,"href":"https:\/\/moverdb.com\/cs\/wp-json\/wp\/v2\/comments?post=11600"}],"version-history":[{"count":1,"href":"https:\/\/moverdb.com\/cs\/wp-json\/wp\/v2\/pages\/11600\/revisions"}],"predecessor-version":[{"id":11601,"href":"https:\/\/moverdb.com\/cs\/wp-json\/wp\/v2\/pages\/11600\/revisions\/11601"}],"up":[{"embeddable":true,"href":"https:\/\/moverdb.com\/cs\/wp-json\/wp\/v2\/pages\/190"}],"wp:featuredmedia":[{"embeddable":true,"href":"https:\/\/moverdb.com\/cs\/wp-json\/wp\/v2\/media\/11263"}],"wp:attachment":[{"href":"https:\/\/moverdb.com\/cs\/wp-json\/wp\/v2\/media?parent=11600"}],"curies":[{"name":"wp","href":"https:\/\/api.w.org\/{rel}","templated":true}]}}